{"id":123008,"date":"2022-04-10T12:17:12","date_gmt":"2022-04-10T10:17:20","guid":{"rendered":"https:\/\/tourtravelandmore.com\/?post_type=product&#038;p=123008"},"modified":"2024-04-25T20:42:04","modified_gmt":"2024-04-25T18:42:04","slug":"visite-privee-de-la-tour-de-londres","status":"publish","type":"product","link":"https:\/\/tourtravelandmore.com\/fr\/tours\/royaume-uni-fr\/londres-fr\/toutes-les-visites-et-activites-privees-fr-2\/visite-privee-de-la-tour-de-londres\/","title":{"rendered":"Visite priv\u00e9e a pied de la Tour de Londres"},"content":{"rendered":"<h2><b>Description de la Visite priv\u00e9e a pied de la Tour de Londres<\/b><\/h2>\n<p><span style=\"font-weight: 400;\">La visite de la Tour de Londres est une \u00e9tape incontournable de tout voyage dans la capitale britannique.\u00a0<\/span><\/p>\n<p><span style=\"font-weight: 400;\">Lors de notre visite priv\u00e9e de la Tour de Londres, vous aurez l&#8217;occasion d&#8217;explorer cette majestueuse forteresse, construite en 1066, en compagnie d&#8217;un guide expert et de vous plonger dans sa riche histoire.\u00a0<\/span><\/p>\n<p><span style=\"font-weight: 400;\">Vous pouvez fixer un point de rencontre avec votre guide priv\u00e9 pour commencer une visite pleine de magie, d&#8217;histoire et de myst\u00e8re. De plus, vous n&#8217;aurez pas \u00e0 faire la queue pour entrer dans la tour, car la visite comprend des billets d&#8217;entr\u00e9e exclusifs.\u00a0<\/span><\/p>\n<p><span style=\"font-weight: 400;\">Il s&#8217;agit d&#8217;une visite guid\u00e9e de deux heures au cours de laquelle le guide officiel vous racontera les histoires de torture, de trahisons et de d\u00e9capitations qui ont eu lieu dans ce monument myst\u00e9rieux.\u00a0<\/span><\/p>\n<p><span style=\"font-weight: 400;\">En outre, vous verrez de pr\u00e8s les joyaux inestimables de la couronne anglaise, comme le diamant connu sous le nom de Koh-i-Noor. Vous visiterez \u00e9galement le site o\u00f9 Anne Boleyn a \u00e9t\u00e9 emprisonn\u00e9e avant son ex\u00e9cution.<\/span><\/p>\n<p><span style=\"font-weight: 400;\">Chaque minute de cette visite est con\u00e7ue pour que vous profitiez au maximum de votre s\u00e9jour. C&#8217;est pourquoi nous vous montrerons des parties de la Tour de Londres qui ont \u00e9t\u00e9 utilis\u00e9es comme prisons, chambres de torture et zones d&#8217;ex\u00e9cution.\u00a0<\/span><\/p>\n<p><span style=\"font-weight: 400;\">Vous monterez les escaliers \u00e9troits avec votre guide personnel et entrerez dans certaines des pi\u00e8ces les plus sombres de l&#8217;histoire.\u00a0<\/span><\/p>\n<p><span style=\"font-weight: 400;\">Comme si cela ne suffisait pas, vous visiterez les appartements priv\u00e9s du roi Henry VIII avant de p\u00e9n\u00e9trer dans la myst\u00e9rieuse Tour Sanglante et dans la pi\u00e8ce o\u00f9 Sir Walter Raleigh a v\u00e9cu pendant dix ans.<\/span><\/p>\n<p><span style=\"font-weight: 400;\">Enfin, votre guide vous raccompagnera jusqu&#8217;\u00e0 l&#8217;entr\u00e9e de la tour pour poursuivre votre visite de la capitale du Royaume-Uni.<\/span><\/p>\n<h2><b>Points forts de Visite priv\u00e9e a pied de la Tour de Londres<\/b><\/h2>\n<p><span style=\"font-weight: 400;\">La Tour de Londres est sans aucun doute l&#8217;un des b\u00e2timents les plus c\u00e9l\u00e8bres du monde. Lors de notre visite priv\u00e9e, vous d\u00e9couvrirez cette ancienne citadelle d&#8217;une grande importance historique avec ses 900 ans d&#8217;histoire. C&#8217;est aussi un monument qui a servi de palais royal, de forteresse et de prison.\u00a0<\/span><\/p>\n<p><span style=\"font-weight: 400;\">Vous commencerez votre visite en retrouvant votre guide \u00e0 un point central de Londres ou \u00e0 l&#8217;entr\u00e9e de la tour. De l\u00e0, une grande aventure vous attend car nous vous emmenons vers les lieux d&#8217;int\u00e9r\u00eat suivants :\u00a0<\/span><\/p>\n<h3><span style=\"color: #d3af37;\"><b>La Tour sanglante<\/b><\/span><\/h3>\n<p><span style=\"font-weight: 400;\">C&#8217;est l&#8217;un des points de rep\u00e8re les plus embl\u00e9matiques de la Tour de Londres, car il est impr\u00e9gn\u00e9 d&#8217;une terrible histoire de sang et de trahison.\u00a0<\/span><\/p>\n<p><span style=\"font-weight: 400;\">On raconte que deux jeunes princes ont \u00e9t\u00e9 assassin\u00e9s ici par leur propre oncle pour les emp\u00eacher de monter sur le tr\u00f4ne. Leurs restes ont \u00e9t\u00e9 retrouv\u00e9s plusieurs si\u00e8cles plus tard.\u00a0<\/span><\/p>\n<h3><span style=\"color: #d3af37;\"><b>La salle des d\u00e9capitations\u00a0<\/b><\/span><\/h3>\n<p><span style=\"font-weight: 400;\">La Tour de Londres a servi de cadre \u00e0 certaines des plus c\u00e9l\u00e8bres ex\u00e9cutions de la couronne. L&#8217;une d&#8217;entre elles \u00e9tait celle de la propre femme d&#8217;Henry VIII, Anne Boleyn.\u00a0<\/span><\/p>\n<p><span style=\"font-weight: 400;\">C&#8217;est \u00e9galement l\u00e0 qu&#8217;a eu lieu l&#8217;ex\u00e9cution de la comtesse de Salisbury, Catherine Howard, entre autres personnages historiques.\u00a0<\/span><\/p>\n<h3><span style=\"color: #d3af37;\"><b>Les joyaux de la couronne\u00a0<\/b><\/span><\/h3>\n<p><span style=\"font-weight: 400;\">\u00c0 partir de 1303, les joyaux de la couronne anglaise ont \u00e9t\u00e9 transf\u00e9r\u00e9s de l&#8217;abbaye de Westminster \u00e0 la Tour de Londres pour une meilleure protection.\u00a0<\/span><\/p>\n<p><span style=\"font-weight: 400;\">Depuis lors, la Tour de Londres abrite une collection inestimable de sceptres, d&#8217;\u00e9p\u00e9es et de bijoux divers, soit plus de 23 000 pi\u00e8ces qui ont \u00e9t\u00e9 port\u00e9es par des monarques au cours de l&#8217;histoire.\u00a0<\/span><\/p>\n<p><span style=\"font-weight: 400;\">Vous pourrez \u00e9galement voir d&#8217;autres points parmi les plus attractifs et uniques de cette tour, comme, par exemple :\u00a0<\/span><\/p>\n<ul>\n<li><b>La Tour Blanche.<\/b><\/li>\n<li><b>Les corbeaux (l&#8217;histoire raconte que si les corbeaux de la Tour de Londres disparaissent, le royaume tombe).\u00a0<\/b><\/li>\n<li><b>La chapelle royale de Saint-Pierre et Vincula, entre autres sites.\u00a0<\/b><\/li>\n<\/ul>\n<p><span style=\"font-weight: 400;\">Il s&#8217;agira d&#8217;une visite guid\u00e9e riche en histoire et en r\u00e9cits fascinants.\u00a0<\/span><\/p>\n<p><span style=\"font-weight: 400;\">Si vous voulez en apprendre encore plus sur l&#8217;histoire de l&#8217;Angleterre, il est parfait de consulter les d\u00e9tails de notre <\/span><a href=\"https:\/\/tourtravelandmore.com\/fr\/tours\/royaume-uni-fr\/londres-fr\/toutes-les-visites-et-activites-privees-fr-2\/visite-privee-du-british-museum\/\"><span style=\"font-weight: 400;\">visite priv\u00e9e du British Museum. <\/span><\/a><\/p>\n","protected":false},"excerpt":{"rendered":"<p><span style=\"font-weight: 400;\">D\u00e9couvrez lors d&#8217;une visite priv\u00e9e de 2 heures la fascinante Tour de Londres, le ch\u00e2teau m\u00e9di\u00e9val qui a abrit\u00e9 certains des prisonniers les plus c\u00e9l\u00e8bres d&#8217;Angleterre, comme Anne Boleyn et Guy Fawkes. Elle abrite \u00e9galement certains des inestimables joyaux de la couronne d&#8217;Angleterre.<\/span><\/p>\n","protected":false},"featured_media":123084,"comment_status":"open","ping_status":"closed","template":"","meta":{"_acf_changed":false},"product_brand":[],"product_cat":[3545,3546,4117,4118],"product_tag":[],"class_list":{"0":"post-123008","1":"product","2":"type-product","3":"status-publish","4":"has-post-thumbnail","6":"product_cat-royaume-uni-fr","7":"product_cat-londres-fr","8":"product_cat-toutes-les-visites-et-activites-privees-fr-2","9":"product_cat-visites-touristiques","11":"first","12":"instock","13":"shipping-taxable","14":"purchasable","15":"product-type-simple"},"acf":[],"yoast_head":"<!-- This site is optimized with the Yoast SEO Premium plugin v25.3.1 (Yoast SEO v25.3.1) - https:\/\/yoast.com\/wordpress\/plugins\/seo\/ -->\n<title>Visite priv\u00e9e de la Tour de Londres en compagnie d&#039;un guide officiel priv\u00e9.<\/title>\n<meta name=\"description\" content=\"Explorez les tours de Londres lors d&#039;une visite priv\u00e9e avec un guide officiel pour d\u00e9couvrir tous les secrets que rec\u00e8le l&#039;un des monuments les plus c\u00e9l\u00e8bres du monde et site du patrimoine mondial.\" \/>\n<meta name=\"robots\" content=\"index, follow, max-snippet:-1, max-image-preview:large, max-video-preview:-1\" \/>\n<link rel=\"canonical\" href=\"https:\/\/tourtravelandmore.com\/fr\/tours\/royaume-uni-fr\/londres-fr\/toutes-les-visites-et-activites-privees-fr-2\/visite-privee-de-la-tour-de-londres\/\" \/>\n<meta property=\"og:locale\" content=\"fr_FR\" \/>\n<meta property=\"og:type\" content=\"article\" \/>\n<meta property=\"og:title\" content=\"Visite priv\u00e9e a pied de la Tour de Londres\" \/>\n<meta property=\"og:description\" content=\"Explorez les tours de Londres lors d&#039;une visite priv\u00e9e avec un guide officiel pour d\u00e9couvrir tous les secrets que rec\u00e8le l&#039;un des monuments les plus c\u00e9l\u00e8bres du monde et site du patrimoine mondial.\" \/>\n<meta property=\"og:url\" content=\"https:\/\/tourtravelandmore.com\/fr\/tours\/royaume-uni-fr\/londres-fr\/toutes-les-visites-et-activites-privees-fr-2\/visite-privee-de-la-tour-de-londres\/\" \/>\n<meta property=\"og:site_name\" content=\"Tour Travel And More\" \/>\n<meta property=\"article:publisher\" content=\"https:\/\/www.facebook.com\/tourtravelandmore\/\" \/>\n<meta property=\"article:modified_time\" content=\"2024-04-25T18:42:04+00:00\" \/>\n<meta property=\"og:image\" content=\"https:\/\/tourtravelandmore.com\/wp-content\/uploads\/2022\/04\/image3-5.jpg\" \/>\n\t<meta property=\"og:image:width\" content=\"900\" \/>\n\t<meta property=\"og:image:height\" content=\"680\" \/>\n\t<meta property=\"og:image:type\" content=\"image\/jpeg\" \/>\n<meta name=\"twitter:card\" content=\"summary_large_image\" \/>\n<meta name=\"twitter:site\" content=\"@TourTravel_More\" \/>\n<meta name=\"twitter:label1\" content=\"Dur\u00e9e de lecture estim\u00e9e\" \/>\n\t<meta name=\"twitter:data1\" content=\"3 minutes\" \/>\n<script type=\"application\/ld+json\" class=\"yoast-schema-graph\">{\"@context\":\"https:\/\/schema.org\",\"@graph\":[{\"@type\":\"WebPage\",\"@id\":\"https:\/\/tourtravelandmore.com\/fr\/tours\/royaume-uni-fr\/londres-fr\/toutes-les-visites-et-activites-privees-fr-2\/visite-privee-de-la-tour-de-londres\/\",\"url\":\"https:\/\/tourtravelandmore.com\/fr\/tours\/royaume-uni-fr\/londres-fr\/toutes-les-visites-et-activites-privees-fr-2\/visite-privee-de-la-tour-de-londres\/\",\"name\":\"Visite priv\u00e9e de la Tour de Londres en compagnie d'un guide officiel priv\u00e9.\",\"isPartOf\":{\"@id\":\"https:\/\/tourtravelandmore.com\/fr\/#website\"},\"primaryImageOfPage\":{\"@id\":\"https:\/\/tourtravelandmore.com\/fr\/tours\/royaume-uni-fr\/londres-fr\/toutes-les-visites-et-activites-privees-fr-2\/visite-privee-de-la-tour-de-londres\/#primaryimage\"},\"image\":{\"@id\":\"https:\/\/tourtravelandmore.com\/fr\/tours\/royaume-uni-fr\/londres-fr\/toutes-les-visites-et-activites-privees-fr-2\/visite-privee-de-la-tour-de-londres\/#primaryimage\"},\"thumbnailUrl\":\"https:\/\/tourtravelandmore.com\/wp-content\/uploads\/2022\/04\/image3-5.jpg\",\"datePublished\":\"2022-04-10T10:17:20+00:00\",\"dateModified\":\"2024-04-25T18:42:04+00:00\",\"description\":\"Explorez les tours de Londres lors d'une visite priv\u00e9e avec un guide officiel pour d\u00e9couvrir tous les secrets que rec\u00e8le l'un des monuments les plus c\u00e9l\u00e8bres du monde et site du patrimoine mondial.\",\"breadcrumb\":{\"@id\":\"https:\/\/tourtravelandmore.com\/fr\/tours\/royaume-uni-fr\/londres-fr\/toutes-les-visites-et-activites-privees-fr-2\/visite-privee-de-la-tour-de-londres\/#breadcrumb\"},\"inLanguage\":\"fr-FR\",\"potentialAction\":[{\"@type\":\"ReadAction\",\"target\":[\"https:\/\/tourtravelandmore.com\/fr\/tours\/royaume-uni-fr\/londres-fr\/toutes-les-visites-et-activites-privees-fr-2\/visite-privee-de-la-tour-de-londres\/\"]}]},{\"@type\":\"ImageObject\",\"inLanguage\":\"fr-FR\",\"@id\":\"https:\/\/tourtravelandmore.com\/fr\/tours\/royaume-uni-fr\/londres-fr\/toutes-les-visites-et-activites-privees-fr-2\/visite-privee-de-la-tour-de-londres\/#primaryimage\",\"url\":\"https:\/\/tourtravelandmore.com\/wp-content\/uploads\/2022\/04\/image3-5.jpg\",\"contentUrl\":\"https:\/\/tourtravelandmore.com\/wp-content\/uploads\/2022\/04\/image3-5.jpg\",\"width\":900,\"height\":680},{\"@type\":\"BreadcrumbList\",\"@id\":\"https:\/\/tourtravelandmore.com\/fr\/tours\/royaume-uni-fr\/londres-fr\/toutes-les-visites-et-activites-privees-fr-2\/visite-privee-de-la-tour-de-londres\/#breadcrumb\",\"itemListElement\":[{\"@type\":\"ListItem\",\"position\":1,\"name\":\"Home\",\"item\":\"https:\/\/tourtravelandmore.com\/fr\/\"},{\"@type\":\"ListItem\",\"position\":2,\"name\":\"Tours\",\"item\":\"https:\/\/tourtravelandmore.com\/fr\/tours\/\"},{\"@type\":\"ListItem\",\"position\":3,\"name\":\"Visite priv\u00e9e a pied de la Tour de Londres\"}]},{\"@type\":\"WebSite\",\"@id\":\"https:\/\/tourtravelandmore.com\/fr\/#website\",\"url\":\"https:\/\/tourtravelandmore.com\/fr\/\",\"name\":\"Tour Travel And More\",\"description\":\"Private sightseeing tours and luxury transfers in Spain\",\"publisher\":{\"@id\":\"https:\/\/tourtravelandmore.com\/fr\/#organization\"},\"potentialAction\":[{\"@type\":\"SearchAction\",\"target\":{\"@type\":\"EntryPoint\",\"urlTemplate\":\"https:\/\/tourtravelandmore.com\/fr\/?s={search_term_string}\"},\"query-input\":{\"@type\":\"PropertyValueSpecification\",\"valueRequired\":true,\"valueName\":\"search_term_string\"}}],\"inLanguage\":\"fr-FR\"},{\"@type\":\"Organization\",\"@id\":\"https:\/\/tourtravelandmore.com\/fr\/#organization\",\"name\":\"Tour Travel And More\",\"url\":\"https:\/\/tourtravelandmore.com\/fr\/\",\"logo\":{\"@type\":\"ImageObject\",\"inLanguage\":\"fr-FR\",\"@id\":\"https:\/\/tourtravelandmore.com\/fr\/#\/schema\/logo\/image\/\",\"url\":\"https:\/\/tourtravelandmore.com\/wp-content\/uploads\/2022\/12\/cropped-logo-cabecera-new.png\",\"contentUrl\":\"https:\/\/tourtravelandmore.com\/wp-content\/uploads\/2022\/12\/cropped-logo-cabecera-new.png\",\"width\":430,\"height\":61,\"caption\":\"Tour Travel And More\"},\"image\":{\"@id\":\"https:\/\/tourtravelandmore.com\/fr\/#\/schema\/logo\/image\/\"},\"sameAs\":[\"https:\/\/www.facebook.com\/tourtravelandmore\/\",\"https:\/\/x.com\/TourTravel_More\"]}]}<\/script>\n<!-- \/ Yoast SEO Premium plugin. -->","yoast_head_json":{"title":"Visite priv\u00e9e de la Tour de Londres en compagnie d'un guide officiel priv\u00e9.","description":"Explorez les tours de Londres lors d'une visite priv\u00e9e avec un guide officiel pour d\u00e9couvrir tous les secrets que rec\u00e8le l'un des monuments les plus c\u00e9l\u00e8bres du monde et site du patrimoine mondial.","robots":{"index":"index","follow":"follow","max-snippet":"max-snippet:-1","max-image-preview":"max-image-preview:large","max-video-preview":"max-video-preview:-1"},"canonical":"https:\/\/tourtravelandmore.com\/fr\/tours\/royaume-uni-fr\/londres-fr\/toutes-les-visites-et-activites-privees-fr-2\/visite-privee-de-la-tour-de-londres\/","og_locale":"fr_FR","og_type":"article","og_title":"Visite priv\u00e9e a pied de la Tour de Londres","og_description":"Explorez les tours de Londres lors d'une visite priv\u00e9e avec un guide officiel pour d\u00e9couvrir tous les secrets que rec\u00e8le l'un des monuments les plus c\u00e9l\u00e8bres du monde et site du patrimoine mondial.","og_url":"https:\/\/tourtravelandmore.com\/fr\/tours\/royaume-uni-fr\/londres-fr\/toutes-les-visites-et-activites-privees-fr-2\/visite-privee-de-la-tour-de-londres\/","og_site_name":"Tour Travel And More","article_publisher":"https:\/\/www.facebook.com\/tourtravelandmore\/","article_modified_time":"2024-04-25T18:42:04+00:00","og_image":[{"width":900,"height":680,"url":"https:\/\/tourtravelandmore.com\/wp-content\/uploads\/2022\/04\/image3-5.jpg","type":"image\/jpeg"}],"twitter_card":"summary_large_image","twitter_site":"@TourTravel_More","twitter_misc":{"Dur\u00e9e de lecture estim\u00e9e":"3 minutes"},"schema":{"@context":"https:\/\/schema.org","@graph":[{"@type":"WebPage","@id":"https:\/\/tourtravelandmore.com\/fr\/tours\/royaume-uni-fr\/londres-fr\/toutes-les-visites-et-activites-privees-fr-2\/visite-privee-de-la-tour-de-londres\/","url":"https:\/\/tourtravelandmore.com\/fr\/tours\/royaume-uni-fr\/londres-fr\/toutes-les-visites-et-activites-privees-fr-2\/visite-privee-de-la-tour-de-londres\/","name":"Visite priv\u00e9e de la Tour de Londres en compagnie d'un guide officiel priv\u00e9.","isPartOf":{"@id":"https:\/\/tourtravelandmore.com\/fr\/#website"},"primaryImageOfPage":{"@id":"https:\/\/tourtravelandmore.com\/fr\/tours\/royaume-uni-fr\/londres-fr\/toutes-les-visites-et-activites-privees-fr-2\/visite-privee-de-la-tour-de-londres\/#primaryimage"},"image":{"@id":"https:\/\/tourtravelandmore.com\/fr\/tours\/royaume-uni-fr\/londres-fr\/toutes-les-visites-et-activites-privees-fr-2\/visite-privee-de-la-tour-de-londres\/#primaryimage"},"thumbnailUrl":"https:\/\/tourtravelandmore.com\/wp-content\/uploads\/2022\/04\/image3-5.jpg","datePublished":"2022-04-10T10:17:20+00:00","dateModified":"2024-04-25T18:42:04+00:00","description":"Explorez les tours de Londres lors d'une visite priv\u00e9e avec un guide officiel pour d\u00e9couvrir tous les secrets que rec\u00e8le l'un des monuments les plus c\u00e9l\u00e8bres du monde et site du patrimoine mondial.","breadcrumb":{"@id":"https:\/\/tourtravelandmore.com\/fr\/tours\/royaume-uni-fr\/londres-fr\/toutes-les-visites-et-activites-privees-fr-2\/visite-privee-de-la-tour-de-londres\/#breadcrumb"},"inLanguage":"fr-FR","potentialAction":[{"@type":"ReadAction","target":["https:\/\/tourtravelandmore.com\/fr\/tours\/royaume-uni-fr\/londres-fr\/toutes-les-visites-et-activites-privees-fr-2\/visite-privee-de-la-tour-de-londres\/"]}]},{"@type":"ImageObject","inLanguage":"fr-FR","@id":"https:\/\/tourtravelandmore.com\/fr\/tours\/royaume-uni-fr\/londres-fr\/toutes-les-visites-et-activites-privees-fr-2\/visite-privee-de-la-tour-de-londres\/#primaryimage","url":"https:\/\/tourtravelandmore.com\/wp-content\/uploads\/2022\/04\/image3-5.jpg","contentUrl":"https:\/\/tourtravelandmore.com\/wp-content\/uploads\/2022\/04\/image3-5.jpg","width":900,"height":680},{"@type":"BreadcrumbList","@id":"https:\/\/tourtravelandmore.com\/fr\/tours\/royaume-uni-fr\/londres-fr\/toutes-les-visites-et-activites-privees-fr-2\/visite-privee-de-la-tour-de-londres\/#breadcrumb","itemListElement":[{"@type":"ListItem","position":1,"name":"Home","item":"https:\/\/tourtravelandmore.com\/fr\/"},{"@type":"ListItem","position":2,"name":"Tours","item":"https:\/\/tourtravelandmore.com\/fr\/tours\/"},{"@type":"ListItem","position":3,"name":"Visite priv\u00e9e a pied de la Tour de Londres"}]},{"@type":"WebSite","@id":"https:\/\/tourtravelandmore.com\/fr\/#website","url":"https:\/\/tourtravelandmore.com\/fr\/","name":"Tour Travel And More","description":"Private sightseeing tours and luxury transfers in Spain","publisher":{"@id":"https:\/\/tourtravelandmore.com\/fr\/#organization"},"potentialAction":[{"@type":"SearchAction","target":{"@type":"EntryPoint","urlTemplate":"https:\/\/tourtravelandmore.com\/fr\/?s={search_term_string}"},"query-input":{"@type":"PropertyValueSpecification","valueRequired":true,"valueName":"search_term_string"}}],"inLanguage":"fr-FR"},{"@type":"Organization","@id":"https:\/\/tourtravelandmore.com\/fr\/#organization","name":"Tour Travel And More","url":"https:\/\/tourtravelandmore.com\/fr\/","logo":{"@type":"ImageObject","inLanguage":"fr-FR","@id":"https:\/\/tourtravelandmore.com\/fr\/#\/schema\/logo\/image\/","url":"https:\/\/tourtravelandmore.com\/wp-content\/uploads\/2022\/12\/cropped-logo-cabecera-new.png","contentUrl":"https:\/\/tourtravelandmore.com\/wp-content\/uploads\/2022\/12\/cropped-logo-cabecera-new.png","width":430,"height":61,"caption":"Tour Travel And More"},"image":{"@id":"https:\/\/tourtravelandmore.com\/fr\/#\/schema\/logo\/image\/"},"sameAs":["https:\/\/www.facebook.com\/tourtravelandmore\/","https:\/\/x.com\/TourTravel_More"]}]}},"_links":{"self":[{"href":"https:\/\/tourtravelandmore.com\/fr\/wp-json\/wp\/v2\/product\/123008","targetHints":{"allow":["GET"]}}],"collection":[{"href":"https:\/\/tourtravelandmore.com\/fr\/wp-json\/wp\/v2\/product"}],"about":[{"href":"https:\/\/tourtravelandmore.com\/fr\/wp-json\/wp\/v2\/types\/product"}],"replies":[{"embeddable":true,"href":"https:\/\/tourtravelandmore.com\/fr\/wp-json\/wp\/v2\/comments?post=123008"}],"wp:featuredmedia":[{"embeddable":true,"href":"https:\/\/tourtravelandmore.com\/fr\/wp-json\/wp\/v2\/media\/123084"}],"wp:attachment":[{"href":"https:\/\/tourtravelandmore.com\/fr\/wp-json\/wp\/v2\/media?parent=123008"}],"wp:term":[{"taxonomy":"product_brand","embeddable":true,"href":"https:\/\/tourtravelandmore.com\/fr\/wp-json\/wp\/v2\/product_brand?post=123008"},{"taxonomy":"product_cat","embeddable":true,"href":"https:\/\/tourtravelandmore.com\/fr\/wp-json\/wp\/v2\/product_cat?post=123008"},{"taxonomy":"product_tag","embeddable":true,"href":"https:\/\/tourtravelandmore.com\/fr\/wp-json\/wp\/v2\/product_tag?post=123008"}],"curies":[{"name":"wp","href":"https:\/\/api.w.org\/{rel}","templated":true}]}}