{"id":122871,"date":"2022-04-09T18:33:49","date_gmt":"2022-04-09T16:33:54","guid":{"rendered":"https:\/\/tourtravelandmore.com\/?post_type=product&#038;p=122871"},"modified":"2024-04-04T15:38:14","modified_gmt":"2024-04-04T13:38:14","slug":"visite-privee-doxford-depuis-londres","status":"publish","type":"product","link":"https:\/\/tourtravelandmore.com\/fr\/tours\/royaume-uni-fr\/londres-fr\/toutes-les-visites-et-activites-privees-fr-2\/visite-privee-doxford-depuis-londres\/","title":{"rendered":"Visite priv\u00e9e d&#8217;Oxford depuis Londres"},"content":{"rendered":"<h2><b>Description de la visite priv\u00e9e d&#8217;Oxford au d\u00e9part de Londres<\/b><\/h2>\n<p>Oxford est une ville situ\u00e9e sur les rives de la Tamise. Elle est riche en histoire et en culture. Profitez d&#8217;une visite priv\u00e9e d&#8217;Oxford depuis Londres \u00e0 votre rythme. Admirez ses coll\u00e8ges m\u00e9di\u00e9vaux, ses magnifiques \u00e9glises et ses beaux monuments.<\/p>\n<p>Embarquez pour un voyage enrichissant des rues anim\u00e9es de Londres au havre historique et intellectuel d&#8217;Oxford avec la visite priv\u00e9e d&#8217;Oxford depuis Londres propos\u00e9e par Tour Travel &amp; More. Cette excursion exclusive de 8 heures vous permettra de d\u00e9couvrir la prestigieuse universit\u00e9 d&#8217;Oxford, ses sites embl\u00e9matiques et son histoire captivante. Le tout dans le confort d&#8217;un v\u00e9hicule priv\u00e9 et avec un guide d\u00e9vou\u00e9.<\/p>\n<p>Votre aventure commence par un trajet panoramique de Londres \u00e0 Oxford, o\u00f9 vous serez accompagn\u00e9 d&#8217;un guide comp\u00e9tent qui vous fera partager des id\u00e9es et des histoires fascinantes tout au long de la journ\u00e9e. \u00c0 votre arriv\u00e9e \u00e0 Oxford, pr\u00e9parez-vous \u00e0 \u00eatre fascin\u00e9 par son charme intemporel et sa splendeur architecturale.<\/p>\n<h2><b>Points forts\u00a0<\/b><\/h2>\n<p>D\u00e9couvrez la magie de l&#8217;histoire, de l&#8217;universit\u00e9 et de la richesse culturelle d&#8217;Oxford gr\u00e2ce \u00e0 la visite priv\u00e9e d&#8217;Oxford propos\u00e9e par Tour Travel &amp; More au d\u00e9part de Londres. Plongez dans des traditions s\u00e9culaires et d\u00e9couvrez l&#8217;attrait de cette ville embl\u00e9matique avec nous.<\/p>\n<p>Vous visiterez des lieux tels que<\/p>\n<ul>\n<li><strong>Les merveilles architecturales d&#8217;Oxford :<\/strong> Explorez des sites embl\u00e9matiques tels que la Bodleian Library, la Radcliffe Camera et les coll\u00e8ges historiques tels que Christ Church et Magdalen, tous impr\u00e9gn\u00e9s de si\u00e8cles d&#8217;histoire et d&#8217;excellence acad\u00e9mique.<\/li>\n<li><strong>L&#8217;exp\u00e9rience de l&#8217;universit\u00e9 d&#8217;Oxford :<\/strong> Plongez dans la prestigieuse universit\u00e9 d&#8217;Oxford, d\u00e9couvrez son riche patrimoine, ses biblioth\u00e8ques renomm\u00e9es et ses quadrilat\u00e8res pittoresques. D\u00e9couvrez les anciens \u00e9tudiants c\u00e9l\u00e8bres et les contributions de l&#8217;universit\u00e9 au monde acad\u00e9mique.<\/li>\n<li><strong>Immersion culturelle :<\/strong> Promenez-vous dans les rues pav\u00e9es bord\u00e9es de charmantes boutiques et de caf\u00e9s. Absorbez l&#8217;atmosph\u00e8re vibrante de cette ville savante.<\/li>\n<li><strong>Itin\u00e9raire personnalis\u00e9 :<\/strong> Adaptez votre visite \u00e0 vos centres d&#8217;int\u00e9r\u00eat. Que vous soyez fascin\u00e9 par la litt\u00e9rature, l&#8217;architecture ou la sc\u00e8ne culturelle anim\u00e9e d&#8217;Oxford.<\/li>\n<li><strong>Loisirs et exploration :<\/strong> Gr\u00e2ce \u00e0 la flexibilit\u00e9 d&#8217;un circuit priv\u00e9, vous pouvez passer plus de temps sur les sites qui vous int\u00e9ressent, ce qui vous garantit une exp\u00e9rience enrichissante et m\u00e9morable.<\/li>\n<\/ul>\n<p>Nous vous ram\u00e8nerons \u00e0 Londres \u00e0 la fin de ce circuit plein d&#8217;aventures.<\/p>\n<p><span style=\"font-weight: 400;\">Nous vous recommandons de tirer le meilleur parti de votre voyage \u00e0 Londres et d&#8217;inclure notre <strong><a href=\"https:\/\/tourtravelandmore.com\/fr\/tours\/royaume-uni-fr\/londres-fr\/toutes-les-visites-et-activites-privees-fr-2\/visite-guidee-de-harry-potter-aux-studios-warner\/\">visite <\/a><\/strong><\/span><a href=\"https:\/\/tourtravelandmore.com\/fr\/tours\/royaume-uni-fr\/londres-fr\/toutes-les-visites-et-activites-privees-fr-2\/visite-guidee-de-harry-potter-aux-studios-warner\/\"><strong>Harry Potter aux Warner Studios<\/strong><\/a><span style=\"font-weight: 400;\"><strong> dans votre itin\u00e9raire<\/strong>, afin que vous puissiez vivre de pr\u00e8s la magie de la s\u00e9rie de films embl\u00e9matiques. <\/span><\/p>\n","protected":false},"excerpt":{"rendered":"<p>Oxford est une ville situ\u00e9e sur les rives de la Tamise. Elle est riche en histoire et en culture. Profitez d&#8217;une visite priv\u00e9e d&#8217;Oxford depuis Londres \u00e0 votre rythme. Admirez ses coll\u00e8ges m\u00e9di\u00e9vaux, ses magnifiques \u00e9glises et ses beaux monuments.<\/p>\n","protected":false},"featured_media":122892,"comment_status":"open","ping_status":"closed","template":"","meta":{"_acf_changed":false},"product_brand":[],"product_cat":[3545,3546,4117,4118],"product_tag":[],"class_list":{"0":"post-122871","1":"product","2":"type-product","3":"status-publish","4":"has-post-thumbnail","6":"product_cat-royaume-uni-fr","7":"product_cat-londres-fr","8":"product_cat-toutes-les-visites-et-activites-privees-fr-2","9":"product_cat-visites-touristiques","11":"first","12":"instock","13":"shipping-taxable","14":"purchasable","15":"product-type-simple"},"acf":[],"yoast_head":"<!-- This site is optimized with the Yoast SEO Premium plugin v25.3.1 (Yoast SEO v25.3.1) - https:\/\/yoast.com\/wordpress\/plugins\/seo\/ -->\n<title>Visite priv\u00e9e d&#039;Oxford depuis Londres avec guide priv\u00e9 et transfert en voiture de luxe<\/title>\n<meta name=\"description\" content=\"Tirez le meilleur parti de votre voyage au Royaume-Uni et profitez de cette visite priv\u00e9e d&#039;Oxford au d\u00e9part de Londres pour d\u00e9couvrir tous les tr\u00e9sors de cette ville embl\u00e9matique et historique.\" \/>\n<meta name=\"robots\" content=\"index, follow, max-snippet:-1, max-image-preview:large, max-video-preview:-1\" \/>\n<link rel=\"canonical\" href=\"https:\/\/tourtravelandmore.com\/fr\/tours\/royaume-uni-fr\/londres-fr\/toutes-les-visites-et-activites-privees-fr-2\/visite-privee-doxford-depuis-londres\/\" \/>\n<meta property=\"og:locale\" content=\"fr_FR\" \/>\n<meta property=\"og:type\" content=\"article\" \/>\n<meta property=\"og:title\" content=\"Visite priv\u00e9e d&#039;Oxford depuis Londres\" \/>\n<meta property=\"og:description\" content=\"Tirez le meilleur parti de votre voyage au Royaume-Uni et profitez de cette visite priv\u00e9e d&#039;Oxford au d\u00e9part de Londres pour d\u00e9couvrir tous les tr\u00e9sors de cette ville embl\u00e9matique et historique.\" \/>\n<meta property=\"og:url\" content=\"https:\/\/tourtravelandmore.com\/fr\/tours\/royaume-uni-fr\/londres-fr\/toutes-les-visites-et-activites-privees-fr-2\/visite-privee-doxford-depuis-londres\/\" \/>\n<meta property=\"og:site_name\" content=\"Tour Travel And More\" \/>\n<meta property=\"article:publisher\" content=\"https:\/\/www.facebook.com\/tourtravelandmore\/\" \/>\n<meta property=\"article:modified_time\" content=\"2024-04-04T13:38:14+00:00\" \/>\n<meta property=\"og:image\" content=\"https:\/\/tourtravelandmore.com\/wp-content\/uploads\/2022\/04\/image5-5.jpg\" \/>\n\t<meta property=\"og:image:width\" content=\"900\" \/>\n\t<meta property=\"og:image:height\" content=\"680\" \/>\n\t<meta property=\"og:image:type\" content=\"image\/jpeg\" \/>\n<meta name=\"twitter:card\" content=\"summary_large_image\" \/>\n<meta name=\"twitter:site\" content=\"@TourTravel_More\" \/>\n<meta name=\"twitter:label1\" content=\"Dur\u00e9e de lecture estim\u00e9e\" \/>\n\t<meta name=\"twitter:data1\" content=\"2 minutes\" \/>\n<script type=\"application\/ld+json\" class=\"yoast-schema-graph\">{\"@context\":\"https:\/\/schema.org\",\"@graph\":[{\"@type\":\"WebPage\",\"@id\":\"https:\/\/tourtravelandmore.com\/fr\/tours\/royaume-uni-fr\/londres-fr\/toutes-les-visites-et-activites-privees-fr-2\/visite-privee-doxford-depuis-londres\/\",\"url\":\"https:\/\/tourtravelandmore.com\/fr\/tours\/royaume-uni-fr\/londres-fr\/toutes-les-visites-et-activites-privees-fr-2\/visite-privee-doxford-depuis-londres\/\",\"name\":\"Visite priv\u00e9e d'Oxford depuis Londres avec guide priv\u00e9 et transfert en voiture de luxe\",\"isPartOf\":{\"@id\":\"https:\/\/tourtravelandmore.com\/fr\/#website\"},\"primaryImageOfPage\":{\"@id\":\"https:\/\/tourtravelandmore.com\/fr\/tours\/royaume-uni-fr\/londres-fr\/toutes-les-visites-et-activites-privees-fr-2\/visite-privee-doxford-depuis-londres\/#primaryimage\"},\"image\":{\"@id\":\"https:\/\/tourtravelandmore.com\/fr\/tours\/royaume-uni-fr\/londres-fr\/toutes-les-visites-et-activites-privees-fr-2\/visite-privee-doxford-depuis-londres\/#primaryimage\"},\"thumbnailUrl\":\"https:\/\/tourtravelandmore.com\/wp-content\/uploads\/2022\/04\/image5-5.jpg\",\"datePublished\":\"2022-04-09T16:33:54+00:00\",\"dateModified\":\"2024-04-04T13:38:14+00:00\",\"description\":\"Tirez le meilleur parti de votre voyage au Royaume-Uni et profitez de cette visite priv\u00e9e d'Oxford au d\u00e9part de Londres pour d\u00e9couvrir tous les tr\u00e9sors de cette ville embl\u00e9matique et historique.\",\"breadcrumb\":{\"@id\":\"https:\/\/tourtravelandmore.com\/fr\/tours\/royaume-uni-fr\/londres-fr\/toutes-les-visites-et-activites-privees-fr-2\/visite-privee-doxford-depuis-londres\/#breadcrumb\"},\"inLanguage\":\"fr-FR\",\"potentialAction\":[{\"@type\":\"ReadAction\",\"target\":[\"https:\/\/tourtravelandmore.com\/fr\/tours\/royaume-uni-fr\/londres-fr\/toutes-les-visites-et-activites-privees-fr-2\/visite-privee-doxford-depuis-londres\/\"]}]},{\"@type\":\"ImageObject\",\"inLanguage\":\"fr-FR\",\"@id\":\"https:\/\/tourtravelandmore.com\/fr\/tours\/royaume-uni-fr\/londres-fr\/toutes-les-visites-et-activites-privees-fr-2\/visite-privee-doxford-depuis-londres\/#primaryimage\",\"url\":\"https:\/\/tourtravelandmore.com\/wp-content\/uploads\/2022\/04\/image5-5.jpg\",\"contentUrl\":\"https:\/\/tourtravelandmore.com\/wp-content\/uploads\/2022\/04\/image5-5.jpg\",\"width\":900,\"height\":680},{\"@type\":\"BreadcrumbList\",\"@id\":\"https:\/\/tourtravelandmore.com\/fr\/tours\/royaume-uni-fr\/londres-fr\/toutes-les-visites-et-activites-privees-fr-2\/visite-privee-doxford-depuis-londres\/#breadcrumb\",\"itemListElement\":[{\"@type\":\"ListItem\",\"position\":1,\"name\":\"Home\",\"item\":\"https:\/\/tourtravelandmore.com\/fr\/\"},{\"@type\":\"ListItem\",\"position\":2,\"name\":\"Tours\",\"item\":\"https:\/\/tourtravelandmore.com\/fr\/tours\/\"},{\"@type\":\"ListItem\",\"position\":3,\"name\":\"Visite priv\u00e9e d&#8217;Oxford depuis Londres\"}]},{\"@type\":\"WebSite\",\"@id\":\"https:\/\/tourtravelandmore.com\/fr\/#website\",\"url\":\"https:\/\/tourtravelandmore.com\/fr\/\",\"name\":\"Tour Travel And More\",\"description\":\"Private sightseeing tours and luxury transfers in Spain\",\"publisher\":{\"@id\":\"https:\/\/tourtravelandmore.com\/fr\/#organization\"},\"potentialAction\":[{\"@type\":\"SearchAction\",\"target\":{\"@type\":\"EntryPoint\",\"urlTemplate\":\"https:\/\/tourtravelandmore.com\/fr\/?s={search_term_string}\"},\"query-input\":{\"@type\":\"PropertyValueSpecification\",\"valueRequired\":true,\"valueName\":\"search_term_string\"}}],\"inLanguage\":\"fr-FR\"},{\"@type\":\"Organization\",\"@id\":\"https:\/\/tourtravelandmore.com\/fr\/#organization\",\"name\":\"Tour Travel And More\",\"url\":\"https:\/\/tourtravelandmore.com\/fr\/\",\"logo\":{\"@type\":\"ImageObject\",\"inLanguage\":\"fr-FR\",\"@id\":\"https:\/\/tourtravelandmore.com\/fr\/#\/schema\/logo\/image\/\",\"url\":\"https:\/\/tourtravelandmore.com\/wp-content\/uploads\/2022\/12\/cropped-logo-cabecera-new.png\",\"contentUrl\":\"https:\/\/tourtravelandmore.com\/wp-content\/uploads\/2022\/12\/cropped-logo-cabecera-new.png\",\"width\":430,\"height\":61,\"caption\":\"Tour Travel And More\"},\"image\":{\"@id\":\"https:\/\/tourtravelandmore.com\/fr\/#\/schema\/logo\/image\/\"},\"sameAs\":[\"https:\/\/www.facebook.com\/tourtravelandmore\/\",\"https:\/\/x.com\/TourTravel_More\"]}]}<\/script>\n<!-- \/ Yoast SEO Premium plugin. -->","yoast_head_json":{"title":"Visite priv\u00e9e d'Oxford depuis Londres avec guide priv\u00e9 et transfert en voiture de luxe","description":"Tirez le meilleur parti de votre voyage au Royaume-Uni et profitez de cette visite priv\u00e9e d'Oxford au d\u00e9part de Londres pour d\u00e9couvrir tous les tr\u00e9sors de cette ville embl\u00e9matique et historique.","robots":{"index":"index","follow":"follow","max-snippet":"max-snippet:-1","max-image-preview":"max-image-preview:large","max-video-preview":"max-video-preview:-1"},"canonical":"https:\/\/tourtravelandmore.com\/fr\/tours\/royaume-uni-fr\/londres-fr\/toutes-les-visites-et-activites-privees-fr-2\/visite-privee-doxford-depuis-londres\/","og_locale":"fr_FR","og_type":"article","og_title":"Visite priv\u00e9e d'Oxford depuis Londres","og_description":"Tirez le meilleur parti de votre voyage au Royaume-Uni et profitez de cette visite priv\u00e9e d'Oxford au d\u00e9part de Londres pour d\u00e9couvrir tous les tr\u00e9sors de cette ville embl\u00e9matique et historique.","og_url":"https:\/\/tourtravelandmore.com\/fr\/tours\/royaume-uni-fr\/londres-fr\/toutes-les-visites-et-activites-privees-fr-2\/visite-privee-doxford-depuis-londres\/","og_site_name":"Tour Travel And More","article_publisher":"https:\/\/www.facebook.com\/tourtravelandmore\/","article_modified_time":"2024-04-04T13:38:14+00:00","og_image":[{"width":900,"height":680,"url":"https:\/\/tourtravelandmore.com\/wp-content\/uploads\/2022\/04\/image5-5.jpg","type":"image\/jpeg"}],"twitter_card":"summary_large_image","twitter_site":"@TourTravel_More","twitter_misc":{"Dur\u00e9e de lecture estim\u00e9e":"2 minutes"},"schema":{"@context":"https:\/\/schema.org","@graph":[{"@type":"WebPage","@id":"https:\/\/tourtravelandmore.com\/fr\/tours\/royaume-uni-fr\/londres-fr\/toutes-les-visites-et-activites-privees-fr-2\/visite-privee-doxford-depuis-londres\/","url":"https:\/\/tourtravelandmore.com\/fr\/tours\/royaume-uni-fr\/londres-fr\/toutes-les-visites-et-activites-privees-fr-2\/visite-privee-doxford-depuis-londres\/","name":"Visite priv\u00e9e d'Oxford depuis Londres avec guide priv\u00e9 et transfert en voiture de luxe","isPartOf":{"@id":"https:\/\/tourtravelandmore.com\/fr\/#website"},"primaryImageOfPage":{"@id":"https:\/\/tourtravelandmore.com\/fr\/tours\/royaume-uni-fr\/londres-fr\/toutes-les-visites-et-activites-privees-fr-2\/visite-privee-doxford-depuis-londres\/#primaryimage"},"image":{"@id":"https:\/\/tourtravelandmore.com\/fr\/tours\/royaume-uni-fr\/londres-fr\/toutes-les-visites-et-activites-privees-fr-2\/visite-privee-doxford-depuis-londres\/#primaryimage"},"thumbnailUrl":"https:\/\/tourtravelandmore.com\/wp-content\/uploads\/2022\/04\/image5-5.jpg","datePublished":"2022-04-09T16:33:54+00:00","dateModified":"2024-04-04T13:38:14+00:00","description":"Tirez le meilleur parti de votre voyage au Royaume-Uni et profitez de cette visite priv\u00e9e d'Oxford au d\u00e9part de Londres pour d\u00e9couvrir tous les tr\u00e9sors de cette ville embl\u00e9matique et historique.","breadcrumb":{"@id":"https:\/\/tourtravelandmore.com\/fr\/tours\/royaume-uni-fr\/londres-fr\/toutes-les-visites-et-activites-privees-fr-2\/visite-privee-doxford-depuis-londres\/#breadcrumb"},"inLanguage":"fr-FR","potentialAction":[{"@type":"ReadAction","target":["https:\/\/tourtravelandmore.com\/fr\/tours\/royaume-uni-fr\/londres-fr\/toutes-les-visites-et-activites-privees-fr-2\/visite-privee-doxford-depuis-londres\/"]}]},{"@type":"ImageObject","inLanguage":"fr-FR","@id":"https:\/\/tourtravelandmore.com\/fr\/tours\/royaume-uni-fr\/londres-fr\/toutes-les-visites-et-activites-privees-fr-2\/visite-privee-doxford-depuis-londres\/#primaryimage","url":"https:\/\/tourtravelandmore.com\/wp-content\/uploads\/2022\/04\/image5-5.jpg","contentUrl":"https:\/\/tourtravelandmore.com\/wp-content\/uploads\/2022\/04\/image5-5.jpg","width":900,"height":680},{"@type":"BreadcrumbList","@id":"https:\/\/tourtravelandmore.com\/fr\/tours\/royaume-uni-fr\/londres-fr\/toutes-les-visites-et-activites-privees-fr-2\/visite-privee-doxford-depuis-londres\/#breadcrumb","itemListElement":[{"@type":"ListItem","position":1,"name":"Home","item":"https:\/\/tourtravelandmore.com\/fr\/"},{"@type":"ListItem","position":2,"name":"Tours","item":"https:\/\/tourtravelandmore.com\/fr\/tours\/"},{"@type":"ListItem","position":3,"name":"Visite priv\u00e9e d&#8217;Oxford depuis Londres"}]},{"@type":"WebSite","@id":"https:\/\/tourtravelandmore.com\/fr\/#website","url":"https:\/\/tourtravelandmore.com\/fr\/","name":"Tour Travel And More","description":"Private sightseeing tours and luxury transfers in Spain","publisher":{"@id":"https:\/\/tourtravelandmore.com\/fr\/#organization"},"potentialAction":[{"@type":"SearchAction","target":{"@type":"EntryPoint","urlTemplate":"https:\/\/tourtravelandmore.com\/fr\/?s={search_term_string}"},"query-input":{"@type":"PropertyValueSpecification","valueRequired":true,"valueName":"search_term_string"}}],"inLanguage":"fr-FR"},{"@type":"Organization","@id":"https:\/\/tourtravelandmore.com\/fr\/#organization","name":"Tour Travel And More","url":"https:\/\/tourtravelandmore.com\/fr\/","logo":{"@type":"ImageObject","inLanguage":"fr-FR","@id":"https:\/\/tourtravelandmore.com\/fr\/#\/schema\/logo\/image\/","url":"https:\/\/tourtravelandmore.com\/wp-content\/uploads\/2022\/12\/cropped-logo-cabecera-new.png","contentUrl":"https:\/\/tourtravelandmore.com\/wp-content\/uploads\/2022\/12\/cropped-logo-cabecera-new.png","width":430,"height":61,"caption":"Tour Travel And More"},"image":{"@id":"https:\/\/tourtravelandmore.com\/fr\/#\/schema\/logo\/image\/"},"sameAs":["https:\/\/www.facebook.com\/tourtravelandmore\/","https:\/\/x.com\/TourTravel_More"]}]}},"_links":{"self":[{"href":"https:\/\/tourtravelandmore.com\/fr\/wp-json\/wp\/v2\/product\/122871","targetHints":{"allow":["GET"]}}],"collection":[{"href":"https:\/\/tourtravelandmore.com\/fr\/wp-json\/wp\/v2\/product"}],"about":[{"href":"https:\/\/tourtravelandmore.com\/fr\/wp-json\/wp\/v2\/types\/product"}],"replies":[{"embeddable":true,"href":"https:\/\/tourtravelandmore.com\/fr\/wp-json\/wp\/v2\/comments?post=122871"}],"wp:featuredmedia":[{"embeddable":true,"href":"https:\/\/tourtravelandmore.com\/fr\/wp-json\/wp\/v2\/media\/122892"}],"wp:attachment":[{"href":"https:\/\/tourtravelandmore.com\/fr\/wp-json\/wp\/v2\/media?parent=122871"}],"wp:term":[{"taxonomy":"product_brand","embeddable":true,"href":"https:\/\/tourtravelandmore.com\/fr\/wp-json\/wp\/v2\/product_brand?post=122871"},{"taxonomy":"product_cat","embeddable":true,"href":"https:\/\/tourtravelandmore.com\/fr\/wp-json\/wp\/v2\/product_cat?post=122871"},{"taxonomy":"product_tag","embeddable":true,"href":"https:\/\/tourtravelandmore.com\/fr\/wp-json\/wp\/v2\/product_tag?post=122871"}],"curies":[{"name":"wp","href":"https:\/\/api.w.org\/{rel}","templated":true}]}}