{"id":122828,"date":"2022-04-09T18:03:07","date_gmt":"2022-04-09T16:03:11","guid":{"rendered":"https:\/\/tourtravelandmore.com\/?post_type=product&#038;p=122828"},"modified":"2024-04-05T19:55:10","modified_gmt":"2024-04-05T17:55:10","slug":"visite-privee-de-labbaye-de-westminster","status":"publish","type":"product","link":"https:\/\/tourtravelandmore.com\/fr\/tours\/royaume-uni-fr\/londres-fr\/toutes-les-visites-et-activites-privees-fr-2\/visite-privee-de-labbaye-de-westminster\/","title":{"rendered":"Visite priv\u00e9e a pied de l&#8217;Abbaye de Westminster"},"content":{"rendered":"<h2><b>Description de la visite priv\u00e9e a pied de l&#8217;abbaye de Westminster<\/b><\/h2>\n<p><span style=\"font-weight: 400;\">L&#8217;abbaye de Westminster est l&#8217;un des b\u00e2timents gothiques les plus importants du Royaume-Uni. Elle est l&#8217;\u00e9glise du couronnement depuis 1066.\u00a0<\/span><\/p>\n<p><span style=\"font-weight: 400;\">Cette visite priv\u00e9e de l&#8217;abbaye de Westminster vous fera d\u00e9couvrir tous les coins et recoins de ce monument d&#8217;importance historique mondiale.<\/span><\/p>\n<p><span style=\"font-weight: 400;\">Cette abbaye a \u00e9t\u00e9 le t\u00e9moin du couronnement de Guillaume le Conqu\u00e9rant en 1066 et, depuis, elle est le lieu officiel des mariages, des couronnements et de diverses c\u00e9r\u00e9monies religieuses de la royaut\u00e9 anglaise.\u00a0<\/span><\/p>\n<p><span style=\"font-weight: 400;\">Il s&#8217;agit d&#8217;une visite guid\u00e9e de deux heures avec des billets d&#8217;entr\u00e9e exclusifs qui vous permettront d&#8217;explorer tous les tr\u00e9sors de l&#8217;abbaye avec un guide priv\u00e9 sp\u00e9cialis\u00e9 dans l&#8217;art et l&#8217;histoire, notamment la chaise de St Edward, la pierre du destin, le coin des po\u00e8tes, le grand autel et bien plus encore.\u00a0<\/span><\/p>\n<p><span style=\"font-weight: 400;\">Vous visiterez \u00e0 votre rythme le lieu o\u00f9 la reine Elizabeth II a \u00e9t\u00e9 couronn\u00e9e et o\u00f9 le mariage du prince William et de Kate a eu lieu.\u00a0<\/span><\/p>\n<p><span style=\"font-weight: 400;\">Il s&#8217;agit d&#8217;une visite personnalis\u00e9e, vous pouvez donc convenir d&#8217;un point de rencontre avec votre guide pr\u00e8s de l&#8217;abbaye.\u00a0<\/span><\/p>\n<p><span style=\"font-weight: 400;\">\u00c0 la fin de la visite, le guide vous accompagnera au point convenu afin que vous puissiez poursuivre votre visite de Londres en tout confort.\u00a0<\/span><\/p>\n<h2><b>Points forts de la visite priv\u00e9e a pied de l&#8217;abbaye de Westminster<\/b><\/h2>\n<p><span style=\"font-weight: 400;\">L&#8217;abbaye de Westminster est l&#8217;une des attractions les plus populaires et les plus marquantes de Londres. C&#8217;est aussi un monument c\u00e9l\u00e8bre pour son incroyable architecture, ses couronnements et ses mariages royaux.\u00a0<\/span><\/p>\n<p><span style=\"font-weight: 400;\">Visitez les sites uniques o\u00f9 des rois, des reines et des princes ont \u00e9t\u00e9 enterr\u00e9s et mari\u00e9s au cours des si\u00e8cles. Vous serez \u00e9galement accompagn\u00e9 d&#8217;un guide priv\u00e9 qui vous conduira aux points d&#8217;int\u00e9r\u00eat suivants :\u00a0<\/span><\/p>\n<h3><span style=\"color: #d3af37;\"><b>Tr\u00f4ne de Saint Edouard\u00a0<\/b><\/span><\/h3>\n<p><span style=\"font-weight: 400;\">L&#8217;un des monuments les plus embl\u00e9matiques de l&#8217;abbaye de Westminster est la chaise ou le tr\u00f4ne de Saint \u00c9douard.\u00a0<\/span><\/p>\n<p><span style=\"font-weight: 400;\">Ce tr\u00f4ne a \u00e9t\u00e9 fabriqu\u00e9 en 1296 par le roi \u00c9douard Ier, et \u00e0 l&#8217;int\u00e9rieur de la structure se trouve un morceau de la pierre de Scone sur laquelle tous les rois de Grande-Bretagne ont \u00e9t\u00e9 couronn\u00e9s jusqu&#8217;en 1066.<\/span><\/p>\n<h3><span style=\"color: #d3af37;\"><b>Le coin des po\u00e8tes<\/b><\/span><\/h3>\n<p><span style=\"font-weight: 400;\">\u00c9galement connue sous le nom de &#8220;cimeti\u00e8re des g\u00e9nies&#8221;, cette partie de l&#8217;abbaye abrite les restes, les tombes et les monuments de grands et illustres personnages de renomm\u00e9e mondiale tels que William Shakespeare, Oscar Wilde, Charles Darwin, Isaac Newton, Stephen Hawking, entre autres.\u00a0<\/span><\/p>\n<p><span style=\"font-weight: 400;\">Il s&#8217;agit sans aucun doute d&#8217;un lieu tr\u00e8s frappant, d&#8217;une grande valeur historique et culturelle.\u00a0<\/span><\/p>\n<h3><span style=\"color: #d3af37;\"><b>La maison du chapitre\u00a0<\/b><\/span><\/h3>\n<p><span style=\"font-weight: 400;\">C&#8217;est l&#8217;un des monuments les plus frappants de l&#8217;abbaye en raison de la beaut\u00e9 et de la composition octogonale qui orne ses vo\u00fbtes.\u00a0<\/span><\/p>\n<p><span style=\"font-weight: 400;\">De plus, dans cette pi\u00e8ce, vous verrez les mosa\u00efques originales qui ont \u00e9t\u00e9 utilis\u00e9es pour sa d\u00e9coration au 13e si\u00e8cle.\u00a0<\/span><\/p>\n<h3><span style=\"color: #d3af37;\"><b>La chapelle de la Dame<\/b><\/span><\/h3>\n<p><span style=\"font-weight: 400;\">\u00c9galement connue sous le nom de &#8220;chapelle d&#8217;Henry VII&#8221;, cette chapelle est une structure fascinante qui regorge de d\u00e9tails architecturaux, comme ses murs vo\u00fbt\u00e9s orn\u00e9s de diverses figures de saints.\u00a0\u00a0<\/span><\/p>\n<p><span style=\"font-weight: 400;\">Votre guide priv\u00e9 vous emm\u00e8nera \u00e9galement sur les sites suivants de l&#8217;abbaye :\u00a0<\/span><\/p>\n<ul>\n<li><b>Le Grand Autel.\u00a0<\/b><\/li>\n<li><b>La tombe d&#8217;Edouard le Confesseur.\u00a0<\/b><\/li>\n<li><b>Les clo\u00eetres et les jardins.<\/b><\/li>\n<li><b>Enfin, notre guide priv\u00e9 vous accompagnera jusqu&#8217;\u00e0 l&#8217;entr\u00e9e de l&#8217;abbaye de Westminster.<\/b><span style=\"font-weight: 400;\">\u00a0<\/span><\/li>\n<\/ul>\n<p><span style=\"font-weight: 400;\">Si vous souhaitez avoir un contact plus \u00e9troit avec l&#8217;histoire du Royaume-Uni, vous pouvez compl\u00e9ter votre visite par <a href=\"https:\/\/tourtravelandmore.com\/fr\/tours\/royaume-uni-fr\/londres-fr\/toutes-les-visites-et-activites-privees-fr-2\/visite-privee-du-british-museum\/\">une<\/a><\/span><span style=\"font-weight: 400;\"><a href=\"https:\/\/tourtravelandmore.com\/fr\/tours\/royaume-uni-fr\/londres-fr\/toutes-les-visites-et-activites-privees-fr-2\/visite-privee-du-british-museum\/\"> visite priv\u00e9e du British Museum<\/a>. <\/span><\/p>\n","protected":false},"excerpt":{"rendered":"<p><span style=\"font-weight: 400;\">Profitez de votre s\u00e9jour \u00e0 Londres pour explorer l&#8217;abbaye de Westminster, o\u00f9 ont lieu les couronnements et les enterrements des monarques britanniques. Vous verrez \u00e9galement le tr\u00f4ne m\u00e9di\u00e9val de Saint \u00c9douard, les tombes de plusieurs des personnages les plus importants de Grande-Bretagne et de nombreuses autres attractions de grande valeur historique.<\/span><\/p>\n","protected":false},"featured_media":122846,"comment_status":"open","ping_status":"closed","template":"","meta":{"_acf_changed":false},"product_brand":[],"product_cat":[3545,3546,4117,4118],"product_tag":[],"class_list":{"0":"post-122828","1":"product","2":"type-product","3":"status-publish","4":"has-post-thumbnail","6":"product_cat-royaume-uni-fr","7":"product_cat-londres-fr","8":"product_cat-toutes-les-visites-et-activites-privees-fr-2","9":"product_cat-visites-touristiques","11":"first","12":"instock","13":"shipping-taxable","14":"purchasable","15":"product-type-simple"},"acf":[],"yoast_head":"<!-- This site is optimized with the Yoast SEO Premium plugin v25.3.1 (Yoast SEO v25.3.1) - https:\/\/yoast.com\/wordpress\/plugins\/seo\/ -->\n<title>Visite priv\u00e9e de l&#039;abbaye de Westminster avec un guide officiel<\/title>\n<meta name=\"description\" content=\"Explorez l&#039;abbaye de Westminster lors d&#039;une visite priv\u00e9e pour d\u00e9couvrir le site officiel des couronnements, mariages et enterrements de la famille royale britannique.\" \/>\n<meta name=\"robots\" content=\"index, follow, max-snippet:-1, max-image-preview:large, max-video-preview:-1\" \/>\n<link rel=\"canonical\" href=\"https:\/\/tourtravelandmore.com\/fr\/tours\/royaume-uni-fr\/londres-fr\/toutes-les-visites-et-activites-privees-fr-2\/visite-privee-de-labbaye-de-westminster\/\" \/>\n<meta property=\"og:locale\" content=\"fr_FR\" \/>\n<meta property=\"og:type\" content=\"article\" \/>\n<meta property=\"og:title\" content=\"Visite priv\u00e9e a pied de l&#039;Abbaye de Westminster\" \/>\n<meta property=\"og:description\" content=\"Explorez l&#039;abbaye de Westminster lors d&#039;une visite priv\u00e9e pour d\u00e9couvrir le site officiel des couronnements, mariages et enterrements de la famille royale britannique.\" \/>\n<meta property=\"og:url\" content=\"https:\/\/tourtravelandmore.com\/fr\/tours\/royaume-uni-fr\/londres-fr\/toutes-les-visites-et-activites-privees-fr-2\/visite-privee-de-labbaye-de-westminster\/\" \/>\n<meta property=\"og:site_name\" content=\"Tour Travel And More\" \/>\n<meta property=\"article:publisher\" content=\"https:\/\/www.facebook.com\/tourtravelandmore\/\" \/>\n<meta property=\"article:modified_time\" content=\"2024-04-05T17:55:10+00:00\" \/>\n<meta property=\"og:image\" content=\"https:\/\/tourtravelandmore.com\/wp-content\/uploads\/2022\/04\/image4-3.jpg\" \/>\n\t<meta property=\"og:image:width\" content=\"900\" \/>\n\t<meta property=\"og:image:height\" content=\"680\" \/>\n\t<meta property=\"og:image:type\" content=\"image\/jpeg\" \/>\n<meta name=\"twitter:card\" content=\"summary_large_image\" \/>\n<meta name=\"twitter:site\" content=\"@TourTravel_More\" \/>\n<meta name=\"twitter:label1\" content=\"Dur\u00e9e de lecture estim\u00e9e\" \/>\n\t<meta name=\"twitter:data1\" content=\"3 minutes\" \/>\n<script type=\"application\/ld+json\" class=\"yoast-schema-graph\">{\"@context\":\"https:\/\/schema.org\",\"@graph\":[{\"@type\":\"WebPage\",\"@id\":\"https:\/\/tourtravelandmore.com\/fr\/tours\/royaume-uni-fr\/londres-fr\/toutes-les-visites-et-activites-privees-fr-2\/visite-privee-de-labbaye-de-westminster\/\",\"url\":\"https:\/\/tourtravelandmore.com\/fr\/tours\/royaume-uni-fr\/londres-fr\/toutes-les-visites-et-activites-privees-fr-2\/visite-privee-de-labbaye-de-westminster\/\",\"name\":\"Visite priv\u00e9e de l'abbaye de Westminster avec un guide officiel\",\"isPartOf\":{\"@id\":\"https:\/\/tourtravelandmore.com\/fr\/#website\"},\"primaryImageOfPage\":{\"@id\":\"https:\/\/tourtravelandmore.com\/fr\/tours\/royaume-uni-fr\/londres-fr\/toutes-les-visites-et-activites-privees-fr-2\/visite-privee-de-labbaye-de-westminster\/#primaryimage\"},\"image\":{\"@id\":\"https:\/\/tourtravelandmore.com\/fr\/tours\/royaume-uni-fr\/londres-fr\/toutes-les-visites-et-activites-privees-fr-2\/visite-privee-de-labbaye-de-westminster\/#primaryimage\"},\"thumbnailUrl\":\"https:\/\/tourtravelandmore.com\/wp-content\/uploads\/2022\/04\/image4-3.jpg\",\"datePublished\":\"2022-04-09T16:03:11+00:00\",\"dateModified\":\"2024-04-05T17:55:10+00:00\",\"description\":\"Explorez l'abbaye de Westminster lors d'une visite priv\u00e9e pour d\u00e9couvrir le site officiel des couronnements, mariages et enterrements de la famille royale britannique.\",\"breadcrumb\":{\"@id\":\"https:\/\/tourtravelandmore.com\/fr\/tours\/royaume-uni-fr\/londres-fr\/toutes-les-visites-et-activites-privees-fr-2\/visite-privee-de-labbaye-de-westminster\/#breadcrumb\"},\"inLanguage\":\"fr-FR\",\"potentialAction\":[{\"@type\":\"ReadAction\",\"target\":[\"https:\/\/tourtravelandmore.com\/fr\/tours\/royaume-uni-fr\/londres-fr\/toutes-les-visites-et-activites-privees-fr-2\/visite-privee-de-labbaye-de-westminster\/\"]}]},{\"@type\":\"ImageObject\",\"inLanguage\":\"fr-FR\",\"@id\":\"https:\/\/tourtravelandmore.com\/fr\/tours\/royaume-uni-fr\/londres-fr\/toutes-les-visites-et-activites-privees-fr-2\/visite-privee-de-labbaye-de-westminster\/#primaryimage\",\"url\":\"https:\/\/tourtravelandmore.com\/wp-content\/uploads\/2022\/04\/image4-3.jpg\",\"contentUrl\":\"https:\/\/tourtravelandmore.com\/wp-content\/uploads\/2022\/04\/image4-3.jpg\",\"width\":900,\"height\":680},{\"@type\":\"BreadcrumbList\",\"@id\":\"https:\/\/tourtravelandmore.com\/fr\/tours\/royaume-uni-fr\/londres-fr\/toutes-les-visites-et-activites-privees-fr-2\/visite-privee-de-labbaye-de-westminster\/#breadcrumb\",\"itemListElement\":[{\"@type\":\"ListItem\",\"position\":1,\"name\":\"Home\",\"item\":\"https:\/\/tourtravelandmore.com\/fr\/\"},{\"@type\":\"ListItem\",\"position\":2,\"name\":\"Tours\",\"item\":\"https:\/\/tourtravelandmore.com\/fr\/tours\/\"},{\"@type\":\"ListItem\",\"position\":3,\"name\":\"Visite priv\u00e9e a pied de l&#8217;Abbaye de Westminster\"}]},{\"@type\":\"WebSite\",\"@id\":\"https:\/\/tourtravelandmore.com\/fr\/#website\",\"url\":\"https:\/\/tourtravelandmore.com\/fr\/\",\"name\":\"Tour Travel And More\",\"description\":\"Private sightseeing tours and luxury transfers in Spain\",\"publisher\":{\"@id\":\"https:\/\/tourtravelandmore.com\/fr\/#organization\"},\"potentialAction\":[{\"@type\":\"SearchAction\",\"target\":{\"@type\":\"EntryPoint\",\"urlTemplate\":\"https:\/\/tourtravelandmore.com\/fr\/?s={search_term_string}\"},\"query-input\":{\"@type\":\"PropertyValueSpecification\",\"valueRequired\":true,\"valueName\":\"search_term_string\"}}],\"inLanguage\":\"fr-FR\"},{\"@type\":\"Organization\",\"@id\":\"https:\/\/tourtravelandmore.com\/fr\/#organization\",\"name\":\"Tour Travel And More\",\"url\":\"https:\/\/tourtravelandmore.com\/fr\/\",\"logo\":{\"@type\":\"ImageObject\",\"inLanguage\":\"fr-FR\",\"@id\":\"https:\/\/tourtravelandmore.com\/fr\/#\/schema\/logo\/image\/\",\"url\":\"https:\/\/tourtravelandmore.com\/wp-content\/uploads\/2022\/12\/cropped-logo-cabecera-new.png\",\"contentUrl\":\"https:\/\/tourtravelandmore.com\/wp-content\/uploads\/2022\/12\/cropped-logo-cabecera-new.png\",\"width\":430,\"height\":61,\"caption\":\"Tour Travel And More\"},\"image\":{\"@id\":\"https:\/\/tourtravelandmore.com\/fr\/#\/schema\/logo\/image\/\"},\"sameAs\":[\"https:\/\/www.facebook.com\/tourtravelandmore\/\",\"https:\/\/x.com\/TourTravel_More\"]}]}<\/script>\n<!-- \/ Yoast SEO Premium plugin. -->","yoast_head_json":{"title":"Visite priv\u00e9e de l'abbaye de Westminster avec un guide officiel","description":"Explorez l'abbaye de Westminster lors d'une visite priv\u00e9e pour d\u00e9couvrir le site officiel des couronnements, mariages et enterrements de la famille royale britannique.","robots":{"index":"index","follow":"follow","max-snippet":"max-snippet:-1","max-image-preview":"max-image-preview:large","max-video-preview":"max-video-preview:-1"},"canonical":"https:\/\/tourtravelandmore.com\/fr\/tours\/royaume-uni-fr\/londres-fr\/toutes-les-visites-et-activites-privees-fr-2\/visite-privee-de-labbaye-de-westminster\/","og_locale":"fr_FR","og_type":"article","og_title":"Visite priv\u00e9e a pied de l'Abbaye de Westminster","og_description":"Explorez l'abbaye de Westminster lors d'une visite priv\u00e9e pour d\u00e9couvrir le site officiel des couronnements, mariages et enterrements de la famille royale britannique.","og_url":"https:\/\/tourtravelandmore.com\/fr\/tours\/royaume-uni-fr\/londres-fr\/toutes-les-visites-et-activites-privees-fr-2\/visite-privee-de-labbaye-de-westminster\/","og_site_name":"Tour Travel And More","article_publisher":"https:\/\/www.facebook.com\/tourtravelandmore\/","article_modified_time":"2024-04-05T17:55:10+00:00","og_image":[{"width":900,"height":680,"url":"https:\/\/tourtravelandmore.com\/wp-content\/uploads\/2022\/04\/image4-3.jpg","type":"image\/jpeg"}],"twitter_card":"summary_large_image","twitter_site":"@TourTravel_More","twitter_misc":{"Dur\u00e9e de lecture estim\u00e9e":"3 minutes"},"schema":{"@context":"https:\/\/schema.org","@graph":[{"@type":"WebPage","@id":"https:\/\/tourtravelandmore.com\/fr\/tours\/royaume-uni-fr\/londres-fr\/toutes-les-visites-et-activites-privees-fr-2\/visite-privee-de-labbaye-de-westminster\/","url":"https:\/\/tourtravelandmore.com\/fr\/tours\/royaume-uni-fr\/londres-fr\/toutes-les-visites-et-activites-privees-fr-2\/visite-privee-de-labbaye-de-westminster\/","name":"Visite priv\u00e9e de l'abbaye de Westminster avec un guide officiel","isPartOf":{"@id":"https:\/\/tourtravelandmore.com\/fr\/#website"},"primaryImageOfPage":{"@id":"https:\/\/tourtravelandmore.com\/fr\/tours\/royaume-uni-fr\/londres-fr\/toutes-les-visites-et-activites-privees-fr-2\/visite-privee-de-labbaye-de-westminster\/#primaryimage"},"image":{"@id":"https:\/\/tourtravelandmore.com\/fr\/tours\/royaume-uni-fr\/londres-fr\/toutes-les-visites-et-activites-privees-fr-2\/visite-privee-de-labbaye-de-westminster\/#primaryimage"},"thumbnailUrl":"https:\/\/tourtravelandmore.com\/wp-content\/uploads\/2022\/04\/image4-3.jpg","datePublished":"2022-04-09T16:03:11+00:00","dateModified":"2024-04-05T17:55:10+00:00","description":"Explorez l'abbaye de Westminster lors d'une visite priv\u00e9e pour d\u00e9couvrir le site officiel des couronnements, mariages et enterrements de la famille royale britannique.","breadcrumb":{"@id":"https:\/\/tourtravelandmore.com\/fr\/tours\/royaume-uni-fr\/londres-fr\/toutes-les-visites-et-activites-privees-fr-2\/visite-privee-de-labbaye-de-westminster\/#breadcrumb"},"inLanguage":"fr-FR","potentialAction":[{"@type":"ReadAction","target":["https:\/\/tourtravelandmore.com\/fr\/tours\/royaume-uni-fr\/londres-fr\/toutes-les-visites-et-activites-privees-fr-2\/visite-privee-de-labbaye-de-westminster\/"]}]},{"@type":"ImageObject","inLanguage":"fr-FR","@id":"https:\/\/tourtravelandmore.com\/fr\/tours\/royaume-uni-fr\/londres-fr\/toutes-les-visites-et-activites-privees-fr-2\/visite-privee-de-labbaye-de-westminster\/#primaryimage","url":"https:\/\/tourtravelandmore.com\/wp-content\/uploads\/2022\/04\/image4-3.jpg","contentUrl":"https:\/\/tourtravelandmore.com\/wp-content\/uploads\/2022\/04\/image4-3.jpg","width":900,"height":680},{"@type":"BreadcrumbList","@id":"https:\/\/tourtravelandmore.com\/fr\/tours\/royaume-uni-fr\/londres-fr\/toutes-les-visites-et-activites-privees-fr-2\/visite-privee-de-labbaye-de-westminster\/#breadcrumb","itemListElement":[{"@type":"ListItem","position":1,"name":"Home","item":"https:\/\/tourtravelandmore.com\/fr\/"},{"@type":"ListItem","position":2,"name":"Tours","item":"https:\/\/tourtravelandmore.com\/fr\/tours\/"},{"@type":"ListItem","position":3,"name":"Visite priv\u00e9e a pied de l&#8217;Abbaye de Westminster"}]},{"@type":"WebSite","@id":"https:\/\/tourtravelandmore.com\/fr\/#website","url":"https:\/\/tourtravelandmore.com\/fr\/","name":"Tour Travel And More","description":"Private sightseeing tours and luxury transfers in Spain","publisher":{"@id":"https:\/\/tourtravelandmore.com\/fr\/#organization"},"potentialAction":[{"@type":"SearchAction","target":{"@type":"EntryPoint","urlTemplate":"https:\/\/tourtravelandmore.com\/fr\/?s={search_term_string}"},"query-input":{"@type":"PropertyValueSpecification","valueRequired":true,"valueName":"search_term_string"}}],"inLanguage":"fr-FR"},{"@type":"Organization","@id":"https:\/\/tourtravelandmore.com\/fr\/#organization","name":"Tour Travel And More","url":"https:\/\/tourtravelandmore.com\/fr\/","logo":{"@type":"ImageObject","inLanguage":"fr-FR","@id":"https:\/\/tourtravelandmore.com\/fr\/#\/schema\/logo\/image\/","url":"https:\/\/tourtravelandmore.com\/wp-content\/uploads\/2022\/12\/cropped-logo-cabecera-new.png","contentUrl":"https:\/\/tourtravelandmore.com\/wp-content\/uploads\/2022\/12\/cropped-logo-cabecera-new.png","width":430,"height":61,"caption":"Tour Travel And More"},"image":{"@id":"https:\/\/tourtravelandmore.com\/fr\/#\/schema\/logo\/image\/"},"sameAs":["https:\/\/www.facebook.com\/tourtravelandmore\/","https:\/\/x.com\/TourTravel_More"]}]}},"_links":{"self":[{"href":"https:\/\/tourtravelandmore.com\/fr\/wp-json\/wp\/v2\/product\/122828","targetHints":{"allow":["GET"]}}],"collection":[{"href":"https:\/\/tourtravelandmore.com\/fr\/wp-json\/wp\/v2\/product"}],"about":[{"href":"https:\/\/tourtravelandmore.com\/fr\/wp-json\/wp\/v2\/types\/product"}],"replies":[{"embeddable":true,"href":"https:\/\/tourtravelandmore.com\/fr\/wp-json\/wp\/v2\/comments?post=122828"}],"wp:featuredmedia":[{"embeddable":true,"href":"https:\/\/tourtravelandmore.com\/fr\/wp-json\/wp\/v2\/media\/122846"}],"wp:attachment":[{"href":"https:\/\/tourtravelandmore.com\/fr\/wp-json\/wp\/v2\/media?parent=122828"}],"wp:term":[{"taxonomy":"product_brand","embeddable":true,"href":"https:\/\/tourtravelandmore.com\/fr\/wp-json\/wp\/v2\/product_brand?post=122828"},{"taxonomy":"product_cat","embeddable":true,"href":"https:\/\/tourtravelandmore.com\/fr\/wp-json\/wp\/v2\/product_cat?post=122828"},{"taxonomy":"product_tag","embeddable":true,"href":"https:\/\/tourtravelandmore.com\/fr\/wp-json\/wp\/v2\/product_tag?post=122828"}],"curies":[{"name":"wp","href":"https:\/\/api.w.org\/{rel}","templated":true}]}}