{"id":122776,"date":"2022-04-09T17:28:19","date_gmt":"2022-04-09T15:28:25","guid":{"rendered":"https:\/\/tourtravelandmore.com\/?post_type=product&#038;p=122776"},"modified":"2024-04-25T20:36:32","modified_gmt":"2024-04-25T18:36:32","slug":"visite-privee-du-british-museum","status":"publish","type":"product","link":"https:\/\/tourtravelandmore.com\/fr\/tours\/royaume-uni-fr\/londres-fr\/toutes-les-visites-et-activites-privees-fr-2\/visite-privee-du-british-museum\/","title":{"rendered":"Visite priv\u00e9e \u00e0 pied du British Museum"},"content":{"rendered":"<h2><b>Description de la Visite priv\u00e9e \u00e0 pied du British Museum<\/b><\/h2>\n<p><span style=\"font-weight: 400;\">Peu de mus\u00e9es sont aussi c\u00e9l\u00e8bres que le British Museum, qui est r\u00e9put\u00e9 pour ses incroyables collections d&#8217;objets d&#8217;art inestimables.<\/span><\/p>\n<p><span style=\"font-weight: 400;\">Cette galerie abrite des tr\u00e9sors du monde entier, couvrant plusieurs milliers d&#8217;ann\u00e9es d&#8217;histoire humaine.\u00a0<\/span><\/p>\n<p><span style=\"font-weight: 400;\">Cette passionnante visite priv\u00e9e du British Museum vous emm\u00e8nera \u00e0 la d\u00e9couverte de ce lieu unique. De plus, vous serez accompagn\u00e9 d&#8217;un guide priv\u00e9 afin que vous puissiez profiter \u00e0 votre rythme de certains des points forts de cet impressionnant mus\u00e9e.<\/span><\/p>\n<p><span style=\"font-weight: 400;\">Vous pouvez fixer un point de rencontre pr\u00e8s du mus\u00e9e avec votre guide pour commencer une incroyable aventure, o\u00f9 vous serez en contact avec le pass\u00e9, le pr\u00e9sent et le futur \u00e0 travers diff\u00e9rentes pi\u00e8ces d&#8217;art.\u00a0\u00a0<\/span><\/p>\n<p><span style=\"font-weight: 400;\">D\u00e9couvrez les histoires qui se cachent derri\u00e8re les expositions les plus populaires lors d&#8217;une visite priv\u00e9e de deux heures. De plus, vous n&#8217;aurez pas \u00e0 attendre pour entrer dans le British Museum, car notre visite priv\u00e9e comprend des billets exclusifs pour vous, vos amis ou votre famille.\u00a0<\/span><\/p>\n<p><span style=\"font-weight: 400;\">Vous d\u00e9couvrirez les marbres du Parth\u00e9non, l&#8217;impressionnante pierre de Rosette, la copie de Myron du Discobole, de nombreuses antiquit\u00e9s assyriennes, grecques et asiatiques, et bien d&#8217;autres joyaux historiques et culturels inestimables.\u00a0<\/span><\/p>\n<p><span style=\"font-weight: 400;\">En effet, le mus\u00e9e abrite une collection de plus de 8 millions d&#8217;objets provenant de tous les continents. Mieux encore, vous serez accompagn\u00e9 d&#8217;un guide priv\u00e9 qui vous donnera tous les d\u00e9tails que vous devez savoir sur chacune des pi\u00e8ces.\u00a0<\/span><\/p>\n<p><span style=\"font-weight: 400;\">\u00c0 la fin de la visite, notre guide vous raccompagnera jusqu&#8217;\u00e0 l&#8217;entr\u00e9e du mus\u00e9e afin que vous puissiez poursuivre votre visite de la ville.\u00a0<\/span><\/p>\n<p><span style=\"font-weight: 400;\">Si vous souhaitez explorer Londres \u00e0 votre rythme et de mani\u00e8re plus approfondie, vous pouvez opter pour <\/span><span style=\"font-weight: 400;\">notre visite <a href=\"https:\/\/tourtravelandmore.com\/fr\/tours\/royaume-uni-fr\/londres-fr\/toutes-les-visites-et-activites-privees-fr-2\/visite-privee-de-londres-avec-guide-et-vehicule\/\">priv\u00e9e de Londres avec guide et v\u00e9hicule<\/a>.<\/span><span style=\"font-weight: 400;\">\u00a0 Ainsi, vous pourrez explorer la ville \u00e0 votre propre rythme.\u00a0<\/span><\/p>\n<h2><b>Points forts du Visite priv\u00e9e \u00e0 pied du British Museum<\/b><\/h2>\n<p><span style=\"font-weight: 400;\">Depuis sa cr\u00e9ation en 1753, le British Museum est un v\u00e9ritable tr\u00e9sor de l&#8217;exp\u00e9rience humaine. C&#8217;est \u00e9galement un lieu incontournable pour les amateurs d&#8217;histoire et d&#8217;art, car il abrite une collection \u00e9tonnante et diversifi\u00e9e de pi\u00e8ces diff\u00e9rentes qui racontent l&#8217;histoire et la culture de l&#8217;humanit\u00e9.\u00a0<\/span><\/p>\n<p><span style=\"font-weight: 400;\">Lors de notre visite priv\u00e9e du British Museum, vous explorerez pr\u00e8s d&#8217;un million d&#8217;ann\u00e9es d&#8217;histoire. Vous b\u00e9n\u00e9ficierez d&#8217;une entr\u00e9e exclusive au mus\u00e9e et votre guide priv\u00e9 vous emm\u00e8nera voir certains des points forts du mus\u00e9e, comme les suivants :\u00a0<\/span><\/p>\n<ul>\n<li><b>Sculptures et ruines du Parth\u00e9non de Gr\u00e8ce.<\/b><\/li>\n<li><b>La pierre de Rosette.\u00a0<\/b><\/li>\n<li><b>Ob\u00e9lisque de Nectanebo II.<\/b><\/li>\n<li><b>Pi\u00e8ces provenant de mausol\u00e9es et de temples m\u00e9sopotamiens.\u00a0<\/b><\/li>\n<li><b>L&#8217;art azt\u00e8que.\u00a0<\/b><\/li>\n<li><b>Les antiquit\u00e9s pr\u00e9historiques.\u00a0<\/b><\/li>\n<li><b>Collection de momies \u00e9gyptiennes, parmi de nombreux autres tr\u00e9sors.\u00a0<\/b><\/li>\n<\/ul>\n<p><span style=\"font-weight: 400;\">Vous visiterez \u00e9galement les galeries britanniques, o\u00f9 vous trouverez un grand nombre d&#8217;objets, de bijoux et d&#8217;articles datant de diff\u00e9rentes p\u00e9riodes historiques de la Grande-Bretagne. Il s&#8217;agit d&#8217;une collection impressionnante qui vous donnera un aper\u00e7u de l&#8217;\u00e9volution historique de la soci\u00e9t\u00e9 anglaise et des diverses aventures de ses guerriers et explorateurs.\u00a0<\/span><\/p>\n<p><span style=\"font-weight: 400;\">\u00c0 la fin de cette magnifique visite de l&#8217;un des mus\u00e9es les plus universels du monde, votre guide priv\u00e9 vous ram\u00e8nera \u00e0 l&#8217;entr\u00e9e pour poursuivre votre visite de la ville.\u00a0<\/span><\/p>\n","protected":false},"excerpt":{"rendered":"<p><span style=\"font-weight: 400;\">Explorez la merveilleuse collection d&#8217;art qui existe au British Museum, qui est consid\u00e9r\u00e9 comme l&#8217;un des mus\u00e9es les plus importants du monde. Vous serez accompagn\u00e9 d&#8217;un guide priv\u00e9 qui vous expliquera tous les d\u00e9tails des expositions les plus populaires, comme les marbres du Parth\u00e9non, les momies \u00e9gyptiennes et bien d&#8217;autres merveilles, lors d&#8217;une visite priv\u00e9e de deux heures.<\/span><\/p>\n","protected":false},"featured_media":122794,"comment_status":"open","ping_status":"closed","template":"","meta":{"_acf_changed":false},"product_brand":[],"product_cat":[3545,3546,4117,4118],"product_tag":[],"class_list":{"0":"post-122776","1":"product","2":"type-product","3":"status-publish","4":"has-post-thumbnail","6":"product_cat-royaume-uni-fr","7":"product_cat-londres-fr","8":"product_cat-toutes-les-visites-et-activites-privees-fr-2","9":"product_cat-visites-touristiques","11":"first","12":"instock","13":"shipping-taxable","14":"purchasable","15":"product-type-simple"},"acf":[],"yoast_head":"<!-- This site is optimized with the Yoast SEO Premium plugin v25.3.1 (Yoast SEO v25.3.1) - https:\/\/yoast.com\/wordpress\/plugins\/seo\/ -->\n<title>Visite priv\u00e9e du British Museum avec un guide priv\u00e9<\/title>\n<meta name=\"description\" content=\"D\u00e9couvrez les plus \u00e9tonnantes collections d&#039;art et d&#039;histoire du monde lors d&#039;une visite priv\u00e9e du British Museum o\u00f9 vous serez en compagnie d&#039;un guide officiel priv\u00e9.\" \/>\n<meta name=\"robots\" content=\"index, follow, max-snippet:-1, max-image-preview:large, max-video-preview:-1\" \/>\n<link rel=\"canonical\" href=\"https:\/\/tourtravelandmore.com\/fr\/tours\/royaume-uni-fr\/londres-fr\/toutes-les-visites-et-activites-privees-fr-2\/visite-privee-du-british-museum\/\" \/>\n<meta property=\"og:locale\" content=\"fr_FR\" \/>\n<meta property=\"og:type\" content=\"article\" \/>\n<meta property=\"og:title\" content=\"Visite priv\u00e9e \u00e0 pied du British Museum\" \/>\n<meta property=\"og:description\" content=\"D\u00e9couvrez les plus \u00e9tonnantes collections d&#039;art et d&#039;histoire du monde lors d&#039;une visite priv\u00e9e du British Museum o\u00f9 vous serez en compagnie d&#039;un guide officiel priv\u00e9.\" \/>\n<meta property=\"og:url\" content=\"https:\/\/tourtravelandmore.com\/fr\/tours\/royaume-uni-fr\/londres-fr\/toutes-les-visites-et-activites-privees-fr-2\/visite-privee-du-british-museum\/\" \/>\n<meta property=\"og:site_name\" content=\"Tour Travel And More\" \/>\n<meta property=\"article:publisher\" content=\"https:\/\/www.facebook.com\/tourtravelandmore\/\" \/>\n<meta property=\"article:modified_time\" content=\"2024-04-25T18:36:32+00:00\" \/>\n<meta property=\"og:image\" content=\"https:\/\/tourtravelandmore.com\/wp-content\/uploads\/2022\/04\/image3-3.jpg\" \/>\n\t<meta property=\"og:image:width\" content=\"900\" \/>\n\t<meta property=\"og:image:height\" content=\"680\" \/>\n\t<meta property=\"og:image:type\" content=\"image\/jpeg\" \/>\n<meta name=\"twitter:card\" content=\"summary_large_image\" \/>\n<meta name=\"twitter:site\" content=\"@TourTravel_More\" \/>\n<meta name=\"twitter:label1\" content=\"Dur\u00e9e de lecture estim\u00e9e\" \/>\n\t<meta name=\"twitter:data1\" content=\"3 minutes\" \/>\n<script type=\"application\/ld+json\" class=\"yoast-schema-graph\">{\"@context\":\"https:\/\/schema.org\",\"@graph\":[{\"@type\":\"WebPage\",\"@id\":\"https:\/\/tourtravelandmore.com\/fr\/tours\/royaume-uni-fr\/londres-fr\/toutes-les-visites-et-activites-privees-fr-2\/visite-privee-du-british-museum\/\",\"url\":\"https:\/\/tourtravelandmore.com\/fr\/tours\/royaume-uni-fr\/londres-fr\/toutes-les-visites-et-activites-privees-fr-2\/visite-privee-du-british-museum\/\",\"name\":\"Visite priv\u00e9e du British Museum avec un guide priv\u00e9\",\"isPartOf\":{\"@id\":\"https:\/\/tourtravelandmore.com\/fr\/#website\"},\"primaryImageOfPage\":{\"@id\":\"https:\/\/tourtravelandmore.com\/fr\/tours\/royaume-uni-fr\/londres-fr\/toutes-les-visites-et-activites-privees-fr-2\/visite-privee-du-british-museum\/#primaryimage\"},\"image\":{\"@id\":\"https:\/\/tourtravelandmore.com\/fr\/tours\/royaume-uni-fr\/londres-fr\/toutes-les-visites-et-activites-privees-fr-2\/visite-privee-du-british-museum\/#primaryimage\"},\"thumbnailUrl\":\"https:\/\/tourtravelandmore.com\/wp-content\/uploads\/2022\/04\/image3-3.jpg\",\"datePublished\":\"2022-04-09T15:28:25+00:00\",\"dateModified\":\"2024-04-25T18:36:32+00:00\",\"description\":\"D\u00e9couvrez les plus \u00e9tonnantes collections d'art et d'histoire du monde lors d'une visite priv\u00e9e du British Museum o\u00f9 vous serez en compagnie d'un guide officiel priv\u00e9.\",\"breadcrumb\":{\"@id\":\"https:\/\/tourtravelandmore.com\/fr\/tours\/royaume-uni-fr\/londres-fr\/toutes-les-visites-et-activites-privees-fr-2\/visite-privee-du-british-museum\/#breadcrumb\"},\"inLanguage\":\"fr-FR\",\"potentialAction\":[{\"@type\":\"ReadAction\",\"target\":[\"https:\/\/tourtravelandmore.com\/fr\/tours\/royaume-uni-fr\/londres-fr\/toutes-les-visites-et-activites-privees-fr-2\/visite-privee-du-british-museum\/\"]}]},{\"@type\":\"ImageObject\",\"inLanguage\":\"fr-FR\",\"@id\":\"https:\/\/tourtravelandmore.com\/fr\/tours\/royaume-uni-fr\/londres-fr\/toutes-les-visites-et-activites-privees-fr-2\/visite-privee-du-british-museum\/#primaryimage\",\"url\":\"https:\/\/tourtravelandmore.com\/wp-content\/uploads\/2022\/04\/image3-3.jpg\",\"contentUrl\":\"https:\/\/tourtravelandmore.com\/wp-content\/uploads\/2022\/04\/image3-3.jpg\",\"width\":900,\"height\":680},{\"@type\":\"BreadcrumbList\",\"@id\":\"https:\/\/tourtravelandmore.com\/fr\/tours\/royaume-uni-fr\/londres-fr\/toutes-les-visites-et-activites-privees-fr-2\/visite-privee-du-british-museum\/#breadcrumb\",\"itemListElement\":[{\"@type\":\"ListItem\",\"position\":1,\"name\":\"Home\",\"item\":\"https:\/\/tourtravelandmore.com\/fr\/\"},{\"@type\":\"ListItem\",\"position\":2,\"name\":\"Tours\",\"item\":\"https:\/\/tourtravelandmore.com\/fr\/tours\/\"},{\"@type\":\"ListItem\",\"position\":3,\"name\":\"Visite priv\u00e9e \u00e0 pied du British Museum\"}]},{\"@type\":\"WebSite\",\"@id\":\"https:\/\/tourtravelandmore.com\/fr\/#website\",\"url\":\"https:\/\/tourtravelandmore.com\/fr\/\",\"name\":\"Tour Travel And More\",\"description\":\"Private sightseeing tours and luxury transfers in Spain\",\"publisher\":{\"@id\":\"https:\/\/tourtravelandmore.com\/fr\/#organization\"},\"potentialAction\":[{\"@type\":\"SearchAction\",\"target\":{\"@type\":\"EntryPoint\",\"urlTemplate\":\"https:\/\/tourtravelandmore.com\/fr\/?s={search_term_string}\"},\"query-input\":{\"@type\":\"PropertyValueSpecification\",\"valueRequired\":true,\"valueName\":\"search_term_string\"}}],\"inLanguage\":\"fr-FR\"},{\"@type\":\"Organization\",\"@id\":\"https:\/\/tourtravelandmore.com\/fr\/#organization\",\"name\":\"Tour Travel And More\",\"url\":\"https:\/\/tourtravelandmore.com\/fr\/\",\"logo\":{\"@type\":\"ImageObject\",\"inLanguage\":\"fr-FR\",\"@id\":\"https:\/\/tourtravelandmore.com\/fr\/#\/schema\/logo\/image\/\",\"url\":\"https:\/\/tourtravelandmore.com\/wp-content\/uploads\/2022\/12\/cropped-logo-cabecera-new.png\",\"contentUrl\":\"https:\/\/tourtravelandmore.com\/wp-content\/uploads\/2022\/12\/cropped-logo-cabecera-new.png\",\"width\":430,\"height\":61,\"caption\":\"Tour Travel And More\"},\"image\":{\"@id\":\"https:\/\/tourtravelandmore.com\/fr\/#\/schema\/logo\/image\/\"},\"sameAs\":[\"https:\/\/www.facebook.com\/tourtravelandmore\/\",\"https:\/\/x.com\/TourTravel_More\"]}]}<\/script>\n<!-- \/ Yoast SEO Premium plugin. -->","yoast_head_json":{"title":"Visite priv\u00e9e du British Museum avec un guide priv\u00e9","description":"D\u00e9couvrez les plus \u00e9tonnantes collections d'art et d'histoire du monde lors d'une visite priv\u00e9e du British Museum o\u00f9 vous serez en compagnie d'un guide officiel priv\u00e9.","robots":{"index":"index","follow":"follow","max-snippet":"max-snippet:-1","max-image-preview":"max-image-preview:large","max-video-preview":"max-video-preview:-1"},"canonical":"https:\/\/tourtravelandmore.com\/fr\/tours\/royaume-uni-fr\/londres-fr\/toutes-les-visites-et-activites-privees-fr-2\/visite-privee-du-british-museum\/","og_locale":"fr_FR","og_type":"article","og_title":"Visite priv\u00e9e \u00e0 pied du British Museum","og_description":"D\u00e9couvrez les plus \u00e9tonnantes collections d'art et d'histoire du monde lors d'une visite priv\u00e9e du British Museum o\u00f9 vous serez en compagnie d'un guide officiel priv\u00e9.","og_url":"https:\/\/tourtravelandmore.com\/fr\/tours\/royaume-uni-fr\/londres-fr\/toutes-les-visites-et-activites-privees-fr-2\/visite-privee-du-british-museum\/","og_site_name":"Tour Travel And More","article_publisher":"https:\/\/www.facebook.com\/tourtravelandmore\/","article_modified_time":"2024-04-25T18:36:32+00:00","og_image":[{"width":900,"height":680,"url":"https:\/\/tourtravelandmore.com\/wp-content\/uploads\/2022\/04\/image3-3.jpg","type":"image\/jpeg"}],"twitter_card":"summary_large_image","twitter_site":"@TourTravel_More","twitter_misc":{"Dur\u00e9e de lecture estim\u00e9e":"3 minutes"},"schema":{"@context":"https:\/\/schema.org","@graph":[{"@type":"WebPage","@id":"https:\/\/tourtravelandmore.com\/fr\/tours\/royaume-uni-fr\/londres-fr\/toutes-les-visites-et-activites-privees-fr-2\/visite-privee-du-british-museum\/","url":"https:\/\/tourtravelandmore.com\/fr\/tours\/royaume-uni-fr\/londres-fr\/toutes-les-visites-et-activites-privees-fr-2\/visite-privee-du-british-museum\/","name":"Visite priv\u00e9e du British Museum avec un guide priv\u00e9","isPartOf":{"@id":"https:\/\/tourtravelandmore.com\/fr\/#website"},"primaryImageOfPage":{"@id":"https:\/\/tourtravelandmore.com\/fr\/tours\/royaume-uni-fr\/londres-fr\/toutes-les-visites-et-activites-privees-fr-2\/visite-privee-du-british-museum\/#primaryimage"},"image":{"@id":"https:\/\/tourtravelandmore.com\/fr\/tours\/royaume-uni-fr\/londres-fr\/toutes-les-visites-et-activites-privees-fr-2\/visite-privee-du-british-museum\/#primaryimage"},"thumbnailUrl":"https:\/\/tourtravelandmore.com\/wp-content\/uploads\/2022\/04\/image3-3.jpg","datePublished":"2022-04-09T15:28:25+00:00","dateModified":"2024-04-25T18:36:32+00:00","description":"D\u00e9couvrez les plus \u00e9tonnantes collections d'art et d'histoire du monde lors d'une visite priv\u00e9e du British Museum o\u00f9 vous serez en compagnie d'un guide officiel priv\u00e9.","breadcrumb":{"@id":"https:\/\/tourtravelandmore.com\/fr\/tours\/royaume-uni-fr\/londres-fr\/toutes-les-visites-et-activites-privees-fr-2\/visite-privee-du-british-museum\/#breadcrumb"},"inLanguage":"fr-FR","potentialAction":[{"@type":"ReadAction","target":["https:\/\/tourtravelandmore.com\/fr\/tours\/royaume-uni-fr\/londres-fr\/toutes-les-visites-et-activites-privees-fr-2\/visite-privee-du-british-museum\/"]}]},{"@type":"ImageObject","inLanguage":"fr-FR","@id":"https:\/\/tourtravelandmore.com\/fr\/tours\/royaume-uni-fr\/londres-fr\/toutes-les-visites-et-activites-privees-fr-2\/visite-privee-du-british-museum\/#primaryimage","url":"https:\/\/tourtravelandmore.com\/wp-content\/uploads\/2022\/04\/image3-3.jpg","contentUrl":"https:\/\/tourtravelandmore.com\/wp-content\/uploads\/2022\/04\/image3-3.jpg","width":900,"height":680},{"@type":"BreadcrumbList","@id":"https:\/\/tourtravelandmore.com\/fr\/tours\/royaume-uni-fr\/londres-fr\/toutes-les-visites-et-activites-privees-fr-2\/visite-privee-du-british-museum\/#breadcrumb","itemListElement":[{"@type":"ListItem","position":1,"name":"Home","item":"https:\/\/tourtravelandmore.com\/fr\/"},{"@type":"ListItem","position":2,"name":"Tours","item":"https:\/\/tourtravelandmore.com\/fr\/tours\/"},{"@type":"ListItem","position":3,"name":"Visite priv\u00e9e \u00e0 pied du British Museum"}]},{"@type":"WebSite","@id":"https:\/\/tourtravelandmore.com\/fr\/#website","url":"https:\/\/tourtravelandmore.com\/fr\/","name":"Tour Travel And More","description":"Private sightseeing tours and luxury transfers in Spain","publisher":{"@id":"https:\/\/tourtravelandmore.com\/fr\/#organization"},"potentialAction":[{"@type":"SearchAction","target":{"@type":"EntryPoint","urlTemplate":"https:\/\/tourtravelandmore.com\/fr\/?s={search_term_string}"},"query-input":{"@type":"PropertyValueSpecification","valueRequired":true,"valueName":"search_term_string"}}],"inLanguage":"fr-FR"},{"@type":"Organization","@id":"https:\/\/tourtravelandmore.com\/fr\/#organization","name":"Tour Travel And More","url":"https:\/\/tourtravelandmore.com\/fr\/","logo":{"@type":"ImageObject","inLanguage":"fr-FR","@id":"https:\/\/tourtravelandmore.com\/fr\/#\/schema\/logo\/image\/","url":"https:\/\/tourtravelandmore.com\/wp-content\/uploads\/2022\/12\/cropped-logo-cabecera-new.png","contentUrl":"https:\/\/tourtravelandmore.com\/wp-content\/uploads\/2022\/12\/cropped-logo-cabecera-new.png","width":430,"height":61,"caption":"Tour Travel And More"},"image":{"@id":"https:\/\/tourtravelandmore.com\/fr\/#\/schema\/logo\/image\/"},"sameAs":["https:\/\/www.facebook.com\/tourtravelandmore\/","https:\/\/x.com\/TourTravel_More"]}]}},"_links":{"self":[{"href":"https:\/\/tourtravelandmore.com\/fr\/wp-json\/wp\/v2\/product\/122776","targetHints":{"allow":["GET"]}}],"collection":[{"href":"https:\/\/tourtravelandmore.com\/fr\/wp-json\/wp\/v2\/product"}],"about":[{"href":"https:\/\/tourtravelandmore.com\/fr\/wp-json\/wp\/v2\/types\/product"}],"replies":[{"embeddable":true,"href":"https:\/\/tourtravelandmore.com\/fr\/wp-json\/wp\/v2\/comments?post=122776"}],"wp:featuredmedia":[{"embeddable":true,"href":"https:\/\/tourtravelandmore.com\/fr\/wp-json\/wp\/v2\/media\/122794"}],"wp:attachment":[{"href":"https:\/\/tourtravelandmore.com\/fr\/wp-json\/wp\/v2\/media?parent=122776"}],"wp:term":[{"taxonomy":"product_brand","embeddable":true,"href":"https:\/\/tourtravelandmore.com\/fr\/wp-json\/wp\/v2\/product_brand?post=122776"},{"taxonomy":"product_cat","embeddable":true,"href":"https:\/\/tourtravelandmore.com\/fr\/wp-json\/wp\/v2\/product_cat?post=122776"},{"taxonomy":"product_tag","embeddable":true,"href":"https:\/\/tourtravelandmore.com\/fr\/wp-json\/wp\/v2\/product_tag?post=122776"}],"curies":[{"name":"wp","href":"https:\/\/api.w.org\/{rel}","templated":true}]}}