{"id":122702,"date":"2022-04-09T11:57:25","date_gmt":"2022-04-09T09:57:34","guid":{"rendered":"https:\/\/tourtravelandmore.com\/?post_type=product&#038;p=122702"},"modified":"2024-04-04T18:59:09","modified_gmt":"2024-04-04T16:59:09","slug":"escale-a-londres-visite-privee-depuis-laeroport","status":"publish","type":"product","link":"https:\/\/tourtravelandmore.com\/fr\/tours\/royaume-uni-fr\/londres-fr\/toutes-les-visites-et-activites-privees-fr-2\/escale-a-londres-visite-privee-depuis-laeroport\/","title":{"rendered":"Escale \u00e0 Londres ? Visite priv\u00e9e depuis l&#8217;a\u00e9roport"},"content":{"rendered":"<h2><b>Description de la visite priv\u00e9e depuis l&#8217;a\u00e9roport<\/b><\/h2>\n<p>Vous avez une escale \u00e0 l&#8217;a\u00e9roport de Londres ? Alors, profitez de ce tour priv\u00e9 depuis l&#8217;a\u00e9roport pour visiter les principaux monuments de la capitale anglaise.<\/p>\n<p>A votre arriv\u00e9e \u00e0 l&#8217;a\u00e9roport, le chauffeur priv\u00e9 vous attendra \u00e0 l&#8217;entr\u00e9e avec un badge d&#8217;identification afin que vous ne perdiez pas de temps pour votre visite.<\/p>\n<p>De l\u00e0, vous monterez dans une voiture de luxe confortable pour rencontrer votre guide priv\u00e9 qui vous emm\u00e8nera visiter les lieux les plus attrayants et les plus importants de Londres tels que Big Ben, Buckingham Palace, Piccadilly Circus et bien d&#8217;autres encore.<\/p>\n<p>Il s&#8217;agit d&#8217;une visite panoramique, confortable et fluide, qui permet au guide de d\u00e9crire les lieux les plus embl\u00e9matiques. Il vous donnera \u00e9galement des informations amusantes et int\u00e9ressantes sur chacun des lieux que vous visiterez.<\/p>\n<p>Tenez compte du fait qu&#8217;il faut ajouter le temps n\u00e9cessaire \u00e0 l&#8217;a\u00e9roport pour embarquer sur le vol (2 heures), ainsi que le trajet pour se rendre au centre-ville, qui dure environ 90 minutes.<\/p>\n<p>Si vous voyagez seul ou en famille et que vous souhaitez d\u00e9couvrir la ville d&#8217;une mani\u00e8re unique, cette visite est faite pour vous, car vous apprendrez beaucoup sur Londres et son histoire.<\/p>\n<h2><b>Points d&#8217;int\u00e9r\u00eat de la visite priv\u00e9e<\/b><\/h2>\n<p>Notre visite priv\u00e9e de Londres est parfaite pour les voyageurs qui n&#8217;ont que quelques heures pour visiter la ville, mais qui veulent profiter au maximum de leur escale.<\/p>\n<p>De plus, cette visite se fera dans une voiture priv\u00e9e avec un guide officiel qui vous montrera les points d&#8217;int\u00e9r\u00eat suivants :<\/p>\n<p>Le chauffeur viendra vous chercher \u00e0 l&#8217;a\u00e9roport et vous emm\u00e8nera avec le guide priv\u00e9 visiter les lieux suivants :<\/p>\n<ul>\n<li aria-level=\"1\"><b>Buckingham Palace.<\/b><\/li>\n<li aria-level=\"1\"><b>Piccadilly Circus.<\/b><\/li>\n<li aria-level=\"1\"><b>London Eye.<\/b><\/li>\n<li aria-level=\"1\"><b>Tour de Londres.<\/b><\/li>\n<li aria-level=\"1\"><b>Big Ben.<\/b><\/li>\n<li aria-level=\"1\"><b>Tower Bridge.<\/b><\/li>\n<li aria-level=\"1\"><b>Borough Market.<\/b><\/li>\n<li aria-level=\"1\"><b>La cath\u00e9drale St. Paul.<\/b><\/li>\n<li aria-level=\"1\"><b>Covent Garden, Chinatown et bien plus encore.<\/b><\/li>\n<\/ul>\n<p><span style=\"font-weight: 400;\">\u00c0 la fin de l&#8217;une des options que vous avez choisies, le chauffeur vous ram\u00e8nera \u00e0 l&#8217;a\u00e9roport afin que vous puissiez reprendre votre itin\u00e9raire de vol sans d\u00e9lai.<\/span><\/p>\n<p><span style=\"font-weight: 400;\">Si vous pr\u00e9voyez de rester plus longtemps \u00e0 Londres, vous pouvez consulter notre liste de visites <\/span><a href=\"https:\/\/tourtravelandmore.com\/fr\/city\/royaume-uni-fr\/londres-fr\/\"><span style=\"font-weight: 400;\">priv\u00e9es dans la City de Londres.<\/span><\/a><\/p>\n","protected":false},"excerpt":{"rendered":"<p><span style=\"font-weight: 400;\">Si vous vous arr\u00eatez \u00e0 Londres, profitez de votre temps pour explorer les lieux les plus embl\u00e9matiques de la capitale anglaise tels que Piccadilly Circus, le London Eye, Buckingham Palace et bien plus encore. Vous b\u00e9n\u00e9ficierez d&#8217;un transfert exclusif dans une voiture de luxe et vous serez accompagn\u00e9 d&#8217;un guide officiel priv\u00e9 pour conna\u00eetre chaque d\u00e9tail de cette ville incroyable.<\/span><\/p>\n","protected":false},"featured_media":122574,"comment_status":"open","ping_status":"closed","template":"","meta":{"_acf_changed":false},"product_brand":[],"product_cat":[3545,3546,4117,4118],"product_tag":[],"class_list":{"0":"post-122702","1":"product","2":"type-product","3":"status-publish","4":"has-post-thumbnail","6":"product_cat-royaume-uni-fr","7":"product_cat-londres-fr","8":"product_cat-toutes-les-visites-et-activites-privees-fr-2","9":"product_cat-visites-touristiques","11":"first","12":"instock","13":"shipping-taxable","14":"purchasable","15":"product-type-simple"},"acf":[],"yoast_head":"<!-- This site is optimized with the Yoast SEO Premium plugin v25.3.1 (Yoast SEO v25.3.1) - https:\/\/yoast.com\/wordpress\/plugins\/seo\/ -->\n<title>Visite priv\u00e9e depuis l&#039;a\u00e9roport de Londres avec transfert en voiture et guide priv\u00e9<\/title>\n<meta name=\"description\" content=\"Ne perdez pas une minute de votre temps en Angleterre. Si vous avez une escale \u00e0 l&#039;a\u00e9roport de Londres, profitez d&#039;une visite priv\u00e9e de la capitale anglaise avec transfert depuis et vers l&#039;a\u00e9roport et en compagnie d&#039;un guide officiel.\" \/>\n<meta name=\"robots\" content=\"index, follow, max-snippet:-1, max-image-preview:large, max-video-preview:-1\" \/>\n<link rel=\"canonical\" href=\"https:\/\/tourtravelandmore.com\/fr\/tours\/royaume-uni-fr\/londres-fr\/toutes-les-visites-et-activites-privees-fr-2\/escale-a-londres-visite-privee-depuis-laeroport\/\" \/>\n<meta property=\"og:locale\" content=\"fr_FR\" \/>\n<meta property=\"og:type\" content=\"article\" \/>\n<meta property=\"og:title\" content=\"Escale \u00e0 Londres ? Visite priv\u00e9e depuis l&#039;a\u00e9roport\" \/>\n<meta property=\"og:description\" content=\"Ne perdez pas une minute de votre temps en Angleterre. Si vous avez une escale \u00e0 l&#039;a\u00e9roport de Londres, profitez d&#039;une visite priv\u00e9e de la capitale anglaise avec transfert depuis et vers l&#039;a\u00e9roport et en compagnie d&#039;un guide officiel.\" \/>\n<meta property=\"og:url\" content=\"https:\/\/tourtravelandmore.com\/fr\/tours\/royaume-uni-fr\/londres-fr\/toutes-les-visites-et-activites-privees-fr-2\/escale-a-londres-visite-privee-depuis-laeroport\/\" \/>\n<meta property=\"og:site_name\" content=\"Tour Travel And More\" \/>\n<meta property=\"article:publisher\" content=\"https:\/\/www.facebook.com\/tourtravelandmore\/\" \/>\n<meta property=\"article:modified_time\" content=\"2024-04-04T16:59:09+00:00\" \/>\n<meta property=\"og:image\" content=\"https:\/\/tourtravelandmore.com\/wp-content\/uploads\/2019\/03\/image4.jpg\" \/>\n\t<meta property=\"og:image:width\" content=\"900\" \/>\n\t<meta property=\"og:image:height\" content=\"680\" \/>\n\t<meta property=\"og:image:type\" content=\"image\/jpeg\" \/>\n<meta name=\"twitter:card\" content=\"summary_large_image\" \/>\n<meta name=\"twitter:site\" content=\"@TourTravel_More\" \/>\n<meta name=\"twitter:label1\" content=\"Dur\u00e9e de lecture estim\u00e9e\" \/>\n\t<meta name=\"twitter:data1\" content=\"2 minutes\" \/>\n<script type=\"application\/ld+json\" class=\"yoast-schema-graph\">{\"@context\":\"https:\/\/schema.org\",\"@graph\":[{\"@type\":\"WebPage\",\"@id\":\"https:\/\/tourtravelandmore.com\/fr\/tours\/royaume-uni-fr\/londres-fr\/toutes-les-visites-et-activites-privees-fr-2\/escale-a-londres-visite-privee-depuis-laeroport\/\",\"url\":\"https:\/\/tourtravelandmore.com\/fr\/tours\/royaume-uni-fr\/londres-fr\/toutes-les-visites-et-activites-privees-fr-2\/escale-a-londres-visite-privee-depuis-laeroport\/\",\"name\":\"Visite priv\u00e9e depuis l'a\u00e9roport de Londres avec transfert en voiture et guide priv\u00e9\",\"isPartOf\":{\"@id\":\"https:\/\/tourtravelandmore.com\/fr\/#website\"},\"primaryImageOfPage\":{\"@id\":\"https:\/\/tourtravelandmore.com\/fr\/tours\/royaume-uni-fr\/londres-fr\/toutes-les-visites-et-activites-privees-fr-2\/escale-a-londres-visite-privee-depuis-laeroport\/#primaryimage\"},\"image\":{\"@id\":\"https:\/\/tourtravelandmore.com\/fr\/tours\/royaume-uni-fr\/londres-fr\/toutes-les-visites-et-activites-privees-fr-2\/escale-a-londres-visite-privee-depuis-laeroport\/#primaryimage\"},\"thumbnailUrl\":\"https:\/\/tourtravelandmore.com\/wp-content\/uploads\/2019\/03\/image4.jpg\",\"datePublished\":\"2022-04-09T09:57:34+00:00\",\"dateModified\":\"2024-04-04T16:59:09+00:00\",\"description\":\"Ne perdez pas une minute de votre temps en Angleterre. Si vous avez une escale \u00e0 l'a\u00e9roport de Londres, profitez d'une visite priv\u00e9e de la capitale anglaise avec transfert depuis et vers l'a\u00e9roport et en compagnie d'un guide officiel.\",\"breadcrumb\":{\"@id\":\"https:\/\/tourtravelandmore.com\/fr\/tours\/royaume-uni-fr\/londres-fr\/toutes-les-visites-et-activites-privees-fr-2\/escale-a-londres-visite-privee-depuis-laeroport\/#breadcrumb\"},\"inLanguage\":\"fr-FR\",\"potentialAction\":[{\"@type\":\"ReadAction\",\"target\":[\"https:\/\/tourtravelandmore.com\/fr\/tours\/royaume-uni-fr\/londres-fr\/toutes-les-visites-et-activites-privees-fr-2\/escale-a-londres-visite-privee-depuis-laeroport\/\"]}]},{\"@type\":\"ImageObject\",\"inLanguage\":\"fr-FR\",\"@id\":\"https:\/\/tourtravelandmore.com\/fr\/tours\/royaume-uni-fr\/londres-fr\/toutes-les-visites-et-activites-privees-fr-2\/escale-a-londres-visite-privee-depuis-laeroport\/#primaryimage\",\"url\":\"https:\/\/tourtravelandmore.com\/wp-content\/uploads\/2019\/03\/image4.jpg\",\"contentUrl\":\"https:\/\/tourtravelandmore.com\/wp-content\/uploads\/2019\/03\/image4.jpg\",\"width\":900,\"height\":680},{\"@type\":\"BreadcrumbList\",\"@id\":\"https:\/\/tourtravelandmore.com\/fr\/tours\/royaume-uni-fr\/londres-fr\/toutes-les-visites-et-activites-privees-fr-2\/escale-a-londres-visite-privee-depuis-laeroport\/#breadcrumb\",\"itemListElement\":[{\"@type\":\"ListItem\",\"position\":1,\"name\":\"Home\",\"item\":\"https:\/\/tourtravelandmore.com\/fr\/\"},{\"@type\":\"ListItem\",\"position\":2,\"name\":\"Tours\",\"item\":\"https:\/\/tourtravelandmore.com\/fr\/tours\/\"},{\"@type\":\"ListItem\",\"position\":3,\"name\":\"Escale \u00e0 Londres ? Visite priv\u00e9e depuis l&#8217;a\u00e9roport\"}]},{\"@type\":\"WebSite\",\"@id\":\"https:\/\/tourtravelandmore.com\/fr\/#website\",\"url\":\"https:\/\/tourtravelandmore.com\/fr\/\",\"name\":\"Tour Travel And More\",\"description\":\"Private sightseeing tours and luxury transfers in Spain\",\"publisher\":{\"@id\":\"https:\/\/tourtravelandmore.com\/fr\/#organization\"},\"potentialAction\":[{\"@type\":\"SearchAction\",\"target\":{\"@type\":\"EntryPoint\",\"urlTemplate\":\"https:\/\/tourtravelandmore.com\/fr\/?s={search_term_string}\"},\"query-input\":{\"@type\":\"PropertyValueSpecification\",\"valueRequired\":true,\"valueName\":\"search_term_string\"}}],\"inLanguage\":\"fr-FR\"},{\"@type\":\"Organization\",\"@id\":\"https:\/\/tourtravelandmore.com\/fr\/#organization\",\"name\":\"Tour Travel And More\",\"url\":\"https:\/\/tourtravelandmore.com\/fr\/\",\"logo\":{\"@type\":\"ImageObject\",\"inLanguage\":\"fr-FR\",\"@id\":\"https:\/\/tourtravelandmore.com\/fr\/#\/schema\/logo\/image\/\",\"url\":\"https:\/\/tourtravelandmore.com\/wp-content\/uploads\/2022\/12\/cropped-logo-cabecera-new.png\",\"contentUrl\":\"https:\/\/tourtravelandmore.com\/wp-content\/uploads\/2022\/12\/cropped-logo-cabecera-new.png\",\"width\":430,\"height\":61,\"caption\":\"Tour Travel And More\"},\"image\":{\"@id\":\"https:\/\/tourtravelandmore.com\/fr\/#\/schema\/logo\/image\/\"},\"sameAs\":[\"https:\/\/www.facebook.com\/tourtravelandmore\/\",\"https:\/\/x.com\/TourTravel_More\"]}]}<\/script>\n<!-- \/ Yoast SEO Premium plugin. -->","yoast_head_json":{"title":"Visite priv\u00e9e depuis l'a\u00e9roport de Londres avec transfert en voiture et guide priv\u00e9","description":"Ne perdez pas une minute de votre temps en Angleterre. Si vous avez une escale \u00e0 l'a\u00e9roport de Londres, profitez d'une visite priv\u00e9e de la capitale anglaise avec transfert depuis et vers l'a\u00e9roport et en compagnie d'un guide officiel.","robots":{"index":"index","follow":"follow","max-snippet":"max-snippet:-1","max-image-preview":"max-image-preview:large","max-video-preview":"max-video-preview:-1"},"canonical":"https:\/\/tourtravelandmore.com\/fr\/tours\/royaume-uni-fr\/londres-fr\/toutes-les-visites-et-activites-privees-fr-2\/escale-a-londres-visite-privee-depuis-laeroport\/","og_locale":"fr_FR","og_type":"article","og_title":"Escale \u00e0 Londres ? Visite priv\u00e9e depuis l'a\u00e9roport","og_description":"Ne perdez pas une minute de votre temps en Angleterre. Si vous avez une escale \u00e0 l'a\u00e9roport de Londres, profitez d'une visite priv\u00e9e de la capitale anglaise avec transfert depuis et vers l'a\u00e9roport et en compagnie d'un guide officiel.","og_url":"https:\/\/tourtravelandmore.com\/fr\/tours\/royaume-uni-fr\/londres-fr\/toutes-les-visites-et-activites-privees-fr-2\/escale-a-londres-visite-privee-depuis-laeroport\/","og_site_name":"Tour Travel And More","article_publisher":"https:\/\/www.facebook.com\/tourtravelandmore\/","article_modified_time":"2024-04-04T16:59:09+00:00","og_image":[{"width":900,"height":680,"url":"https:\/\/tourtravelandmore.com\/wp-content\/uploads\/2019\/03\/image4.jpg","type":"image\/jpeg"}],"twitter_card":"summary_large_image","twitter_site":"@TourTravel_More","twitter_misc":{"Dur\u00e9e de lecture estim\u00e9e":"2 minutes"},"schema":{"@context":"https:\/\/schema.org","@graph":[{"@type":"WebPage","@id":"https:\/\/tourtravelandmore.com\/fr\/tours\/royaume-uni-fr\/londres-fr\/toutes-les-visites-et-activites-privees-fr-2\/escale-a-londres-visite-privee-depuis-laeroport\/","url":"https:\/\/tourtravelandmore.com\/fr\/tours\/royaume-uni-fr\/londres-fr\/toutes-les-visites-et-activites-privees-fr-2\/escale-a-londres-visite-privee-depuis-laeroport\/","name":"Visite priv\u00e9e depuis l'a\u00e9roport de Londres avec transfert en voiture et guide priv\u00e9","isPartOf":{"@id":"https:\/\/tourtravelandmore.com\/fr\/#website"},"primaryImageOfPage":{"@id":"https:\/\/tourtravelandmore.com\/fr\/tours\/royaume-uni-fr\/londres-fr\/toutes-les-visites-et-activites-privees-fr-2\/escale-a-londres-visite-privee-depuis-laeroport\/#primaryimage"},"image":{"@id":"https:\/\/tourtravelandmore.com\/fr\/tours\/royaume-uni-fr\/londres-fr\/toutes-les-visites-et-activites-privees-fr-2\/escale-a-londres-visite-privee-depuis-laeroport\/#primaryimage"},"thumbnailUrl":"https:\/\/tourtravelandmore.com\/wp-content\/uploads\/2019\/03\/image4.jpg","datePublished":"2022-04-09T09:57:34+00:00","dateModified":"2024-04-04T16:59:09+00:00","description":"Ne perdez pas une minute de votre temps en Angleterre. Si vous avez une escale \u00e0 l'a\u00e9roport de Londres, profitez d'une visite priv\u00e9e de la capitale anglaise avec transfert depuis et vers l'a\u00e9roport et en compagnie d'un guide officiel.","breadcrumb":{"@id":"https:\/\/tourtravelandmore.com\/fr\/tours\/royaume-uni-fr\/londres-fr\/toutes-les-visites-et-activites-privees-fr-2\/escale-a-londres-visite-privee-depuis-laeroport\/#breadcrumb"},"inLanguage":"fr-FR","potentialAction":[{"@type":"ReadAction","target":["https:\/\/tourtravelandmore.com\/fr\/tours\/royaume-uni-fr\/londres-fr\/toutes-les-visites-et-activites-privees-fr-2\/escale-a-londres-visite-privee-depuis-laeroport\/"]}]},{"@type":"ImageObject","inLanguage":"fr-FR","@id":"https:\/\/tourtravelandmore.com\/fr\/tours\/royaume-uni-fr\/londres-fr\/toutes-les-visites-et-activites-privees-fr-2\/escale-a-londres-visite-privee-depuis-laeroport\/#primaryimage","url":"https:\/\/tourtravelandmore.com\/wp-content\/uploads\/2019\/03\/image4.jpg","contentUrl":"https:\/\/tourtravelandmore.com\/wp-content\/uploads\/2019\/03\/image4.jpg","width":900,"height":680},{"@type":"BreadcrumbList","@id":"https:\/\/tourtravelandmore.com\/fr\/tours\/royaume-uni-fr\/londres-fr\/toutes-les-visites-et-activites-privees-fr-2\/escale-a-londres-visite-privee-depuis-laeroport\/#breadcrumb","itemListElement":[{"@type":"ListItem","position":1,"name":"Home","item":"https:\/\/tourtravelandmore.com\/fr\/"},{"@type":"ListItem","position":2,"name":"Tours","item":"https:\/\/tourtravelandmore.com\/fr\/tours\/"},{"@type":"ListItem","position":3,"name":"Escale \u00e0 Londres ? Visite priv\u00e9e depuis l&#8217;a\u00e9roport"}]},{"@type":"WebSite","@id":"https:\/\/tourtravelandmore.com\/fr\/#website","url":"https:\/\/tourtravelandmore.com\/fr\/","name":"Tour Travel And More","description":"Private sightseeing tours and luxury transfers in Spain","publisher":{"@id":"https:\/\/tourtravelandmore.com\/fr\/#organization"},"potentialAction":[{"@type":"SearchAction","target":{"@type":"EntryPoint","urlTemplate":"https:\/\/tourtravelandmore.com\/fr\/?s={search_term_string}"},"query-input":{"@type":"PropertyValueSpecification","valueRequired":true,"valueName":"search_term_string"}}],"inLanguage":"fr-FR"},{"@type":"Organization","@id":"https:\/\/tourtravelandmore.com\/fr\/#organization","name":"Tour Travel And More","url":"https:\/\/tourtravelandmore.com\/fr\/","logo":{"@type":"ImageObject","inLanguage":"fr-FR","@id":"https:\/\/tourtravelandmore.com\/fr\/#\/schema\/logo\/image\/","url":"https:\/\/tourtravelandmore.com\/wp-content\/uploads\/2022\/12\/cropped-logo-cabecera-new.png","contentUrl":"https:\/\/tourtravelandmore.com\/wp-content\/uploads\/2022\/12\/cropped-logo-cabecera-new.png","width":430,"height":61,"caption":"Tour Travel And More"},"image":{"@id":"https:\/\/tourtravelandmore.com\/fr\/#\/schema\/logo\/image\/"},"sameAs":["https:\/\/www.facebook.com\/tourtravelandmore\/","https:\/\/x.com\/TourTravel_More"]}]}},"_links":{"self":[{"href":"https:\/\/tourtravelandmore.com\/fr\/wp-json\/wp\/v2\/product\/122702","targetHints":{"allow":["GET"]}}],"collection":[{"href":"https:\/\/tourtravelandmore.com\/fr\/wp-json\/wp\/v2\/product"}],"about":[{"href":"https:\/\/tourtravelandmore.com\/fr\/wp-json\/wp\/v2\/types\/product"}],"replies":[{"embeddable":true,"href":"https:\/\/tourtravelandmore.com\/fr\/wp-json\/wp\/v2\/comments?post=122702"}],"wp:featuredmedia":[{"embeddable":true,"href":"https:\/\/tourtravelandmore.com\/fr\/wp-json\/wp\/v2\/media\/122574"}],"wp:attachment":[{"href":"https:\/\/tourtravelandmore.com\/fr\/wp-json\/wp\/v2\/media?parent=122702"}],"wp:term":[{"taxonomy":"product_brand","embeddable":true,"href":"https:\/\/tourtravelandmore.com\/fr\/wp-json\/wp\/v2\/product_brand?post=122702"},{"taxonomy":"product_cat","embeddable":true,"href":"https:\/\/tourtravelandmore.com\/fr\/wp-json\/wp\/v2\/product_cat?post=122702"},{"taxonomy":"product_tag","embeddable":true,"href":"https:\/\/tourtravelandmore.com\/fr\/wp-json\/wp\/v2\/product_tag?post=122702"}],"curies":[{"name":"wp","href":"https:\/\/api.w.org\/{rel}","templated":true}]}}