{"id":122591,"date":"2022-04-08T16:58:23","date_gmt":"2022-04-08T14:58:33","guid":{"rendered":"https:\/\/tourtravelandmore.com\/?post_type=product&#038;p=122591"},"modified":"2024-04-05T17:14:28","modified_gmt":"2024-04-05T15:14:28","slug":"visite-guidee-de-harry-potter-aux-studios-warner","status":"publish","type":"product","link":"https:\/\/tourtravelandmore.com\/fr\/tours\/royaume-uni-fr\/londres-fr\/toutes-les-visites-et-activites-privees-fr-2\/visite-guidee-de-harry-potter-aux-studios-warner\/","title":{"rendered":"Visite guid\u00e9e de Harry Potter aux studios Warner"},"content":{"rendered":"<h2><b>Description de la visite guid\u00e9e des studios Warner consacr\u00e9e \u00e0 Harry Potter\u00a0<\/b><\/h2>\n<p><span style=\"font-weight: 400;\">Laissez la magie prendre vie, avec cette visite des d\u00e9cors originaux et des d\u00e9cors des films Harry Potter lors de notre visite priv\u00e9e du studio Warner Bros. \u00e0 Londres.\u00a0<\/span><\/p>\n<p><span style=\"font-weight: 400;\">Explorez les d\u00e9cors, costumes et accessoires authentiques qui racontent l&#8217;histoire de la cr\u00e9ation de la s\u00e9rie de films Harry Potter.\u00a0<\/span><\/p>\n<p><span style=\"font-weight: 400;\">Vous d\u00e9couvrirez \u00e9galement certains secrets bien gard\u00e9s par les producteurs, y compris des faits sur les effets sp\u00e9ciaux et les animatronics qui ont rendu les huit films si populaires dans le monde entier.<\/span><\/p>\n<p><span style=\"font-weight: 400;\">Il s&#8217;agit d&#8217;une visite personnalis\u00e9e de 8 heures, qui commence par un accueil \u00e0 un point convenu du centre de Londres et un transfert en voiture exclusive vers les studios Warner, situ\u00e9s \u00e0 moins d&#8217;une heure de la ville.\u00a0<\/span><\/p>\n<p><span style=\"font-weight: 400;\">Le plus int\u00e9ressant, c&#8217;est que vous recevrez des billets exclusifs et qu&#8217;une fois \u00e0 l&#8217;int\u00e9rieur, vous pourrez explorer un certain nombre de lieux fantastiques tels que la plate-forme 9 3\/4, l&#8217;all\u00e9e Diagon, la grande salle \u00e0 manger, le bureau du directeur Dumbledore, la cabane de Hagrid, et bien d&#8217;autres attractions.\u00a0<\/span><\/p>\n<p><span style=\"font-weight: 400;\">Vous d\u00e9couvrirez \u00e9galement comment une \u00e9quipe de plus de 250 personnes a surmont\u00e9 d&#8217;\u00e9normes obstacles pour donner vie aux histoires extraordinaires de J.K. Rowling.<\/span><\/p>\n<p><span style=\"font-weight: 400;\">\u00c0 la fin de la visite, nous vous ram\u00e8nerons \u00e0 Londres, et si vous souhaitez voir plus de cette ville incroyable, vous pouvez opter pour notre <a href=\"https:\/\/tourtravelandmore.com\/fr\/tours\/royaume-uni-fr\/londres-fr\/toutes-les-visites-et-activites-privees-fr-2\/visite-privee-du-british-museum\/\">visite priv\u00e9e du <\/a><\/span><span style=\"font-weight: 400;\">British Museum<\/span><span style=\"font-weight: 400;\"> pour voir les collections d&#8217;art et d&#8217;histoire les plus importantes du Royaume-Uni.\u00a0<\/span><\/p>\n<h2><b>Points forts du circuit Harry Potter aux Warner Studios\u00a0<\/b><\/h2>\n<p><span style=\"font-weight: 400;\">Explorez les univers magiques d&#8217;Harry Potter lors de cette visite des studios Warner Bros. Commencez votre aventure par un transfert exclusif du centre de Londres vers le plateau de tournage, qui se trouve \u00e0 quelques minutes de la ville.\u00a0<\/span><\/p>\n<p><span style=\"font-weight: 400;\">\u00c0 votre arriv\u00e9e, vous disposerez de billets exclusifs, de sorte qu&#8217;il n&#8217;y aura pas d&#8217;attente pour entrer dans les studios. Vous embarquerez ensuite pour une visite exclusive et autonome des lieux magiques de Warner Bros. o\u00f9 les 8 films Harry Potter ont \u00e9t\u00e9 tourn\u00e9s.\u00a0<\/span><\/p>\n<p><span style=\"font-weight: 400;\">Vous pourrez voir de pr\u00e8s le Grand Hall o\u00f9 les personnages qui ont \u00e9tudi\u00e9 et travaill\u00e9 \u00e0 l&#8217;\u00e9cole de sorcellerie Poudlard ont v\u00e9cu tant d&#8217;\u00e9motions.<\/span><\/p>\n<p><span style=\"font-weight: 400;\">Avec cette visite, vous verrez de pr\u00e8s le Poudlard Express original et vous passerez \u00e9galement par le quai 9 \u00be, l&#8217;endroit o\u00f9 les personnages entraient dans la gare qui les emmenait \u00e0 l&#8217;\u00e9cole de magie.\u00a0<\/span><\/p>\n<p><span style=\"font-weight: 400;\">Ce sera un moment passionnant pour vous de revivre la magie et l&#8217;excitation de vos films pr\u00e9f\u00e9r\u00e9s.\u00a0<\/span><\/p>\n<p><span style=\"font-weight: 400;\">Outre les points d&#8217;int\u00e9r\u00eat que nous avons d\u00e9j\u00e0 mentionn\u00e9s, vous pourrez \u00e9galement explorer les sc\u00e9narios et lieux suivants :\u00a0<\/span><\/p>\n<ul>\n<li><b>La for\u00eat enchant\u00e9e.\u00a0<\/b><\/li>\n<li><b>La cabane de Hagrid.\u00a0<\/b><\/li>\n<li><b>Le Minist\u00e8re de la Magie.\u00a0<\/b><\/li>\n<li><b>Diagon Alley.<\/b><\/li>\n<li><b>Les couloirs, les halls et les salles de Poudlard.<\/b><\/li>\n<li><b>le bureau du professeur Umbridge et bien plus encore.\u00a0<\/b><\/li>\n<\/ul>\n<p><span style=\"font-weight: 400;\">Vous pourrez \u00e9galement interagir avec diverses expositions, costumes et personnages anim\u00e9s des films. Ce sera une exp\u00e9rience o\u00f9 vous aurez l&#8217;impression de faire partie de la saga.\u00a0<\/span><\/p>\n<p><span style=\"font-weight: 400;\">Apr\u00e8s avoir v\u00e9cu cette aventure extraordinaire, nous vous ram\u00e8nerons \u00e0 Londres pour un retour confortable dans la ville.<\/span><\/p>\n","protected":false},"excerpt":{"rendered":"<p><span style=\"font-weight: 400;\">Si vous \u00eates un fan de Harry Potter, profitez de votre s\u00e9jour \u00e0 Londres pour visiter les studios Warner et voir de pr\u00e8s tous les d\u00e9cors originaux des huit films de la saga. De plus, vous disposerez de billets exclusifs et d&#8217;un transport priv\u00e9 pour vous emmener et vous ramener afin que vous puissiez explorer les merveilles du monde magique d&#8217;Harry Potter \u00e0 votre propre rythme. <\/span><\/p>\n","protected":false},"featured_media":122609,"comment_status":"open","ping_status":"closed","template":"","meta":{"_acf_changed":false},"product_brand":[],"product_cat":[3545,3546,4117,4118],"product_tag":[],"class_list":{"0":"post-122591","1":"product","2":"type-product","3":"status-publish","4":"has-post-thumbnail","6":"product_cat-royaume-uni-fr","7":"product_cat-londres-fr","8":"product_cat-toutes-les-visites-et-activites-privees-fr-2","9":"product_cat-visites-touristiques","11":"first","12":"instock","13":"shipping-taxable","14":"purchasable","15":"product-type-simple"},"acf":[],"yoast_head":"<!-- This site is optimized with the Yoast SEO Premium plugin v25.3.1 (Yoast SEO v25.3.1) - https:\/\/yoast.com\/wordpress\/plugins\/seo\/ -->\n<title>Visite Harry Potter aux Warner Studios avec billets exclusifs et transfert aller-retour.<\/title>\n<meta name=\"description\" content=\"Pr\u00e9parez-vous \u00e0 marcher sur les traces de vos personnages pr\u00e9f\u00e9r\u00e9s des films Harry Potter et profitez d&#039;une visite personnalis\u00e9e des studios Warner Bros de Londres avec transfert aller-retour et billets exclusifs.\" \/>\n<meta name=\"robots\" content=\"index, follow, max-snippet:-1, max-image-preview:large, max-video-preview:-1\" \/>\n<link rel=\"canonical\" href=\"https:\/\/tourtravelandmore.com\/fr\/tours\/royaume-uni-fr\/londres-fr\/toutes-les-visites-et-activites-privees-fr-2\/visite-guidee-de-harry-potter-aux-studios-warner\/\" \/>\n<meta property=\"og:locale\" content=\"fr_FR\" \/>\n<meta property=\"og:type\" content=\"article\" \/>\n<meta property=\"og:title\" content=\"Visite guid\u00e9e de Harry Potter aux studios Warner\" \/>\n<meta property=\"og:description\" content=\"Pr\u00e9parez-vous \u00e0 marcher sur les traces de vos personnages pr\u00e9f\u00e9r\u00e9s des films Harry Potter et profitez d&#039;une visite personnalis\u00e9e des studios Warner Bros de Londres avec transfert aller-retour et billets exclusifs.\" \/>\n<meta property=\"og:url\" content=\"https:\/\/tourtravelandmore.com\/fr\/tours\/royaume-uni-fr\/londres-fr\/toutes-les-visites-et-activites-privees-fr-2\/visite-guidee-de-harry-potter-aux-studios-warner\/\" \/>\n<meta property=\"og:site_name\" content=\"Tour Travel And More\" \/>\n<meta property=\"article:publisher\" content=\"https:\/\/www.facebook.com\/tourtravelandmore\/\" \/>\n<meta property=\"article:modified_time\" content=\"2024-04-05T15:14:28+00:00\" \/>\n<meta property=\"og:image\" content=\"https:\/\/tourtravelandmore.com\/wp-content\/uploads\/2022\/04\/image4.jpg\" \/>\n\t<meta property=\"og:image:width\" content=\"900\" \/>\n\t<meta property=\"og:image:height\" content=\"680\" \/>\n\t<meta property=\"og:image:type\" content=\"image\/jpeg\" \/>\n<meta name=\"twitter:card\" content=\"summary_large_image\" \/>\n<meta name=\"twitter:site\" content=\"@TourTravel_More\" \/>\n<meta name=\"twitter:label1\" content=\"Dur\u00e9e de lecture estim\u00e9e\" \/>\n\t<meta name=\"twitter:data1\" content=\"3 minutes\" \/>\n<script type=\"application\/ld+json\" class=\"yoast-schema-graph\">{\"@context\":\"https:\/\/schema.org\",\"@graph\":[{\"@type\":\"WebPage\",\"@id\":\"https:\/\/tourtravelandmore.com\/fr\/tours\/royaume-uni-fr\/londres-fr\/toutes-les-visites-et-activites-privees-fr-2\/visite-guidee-de-harry-potter-aux-studios-warner\/\",\"url\":\"https:\/\/tourtravelandmore.com\/fr\/tours\/royaume-uni-fr\/londres-fr\/toutes-les-visites-et-activites-privees-fr-2\/visite-guidee-de-harry-potter-aux-studios-warner\/\",\"name\":\"Visite Harry Potter aux Warner Studios avec billets exclusifs et transfert aller-retour.\",\"isPartOf\":{\"@id\":\"https:\/\/tourtravelandmore.com\/fr\/#website\"},\"primaryImageOfPage\":{\"@id\":\"https:\/\/tourtravelandmore.com\/fr\/tours\/royaume-uni-fr\/londres-fr\/toutes-les-visites-et-activites-privees-fr-2\/visite-guidee-de-harry-potter-aux-studios-warner\/#primaryimage\"},\"image\":{\"@id\":\"https:\/\/tourtravelandmore.com\/fr\/tours\/royaume-uni-fr\/londres-fr\/toutes-les-visites-et-activites-privees-fr-2\/visite-guidee-de-harry-potter-aux-studios-warner\/#primaryimage\"},\"thumbnailUrl\":\"https:\/\/tourtravelandmore.com\/wp-content\/uploads\/2022\/04\/image4.jpg\",\"datePublished\":\"2022-04-08T14:58:33+00:00\",\"dateModified\":\"2024-04-05T15:14:28+00:00\",\"description\":\"Pr\u00e9parez-vous \u00e0 marcher sur les traces de vos personnages pr\u00e9f\u00e9r\u00e9s des films Harry Potter et profitez d'une visite personnalis\u00e9e des studios Warner Bros de Londres avec transfert aller-retour et billets exclusifs.\",\"breadcrumb\":{\"@id\":\"https:\/\/tourtravelandmore.com\/fr\/tours\/royaume-uni-fr\/londres-fr\/toutes-les-visites-et-activites-privees-fr-2\/visite-guidee-de-harry-potter-aux-studios-warner\/#breadcrumb\"},\"inLanguage\":\"fr-FR\",\"potentialAction\":[{\"@type\":\"ReadAction\",\"target\":[\"https:\/\/tourtravelandmore.com\/fr\/tours\/royaume-uni-fr\/londres-fr\/toutes-les-visites-et-activites-privees-fr-2\/visite-guidee-de-harry-potter-aux-studios-warner\/\"]}]},{\"@type\":\"ImageObject\",\"inLanguage\":\"fr-FR\",\"@id\":\"https:\/\/tourtravelandmore.com\/fr\/tours\/royaume-uni-fr\/londres-fr\/toutes-les-visites-et-activites-privees-fr-2\/visite-guidee-de-harry-potter-aux-studios-warner\/#primaryimage\",\"url\":\"https:\/\/tourtravelandmore.com\/wp-content\/uploads\/2022\/04\/image4.jpg\",\"contentUrl\":\"https:\/\/tourtravelandmore.com\/wp-content\/uploads\/2022\/04\/image4.jpg\",\"width\":900,\"height\":680},{\"@type\":\"BreadcrumbList\",\"@id\":\"https:\/\/tourtravelandmore.com\/fr\/tours\/royaume-uni-fr\/londres-fr\/toutes-les-visites-et-activites-privees-fr-2\/visite-guidee-de-harry-potter-aux-studios-warner\/#breadcrumb\",\"itemListElement\":[{\"@type\":\"ListItem\",\"position\":1,\"name\":\"Home\",\"item\":\"https:\/\/tourtravelandmore.com\/fr\/\"},{\"@type\":\"ListItem\",\"position\":2,\"name\":\"Tours\",\"item\":\"https:\/\/tourtravelandmore.com\/fr\/tours\/\"},{\"@type\":\"ListItem\",\"position\":3,\"name\":\"Visite guid\u00e9e de Harry Potter aux studios Warner\"}]},{\"@type\":\"WebSite\",\"@id\":\"https:\/\/tourtravelandmore.com\/fr\/#website\",\"url\":\"https:\/\/tourtravelandmore.com\/fr\/\",\"name\":\"Tour Travel And More\",\"description\":\"Private sightseeing tours and luxury transfers in Spain\",\"publisher\":{\"@id\":\"https:\/\/tourtravelandmore.com\/fr\/#organization\"},\"potentialAction\":[{\"@type\":\"SearchAction\",\"target\":{\"@type\":\"EntryPoint\",\"urlTemplate\":\"https:\/\/tourtravelandmore.com\/fr\/?s={search_term_string}\"},\"query-input\":{\"@type\":\"PropertyValueSpecification\",\"valueRequired\":true,\"valueName\":\"search_term_string\"}}],\"inLanguage\":\"fr-FR\"},{\"@type\":\"Organization\",\"@id\":\"https:\/\/tourtravelandmore.com\/fr\/#organization\",\"name\":\"Tour Travel And More\",\"url\":\"https:\/\/tourtravelandmore.com\/fr\/\",\"logo\":{\"@type\":\"ImageObject\",\"inLanguage\":\"fr-FR\",\"@id\":\"https:\/\/tourtravelandmore.com\/fr\/#\/schema\/logo\/image\/\",\"url\":\"https:\/\/tourtravelandmore.com\/wp-content\/uploads\/2022\/12\/cropped-logo-cabecera-new.png\",\"contentUrl\":\"https:\/\/tourtravelandmore.com\/wp-content\/uploads\/2022\/12\/cropped-logo-cabecera-new.png\",\"width\":430,\"height\":61,\"caption\":\"Tour Travel And More\"},\"image\":{\"@id\":\"https:\/\/tourtravelandmore.com\/fr\/#\/schema\/logo\/image\/\"},\"sameAs\":[\"https:\/\/www.facebook.com\/tourtravelandmore\/\",\"https:\/\/x.com\/TourTravel_More\"]}]}<\/script>\n<!-- \/ Yoast SEO Premium plugin. -->","yoast_head_json":{"title":"Visite Harry Potter aux Warner Studios avec billets exclusifs et transfert aller-retour.","description":"Pr\u00e9parez-vous \u00e0 marcher sur les traces de vos personnages pr\u00e9f\u00e9r\u00e9s des films Harry Potter et profitez d'une visite personnalis\u00e9e des studios Warner Bros de Londres avec transfert aller-retour et billets exclusifs.","robots":{"index":"index","follow":"follow","max-snippet":"max-snippet:-1","max-image-preview":"max-image-preview:large","max-video-preview":"max-video-preview:-1"},"canonical":"https:\/\/tourtravelandmore.com\/fr\/tours\/royaume-uni-fr\/londres-fr\/toutes-les-visites-et-activites-privees-fr-2\/visite-guidee-de-harry-potter-aux-studios-warner\/","og_locale":"fr_FR","og_type":"article","og_title":"Visite guid\u00e9e de Harry Potter aux studios Warner","og_description":"Pr\u00e9parez-vous \u00e0 marcher sur les traces de vos personnages pr\u00e9f\u00e9r\u00e9s des films Harry Potter et profitez d'une visite personnalis\u00e9e des studios Warner Bros de Londres avec transfert aller-retour et billets exclusifs.","og_url":"https:\/\/tourtravelandmore.com\/fr\/tours\/royaume-uni-fr\/londres-fr\/toutes-les-visites-et-activites-privees-fr-2\/visite-guidee-de-harry-potter-aux-studios-warner\/","og_site_name":"Tour Travel And More","article_publisher":"https:\/\/www.facebook.com\/tourtravelandmore\/","article_modified_time":"2024-04-05T15:14:28+00:00","og_image":[{"width":900,"height":680,"url":"https:\/\/tourtravelandmore.com\/wp-content\/uploads\/2022\/04\/image4.jpg","type":"image\/jpeg"}],"twitter_card":"summary_large_image","twitter_site":"@TourTravel_More","twitter_misc":{"Dur\u00e9e de lecture estim\u00e9e":"3 minutes"},"schema":{"@context":"https:\/\/schema.org","@graph":[{"@type":"WebPage","@id":"https:\/\/tourtravelandmore.com\/fr\/tours\/royaume-uni-fr\/londres-fr\/toutes-les-visites-et-activites-privees-fr-2\/visite-guidee-de-harry-potter-aux-studios-warner\/","url":"https:\/\/tourtravelandmore.com\/fr\/tours\/royaume-uni-fr\/londres-fr\/toutes-les-visites-et-activites-privees-fr-2\/visite-guidee-de-harry-potter-aux-studios-warner\/","name":"Visite Harry Potter aux Warner Studios avec billets exclusifs et transfert aller-retour.","isPartOf":{"@id":"https:\/\/tourtravelandmore.com\/fr\/#website"},"primaryImageOfPage":{"@id":"https:\/\/tourtravelandmore.com\/fr\/tours\/royaume-uni-fr\/londres-fr\/toutes-les-visites-et-activites-privees-fr-2\/visite-guidee-de-harry-potter-aux-studios-warner\/#primaryimage"},"image":{"@id":"https:\/\/tourtravelandmore.com\/fr\/tours\/royaume-uni-fr\/londres-fr\/toutes-les-visites-et-activites-privees-fr-2\/visite-guidee-de-harry-potter-aux-studios-warner\/#primaryimage"},"thumbnailUrl":"https:\/\/tourtravelandmore.com\/wp-content\/uploads\/2022\/04\/image4.jpg","datePublished":"2022-04-08T14:58:33+00:00","dateModified":"2024-04-05T15:14:28+00:00","description":"Pr\u00e9parez-vous \u00e0 marcher sur les traces de vos personnages pr\u00e9f\u00e9r\u00e9s des films Harry Potter et profitez d'une visite personnalis\u00e9e des studios Warner Bros de Londres avec transfert aller-retour et billets exclusifs.","breadcrumb":{"@id":"https:\/\/tourtravelandmore.com\/fr\/tours\/royaume-uni-fr\/londres-fr\/toutes-les-visites-et-activites-privees-fr-2\/visite-guidee-de-harry-potter-aux-studios-warner\/#breadcrumb"},"inLanguage":"fr-FR","potentialAction":[{"@type":"ReadAction","target":["https:\/\/tourtravelandmore.com\/fr\/tours\/royaume-uni-fr\/londres-fr\/toutes-les-visites-et-activites-privees-fr-2\/visite-guidee-de-harry-potter-aux-studios-warner\/"]}]},{"@type":"ImageObject","inLanguage":"fr-FR","@id":"https:\/\/tourtravelandmore.com\/fr\/tours\/royaume-uni-fr\/londres-fr\/toutes-les-visites-et-activites-privees-fr-2\/visite-guidee-de-harry-potter-aux-studios-warner\/#primaryimage","url":"https:\/\/tourtravelandmore.com\/wp-content\/uploads\/2022\/04\/image4.jpg","contentUrl":"https:\/\/tourtravelandmore.com\/wp-content\/uploads\/2022\/04\/image4.jpg","width":900,"height":680},{"@type":"BreadcrumbList","@id":"https:\/\/tourtravelandmore.com\/fr\/tours\/royaume-uni-fr\/londres-fr\/toutes-les-visites-et-activites-privees-fr-2\/visite-guidee-de-harry-potter-aux-studios-warner\/#breadcrumb","itemListElement":[{"@type":"ListItem","position":1,"name":"Home","item":"https:\/\/tourtravelandmore.com\/fr\/"},{"@type":"ListItem","position":2,"name":"Tours","item":"https:\/\/tourtravelandmore.com\/fr\/tours\/"},{"@type":"ListItem","position":3,"name":"Visite guid\u00e9e de Harry Potter aux studios Warner"}]},{"@type":"WebSite","@id":"https:\/\/tourtravelandmore.com\/fr\/#website","url":"https:\/\/tourtravelandmore.com\/fr\/","name":"Tour Travel And More","description":"Private sightseeing tours and luxury transfers in Spain","publisher":{"@id":"https:\/\/tourtravelandmore.com\/fr\/#organization"},"potentialAction":[{"@type":"SearchAction","target":{"@type":"EntryPoint","urlTemplate":"https:\/\/tourtravelandmore.com\/fr\/?s={search_term_string}"},"query-input":{"@type":"PropertyValueSpecification","valueRequired":true,"valueName":"search_term_string"}}],"inLanguage":"fr-FR"},{"@type":"Organization","@id":"https:\/\/tourtravelandmore.com\/fr\/#organization","name":"Tour Travel And More","url":"https:\/\/tourtravelandmore.com\/fr\/","logo":{"@type":"ImageObject","inLanguage":"fr-FR","@id":"https:\/\/tourtravelandmore.com\/fr\/#\/schema\/logo\/image\/","url":"https:\/\/tourtravelandmore.com\/wp-content\/uploads\/2022\/12\/cropped-logo-cabecera-new.png","contentUrl":"https:\/\/tourtravelandmore.com\/wp-content\/uploads\/2022\/12\/cropped-logo-cabecera-new.png","width":430,"height":61,"caption":"Tour Travel And More"},"image":{"@id":"https:\/\/tourtravelandmore.com\/fr\/#\/schema\/logo\/image\/"},"sameAs":["https:\/\/www.facebook.com\/tourtravelandmore\/","https:\/\/x.com\/TourTravel_More"]}]}},"_links":{"self":[{"href":"https:\/\/tourtravelandmore.com\/fr\/wp-json\/wp\/v2\/product\/122591","targetHints":{"allow":["GET"]}}],"collection":[{"href":"https:\/\/tourtravelandmore.com\/fr\/wp-json\/wp\/v2\/product"}],"about":[{"href":"https:\/\/tourtravelandmore.com\/fr\/wp-json\/wp\/v2\/types\/product"}],"replies":[{"embeddable":true,"href":"https:\/\/tourtravelandmore.com\/fr\/wp-json\/wp\/v2\/comments?post=122591"}],"wp:featuredmedia":[{"embeddable":true,"href":"https:\/\/tourtravelandmore.com\/fr\/wp-json\/wp\/v2\/media\/122609"}],"wp:attachment":[{"href":"https:\/\/tourtravelandmore.com\/fr\/wp-json\/wp\/v2\/media?parent=122591"}],"wp:term":[{"taxonomy":"product_brand","embeddable":true,"href":"https:\/\/tourtravelandmore.com\/fr\/wp-json\/wp\/v2\/product_brand?post=122591"},{"taxonomy":"product_cat","embeddable":true,"href":"https:\/\/tourtravelandmore.com\/fr\/wp-json\/wp\/v2\/product_cat?post=122591"},{"taxonomy":"product_tag","embeddable":true,"href":"https:\/\/tourtravelandmore.com\/fr\/wp-json\/wp\/v2\/product_tag?post=122591"}],"curies":[{"name":"wp","href":"https:\/\/api.w.org\/{rel}","templated":true}]}}