{"id":121557,"date":"2022-03-22T17:56:59","date_gmt":"2022-03-22T16:57:07","guid":{"rendered":"https:\/\/tourtravelandmore.com\/?post_type=product&#038;p=121557"},"modified":"2022-03-23T09:29:59","modified_gmt":"2022-03-23T08:29:59","slug":"excursion-privee-dans-la-foret-dirati-au-depart-de-pampelune","status":"publish","type":"product","link":"https:\/\/tourtravelandmore.com\/fr\/tours\/espagne-fr\/pamplona-fr\/excursion-privee-dans-la-foret-dirati-au-depart-de-pampelune\/","title":{"rendered":"Excursion priv\u00e9e dans la for\u00eat d&#8217;Irati au d\u00e9part de Pampelune"},"content":{"rendered":"<h2><b>Description de l&#8217;excursion priv\u00e9e \u00e0 la for\u00eat d&#8217;Irati depuis Pamplona<\/b><\/h2>\n<p><span style=\"font-weight: 400;\">Cette excursion priv\u00e9e vous emm\u00e8ne de Pampelune \u00e0 l&#8217;une des plus grandes for\u00eats de h\u00eatres d&#8217;Europe, situ\u00e9e dans les Pyr\u00e9n\u00e9es occidentales.\u00a0<\/span><\/p>\n<p><span style=\"font-weight: 400;\">Lors de notre visite priv\u00e9e de la for\u00eat d&#8217;Irati, vous explorerez un incroyable sanctuaire naturel compos\u00e9 de nombreuses rivi\u00e8res cristallines, de ruisseaux et de chutes d&#8217;eau impressionnantes.\u00a0<\/span><\/p>\n<p><span style=\"font-weight: 400;\">Nous commen\u00e7ons l&#8217;excursion dans le centre de Pampelune ou \u00e0 votre h\u00f4tel (s&#8217;il est situ\u00e9 dans un endroit central de la ville) pour voyager dans une voiture de luxe exclusive vers la zone centrale des Pyr\u00e9n\u00e9es navarraises.<\/span><\/p>\n<p><span style=\"font-weight: 400;\">Une fois sur place, <\/span><b>vous explorerez en compagnie d&#8217;un guide priv\u00e9 <\/b><span style=\"font-weight: 400;\">la for\u00eat d&#8217;Irati, qui est une for\u00eat de h\u00eatres qui occupe une superficie de 17 200 hectares, dont environ 5 000 hectares sont constitu\u00e9s de for\u00eats primaires sans aucune intervention humaine.\u00a0<\/span><\/p>\n<p><span style=\"font-weight: 400;\">En outre, la r\u00e9gion compte plus de 23 lacs de montagne, allant des lacs alpins aux grands r\u00e9servoirs.\u00a0<\/span><\/p>\n<p><span style=\"font-weight: 400;\">Le spectacle visuel offert par la for\u00eat d&#8217;Irati est incroyable. Avec le m\u00e9lange de verts, de rouges et de tons terreux qui mettent en valeur les h\u00eatres et les sapins, nous savons que vous aurez l&#8217;impression de vous trouver dans une for\u00eat enchant\u00e9e.\u00a0<\/span><\/p>\n<p><span style=\"font-weight: 400;\">La r\u00e9gion compte \u00e9galement une zone ornithologique prot\u00e9g\u00e9e, ainsi que les r\u00e9serves naturelles de Lizardoia, Tristuibartea et Mendilatz.\u00a0<\/span><\/p>\n<p><span style=\"font-weight: 400;\">Il s&#8217;agira d&#8217;une magnifique <\/span><b>promenade guid\u00e9e de 10 heures qui <\/b><span style=\"font-weight: 400;\">vous permettra d&#8217;entrer en contact avec un environnement naturel unique au monde.\u00a0\u00a0<\/span><\/p>\n<p><span style=\"font-weight: 400;\">\u00c0 la fin de la visite priv\u00e9e, nous vous ram\u00e8nerons \u00e0 Pampelune pour vous d\u00e9poser \u00e0 l&#8217;endroit de votre choix.\u00a0<\/span><\/p>\n<h2><span style=\"color: #d3af37;\"><b>Points d&#8217;int\u00e9r\u00eat de l&#8217;excursion priv\u00e9e dans la for\u00eat d&#8217;Irati au d\u00e9part de Pamplona<\/b><\/span><\/h2>\n<p><span style=\"font-weight: 400;\">L&#8217;embl\u00e9matique for\u00eat d&#8217;Irati se trouve sur le chemin basque de la France \u00e0 Santiago.\u00a0<\/span><\/p>\n<p><span style=\"font-weight: 400;\">Lors de notre visite priv\u00e9e, vous suivrez une partie de l&#8217;itin\u00e9raire que les p\u00e8lerins ont l&#8217;habitude de suivre sur le c\u00e9l\u00e8bre Camino de Santiago et vous d\u00e9couvrirez des endroits magnifiques dont vous n&#8217;auriez jamais imagin\u00e9 l&#8217;existence.\u00a0<\/span><\/p>\n<p><span style=\"font-weight: 400;\">La visite commence lorsque nous venons vous chercher \u00e0 Pampelune pour vous emmener aux points d&#8217;int\u00e9r\u00eat suivants :\u00a0<\/span><\/p>\n<h3><span style=\"color: #d3af37;\"><b>La for\u00eat d&#8217;Irati : une merveille naturelle des Pyr\u00e9n\u00e9es<\/b><\/span><\/h3>\n<p><span style=\"font-weight: 400;\">C&#8217;est le plus beau paysage pyr\u00e9n\u00e9en de Navarre. Elle est \u00e9galement consid\u00e9r\u00e9e comme l&#8217;une des plus grandes for\u00eats de h\u00eatres d&#8217;Europe.\u00a0<\/span><\/p>\n<p><span style=\"font-weight: 400;\">C&#8217;est une enceinte naturelle pleine de culture et d&#8217;histoire mill\u00e9naire. Dans ses environs, vous pourrez vous promener tranquillement et vous d\u00e9tendre au maximum gr\u00e2ce \u00e0 cette merveille naturelle.\u00a0<\/span><\/p>\n<p><span style=\"font-weight: 400;\">Notre visite guid\u00e9e comprend des billets d&#8217;entr\u00e9e \u00e0 la for\u00eat d&#8217;Irati afin que vous puissiez visiter les points suivants :\u00a0<\/span><\/p>\n<ul>\n<li><b>Le pic de Mendilatz.<\/b><\/li>\n<li><b>Usine d&#8217;Orbaizeta en ruines.<\/b><\/li>\n<li><b>La zone de la Virgen de las Nieves.<\/b><\/li>\n<li><b>Le r\u00e9servoir d&#8217;Irabia.\u00a0<\/b><\/li>\n<li><b>Ochagav\u00eda et bien plus encore.\u00a0<\/b><\/li>\n<\/ul>\n<h3><span style=\"color: #d3af37;\"><b>Les gorges de Lumbier<\/b><\/span><\/h3>\n<p><span style=\"font-weight: 400;\">La visite guid\u00e9e vous emm\u00e8nera sur la route de Foz de Lumbier. C&#8217;est l&#8217;un des tr\u00e9sors cach\u00e9s de la Navarre qui ne cesse de surprendre ses visiteurs.\u00a0<\/span><\/p>\n<p><span style=\"font-weight: 400;\">Ce paradis naturel est un itin\u00e9raire de randonn\u00e9e court et unique qui vous offrira une vue panoramique spectaculaire sur l&#8217;ensemble du paysage pyr\u00e9n\u00e9en.\u00a0<\/span><\/p>\n<p><span style=\"font-weight: 400;\">C&#8217;est un chemin tr\u00e8s relaxant le long de la rivi\u00e8re Irati qui sera parfait pour se d\u00e9tendre et cr\u00e9er des souvenirs inoubliables.\u00a0<\/span><\/p>\n<p><span style=\"font-weight: 400;\">Enfin, le chauffeur vous ram\u00e8nera \u00e0 Pampelune pour vous reposer et r\u00e9cup\u00e9rer votre \u00e9nergie.\u00a0<\/span><\/p>\n<p><span style=\"font-weight: 400;\">Si vous souhaitez compl\u00e9ter votre visite en Navarre, l&#8217;id\u00e9al serait d&#8217;opter pour notre <\/span><b>visite priv\u00e9e du monast\u00e8re de La Oliva, d&#8217;Uju\u00e9 et d&#8217;Olite depuis Pampelune. <\/b><span style=\"font-weight: 400;\">Vous explorerez ainsi les plus beaux tr\u00e9sors m\u00e9di\u00e9vaux de l&#8217;Espagne. <\/span><\/p>\n","protected":false},"excerpt":{"rendered":"<p><span style=\"font-weight: 400;\">Explorez l&#8217;une des plus grandes et des plus belles for\u00eats de h\u00eatres d&#8217;Europe avec cette excursion priv\u00e9e dans la for\u00eat d&#8217;Irati au d\u00e9part de Pampelune. Vous verrez de pr\u00e8s les paysages naturels les plus spectaculaires des Pyr\u00e9n\u00e9es occidentales et vous vivrez une exp\u00e9rience unique au contact de la nature. De plus, le transfert se fera dans une voiture de luxe et vous serez accompagn\u00e9 d&#8217;un guide officiel.<\/span><\/p>\n","protected":false},"featured_media":121571,"comment_status":"open","ping_status":"closed","template":"","meta":{"_acf_changed":false},"product_brand":[],"product_cat":[3541,4101],"product_tag":[],"class_list":{"0":"post-121557","1":"product","2":"type-product","3":"status-publish","4":"has-post-thumbnail","6":"product_cat-espagne-fr","7":"product_cat-pamplona-fr","9":"first","10":"instock","11":"shipping-taxable","12":"purchasable","13":"product-type-simple"},"acf":[],"yoast_head":"<!-- This site is optimized with the Yoast SEO Premium plugin v25.3.1 (Yoast SEO v25.3.1) - https:\/\/yoast.com\/wordpress\/plugins\/seo\/ -->\n<title>Visite priv\u00e9e de la for\u00eat d&#039;Irati depuis Pamplona avec un guide priv\u00e9 et transfert en voiture de luxe.<\/title>\n<meta name=\"description\" content=\"D\u00e9couvrez l&#039;une des plus belles for\u00eats de h\u00eatres d&#039;Europe, lors d&#039;une visite priv\u00e9e de la for\u00eat d&#039;Irati au d\u00e9part de Pampelune, avec transfert en voiture de luxe et en compagnie d&#039;un guide officiel priv\u00e9.\" \/>\n<meta name=\"robots\" content=\"index, follow, max-snippet:-1, max-image-preview:large, max-video-preview:-1\" \/>\n<link rel=\"canonical\" href=\"https:\/\/tourtravelandmore.com\/fr\/tours\/espagne-fr\/pamplona-fr\/excursion-privee-dans-la-foret-dirati-au-depart-de-pampelune\/\" \/>\n<meta property=\"og:locale\" content=\"fr_FR\" \/>\n<meta property=\"og:type\" content=\"article\" \/>\n<meta property=\"og:title\" content=\"Excursion priv\u00e9e dans la for\u00eat d&#039;Irati au d\u00e9part de Pampelune\" \/>\n<meta property=\"og:description\" content=\"D\u00e9couvrez l&#039;une des plus belles for\u00eats de h\u00eatres d&#039;Europe, lors d&#039;une visite priv\u00e9e de la for\u00eat d&#039;Irati au d\u00e9part de Pampelune, avec transfert en voiture de luxe et en compagnie d&#039;un guide officiel priv\u00e9.\" \/>\n<meta property=\"og:url\" content=\"https:\/\/tourtravelandmore.com\/fr\/tours\/espagne-fr\/pamplona-fr\/excursion-privee-dans-la-foret-dirati-au-depart-de-pampelune\/\" \/>\n<meta property=\"og:site_name\" content=\"Tour Travel And More\" \/>\n<meta property=\"article:publisher\" content=\"https:\/\/www.facebook.com\/tourtravelandmore\/\" \/>\n<meta property=\"article:modified_time\" content=\"2022-03-23T08:29:59+00:00\" \/>\n<meta property=\"og:image\" content=\"https:\/\/tourtravelandmore.com\/wp-content\/uploads\/2022\/03\/image2-5.jpg\" \/>\n\t<meta property=\"og:image:width\" content=\"900\" \/>\n\t<meta property=\"og:image:height\" content=\"680\" \/>\n\t<meta property=\"og:image:type\" content=\"image\/jpeg\" \/>\n<meta name=\"twitter:card\" content=\"summary_large_image\" \/>\n<meta name=\"twitter:site\" content=\"@TourTravel_More\" \/>\n<meta name=\"twitter:label1\" content=\"Dur\u00e9e de lecture estim\u00e9e\" \/>\n\t<meta name=\"twitter:data1\" content=\"3 minutes\" \/>\n<script type=\"application\/ld+json\" class=\"yoast-schema-graph\">{\"@context\":\"https:\/\/schema.org\",\"@graph\":[{\"@type\":\"WebPage\",\"@id\":\"https:\/\/tourtravelandmore.com\/fr\/tours\/espagne-fr\/pamplona-fr\/excursion-privee-dans-la-foret-dirati-au-depart-de-pampelune\/\",\"url\":\"https:\/\/tourtravelandmore.com\/fr\/tours\/espagne-fr\/pamplona-fr\/excursion-privee-dans-la-foret-dirati-au-depart-de-pampelune\/\",\"name\":\"Visite priv\u00e9e de la for\u00eat d'Irati depuis Pamplona avec un guide priv\u00e9 et transfert en voiture de luxe.\",\"isPartOf\":{\"@id\":\"https:\/\/tourtravelandmore.com\/fr\/#website\"},\"primaryImageOfPage\":{\"@id\":\"https:\/\/tourtravelandmore.com\/fr\/tours\/espagne-fr\/pamplona-fr\/excursion-privee-dans-la-foret-dirati-au-depart-de-pampelune\/#primaryimage\"},\"image\":{\"@id\":\"https:\/\/tourtravelandmore.com\/fr\/tours\/espagne-fr\/pamplona-fr\/excursion-privee-dans-la-foret-dirati-au-depart-de-pampelune\/#primaryimage\"},\"thumbnailUrl\":\"https:\/\/tourtravelandmore.com\/wp-content\/uploads\/2022\/03\/image2-5.jpg\",\"datePublished\":\"2022-03-22T16:57:07+00:00\",\"dateModified\":\"2022-03-23T08:29:59+00:00\",\"description\":\"D\u00e9couvrez l'une des plus belles for\u00eats de h\u00eatres d'Europe, lors d'une visite priv\u00e9e de la for\u00eat d'Irati au d\u00e9part de Pampelune, avec transfert en voiture de luxe et en compagnie d'un guide officiel priv\u00e9.\",\"breadcrumb\":{\"@id\":\"https:\/\/tourtravelandmore.com\/fr\/tours\/espagne-fr\/pamplona-fr\/excursion-privee-dans-la-foret-dirati-au-depart-de-pampelune\/#breadcrumb\"},\"inLanguage\":\"fr-FR\",\"potentialAction\":[{\"@type\":\"ReadAction\",\"target\":[\"https:\/\/tourtravelandmore.com\/fr\/tours\/espagne-fr\/pamplona-fr\/excursion-privee-dans-la-foret-dirati-au-depart-de-pampelune\/\"]}]},{\"@type\":\"ImageObject\",\"inLanguage\":\"fr-FR\",\"@id\":\"https:\/\/tourtravelandmore.com\/fr\/tours\/espagne-fr\/pamplona-fr\/excursion-privee-dans-la-foret-dirati-au-depart-de-pampelune\/#primaryimage\",\"url\":\"https:\/\/tourtravelandmore.com\/wp-content\/uploads\/2022\/03\/image2-5.jpg\",\"contentUrl\":\"https:\/\/tourtravelandmore.com\/wp-content\/uploads\/2022\/03\/image2-5.jpg\",\"width\":900,\"height\":680},{\"@type\":\"BreadcrumbList\",\"@id\":\"https:\/\/tourtravelandmore.com\/fr\/tours\/espagne-fr\/pamplona-fr\/excursion-privee-dans-la-foret-dirati-au-depart-de-pampelune\/#breadcrumb\",\"itemListElement\":[{\"@type\":\"ListItem\",\"position\":1,\"name\":\"Home\",\"item\":\"https:\/\/tourtravelandmore.com\/fr\/\"},{\"@type\":\"ListItem\",\"position\":2,\"name\":\"Tours\",\"item\":\"https:\/\/tourtravelandmore.com\/fr\/tours\/\"},{\"@type\":\"ListItem\",\"position\":3,\"name\":\"Excursion priv\u00e9e dans la for\u00eat d&rsquo;Irati au d\u00e9part de Pampelune\"}]},{\"@type\":\"WebSite\",\"@id\":\"https:\/\/tourtravelandmore.com\/fr\/#website\",\"url\":\"https:\/\/tourtravelandmore.com\/fr\/\",\"name\":\"Tour Travel And More\",\"description\":\"Private sightseeing tours and luxury transfers in Spain\",\"publisher\":{\"@id\":\"https:\/\/tourtravelandmore.com\/fr\/#organization\"},\"potentialAction\":[{\"@type\":\"SearchAction\",\"target\":{\"@type\":\"EntryPoint\",\"urlTemplate\":\"https:\/\/tourtravelandmore.com\/fr\/?s={search_term_string}\"},\"query-input\":{\"@type\":\"PropertyValueSpecification\",\"valueRequired\":true,\"valueName\":\"search_term_string\"}}],\"inLanguage\":\"fr-FR\"},{\"@type\":\"Organization\",\"@id\":\"https:\/\/tourtravelandmore.com\/fr\/#organization\",\"name\":\"Tour Travel And More\",\"url\":\"https:\/\/tourtravelandmore.com\/fr\/\",\"logo\":{\"@type\":\"ImageObject\",\"inLanguage\":\"fr-FR\",\"@id\":\"https:\/\/tourtravelandmore.com\/fr\/#\/schema\/logo\/image\/\",\"url\":\"https:\/\/tourtravelandmore.com\/wp-content\/uploads\/2022\/12\/cropped-logo-cabecera-new.png\",\"contentUrl\":\"https:\/\/tourtravelandmore.com\/wp-content\/uploads\/2022\/12\/cropped-logo-cabecera-new.png\",\"width\":430,\"height\":61,\"caption\":\"Tour Travel And More\"},\"image\":{\"@id\":\"https:\/\/tourtravelandmore.com\/fr\/#\/schema\/logo\/image\/\"},\"sameAs\":[\"https:\/\/www.facebook.com\/tourtravelandmore\/\",\"https:\/\/x.com\/TourTravel_More\"]}]}<\/script>\n<!-- \/ Yoast SEO Premium plugin. -->","yoast_head_json":{"title":"Visite priv\u00e9e de la for\u00eat d'Irati depuis Pamplona avec un guide priv\u00e9 et transfert en voiture de luxe.","description":"D\u00e9couvrez l'une des plus belles for\u00eats de h\u00eatres d'Europe, lors d'une visite priv\u00e9e de la for\u00eat d'Irati au d\u00e9part de Pampelune, avec transfert en voiture de luxe et en compagnie d'un guide officiel priv\u00e9.","robots":{"index":"index","follow":"follow","max-snippet":"max-snippet:-1","max-image-preview":"max-image-preview:large","max-video-preview":"max-video-preview:-1"},"canonical":"https:\/\/tourtravelandmore.com\/fr\/tours\/espagne-fr\/pamplona-fr\/excursion-privee-dans-la-foret-dirati-au-depart-de-pampelune\/","og_locale":"fr_FR","og_type":"article","og_title":"Excursion priv\u00e9e dans la for\u00eat d'Irati au d\u00e9part de Pampelune","og_description":"D\u00e9couvrez l'une des plus belles for\u00eats de h\u00eatres d'Europe, lors d'une visite priv\u00e9e de la for\u00eat d'Irati au d\u00e9part de Pampelune, avec transfert en voiture de luxe et en compagnie d'un guide officiel priv\u00e9.","og_url":"https:\/\/tourtravelandmore.com\/fr\/tours\/espagne-fr\/pamplona-fr\/excursion-privee-dans-la-foret-dirati-au-depart-de-pampelune\/","og_site_name":"Tour Travel And More","article_publisher":"https:\/\/www.facebook.com\/tourtravelandmore\/","article_modified_time":"2022-03-23T08:29:59+00:00","og_image":[{"width":900,"height":680,"url":"https:\/\/tourtravelandmore.com\/wp-content\/uploads\/2022\/03\/image2-5.jpg","type":"image\/jpeg"}],"twitter_card":"summary_large_image","twitter_site":"@TourTravel_More","twitter_misc":{"Dur\u00e9e de lecture estim\u00e9e":"3 minutes"},"schema":{"@context":"https:\/\/schema.org","@graph":[{"@type":"WebPage","@id":"https:\/\/tourtravelandmore.com\/fr\/tours\/espagne-fr\/pamplona-fr\/excursion-privee-dans-la-foret-dirati-au-depart-de-pampelune\/","url":"https:\/\/tourtravelandmore.com\/fr\/tours\/espagne-fr\/pamplona-fr\/excursion-privee-dans-la-foret-dirati-au-depart-de-pampelune\/","name":"Visite priv\u00e9e de la for\u00eat d'Irati depuis Pamplona avec un guide priv\u00e9 et transfert en voiture de luxe.","isPartOf":{"@id":"https:\/\/tourtravelandmore.com\/fr\/#website"},"primaryImageOfPage":{"@id":"https:\/\/tourtravelandmore.com\/fr\/tours\/espagne-fr\/pamplona-fr\/excursion-privee-dans-la-foret-dirati-au-depart-de-pampelune\/#primaryimage"},"image":{"@id":"https:\/\/tourtravelandmore.com\/fr\/tours\/espagne-fr\/pamplona-fr\/excursion-privee-dans-la-foret-dirati-au-depart-de-pampelune\/#primaryimage"},"thumbnailUrl":"https:\/\/tourtravelandmore.com\/wp-content\/uploads\/2022\/03\/image2-5.jpg","datePublished":"2022-03-22T16:57:07+00:00","dateModified":"2022-03-23T08:29:59+00:00","description":"D\u00e9couvrez l'une des plus belles for\u00eats de h\u00eatres d'Europe, lors d'une visite priv\u00e9e de la for\u00eat d'Irati au d\u00e9part de Pampelune, avec transfert en voiture de luxe et en compagnie d'un guide officiel priv\u00e9.","breadcrumb":{"@id":"https:\/\/tourtravelandmore.com\/fr\/tours\/espagne-fr\/pamplona-fr\/excursion-privee-dans-la-foret-dirati-au-depart-de-pampelune\/#breadcrumb"},"inLanguage":"fr-FR","potentialAction":[{"@type":"ReadAction","target":["https:\/\/tourtravelandmore.com\/fr\/tours\/espagne-fr\/pamplona-fr\/excursion-privee-dans-la-foret-dirati-au-depart-de-pampelune\/"]}]},{"@type":"ImageObject","inLanguage":"fr-FR","@id":"https:\/\/tourtravelandmore.com\/fr\/tours\/espagne-fr\/pamplona-fr\/excursion-privee-dans-la-foret-dirati-au-depart-de-pampelune\/#primaryimage","url":"https:\/\/tourtravelandmore.com\/wp-content\/uploads\/2022\/03\/image2-5.jpg","contentUrl":"https:\/\/tourtravelandmore.com\/wp-content\/uploads\/2022\/03\/image2-5.jpg","width":900,"height":680},{"@type":"BreadcrumbList","@id":"https:\/\/tourtravelandmore.com\/fr\/tours\/espagne-fr\/pamplona-fr\/excursion-privee-dans-la-foret-dirati-au-depart-de-pampelune\/#breadcrumb","itemListElement":[{"@type":"ListItem","position":1,"name":"Home","item":"https:\/\/tourtravelandmore.com\/fr\/"},{"@type":"ListItem","position":2,"name":"Tours","item":"https:\/\/tourtravelandmore.com\/fr\/tours\/"},{"@type":"ListItem","position":3,"name":"Excursion priv\u00e9e dans la for\u00eat d&rsquo;Irati au d\u00e9part de Pampelune"}]},{"@type":"WebSite","@id":"https:\/\/tourtravelandmore.com\/fr\/#website","url":"https:\/\/tourtravelandmore.com\/fr\/","name":"Tour Travel And More","description":"Private sightseeing tours and luxury transfers in Spain","publisher":{"@id":"https:\/\/tourtravelandmore.com\/fr\/#organization"},"potentialAction":[{"@type":"SearchAction","target":{"@type":"EntryPoint","urlTemplate":"https:\/\/tourtravelandmore.com\/fr\/?s={search_term_string}"},"query-input":{"@type":"PropertyValueSpecification","valueRequired":true,"valueName":"search_term_string"}}],"inLanguage":"fr-FR"},{"@type":"Organization","@id":"https:\/\/tourtravelandmore.com\/fr\/#organization","name":"Tour Travel And More","url":"https:\/\/tourtravelandmore.com\/fr\/","logo":{"@type":"ImageObject","inLanguage":"fr-FR","@id":"https:\/\/tourtravelandmore.com\/fr\/#\/schema\/logo\/image\/","url":"https:\/\/tourtravelandmore.com\/wp-content\/uploads\/2022\/12\/cropped-logo-cabecera-new.png","contentUrl":"https:\/\/tourtravelandmore.com\/wp-content\/uploads\/2022\/12\/cropped-logo-cabecera-new.png","width":430,"height":61,"caption":"Tour Travel And More"},"image":{"@id":"https:\/\/tourtravelandmore.com\/fr\/#\/schema\/logo\/image\/"},"sameAs":["https:\/\/www.facebook.com\/tourtravelandmore\/","https:\/\/x.com\/TourTravel_More"]}]}},"_links":{"self":[{"href":"https:\/\/tourtravelandmore.com\/fr\/wp-json\/wp\/v2\/product\/121557","targetHints":{"allow":["GET"]}}],"collection":[{"href":"https:\/\/tourtravelandmore.com\/fr\/wp-json\/wp\/v2\/product"}],"about":[{"href":"https:\/\/tourtravelandmore.com\/fr\/wp-json\/wp\/v2\/types\/product"}],"replies":[{"embeddable":true,"href":"https:\/\/tourtravelandmore.com\/fr\/wp-json\/wp\/v2\/comments?post=121557"}],"wp:featuredmedia":[{"embeddable":true,"href":"https:\/\/tourtravelandmore.com\/fr\/wp-json\/wp\/v2\/media\/121571"}],"wp:attachment":[{"href":"https:\/\/tourtravelandmore.com\/fr\/wp-json\/wp\/v2\/media?parent=121557"}],"wp:term":[{"taxonomy":"product_brand","embeddable":true,"href":"https:\/\/tourtravelandmore.com\/fr\/wp-json\/wp\/v2\/product_brand?post=121557"},{"taxonomy":"product_cat","embeddable":true,"href":"https:\/\/tourtravelandmore.com\/fr\/wp-json\/wp\/v2\/product_cat?post=121557"},{"taxonomy":"product_tag","embeddable":true,"href":"https:\/\/tourtravelandmore.com\/fr\/wp-json\/wp\/v2\/product_tag?post=121557"}],"curies":[{"name":"wp","href":"https:\/\/api.w.org\/{rel}","templated":true}]}}