{"id":121040,"date":"2022-03-10T18:53:44","date_gmt":"2022-03-10T17:53:50","guid":{"rendered":"https:\/\/tourtravelandmore.com\/?post_type=product&#038;p=121040"},"modified":"2022-04-01T12:34:06","modified_gmt":"2022-04-01T10:34:06","slug":"visite-privee-de-genes-au-depart-de-milan","status":"publish","type":"product","link":"https:\/\/tourtravelandmore.com\/fr\/tours\/italie-fr\/milan-fr\/visite-privee-de-genes-au-depart-de-milan\/","title":{"rendered":"Visite priv\u00e9e de G\u00eanes au d\u00e9part de Milan"},"content":{"rendered":"<h2><b>Description de l&#8217;excursion priv\u00e9e \u00e0 G\u00eanes au d\u00e9part de Milan<\/b><\/h2>\n<p><span style=\"font-weight: 400;\">Notre <\/span><b>visite priv\u00e9e \u00e0 G\u00eanes depuis Milan <\/b><span style=\"font-weight: 400;\">est une merveilleuse occasion de d\u00e9couvrir cette ville portuaire dynamique et historique.\u00a0<\/span><\/p>\n<p><span style=\"font-weight: 400;\">Laissez le guide officiel vous emmener dans le centre-ville et vous expliquer les principales curiosit\u00e9s, comme le Palazzo Ducale, la Piazza De Ferrari et l&#8217;\u00e9glise de Santa Chiara. Vous verrez \u00e9galement les pittoresques rues \u00e0 arcades de G\u00eanes.\u00a0<\/span><\/p>\n<p><span style=\"font-weight: 400;\">Vous aurez \u00e9galement l&#8217;occasion de prendre de splendides photos du littoral et d&#8217;un magnifique port historique.\u00a0<\/span><\/p>\n<p><span style=\"font-weight: 400;\">La <\/span><b>visite guid\u00e9e de 10 heures <\/b><span style=\"font-weight: 400;\">commence lorsque le chauffeur vient vous chercher \u00e0 un point central de Milan et vous emm\u00e8ne directement \u00e0 G\u00eanes. En chemin, vous verrez les plus beaux paysages de l&#8217;Italie du Nord.\u00a0<\/span><\/p>\n<p><span style=\"font-weight: 400;\">Une fois \u00e0 G\u00eanes, <\/span><b>votre guide vous accompagnera pendant 3 heures pour <\/b><span style=\"font-weight: 400;\">d\u00e9couvrir tous les points forts historiques, touristiques et culturels de la ville. Ensuite, vous aurez du temps libre pour explorer G\u00eanes \u00e0 votre guise.\u00a0<\/span><\/p>\n<p><span style=\"font-weight: 400;\">La visite se termine lorsque nous vous transf\u00e9rons \u00e0 Milan.\u00a0<\/span><\/p>\n<h2><span style=\"color: #d3af37;\"><b>Points forts de l&#8217;<\/b><b>excursion priv\u00e9e \u00e0 G\u00eanes au d\u00e9part de Milan<\/b><\/span><\/h2>\n<p><span style=\"font-weight: 400;\">Cette visite de G\u00eanes en Italie avec un guide priv\u00e9 est enti\u00e8rement personnalis\u00e9e \u00e0 votre go\u00fbt afin que vous ne manquiez rien de ce qu&#8217;il y a \u00e0 faire et \u00e0 voir \u00e0 <\/span><b>G\u00eanes, qui a \u00e9t\u00e9 d\u00e9clar\u00e9e site du patrimoine mondial de l&#8217;UNESCO.<\/b><\/p>\n<p><span style=\"font-weight: 400;\">Votre guide priv\u00e9 vous attendra dans le centre de G\u00eanes pour vous accompagner aux points d&#8217;int\u00e9r\u00eat suivants :\u00a0<\/span><\/p>\n<h3><span style=\"color: #d3af37;\"><b>Le Vieux Port\u00a0<\/b><\/span><\/h3>\n<p><span style=\"font-weight: 400;\">C&#8217;est le lieu central de la ville et le c\u0153ur g\u00e9ographique de sa fondation. C&#8217;est \u00e9galement un port charg\u00e9 d&#8217;histoire en raison des fascinants voyages effectu\u00e9s par les explorateurs vers le nouveau continent.\u00a0<\/span><\/p>\n<h3><span style=\"color: #d3af37;\"><b>La biosph\u00e8re et l&#8217;aquarium de G\u00eanes\u00a0<\/b><\/span><\/h3>\n<p><span style=\"font-weight: 400;\">Lors de notre visite priv\u00e9e, vous pourrez admirer le plus grand aquarium d&#8217;Europe et la sculpture embl\u00e9matique situ\u00e9e \u00e0 c\u00f4t\u00e9, plus connue sous le nom de &#8220;Biosph\u00e8re&#8221;, qui abrite une curieuse collection d&#8217;esp\u00e8ces animales et v\u00e9g\u00e9tales.\u00a0<\/span><\/p>\n<h3><span style=\"color: #d3af37;\"><b>Le Duomo de G\u00eanes<\/b><\/span><\/h3>\n<p><span style=\"font-weight: 400;\">La spectaculaire Cattedrale di San Lorenzo est l&#8217;\u00e9difice religieux le plus important de G\u00eanes. C&#8217;est un b\u00e2timent m\u00e9di\u00e9val de style gothique qui repr\u00e9sente l&#8217;architecture de la ville.\u00a0<\/span><\/p>\n<p><span style=\"font-weight: 400;\">De plus, ses portiques sont un symbole de G\u00eanes, vous pourrez donc prendre de nombreuses photos de ce lieu incroyable.\u00a0<\/span><\/p>\n<h3><span style=\"color: #d3af37;\"><b>Piazza Ferrari, le centre de G\u00eanes\u00a0<\/b><\/span><\/h3>\n<p><span style=\"font-weight: 400;\">Pour visiter G\u00eanes, il faut absolument se rendre \u00e0 la Piazza Ferrari. Vous apprendrez \u00e0 conna\u00eetre cette partie de la ville avec votre guide priv\u00e9 pour voir certains des b\u00e2timents historiques qui l&#8217;entourent, comme le Palazzo Ducale, le Palazzo della Nuova Borsa et le Teatro Carlo Felice.<\/span><\/p>\n<h3><span style=\"color: #d3af37;\"><b>Le palais des Doges\u00a0<\/b><\/span><\/h3>\n<p><span style=\"font-weight: 400;\">C&#8217;\u00e9tait l&#8217;ancienne r\u00e9sidence du duc de G\u00eanes et elle contient certaines des fresques les plus c\u00e9l\u00e8bres des artistes Maggior et Minor Consiglio.\u00a0<\/span><\/p>\n<p><span style=\"font-weight: 400;\">De plus, lors de cette excursion \u00e0 G\u00eanes au d\u00e9part de Milan, vous pourrez explorer :\u00a0<\/span><\/p>\n<ul>\n<li><b>Le Palazzo Rosso<\/b><\/li>\n<li><b>Palazzo Bianco<\/b><\/li>\n<li><b>Le Palazzo Reale<\/b><\/li>\n<li><b>La r\u00e9sidence o\u00f9 Christophe Colomb serait n\u00e9.<\/b><\/li>\n<li><b>Piazza Dante et de nombreux autres points d&#8217;int\u00e9r\u00eat.\u00a0<\/b><\/li>\n<\/ul>\n<p><span style=\"font-weight: 400;\">Enfin, la voiture priv\u00e9e vous ram\u00e8nera \u00e0 Milan, apr\u00e8s avoir pass\u00e9 une magnifique journ\u00e9e dans la ville pittoresque de G\u00eanes.\u00a0<\/span><\/p>\n<p><span style=\"font-weight: 400;\">Si vous souhaitez vivre une autre exp\u00e9rience similaire d&#8217;une journ\u00e9e compl\u00e8te dans les villes les plus importantes d&#8217;Italie, vous pouvez consulter notre <\/span><a href=\"https:\/\/tourtravelandmore.com\/fr\/tours\/italie-fr\/milan-fr\/visite-privee-de-parme-et-bologne-au-depart-de-milan\/\"><b>visite priv\u00e9e de Parme et Bologne au d\u00e9part de Milan. <\/b><\/a><\/p>\n","protected":false},"excerpt":{"rendered":"<p><span style=\"font-weight: 400;\">R\u00e9servez du temps dans votre itin\u00e9raire italien et profitez d&#8217;une visite priv\u00e9e de G\u00eanes au d\u00e9part de Milan pour explorer la ville qui a accueilli certaines des personnalit\u00e9s les plus influentes de l&#8217;histoire, comme Christophe Colomb et Niccol\u00f2 Paganini. Le transfert se fera dans une voiture de luxe confortable et vous serez accompagn\u00e9 d&#8217;un guide priv\u00e9, expert en histoire locale<\/span><\/p>\n","protected":false},"featured_media":121053,"comment_status":"open","ping_status":"closed","template":"","meta":{"_acf_changed":false},"product_brand":[],"product_cat":[3700],"product_tag":[],"class_list":{"0":"post-121040","1":"product","2":"type-product","3":"status-publish","4":"has-post-thumbnail","6":"product_cat-milan-fr","8":"first","9":"instock","10":"shipping-taxable","11":"purchasable","12":"product-type-simple"},"acf":[],"yoast_head":"<!-- This site is optimized with the Yoast SEO Premium plugin v25.3.1 (Yoast SEO v25.3.1) - https:\/\/yoast.com\/wordpress\/plugins\/seo\/ -->\n<title>Visite priv\u00e9e de G\u00eanes \u00e0 partir de Milan avec transfert en voiture priv\u00e9e et guide officiel<\/title>\n<meta name=\"description\" content=\"D\u00e9couvrez l&#039;histoire et la beaut\u00e9 de G\u00eanes lors de cette visite priv\u00e9e de Milan \u00e0 la capitale de la r\u00e9gion de la Ligurie. Le transfert se fera dans une voiture de luxe et vous serez accompagn\u00e9 d&#039;un guide priv\u00e9 pour explorer la ville \u00e0 votre propre rythme\" \/>\n<meta name=\"robots\" content=\"index, follow, max-snippet:-1, max-image-preview:large, max-video-preview:-1\" \/>\n<link rel=\"canonical\" href=\"https:\/\/tourtravelandmore.com\/fr\/tours\/italie-fr\/milan-fr\/visite-privee-de-genes-au-depart-de-milan\/\" \/>\n<meta property=\"og:locale\" content=\"fr_FR\" \/>\n<meta property=\"og:type\" content=\"article\" \/>\n<meta property=\"og:title\" content=\"Visite priv\u00e9e de G\u00eanes au d\u00e9part de Milan\" \/>\n<meta property=\"og:description\" content=\"D\u00e9couvrez l&#039;histoire et la beaut\u00e9 de G\u00eanes lors de cette visite priv\u00e9e de Milan \u00e0 la capitale de la r\u00e9gion de la Ligurie. Le transfert se fera dans une voiture de luxe et vous serez accompagn\u00e9 d&#039;un guide priv\u00e9 pour explorer la ville \u00e0 votre propre rythme\" \/>\n<meta property=\"og:url\" content=\"https:\/\/tourtravelandmore.com\/fr\/tours\/italie-fr\/milan-fr\/visite-privee-de-genes-au-depart-de-milan\/\" \/>\n<meta property=\"og:site_name\" content=\"Tour Travel And More\" \/>\n<meta property=\"article:publisher\" content=\"https:\/\/www.facebook.com\/tourtravelandmore\/\" \/>\n<meta property=\"article:modified_time\" content=\"2022-04-01T10:34:06+00:00\" \/>\n<meta property=\"og:image\" content=\"https:\/\/tourtravelandmore.com\/wp-content\/uploads\/2022\/03\/image5-1.jpg\" \/>\n\t<meta property=\"og:image:width\" content=\"900\" \/>\n\t<meta property=\"og:image:height\" content=\"680\" \/>\n\t<meta property=\"og:image:type\" content=\"image\/jpeg\" \/>\n<meta name=\"twitter:card\" content=\"summary_large_image\" \/>\n<meta name=\"twitter:site\" content=\"@TourTravel_More\" \/>\n<meta name=\"twitter:label1\" content=\"Dur\u00e9e de lecture estim\u00e9e\" \/>\n\t<meta name=\"twitter:data1\" content=\"3 minutes\" \/>\n<script type=\"application\/ld+json\" class=\"yoast-schema-graph\">{\"@context\":\"https:\/\/schema.org\",\"@graph\":[{\"@type\":\"WebPage\",\"@id\":\"https:\/\/tourtravelandmore.com\/fr\/tours\/italie-fr\/milan-fr\/visite-privee-de-genes-au-depart-de-milan\/\",\"url\":\"https:\/\/tourtravelandmore.com\/fr\/tours\/italie-fr\/milan-fr\/visite-privee-de-genes-au-depart-de-milan\/\",\"name\":\"Visite priv\u00e9e de G\u00eanes \u00e0 partir de Milan avec transfert en voiture priv\u00e9e et guide officiel\",\"isPartOf\":{\"@id\":\"https:\/\/tourtravelandmore.com\/fr\/#website\"},\"primaryImageOfPage\":{\"@id\":\"https:\/\/tourtravelandmore.com\/fr\/tours\/italie-fr\/milan-fr\/visite-privee-de-genes-au-depart-de-milan\/#primaryimage\"},\"image\":{\"@id\":\"https:\/\/tourtravelandmore.com\/fr\/tours\/italie-fr\/milan-fr\/visite-privee-de-genes-au-depart-de-milan\/#primaryimage\"},\"thumbnailUrl\":\"https:\/\/tourtravelandmore.com\/wp-content\/uploads\/2022\/03\/image5-1.jpg\",\"datePublished\":\"2022-03-10T17:53:50+00:00\",\"dateModified\":\"2022-04-01T10:34:06+00:00\",\"description\":\"D\u00e9couvrez l'histoire et la beaut\u00e9 de G\u00eanes lors de cette visite priv\u00e9e de Milan \u00e0 la capitale de la r\u00e9gion de la Ligurie. Le transfert se fera dans une voiture de luxe et vous serez accompagn\u00e9 d'un guide priv\u00e9 pour explorer la ville \u00e0 votre propre rythme\",\"breadcrumb\":{\"@id\":\"https:\/\/tourtravelandmore.com\/fr\/tours\/italie-fr\/milan-fr\/visite-privee-de-genes-au-depart-de-milan\/#breadcrumb\"},\"inLanguage\":\"fr-FR\",\"potentialAction\":[{\"@type\":\"ReadAction\",\"target\":[\"https:\/\/tourtravelandmore.com\/fr\/tours\/italie-fr\/milan-fr\/visite-privee-de-genes-au-depart-de-milan\/\"]}]},{\"@type\":\"ImageObject\",\"inLanguage\":\"fr-FR\",\"@id\":\"https:\/\/tourtravelandmore.com\/fr\/tours\/italie-fr\/milan-fr\/visite-privee-de-genes-au-depart-de-milan\/#primaryimage\",\"url\":\"https:\/\/tourtravelandmore.com\/wp-content\/uploads\/2022\/03\/image5-1.jpg\",\"contentUrl\":\"https:\/\/tourtravelandmore.com\/wp-content\/uploads\/2022\/03\/image5-1.jpg\",\"width\":900,\"height\":680},{\"@type\":\"BreadcrumbList\",\"@id\":\"https:\/\/tourtravelandmore.com\/fr\/tours\/italie-fr\/milan-fr\/visite-privee-de-genes-au-depart-de-milan\/#breadcrumb\",\"itemListElement\":[{\"@type\":\"ListItem\",\"position\":1,\"name\":\"Home\",\"item\":\"https:\/\/tourtravelandmore.com\/fr\/\"},{\"@type\":\"ListItem\",\"position\":2,\"name\":\"Tours\",\"item\":\"https:\/\/tourtravelandmore.com\/fr\/tours\/\"},{\"@type\":\"ListItem\",\"position\":3,\"name\":\"Visite priv\u00e9e de G\u00eanes au d\u00e9part de Milan\"}]},{\"@type\":\"WebSite\",\"@id\":\"https:\/\/tourtravelandmore.com\/fr\/#website\",\"url\":\"https:\/\/tourtravelandmore.com\/fr\/\",\"name\":\"Tour Travel And More\",\"description\":\"Private sightseeing tours and luxury transfers in Spain\",\"publisher\":{\"@id\":\"https:\/\/tourtravelandmore.com\/fr\/#organization\"},\"potentialAction\":[{\"@type\":\"SearchAction\",\"target\":{\"@type\":\"EntryPoint\",\"urlTemplate\":\"https:\/\/tourtravelandmore.com\/fr\/?s={search_term_string}\"},\"query-input\":{\"@type\":\"PropertyValueSpecification\",\"valueRequired\":true,\"valueName\":\"search_term_string\"}}],\"inLanguage\":\"fr-FR\"},{\"@type\":\"Organization\",\"@id\":\"https:\/\/tourtravelandmore.com\/fr\/#organization\",\"name\":\"Tour Travel And More\",\"url\":\"https:\/\/tourtravelandmore.com\/fr\/\",\"logo\":{\"@type\":\"ImageObject\",\"inLanguage\":\"fr-FR\",\"@id\":\"https:\/\/tourtravelandmore.com\/fr\/#\/schema\/logo\/image\/\",\"url\":\"https:\/\/tourtravelandmore.com\/wp-content\/uploads\/2022\/12\/cropped-logo-cabecera-new.png\",\"contentUrl\":\"https:\/\/tourtravelandmore.com\/wp-content\/uploads\/2022\/12\/cropped-logo-cabecera-new.png\",\"width\":430,\"height\":61,\"caption\":\"Tour Travel And More\"},\"image\":{\"@id\":\"https:\/\/tourtravelandmore.com\/fr\/#\/schema\/logo\/image\/\"},\"sameAs\":[\"https:\/\/www.facebook.com\/tourtravelandmore\/\",\"https:\/\/x.com\/TourTravel_More\"]}]}<\/script>\n<!-- \/ Yoast SEO Premium plugin. -->","yoast_head_json":{"title":"Visite priv\u00e9e de G\u00eanes \u00e0 partir de Milan avec transfert en voiture priv\u00e9e et guide officiel","description":"D\u00e9couvrez l'histoire et la beaut\u00e9 de G\u00eanes lors de cette visite priv\u00e9e de Milan \u00e0 la capitale de la r\u00e9gion de la Ligurie. Le transfert se fera dans une voiture de luxe et vous serez accompagn\u00e9 d'un guide priv\u00e9 pour explorer la ville \u00e0 votre propre rythme","robots":{"index":"index","follow":"follow","max-snippet":"max-snippet:-1","max-image-preview":"max-image-preview:large","max-video-preview":"max-video-preview:-1"},"canonical":"https:\/\/tourtravelandmore.com\/fr\/tours\/italie-fr\/milan-fr\/visite-privee-de-genes-au-depart-de-milan\/","og_locale":"fr_FR","og_type":"article","og_title":"Visite priv\u00e9e de G\u00eanes au d\u00e9part de Milan","og_description":"D\u00e9couvrez l'histoire et la beaut\u00e9 de G\u00eanes lors de cette visite priv\u00e9e de Milan \u00e0 la capitale de la r\u00e9gion de la Ligurie. Le transfert se fera dans une voiture de luxe et vous serez accompagn\u00e9 d'un guide priv\u00e9 pour explorer la ville \u00e0 votre propre rythme","og_url":"https:\/\/tourtravelandmore.com\/fr\/tours\/italie-fr\/milan-fr\/visite-privee-de-genes-au-depart-de-milan\/","og_site_name":"Tour Travel And More","article_publisher":"https:\/\/www.facebook.com\/tourtravelandmore\/","article_modified_time":"2022-04-01T10:34:06+00:00","og_image":[{"width":900,"height":680,"url":"https:\/\/tourtravelandmore.com\/wp-content\/uploads\/2022\/03\/image5-1.jpg","type":"image\/jpeg"}],"twitter_card":"summary_large_image","twitter_site":"@TourTravel_More","twitter_misc":{"Dur\u00e9e de lecture estim\u00e9e":"3 minutes"},"schema":{"@context":"https:\/\/schema.org","@graph":[{"@type":"WebPage","@id":"https:\/\/tourtravelandmore.com\/fr\/tours\/italie-fr\/milan-fr\/visite-privee-de-genes-au-depart-de-milan\/","url":"https:\/\/tourtravelandmore.com\/fr\/tours\/italie-fr\/milan-fr\/visite-privee-de-genes-au-depart-de-milan\/","name":"Visite priv\u00e9e de G\u00eanes \u00e0 partir de Milan avec transfert en voiture priv\u00e9e et guide officiel","isPartOf":{"@id":"https:\/\/tourtravelandmore.com\/fr\/#website"},"primaryImageOfPage":{"@id":"https:\/\/tourtravelandmore.com\/fr\/tours\/italie-fr\/milan-fr\/visite-privee-de-genes-au-depart-de-milan\/#primaryimage"},"image":{"@id":"https:\/\/tourtravelandmore.com\/fr\/tours\/italie-fr\/milan-fr\/visite-privee-de-genes-au-depart-de-milan\/#primaryimage"},"thumbnailUrl":"https:\/\/tourtravelandmore.com\/wp-content\/uploads\/2022\/03\/image5-1.jpg","datePublished":"2022-03-10T17:53:50+00:00","dateModified":"2022-04-01T10:34:06+00:00","description":"D\u00e9couvrez l'histoire et la beaut\u00e9 de G\u00eanes lors de cette visite priv\u00e9e de Milan \u00e0 la capitale de la r\u00e9gion de la Ligurie. Le transfert se fera dans une voiture de luxe et vous serez accompagn\u00e9 d'un guide priv\u00e9 pour explorer la ville \u00e0 votre propre rythme","breadcrumb":{"@id":"https:\/\/tourtravelandmore.com\/fr\/tours\/italie-fr\/milan-fr\/visite-privee-de-genes-au-depart-de-milan\/#breadcrumb"},"inLanguage":"fr-FR","potentialAction":[{"@type":"ReadAction","target":["https:\/\/tourtravelandmore.com\/fr\/tours\/italie-fr\/milan-fr\/visite-privee-de-genes-au-depart-de-milan\/"]}]},{"@type":"ImageObject","inLanguage":"fr-FR","@id":"https:\/\/tourtravelandmore.com\/fr\/tours\/italie-fr\/milan-fr\/visite-privee-de-genes-au-depart-de-milan\/#primaryimage","url":"https:\/\/tourtravelandmore.com\/wp-content\/uploads\/2022\/03\/image5-1.jpg","contentUrl":"https:\/\/tourtravelandmore.com\/wp-content\/uploads\/2022\/03\/image5-1.jpg","width":900,"height":680},{"@type":"BreadcrumbList","@id":"https:\/\/tourtravelandmore.com\/fr\/tours\/italie-fr\/milan-fr\/visite-privee-de-genes-au-depart-de-milan\/#breadcrumb","itemListElement":[{"@type":"ListItem","position":1,"name":"Home","item":"https:\/\/tourtravelandmore.com\/fr\/"},{"@type":"ListItem","position":2,"name":"Tours","item":"https:\/\/tourtravelandmore.com\/fr\/tours\/"},{"@type":"ListItem","position":3,"name":"Visite priv\u00e9e de G\u00eanes au d\u00e9part de Milan"}]},{"@type":"WebSite","@id":"https:\/\/tourtravelandmore.com\/fr\/#website","url":"https:\/\/tourtravelandmore.com\/fr\/","name":"Tour Travel And More","description":"Private sightseeing tours and luxury transfers in Spain","publisher":{"@id":"https:\/\/tourtravelandmore.com\/fr\/#organization"},"potentialAction":[{"@type":"SearchAction","target":{"@type":"EntryPoint","urlTemplate":"https:\/\/tourtravelandmore.com\/fr\/?s={search_term_string}"},"query-input":{"@type":"PropertyValueSpecification","valueRequired":true,"valueName":"search_term_string"}}],"inLanguage":"fr-FR"},{"@type":"Organization","@id":"https:\/\/tourtravelandmore.com\/fr\/#organization","name":"Tour Travel And More","url":"https:\/\/tourtravelandmore.com\/fr\/","logo":{"@type":"ImageObject","inLanguage":"fr-FR","@id":"https:\/\/tourtravelandmore.com\/fr\/#\/schema\/logo\/image\/","url":"https:\/\/tourtravelandmore.com\/wp-content\/uploads\/2022\/12\/cropped-logo-cabecera-new.png","contentUrl":"https:\/\/tourtravelandmore.com\/wp-content\/uploads\/2022\/12\/cropped-logo-cabecera-new.png","width":430,"height":61,"caption":"Tour Travel And More"},"image":{"@id":"https:\/\/tourtravelandmore.com\/fr\/#\/schema\/logo\/image\/"},"sameAs":["https:\/\/www.facebook.com\/tourtravelandmore\/","https:\/\/x.com\/TourTravel_More"]}]}},"_links":{"self":[{"href":"https:\/\/tourtravelandmore.com\/fr\/wp-json\/wp\/v2\/product\/121040","targetHints":{"allow":["GET"]}}],"collection":[{"href":"https:\/\/tourtravelandmore.com\/fr\/wp-json\/wp\/v2\/product"}],"about":[{"href":"https:\/\/tourtravelandmore.com\/fr\/wp-json\/wp\/v2\/types\/product"}],"replies":[{"embeddable":true,"href":"https:\/\/tourtravelandmore.com\/fr\/wp-json\/wp\/v2\/comments?post=121040"}],"wp:featuredmedia":[{"embeddable":true,"href":"https:\/\/tourtravelandmore.com\/fr\/wp-json\/wp\/v2\/media\/121053"}],"wp:attachment":[{"href":"https:\/\/tourtravelandmore.com\/fr\/wp-json\/wp\/v2\/media?parent=121040"}],"wp:term":[{"taxonomy":"product_brand","embeddable":true,"href":"https:\/\/tourtravelandmore.com\/fr\/wp-json\/wp\/v2\/product_brand?post=121040"},{"taxonomy":"product_cat","embeddable":true,"href":"https:\/\/tourtravelandmore.com\/fr\/wp-json\/wp\/v2\/product_cat?post=121040"},{"taxonomy":"product_tag","embeddable":true,"href":"https:\/\/tourtravelandmore.com\/fr\/wp-json\/wp\/v2\/product_tag?post=121040"}],"curies":[{"name":"wp","href":"https:\/\/api.w.org\/{rel}","templated":true}]}}