{"id":121001,"date":"2022-03-10T18:39:52","date_gmt":"2022-03-10T17:39:57","guid":{"rendered":"https:\/\/tourtravelandmore.com\/?post_type=product&#038;p=121001"},"modified":"2022-04-01T12:33:57","modified_gmt":"2022-04-01T10:33:57","slug":"visite-privee-de-parme-et-bologne-au-depart-de-milan","status":"publish","type":"product","link":"https:\/\/tourtravelandmore.com\/fr\/tours\/italie-fr\/milan-fr\/visite-privee-de-parme-et-bologne-au-depart-de-milan\/","title":{"rendered":"Visite priv\u00e9e de Parme et Bologne au d\u00e9part de Milan"},"content":{"rendered":"<h2><b>Description de la visite priv\u00e9e de Parme et Bologne au d\u00e9part de Milan<\/b><\/h2>\n<p><span style=\"font-weight: 400;\">Lors d&#8217;un voyage en Italie, une visite \u00e0 Parme et \u00e0 Bologne s&#8217;impose. Ces villes italiennes sont c\u00e9l\u00e8bres pour la production de certains des prosciutto et parmesans les plus convoit\u00e9s, connus dans le monde entier. Ils poss\u00e8dent \u00e9galement d&#8217;incroyables sites historiques.<\/span><\/p>\n<p><span style=\"font-weight: 400;\">Notre <\/span><b>visite priv\u00e9e de Parme et Bologne au d\u00e9part de Milan <\/b><span style=\"font-weight: 400;\">est personnalis\u00e9e. Vous pouvez donc convenir avec le chauffeur priv\u00e9 du point de rencontre qui vous convient le mieux.<\/span><\/p>\n<p><span style=\"font-weight: 400;\">Ensuite, nous <\/span><b>vous emm\u00e8nerons en voiture de <\/b><span style=\"font-weight: 400;\">luxe pour d\u00e9couvrir l&#8217;incroyable ville de Parme, qui se trouve dans la r\u00e9gion d&#8217;\u00c9milie-Romagne. Dans cette ville, vous rencontrerez un guide priv\u00e9 qui vous emm\u00e8nera visiter les lieux les plus embl\u00e9matiques, comme le centre historique, la Piazza Duomo, le Battistero, entre autres.\u00a0<\/span><\/p>\n<p><span style=\"font-weight: 400;\">Ensuite, vous vous rendrez \u00e0 Bologne, qui abrite la plus ancienne universit\u00e9 du monde et l&#8217;un des principaux berceaux de la gastronomie italienne. Notre guide priv\u00e9 \u00e0 Bologne sera attentif \u00e0 vous montrer tous les endroits les plus int\u00e9ressants de cette ville.\u00a0<\/span><\/p>\n<p><span style=\"font-weight: 400;\">\u00c0 la fin de la visite, vous serez ramen\u00e9 \u00e0 Milan dans le confort. Il s&#8217;agit d&#8217;un <\/span><b>voyage exclusif de 12 heures au <\/b><span style=\"font-weight: 400;\">cours duquel vous pourrez collectionner des souvenirs \u00e9tonnants.\u00a0<\/span><\/p>\n<h2><span style=\"color: #d3af37;\"><b>Points forts de l&#8217;<\/b><b>excursion priv\u00e9e Parme et Bologne au d\u00e9part de Milan<\/b><\/span><\/h2>\n<p><span style=\"font-weight: 400;\">Bologne et Parme sont deux des villes les plus charmantes d&#8217;Italie, et vous pouvez les d\u00e9couvrir lors de notre visite priv\u00e9e au d\u00e9part de Milan. Il s&#8217;agit d&#8217;une visite personnalis\u00e9e qui vous permettra de d\u00e9couvrir les points d&#8217;int\u00e9r\u00eat suivants \u00e0 votre propre rythme :\u00a0<\/span><\/p>\n<h3><span style=\"color: #d3af37;\"><b>Parme, la ville du parmesan et du prosciutto<\/b><\/span><\/h3>\n<p><span style=\"font-weight: 400;\">Parme se distingue par ses monuments incroyables, et c&#8217;est une ville d\u00e9tendue et paisible \u00e0 visiter. C&#8217;est \u00e9galement le lieu de naissance de grands artistes tels que Verdi et Toscanini.<\/span><\/p>\n<p><span style=\"font-weight: 400;\">Notre guide priv\u00e9 vous attendra dans le centre historique pour explorer les b\u00e2timents et monuments les plus frappants, consid\u00e9r\u00e9s comme les plus importants d&#8217;Italie.\u00a0<\/span><\/p>\n<p><span style=\"font-weight: 400;\">Vous pourrez visiter, entre autres, les attractions touristiques suivantes :\u00a0<\/span><\/p>\n<ul>\n<li aria-level=\"1\"><b>Le Palazzo della Pilotta<\/b><\/li>\n<\/ul>\n<ul>\n<li aria-level=\"1\"><b>Cath\u00e9drale Santa Maria Assunta<\/b><\/li>\n<\/ul>\n<ul>\n<li aria-level=\"1\"><b>La Piazza Duomo \u00e0 Parme<\/b><\/li>\n<\/ul>\n<ul>\n<li aria-level=\"1\"><b>Palazzo della Pilotta<\/b><\/li>\n<\/ul>\n<ul>\n<li aria-level=\"1\"><b>Le Parc Ducal et bien plus encore.\u00a0<\/b><\/li>\n<\/ul>\n<h3><b><span style=\"color: #d3af37;\">Bologne, une v\u00e9ritable capitale gastronomique avec un centre m\u00e9di\u00e9val<\/span>\u00a0<\/b><\/h3>\n<p><span style=\"font-weight: 400;\">Bologne, surnomm\u00e9e &#8220;la ville rouge&#8221;, abrite la plus ancienne universit\u00e9 du monde.\u00a0<\/span><\/p>\n<p><span style=\"font-weight: 400;\">Une fois arriv\u00e9 \u00e0 Bologne, votre guide officiel priv\u00e9 sera \u00e0 votre disposition pour vous montrer certains des monuments et b\u00e2timents les plus remarquables, par exemple :\u00a0<\/span><\/p>\n<ul>\n<li aria-level=\"1\"><b>La source de Nettuno<\/b><\/li>\n<\/ul>\n<ul>\n<li aria-level=\"1\"><b>Piazza Maggiore<\/b><\/li>\n<\/ul>\n<ul>\n<li aria-level=\"1\"><b>La basilique de San Petronio<\/b><\/li>\n<\/ul>\n<ul>\n<li aria-level=\"1\"><b>La basilique de San Petronio<\/b><\/li>\n<\/ul>\n<ul>\n<li aria-level=\"1\"><b>Les deux tours, et de nombreux autres points de grande valeur culturelle et architecturale.\u00a0<\/b><\/li>\n<\/ul>\n<p><span style=\"font-weight: 400;\">Vous aurez \u00e9galement du temps libre pour vous promener dans les villes \u00e0 votre guise. \u00c0 la fin de la visite, nous vous ram\u00e8nerons \u00e0 Milan.\u00a0<\/span><\/p>\n<p><span style=\"font-weight: 400;\">Il n&#8217;y a pas de mal \u00e0 inclure notre excursion <\/span><a href=\"https:\/\/tourtravelandmore.com\/fr\/tours\/italie-fr\/milan-fr\/visite-privee-de-venise-au-depart-de-milan\/\"><b>\u00e0 Venise depuis Milan <\/b><\/a><span style=\"font-weight: 400;\">dans vos plans pour l&#8217;Italie. De cette fa\u00e7on, vous compl\u00e9terez votre tour des plus belles villes d&#8217;Italie.<\/span><\/p>\n","protected":false},"excerpt":{"rendered":"<p><span style=\"font-weight: 400;\">Apprenez \u00e0 conna\u00eetre deux des plus belles villes du nord de l&#8217;Italie lors d&#8217;une visite priv\u00e9e personnalis\u00e9e de Parme et Bologne au d\u00e9part de Milan. D\u00e9couvrez les sites les plus int\u00e9ressants de ces deux villes historiques. De plus, le transfert depuis Milan se fera dans une voiture de luxe et vous aurez un guide priv\u00e9 qui vous parlera de la culture et de l&#8217;histoire de ces grandes villes m\u00e9di\u00e9vales.<\/span><\/p>\n","protected":false},"featured_media":121014,"comment_status":"open","ping_status":"closed","template":"","meta":{"_acf_changed":false},"product_brand":[],"product_cat":[3700],"product_tag":[],"class_list":{"0":"post-121001","1":"product","2":"type-product","3":"status-publish","4":"has-post-thumbnail","6":"product_cat-milan-fr","8":"first","9":"instock","10":"shipping-taxable","11":"purchasable","12":"product-type-simple"},"acf":[],"yoast_head":"<!-- This site is optimized with the Yoast SEO Premium plugin v25.3.1 (Yoast SEO v25.3.1) - https:\/\/yoast.com\/wordpress\/plugins\/seo\/ -->\n<title>Visite priv\u00e9e de Parme et Bologne au d\u00e9part de Milan avec guide priv\u00e9 et transfert en voiture de luxe<\/title>\n<meta name=\"description\" content=\"Cette visite priv\u00e9e vous permettra de d\u00e9couvrir le grand patrimoine historique et culturel de Parme et de Bologne, deux des villes les plus importantes d&#039;Italie du Nord. Vous serez conduit en voiture de luxe depuis Milan et un guide priv\u00e9 vous accompagnera dans chaque ville\" \/>\n<meta name=\"robots\" content=\"index, follow, max-snippet:-1, max-image-preview:large, max-video-preview:-1\" \/>\n<link rel=\"canonical\" href=\"https:\/\/tourtravelandmore.com\/fr\/tours\/italie-fr\/milan-fr\/visite-privee-de-parme-et-bologne-au-depart-de-milan\/\" \/>\n<meta property=\"og:locale\" content=\"fr_FR\" \/>\n<meta property=\"og:type\" content=\"article\" \/>\n<meta property=\"og:title\" content=\"Visite priv\u00e9e de Parme et Bologne au d\u00e9part de Milan\" \/>\n<meta property=\"og:description\" content=\"Cette visite priv\u00e9e vous permettra de d\u00e9couvrir le grand patrimoine historique et culturel de Parme et de Bologne, deux des villes les plus importantes d&#039;Italie du Nord. Vous serez conduit en voiture de luxe depuis Milan et un guide priv\u00e9 vous accompagnera dans chaque ville\" \/>\n<meta property=\"og:url\" content=\"https:\/\/tourtravelandmore.com\/fr\/tours\/italie-fr\/milan-fr\/visite-privee-de-parme-et-bologne-au-depart-de-milan\/\" \/>\n<meta property=\"og:site_name\" content=\"Tour Travel And More\" \/>\n<meta property=\"article:publisher\" content=\"https:\/\/www.facebook.com\/tourtravelandmore\/\" \/>\n<meta property=\"article:modified_time\" content=\"2022-04-01T10:33:57+00:00\" \/>\n<meta property=\"og:image\" content=\"https:\/\/tourtravelandmore.com\/wp-content\/uploads\/2022\/03\/image2-4.jpg\" \/>\n\t<meta property=\"og:image:width\" content=\"900\" \/>\n\t<meta property=\"og:image:height\" content=\"680\" \/>\n\t<meta property=\"og:image:type\" content=\"image\/jpeg\" \/>\n<meta name=\"twitter:card\" content=\"summary_large_image\" \/>\n<meta name=\"twitter:site\" content=\"@TourTravel_More\" \/>\n<meta name=\"twitter:label1\" content=\"Dur\u00e9e de lecture estim\u00e9e\" \/>\n\t<meta name=\"twitter:data1\" content=\"3 minutes\" \/>\n<script type=\"application\/ld+json\" class=\"yoast-schema-graph\">{\"@context\":\"https:\/\/schema.org\",\"@graph\":[{\"@type\":\"WebPage\",\"@id\":\"https:\/\/tourtravelandmore.com\/fr\/tours\/italie-fr\/milan-fr\/visite-privee-de-parme-et-bologne-au-depart-de-milan\/\",\"url\":\"https:\/\/tourtravelandmore.com\/fr\/tours\/italie-fr\/milan-fr\/visite-privee-de-parme-et-bologne-au-depart-de-milan\/\",\"name\":\"Visite priv\u00e9e de Parme et Bologne au d\u00e9part de Milan avec guide priv\u00e9 et transfert en voiture de luxe\",\"isPartOf\":{\"@id\":\"https:\/\/tourtravelandmore.com\/fr\/#website\"},\"primaryImageOfPage\":{\"@id\":\"https:\/\/tourtravelandmore.com\/fr\/tours\/italie-fr\/milan-fr\/visite-privee-de-parme-et-bologne-au-depart-de-milan\/#primaryimage\"},\"image\":{\"@id\":\"https:\/\/tourtravelandmore.com\/fr\/tours\/italie-fr\/milan-fr\/visite-privee-de-parme-et-bologne-au-depart-de-milan\/#primaryimage\"},\"thumbnailUrl\":\"https:\/\/tourtravelandmore.com\/wp-content\/uploads\/2022\/03\/image2-4.jpg\",\"datePublished\":\"2022-03-10T17:39:57+00:00\",\"dateModified\":\"2022-04-01T10:33:57+00:00\",\"description\":\"Cette visite priv\u00e9e vous permettra de d\u00e9couvrir le grand patrimoine historique et culturel de Parme et de Bologne, deux des villes les plus importantes d'Italie du Nord. Vous serez conduit en voiture de luxe depuis Milan et un guide priv\u00e9 vous accompagnera dans chaque ville\",\"breadcrumb\":{\"@id\":\"https:\/\/tourtravelandmore.com\/fr\/tours\/italie-fr\/milan-fr\/visite-privee-de-parme-et-bologne-au-depart-de-milan\/#breadcrumb\"},\"inLanguage\":\"fr-FR\",\"potentialAction\":[{\"@type\":\"ReadAction\",\"target\":[\"https:\/\/tourtravelandmore.com\/fr\/tours\/italie-fr\/milan-fr\/visite-privee-de-parme-et-bologne-au-depart-de-milan\/\"]}]},{\"@type\":\"ImageObject\",\"inLanguage\":\"fr-FR\",\"@id\":\"https:\/\/tourtravelandmore.com\/fr\/tours\/italie-fr\/milan-fr\/visite-privee-de-parme-et-bologne-au-depart-de-milan\/#primaryimage\",\"url\":\"https:\/\/tourtravelandmore.com\/wp-content\/uploads\/2022\/03\/image2-4.jpg\",\"contentUrl\":\"https:\/\/tourtravelandmore.com\/wp-content\/uploads\/2022\/03\/image2-4.jpg\",\"width\":900,\"height\":680},{\"@type\":\"BreadcrumbList\",\"@id\":\"https:\/\/tourtravelandmore.com\/fr\/tours\/italie-fr\/milan-fr\/visite-privee-de-parme-et-bologne-au-depart-de-milan\/#breadcrumb\",\"itemListElement\":[{\"@type\":\"ListItem\",\"position\":1,\"name\":\"Home\",\"item\":\"https:\/\/tourtravelandmore.com\/fr\/\"},{\"@type\":\"ListItem\",\"position\":2,\"name\":\"Tours\",\"item\":\"https:\/\/tourtravelandmore.com\/fr\/tours\/\"},{\"@type\":\"ListItem\",\"position\":3,\"name\":\"Visite priv\u00e9e de Parme et Bologne au d\u00e9part de Milan\"}]},{\"@type\":\"WebSite\",\"@id\":\"https:\/\/tourtravelandmore.com\/fr\/#website\",\"url\":\"https:\/\/tourtravelandmore.com\/fr\/\",\"name\":\"Tour Travel And More\",\"description\":\"Private sightseeing tours and luxury transfers in Spain\",\"publisher\":{\"@id\":\"https:\/\/tourtravelandmore.com\/fr\/#organization\"},\"potentialAction\":[{\"@type\":\"SearchAction\",\"target\":{\"@type\":\"EntryPoint\",\"urlTemplate\":\"https:\/\/tourtravelandmore.com\/fr\/?s={search_term_string}\"},\"query-input\":{\"@type\":\"PropertyValueSpecification\",\"valueRequired\":true,\"valueName\":\"search_term_string\"}}],\"inLanguage\":\"fr-FR\"},{\"@type\":\"Organization\",\"@id\":\"https:\/\/tourtravelandmore.com\/fr\/#organization\",\"name\":\"Tour Travel And More\",\"url\":\"https:\/\/tourtravelandmore.com\/fr\/\",\"logo\":{\"@type\":\"ImageObject\",\"inLanguage\":\"fr-FR\",\"@id\":\"https:\/\/tourtravelandmore.com\/fr\/#\/schema\/logo\/image\/\",\"url\":\"https:\/\/tourtravelandmore.com\/wp-content\/uploads\/2022\/12\/cropped-logo-cabecera-new.png\",\"contentUrl\":\"https:\/\/tourtravelandmore.com\/wp-content\/uploads\/2022\/12\/cropped-logo-cabecera-new.png\",\"width\":430,\"height\":61,\"caption\":\"Tour Travel And More\"},\"image\":{\"@id\":\"https:\/\/tourtravelandmore.com\/fr\/#\/schema\/logo\/image\/\"},\"sameAs\":[\"https:\/\/www.facebook.com\/tourtravelandmore\/\",\"https:\/\/x.com\/TourTravel_More\"]}]}<\/script>\n<!-- \/ Yoast SEO Premium plugin. -->","yoast_head_json":{"title":"Visite priv\u00e9e de Parme et Bologne au d\u00e9part de Milan avec guide priv\u00e9 et transfert en voiture de luxe","description":"Cette visite priv\u00e9e vous permettra de d\u00e9couvrir le grand patrimoine historique et culturel de Parme et de Bologne, deux des villes les plus importantes d'Italie du Nord. Vous serez conduit en voiture de luxe depuis Milan et un guide priv\u00e9 vous accompagnera dans chaque ville","robots":{"index":"index","follow":"follow","max-snippet":"max-snippet:-1","max-image-preview":"max-image-preview:large","max-video-preview":"max-video-preview:-1"},"canonical":"https:\/\/tourtravelandmore.com\/fr\/tours\/italie-fr\/milan-fr\/visite-privee-de-parme-et-bologne-au-depart-de-milan\/","og_locale":"fr_FR","og_type":"article","og_title":"Visite priv\u00e9e de Parme et Bologne au d\u00e9part de Milan","og_description":"Cette visite priv\u00e9e vous permettra de d\u00e9couvrir le grand patrimoine historique et culturel de Parme et de Bologne, deux des villes les plus importantes d'Italie du Nord. Vous serez conduit en voiture de luxe depuis Milan et un guide priv\u00e9 vous accompagnera dans chaque ville","og_url":"https:\/\/tourtravelandmore.com\/fr\/tours\/italie-fr\/milan-fr\/visite-privee-de-parme-et-bologne-au-depart-de-milan\/","og_site_name":"Tour Travel And More","article_publisher":"https:\/\/www.facebook.com\/tourtravelandmore\/","article_modified_time":"2022-04-01T10:33:57+00:00","og_image":[{"width":900,"height":680,"url":"https:\/\/tourtravelandmore.com\/wp-content\/uploads\/2022\/03\/image2-4.jpg","type":"image\/jpeg"}],"twitter_card":"summary_large_image","twitter_site":"@TourTravel_More","twitter_misc":{"Dur\u00e9e de lecture estim\u00e9e":"3 minutes"},"schema":{"@context":"https:\/\/schema.org","@graph":[{"@type":"WebPage","@id":"https:\/\/tourtravelandmore.com\/fr\/tours\/italie-fr\/milan-fr\/visite-privee-de-parme-et-bologne-au-depart-de-milan\/","url":"https:\/\/tourtravelandmore.com\/fr\/tours\/italie-fr\/milan-fr\/visite-privee-de-parme-et-bologne-au-depart-de-milan\/","name":"Visite priv\u00e9e de Parme et Bologne au d\u00e9part de Milan avec guide priv\u00e9 et transfert en voiture de luxe","isPartOf":{"@id":"https:\/\/tourtravelandmore.com\/fr\/#website"},"primaryImageOfPage":{"@id":"https:\/\/tourtravelandmore.com\/fr\/tours\/italie-fr\/milan-fr\/visite-privee-de-parme-et-bologne-au-depart-de-milan\/#primaryimage"},"image":{"@id":"https:\/\/tourtravelandmore.com\/fr\/tours\/italie-fr\/milan-fr\/visite-privee-de-parme-et-bologne-au-depart-de-milan\/#primaryimage"},"thumbnailUrl":"https:\/\/tourtravelandmore.com\/wp-content\/uploads\/2022\/03\/image2-4.jpg","datePublished":"2022-03-10T17:39:57+00:00","dateModified":"2022-04-01T10:33:57+00:00","description":"Cette visite priv\u00e9e vous permettra de d\u00e9couvrir le grand patrimoine historique et culturel de Parme et de Bologne, deux des villes les plus importantes d'Italie du Nord. Vous serez conduit en voiture de luxe depuis Milan et un guide priv\u00e9 vous accompagnera dans chaque ville","breadcrumb":{"@id":"https:\/\/tourtravelandmore.com\/fr\/tours\/italie-fr\/milan-fr\/visite-privee-de-parme-et-bologne-au-depart-de-milan\/#breadcrumb"},"inLanguage":"fr-FR","potentialAction":[{"@type":"ReadAction","target":["https:\/\/tourtravelandmore.com\/fr\/tours\/italie-fr\/milan-fr\/visite-privee-de-parme-et-bologne-au-depart-de-milan\/"]}]},{"@type":"ImageObject","inLanguage":"fr-FR","@id":"https:\/\/tourtravelandmore.com\/fr\/tours\/italie-fr\/milan-fr\/visite-privee-de-parme-et-bologne-au-depart-de-milan\/#primaryimage","url":"https:\/\/tourtravelandmore.com\/wp-content\/uploads\/2022\/03\/image2-4.jpg","contentUrl":"https:\/\/tourtravelandmore.com\/wp-content\/uploads\/2022\/03\/image2-4.jpg","width":900,"height":680},{"@type":"BreadcrumbList","@id":"https:\/\/tourtravelandmore.com\/fr\/tours\/italie-fr\/milan-fr\/visite-privee-de-parme-et-bologne-au-depart-de-milan\/#breadcrumb","itemListElement":[{"@type":"ListItem","position":1,"name":"Home","item":"https:\/\/tourtravelandmore.com\/fr\/"},{"@type":"ListItem","position":2,"name":"Tours","item":"https:\/\/tourtravelandmore.com\/fr\/tours\/"},{"@type":"ListItem","position":3,"name":"Visite priv\u00e9e de Parme et Bologne au d\u00e9part de Milan"}]},{"@type":"WebSite","@id":"https:\/\/tourtravelandmore.com\/fr\/#website","url":"https:\/\/tourtravelandmore.com\/fr\/","name":"Tour Travel And More","description":"Private sightseeing tours and luxury transfers in Spain","publisher":{"@id":"https:\/\/tourtravelandmore.com\/fr\/#organization"},"potentialAction":[{"@type":"SearchAction","target":{"@type":"EntryPoint","urlTemplate":"https:\/\/tourtravelandmore.com\/fr\/?s={search_term_string}"},"query-input":{"@type":"PropertyValueSpecification","valueRequired":true,"valueName":"search_term_string"}}],"inLanguage":"fr-FR"},{"@type":"Organization","@id":"https:\/\/tourtravelandmore.com\/fr\/#organization","name":"Tour Travel And More","url":"https:\/\/tourtravelandmore.com\/fr\/","logo":{"@type":"ImageObject","inLanguage":"fr-FR","@id":"https:\/\/tourtravelandmore.com\/fr\/#\/schema\/logo\/image\/","url":"https:\/\/tourtravelandmore.com\/wp-content\/uploads\/2022\/12\/cropped-logo-cabecera-new.png","contentUrl":"https:\/\/tourtravelandmore.com\/wp-content\/uploads\/2022\/12\/cropped-logo-cabecera-new.png","width":430,"height":61,"caption":"Tour Travel And More"},"image":{"@id":"https:\/\/tourtravelandmore.com\/fr\/#\/schema\/logo\/image\/"},"sameAs":["https:\/\/www.facebook.com\/tourtravelandmore\/","https:\/\/x.com\/TourTravel_More"]}]}},"_links":{"self":[{"href":"https:\/\/tourtravelandmore.com\/fr\/wp-json\/wp\/v2\/product\/121001","targetHints":{"allow":["GET"]}}],"collection":[{"href":"https:\/\/tourtravelandmore.com\/fr\/wp-json\/wp\/v2\/product"}],"about":[{"href":"https:\/\/tourtravelandmore.com\/fr\/wp-json\/wp\/v2\/types\/product"}],"replies":[{"embeddable":true,"href":"https:\/\/tourtravelandmore.com\/fr\/wp-json\/wp\/v2\/comments?post=121001"}],"wp:featuredmedia":[{"embeddable":true,"href":"https:\/\/tourtravelandmore.com\/fr\/wp-json\/wp\/v2\/media\/121014"}],"wp:attachment":[{"href":"https:\/\/tourtravelandmore.com\/fr\/wp-json\/wp\/v2\/media?parent=121001"}],"wp:term":[{"taxonomy":"product_brand","embeddable":true,"href":"https:\/\/tourtravelandmore.com\/fr\/wp-json\/wp\/v2\/product_brand?post=121001"},{"taxonomy":"product_cat","embeddable":true,"href":"https:\/\/tourtravelandmore.com\/fr\/wp-json\/wp\/v2\/product_cat?post=121001"},{"taxonomy":"product_tag","embeddable":true,"href":"https:\/\/tourtravelandmore.com\/fr\/wp-json\/wp\/v2\/product_tag?post=121001"}],"curies":[{"name":"wp","href":"https:\/\/api.w.org\/{rel}","templated":true}]}}