{"id":120962,"date":"2022-03-10T18:24:10","date_gmt":"2022-03-10T17:24:16","guid":{"rendered":"https:\/\/tourtravelandmore.com\/?post_type=product&#038;p=120962"},"modified":"2022-04-01T12:34:25","modified_gmt":"2022-04-01T10:34:25","slug":"visite-privee-de-parme-au-depart-de-milan","status":"publish","type":"product","link":"https:\/\/tourtravelandmore.com\/fr\/tours\/italie-fr\/milan-fr\/visite-privee-de-parme-au-depart-de-milan\/","title":{"rendered":"Visite priv\u00e9e de Parme au d\u00e9part de Milan"},"content":{"rendered":"<h2><b>Description de l&#8217;excursion priv\u00e9e \u00e0 Parme au d\u00e9part de Milan<\/b><\/h2>\n<p><span style=\"font-weight: 400;\">Parme est c\u00e9l\u00e8bre pour son fromage parmesan, son jambon prosciutto et son vin rouge d&#8217;appellation d&#8217;origine. C&#8217;est aussi une ville au riche patrimoine historique et culturel qui attire des milliers de touristes ann\u00e9e apr\u00e8s ann\u00e9e.\u00a0<\/span><\/p>\n<p><span style=\"font-weight: 400;\">Lors de notre <\/span><b>visite priv\u00e9e de Parme au d\u00e9part de Milan, <\/b><span style=\"font-weight: 400;\">vous verrez les sites les plus attrayants, comme le c\u00e9l\u00e8bre mus\u00e9e de la Parmigiana, construit au XVIe si\u00e8cle, qui abrite aujourd&#8217;hui de nombreuses peintures et fresques du XVIe si\u00e8cle r\u00e9alis\u00e9es par les principaux artistes de Parme, dont le Corr\u00e8ge.\u00a0<\/span><\/p>\n<p><span style=\"font-weight: 400;\">Vous verrez \u00e9galement l&#8217;\u00e9glise du Carmine, dont l&#8217;int\u00e9rieur est d\u00e9cor\u00e9 d&#8217;\u0153uvres du Correggio. En outre, nous inclurons une visite de la Piazza Duomo et d&#8217;autres sites historiques de la ville.<\/span><\/p>\n<p><span style=\"font-weight: 400;\">Il s&#8217;agit d&#8217;une <\/span><b>visite de 8 heures<\/b><span style=\"font-weight: 400;\">, au cours de laquelle vous serez transf\u00e9r\u00e9 dans une voiture de luxe. En outre, \u00e0 Parme, vous serez accompagn\u00e9 pendant 2 heures par un guide priv\u00e9 afin de ne rien manquer.\u00a0<\/span><\/p>\n<p><span style=\"font-weight: 400;\">Ensuite, la voiture priv\u00e9e vous ram\u00e8nera \u00e0 Milan. Veuillez noter qu&#8217;il s&#8217;agit d&#8217;une visite personnalis\u00e9e afin que vous puissiez d\u00e9couvrir les lieux qui retiennent votre attention.\u00a0<\/span><\/p>\n<h2><span style=\"color: #d3af37;\"><b>Points forts de la visite priv\u00e9e<\/b><\/span><\/h2>\n<p><b>Explorez de mani\u00e8re personnalis\u00e9e la ville de Parme<\/b><span style=\"font-weight: 400;\">, connue comme la capitale des beaux-arts en Italie et le lieu de naissance du c\u00e9l\u00e8bre fromage parmesan.\u00a0<\/span><\/p>\n<p><span style=\"font-weight: 400;\">Laissez-vous enchanter par ses palais de la Renaissance, ses mus\u00e9es, ses galeries d&#8217;art et ses \u00e9glises imposantes. Notre visite priv\u00e9e de Milan commence lorsque nous venons vous chercher \u00e0 un point central de Milan et que nous vous emmenons en voiture de luxe \u00e0 Parme.\u00a0<\/span><\/p>\n<p><span style=\"font-weight: 400;\">Une fois sur place, votre guide priv\u00e9 vous conduira aux points d&#8217;int\u00e9r\u00eat suivants :\u00a0<\/span><\/p>\n<h3><span style=\"color: #d3af37;\"><b>Piazza Duomo de Parme<\/b><\/span><\/h3>\n<p><span style=\"font-weight: 400;\">C&#8217;est l&#8217;une des places m\u00e9di\u00e9vales les mieux pr\u00e9serv\u00e9es d&#8217;Italie. Il est situ\u00e9 au c\u0153ur du centre-ville et est entour\u00e9 d&#8217;incroyables b\u00e2timents historiques, tels que le baptist\u00e8re et la cath\u00e9drale de Parme.\u00a0<\/span><\/p>\n<h3><span style=\"color: #d3af37;\"><b>Le Palazzo della Pilotta<\/b><\/span><\/h3>\n<p><span style=\"font-weight: 400;\">Il s&#8217;agit sans aucun doute de l&#8217;un des b\u00e2timents les plus remarquables de Parme, situ\u00e9 tout pr\u00e8s de la Piazza del Duomo.\u00a0<\/span><\/p>\n<p><span style=\"font-weight: 400;\">La Biblioth\u00e8que Palatine et la Galerie Nationale sont actuellement log\u00e9es \u00e0 l&#8217;int\u00e9rieur. Nous savons que vous voudrez prendre des photos de ce monument, car son architecture est impressionnante.\u00a0<\/span><\/p>\n<h3><span style=\"color: #d3af37;\"><b>Le baptist\u00e8re de Parme<\/b><\/span><\/h3>\n<p><span style=\"font-weight: 400;\">Tout pr\u00e8s de la cath\u00e9drale de Parme, vous trouverez un autre tr\u00e9sor de la ville : le baptist\u00e8re de Parme.\u00a0<\/span><\/p>\n<p><span style=\"font-weight: 400;\">Cet incroyable monument vous enchantera dans les moindres d\u00e9tails. Pour commencer, la structure est recouverte d&#8217;un magnifique marbre rose de V\u00e9rone, ce qui fait de cette construction une \u0153uvre d&#8217;art.\u00a0<\/span><\/p>\n<p><span style=\"font-weight: 400;\">L&#8217;int\u00e9rieur est tr\u00e8s \u00e9l\u00e9gant et abrite diverses \u0153uvres d&#8217;art r\u00e9alis\u00e9es par certains des artistes les plus c\u00e9l\u00e8bres d&#8217;Italie.\u00a0<\/span><\/p>\n<h3><span style=\"color: #d3af37;\"><b>Cath\u00e9drale de Parme\u00a0<\/b><\/span><\/h3>\n<p><span style=\"font-weight: 400;\">Le Duomo de Santa Maria Assunta ou cath\u00e9drale de Parme a \u00e9t\u00e9 construit au cours des 11e et 12e si\u00e8cles.\u00a0<\/span><\/p>\n<p><span style=\"font-weight: 400;\">Ce splendide b\u00e2timent est un m\u00e9lange de diff\u00e9rents styles architecturaux, tels que le gothique et la Renaissance. En fait, elle est consid\u00e9r\u00e9e comme <\/span><b>l&#8217;une des plus belles \u0153uvres romanes d&#8217;Europe<\/b><span style=\"font-weight: 400;\">, et vous pouvez admirer ce chef-d&#8217;\u0153uvre gr\u00e2ce \u00e0 notre visite guid\u00e9e.\u00a0<\/span><\/p>\n<p><span style=\"font-weight: 400;\">Il existe de nombreux autres endroits \u00e0 visiter \u00e0 Parme, par exemple :\u00a0<\/span><\/p>\n<ul>\n<li><b>Palazzo della Pilotta<\/b><\/li>\n<li><b>Le th\u00e9\u00e2tre Farn\u00e8se<\/b><\/li>\n<li><b>Le Teatro Regio<\/b><\/li>\n<li><b>Le mus\u00e9e Parmigiana<\/b><\/li>\n<li><b>Ch\u00e2teau de Torrechiara et bien plus encore.\u00a0<\/b><\/li>\n<\/ul>\n<p><span style=\"font-weight: 400;\">Notre visite priv\u00e9e est 100% personnalis\u00e9e. Vous aurez donc le guide officiel pour vous rendre aux points de Parme qui vous int\u00e9ressent le plus et selon vos go\u00fbts.\u00a0<\/span><\/p>\n<p><span style=\"font-weight: 400;\">Enfin, la voiture vous emm\u00e8nera pour un retour confortable et agr\u00e9able \u00e0 Milan.\u00a0<\/span><\/p>\n<p><span style=\"font-weight: 400;\">Il n&#8217;y a pas de mal \u00e0 inclure notre <\/span><a href=\"https:\/\/tourtravelandmore.com\/es\/tours\/italia-es\/milan-es\/tour-privado-a-genova-desde-milan\/\"><b>visite priv\u00e9e de G\u00eanes au d\u00e9part de Milan <\/b><\/a><span style=\"font-weight: 400;\">dans votre itin\u00e9raire de voyage en Italie pour faire connaissance avec la capitale de la r\u00e9gion de la Ligurie.\u00a0<\/span><\/p>\n","protected":false},"excerpt":{"rendered":"<p><span style=\"font-weight: 400;\">Faites une splendide visite de Parme, le berceau du parmesan, lors d&#8217;une visite priv\u00e9e au d\u00e9part de Milan. Profitez de l&#8217;occasion pour voir les monuments et b\u00e2timents les plus symboliques de cette ville, comme la cath\u00e9drale de Parme, le baptist\u00e8re, la Piazza Duomo, parmi beaucoup d&#8217;autres. La visite se fera dans une voiture de luxe confortable et en compagnie d&#8217;un guide officiel priv\u00e9. <\/span><\/p>\n","protected":false},"featured_media":120981,"comment_status":"open","ping_status":"closed","template":"","meta":{"_acf_changed":false},"product_brand":[],"product_cat":[3700],"product_tag":[],"class_list":{"0":"post-120962","1":"product","2":"type-product","3":"status-publish","4":"has-post-thumbnail","6":"product_cat-milan-fr","8":"first","9":"instock","10":"shipping-taxable","11":"purchasable","12":"product-type-simple"},"acf":[],"yoast_head":"<!-- This site is optimized with the Yoast SEO Premium plugin v25.3.1 (Yoast SEO v25.3.1) - https:\/\/yoast.com\/wordpress\/plugins\/seo\/ -->\n<title>Visite priv\u00e9e de Parme au d\u00e9part de Milan en voiture de luxe et avec un guide priv\u00e9 expert en art et en histoire<\/title>\n<meta name=\"description\" content=\"D\u00e9couvrez le meilleur de Parme lors d&#039;une visite priv\u00e9e au d\u00e9part de Milan, o\u00f9 vous visiterez les monuments les plus importants de cette ville m\u00e9di\u00e9vale embl\u00e9matique\" \/>\n<meta name=\"robots\" content=\"index, follow, max-snippet:-1, max-image-preview:large, max-video-preview:-1\" \/>\n<link rel=\"canonical\" href=\"https:\/\/tourtravelandmore.com\/fr\/tours\/italie-fr\/milan-fr\/visite-privee-de-parme-au-depart-de-milan\/\" \/>\n<meta property=\"og:locale\" content=\"fr_FR\" \/>\n<meta property=\"og:type\" content=\"article\" \/>\n<meta property=\"og:title\" content=\"Visite priv\u00e9e de Parme au d\u00e9part de Milan\" \/>\n<meta property=\"og:description\" content=\"D\u00e9couvrez le meilleur de Parme lors d&#039;une visite priv\u00e9e au d\u00e9part de Milan, o\u00f9 vous visiterez les monuments les plus importants de cette ville m\u00e9di\u00e9vale embl\u00e9matique\" \/>\n<meta property=\"og:url\" content=\"https:\/\/tourtravelandmore.com\/fr\/tours\/italie-fr\/milan-fr\/visite-privee-de-parme-au-depart-de-milan\/\" \/>\n<meta property=\"og:site_name\" content=\"Tour Travel And More\" \/>\n<meta property=\"article:publisher\" content=\"https:\/\/www.facebook.com\/tourtravelandmore\/\" \/>\n<meta property=\"article:modified_time\" content=\"2022-04-01T10:34:25+00:00\" \/>\n<meta property=\"og:image\" content=\"https:\/\/tourtravelandmore.com\/wp-content\/uploads\/2022\/03\/image5.jpg\" \/>\n\t<meta property=\"og:image:width\" content=\"900\" \/>\n\t<meta property=\"og:image:height\" content=\"680\" \/>\n\t<meta property=\"og:image:type\" content=\"image\/jpeg\" \/>\n<meta name=\"twitter:card\" content=\"summary_large_image\" \/>\n<meta name=\"twitter:site\" content=\"@TourTravel_More\" \/>\n<meta name=\"twitter:label1\" content=\"Dur\u00e9e de lecture estim\u00e9e\" \/>\n\t<meta name=\"twitter:data1\" content=\"3 minutes\" \/>\n<script type=\"application\/ld+json\" class=\"yoast-schema-graph\">{\"@context\":\"https:\/\/schema.org\",\"@graph\":[{\"@type\":\"WebPage\",\"@id\":\"https:\/\/tourtravelandmore.com\/fr\/tours\/italie-fr\/milan-fr\/visite-privee-de-parme-au-depart-de-milan\/\",\"url\":\"https:\/\/tourtravelandmore.com\/fr\/tours\/italie-fr\/milan-fr\/visite-privee-de-parme-au-depart-de-milan\/\",\"name\":\"Visite priv\u00e9e de Parme au d\u00e9part de Milan en voiture de luxe et avec un guide priv\u00e9 expert en art et en histoire\",\"isPartOf\":{\"@id\":\"https:\/\/tourtravelandmore.com\/fr\/#website\"},\"primaryImageOfPage\":{\"@id\":\"https:\/\/tourtravelandmore.com\/fr\/tours\/italie-fr\/milan-fr\/visite-privee-de-parme-au-depart-de-milan\/#primaryimage\"},\"image\":{\"@id\":\"https:\/\/tourtravelandmore.com\/fr\/tours\/italie-fr\/milan-fr\/visite-privee-de-parme-au-depart-de-milan\/#primaryimage\"},\"thumbnailUrl\":\"https:\/\/tourtravelandmore.com\/wp-content\/uploads\/2022\/03\/image5.jpg\",\"datePublished\":\"2022-03-10T17:24:16+00:00\",\"dateModified\":\"2022-04-01T10:34:25+00:00\",\"description\":\"D\u00e9couvrez le meilleur de Parme lors d'une visite priv\u00e9e au d\u00e9part de Milan, o\u00f9 vous visiterez les monuments les plus importants de cette ville m\u00e9di\u00e9vale embl\u00e9matique\",\"breadcrumb\":{\"@id\":\"https:\/\/tourtravelandmore.com\/fr\/tours\/italie-fr\/milan-fr\/visite-privee-de-parme-au-depart-de-milan\/#breadcrumb\"},\"inLanguage\":\"fr-FR\",\"potentialAction\":[{\"@type\":\"ReadAction\",\"target\":[\"https:\/\/tourtravelandmore.com\/fr\/tours\/italie-fr\/milan-fr\/visite-privee-de-parme-au-depart-de-milan\/\"]}]},{\"@type\":\"ImageObject\",\"inLanguage\":\"fr-FR\",\"@id\":\"https:\/\/tourtravelandmore.com\/fr\/tours\/italie-fr\/milan-fr\/visite-privee-de-parme-au-depart-de-milan\/#primaryimage\",\"url\":\"https:\/\/tourtravelandmore.com\/wp-content\/uploads\/2022\/03\/image5.jpg\",\"contentUrl\":\"https:\/\/tourtravelandmore.com\/wp-content\/uploads\/2022\/03\/image5.jpg\",\"width\":900,\"height\":680},{\"@type\":\"BreadcrumbList\",\"@id\":\"https:\/\/tourtravelandmore.com\/fr\/tours\/italie-fr\/milan-fr\/visite-privee-de-parme-au-depart-de-milan\/#breadcrumb\",\"itemListElement\":[{\"@type\":\"ListItem\",\"position\":1,\"name\":\"Home\",\"item\":\"https:\/\/tourtravelandmore.com\/fr\/\"},{\"@type\":\"ListItem\",\"position\":2,\"name\":\"Tours\",\"item\":\"https:\/\/tourtravelandmore.com\/fr\/tours\/\"},{\"@type\":\"ListItem\",\"position\":3,\"name\":\"Visite priv\u00e9e de Parme au d\u00e9part de Milan\"}]},{\"@type\":\"WebSite\",\"@id\":\"https:\/\/tourtravelandmore.com\/fr\/#website\",\"url\":\"https:\/\/tourtravelandmore.com\/fr\/\",\"name\":\"Tour Travel And More\",\"description\":\"Private sightseeing tours and luxury transfers in Spain\",\"publisher\":{\"@id\":\"https:\/\/tourtravelandmore.com\/fr\/#organization\"},\"potentialAction\":[{\"@type\":\"SearchAction\",\"target\":{\"@type\":\"EntryPoint\",\"urlTemplate\":\"https:\/\/tourtravelandmore.com\/fr\/?s={search_term_string}\"},\"query-input\":{\"@type\":\"PropertyValueSpecification\",\"valueRequired\":true,\"valueName\":\"search_term_string\"}}],\"inLanguage\":\"fr-FR\"},{\"@type\":\"Organization\",\"@id\":\"https:\/\/tourtravelandmore.com\/fr\/#organization\",\"name\":\"Tour Travel And More\",\"url\":\"https:\/\/tourtravelandmore.com\/fr\/\",\"logo\":{\"@type\":\"ImageObject\",\"inLanguage\":\"fr-FR\",\"@id\":\"https:\/\/tourtravelandmore.com\/fr\/#\/schema\/logo\/image\/\",\"url\":\"https:\/\/tourtravelandmore.com\/wp-content\/uploads\/2022\/12\/cropped-logo-cabecera-new.png\",\"contentUrl\":\"https:\/\/tourtravelandmore.com\/wp-content\/uploads\/2022\/12\/cropped-logo-cabecera-new.png\",\"width\":430,\"height\":61,\"caption\":\"Tour Travel And More\"},\"image\":{\"@id\":\"https:\/\/tourtravelandmore.com\/fr\/#\/schema\/logo\/image\/\"},\"sameAs\":[\"https:\/\/www.facebook.com\/tourtravelandmore\/\",\"https:\/\/x.com\/TourTravel_More\"]}]}<\/script>\n<!-- \/ Yoast SEO Premium plugin. -->","yoast_head_json":{"title":"Visite priv\u00e9e de Parme au d\u00e9part de Milan en voiture de luxe et avec un guide priv\u00e9 expert en art et en histoire","description":"D\u00e9couvrez le meilleur de Parme lors d'une visite priv\u00e9e au d\u00e9part de Milan, o\u00f9 vous visiterez les monuments les plus importants de cette ville m\u00e9di\u00e9vale embl\u00e9matique","robots":{"index":"index","follow":"follow","max-snippet":"max-snippet:-1","max-image-preview":"max-image-preview:large","max-video-preview":"max-video-preview:-1"},"canonical":"https:\/\/tourtravelandmore.com\/fr\/tours\/italie-fr\/milan-fr\/visite-privee-de-parme-au-depart-de-milan\/","og_locale":"fr_FR","og_type":"article","og_title":"Visite priv\u00e9e de Parme au d\u00e9part de Milan","og_description":"D\u00e9couvrez le meilleur de Parme lors d'une visite priv\u00e9e au d\u00e9part de Milan, o\u00f9 vous visiterez les monuments les plus importants de cette ville m\u00e9di\u00e9vale embl\u00e9matique","og_url":"https:\/\/tourtravelandmore.com\/fr\/tours\/italie-fr\/milan-fr\/visite-privee-de-parme-au-depart-de-milan\/","og_site_name":"Tour Travel And More","article_publisher":"https:\/\/www.facebook.com\/tourtravelandmore\/","article_modified_time":"2022-04-01T10:34:25+00:00","og_image":[{"width":900,"height":680,"url":"https:\/\/tourtravelandmore.com\/wp-content\/uploads\/2022\/03\/image5.jpg","type":"image\/jpeg"}],"twitter_card":"summary_large_image","twitter_site":"@TourTravel_More","twitter_misc":{"Dur\u00e9e de lecture estim\u00e9e":"3 minutes"},"schema":{"@context":"https:\/\/schema.org","@graph":[{"@type":"WebPage","@id":"https:\/\/tourtravelandmore.com\/fr\/tours\/italie-fr\/milan-fr\/visite-privee-de-parme-au-depart-de-milan\/","url":"https:\/\/tourtravelandmore.com\/fr\/tours\/italie-fr\/milan-fr\/visite-privee-de-parme-au-depart-de-milan\/","name":"Visite priv\u00e9e de Parme au d\u00e9part de Milan en voiture de luxe et avec un guide priv\u00e9 expert en art et en histoire","isPartOf":{"@id":"https:\/\/tourtravelandmore.com\/fr\/#website"},"primaryImageOfPage":{"@id":"https:\/\/tourtravelandmore.com\/fr\/tours\/italie-fr\/milan-fr\/visite-privee-de-parme-au-depart-de-milan\/#primaryimage"},"image":{"@id":"https:\/\/tourtravelandmore.com\/fr\/tours\/italie-fr\/milan-fr\/visite-privee-de-parme-au-depart-de-milan\/#primaryimage"},"thumbnailUrl":"https:\/\/tourtravelandmore.com\/wp-content\/uploads\/2022\/03\/image5.jpg","datePublished":"2022-03-10T17:24:16+00:00","dateModified":"2022-04-01T10:34:25+00:00","description":"D\u00e9couvrez le meilleur de Parme lors d'une visite priv\u00e9e au d\u00e9part de Milan, o\u00f9 vous visiterez les monuments les plus importants de cette ville m\u00e9di\u00e9vale embl\u00e9matique","breadcrumb":{"@id":"https:\/\/tourtravelandmore.com\/fr\/tours\/italie-fr\/milan-fr\/visite-privee-de-parme-au-depart-de-milan\/#breadcrumb"},"inLanguage":"fr-FR","potentialAction":[{"@type":"ReadAction","target":["https:\/\/tourtravelandmore.com\/fr\/tours\/italie-fr\/milan-fr\/visite-privee-de-parme-au-depart-de-milan\/"]}]},{"@type":"ImageObject","inLanguage":"fr-FR","@id":"https:\/\/tourtravelandmore.com\/fr\/tours\/italie-fr\/milan-fr\/visite-privee-de-parme-au-depart-de-milan\/#primaryimage","url":"https:\/\/tourtravelandmore.com\/wp-content\/uploads\/2022\/03\/image5.jpg","contentUrl":"https:\/\/tourtravelandmore.com\/wp-content\/uploads\/2022\/03\/image5.jpg","width":900,"height":680},{"@type":"BreadcrumbList","@id":"https:\/\/tourtravelandmore.com\/fr\/tours\/italie-fr\/milan-fr\/visite-privee-de-parme-au-depart-de-milan\/#breadcrumb","itemListElement":[{"@type":"ListItem","position":1,"name":"Home","item":"https:\/\/tourtravelandmore.com\/fr\/"},{"@type":"ListItem","position":2,"name":"Tours","item":"https:\/\/tourtravelandmore.com\/fr\/tours\/"},{"@type":"ListItem","position":3,"name":"Visite priv\u00e9e de Parme au d\u00e9part de Milan"}]},{"@type":"WebSite","@id":"https:\/\/tourtravelandmore.com\/fr\/#website","url":"https:\/\/tourtravelandmore.com\/fr\/","name":"Tour Travel And More","description":"Private sightseeing tours and luxury transfers in Spain","publisher":{"@id":"https:\/\/tourtravelandmore.com\/fr\/#organization"},"potentialAction":[{"@type":"SearchAction","target":{"@type":"EntryPoint","urlTemplate":"https:\/\/tourtravelandmore.com\/fr\/?s={search_term_string}"},"query-input":{"@type":"PropertyValueSpecification","valueRequired":true,"valueName":"search_term_string"}}],"inLanguage":"fr-FR"},{"@type":"Organization","@id":"https:\/\/tourtravelandmore.com\/fr\/#organization","name":"Tour Travel And More","url":"https:\/\/tourtravelandmore.com\/fr\/","logo":{"@type":"ImageObject","inLanguage":"fr-FR","@id":"https:\/\/tourtravelandmore.com\/fr\/#\/schema\/logo\/image\/","url":"https:\/\/tourtravelandmore.com\/wp-content\/uploads\/2022\/12\/cropped-logo-cabecera-new.png","contentUrl":"https:\/\/tourtravelandmore.com\/wp-content\/uploads\/2022\/12\/cropped-logo-cabecera-new.png","width":430,"height":61,"caption":"Tour Travel And More"},"image":{"@id":"https:\/\/tourtravelandmore.com\/fr\/#\/schema\/logo\/image\/"},"sameAs":["https:\/\/www.facebook.com\/tourtravelandmore\/","https:\/\/x.com\/TourTravel_More"]}]}},"_links":{"self":[{"href":"https:\/\/tourtravelandmore.com\/fr\/wp-json\/wp\/v2\/product\/120962","targetHints":{"allow":["GET"]}}],"collection":[{"href":"https:\/\/tourtravelandmore.com\/fr\/wp-json\/wp\/v2\/product"}],"about":[{"href":"https:\/\/tourtravelandmore.com\/fr\/wp-json\/wp\/v2\/types\/product"}],"replies":[{"embeddable":true,"href":"https:\/\/tourtravelandmore.com\/fr\/wp-json\/wp\/v2\/comments?post=120962"}],"wp:featuredmedia":[{"embeddable":true,"href":"https:\/\/tourtravelandmore.com\/fr\/wp-json\/wp\/v2\/media\/120981"}],"wp:attachment":[{"href":"https:\/\/tourtravelandmore.com\/fr\/wp-json\/wp\/v2\/media?parent=120962"}],"wp:term":[{"taxonomy":"product_brand","embeddable":true,"href":"https:\/\/tourtravelandmore.com\/fr\/wp-json\/wp\/v2\/product_brand?post=120962"},{"taxonomy":"product_cat","embeddable":true,"href":"https:\/\/tourtravelandmore.com\/fr\/wp-json\/wp\/v2\/product_cat?post=120962"},{"taxonomy":"product_tag","embeddable":true,"href":"https:\/\/tourtravelandmore.com\/fr\/wp-json\/wp\/v2\/product_tag?post=120962"}],"curies":[{"name":"wp","href":"https:\/\/api.w.org\/{rel}","templated":true}]}}