{"id":120926,"date":"2022-03-10T17:55:14","date_gmt":"2022-03-10T16:55:21","guid":{"rendered":"https:\/\/tourtravelandmore.com\/?post_type=product&#038;p=120926"},"modified":"2022-04-01T12:33:34","modified_gmt":"2022-04-01T10:33:34","slug":"visite-privee-de-bergame-au-depart-de-milan","status":"publish","type":"product","link":"https:\/\/tourtravelandmore.com\/fr\/tours\/italie-fr\/milan-fr\/visite-privee-de-bergame-au-depart-de-milan\/","title":{"rendered":"Visite priv\u00e9e de Bergame au d\u00e9part de Milan"},"content":{"rendered":"<h2><b>Description de l&#8217;excursion priv\u00e9e \u00e0 Bergame au d\u00e9part de Milan<\/b><\/h2>\n<p><span style=\"font-weight: 400;\">\u00c0 environ 60 km au nord-est de Milan se trouve l&#8217;attrayante Bergame, une ville qui a conserv\u00e9 tout son charme m\u00e9di\u00e9val et Renaissance au fil des si\u00e8cles.\u00a0<\/span><\/p>\n<p><span style=\"font-weight: 400;\">L&#8217;excursion <\/span><b>priv\u00e9e \u00e0 Bergame depuis Milan <\/b><span style=\"font-weight: 400;\">commence par vous prendre \u00e0 un endroit central de Milan et vous transf\u00e9rer dans une voiture de luxe confortable vers la r\u00e9gion de Lombardie o\u00f9 vous d\u00e9couvrirez Bergame, une ville qui vous fera tomber amoureux de son imposante architecture m\u00e9di\u00e9vale et boh\u00e8me.\u00a0<\/span><\/p>\n<p><span style=\"font-weight: 400;\">Votre guide priv\u00e9 vous emm\u00e8nera \u00e0 la Citt\u00e0 alta sur le <\/span><b>funiculaire <\/b><span style=\"font-weight: 400;\">embl\u00e9matique <\/span><b>de Bergame<\/b><span style=\"font-weight: 400;\">. De cette zone, vous aurez une vue imprenable sur les murs de la ville et la Citt\u00e0 bassa moderne ou ville basse de Bergame.\u00a0<\/span><\/p>\n<p><span style=\"font-weight: 400;\">Vous apprendrez \u00e9galement \u00e0 conna\u00eetre les lieux les plus importants de la ville, comme la chapelle Colleoni, l&#8217;\u00e9glise Santa Maria Maggiore, le Palazzo della Ragione, la Piazza Vecchia et bien d&#8217;autres lieux de grande valeur historique et culturelle. Vous vivrez <\/span><b>une exp\u00e9rience magique et tr\u00e8s divertissante<\/b><span style=\"font-weight: 400;\">.\u00a0<\/span><\/p>\n<p><span style=\"font-weight: 400;\">Il s&#8217;agit d&#8217;un <\/span><b>trajet de 8 heures qui <\/b><span style=\"font-weight: 400;\">vous permettra d&#8217;explorer la ville de Bergame \u00e0 votre propre rythme. Enfin, la voiture priv\u00e9e vous ram\u00e8nera \u00e0 Milan pour vous reposer ou poursuivre votre tour d&#8217;Italie.\u00a0<\/span><\/p>\n<h2><span style=\"color: #d3af37;\"><b>Points forts de l&#8217;<\/b><b>excursion priv\u00e9e \u00e0 Bergame au d\u00e9part de Milan<\/b><\/span><\/h2>\n<p><span style=\"font-weight: 400;\">Profitez de cette <\/span><b>visite personnalis\u00e9e <\/b><span style=\"font-weight: 400;\">avec notre chauffeur priv\u00e9 et notre guide professionnel pour vous d\u00e9tendre et en apprendre davantage sur Bergame, la ville o\u00f9 L\u00e9onard de Vinci a pass\u00e9 son enfance.<\/span><\/p>\n<p><span style=\"font-weight: 400;\">Vous pourrez appr\u00e9cier ses &#8220;deux villes&#8221;, qui sont reli\u00e9es par un funiculaire unique, car le guide priv\u00e9 vous montrera les points d&#8217;int\u00e9r\u00eat suivants :\u00a0<\/span><\/p>\n<h3><span style=\"color: #d3af37;\"><b>La Piazza Vecchia<\/b><\/span><\/h3>\n<p><span style=\"font-weight: 400;\">C&#8217;est le c\u0153ur de la Citt\u00e0 Alta et l&#8217;un des quartiers les plus attrayants de la ville. C&#8217;est aussi une place m\u00e9di\u00e9vale autour de laquelle se trouvent certains des b\u00e2timents historiques de la ville, comme le Palazzo Nuovo et la Torre Civica.\u00a0<\/span><\/p>\n<h3><span style=\"color: #d3af37;\"><b>Cappella Colleoni<\/b><\/span><\/h3>\n<p><span style=\"font-weight: 400;\">Une autre \u00e9tape de la visite priv\u00e9e de Bergame sera d&#8217;admirer l&#8217;un des chefs-d&#8217;\u0153uvre de la Renaissance : la chapelle Colleoni.\u00a0<\/span><\/p>\n<p><span style=\"font-weight: 400;\">Ce monument est situ\u00e9 sur la Piazza del Duomo et sa fa\u00e7ade est un spectacle visuel, car elle est faite de marbre de diff\u00e9rentes couleurs.<\/span><\/p>\n<p><span style=\"font-weight: 400;\">\u00c0 l&#8217;int\u00e9rieur se trouvent \u00e9galement les tombes de Bartolomeo Colleoni, qui a command\u00e9 le b\u00e2timent en 1472.<\/span><\/p>\n<h3><span style=\"color: #d3af37;\"><b>Cath\u00e9drale de Bergame\u00a0<\/b><\/span><\/h3>\n<p><span style=\"font-weight: 400;\">La visite guid\u00e9e vous m\u00e8nera \u00e0 un autre des symboles les plus repr\u00e9sentatifs de la ville, la cath\u00e9drale de Bergame, \u00e9galement connue sous le nom de cath\u00e9drale Saint Alexandre.\u00a0<\/span><\/p>\n<p><span style=\"font-weight: 400;\">Il s&#8217;agit d&#8217;un b\u00e2timent historique construit au Ve si\u00e8cle de notre \u00e8re, qui abrite plusieurs tr\u00e9sors de la chr\u00e9tient\u00e9, comme la tiare du pape italien Jean XXIII.\u00a0<\/span><\/p>\n<p><span style=\"font-weight: 400;\">En plus de ces points d&#8217;int\u00e9r\u00eat, la visite priv\u00e9e de Bergame vous permet \u00e9galement de d\u00e9couvrir la ville :\u00a0<\/span><\/p>\n<ul>\n<li aria-level=\"1\"><b>Ch\u00e2teau de San Virgilio<\/b><\/li>\n<\/ul>\n<ul>\n<li aria-level=\"1\"><b>Couvent de San Francesco<\/b><\/li>\n<\/ul>\n<ul>\n<li aria-level=\"1\"><b>\u00c9glise de Santa Maria Maggiore<\/b><\/li>\n<\/ul>\n<ul>\n<li aria-level=\"1\"><b>Via Gombito<\/b><\/li>\n<\/ul>\n<ul>\n<li aria-level=\"1\"><b>Le Palais de la Raison, entre autres sites int\u00e9ressants.\u00a0<\/b><\/li>\n<\/ul>\n<p><span style=\"font-weight: 400;\">L&#8217;avantage de cette <\/span><b>visite <\/b><span style=\"font-weight: 400;\">est que <\/span><b>vous serez accompagn\u00e9 d&#8217;un guide priv\u00e9 qui vous fournira <\/b><span style=\"font-weight: 400;\">toutes les informations historiques sur les sites que vous visiterez.\u00a0<\/span><\/p>\n<p><span style=\"font-weight: 400;\">\u00c0 la fin de la visite, la voiture de luxe vous ram\u00e8nera \u00e0 Milan et vous d\u00e9posera \u00e0 l&#8217;endroit le plus pratique et le plus confortable pour vous.<\/span><\/p>\n","protected":false},"excerpt":{"rendered":"<p><span style=\"font-weight: 400;\">Voulez-vous apprendre \u00e0 conna\u00eetre l&#8217;une des villes italiennes les plus attrayantes ? Profitez de notre visite priv\u00e9e de Bergame au d\u00e9part de Milan pour d\u00e9couvrir les monuments m\u00e9di\u00e9vaux et Renaissance les plus remarquables des &#8220;deux villes&#8221; de Bergame. Vous verrez la cath\u00e9drale Saint-Alexandre, la chapelle Colleoni et de nombreux autres sites. En outre, le transfert se fera dans une voiture de luxe accompagn\u00e9e d&#8217;un guide priv\u00e9.<\/span><\/p>\n","protected":false},"featured_media":120939,"comment_status":"open","ping_status":"closed","template":"","meta":{"_acf_changed":false},"product_brand":[],"product_cat":[3700],"product_tag":[],"class_list":{"0":"post-120926","1":"product","2":"type-product","3":"status-publish","4":"has-post-thumbnail","6":"product_cat-milan-fr","8":"first","9":"instock","10":"shipping-taxable","11":"purchasable","12":"product-type-simple"},"acf":[],"yoast_head":"<!-- This site is optimized with the Yoast SEO Premium plugin v25.3.1 (Yoast SEO v25.3.1) - https:\/\/yoast.com\/wordpress\/plugins\/seo\/ -->\n<title>Visite priv\u00e9e de Bergame depuis Milan en voiture priv\u00e9e, avec guide et abonnement au funiculaire de Bergame.<\/title>\n<meta name=\"description\" content=\"Profitez d&#039;une journ\u00e9e parfaite lors d&#039;une visite priv\u00e9e \u00e0 Bergame au d\u00e9part de Milan pour d\u00e9couvrir une ville m\u00e9di\u00e9vale qui vous surprendra\" \/>\n<meta name=\"robots\" content=\"index, follow, max-snippet:-1, max-image-preview:large, max-video-preview:-1\" \/>\n<link rel=\"canonical\" href=\"https:\/\/tourtravelandmore.com\/fr\/tours\/italie-fr\/milan-fr\/visite-privee-de-bergame-au-depart-de-milan\/\" \/>\n<meta property=\"og:locale\" content=\"fr_FR\" \/>\n<meta property=\"og:type\" content=\"article\" \/>\n<meta property=\"og:title\" content=\"Visite priv\u00e9e de Bergame au d\u00e9part de Milan\" \/>\n<meta property=\"og:description\" content=\"Profitez d&#039;une journ\u00e9e parfaite lors d&#039;une visite priv\u00e9e \u00e0 Bergame au d\u00e9part de Milan pour d\u00e9couvrir une ville m\u00e9di\u00e9vale qui vous surprendra\" \/>\n<meta property=\"og:url\" content=\"https:\/\/tourtravelandmore.com\/fr\/tours\/italie-fr\/milan-fr\/visite-privee-de-bergame-au-depart-de-milan\/\" \/>\n<meta property=\"og:site_name\" content=\"Tour Travel And More\" \/>\n<meta property=\"article:publisher\" content=\"https:\/\/www.facebook.com\/tourtravelandmore\/\" \/>\n<meta property=\"article:modified_time\" content=\"2022-04-01T10:33:34+00:00\" \/>\n<meta property=\"og:image\" content=\"https:\/\/tourtravelandmore.com\/wp-content\/uploads\/2022\/03\/image3-4.jpg\" \/>\n\t<meta property=\"og:image:width\" content=\"900\" \/>\n\t<meta property=\"og:image:height\" content=\"680\" \/>\n\t<meta property=\"og:image:type\" content=\"image\/jpeg\" \/>\n<meta name=\"twitter:card\" content=\"summary_large_image\" \/>\n<meta name=\"twitter:site\" content=\"@TourTravel_More\" \/>\n<meta name=\"twitter:label1\" content=\"Dur\u00e9e de lecture estim\u00e9e\" \/>\n\t<meta name=\"twitter:data1\" content=\"3 minutes\" \/>\n<script type=\"application\/ld+json\" class=\"yoast-schema-graph\">{\"@context\":\"https:\/\/schema.org\",\"@graph\":[{\"@type\":\"WebPage\",\"@id\":\"https:\/\/tourtravelandmore.com\/fr\/tours\/italie-fr\/milan-fr\/visite-privee-de-bergame-au-depart-de-milan\/\",\"url\":\"https:\/\/tourtravelandmore.com\/fr\/tours\/italie-fr\/milan-fr\/visite-privee-de-bergame-au-depart-de-milan\/\",\"name\":\"Visite priv\u00e9e de Bergame depuis Milan en voiture priv\u00e9e, avec guide et abonnement au funiculaire de Bergame.\",\"isPartOf\":{\"@id\":\"https:\/\/tourtravelandmore.com\/fr\/#website\"},\"primaryImageOfPage\":{\"@id\":\"https:\/\/tourtravelandmore.com\/fr\/tours\/italie-fr\/milan-fr\/visite-privee-de-bergame-au-depart-de-milan\/#primaryimage\"},\"image\":{\"@id\":\"https:\/\/tourtravelandmore.com\/fr\/tours\/italie-fr\/milan-fr\/visite-privee-de-bergame-au-depart-de-milan\/#primaryimage\"},\"thumbnailUrl\":\"https:\/\/tourtravelandmore.com\/wp-content\/uploads\/2022\/03\/image3-4.jpg\",\"datePublished\":\"2022-03-10T16:55:21+00:00\",\"dateModified\":\"2022-04-01T10:33:34+00:00\",\"description\":\"Profitez d'une journ\u00e9e parfaite lors d'une visite priv\u00e9e \u00e0 Bergame au d\u00e9part de Milan pour d\u00e9couvrir une ville m\u00e9di\u00e9vale qui vous surprendra\",\"breadcrumb\":{\"@id\":\"https:\/\/tourtravelandmore.com\/fr\/tours\/italie-fr\/milan-fr\/visite-privee-de-bergame-au-depart-de-milan\/#breadcrumb\"},\"inLanguage\":\"fr-FR\",\"potentialAction\":[{\"@type\":\"ReadAction\",\"target\":[\"https:\/\/tourtravelandmore.com\/fr\/tours\/italie-fr\/milan-fr\/visite-privee-de-bergame-au-depart-de-milan\/\"]}]},{\"@type\":\"ImageObject\",\"inLanguage\":\"fr-FR\",\"@id\":\"https:\/\/tourtravelandmore.com\/fr\/tours\/italie-fr\/milan-fr\/visite-privee-de-bergame-au-depart-de-milan\/#primaryimage\",\"url\":\"https:\/\/tourtravelandmore.com\/wp-content\/uploads\/2022\/03\/image3-4.jpg\",\"contentUrl\":\"https:\/\/tourtravelandmore.com\/wp-content\/uploads\/2022\/03\/image3-4.jpg\",\"width\":900,\"height\":680},{\"@type\":\"BreadcrumbList\",\"@id\":\"https:\/\/tourtravelandmore.com\/fr\/tours\/italie-fr\/milan-fr\/visite-privee-de-bergame-au-depart-de-milan\/#breadcrumb\",\"itemListElement\":[{\"@type\":\"ListItem\",\"position\":1,\"name\":\"Home\",\"item\":\"https:\/\/tourtravelandmore.com\/fr\/\"},{\"@type\":\"ListItem\",\"position\":2,\"name\":\"Tours\",\"item\":\"https:\/\/tourtravelandmore.com\/fr\/tours\/\"},{\"@type\":\"ListItem\",\"position\":3,\"name\":\"Visite priv\u00e9e de Bergame au d\u00e9part de Milan\"}]},{\"@type\":\"WebSite\",\"@id\":\"https:\/\/tourtravelandmore.com\/fr\/#website\",\"url\":\"https:\/\/tourtravelandmore.com\/fr\/\",\"name\":\"Tour Travel And More\",\"description\":\"Private sightseeing tours and luxury transfers in Spain\",\"publisher\":{\"@id\":\"https:\/\/tourtravelandmore.com\/fr\/#organization\"},\"potentialAction\":[{\"@type\":\"SearchAction\",\"target\":{\"@type\":\"EntryPoint\",\"urlTemplate\":\"https:\/\/tourtravelandmore.com\/fr\/?s={search_term_string}\"},\"query-input\":{\"@type\":\"PropertyValueSpecification\",\"valueRequired\":true,\"valueName\":\"search_term_string\"}}],\"inLanguage\":\"fr-FR\"},{\"@type\":\"Organization\",\"@id\":\"https:\/\/tourtravelandmore.com\/fr\/#organization\",\"name\":\"Tour Travel And More\",\"url\":\"https:\/\/tourtravelandmore.com\/fr\/\",\"logo\":{\"@type\":\"ImageObject\",\"inLanguage\":\"fr-FR\",\"@id\":\"https:\/\/tourtravelandmore.com\/fr\/#\/schema\/logo\/image\/\",\"url\":\"https:\/\/tourtravelandmore.com\/wp-content\/uploads\/2022\/12\/cropped-logo-cabecera-new.png\",\"contentUrl\":\"https:\/\/tourtravelandmore.com\/wp-content\/uploads\/2022\/12\/cropped-logo-cabecera-new.png\",\"width\":430,\"height\":61,\"caption\":\"Tour Travel And More\"},\"image\":{\"@id\":\"https:\/\/tourtravelandmore.com\/fr\/#\/schema\/logo\/image\/\"},\"sameAs\":[\"https:\/\/www.facebook.com\/tourtravelandmore\/\",\"https:\/\/x.com\/TourTravel_More\"]}]}<\/script>\n<!-- \/ Yoast SEO Premium plugin. -->","yoast_head_json":{"title":"Visite priv\u00e9e de Bergame depuis Milan en voiture priv\u00e9e, avec guide et abonnement au funiculaire de Bergame.","description":"Profitez d'une journ\u00e9e parfaite lors d'une visite priv\u00e9e \u00e0 Bergame au d\u00e9part de Milan pour d\u00e9couvrir une ville m\u00e9di\u00e9vale qui vous surprendra","robots":{"index":"index","follow":"follow","max-snippet":"max-snippet:-1","max-image-preview":"max-image-preview:large","max-video-preview":"max-video-preview:-1"},"canonical":"https:\/\/tourtravelandmore.com\/fr\/tours\/italie-fr\/milan-fr\/visite-privee-de-bergame-au-depart-de-milan\/","og_locale":"fr_FR","og_type":"article","og_title":"Visite priv\u00e9e de Bergame au d\u00e9part de Milan","og_description":"Profitez d'une journ\u00e9e parfaite lors d'une visite priv\u00e9e \u00e0 Bergame au d\u00e9part de Milan pour d\u00e9couvrir une ville m\u00e9di\u00e9vale qui vous surprendra","og_url":"https:\/\/tourtravelandmore.com\/fr\/tours\/italie-fr\/milan-fr\/visite-privee-de-bergame-au-depart-de-milan\/","og_site_name":"Tour Travel And More","article_publisher":"https:\/\/www.facebook.com\/tourtravelandmore\/","article_modified_time":"2022-04-01T10:33:34+00:00","og_image":[{"width":900,"height":680,"url":"https:\/\/tourtravelandmore.com\/wp-content\/uploads\/2022\/03\/image3-4.jpg","type":"image\/jpeg"}],"twitter_card":"summary_large_image","twitter_site":"@TourTravel_More","twitter_misc":{"Dur\u00e9e de lecture estim\u00e9e":"3 minutes"},"schema":{"@context":"https:\/\/schema.org","@graph":[{"@type":"WebPage","@id":"https:\/\/tourtravelandmore.com\/fr\/tours\/italie-fr\/milan-fr\/visite-privee-de-bergame-au-depart-de-milan\/","url":"https:\/\/tourtravelandmore.com\/fr\/tours\/italie-fr\/milan-fr\/visite-privee-de-bergame-au-depart-de-milan\/","name":"Visite priv\u00e9e de Bergame depuis Milan en voiture priv\u00e9e, avec guide et abonnement au funiculaire de Bergame.","isPartOf":{"@id":"https:\/\/tourtravelandmore.com\/fr\/#website"},"primaryImageOfPage":{"@id":"https:\/\/tourtravelandmore.com\/fr\/tours\/italie-fr\/milan-fr\/visite-privee-de-bergame-au-depart-de-milan\/#primaryimage"},"image":{"@id":"https:\/\/tourtravelandmore.com\/fr\/tours\/italie-fr\/milan-fr\/visite-privee-de-bergame-au-depart-de-milan\/#primaryimage"},"thumbnailUrl":"https:\/\/tourtravelandmore.com\/wp-content\/uploads\/2022\/03\/image3-4.jpg","datePublished":"2022-03-10T16:55:21+00:00","dateModified":"2022-04-01T10:33:34+00:00","description":"Profitez d'une journ\u00e9e parfaite lors d'une visite priv\u00e9e \u00e0 Bergame au d\u00e9part de Milan pour d\u00e9couvrir une ville m\u00e9di\u00e9vale qui vous surprendra","breadcrumb":{"@id":"https:\/\/tourtravelandmore.com\/fr\/tours\/italie-fr\/milan-fr\/visite-privee-de-bergame-au-depart-de-milan\/#breadcrumb"},"inLanguage":"fr-FR","potentialAction":[{"@type":"ReadAction","target":["https:\/\/tourtravelandmore.com\/fr\/tours\/italie-fr\/milan-fr\/visite-privee-de-bergame-au-depart-de-milan\/"]}]},{"@type":"ImageObject","inLanguage":"fr-FR","@id":"https:\/\/tourtravelandmore.com\/fr\/tours\/italie-fr\/milan-fr\/visite-privee-de-bergame-au-depart-de-milan\/#primaryimage","url":"https:\/\/tourtravelandmore.com\/wp-content\/uploads\/2022\/03\/image3-4.jpg","contentUrl":"https:\/\/tourtravelandmore.com\/wp-content\/uploads\/2022\/03\/image3-4.jpg","width":900,"height":680},{"@type":"BreadcrumbList","@id":"https:\/\/tourtravelandmore.com\/fr\/tours\/italie-fr\/milan-fr\/visite-privee-de-bergame-au-depart-de-milan\/#breadcrumb","itemListElement":[{"@type":"ListItem","position":1,"name":"Home","item":"https:\/\/tourtravelandmore.com\/fr\/"},{"@type":"ListItem","position":2,"name":"Tours","item":"https:\/\/tourtravelandmore.com\/fr\/tours\/"},{"@type":"ListItem","position":3,"name":"Visite priv\u00e9e de Bergame au d\u00e9part de Milan"}]},{"@type":"WebSite","@id":"https:\/\/tourtravelandmore.com\/fr\/#website","url":"https:\/\/tourtravelandmore.com\/fr\/","name":"Tour Travel And More","description":"Private sightseeing tours and luxury transfers in Spain","publisher":{"@id":"https:\/\/tourtravelandmore.com\/fr\/#organization"},"potentialAction":[{"@type":"SearchAction","target":{"@type":"EntryPoint","urlTemplate":"https:\/\/tourtravelandmore.com\/fr\/?s={search_term_string}"},"query-input":{"@type":"PropertyValueSpecification","valueRequired":true,"valueName":"search_term_string"}}],"inLanguage":"fr-FR"},{"@type":"Organization","@id":"https:\/\/tourtravelandmore.com\/fr\/#organization","name":"Tour Travel And More","url":"https:\/\/tourtravelandmore.com\/fr\/","logo":{"@type":"ImageObject","inLanguage":"fr-FR","@id":"https:\/\/tourtravelandmore.com\/fr\/#\/schema\/logo\/image\/","url":"https:\/\/tourtravelandmore.com\/wp-content\/uploads\/2022\/12\/cropped-logo-cabecera-new.png","contentUrl":"https:\/\/tourtravelandmore.com\/wp-content\/uploads\/2022\/12\/cropped-logo-cabecera-new.png","width":430,"height":61,"caption":"Tour Travel And More"},"image":{"@id":"https:\/\/tourtravelandmore.com\/fr\/#\/schema\/logo\/image\/"},"sameAs":["https:\/\/www.facebook.com\/tourtravelandmore\/","https:\/\/x.com\/TourTravel_More"]}]}},"_links":{"self":[{"href":"https:\/\/tourtravelandmore.com\/fr\/wp-json\/wp\/v2\/product\/120926","targetHints":{"allow":["GET"]}}],"collection":[{"href":"https:\/\/tourtravelandmore.com\/fr\/wp-json\/wp\/v2\/product"}],"about":[{"href":"https:\/\/tourtravelandmore.com\/fr\/wp-json\/wp\/v2\/types\/product"}],"replies":[{"embeddable":true,"href":"https:\/\/tourtravelandmore.com\/fr\/wp-json\/wp\/v2\/comments?post=120926"}],"wp:featuredmedia":[{"embeddable":true,"href":"https:\/\/tourtravelandmore.com\/fr\/wp-json\/wp\/v2\/media\/120939"}],"wp:attachment":[{"href":"https:\/\/tourtravelandmore.com\/fr\/wp-json\/wp\/v2\/media?parent=120926"}],"wp:term":[{"taxonomy":"product_brand","embeddable":true,"href":"https:\/\/tourtravelandmore.com\/fr\/wp-json\/wp\/v2\/product_brand?post=120926"},{"taxonomy":"product_cat","embeddable":true,"href":"https:\/\/tourtravelandmore.com\/fr\/wp-json\/wp\/v2\/product_cat?post=120926"},{"taxonomy":"product_tag","embeddable":true,"href":"https:\/\/tourtravelandmore.com\/fr\/wp-json\/wp\/v2\/product_tag?post=120926"}],"curies":[{"name":"wp","href":"https:\/\/api.w.org\/{rel}","templated":true}]}}