{"id":120887,"date":"2022-03-10T17:26:55","date_gmt":"2022-03-10T16:27:01","guid":{"rendered":"https:\/\/tourtravelandmore.com\/?post_type=product&#038;p=120887"},"modified":"2022-04-01T12:34:14","modified_gmt":"2022-04-01T10:34:14","slug":"visite-privee-de-monza-au-depart-de-milan","status":"publish","type":"product","link":"https:\/\/tourtravelandmore.com\/fr\/tours\/italie-fr\/milan-fr\/visite-privee-de-monza-au-depart-de-milan\/","title":{"rendered":"Visite priv\u00e9e de Monza au d\u00e9part de Milan"},"content":{"rendered":"<h2><b>Description de l&#8217;excursion priv\u00e9e \u00e0 Monza au d\u00e9part de Milan<\/b><\/h2>\n<p><span style=\"font-weight: 400;\">Cette <\/span><b>excursion priv\u00e9e \u00e0 Monza depuis Milan <\/b><span style=\"font-weight: 400;\">est le moyen id\u00e9al de voir et de d\u00e9couvrir l&#8217;un des endroits les plus captivants d&#8217;Italie.\u00a0<\/span><\/p>\n<p><span style=\"font-weight: 400;\">Dans la capitale de la province de Monza et Brianza, vous d\u00e9couvrirez de nombreux lieux de grand int\u00e9r\u00eat touristique et historique.\u00a0<\/span><\/p>\n<p><span style=\"font-weight: 400;\">En outre, Monza est mondialement connue pour accueillir les comp\u00e9titions de Formule 1 ann\u00e9e apr\u00e8s ann\u00e9e.\u00a0<\/span><\/p>\n<p><span style=\"font-weight: 400;\">La visite guid\u00e9e commence lorsque vous rencontrez votre chauffeur de voiture priv\u00e9e \u00e0 un point central de Milan, qui vous emm\u00e8nera en Lombardie pour faire connaissance avec l&#8217;une des villes les plus repr\u00e9sentatives de la culture italienne.\u00a0<\/span><\/p>\n<p><span style=\"font-weight: 400;\">\u00c0 votre arriv\u00e9e \u00e0 Monza, vous explorerez son centre historique, qui abrite l&#8217;imposante cath\u00e9drale de Monza, plus connue sous le nom de Duomo di Monza.\u00a0<\/span><\/p>\n<p><span style=\"font-weight: 400;\">En outre, \u00e0 quelques m\u00e8tres du centre, vous trouverez l&#8217;\u00e9tonnant Autodromo Nazionale di Monza et de nombreux autres lieux int\u00e9ressants.\u00a0<\/span><\/p>\n<p><span style=\"font-weight: 400;\">Cette <\/span><b>visite de 4 heures est enti\u00e8rement personnalis\u00e9e et <\/b><span style=\"font-weight: 400;\">vous pouvez convenir avec le chauffeur du point de rencontre \u00e0 Milan. \u00c0 la fin de la visite guid\u00e9e de Monza, nous vous d\u00e9poserons \u00e0 Milan, apr\u00e8s avoir pass\u00e9 un moment diff\u00e9rent dans l&#8217;une des villes les plus historiques d&#8217;Italie.\u00a0<\/span><\/p>\n<h2><span style=\"color: #d3af37;\"><b>Points forts de l&#8217;<\/b><b>excursion priv\u00e9e \u00e0 Monza au d\u00e9part de Milan<\/b><\/span><\/h2>\n<p><span style=\"font-weight: 400;\">\u00c0 environ 18 kilom\u00e8tres au nord de Milan se trouve la ville de Monza, qui a \u00e9t\u00e9 fond\u00e9e au IIIe si\u00e8cle avant J\u00e9sus-Christ. Cette ville attrayante m\u00eale architecture ancienne et \u00e9l\u00e9ments modernes, ce qui en fait un endroit id\u00e9al \u00e0 explorer.<\/span><\/p>\n<p><span style=\"font-weight: 400;\">Nous commencerons la visite \u00e0 un point central de Milan ou \u00e0 votre h\u00f4tel, o\u00f9 nous viendrons vous chercher pour nous rendre dans la r\u00e9gion de la Lombardie.\u00a0<\/span><\/p>\n<p><span style=\"font-weight: 400;\">Une fois \u00e0 Monza, notre guide priv\u00e9 vous emm\u00e8nera aux points d&#8217;int\u00e9r\u00eat suivants :\u00a0<\/span><\/p>\n<h3><span style=\"color: #d3af37;\"><b>Le Duomo di Monza<\/b><\/span><\/h3>\n<p><span style=\"font-weight: 400;\">Ce b\u00e2timent est un incroyable joyau architectural qui repr\u00e9sente tr\u00e8s bien le style gothique. C&#8217;est \u00e9galement l&#8217;un des b\u00e2timents les plus visit\u00e9s d&#8217;Italie.\u00a0<\/span><\/p>\n<p><span style=\"font-weight: 400;\">Sa fa\u00e7ade est similaire \u00e0 celle du Duomo de Florence. Son int\u00e9rieur est \u00e9l\u00e9gamment d\u00e9cor\u00e9 de diverses \u0153uvres d&#8217;art et de plusieurs fresques de la Renaissance r\u00e9alis\u00e9es par de grands artistes tels que Zavattari.\u00a0<\/span><\/p>\n<p><span style=\"font-weight: 400;\">Lors de cette visite priv\u00e9e, vous aurez l&#8217;occasion d&#8217;admirer cette construction symbolique qui est devenue le plus important \u00e9difice religieux de la ville.\u00a0<\/span><\/p>\n<h3><span style=\"color: #d3af37;\"><b>Le centre historique de Monza<\/b><\/span><\/h3>\n<p><span style=\"font-weight: 400;\">Entre la Via Azzone et la Via Alessandro Manzoni, vous trouverez le centre historique de Monza. Notre guide vous accompagnera pour d\u00e9couvrir les b\u00e2timents et monuments les plus importants de Monza, tels que la Piazza Trento, le mus\u00e9e civique, la Piazza San Paolo ou le pont Leoni.\u00a0<\/span><\/p>\n<p><span style=\"font-weight: 400;\">Vous verrez \u00e9galement la chapelle expiatoire de Monza et de nombreux autres endroits o\u00f9 vous vivrez <\/span><b>une exp\u00e9rience italienne authentique.\u00a0<\/b><\/p>\n<p><span style=\"font-weight: 400;\">Cette visite guid\u00e9e de 4 heures est exclusive et personnalis\u00e9e. \u00c0 la fin de la visite, le chauffeur vous d\u00e9posera \u00e0 Milan \u00e0 l&#8217;endroit le plus pratique pour vous.\u00a0<\/span><\/p>\n<p><span style=\"font-weight: 400;\">Si vous souhaitez voir d&#8217;autres villes d&#8217;Italie, vous pouvez opter pour notre <\/span><b><a href=\"https:\/\/tourtravelandmore.com\/fr\/tours\/italie-fr\/milan-fr\/visite-privee-de-parme-et-bologne-au-depart-de-milan\/\">visite priv\u00e9e de Parme et Bologne au d\u00e9part de Milan<\/a>. <\/b><\/p>\n","protected":false},"excerpt":{"rendered":"<p><span style=\"font-weight: 400;\">Profitez d&#8217;une visite priv\u00e9e et personnalis\u00e9e \u00e0 Monza au d\u00e9part de Milan pour d\u00e9couvrir la ville o\u00f9 se trouve le plus c\u00e9l\u00e8bre circuit automobile d&#8217;Italie. Vous d\u00e9couvrirez \u00e9galement son centre historique, la cath\u00e9drale Duomo de Monza et de nombreuses autres attractions, car vous serez conduit dans une voiture de luxe avec un guide priv\u00e9.<\/span><\/p>\n","protected":false},"featured_media":120909,"comment_status":"open","ping_status":"closed","template":"","meta":{"_acf_changed":false},"product_brand":[],"product_cat":[3700],"product_tag":[],"class_list":{"0":"post-120887","1":"product","2":"type-product","3":"status-publish","4":"has-post-thumbnail","6":"product_cat-milan-fr","8":"first","9":"instock","10":"shipping-taxable","11":"purchasable","12":"product-type-simple"},"acf":[],"yoast_head":"<!-- This site is optimized with the Yoast SEO Premium plugin v25.3.1 (Yoast SEO v25.3.1) - https:\/\/yoast.com\/wordpress\/plugins\/seo\/ -->\n<title>Visite priv\u00e9e de Monza \u00e0 partir de Milan avec transfert en voiture de luxe et guide priv\u00e9 inclus<\/title>\n<meta name=\"description\" content=\"Profitez de votre voyage \u00e0 Milan pour d\u00e9couvrir l&#039;une des villes les plus c\u00e9l\u00e8bres de Lombardie lors d&#039;une visite priv\u00e9e \u00e0 Monza depuis Milan avec transfert exclusif en voiture de luxe et en compagnie d&#039;un guide officiel priv\u00e9\" \/>\n<meta name=\"robots\" content=\"index, follow, max-snippet:-1, max-image-preview:large, max-video-preview:-1\" \/>\n<link rel=\"canonical\" href=\"https:\/\/tourtravelandmore.com\/fr\/tours\/italie-fr\/milan-fr\/visite-privee-de-monza-au-depart-de-milan\/\" \/>\n<meta property=\"og:locale\" content=\"fr_FR\" \/>\n<meta property=\"og:type\" content=\"article\" \/>\n<meta property=\"og:title\" content=\"Visite priv\u00e9e de Monza au d\u00e9part de Milan\" \/>\n<meta property=\"og:description\" content=\"Profitez de votre voyage \u00e0 Milan pour d\u00e9couvrir l&#039;une des villes les plus c\u00e9l\u00e8bres de Lombardie lors d&#039;une visite priv\u00e9e \u00e0 Monza depuis Milan avec transfert exclusif en voiture de luxe et en compagnie d&#039;un guide officiel priv\u00e9\" \/>\n<meta property=\"og:url\" content=\"https:\/\/tourtravelandmore.com\/fr\/tours\/italie-fr\/milan-fr\/visite-privee-de-monza-au-depart-de-milan\/\" \/>\n<meta property=\"og:site_name\" content=\"Tour Travel And More\" \/>\n<meta property=\"article:publisher\" content=\"https:\/\/www.facebook.com\/tourtravelandmore\/\" \/>\n<meta property=\"article:modified_time\" content=\"2022-04-01T10:34:14+00:00\" \/>\n<meta property=\"og:image\" content=\"https:\/\/tourtravelandmore.com\/wp-content\/uploads\/2022\/03\/image10.jpg\" \/>\n\t<meta property=\"og:image:width\" content=\"900\" \/>\n\t<meta property=\"og:image:height\" content=\"680\" \/>\n\t<meta property=\"og:image:type\" content=\"image\/jpeg\" \/>\n<meta name=\"twitter:card\" content=\"summary_large_image\" \/>\n<meta name=\"twitter:site\" content=\"@TourTravel_More\" \/>\n<meta name=\"twitter:label1\" content=\"Dur\u00e9e de lecture estim\u00e9e\" \/>\n\t<meta name=\"twitter:data1\" content=\"3 minutes\" \/>\n<script type=\"application\/ld+json\" class=\"yoast-schema-graph\">{\"@context\":\"https:\/\/schema.org\",\"@graph\":[{\"@type\":\"WebPage\",\"@id\":\"https:\/\/tourtravelandmore.com\/fr\/tours\/italie-fr\/milan-fr\/visite-privee-de-monza-au-depart-de-milan\/\",\"url\":\"https:\/\/tourtravelandmore.com\/fr\/tours\/italie-fr\/milan-fr\/visite-privee-de-monza-au-depart-de-milan\/\",\"name\":\"Visite priv\u00e9e de Monza \u00e0 partir de Milan avec transfert en voiture de luxe et guide priv\u00e9 inclus\",\"isPartOf\":{\"@id\":\"https:\/\/tourtravelandmore.com\/fr\/#website\"},\"primaryImageOfPage\":{\"@id\":\"https:\/\/tourtravelandmore.com\/fr\/tours\/italie-fr\/milan-fr\/visite-privee-de-monza-au-depart-de-milan\/#primaryimage\"},\"image\":{\"@id\":\"https:\/\/tourtravelandmore.com\/fr\/tours\/italie-fr\/milan-fr\/visite-privee-de-monza-au-depart-de-milan\/#primaryimage\"},\"thumbnailUrl\":\"https:\/\/tourtravelandmore.com\/wp-content\/uploads\/2022\/03\/image10.jpg\",\"datePublished\":\"2022-03-10T16:27:01+00:00\",\"dateModified\":\"2022-04-01T10:34:14+00:00\",\"description\":\"Profitez de votre voyage \u00e0 Milan pour d\u00e9couvrir l'une des villes les plus c\u00e9l\u00e8bres de Lombardie lors d'une visite priv\u00e9e \u00e0 Monza depuis Milan avec transfert exclusif en voiture de luxe et en compagnie d'un guide officiel priv\u00e9\",\"breadcrumb\":{\"@id\":\"https:\/\/tourtravelandmore.com\/fr\/tours\/italie-fr\/milan-fr\/visite-privee-de-monza-au-depart-de-milan\/#breadcrumb\"},\"inLanguage\":\"fr-FR\",\"potentialAction\":[{\"@type\":\"ReadAction\",\"target\":[\"https:\/\/tourtravelandmore.com\/fr\/tours\/italie-fr\/milan-fr\/visite-privee-de-monza-au-depart-de-milan\/\"]}]},{\"@type\":\"ImageObject\",\"inLanguage\":\"fr-FR\",\"@id\":\"https:\/\/tourtravelandmore.com\/fr\/tours\/italie-fr\/milan-fr\/visite-privee-de-monza-au-depart-de-milan\/#primaryimage\",\"url\":\"https:\/\/tourtravelandmore.com\/wp-content\/uploads\/2022\/03\/image10.jpg\",\"contentUrl\":\"https:\/\/tourtravelandmore.com\/wp-content\/uploads\/2022\/03\/image10.jpg\",\"width\":900,\"height\":680},{\"@type\":\"BreadcrumbList\",\"@id\":\"https:\/\/tourtravelandmore.com\/fr\/tours\/italie-fr\/milan-fr\/visite-privee-de-monza-au-depart-de-milan\/#breadcrumb\",\"itemListElement\":[{\"@type\":\"ListItem\",\"position\":1,\"name\":\"Home\",\"item\":\"https:\/\/tourtravelandmore.com\/fr\/\"},{\"@type\":\"ListItem\",\"position\":2,\"name\":\"Tours\",\"item\":\"https:\/\/tourtravelandmore.com\/fr\/tours\/\"},{\"@type\":\"ListItem\",\"position\":3,\"name\":\"Visite priv\u00e9e de Monza au d\u00e9part de Milan\"}]},{\"@type\":\"WebSite\",\"@id\":\"https:\/\/tourtravelandmore.com\/fr\/#website\",\"url\":\"https:\/\/tourtravelandmore.com\/fr\/\",\"name\":\"Tour Travel And More\",\"description\":\"Private sightseeing tours and luxury transfers in Spain\",\"publisher\":{\"@id\":\"https:\/\/tourtravelandmore.com\/fr\/#organization\"},\"potentialAction\":[{\"@type\":\"SearchAction\",\"target\":{\"@type\":\"EntryPoint\",\"urlTemplate\":\"https:\/\/tourtravelandmore.com\/fr\/?s={search_term_string}\"},\"query-input\":{\"@type\":\"PropertyValueSpecification\",\"valueRequired\":true,\"valueName\":\"search_term_string\"}}],\"inLanguage\":\"fr-FR\"},{\"@type\":\"Organization\",\"@id\":\"https:\/\/tourtravelandmore.com\/fr\/#organization\",\"name\":\"Tour Travel And More\",\"url\":\"https:\/\/tourtravelandmore.com\/fr\/\",\"logo\":{\"@type\":\"ImageObject\",\"inLanguage\":\"fr-FR\",\"@id\":\"https:\/\/tourtravelandmore.com\/fr\/#\/schema\/logo\/image\/\",\"url\":\"https:\/\/tourtravelandmore.com\/wp-content\/uploads\/2022\/12\/cropped-logo-cabecera-new.png\",\"contentUrl\":\"https:\/\/tourtravelandmore.com\/wp-content\/uploads\/2022\/12\/cropped-logo-cabecera-new.png\",\"width\":430,\"height\":61,\"caption\":\"Tour Travel And More\"},\"image\":{\"@id\":\"https:\/\/tourtravelandmore.com\/fr\/#\/schema\/logo\/image\/\"},\"sameAs\":[\"https:\/\/www.facebook.com\/tourtravelandmore\/\",\"https:\/\/x.com\/TourTravel_More\"]}]}<\/script>\n<!-- \/ Yoast SEO Premium plugin. -->","yoast_head_json":{"title":"Visite priv\u00e9e de Monza \u00e0 partir de Milan avec transfert en voiture de luxe et guide priv\u00e9 inclus","description":"Profitez de votre voyage \u00e0 Milan pour d\u00e9couvrir l'une des villes les plus c\u00e9l\u00e8bres de Lombardie lors d'une visite priv\u00e9e \u00e0 Monza depuis Milan avec transfert exclusif en voiture de luxe et en compagnie d'un guide officiel priv\u00e9","robots":{"index":"index","follow":"follow","max-snippet":"max-snippet:-1","max-image-preview":"max-image-preview:large","max-video-preview":"max-video-preview:-1"},"canonical":"https:\/\/tourtravelandmore.com\/fr\/tours\/italie-fr\/milan-fr\/visite-privee-de-monza-au-depart-de-milan\/","og_locale":"fr_FR","og_type":"article","og_title":"Visite priv\u00e9e de Monza au d\u00e9part de Milan","og_description":"Profitez de votre voyage \u00e0 Milan pour d\u00e9couvrir l'une des villes les plus c\u00e9l\u00e8bres de Lombardie lors d'une visite priv\u00e9e \u00e0 Monza depuis Milan avec transfert exclusif en voiture de luxe et en compagnie d'un guide officiel priv\u00e9","og_url":"https:\/\/tourtravelandmore.com\/fr\/tours\/italie-fr\/milan-fr\/visite-privee-de-monza-au-depart-de-milan\/","og_site_name":"Tour Travel And More","article_publisher":"https:\/\/www.facebook.com\/tourtravelandmore\/","article_modified_time":"2022-04-01T10:34:14+00:00","og_image":[{"width":900,"height":680,"url":"https:\/\/tourtravelandmore.com\/wp-content\/uploads\/2022\/03\/image10.jpg","type":"image\/jpeg"}],"twitter_card":"summary_large_image","twitter_site":"@TourTravel_More","twitter_misc":{"Dur\u00e9e de lecture estim\u00e9e":"3 minutes"},"schema":{"@context":"https:\/\/schema.org","@graph":[{"@type":"WebPage","@id":"https:\/\/tourtravelandmore.com\/fr\/tours\/italie-fr\/milan-fr\/visite-privee-de-monza-au-depart-de-milan\/","url":"https:\/\/tourtravelandmore.com\/fr\/tours\/italie-fr\/milan-fr\/visite-privee-de-monza-au-depart-de-milan\/","name":"Visite priv\u00e9e de Monza \u00e0 partir de Milan avec transfert en voiture de luxe et guide priv\u00e9 inclus","isPartOf":{"@id":"https:\/\/tourtravelandmore.com\/fr\/#website"},"primaryImageOfPage":{"@id":"https:\/\/tourtravelandmore.com\/fr\/tours\/italie-fr\/milan-fr\/visite-privee-de-monza-au-depart-de-milan\/#primaryimage"},"image":{"@id":"https:\/\/tourtravelandmore.com\/fr\/tours\/italie-fr\/milan-fr\/visite-privee-de-monza-au-depart-de-milan\/#primaryimage"},"thumbnailUrl":"https:\/\/tourtravelandmore.com\/wp-content\/uploads\/2022\/03\/image10.jpg","datePublished":"2022-03-10T16:27:01+00:00","dateModified":"2022-04-01T10:34:14+00:00","description":"Profitez de votre voyage \u00e0 Milan pour d\u00e9couvrir l'une des villes les plus c\u00e9l\u00e8bres de Lombardie lors d'une visite priv\u00e9e \u00e0 Monza depuis Milan avec transfert exclusif en voiture de luxe et en compagnie d'un guide officiel priv\u00e9","breadcrumb":{"@id":"https:\/\/tourtravelandmore.com\/fr\/tours\/italie-fr\/milan-fr\/visite-privee-de-monza-au-depart-de-milan\/#breadcrumb"},"inLanguage":"fr-FR","potentialAction":[{"@type":"ReadAction","target":["https:\/\/tourtravelandmore.com\/fr\/tours\/italie-fr\/milan-fr\/visite-privee-de-monza-au-depart-de-milan\/"]}]},{"@type":"ImageObject","inLanguage":"fr-FR","@id":"https:\/\/tourtravelandmore.com\/fr\/tours\/italie-fr\/milan-fr\/visite-privee-de-monza-au-depart-de-milan\/#primaryimage","url":"https:\/\/tourtravelandmore.com\/wp-content\/uploads\/2022\/03\/image10.jpg","contentUrl":"https:\/\/tourtravelandmore.com\/wp-content\/uploads\/2022\/03\/image10.jpg","width":900,"height":680},{"@type":"BreadcrumbList","@id":"https:\/\/tourtravelandmore.com\/fr\/tours\/italie-fr\/milan-fr\/visite-privee-de-monza-au-depart-de-milan\/#breadcrumb","itemListElement":[{"@type":"ListItem","position":1,"name":"Home","item":"https:\/\/tourtravelandmore.com\/fr\/"},{"@type":"ListItem","position":2,"name":"Tours","item":"https:\/\/tourtravelandmore.com\/fr\/tours\/"},{"@type":"ListItem","position":3,"name":"Visite priv\u00e9e de Monza au d\u00e9part de Milan"}]},{"@type":"WebSite","@id":"https:\/\/tourtravelandmore.com\/fr\/#website","url":"https:\/\/tourtravelandmore.com\/fr\/","name":"Tour Travel And More","description":"Private sightseeing tours and luxury transfers in Spain","publisher":{"@id":"https:\/\/tourtravelandmore.com\/fr\/#organization"},"potentialAction":[{"@type":"SearchAction","target":{"@type":"EntryPoint","urlTemplate":"https:\/\/tourtravelandmore.com\/fr\/?s={search_term_string}"},"query-input":{"@type":"PropertyValueSpecification","valueRequired":true,"valueName":"search_term_string"}}],"inLanguage":"fr-FR"},{"@type":"Organization","@id":"https:\/\/tourtravelandmore.com\/fr\/#organization","name":"Tour Travel And More","url":"https:\/\/tourtravelandmore.com\/fr\/","logo":{"@type":"ImageObject","inLanguage":"fr-FR","@id":"https:\/\/tourtravelandmore.com\/fr\/#\/schema\/logo\/image\/","url":"https:\/\/tourtravelandmore.com\/wp-content\/uploads\/2022\/12\/cropped-logo-cabecera-new.png","contentUrl":"https:\/\/tourtravelandmore.com\/wp-content\/uploads\/2022\/12\/cropped-logo-cabecera-new.png","width":430,"height":61,"caption":"Tour Travel And More"},"image":{"@id":"https:\/\/tourtravelandmore.com\/fr\/#\/schema\/logo\/image\/"},"sameAs":["https:\/\/www.facebook.com\/tourtravelandmore\/","https:\/\/x.com\/TourTravel_More"]}]}},"_links":{"self":[{"href":"https:\/\/tourtravelandmore.com\/fr\/wp-json\/wp\/v2\/product\/120887","targetHints":{"allow":["GET"]}}],"collection":[{"href":"https:\/\/tourtravelandmore.com\/fr\/wp-json\/wp\/v2\/product"}],"about":[{"href":"https:\/\/tourtravelandmore.com\/fr\/wp-json\/wp\/v2\/types\/product"}],"replies":[{"embeddable":true,"href":"https:\/\/tourtravelandmore.com\/fr\/wp-json\/wp\/v2\/comments?post=120887"}],"wp:featuredmedia":[{"embeddable":true,"href":"https:\/\/tourtravelandmore.com\/fr\/wp-json\/wp\/v2\/media\/120909"}],"wp:attachment":[{"href":"https:\/\/tourtravelandmore.com\/fr\/wp-json\/wp\/v2\/media?parent=120887"}],"wp:term":[{"taxonomy":"product_brand","embeddable":true,"href":"https:\/\/tourtravelandmore.com\/fr\/wp-json\/wp\/v2\/product_brand?post=120887"},{"taxonomy":"product_cat","embeddable":true,"href":"https:\/\/tourtravelandmore.com\/fr\/wp-json\/wp\/v2\/product_cat?post=120887"},{"taxonomy":"product_tag","embeddable":true,"href":"https:\/\/tourtravelandmore.com\/fr\/wp-json\/wp\/v2\/product_tag?post=120887"}],"curies":[{"name":"wp","href":"https:\/\/api.w.org\/{rel}","templated":true}]}}