{"id":120846,"date":"2022-03-10T16:09:32","date_gmt":"2022-03-10T15:09:38","guid":{"rendered":"https:\/\/tourtravelandmore.com\/?post_type=product&#038;p=120846"},"modified":"2022-03-10T16:34:20","modified_gmt":"2022-03-10T15:34:20","slug":"visite-privee-du-musee-leonard-de-vinci-musee-leonardo3","status":"publish","type":"product","link":"https:\/\/tourtravelandmore.com\/fr\/tours\/italie-fr\/milan-fr\/visite-privee-du-musee-leonard-de-vinci-musee-leonardo3\/","title":{"rendered":"Visite priv\u00e9e du mus\u00e9e L\u00e9onard de Vinci &#8211; Mus\u00e9e Leonardo3"},"content":{"rendered":"<h2><b>Description de la visite priv\u00e9e au Mus\u00e9e Leonardo Da Vinci &#8211; Mus\u00e9e Leonardo3<\/b><\/h2>\n<p><span style=\"font-weight: 400;\">L\u00e9onard de Vinci est une ic\u00f4ne reconnue dans le monde entier comme un grand g\u00e9nie de la science, de l&#8217;ing\u00e9nierie et de l&#8217;art.\u00a0<\/span><\/p>\n<p><span style=\"font-weight: 400;\">Vivez une grande exp\u00e9rience, en suivant les traces des plus importantes inventions de cet illustre fils de Florence lors de cette <\/span><b>visite priv\u00e9e du mus\u00e9e L\u00e9onard de Vinci <\/b><span style=\"font-weight: 400;\">\u00e0 travers sa salle L\u00e9onard3.\u00a0<\/span><\/p>\n<p><span style=\"font-weight: 400;\">Ce sera l&#8217;occasion d&#8217;admirer de pr\u00e8s les diff\u00e9rents mod\u00e8les, croquis, documents et m\u00eame autoportraits de ce c\u00e9l\u00e8bre ma\u00eetre polymathe.\u00a0<\/span><\/p>\n<p><span style=\"font-weight: 400;\">Il s&#8217;agit d&#8217;une <\/span><b>visite guid\u00e9e de pr\u00e8s de 2 heures au cours de <\/b><span style=\"font-weight: 400;\">laquelle vous parcourrez la galerie qui abrite une impressionnante collection des \u0153uvres \u00e9labor\u00e9es par L\u00e9onard de Vinci tout au long de sa vie.\u00a0<\/span><\/p>\n<p><span style=\"font-weight: 400;\">Au cours de la promenade dans la salle Leonardo3, appel\u00e9e &#8220;le monde de L\u00e9onard&#8221;, vous d\u00e9couvrirez des mod\u00e8les fonctionnels de certaines de ses machines et des reproductions de ses \u0153uvres d&#8217;art les plus repr\u00e9sentatives.\u00a0<\/span><\/p>\n<p><span style=\"font-weight: 400;\">\u00c0 tout moment, <\/span><b>vous serez accompagn\u00e9 d&#8217;un guide priv\u00e9 <\/b><span style=\"font-weight: 400;\">qui vous racontera la vie et l&#8217;h\u00e9ritage de cette grande figure en Italie et dans le monde. Vous ne perdrez pas de temps \u00e0 entrer dans la galerie, car <\/span><b>la visite comprend des billets d&#8217;entr\u00e9e exclusifs<\/b><span style=\"font-weight: 400;\">.\u00a0<\/span><\/p>\n<p><span style=\"font-weight: 400;\">\u00c0 la fin de la visite, votre guide vous raccompagnera \u00e0 la sortie du mus\u00e9e pour continuer votre visite de Milan.\u00a0<\/span><\/p>\n<h2><span style=\"color: #d3af37;\"><b>Points forts de la <\/b><b>visite priv\u00e9e au Mus\u00e9e Leonardo Da Vinci &#8211; Mus\u00e9e Leonardo3<\/b><\/span><\/h2>\n<p><span style=\"font-weight: 400;\">La visite priv\u00e9e du mus\u00e9e Leonardo Da Vinci &#8211; Leonardo3 Museum commence lorsque vous rencontrez votre guide priv\u00e9 \u00e0 un endroit proche du mus\u00e9e ou \u00e0 l&#8217;entr\u00e9e de la galerie.\u00a0<\/span><\/p>\n<p><span style=\"font-weight: 400;\">De l\u00e0, vous explorerez &#8220;Le monde de L\u00e9onard de Vinci&#8221; pour d\u00e9couvrir certaines de ses \u0153uvres et inventions les plus fascinantes. Par exemple, dans la chambre vous trouverez :\u00a0<\/span><\/p>\n<ul>\n<li aria-level=\"1\"><b>De nombreuses machines fonctionnelles recr\u00e9\u00e9es \u00e0 partir des documents et manuscrits de L\u00e9onard de Vinci.\u00a0<\/b><\/li>\n<\/ul>\n<ul>\n<li aria-level=\"1\"><b>Restaurations num\u00e9riques des \u0153uvres embl\u00e9matiques de l&#8217;artiste, telles que &#8220;La C\u00e8ne&#8221;.<\/b><\/li>\n<\/ul>\n<ul>\n<li aria-level=\"1\"><b>Guides audio sur les cl\u00e9s et les secrets des \u0153uvres de Da Vinci.\u00a0<\/b><\/li>\n<\/ul>\n<ul>\n<li aria-level=\"1\"><b>Reconstitution de diff\u00e9rents instruments de musique de l&#8217;\u00e9poque.\u00a0<\/b><\/li>\n<\/ul>\n<p><span style=\"font-weight: 400;\">En outre, vous pourrez interagir avec plus de 200 machines gr\u00e2ce \u00e0 des reconstitutions en 3D, ce qui est parfait pour les familles et les personnes de tous \u00e2ges.\u00a0<\/span><\/p>\n<p><span style=\"font-weight: 400;\">Enfin, le guide priv\u00e9 vous accompagnera jusqu&#8217;\u00e0 l&#8217;entr\u00e9e du mus\u00e9e, apr\u00e8s une exp\u00e9rience tr\u00e8s dynamique et divertissante.\u00a0<\/span><\/p>\n<p><span style=\"font-weight: 400;\">Si vous souhaitez visiter Milan plus en d\u00e9tail, vous pouvez opter pour notre <\/span><b><a href=\"https:\/\/tourtravelandmore.com\/fr\/tours\/italie-fr\/milan-fr\/visite-privee-a-pied-de-milan-experience-complete\/\">visite \u00e0 pied de Milan pour une exp\u00e9rience compl\u00e8te<\/a> et <\/b><span style=\"font-weight: 400;\">explorer cette ville \u00e9tonnante sous un angle diff\u00e9rent.<\/span><\/p>\n","protected":false},"excerpt":{"rendered":"<p><span style=\"font-weight: 400;\">Profitez de votre promenade dans Milan pour d\u00e9couvrir certaines des \u0153uvres, documents et machines les plus importants du g\u00e9nie de la Renaissance, L\u00e9onard de Vinci. Lors de notre visite de la salle Leonardo3, vous pourrez d\u00e9couvrir les \u0153uvres et inventions les plus remarquables de cet incroyable polymathe italien. De plus, toute la visite sera accompagn\u00e9e d&#8217;un guide priv\u00e9, expert en art et en histoire<\/span><\/p>\n","protected":false},"featured_media":120822,"comment_status":"open","ping_status":"closed","template":"","meta":{"_acf_changed":false},"product_brand":[],"product_cat":[3700],"product_tag":[],"class_list":{"0":"post-120846","1":"product","2":"type-product","3":"status-publish","4":"has-post-thumbnail","6":"product_cat-milan-fr","8":"first","9":"instock","10":"shipping-taxable","11":"purchasable","12":"product-type-simple"},"acf":[],"yoast_head":"<!-- This site is optimized with the Yoast SEO Premium plugin v25.3.1 (Yoast SEO v25.3.1) - https:\/\/yoast.com\/wordpress\/plugins\/seo\/ -->\n<title>Visite priv\u00e9e du mus\u00e9e Leonardo Da Vinci \u00e0 la salle du mus\u00e9e Leonardo3 avec un guide priv\u00e9<\/title>\n<meta name=\"description\" content=\"D\u00e9couvrez de pr\u00e8s les cr\u00e9ations du g\u00e9nie de la Renaissance L\u00e9onard de Vinci lors d&#039;une visite priv\u00e9e de la salle L\u00e9onard3 &quot;Le monde de L\u00e9onard&quot;, accompagn\u00e9e d&#039;un guide officiel priv\u00e9\" \/>\n<meta name=\"robots\" content=\"index, follow, max-snippet:-1, max-image-preview:large, max-video-preview:-1\" \/>\n<link rel=\"canonical\" href=\"https:\/\/tourtravelandmore.com\/fr\/tours\/italie-fr\/milan-fr\/visite-privee-du-musee-leonard-de-vinci-musee-leonardo3\/\" \/>\n<meta property=\"og:locale\" content=\"fr_FR\" \/>\n<meta property=\"og:type\" content=\"article\" \/>\n<meta property=\"og:title\" content=\"Visite priv\u00e9e du mus\u00e9e L\u00e9onard de Vinci - Mus\u00e9e Leonardo3\" \/>\n<meta property=\"og:description\" content=\"D\u00e9couvrez de pr\u00e8s les cr\u00e9ations du g\u00e9nie de la Renaissance L\u00e9onard de Vinci lors d&#039;une visite priv\u00e9e de la salle L\u00e9onard3 &quot;Le monde de L\u00e9onard&quot;, accompagn\u00e9e d&#039;un guide officiel priv\u00e9\" \/>\n<meta property=\"og:url\" content=\"https:\/\/tourtravelandmore.com\/fr\/tours\/italie-fr\/milan-fr\/visite-privee-du-musee-leonard-de-vinci-musee-leonardo3\/\" \/>\n<meta property=\"og:site_name\" content=\"Tour Travel And More\" \/>\n<meta property=\"article:publisher\" content=\"https:\/\/www.facebook.com\/tourtravelandmore\/\" \/>\n<meta property=\"article:modified_time\" content=\"2022-03-10T15:34:20+00:00\" \/>\n<meta property=\"og:image\" content=\"https:\/\/tourtravelandmore.com\/wp-content\/uploads\/2017\/02\/image1-2.jpg\" \/>\n\t<meta property=\"og:image:width\" content=\"900\" \/>\n\t<meta property=\"og:image:height\" content=\"680\" \/>\n\t<meta property=\"og:image:type\" content=\"image\/jpeg\" \/>\n<meta name=\"twitter:card\" content=\"summary_large_image\" \/>\n<meta name=\"twitter:site\" content=\"@TourTravel_More\" \/>\n<meta name=\"twitter:label1\" content=\"Dur\u00e9e de lecture estim\u00e9e\" \/>\n\t<meta name=\"twitter:data1\" content=\"2 minutes\" \/>\n<script type=\"application\/ld+json\" class=\"yoast-schema-graph\">{\"@context\":\"https:\/\/schema.org\",\"@graph\":[{\"@type\":\"WebPage\",\"@id\":\"https:\/\/tourtravelandmore.com\/fr\/tours\/italie-fr\/milan-fr\/visite-privee-du-musee-leonard-de-vinci-musee-leonardo3\/\",\"url\":\"https:\/\/tourtravelandmore.com\/fr\/tours\/italie-fr\/milan-fr\/visite-privee-du-musee-leonard-de-vinci-musee-leonardo3\/\",\"name\":\"Visite priv\u00e9e du mus\u00e9e Leonardo Da Vinci \u00e0 la salle du mus\u00e9e Leonardo3 avec un guide priv\u00e9\",\"isPartOf\":{\"@id\":\"https:\/\/tourtravelandmore.com\/fr\/#website\"},\"primaryImageOfPage\":{\"@id\":\"https:\/\/tourtravelandmore.com\/fr\/tours\/italie-fr\/milan-fr\/visite-privee-du-musee-leonard-de-vinci-musee-leonardo3\/#primaryimage\"},\"image\":{\"@id\":\"https:\/\/tourtravelandmore.com\/fr\/tours\/italie-fr\/milan-fr\/visite-privee-du-musee-leonard-de-vinci-musee-leonardo3\/#primaryimage\"},\"thumbnailUrl\":\"https:\/\/tourtravelandmore.com\/wp-content\/uploads\/2017\/02\/image1-2.jpg\",\"datePublished\":\"2022-03-10T15:09:38+00:00\",\"dateModified\":\"2022-03-10T15:34:20+00:00\",\"description\":\"D\u00e9couvrez de pr\u00e8s les cr\u00e9ations du g\u00e9nie de la Renaissance L\u00e9onard de Vinci lors d'une visite priv\u00e9e de la salle L\u00e9onard3 \\\"Le monde de L\u00e9onard\\\", accompagn\u00e9e d'un guide officiel priv\u00e9\",\"breadcrumb\":{\"@id\":\"https:\/\/tourtravelandmore.com\/fr\/tours\/italie-fr\/milan-fr\/visite-privee-du-musee-leonard-de-vinci-musee-leonardo3\/#breadcrumb\"},\"inLanguage\":\"fr-FR\",\"potentialAction\":[{\"@type\":\"ReadAction\",\"target\":[\"https:\/\/tourtravelandmore.com\/fr\/tours\/italie-fr\/milan-fr\/visite-privee-du-musee-leonard-de-vinci-musee-leonardo3\/\"]}]},{\"@type\":\"ImageObject\",\"inLanguage\":\"fr-FR\",\"@id\":\"https:\/\/tourtravelandmore.com\/fr\/tours\/italie-fr\/milan-fr\/visite-privee-du-musee-leonard-de-vinci-musee-leonardo3\/#primaryimage\",\"url\":\"https:\/\/tourtravelandmore.com\/wp-content\/uploads\/2017\/02\/image1-2.jpg\",\"contentUrl\":\"https:\/\/tourtravelandmore.com\/wp-content\/uploads\/2017\/02\/image1-2.jpg\",\"width\":900,\"height\":680},{\"@type\":\"BreadcrumbList\",\"@id\":\"https:\/\/tourtravelandmore.com\/fr\/tours\/italie-fr\/milan-fr\/visite-privee-du-musee-leonard-de-vinci-musee-leonardo3\/#breadcrumb\",\"itemListElement\":[{\"@type\":\"ListItem\",\"position\":1,\"name\":\"Home\",\"item\":\"https:\/\/tourtravelandmore.com\/fr\/\"},{\"@type\":\"ListItem\",\"position\":2,\"name\":\"Tours\",\"item\":\"https:\/\/tourtravelandmore.com\/fr\/tours\/\"},{\"@type\":\"ListItem\",\"position\":3,\"name\":\"Visite priv\u00e9e du mus\u00e9e L\u00e9onard de Vinci &#8211; Mus\u00e9e Leonardo3\"}]},{\"@type\":\"WebSite\",\"@id\":\"https:\/\/tourtravelandmore.com\/fr\/#website\",\"url\":\"https:\/\/tourtravelandmore.com\/fr\/\",\"name\":\"Tour Travel And More\",\"description\":\"Private sightseeing tours and luxury transfers in Spain\",\"publisher\":{\"@id\":\"https:\/\/tourtravelandmore.com\/fr\/#organization\"},\"potentialAction\":[{\"@type\":\"SearchAction\",\"target\":{\"@type\":\"EntryPoint\",\"urlTemplate\":\"https:\/\/tourtravelandmore.com\/fr\/?s={search_term_string}\"},\"query-input\":{\"@type\":\"PropertyValueSpecification\",\"valueRequired\":true,\"valueName\":\"search_term_string\"}}],\"inLanguage\":\"fr-FR\"},{\"@type\":\"Organization\",\"@id\":\"https:\/\/tourtravelandmore.com\/fr\/#organization\",\"name\":\"Tour Travel And More\",\"url\":\"https:\/\/tourtravelandmore.com\/fr\/\",\"logo\":{\"@type\":\"ImageObject\",\"inLanguage\":\"fr-FR\",\"@id\":\"https:\/\/tourtravelandmore.com\/fr\/#\/schema\/logo\/image\/\",\"url\":\"https:\/\/tourtravelandmore.com\/wp-content\/uploads\/2022\/12\/cropped-logo-cabecera-new.png\",\"contentUrl\":\"https:\/\/tourtravelandmore.com\/wp-content\/uploads\/2022\/12\/cropped-logo-cabecera-new.png\",\"width\":430,\"height\":61,\"caption\":\"Tour Travel And More\"},\"image\":{\"@id\":\"https:\/\/tourtravelandmore.com\/fr\/#\/schema\/logo\/image\/\"},\"sameAs\":[\"https:\/\/www.facebook.com\/tourtravelandmore\/\",\"https:\/\/x.com\/TourTravel_More\"]}]}<\/script>\n<!-- \/ Yoast SEO Premium plugin. -->","yoast_head_json":{"title":"Visite priv\u00e9e du mus\u00e9e Leonardo Da Vinci \u00e0 la salle du mus\u00e9e Leonardo3 avec un guide priv\u00e9","description":"D\u00e9couvrez de pr\u00e8s les cr\u00e9ations du g\u00e9nie de la Renaissance L\u00e9onard de Vinci lors d'une visite priv\u00e9e de la salle L\u00e9onard3 \"Le monde de L\u00e9onard\", accompagn\u00e9e d'un guide officiel priv\u00e9","robots":{"index":"index","follow":"follow","max-snippet":"max-snippet:-1","max-image-preview":"max-image-preview:large","max-video-preview":"max-video-preview:-1"},"canonical":"https:\/\/tourtravelandmore.com\/fr\/tours\/italie-fr\/milan-fr\/visite-privee-du-musee-leonard-de-vinci-musee-leonardo3\/","og_locale":"fr_FR","og_type":"article","og_title":"Visite priv\u00e9e du mus\u00e9e L\u00e9onard de Vinci - Mus\u00e9e Leonardo3","og_description":"D\u00e9couvrez de pr\u00e8s les cr\u00e9ations du g\u00e9nie de la Renaissance L\u00e9onard de Vinci lors d'une visite priv\u00e9e de la salle L\u00e9onard3 \"Le monde de L\u00e9onard\", accompagn\u00e9e d'un guide officiel priv\u00e9","og_url":"https:\/\/tourtravelandmore.com\/fr\/tours\/italie-fr\/milan-fr\/visite-privee-du-musee-leonard-de-vinci-musee-leonardo3\/","og_site_name":"Tour Travel And More","article_publisher":"https:\/\/www.facebook.com\/tourtravelandmore\/","article_modified_time":"2022-03-10T15:34:20+00:00","og_image":[{"width":900,"height":680,"url":"https:\/\/tourtravelandmore.com\/wp-content\/uploads\/2017\/02\/image1-2.jpg","type":"image\/jpeg"}],"twitter_card":"summary_large_image","twitter_site":"@TourTravel_More","twitter_misc":{"Dur\u00e9e de lecture estim\u00e9e":"2 minutes"},"schema":{"@context":"https:\/\/schema.org","@graph":[{"@type":"WebPage","@id":"https:\/\/tourtravelandmore.com\/fr\/tours\/italie-fr\/milan-fr\/visite-privee-du-musee-leonard-de-vinci-musee-leonardo3\/","url":"https:\/\/tourtravelandmore.com\/fr\/tours\/italie-fr\/milan-fr\/visite-privee-du-musee-leonard-de-vinci-musee-leonardo3\/","name":"Visite priv\u00e9e du mus\u00e9e Leonardo Da Vinci \u00e0 la salle du mus\u00e9e Leonardo3 avec un guide priv\u00e9","isPartOf":{"@id":"https:\/\/tourtravelandmore.com\/fr\/#website"},"primaryImageOfPage":{"@id":"https:\/\/tourtravelandmore.com\/fr\/tours\/italie-fr\/milan-fr\/visite-privee-du-musee-leonard-de-vinci-musee-leonardo3\/#primaryimage"},"image":{"@id":"https:\/\/tourtravelandmore.com\/fr\/tours\/italie-fr\/milan-fr\/visite-privee-du-musee-leonard-de-vinci-musee-leonardo3\/#primaryimage"},"thumbnailUrl":"https:\/\/tourtravelandmore.com\/wp-content\/uploads\/2017\/02\/image1-2.jpg","datePublished":"2022-03-10T15:09:38+00:00","dateModified":"2022-03-10T15:34:20+00:00","description":"D\u00e9couvrez de pr\u00e8s les cr\u00e9ations du g\u00e9nie de la Renaissance L\u00e9onard de Vinci lors d'une visite priv\u00e9e de la salle L\u00e9onard3 \"Le monde de L\u00e9onard\", accompagn\u00e9e d'un guide officiel priv\u00e9","breadcrumb":{"@id":"https:\/\/tourtravelandmore.com\/fr\/tours\/italie-fr\/milan-fr\/visite-privee-du-musee-leonard-de-vinci-musee-leonardo3\/#breadcrumb"},"inLanguage":"fr-FR","potentialAction":[{"@type":"ReadAction","target":["https:\/\/tourtravelandmore.com\/fr\/tours\/italie-fr\/milan-fr\/visite-privee-du-musee-leonard-de-vinci-musee-leonardo3\/"]}]},{"@type":"ImageObject","inLanguage":"fr-FR","@id":"https:\/\/tourtravelandmore.com\/fr\/tours\/italie-fr\/milan-fr\/visite-privee-du-musee-leonard-de-vinci-musee-leonardo3\/#primaryimage","url":"https:\/\/tourtravelandmore.com\/wp-content\/uploads\/2017\/02\/image1-2.jpg","contentUrl":"https:\/\/tourtravelandmore.com\/wp-content\/uploads\/2017\/02\/image1-2.jpg","width":900,"height":680},{"@type":"BreadcrumbList","@id":"https:\/\/tourtravelandmore.com\/fr\/tours\/italie-fr\/milan-fr\/visite-privee-du-musee-leonard-de-vinci-musee-leonardo3\/#breadcrumb","itemListElement":[{"@type":"ListItem","position":1,"name":"Home","item":"https:\/\/tourtravelandmore.com\/fr\/"},{"@type":"ListItem","position":2,"name":"Tours","item":"https:\/\/tourtravelandmore.com\/fr\/tours\/"},{"@type":"ListItem","position":3,"name":"Visite priv\u00e9e du mus\u00e9e L\u00e9onard de Vinci &#8211; Mus\u00e9e Leonardo3"}]},{"@type":"WebSite","@id":"https:\/\/tourtravelandmore.com\/fr\/#website","url":"https:\/\/tourtravelandmore.com\/fr\/","name":"Tour Travel And More","description":"Private sightseeing tours and luxury transfers in Spain","publisher":{"@id":"https:\/\/tourtravelandmore.com\/fr\/#organization"},"potentialAction":[{"@type":"SearchAction","target":{"@type":"EntryPoint","urlTemplate":"https:\/\/tourtravelandmore.com\/fr\/?s={search_term_string}"},"query-input":{"@type":"PropertyValueSpecification","valueRequired":true,"valueName":"search_term_string"}}],"inLanguage":"fr-FR"},{"@type":"Organization","@id":"https:\/\/tourtravelandmore.com\/fr\/#organization","name":"Tour Travel And More","url":"https:\/\/tourtravelandmore.com\/fr\/","logo":{"@type":"ImageObject","inLanguage":"fr-FR","@id":"https:\/\/tourtravelandmore.com\/fr\/#\/schema\/logo\/image\/","url":"https:\/\/tourtravelandmore.com\/wp-content\/uploads\/2022\/12\/cropped-logo-cabecera-new.png","contentUrl":"https:\/\/tourtravelandmore.com\/wp-content\/uploads\/2022\/12\/cropped-logo-cabecera-new.png","width":430,"height":61,"caption":"Tour Travel And More"},"image":{"@id":"https:\/\/tourtravelandmore.com\/fr\/#\/schema\/logo\/image\/"},"sameAs":["https:\/\/www.facebook.com\/tourtravelandmore\/","https:\/\/x.com\/TourTravel_More"]}]}},"_links":{"self":[{"href":"https:\/\/tourtravelandmore.com\/fr\/wp-json\/wp\/v2\/product\/120846","targetHints":{"allow":["GET"]}}],"collection":[{"href":"https:\/\/tourtravelandmore.com\/fr\/wp-json\/wp\/v2\/product"}],"about":[{"href":"https:\/\/tourtravelandmore.com\/fr\/wp-json\/wp\/v2\/types\/product"}],"replies":[{"embeddable":true,"href":"https:\/\/tourtravelandmore.com\/fr\/wp-json\/wp\/v2\/comments?post=120846"}],"wp:featuredmedia":[{"embeddable":true,"href":"https:\/\/tourtravelandmore.com\/fr\/wp-json\/wp\/v2\/media\/120822"}],"wp:attachment":[{"href":"https:\/\/tourtravelandmore.com\/fr\/wp-json\/wp\/v2\/media?parent=120846"}],"wp:term":[{"taxonomy":"product_brand","embeddable":true,"href":"https:\/\/tourtravelandmore.com\/fr\/wp-json\/wp\/v2\/product_brand?post=120846"},{"taxonomy":"product_cat","embeddable":true,"href":"https:\/\/tourtravelandmore.com\/fr\/wp-json\/wp\/v2\/product_cat?post=120846"},{"taxonomy":"product_tag","embeddable":true,"href":"https:\/\/tourtravelandmore.com\/fr\/wp-json\/wp\/v2\/product_tag?post=120846"}],"curies":[{"name":"wp","href":"https:\/\/api.w.org\/{rel}","templated":true}]}}