{"id":120719,"date":"2022-03-09T17:26:32","date_gmt":"2022-03-09T16:26:37","guid":{"rendered":"https:\/\/tourtravelandmore.com\/?post_type=product&#038;p=120719"},"modified":"2022-04-01T12:34:58","modified_gmt":"2022-04-01T10:34:58","slug":"visite-privee-a-pied-de-milan-les-tresors-caches","status":"publish","type":"product","link":"https:\/\/tourtravelandmore.com\/fr\/tours\/italie-fr\/milan-fr\/visite-privee-a-pied-de-milan-les-tresors-caches\/","title":{"rendered":"Visite priv\u00e9e \u00e0 pied de Milan LES TR\u00c9SORS CACH\u00c9S"},"content":{"rendered":"<h2><span style=\"font-weight: 400;\">Description de la visite priv\u00e9e \u00e0 pied de Milan LES TR\u00c9SORS CACH\u00c9S 2 heures<\/span><\/h2>\n<p><span style=\"font-weight: 400;\">Milan est une ville historique qui compte d&#8217;innombrables monuments, rues et b\u00e2timents de grande valeur architecturale et culturelle.\u00a0<\/span><\/p>\n<p><span style=\"font-weight: 400;\">Nous savons que le centre historique de Milan est l&#8217;une de ses principales attractions touristiques. Cependant, <\/span><b>cette visite priv\u00e9e \u00e0 pied de Milan <\/b><span style=\"font-weight: 400;\">est parfaite pour <\/span><b>explorer les tr\u00e9sors cach\u00e9s de la capitale de la Lombardie.<\/b><\/p>\n<p><span style=\"font-weight: 400;\">Tout d&#8217;abord, nous vous emm\u00e8nerons sur la Piazza Pio XI pour admirer la Biblioteca Ambrosiana, qui est l&#8217;une des plus anciennes galeries d&#8217;Italie et o\u00f9 se trouve \u00e9galement la Pinacoteca Ambrosiana.\u00a0<\/span><\/p>\n<p><span style=\"font-weight: 400;\">Certaines des plus importantes collections d&#8217;art et de manuscrits de l&#8217;histoire europ\u00e9enne y sont conserv\u00e9es, notamment des peintures et des documents de De Vinci, du Caravage et de Botticelli.\u00a0<\/span><\/p>\n<p><span style=\"font-weight: 400;\">Ensuite, nous vous emm\u00e8nerons \u00e0 l&#8217;\u00e9glise Santa Maria presso San Satyr, qui est l&#8217;un des b\u00e2timents les plus repr\u00e9sentatifs du style de la Renaissance italienne et qui se trouve dans le centre de Milan.\u00a0<\/span><\/p>\n<p><b>Tout au long de la visite de 2 heures, vous serez accompagn\u00e9 par un guide officiel priv\u00e9<\/b><span style=\"font-weight: 400;\">, qui sera attentif \u00e0 vous donner les informations les plus pertinentes sur chaque point d&#8217;int\u00e9r\u00eat que vous visiterez.\u00a0<\/span><\/p>\n<p><span style=\"font-weight: 400;\">\u00c0 la fin de la visite, le guide vous d\u00e9posera \u00e0 un point central de la ville pour poursuivre votre visite de Milan.\u00a0<\/span><\/p>\n<h2><strong><span style=\"color: #d3af37;\">Points d&#8217;int\u00e9r\u00eat de la visite priv\u00e9e \u00e0 pied<\/span><\/strong><\/h2>\n<p><span style=\"font-weight: 400;\">D\u00e9couvrez tous les secrets de la capitale du design italien, lors de cette visite priv\u00e9e \u00e0 pied de deux heures de ses principaux tr\u00e9sors cach\u00e9s.\u00a0<\/span><\/p>\n<p><span style=\"font-weight: 400;\">La visite commence lorsque vous rencontrez votre guide priv\u00e9 \u00e0 un point central de Milan pour visiter les points d&#8217;int\u00e9r\u00eat suivants :\u00a0<\/span><\/p>\n<ol>\n<li style=\"font-weight: 400;\" aria-level=\"1\">\n<h3><span style=\"font-weight: 400; color: #d3af37;\">La galerie Ambrosiana<\/span><\/h3>\n<\/li>\n<\/ol>\n<p><span style=\"font-weight: 400;\">La Biblioteca Ambrosiana a \u00e9t\u00e9 construite en 1607 en l&#8217;honneur de Saint Ambroise, qui est le saint patron de la ville.\u00a0<\/span><\/p>\n<p><span style=\"font-weight: 400;\">Elle est l&#8217;<\/span><b>une des plus anciennes biblioth\u00e8ques d&#8217;Europe <\/b><span style=\"font-weight: 400;\">et abrite certains des documents les plus c\u00e9l\u00e8bres du continent europ\u00e9en, tels que les manuscrits du monast\u00e8re b\u00e9n\u00e9dictin de Bobbio.\u00a0\u00a0<\/span><\/p>\n<p><span style=\"font-weight: 400;\">Plus tard, en 1618, la Pinacoteca Ambrosiana a \u00e9t\u00e9 inaugur\u00e9e dans ce b\u00e2timent dans le but de rendre l&#8217;\u00e9ducation artistique gratuite pour toute personne ayant ces dons.\u00a0<\/span><\/p>\n<p><span style=\"font-weight: 400;\">\u00c0 l&#8217;int\u00e9rieur se trouvent plus de 1 500 chefs-d&#8217;\u0153uvre, dont des peintures et des tableaux de.. :\u00a0<\/span><\/p>\n<ul>\n<li><b>Tiziano<\/b><\/li>\n<li><b>Raffaello<\/b><\/li>\n<li><b>Caravaggio<\/b><\/li>\n<li><b>L\u00e9onard de Vinci<\/b><\/li>\n<li><b>Federico Borromeo, parmi de nombreux autres artistes de renomm\u00e9e mondiale.\u00a0<\/b><\/li>\n<\/ul>\n<ol>\n<li style=\"font-weight: 400;\" aria-level=\"1\">\n<h3><span style=\"font-weight: 400; color: #d3af37;\">\u00c9glise de Santa Maria presso San Satyr<\/span><\/h3>\n<\/li>\n<\/ol>\n<p><span style=\"font-weight: 400;\">\u00c0 c\u00f4t\u00e9 de la cath\u00e9drale de Milan, nous visiterons l&#8217;\u00e9glise de Santa Maria presso San Satyr. Dans cette construction se m\u00e9langent diff\u00e9rents mod\u00e8les architecturaux, puisqu&#8217;il s&#8217;agit de deux enceintes qui ont \u00e9t\u00e9 r\u00e9unies pour v\u00e9n\u00e9rer la Vierge Marie et Saint Satyr, qui \u00e9tait le fr\u00e8re de Saint Ambroise.\u00a0<\/span><\/p>\n<p><span style=\"font-weight: 400;\">Dans ses salles, <\/span><b>le style Renaissance pr\u00e9domine<\/b><span style=\"font-weight: 400;\">, bien que l&#8217;on puisse admirer certaines touches gothiques dans sa fa\u00e7ade. En outre, \u00e0 l&#8217;int\u00e9rieur se trouve l&#8217;une des \u0153uvres symboliques de Milan : &#8220;Le faux ch\u0153ur&#8221;, qui a \u00e9t\u00e9 r\u00e9alis\u00e9 par l&#8217;artiste Donato Bramante.\u00a0<\/span><\/p>\n<p><span style=\"font-weight: 400;\">\u00c0 tout moment, le guide priv\u00e9 vous donnera les informations dont vous avez besoin afin qu&#8217;aucun fait historique ne soit oubli\u00e9.\u00a0<\/span><\/p>\n<p><span style=\"font-weight: 400;\">\u00c0 la fin de la visite, notre guide vous conduira \u00e0 l&#8217;endroit le plus pratique du centre de Milan.\u00a0<\/span><\/p>\n<p><span style=\"font-weight: 400;\">Vous pouvez compl\u00e9ter votre visite touristique de la ville avec notre <\/span><a href=\"https:\/\/tourtravelandmore.com\/fr\/tours\/italie-fr\/milan-fr\/visite-privee-a-pied-de-milan-experience-complete\/\"><b>visite priv\u00e9e \u00e0 pied de Milan pendant 4 heures pour une <\/b><\/a><span style=\"font-weight: 400;\">exp\u00e9rience compl\u00e8te des sites les plus attrayants de cette int\u00e9ressante ville italienne.<\/span><\/p>\n","protected":false},"excerpt":{"rendered":"<p><span style=\"font-weight: 400;\">Explorez la ville de Milan sous un angle diff\u00e9rent lors d&#8217;une visite \u00e0 pied priv\u00e9e pour d\u00e9couvrir les tr\u00e9sors cach\u00e9s que cette majestueuse ville italienne a \u00e0 offrir. Profitez de cette visite guid\u00e9e pour visiter la biblioth\u00e8que Ambrosiana et l&#8217;\u00e9glise Santa Maria presso San Satyr, deux incroyables joyaux historiques qui vous \u00e9tonneront.<\/span><\/p>\n","protected":false},"featured_media":120743,"comment_status":"open","ping_status":"closed","template":"","meta":{"_acf_changed":false},"product_brand":[],"product_cat":[3700],"product_tag":[],"class_list":{"0":"post-120719","1":"product","2":"type-product","3":"status-publish","4":"has-post-thumbnail","6":"product_cat-milan-fr","8":"first","9":"instock","10":"shipping-taxable","11":"purchasable","12":"product-type-simple"},"acf":[],"yoast_head":"<!-- This site is optimized with the Yoast SEO Premium plugin v25.3.1 (Yoast SEO v25.3.1) - https:\/\/yoast.com\/wordpress\/plugins\/seo\/ -->\n<title>Visite priv\u00e9e \u00e0 pied des tr\u00e9sors cach\u00e9s de Milan (2 heures) avec un guide priv\u00e9<\/title>\n<meta name=\"description\" content=\"Profitez d&#039;un autre type de visite de Milan lors d&#039;une visite \u00e0 pied des tr\u00e9sors cach\u00e9s de cette ville imposante. Vous adorerez la biblioth\u00e8que Ambrosiana et l&#039;\u00e9glise Santa Maria presso San Satyr, accompagn\u00e9s d&#039;un guide priv\u00e9 expert en art et en histoire\" \/>\n<meta name=\"robots\" content=\"index, follow, max-snippet:-1, max-image-preview:large, max-video-preview:-1\" \/>\n<link rel=\"canonical\" href=\"https:\/\/tourtravelandmore.com\/fr\/tours\/italie-fr\/milan-fr\/visite-privee-a-pied-de-milan-les-tresors-caches\/\" \/>\n<meta property=\"og:locale\" content=\"fr_FR\" \/>\n<meta property=\"og:type\" content=\"article\" \/>\n<meta property=\"og:title\" content=\"Visite priv\u00e9e \u00e0 pied de Milan LES TR\u00c9SORS CACH\u00c9S\" \/>\n<meta property=\"og:description\" content=\"Profitez d&#039;un autre type de visite de Milan lors d&#039;une visite \u00e0 pied des tr\u00e9sors cach\u00e9s de cette ville imposante. Vous adorerez la biblioth\u00e8que Ambrosiana et l&#039;\u00e9glise Santa Maria presso San Satyr, accompagn\u00e9s d&#039;un guide priv\u00e9 expert en art et en histoire\" \/>\n<meta property=\"og:url\" content=\"https:\/\/tourtravelandmore.com\/fr\/tours\/italie-fr\/milan-fr\/visite-privee-a-pied-de-milan-les-tresors-caches\/\" \/>\n<meta property=\"og:site_name\" content=\"Tour Travel And More\" \/>\n<meta property=\"article:publisher\" content=\"https:\/\/www.facebook.com\/tourtravelandmore\/\" \/>\n<meta property=\"article:modified_time\" content=\"2022-04-01T10:34:58+00:00\" \/>\n<meta property=\"og:image\" content=\"https:\/\/tourtravelandmore.com\/wp-content\/uploads\/2022\/03\/image11.jpg\" \/>\n\t<meta property=\"og:image:width\" content=\"900\" \/>\n\t<meta property=\"og:image:height\" content=\"675\" \/>\n\t<meta property=\"og:image:type\" content=\"image\/jpeg\" \/>\n<meta name=\"twitter:card\" content=\"summary_large_image\" \/>\n<meta name=\"twitter:site\" content=\"@TourTravel_More\" \/>\n<meta name=\"twitter:label1\" content=\"Dur\u00e9e de lecture estim\u00e9e\" \/>\n\t<meta name=\"twitter:data1\" content=\"3 minutes\" \/>\n<script type=\"application\/ld+json\" class=\"yoast-schema-graph\">{\"@context\":\"https:\/\/schema.org\",\"@graph\":[{\"@type\":\"WebPage\",\"@id\":\"https:\/\/tourtravelandmore.com\/fr\/tours\/italie-fr\/milan-fr\/visite-privee-a-pied-de-milan-les-tresors-caches\/\",\"url\":\"https:\/\/tourtravelandmore.com\/fr\/tours\/italie-fr\/milan-fr\/visite-privee-a-pied-de-milan-les-tresors-caches\/\",\"name\":\"Visite priv\u00e9e \u00e0 pied des tr\u00e9sors cach\u00e9s de Milan (2 heures) avec un guide priv\u00e9\",\"isPartOf\":{\"@id\":\"https:\/\/tourtravelandmore.com\/fr\/#website\"},\"primaryImageOfPage\":{\"@id\":\"https:\/\/tourtravelandmore.com\/fr\/tours\/italie-fr\/milan-fr\/visite-privee-a-pied-de-milan-les-tresors-caches\/#primaryimage\"},\"image\":{\"@id\":\"https:\/\/tourtravelandmore.com\/fr\/tours\/italie-fr\/milan-fr\/visite-privee-a-pied-de-milan-les-tresors-caches\/#primaryimage\"},\"thumbnailUrl\":\"https:\/\/tourtravelandmore.com\/wp-content\/uploads\/2022\/03\/image11.jpg\",\"datePublished\":\"2022-03-09T16:26:37+00:00\",\"dateModified\":\"2022-04-01T10:34:58+00:00\",\"description\":\"Profitez d'un autre type de visite de Milan lors d'une visite \u00e0 pied des tr\u00e9sors cach\u00e9s de cette ville imposante. Vous adorerez la biblioth\u00e8que Ambrosiana et l'\u00e9glise Santa Maria presso San Satyr, accompagn\u00e9s d'un guide priv\u00e9 expert en art et en histoire\",\"breadcrumb\":{\"@id\":\"https:\/\/tourtravelandmore.com\/fr\/tours\/italie-fr\/milan-fr\/visite-privee-a-pied-de-milan-les-tresors-caches\/#breadcrumb\"},\"inLanguage\":\"fr-FR\",\"potentialAction\":[{\"@type\":\"ReadAction\",\"target\":[\"https:\/\/tourtravelandmore.com\/fr\/tours\/italie-fr\/milan-fr\/visite-privee-a-pied-de-milan-les-tresors-caches\/\"]}]},{\"@type\":\"ImageObject\",\"inLanguage\":\"fr-FR\",\"@id\":\"https:\/\/tourtravelandmore.com\/fr\/tours\/italie-fr\/milan-fr\/visite-privee-a-pied-de-milan-les-tresors-caches\/#primaryimage\",\"url\":\"https:\/\/tourtravelandmore.com\/wp-content\/uploads\/2022\/03\/image11.jpg\",\"contentUrl\":\"https:\/\/tourtravelandmore.com\/wp-content\/uploads\/2022\/03\/image11.jpg\",\"width\":900,\"height\":675},{\"@type\":\"BreadcrumbList\",\"@id\":\"https:\/\/tourtravelandmore.com\/fr\/tours\/italie-fr\/milan-fr\/visite-privee-a-pied-de-milan-les-tresors-caches\/#breadcrumb\",\"itemListElement\":[{\"@type\":\"ListItem\",\"position\":1,\"name\":\"Home\",\"item\":\"https:\/\/tourtravelandmore.com\/fr\/\"},{\"@type\":\"ListItem\",\"position\":2,\"name\":\"Tours\",\"item\":\"https:\/\/tourtravelandmore.com\/fr\/tours\/\"},{\"@type\":\"ListItem\",\"position\":3,\"name\":\"Visite priv\u00e9e \u00e0 pied de Milan LES TR\u00c9SORS CACH\u00c9S\"}]},{\"@type\":\"WebSite\",\"@id\":\"https:\/\/tourtravelandmore.com\/fr\/#website\",\"url\":\"https:\/\/tourtravelandmore.com\/fr\/\",\"name\":\"Tour Travel And More\",\"description\":\"Private sightseeing tours and luxury transfers in Spain\",\"publisher\":{\"@id\":\"https:\/\/tourtravelandmore.com\/fr\/#organization\"},\"potentialAction\":[{\"@type\":\"SearchAction\",\"target\":{\"@type\":\"EntryPoint\",\"urlTemplate\":\"https:\/\/tourtravelandmore.com\/fr\/?s={search_term_string}\"},\"query-input\":{\"@type\":\"PropertyValueSpecification\",\"valueRequired\":true,\"valueName\":\"search_term_string\"}}],\"inLanguage\":\"fr-FR\"},{\"@type\":\"Organization\",\"@id\":\"https:\/\/tourtravelandmore.com\/fr\/#organization\",\"name\":\"Tour Travel And More\",\"url\":\"https:\/\/tourtravelandmore.com\/fr\/\",\"logo\":{\"@type\":\"ImageObject\",\"inLanguage\":\"fr-FR\",\"@id\":\"https:\/\/tourtravelandmore.com\/fr\/#\/schema\/logo\/image\/\",\"url\":\"https:\/\/tourtravelandmore.com\/wp-content\/uploads\/2022\/12\/cropped-logo-cabecera-new.png\",\"contentUrl\":\"https:\/\/tourtravelandmore.com\/wp-content\/uploads\/2022\/12\/cropped-logo-cabecera-new.png\",\"width\":430,\"height\":61,\"caption\":\"Tour Travel And More\"},\"image\":{\"@id\":\"https:\/\/tourtravelandmore.com\/fr\/#\/schema\/logo\/image\/\"},\"sameAs\":[\"https:\/\/www.facebook.com\/tourtravelandmore\/\",\"https:\/\/x.com\/TourTravel_More\"]}]}<\/script>\n<!-- \/ Yoast SEO Premium plugin. -->","yoast_head_json":{"title":"Visite priv\u00e9e \u00e0 pied des tr\u00e9sors cach\u00e9s de Milan (2 heures) avec un guide priv\u00e9","description":"Profitez d'un autre type de visite de Milan lors d'une visite \u00e0 pied des tr\u00e9sors cach\u00e9s de cette ville imposante. Vous adorerez la biblioth\u00e8que Ambrosiana et l'\u00e9glise Santa Maria presso San Satyr, accompagn\u00e9s d'un guide priv\u00e9 expert en art et en histoire","robots":{"index":"index","follow":"follow","max-snippet":"max-snippet:-1","max-image-preview":"max-image-preview:large","max-video-preview":"max-video-preview:-1"},"canonical":"https:\/\/tourtravelandmore.com\/fr\/tours\/italie-fr\/milan-fr\/visite-privee-a-pied-de-milan-les-tresors-caches\/","og_locale":"fr_FR","og_type":"article","og_title":"Visite priv\u00e9e \u00e0 pied de Milan LES TR\u00c9SORS CACH\u00c9S","og_description":"Profitez d'un autre type de visite de Milan lors d'une visite \u00e0 pied des tr\u00e9sors cach\u00e9s de cette ville imposante. Vous adorerez la biblioth\u00e8que Ambrosiana et l'\u00e9glise Santa Maria presso San Satyr, accompagn\u00e9s d'un guide priv\u00e9 expert en art et en histoire","og_url":"https:\/\/tourtravelandmore.com\/fr\/tours\/italie-fr\/milan-fr\/visite-privee-a-pied-de-milan-les-tresors-caches\/","og_site_name":"Tour Travel And More","article_publisher":"https:\/\/www.facebook.com\/tourtravelandmore\/","article_modified_time":"2022-04-01T10:34:58+00:00","og_image":[{"width":900,"height":675,"url":"https:\/\/tourtravelandmore.com\/wp-content\/uploads\/2022\/03\/image11.jpg","type":"image\/jpeg"}],"twitter_card":"summary_large_image","twitter_site":"@TourTravel_More","twitter_misc":{"Dur\u00e9e de lecture estim\u00e9e":"3 minutes"},"schema":{"@context":"https:\/\/schema.org","@graph":[{"@type":"WebPage","@id":"https:\/\/tourtravelandmore.com\/fr\/tours\/italie-fr\/milan-fr\/visite-privee-a-pied-de-milan-les-tresors-caches\/","url":"https:\/\/tourtravelandmore.com\/fr\/tours\/italie-fr\/milan-fr\/visite-privee-a-pied-de-milan-les-tresors-caches\/","name":"Visite priv\u00e9e \u00e0 pied des tr\u00e9sors cach\u00e9s de Milan (2 heures) avec un guide priv\u00e9","isPartOf":{"@id":"https:\/\/tourtravelandmore.com\/fr\/#website"},"primaryImageOfPage":{"@id":"https:\/\/tourtravelandmore.com\/fr\/tours\/italie-fr\/milan-fr\/visite-privee-a-pied-de-milan-les-tresors-caches\/#primaryimage"},"image":{"@id":"https:\/\/tourtravelandmore.com\/fr\/tours\/italie-fr\/milan-fr\/visite-privee-a-pied-de-milan-les-tresors-caches\/#primaryimage"},"thumbnailUrl":"https:\/\/tourtravelandmore.com\/wp-content\/uploads\/2022\/03\/image11.jpg","datePublished":"2022-03-09T16:26:37+00:00","dateModified":"2022-04-01T10:34:58+00:00","description":"Profitez d'un autre type de visite de Milan lors d'une visite \u00e0 pied des tr\u00e9sors cach\u00e9s de cette ville imposante. Vous adorerez la biblioth\u00e8que Ambrosiana et l'\u00e9glise Santa Maria presso San Satyr, accompagn\u00e9s d'un guide priv\u00e9 expert en art et en histoire","breadcrumb":{"@id":"https:\/\/tourtravelandmore.com\/fr\/tours\/italie-fr\/milan-fr\/visite-privee-a-pied-de-milan-les-tresors-caches\/#breadcrumb"},"inLanguage":"fr-FR","potentialAction":[{"@type":"ReadAction","target":["https:\/\/tourtravelandmore.com\/fr\/tours\/italie-fr\/milan-fr\/visite-privee-a-pied-de-milan-les-tresors-caches\/"]}]},{"@type":"ImageObject","inLanguage":"fr-FR","@id":"https:\/\/tourtravelandmore.com\/fr\/tours\/italie-fr\/milan-fr\/visite-privee-a-pied-de-milan-les-tresors-caches\/#primaryimage","url":"https:\/\/tourtravelandmore.com\/wp-content\/uploads\/2022\/03\/image11.jpg","contentUrl":"https:\/\/tourtravelandmore.com\/wp-content\/uploads\/2022\/03\/image11.jpg","width":900,"height":675},{"@type":"BreadcrumbList","@id":"https:\/\/tourtravelandmore.com\/fr\/tours\/italie-fr\/milan-fr\/visite-privee-a-pied-de-milan-les-tresors-caches\/#breadcrumb","itemListElement":[{"@type":"ListItem","position":1,"name":"Home","item":"https:\/\/tourtravelandmore.com\/fr\/"},{"@type":"ListItem","position":2,"name":"Tours","item":"https:\/\/tourtravelandmore.com\/fr\/tours\/"},{"@type":"ListItem","position":3,"name":"Visite priv\u00e9e \u00e0 pied de Milan LES TR\u00c9SORS CACH\u00c9S"}]},{"@type":"WebSite","@id":"https:\/\/tourtravelandmore.com\/fr\/#website","url":"https:\/\/tourtravelandmore.com\/fr\/","name":"Tour Travel And More","description":"Private sightseeing tours and luxury transfers in Spain","publisher":{"@id":"https:\/\/tourtravelandmore.com\/fr\/#organization"},"potentialAction":[{"@type":"SearchAction","target":{"@type":"EntryPoint","urlTemplate":"https:\/\/tourtravelandmore.com\/fr\/?s={search_term_string}"},"query-input":{"@type":"PropertyValueSpecification","valueRequired":true,"valueName":"search_term_string"}}],"inLanguage":"fr-FR"},{"@type":"Organization","@id":"https:\/\/tourtravelandmore.com\/fr\/#organization","name":"Tour Travel And More","url":"https:\/\/tourtravelandmore.com\/fr\/","logo":{"@type":"ImageObject","inLanguage":"fr-FR","@id":"https:\/\/tourtravelandmore.com\/fr\/#\/schema\/logo\/image\/","url":"https:\/\/tourtravelandmore.com\/wp-content\/uploads\/2022\/12\/cropped-logo-cabecera-new.png","contentUrl":"https:\/\/tourtravelandmore.com\/wp-content\/uploads\/2022\/12\/cropped-logo-cabecera-new.png","width":430,"height":61,"caption":"Tour Travel And More"},"image":{"@id":"https:\/\/tourtravelandmore.com\/fr\/#\/schema\/logo\/image\/"},"sameAs":["https:\/\/www.facebook.com\/tourtravelandmore\/","https:\/\/x.com\/TourTravel_More"]}]}},"_links":{"self":[{"href":"https:\/\/tourtravelandmore.com\/fr\/wp-json\/wp\/v2\/product\/120719","targetHints":{"allow":["GET"]}}],"collection":[{"href":"https:\/\/tourtravelandmore.com\/fr\/wp-json\/wp\/v2\/product"}],"about":[{"href":"https:\/\/tourtravelandmore.com\/fr\/wp-json\/wp\/v2\/types\/product"}],"replies":[{"embeddable":true,"href":"https:\/\/tourtravelandmore.com\/fr\/wp-json\/wp\/v2\/comments?post=120719"}],"wp:featuredmedia":[{"embeddable":true,"href":"https:\/\/tourtravelandmore.com\/fr\/wp-json\/wp\/v2\/media\/120743"}],"wp:attachment":[{"href":"https:\/\/tourtravelandmore.com\/fr\/wp-json\/wp\/v2\/media?parent=120719"}],"wp:term":[{"taxonomy":"product_brand","embeddable":true,"href":"https:\/\/tourtravelandmore.com\/fr\/wp-json\/wp\/v2\/product_brand?post=120719"},{"taxonomy":"product_cat","embeddable":true,"href":"https:\/\/tourtravelandmore.com\/fr\/wp-json\/wp\/v2\/product_cat?post=120719"},{"taxonomy":"product_tag","embeddable":true,"href":"https:\/\/tourtravelandmore.com\/fr\/wp-json\/wp\/v2\/product_tag?post=120719"}],"curies":[{"name":"wp","href":"https:\/\/api.w.org\/{rel}","templated":true}]}}