{"id":120676,"date":"2022-03-09T16:22:12","date_gmt":"2022-03-09T15:22:23","guid":{"rendered":"https:\/\/tourtravelandmore.com\/?post_type=product&#038;p=120676"},"modified":"2022-04-01T12:35:36","modified_gmt":"2022-04-01T10:35:36","slug":"arrangement-prive-pour-faire-du-shopping-a-serravalle-outlets","status":"publish","type":"product","link":"https:\/\/tourtravelandmore.com\/fr\/tours\/italie-fr\/milan-fr\/arrangement-prive-pour-faire-du-shopping-a-serravalle-outlets\/","title":{"rendered":"Arrangement priv\u00e9 pour faire du shopping \u00e0 Serravalle Outlets"},"content":{"rendered":"<h2><span style=\"font-weight: 400;\">Description de l&#8217;arrangement priv\u00e9 pour faire du shopping aux Serravalle Outlets<\/span><\/h2>\n<p><span style=\"font-weight: 400;\">L&#8217;Italie est c\u00e9l\u00e8bre, entre autres, pour \u00eatre le berceau de la haute couture mondiale. Par cons\u00e9quent, aucun voyage dans ce pays ne serait complet sans vous donner le plaisir d&#8217;acheter des v\u00eatements de cr\u00e9ateurs parmi les plus r\u00e9put\u00e9s au monde.\u00a0<\/span><\/p>\n<p><span style=\"font-weight: 400;\">Notre <\/span><b>arrangement priv\u00e9 pour le shopping aux Serravalle Outlets <\/b><span style=\"font-weight: 400;\">vous garantit une exp\u00e9rience d\u00e9tendue et inoubliable, car nous <\/span><b>vous transf\u00e9rons dans une voiture de luxe <\/b><span style=\"font-weight: 400;\">du point de votre choix au Serravalle Designer Outlet.\u00a0<\/span><\/p>\n<p><span style=\"font-weight: 400;\">Il s&#8217;agit d&#8217;une <\/span><b>excursion de 8 heures<\/b><span style=\"font-weight: 400;\">, au cours de laquelle vous pourrez <\/span><b>visiter le plus grand centre commercial d&#8217;Europe <\/b><span style=\"font-weight: 400;\">et le plus visit\u00e9 d&#8217;Italie pour explorer ses luxueux d\u00e9partements et chacune de ses galeries.\u00a0<\/span><\/p>\n<p><span style=\"font-weight: 400;\">En outre, vous pouvez profiter de remises incroyables sur des v\u00eatements, des chaussures, des articles de d\u00e9coration et diff\u00e9rents objets, qui sont con\u00e7us par les marques les plus c\u00e9l\u00e8bres du monde.\u00a0<\/span><\/p>\n<p><span style=\"font-weight: 400;\">Le <\/span><b>chauffeur priv\u00e9 <\/b><span style=\"font-weight: 400;\">sera attentif \u00e0 stocker vos achats dans la voiture si vous le souhaitez. Ainsi, vous pourrez visiter les points de vente de Serravalle plus confortablement.\u00a0<\/span><\/p>\n<p><span style=\"font-weight: 400;\">\u00c0 la fin de la visite, la voiture vous ram\u00e8nera \u00e0 Milan en toute s\u00e9curit\u00e9 et en douceur pour que vous puissiez vous reposer et r\u00e9cup\u00e9rer votre \u00e9nergie.\u00a0<\/span><\/p>\n<h2><strong><span style=\"color: #d3af37;\">Points d&#8217;int\u00e9r\u00eat de la visite priv\u00e9e<\/span><\/strong><\/h2>\n<p><span style=\"font-weight: 400;\">Chaque ann\u00e9e, des milliers de touristes passionn\u00e9s de mode et de style incluent un voyage de shopping au Serravalle Outlet dans leur itin\u00e9raire de voyage en Italie.\u00a0<\/span><\/p>\n<p><span style=\"font-weight: 400;\">Cet <\/span><b>arrangement priv\u00e9 <\/b><span style=\"font-weight: 400;\">vous transf\u00e8re en douceur vers ce splendide centre commercial situ\u00e9 dans la Via della Moda num\u00e9ro 1. Le voyage en lui-m\u00eame est inoubliable, puisque de Milan il y aura une heure de route pendant laquelle vous pourrez admirer les Apennins ligures et ses magnifiques paysages naturels.\u00a0<\/span><\/p>\n<p><span style=\"font-weight: 400;\">\u00c0 l&#8217;arriv\u00e9e aux outlets, vous aurez du temps libre pour explorer le centre commercial \u00e0 votre propre rythme. Il y a <\/span><b>plus de 200 magasins <\/b><span style=\"font-weight: 400;\">de diff\u00e9rents cr\u00e9ateurs qui existent dans les outlets de Serravalle, parmi lesquels se trouvent les marques suivantes :\u00a0<\/span><\/p>\n<ul>\n<li><b>Versace<\/b><\/li>\n<li><b>Dolce&amp;Gabbana<\/b><\/li>\n<li><b>Bulgari<\/b><\/li>\n<li><b>Roberto Cavalli<\/b><\/li>\n<li><b>Calvin Klein\u00a0<\/b><\/li>\n<li><b>Armani<\/b><\/li>\n<li><b>Prada et bien d&#8217;autres encore.\u00a0<\/b><\/li>\n<\/ul>\n<p><span style=\"font-weight: 400;\">Le plus int\u00e9ressant dans ce circuit est que les <\/span><b>v\u00eatements sont disponibles \u00e0 moins de la moiti\u00e9 du prix d&#8217;origine<\/b><span style=\"font-weight: 400;\">, puisque tout au long de l&#8217;ann\u00e9e, des remises allant jusqu&#8217;\u00e0 70 % sont accord\u00e9es.\u00a0<\/span><\/p>\n<p><span style=\"font-weight: 400;\">En outre, le complexe compte plusieurs restaurants, caf\u00e9s, glaciers et m\u00eame des aires de jeux pour que les plus jeunes membres de la famille puissent s&#8217;amuser et se divertir.\u00a0<\/span><\/p>\n<p><span style=\"font-weight: 400;\">Sans aucun doute, vous vivrez une aventure unique en Toscane, en choisissant vos achats parmi plus de 300 marques des designers les plus c\u00e9l\u00e8bres du monde.\u00a0<\/span><\/p>\n<p><span style=\"font-weight: 400;\">Enfin, la voiture vous ram\u00e8nera \u00e0 Milan pour vous d\u00e9poser \u00e0 l&#8217;endroit de votre choix.\u00a0<\/span><\/p>\n<p><span style=\"font-weight: 400;\">Nous vous recommandons de profiter au maximum de votre s\u00e9jour en Italie et d&#8217;inclure dans votre itin\u00e9raire de voyage notre visite priv\u00e9e de <\/span><a href=\"https:\/\/tourtravelandmore.com\/fr\/tours\/italie-fr\/milan-fr\/visite-privee-de-bergame-au-depart-de-milan\/\"><b>Bergame au d\u00e9part de Milan<\/b><\/a><span style=\"font-weight: 400;\">. <\/span><\/p>\n","protected":false},"excerpt":{"rendered":"<p><span style=\"font-weight: 400;\">Si vous \u00eates \u00e0 Milan, \u00e9vadez-vous dans les \u00e9tonnants points de vente Serravalle sur la Via della Moda pour d\u00e9couvrir les meilleures affaires sur les plus c\u00e9l\u00e8bres maisons de couture du monde, telles que Gucci, Prada, Dolce&amp;Gabbana, parmi de nombreuses autres maisons de renomm\u00e9e mondiale<\/span><\/p>\n","protected":false},"featured_media":120691,"comment_status":"open","ping_status":"closed","template":"","meta":{"_acf_changed":false},"product_brand":[],"product_cat":[3700],"product_tag":[],"class_list":{"0":"post-120676","1":"product","2":"type-product","3":"status-publish","4":"has-post-thumbnail","6":"product_cat-milan-fr","8":"first","9":"instock","10":"shipping-taxable","11":"purchasable","12":"product-type-simple"},"acf":[],"yoast_head":"<!-- This site is optimized with the Yoast SEO Premium plugin v25.3.1 (Yoast SEO v25.3.1) - https:\/\/yoast.com\/wordpress\/plugins\/seo\/ -->\n<title>Arrangement priv\u00e9 pour faire du shopping dans les points de vente de Serravalle en voiture priv\u00e9e de luxe.<\/title>\n<meta name=\"description\" content=\"Visitez le plus grand centre commercial d&#039;Europe dans un arrangement priv\u00e9 aux points de vente de Serravalle pour acheter tout ce que vous voulez des grandes marques italiennes et internationales et avec jusqu&#039;\u00e0 70% de r\u00e9duction\" \/>\n<meta name=\"robots\" content=\"index, follow, max-snippet:-1, max-image-preview:large, max-video-preview:-1\" \/>\n<link rel=\"canonical\" href=\"https:\/\/tourtravelandmore.com\/fr\/tours\/italie-fr\/milan-fr\/arrangement-prive-pour-faire-du-shopping-a-serravalle-outlets\/\" \/>\n<meta property=\"og:locale\" content=\"fr_FR\" \/>\n<meta property=\"og:type\" content=\"article\" \/>\n<meta property=\"og:title\" content=\"Arrangement priv\u00e9 pour faire du shopping \u00e0 Serravalle Outlets\" \/>\n<meta property=\"og:description\" content=\"Visitez le plus grand centre commercial d&#039;Europe dans un arrangement priv\u00e9 aux points de vente de Serravalle pour acheter tout ce que vous voulez des grandes marques italiennes et internationales et avec jusqu&#039;\u00e0 70% de r\u00e9duction\" \/>\n<meta property=\"og:url\" content=\"https:\/\/tourtravelandmore.com\/fr\/tours\/italie-fr\/milan-fr\/arrangement-prive-pour-faire-du-shopping-a-serravalle-outlets\/\" \/>\n<meta property=\"og:site_name\" content=\"Tour Travel And More\" \/>\n<meta property=\"article:publisher\" content=\"https:\/\/www.facebook.com\/tourtravelandmore\/\" \/>\n<meta property=\"article:modified_time\" content=\"2022-04-01T10:35:36+00:00\" \/>\n<meta property=\"og:image\" content=\"https:\/\/tourtravelandmore.com\/wp-content\/uploads\/2022\/03\/image2-1.jpg\" \/>\n\t<meta property=\"og:image:width\" content=\"784\" \/>\n\t<meta property=\"og:image:height\" content=\"981\" \/>\n\t<meta property=\"og:image:type\" content=\"image\/jpeg\" \/>\n<meta name=\"twitter:card\" content=\"summary_large_image\" \/>\n<meta name=\"twitter:site\" content=\"@TourTravel_More\" \/>\n<meta name=\"twitter:label1\" content=\"Dur\u00e9e de lecture estim\u00e9e\" \/>\n\t<meta name=\"twitter:data1\" content=\"3 minutes\" \/>\n<script type=\"application\/ld+json\" class=\"yoast-schema-graph\">{\"@context\":\"https:\/\/schema.org\",\"@graph\":[{\"@type\":\"WebPage\",\"@id\":\"https:\/\/tourtravelandmore.com\/fr\/tours\/italie-fr\/milan-fr\/arrangement-prive-pour-faire-du-shopping-a-serravalle-outlets\/\",\"url\":\"https:\/\/tourtravelandmore.com\/fr\/tours\/italie-fr\/milan-fr\/arrangement-prive-pour-faire-du-shopping-a-serravalle-outlets\/\",\"name\":\"Arrangement priv\u00e9 pour faire du shopping dans les points de vente de Serravalle en voiture priv\u00e9e de luxe.\",\"isPartOf\":{\"@id\":\"https:\/\/tourtravelandmore.com\/fr\/#website\"},\"primaryImageOfPage\":{\"@id\":\"https:\/\/tourtravelandmore.com\/fr\/tours\/italie-fr\/milan-fr\/arrangement-prive-pour-faire-du-shopping-a-serravalle-outlets\/#primaryimage\"},\"image\":{\"@id\":\"https:\/\/tourtravelandmore.com\/fr\/tours\/italie-fr\/milan-fr\/arrangement-prive-pour-faire-du-shopping-a-serravalle-outlets\/#primaryimage\"},\"thumbnailUrl\":\"https:\/\/tourtravelandmore.com\/wp-content\/uploads\/2022\/03\/image2-1.jpg\",\"datePublished\":\"2022-03-09T15:22:23+00:00\",\"dateModified\":\"2022-04-01T10:35:36+00:00\",\"description\":\"Visitez le plus grand centre commercial d'Europe dans un arrangement priv\u00e9 aux points de vente de Serravalle pour acheter tout ce que vous voulez des grandes marques italiennes et internationales et avec jusqu'\u00e0 70% de r\u00e9duction\",\"breadcrumb\":{\"@id\":\"https:\/\/tourtravelandmore.com\/fr\/tours\/italie-fr\/milan-fr\/arrangement-prive-pour-faire-du-shopping-a-serravalle-outlets\/#breadcrumb\"},\"inLanguage\":\"fr-FR\",\"potentialAction\":[{\"@type\":\"ReadAction\",\"target\":[\"https:\/\/tourtravelandmore.com\/fr\/tours\/italie-fr\/milan-fr\/arrangement-prive-pour-faire-du-shopping-a-serravalle-outlets\/\"]}]},{\"@type\":\"ImageObject\",\"inLanguage\":\"fr-FR\",\"@id\":\"https:\/\/tourtravelandmore.com\/fr\/tours\/italie-fr\/milan-fr\/arrangement-prive-pour-faire-du-shopping-a-serravalle-outlets\/#primaryimage\",\"url\":\"https:\/\/tourtravelandmore.com\/wp-content\/uploads\/2022\/03\/image2-1.jpg\",\"contentUrl\":\"https:\/\/tourtravelandmore.com\/wp-content\/uploads\/2022\/03\/image2-1.jpg\",\"width\":784,\"height\":981},{\"@type\":\"BreadcrumbList\",\"@id\":\"https:\/\/tourtravelandmore.com\/fr\/tours\/italie-fr\/milan-fr\/arrangement-prive-pour-faire-du-shopping-a-serravalle-outlets\/#breadcrumb\",\"itemListElement\":[{\"@type\":\"ListItem\",\"position\":1,\"name\":\"Home\",\"item\":\"https:\/\/tourtravelandmore.com\/fr\/\"},{\"@type\":\"ListItem\",\"position\":2,\"name\":\"Tours\",\"item\":\"https:\/\/tourtravelandmore.com\/fr\/tours\/\"},{\"@type\":\"ListItem\",\"position\":3,\"name\":\"Arrangement priv\u00e9 pour faire du shopping \u00e0 Serravalle Outlets\"}]},{\"@type\":\"WebSite\",\"@id\":\"https:\/\/tourtravelandmore.com\/fr\/#website\",\"url\":\"https:\/\/tourtravelandmore.com\/fr\/\",\"name\":\"Tour Travel And More\",\"description\":\"Private sightseeing tours and luxury transfers in Spain\",\"publisher\":{\"@id\":\"https:\/\/tourtravelandmore.com\/fr\/#organization\"},\"potentialAction\":[{\"@type\":\"SearchAction\",\"target\":{\"@type\":\"EntryPoint\",\"urlTemplate\":\"https:\/\/tourtravelandmore.com\/fr\/?s={search_term_string}\"},\"query-input\":{\"@type\":\"PropertyValueSpecification\",\"valueRequired\":true,\"valueName\":\"search_term_string\"}}],\"inLanguage\":\"fr-FR\"},{\"@type\":\"Organization\",\"@id\":\"https:\/\/tourtravelandmore.com\/fr\/#organization\",\"name\":\"Tour Travel And More\",\"url\":\"https:\/\/tourtravelandmore.com\/fr\/\",\"logo\":{\"@type\":\"ImageObject\",\"inLanguage\":\"fr-FR\",\"@id\":\"https:\/\/tourtravelandmore.com\/fr\/#\/schema\/logo\/image\/\",\"url\":\"https:\/\/tourtravelandmore.com\/wp-content\/uploads\/2022\/12\/cropped-logo-cabecera-new.png\",\"contentUrl\":\"https:\/\/tourtravelandmore.com\/wp-content\/uploads\/2022\/12\/cropped-logo-cabecera-new.png\",\"width\":430,\"height\":61,\"caption\":\"Tour Travel And More\"},\"image\":{\"@id\":\"https:\/\/tourtravelandmore.com\/fr\/#\/schema\/logo\/image\/\"},\"sameAs\":[\"https:\/\/www.facebook.com\/tourtravelandmore\/\",\"https:\/\/x.com\/TourTravel_More\"]}]}<\/script>\n<!-- \/ Yoast SEO Premium plugin. -->","yoast_head_json":{"title":"Arrangement priv\u00e9 pour faire du shopping dans les points de vente de Serravalle en voiture priv\u00e9e de luxe.","description":"Visitez le plus grand centre commercial d'Europe dans un arrangement priv\u00e9 aux points de vente de Serravalle pour acheter tout ce que vous voulez des grandes marques italiennes et internationales et avec jusqu'\u00e0 70% de r\u00e9duction","robots":{"index":"index","follow":"follow","max-snippet":"max-snippet:-1","max-image-preview":"max-image-preview:large","max-video-preview":"max-video-preview:-1"},"canonical":"https:\/\/tourtravelandmore.com\/fr\/tours\/italie-fr\/milan-fr\/arrangement-prive-pour-faire-du-shopping-a-serravalle-outlets\/","og_locale":"fr_FR","og_type":"article","og_title":"Arrangement priv\u00e9 pour faire du shopping \u00e0 Serravalle Outlets","og_description":"Visitez le plus grand centre commercial d'Europe dans un arrangement priv\u00e9 aux points de vente de Serravalle pour acheter tout ce que vous voulez des grandes marques italiennes et internationales et avec jusqu'\u00e0 70% de r\u00e9duction","og_url":"https:\/\/tourtravelandmore.com\/fr\/tours\/italie-fr\/milan-fr\/arrangement-prive-pour-faire-du-shopping-a-serravalle-outlets\/","og_site_name":"Tour Travel And More","article_publisher":"https:\/\/www.facebook.com\/tourtravelandmore\/","article_modified_time":"2022-04-01T10:35:36+00:00","og_image":[{"width":784,"height":981,"url":"https:\/\/tourtravelandmore.com\/wp-content\/uploads\/2022\/03\/image2-1.jpg","type":"image\/jpeg"}],"twitter_card":"summary_large_image","twitter_site":"@TourTravel_More","twitter_misc":{"Dur\u00e9e de lecture estim\u00e9e":"3 minutes"},"schema":{"@context":"https:\/\/schema.org","@graph":[{"@type":"WebPage","@id":"https:\/\/tourtravelandmore.com\/fr\/tours\/italie-fr\/milan-fr\/arrangement-prive-pour-faire-du-shopping-a-serravalle-outlets\/","url":"https:\/\/tourtravelandmore.com\/fr\/tours\/italie-fr\/milan-fr\/arrangement-prive-pour-faire-du-shopping-a-serravalle-outlets\/","name":"Arrangement priv\u00e9 pour faire du shopping dans les points de vente de Serravalle en voiture priv\u00e9e de luxe.","isPartOf":{"@id":"https:\/\/tourtravelandmore.com\/fr\/#website"},"primaryImageOfPage":{"@id":"https:\/\/tourtravelandmore.com\/fr\/tours\/italie-fr\/milan-fr\/arrangement-prive-pour-faire-du-shopping-a-serravalle-outlets\/#primaryimage"},"image":{"@id":"https:\/\/tourtravelandmore.com\/fr\/tours\/italie-fr\/milan-fr\/arrangement-prive-pour-faire-du-shopping-a-serravalle-outlets\/#primaryimage"},"thumbnailUrl":"https:\/\/tourtravelandmore.com\/wp-content\/uploads\/2022\/03\/image2-1.jpg","datePublished":"2022-03-09T15:22:23+00:00","dateModified":"2022-04-01T10:35:36+00:00","description":"Visitez le plus grand centre commercial d'Europe dans un arrangement priv\u00e9 aux points de vente de Serravalle pour acheter tout ce que vous voulez des grandes marques italiennes et internationales et avec jusqu'\u00e0 70% de r\u00e9duction","breadcrumb":{"@id":"https:\/\/tourtravelandmore.com\/fr\/tours\/italie-fr\/milan-fr\/arrangement-prive-pour-faire-du-shopping-a-serravalle-outlets\/#breadcrumb"},"inLanguage":"fr-FR","potentialAction":[{"@type":"ReadAction","target":["https:\/\/tourtravelandmore.com\/fr\/tours\/italie-fr\/milan-fr\/arrangement-prive-pour-faire-du-shopping-a-serravalle-outlets\/"]}]},{"@type":"ImageObject","inLanguage":"fr-FR","@id":"https:\/\/tourtravelandmore.com\/fr\/tours\/italie-fr\/milan-fr\/arrangement-prive-pour-faire-du-shopping-a-serravalle-outlets\/#primaryimage","url":"https:\/\/tourtravelandmore.com\/wp-content\/uploads\/2022\/03\/image2-1.jpg","contentUrl":"https:\/\/tourtravelandmore.com\/wp-content\/uploads\/2022\/03\/image2-1.jpg","width":784,"height":981},{"@type":"BreadcrumbList","@id":"https:\/\/tourtravelandmore.com\/fr\/tours\/italie-fr\/milan-fr\/arrangement-prive-pour-faire-du-shopping-a-serravalle-outlets\/#breadcrumb","itemListElement":[{"@type":"ListItem","position":1,"name":"Home","item":"https:\/\/tourtravelandmore.com\/fr\/"},{"@type":"ListItem","position":2,"name":"Tours","item":"https:\/\/tourtravelandmore.com\/fr\/tours\/"},{"@type":"ListItem","position":3,"name":"Arrangement priv\u00e9 pour faire du shopping \u00e0 Serravalle Outlets"}]},{"@type":"WebSite","@id":"https:\/\/tourtravelandmore.com\/fr\/#website","url":"https:\/\/tourtravelandmore.com\/fr\/","name":"Tour Travel And More","description":"Private sightseeing tours and luxury transfers in Spain","publisher":{"@id":"https:\/\/tourtravelandmore.com\/fr\/#organization"},"potentialAction":[{"@type":"SearchAction","target":{"@type":"EntryPoint","urlTemplate":"https:\/\/tourtravelandmore.com\/fr\/?s={search_term_string}"},"query-input":{"@type":"PropertyValueSpecification","valueRequired":true,"valueName":"search_term_string"}}],"inLanguage":"fr-FR"},{"@type":"Organization","@id":"https:\/\/tourtravelandmore.com\/fr\/#organization","name":"Tour Travel And More","url":"https:\/\/tourtravelandmore.com\/fr\/","logo":{"@type":"ImageObject","inLanguage":"fr-FR","@id":"https:\/\/tourtravelandmore.com\/fr\/#\/schema\/logo\/image\/","url":"https:\/\/tourtravelandmore.com\/wp-content\/uploads\/2022\/12\/cropped-logo-cabecera-new.png","contentUrl":"https:\/\/tourtravelandmore.com\/wp-content\/uploads\/2022\/12\/cropped-logo-cabecera-new.png","width":430,"height":61,"caption":"Tour Travel And More"},"image":{"@id":"https:\/\/tourtravelandmore.com\/fr\/#\/schema\/logo\/image\/"},"sameAs":["https:\/\/www.facebook.com\/tourtravelandmore\/","https:\/\/x.com\/TourTravel_More"]}]}},"_links":{"self":[{"href":"https:\/\/tourtravelandmore.com\/fr\/wp-json\/wp\/v2\/product\/120676","targetHints":{"allow":["GET"]}}],"collection":[{"href":"https:\/\/tourtravelandmore.com\/fr\/wp-json\/wp\/v2\/product"}],"about":[{"href":"https:\/\/tourtravelandmore.com\/fr\/wp-json\/wp\/v2\/types\/product"}],"replies":[{"embeddable":true,"href":"https:\/\/tourtravelandmore.com\/fr\/wp-json\/wp\/v2\/comments?post=120676"}],"wp:featuredmedia":[{"embeddable":true,"href":"https:\/\/tourtravelandmore.com\/fr\/wp-json\/wp\/v2\/media\/120691"}],"wp:attachment":[{"href":"https:\/\/tourtravelandmore.com\/fr\/wp-json\/wp\/v2\/media?parent=120676"}],"wp:term":[{"taxonomy":"product_brand","embeddable":true,"href":"https:\/\/tourtravelandmore.com\/fr\/wp-json\/wp\/v2\/product_brand?post=120676"},{"taxonomy":"product_cat","embeddable":true,"href":"https:\/\/tourtravelandmore.com\/fr\/wp-json\/wp\/v2\/product_cat?post=120676"},{"taxonomy":"product_tag","embeddable":true,"href":"https:\/\/tourtravelandmore.com\/fr\/wp-json\/wp\/v2\/product_tag?post=120676"}],"curies":[{"name":"wp","href":"https:\/\/api.w.org\/{rel}","templated":true}]}}