{"id":120536,"date":"2022-03-07T15:49:37","date_gmt":"2022-03-07T14:49:46","guid":{"rendered":"https:\/\/tourtravelandmore.com\/?post_type=product&#038;p=120536"},"modified":"2022-04-01T12:33:08","modified_gmt":"2022-04-01T10:33:08","slug":"visite-privee-a-pied-la-cene","status":"publish","type":"product","link":"https:\/\/tourtravelandmore.com\/fr\/tours\/italie-fr\/milan-fr\/visite-privee-a-pied-la-cene\/","title":{"rendered":"Visite priv\u00e9e \u00e0 pied &#8211; La C\u00e8ne"},"content":{"rendered":"<h2><b>Description de la visite guid\u00e9e priv\u00e9e de la C\u00e8ne\u00a0<\/b><\/h2>\n<p><span style=\"font-weight: 400;\">La C\u00e8ne de L\u00e9onard de Vinci a marqu\u00e9 un tournant dans la vie de l&#8217;artiste. Il s&#8217;agit d&#8217;une peinture murale dans laquelle le peintre a appliqu\u00e9 des techniques tr\u00e8s diff\u00e9rentes de ses fresques habituelles. Il y d\u00e9crit le sentiment d&#8217;agitation des disciples de J\u00e9sus lorsqu&#8217;ils r\u00e9alisent que l&#8217;un d&#8217;entre eux va les trahir.\u00a0<\/span><\/p>\n<p><span style=\"font-weight: 400;\">Cette <\/span><b>visite priv\u00e9e de &#8220;La C\u00e8ne&#8221; est une <\/b><span style=\"font-weight: 400;\">occasion unique de voir de pr\u00e8s ce chef-d&#8217;\u0153uvre.\u00a0\u00a0<\/span><\/p>\n<p><span style=\"font-weight: 400;\">Notre visite guid\u00e9e d&#8217;une heure et demie est le moyen id\u00e9al de voir de pr\u00e8s l&#8217;un des tableaux les plus c\u00e9l\u00e8bres du monde. De plus, la visite <\/span><b>comprend des billets exclusifs <\/b><span style=\"font-weight: 400;\">qui vous permettront de voir l&#8217;\u0153uvre sans avoir \u00e0 faire la queue \u00e0 la billetterie.\u00a0<\/span><\/p>\n<p><span style=\"font-weight: 400;\">Toute la <\/span><b>visite est accompagn\u00e9e d&#8217;un guide priv\u00e9<\/b><span style=\"font-weight: 400;\">, expert en art et en histoire. L&#8217;objectif est de vous faire d\u00e9couvrir chaque d\u00e9tail de ce chef-d&#8217;\u0153uvre, qui est un tr\u00e9sor artistique inestimable.\u00a0<\/span><\/p>\n<p><span style=\"font-weight: 400;\">La visite guid\u00e9e commence \u00e0 l&#8217;entr\u00e9e de l&#8217;\u00e9glise de Santa Maria delle Grazie. De l\u00e0, vous ferez une visite personnalis\u00e9e pour d\u00e9couvrir l&#8217;une des peintures historiques qui transmet le plus d&#8217;\u00e9motions dans une seule sc\u00e8ne.\u00a0<\/span><\/p>\n<h2><span style=\"color: #d3af37;\"><b>Visite <\/b><b>guid\u00e9e priv\u00e9e des <\/b><b>hauts lieux de la C\u00e8ne\u00a0<\/b><\/span><\/h2>\n<p><span style=\"font-weight: 400;\">Profitez de votre s\u00e9jour \u00e0 Milan pour faire connaissance avec une peinture aussi embl\u00e9matique et importante qui a \u00e9t\u00e9 d\u00e9clar\u00e9e patrimoine mondial par l&#8217;Unesco.\u00a0<\/span><\/p>\n<p><span style=\"font-weight: 400;\">Cette <\/span><b>visite priv\u00e9e de la C\u00e8ne <\/b><span style=\"font-weight: 400;\">vous emm\u00e8ne \u00e0 l&#8217;endroit exact o\u00f9 le grand peintre italien L\u00e9onard de Vinci a repr\u00e9sent\u00e9 les visages excit\u00e9s des douze disciples lorsque J\u00e9sus-Christ leur a dit : &#8220;L&#8217;un de vous me trahira aujourd&#8217;hui&#8221;.\u00a0<\/span><\/p>\n<p><span style=\"font-weight: 400;\">Il s&#8217;agit d&#8217;une <\/span><b>peinture murale r\u00e9alis\u00e9e au pl\u00e2tre sec <\/b><span style=\"font-weight: 400;\">sur un mur du r\u00e9fectoire de l&#8217;\u00e9glise de Santa Maria delle Grazie, entre 1494 et 1498, sur commande de Ludovico il Moro.\u00a0<\/span><\/p>\n<p><span style=\"font-weight: 400;\">Notre visite commence sur la place o\u00f9 se trouve l&#8217;entr\u00e9e de l&#8217;\u00e9glise. L\u00e0, le guide priv\u00e9 vous racontera un peu de la vie de L\u00e9onard de Vinci.\u00a0<\/span><\/p>\n<p><span style=\"font-weight: 400;\">Vous traverserez ensuite une partie de l&#8217;\u00e9glise pour d\u00e9couvrir l&#8217;incroyable fresque murale qui mesure environ 4,6 x 8,8 m\u00e8tres de long.\u00a0<\/span><\/p>\n<p><span style=\"font-weight: 400;\">Vous visiterez \u00e9galement le couvent et les autres galeries de l&#8217;\u00e9glise Santa Maria delle Grazie.<\/span><\/p>\n<p><span style=\"font-weight: 400;\">Veuillez noter que, afin de pr\u00e9server l&#8217;\u00e9tat de la peinture murale, les visites sont limit\u00e9es. C&#8217;est pourquoi notre visite priv\u00e9e vous offre le privil\u00e8ge de billets exclusifs sans avoir \u00e0 faire la queue pour entrer.\u00a0<\/span><\/p>\n<p><span style=\"font-weight: 400;\">Ce sera une exp\u00e9rience unique au cours de laquelle <\/span><b>vous pourrez admirer la C\u00e8ne dans toute sa gloire et sa splendeur<\/b><span style=\"font-weight: 400;\">.\u00a0<\/span><\/p>\n<p><span style=\"font-weight: 400;\">\u00c0 la fin de la visite d&#8217;une heure et demie, votre guide priv\u00e9 vous raccompagnera au point de d\u00e9part pour poursuivre votre voyage dans Milan.\u00a0<\/span><\/p>\n<p><span style=\"font-weight: 400;\">Maintenant, si vous voulez conna\u00eetre la ville dans son int\u00e9gralit\u00e9, vous pouvez opter pour notre <\/span><a href=\"https:\/\/tourtravelandmore.com\/fr\/tours\/italie-fr\/milan-fr\/visite-privee-a-pied-de-milan-experience-complete\/\"><b>visite priv\u00e9e \u00e0 pied de Milan 4 heures : exp\u00e9rience compl\u00e8te, <\/b><\/a><span style=\"font-weight: 400;\">afin d&#8217;explorer cette ville \u00e9tonnante sous un autre angle.<\/span><\/p>\n","protected":false},"excerpt":{"rendered":"<p><span style=\"font-weight: 400;\">Prenez quelques heures sur votre itin\u00e9raire milanais pour voir l&#8217;une des \u0153uvres d&#8217;art les plus c\u00e9l\u00e8bres de tous les temps : la C\u00e8ne. Il s&#8217;agira d&#8217;une visite priv\u00e9e du r\u00e9fectoire du couvent de Santa Maria delle Grazie pour voir cette \u0153uvre d&#8217;art embl\u00e9matique, accompagn\u00e9e d&#8217;un guide priv\u00e9 expert en histoire et en art.<\/span><\/p>\n","protected":false},"featured_media":120557,"comment_status":"open","ping_status":"closed","template":"","meta":{"_acf_changed":false},"product_brand":[],"product_cat":[3700],"product_tag":[],"class_list":{"0":"post-120536","1":"product","2":"type-product","3":"status-publish","4":"has-post-thumbnail","6":"product_cat-milan-fr","8":"first","9":"instock","10":"shipping-taxable","11":"purchasable","12":"product-type-simple"},"acf":[],"yoast_head":"<!-- This site is optimized with the Yoast SEO Premium plugin v25.3.1 (Yoast SEO v25.3.1) - https:\/\/yoast.com\/wordpress\/plugins\/seo\/ -->\n<title>Visite priv\u00e9e \u00e0 pied de la C\u00e8ne avec un guide priv\u00e9 expert en art<\/title>\n<meta name=\"description\" content=\"D\u00e9couvrez la symbolique C\u00e8ne de L\u00e9onard de Vinci lors d&#039;une visite priv\u00e9e de l&#039;\u00e9glise de Santa Maria delle Grazie, pour admirer de pr\u00e8s l&#039;une des peintures les plus c\u00e9l\u00e8bres au monde, en compagnie d&#039;un guide artistique expert\" \/>\n<meta name=\"robots\" content=\"index, follow, max-snippet:-1, max-image-preview:large, max-video-preview:-1\" \/>\n<link rel=\"canonical\" href=\"https:\/\/tourtravelandmore.com\/fr\/tours\/italie-fr\/milan-fr\/visite-privee-a-pied-la-cene\/\" \/>\n<meta property=\"og:locale\" content=\"fr_FR\" \/>\n<meta property=\"og:type\" content=\"article\" \/>\n<meta property=\"og:title\" content=\"Visite priv\u00e9e \u00e0 pied - La C\u00e8ne\" \/>\n<meta property=\"og:description\" content=\"D\u00e9couvrez la symbolique C\u00e8ne de L\u00e9onard de Vinci lors d&#039;une visite priv\u00e9e de l&#039;\u00e9glise de Santa Maria delle Grazie, pour admirer de pr\u00e8s l&#039;une des peintures les plus c\u00e9l\u00e8bres au monde, en compagnie d&#039;un guide artistique expert\" \/>\n<meta property=\"og:url\" content=\"https:\/\/tourtravelandmore.com\/fr\/tours\/italie-fr\/milan-fr\/visite-privee-a-pied-la-cene\/\" \/>\n<meta property=\"og:site_name\" content=\"Tour Travel And More\" \/>\n<meta property=\"article:publisher\" content=\"https:\/\/www.facebook.com\/tourtravelandmore\/\" \/>\n<meta property=\"article:modified_time\" content=\"2022-04-01T10:33:08+00:00\" \/>\n<meta property=\"og:image\" content=\"https:\/\/tourtravelandmore.com\/wp-content\/uploads\/2022\/03\/image6.jpg\" \/>\n\t<meta property=\"og:image:width\" content=\"900\" \/>\n\t<meta property=\"og:image:height\" content=\"680\" \/>\n\t<meta property=\"og:image:type\" content=\"image\/jpeg\" \/>\n<meta name=\"twitter:card\" content=\"summary_large_image\" \/>\n<meta name=\"twitter:site\" content=\"@TourTravel_More\" \/>\n<meta name=\"twitter:label1\" content=\"Dur\u00e9e de lecture estim\u00e9e\" \/>\n\t<meta name=\"twitter:data1\" content=\"3 minutes\" \/>\n<script type=\"application\/ld+json\" class=\"yoast-schema-graph\">{\"@context\":\"https:\/\/schema.org\",\"@graph\":[{\"@type\":\"WebPage\",\"@id\":\"https:\/\/tourtravelandmore.com\/fr\/tours\/italie-fr\/milan-fr\/visite-privee-a-pied-la-cene\/\",\"url\":\"https:\/\/tourtravelandmore.com\/fr\/tours\/italie-fr\/milan-fr\/visite-privee-a-pied-la-cene\/\",\"name\":\"Visite priv\u00e9e \u00e0 pied de la C\u00e8ne avec un guide priv\u00e9 expert en art\",\"isPartOf\":{\"@id\":\"https:\/\/tourtravelandmore.com\/fr\/#website\"},\"primaryImageOfPage\":{\"@id\":\"https:\/\/tourtravelandmore.com\/fr\/tours\/italie-fr\/milan-fr\/visite-privee-a-pied-la-cene\/#primaryimage\"},\"image\":{\"@id\":\"https:\/\/tourtravelandmore.com\/fr\/tours\/italie-fr\/milan-fr\/visite-privee-a-pied-la-cene\/#primaryimage\"},\"thumbnailUrl\":\"https:\/\/tourtravelandmore.com\/wp-content\/uploads\/2022\/03\/image6.jpg\",\"datePublished\":\"2022-03-07T14:49:46+00:00\",\"dateModified\":\"2022-04-01T10:33:08+00:00\",\"description\":\"D\u00e9couvrez la symbolique C\u00e8ne de L\u00e9onard de Vinci lors d'une visite priv\u00e9e de l'\u00e9glise de Santa Maria delle Grazie, pour admirer de pr\u00e8s l'une des peintures les plus c\u00e9l\u00e8bres au monde, en compagnie d'un guide artistique expert\",\"breadcrumb\":{\"@id\":\"https:\/\/tourtravelandmore.com\/fr\/tours\/italie-fr\/milan-fr\/visite-privee-a-pied-la-cene\/#breadcrumb\"},\"inLanguage\":\"fr-FR\",\"potentialAction\":[{\"@type\":\"ReadAction\",\"target\":[\"https:\/\/tourtravelandmore.com\/fr\/tours\/italie-fr\/milan-fr\/visite-privee-a-pied-la-cene\/\"]}]},{\"@type\":\"ImageObject\",\"inLanguage\":\"fr-FR\",\"@id\":\"https:\/\/tourtravelandmore.com\/fr\/tours\/italie-fr\/milan-fr\/visite-privee-a-pied-la-cene\/#primaryimage\",\"url\":\"https:\/\/tourtravelandmore.com\/wp-content\/uploads\/2022\/03\/image6.jpg\",\"contentUrl\":\"https:\/\/tourtravelandmore.com\/wp-content\/uploads\/2022\/03\/image6.jpg\",\"width\":900,\"height\":680},{\"@type\":\"BreadcrumbList\",\"@id\":\"https:\/\/tourtravelandmore.com\/fr\/tours\/italie-fr\/milan-fr\/visite-privee-a-pied-la-cene\/#breadcrumb\",\"itemListElement\":[{\"@type\":\"ListItem\",\"position\":1,\"name\":\"Home\",\"item\":\"https:\/\/tourtravelandmore.com\/fr\/\"},{\"@type\":\"ListItem\",\"position\":2,\"name\":\"Tours\",\"item\":\"https:\/\/tourtravelandmore.com\/fr\/tours\/\"},{\"@type\":\"ListItem\",\"position\":3,\"name\":\"Visite priv\u00e9e \u00e0 pied &#8211; La C\u00e8ne\"}]},{\"@type\":\"WebSite\",\"@id\":\"https:\/\/tourtravelandmore.com\/fr\/#website\",\"url\":\"https:\/\/tourtravelandmore.com\/fr\/\",\"name\":\"Tour Travel And More\",\"description\":\"Private sightseeing tours and luxury transfers in Spain\",\"publisher\":{\"@id\":\"https:\/\/tourtravelandmore.com\/fr\/#organization\"},\"potentialAction\":[{\"@type\":\"SearchAction\",\"target\":{\"@type\":\"EntryPoint\",\"urlTemplate\":\"https:\/\/tourtravelandmore.com\/fr\/?s={search_term_string}\"},\"query-input\":{\"@type\":\"PropertyValueSpecification\",\"valueRequired\":true,\"valueName\":\"search_term_string\"}}],\"inLanguage\":\"fr-FR\"},{\"@type\":\"Organization\",\"@id\":\"https:\/\/tourtravelandmore.com\/fr\/#organization\",\"name\":\"Tour Travel And More\",\"url\":\"https:\/\/tourtravelandmore.com\/fr\/\",\"logo\":{\"@type\":\"ImageObject\",\"inLanguage\":\"fr-FR\",\"@id\":\"https:\/\/tourtravelandmore.com\/fr\/#\/schema\/logo\/image\/\",\"url\":\"https:\/\/tourtravelandmore.com\/wp-content\/uploads\/2022\/12\/cropped-logo-cabecera-new.png\",\"contentUrl\":\"https:\/\/tourtravelandmore.com\/wp-content\/uploads\/2022\/12\/cropped-logo-cabecera-new.png\",\"width\":430,\"height\":61,\"caption\":\"Tour Travel And More\"},\"image\":{\"@id\":\"https:\/\/tourtravelandmore.com\/fr\/#\/schema\/logo\/image\/\"},\"sameAs\":[\"https:\/\/www.facebook.com\/tourtravelandmore\/\",\"https:\/\/x.com\/TourTravel_More\"]}]}<\/script>\n<!-- \/ Yoast SEO Premium plugin. -->","yoast_head_json":{"title":"Visite priv\u00e9e \u00e0 pied de la C\u00e8ne avec un guide priv\u00e9 expert en art","description":"D\u00e9couvrez la symbolique C\u00e8ne de L\u00e9onard de Vinci lors d'une visite priv\u00e9e de l'\u00e9glise de Santa Maria delle Grazie, pour admirer de pr\u00e8s l'une des peintures les plus c\u00e9l\u00e8bres au monde, en compagnie d'un guide artistique expert","robots":{"index":"index","follow":"follow","max-snippet":"max-snippet:-1","max-image-preview":"max-image-preview:large","max-video-preview":"max-video-preview:-1"},"canonical":"https:\/\/tourtravelandmore.com\/fr\/tours\/italie-fr\/milan-fr\/visite-privee-a-pied-la-cene\/","og_locale":"fr_FR","og_type":"article","og_title":"Visite priv\u00e9e \u00e0 pied - La C\u00e8ne","og_description":"D\u00e9couvrez la symbolique C\u00e8ne de L\u00e9onard de Vinci lors d'une visite priv\u00e9e de l'\u00e9glise de Santa Maria delle Grazie, pour admirer de pr\u00e8s l'une des peintures les plus c\u00e9l\u00e8bres au monde, en compagnie d'un guide artistique expert","og_url":"https:\/\/tourtravelandmore.com\/fr\/tours\/italie-fr\/milan-fr\/visite-privee-a-pied-la-cene\/","og_site_name":"Tour Travel And More","article_publisher":"https:\/\/www.facebook.com\/tourtravelandmore\/","article_modified_time":"2022-04-01T10:33:08+00:00","og_image":[{"width":900,"height":680,"url":"https:\/\/tourtravelandmore.com\/wp-content\/uploads\/2022\/03\/image6.jpg","type":"image\/jpeg"}],"twitter_card":"summary_large_image","twitter_site":"@TourTravel_More","twitter_misc":{"Dur\u00e9e de lecture estim\u00e9e":"3 minutes"},"schema":{"@context":"https:\/\/schema.org","@graph":[{"@type":"WebPage","@id":"https:\/\/tourtravelandmore.com\/fr\/tours\/italie-fr\/milan-fr\/visite-privee-a-pied-la-cene\/","url":"https:\/\/tourtravelandmore.com\/fr\/tours\/italie-fr\/milan-fr\/visite-privee-a-pied-la-cene\/","name":"Visite priv\u00e9e \u00e0 pied de la C\u00e8ne avec un guide priv\u00e9 expert en art","isPartOf":{"@id":"https:\/\/tourtravelandmore.com\/fr\/#website"},"primaryImageOfPage":{"@id":"https:\/\/tourtravelandmore.com\/fr\/tours\/italie-fr\/milan-fr\/visite-privee-a-pied-la-cene\/#primaryimage"},"image":{"@id":"https:\/\/tourtravelandmore.com\/fr\/tours\/italie-fr\/milan-fr\/visite-privee-a-pied-la-cene\/#primaryimage"},"thumbnailUrl":"https:\/\/tourtravelandmore.com\/wp-content\/uploads\/2022\/03\/image6.jpg","datePublished":"2022-03-07T14:49:46+00:00","dateModified":"2022-04-01T10:33:08+00:00","description":"D\u00e9couvrez la symbolique C\u00e8ne de L\u00e9onard de Vinci lors d'une visite priv\u00e9e de l'\u00e9glise de Santa Maria delle Grazie, pour admirer de pr\u00e8s l'une des peintures les plus c\u00e9l\u00e8bres au monde, en compagnie d'un guide artistique expert","breadcrumb":{"@id":"https:\/\/tourtravelandmore.com\/fr\/tours\/italie-fr\/milan-fr\/visite-privee-a-pied-la-cene\/#breadcrumb"},"inLanguage":"fr-FR","potentialAction":[{"@type":"ReadAction","target":["https:\/\/tourtravelandmore.com\/fr\/tours\/italie-fr\/milan-fr\/visite-privee-a-pied-la-cene\/"]}]},{"@type":"ImageObject","inLanguage":"fr-FR","@id":"https:\/\/tourtravelandmore.com\/fr\/tours\/italie-fr\/milan-fr\/visite-privee-a-pied-la-cene\/#primaryimage","url":"https:\/\/tourtravelandmore.com\/wp-content\/uploads\/2022\/03\/image6.jpg","contentUrl":"https:\/\/tourtravelandmore.com\/wp-content\/uploads\/2022\/03\/image6.jpg","width":900,"height":680},{"@type":"BreadcrumbList","@id":"https:\/\/tourtravelandmore.com\/fr\/tours\/italie-fr\/milan-fr\/visite-privee-a-pied-la-cene\/#breadcrumb","itemListElement":[{"@type":"ListItem","position":1,"name":"Home","item":"https:\/\/tourtravelandmore.com\/fr\/"},{"@type":"ListItem","position":2,"name":"Tours","item":"https:\/\/tourtravelandmore.com\/fr\/tours\/"},{"@type":"ListItem","position":3,"name":"Visite priv\u00e9e \u00e0 pied &#8211; La C\u00e8ne"}]},{"@type":"WebSite","@id":"https:\/\/tourtravelandmore.com\/fr\/#website","url":"https:\/\/tourtravelandmore.com\/fr\/","name":"Tour Travel And More","description":"Private sightseeing tours and luxury transfers in Spain","publisher":{"@id":"https:\/\/tourtravelandmore.com\/fr\/#organization"},"potentialAction":[{"@type":"SearchAction","target":{"@type":"EntryPoint","urlTemplate":"https:\/\/tourtravelandmore.com\/fr\/?s={search_term_string}"},"query-input":{"@type":"PropertyValueSpecification","valueRequired":true,"valueName":"search_term_string"}}],"inLanguage":"fr-FR"},{"@type":"Organization","@id":"https:\/\/tourtravelandmore.com\/fr\/#organization","name":"Tour Travel And More","url":"https:\/\/tourtravelandmore.com\/fr\/","logo":{"@type":"ImageObject","inLanguage":"fr-FR","@id":"https:\/\/tourtravelandmore.com\/fr\/#\/schema\/logo\/image\/","url":"https:\/\/tourtravelandmore.com\/wp-content\/uploads\/2022\/12\/cropped-logo-cabecera-new.png","contentUrl":"https:\/\/tourtravelandmore.com\/wp-content\/uploads\/2022\/12\/cropped-logo-cabecera-new.png","width":430,"height":61,"caption":"Tour Travel And More"},"image":{"@id":"https:\/\/tourtravelandmore.com\/fr\/#\/schema\/logo\/image\/"},"sameAs":["https:\/\/www.facebook.com\/tourtravelandmore\/","https:\/\/x.com\/TourTravel_More"]}]}},"_links":{"self":[{"href":"https:\/\/tourtravelandmore.com\/fr\/wp-json\/wp\/v2\/product\/120536","targetHints":{"allow":["GET"]}}],"collection":[{"href":"https:\/\/tourtravelandmore.com\/fr\/wp-json\/wp\/v2\/product"}],"about":[{"href":"https:\/\/tourtravelandmore.com\/fr\/wp-json\/wp\/v2\/types\/product"}],"replies":[{"embeddable":true,"href":"https:\/\/tourtravelandmore.com\/fr\/wp-json\/wp\/v2\/comments?post=120536"}],"wp:featuredmedia":[{"embeddable":true,"href":"https:\/\/tourtravelandmore.com\/fr\/wp-json\/wp\/v2\/media\/120557"}],"wp:attachment":[{"href":"https:\/\/tourtravelandmore.com\/fr\/wp-json\/wp\/v2\/media?parent=120536"}],"wp:term":[{"taxonomy":"product_brand","embeddable":true,"href":"https:\/\/tourtravelandmore.com\/fr\/wp-json\/wp\/v2\/product_brand?post=120536"},{"taxonomy":"product_cat","embeddable":true,"href":"https:\/\/tourtravelandmore.com\/fr\/wp-json\/wp\/v2\/product_cat?post=120536"},{"taxonomy":"product_tag","embeddable":true,"href":"https:\/\/tourtravelandmore.com\/fr\/wp-json\/wp\/v2\/product_tag?post=120536"}],"curies":[{"name":"wp","href":"https:\/\/api.w.org\/{rel}","templated":true}]}}