{"id":120086,"date":"2022-02-26T10:20:50","date_gmt":"2022-02-26T09:21:00","guid":{"rendered":"https:\/\/tourtravelandmore.com\/?post_type=product&#038;p=120086"},"modified":"2022-04-01T12:34:50","modified_gmt":"2022-04-01T10:34:50","slug":"visite-privee-de-bologne-au-depart-de-milan","status":"publish","type":"product","link":"https:\/\/tourtravelandmore.com\/fr\/tours\/italie-fr\/milan-fr\/visite-privee-de-bologne-au-depart-de-milan\/","title":{"rendered":"Visite priv\u00e9e de Bologne au d\u00e9part de Milan"},"content":{"rendered":"<h2><span style=\"font-weight: 400;\">Description de l&#8217;excursion priv\u00e9e \u00e0 Bologne au d\u00e9part de Milan<\/span><\/h2>\n<p><span style=\"font-weight: 400;\">Bologne est connue, entre autres, pour \u00eatre le si\u00e8ge de la plus ancienne universit\u00e9 du monde occidental. En outre, c&#8217;est une ville qui poss\u00e8de une architecture exceptionnelle qui repr\u00e9sente parfaitement le meilleur style m\u00e9di\u00e9val.\u00a0<\/span><\/p>\n<p><span style=\"font-weight: 400;\">Cette <\/span><b>visite priv\u00e9e de Bologne au d\u00e9part de Milan <\/b><span style=\"font-weight: 400;\">est id\u00e9ale pour <\/span><b>explorer \u00e0 votre rythme <\/b><span style=\"font-weight: 400;\">cette ville embl\u00e9matique, consid\u00e9r\u00e9e comme le berceau de la gastronomie italienne<\/span><b>.\u00a0<\/b><\/p>\n<p><span style=\"font-weight: 400;\">Notre chauffeur peut venir vous chercher \u00e0 votre h\u00f4tel ou \u00e0 un point central de Milan pour vous conduire \u00e0 Bologne dans une voiture de luxe confortable.\u00a0<\/span><\/p>\n<p><span style=\"font-weight: 400;\">\u00c0 votre arriv\u00e9e, <\/span><b>un guide local vous accompagnera pendant 3 heures <\/b><span style=\"font-weight: 400;\">pour vous promener dans les endroits les plus attrayants, comme la place principale ou Piazza Grande, autour de laquelle se trouvent certains des plus beaux b\u00e2timents et monuments de la ville.\u00a0<\/span><\/p>\n<p><span style=\"font-weight: 400;\">Vous visiterez \u00e9galement la Basilique de San Petronio et le Palazzo Comunale. Vous visiterez \u00e9galement l&#8217;Archiginnasio, le site de la plus ancienne universit\u00e9 d&#8217;Occident, qui est toujours en activit\u00e9.\u00a0<\/span><\/p>\n<p><span style=\"font-weight: 400;\">Cette <\/span><b>visite priv\u00e9e de 10 heures <\/b><span style=\"font-weight: 400;\">comprend des visites guid\u00e9es des meilleurs sites de Bologne et du temps libre pour faire du shopping ou manger dans les nombreux restaurants locaux.<\/span><\/p>\n<p><span style=\"font-weight: 400;\">\u00c0 la fin de la visite guid\u00e9e, la voiture vous ram\u00e8nera \u00e0 Milan pour vous d\u00e9poser \u00e0 l&#8217;endroit de votre choix.\u00a0\u00a0<\/span><\/p>\n<h2><strong><span style=\"color: #d3af37;\">Points d&#8217;int\u00e9r\u00eat de la visite priv\u00e9e<\/span><\/strong><\/h2>\n<p><span style=\"font-weight: 400;\">Bologne est l&#8217;une des destinations pr\u00e9f\u00e9r\u00e9es des touristes qui visitent l&#8217;Italie chaque ann\u00e9e. Avant tout, pour son excellente gastronomie et pour l&#8217;histoire de cette splendide ville m\u00e9di\u00e9vale.\u00a0<\/span><\/p>\n<p><span style=\"font-weight: 400;\">Cette visite priv\u00e9e de Bologne au d\u00e9part de Milan est faite sur mesure pour vous, car nous pouvons venir vous chercher \u00e0 votre h\u00f4tel ou \u00e0 l&#8217;endroit de votre choix, pour autant qu&#8217;il soit situ\u00e9 au centre de la ville.\u00a0<\/span><\/p>\n<p><span style=\"font-weight: 400;\">L&#8217;ensemble du <\/span><b>transfert de Milan \u00e0 Bologne se fera dans une voiture de luxe confortable <\/b><span style=\"font-weight: 400;\">pour traverser des paysages incroyables jusqu&#8217;\u00e0 ce que vous atteignez la &#8220;Ville Rouge&#8221;. \u00c0 Bologne, un guide officiel priv\u00e9 vous attendra, qui vous conduira aux points d&#8217;int\u00e9r\u00eat suivants :\u00a0<\/span><\/p>\n<h3><strong><span style=\"color: #d3af37;\">Piazza Maggiore<\/span><\/strong><\/h3>\n<p><span style=\"font-weight: 400;\">La Piazza Grande ou Piazza Maggiore est le centre historique et g\u00e9ographique de Bologne. Pour cette raison, c&#8217;est l&#8217;un des premiers endroits que vous visiterez lorsque vous arriverez dans la ville.\u00a0<\/span><\/p>\n<p><span style=\"font-weight: 400;\">C&#8217;est une place qui conserve tout son style m\u00e9di\u00e9val. En outre, autour d&#8217;elle se trouvent plusieurs b\u00e2timents de grande valeur historique, comme la basilique de San Petronio, la fontaine de Neptune, parmi beaucoup d&#8217;autres.\u00a0<\/span><\/p>\n<p><span style=\"font-weight: 400;\">Sans aucun doute, c&#8217;est un endroit splendide pour se connecter aux coutumes italiennes.\u00a0<\/span><\/p>\n<p><strong><span style=\"color: #d3af37;\">La basilique de San Petronio\u00a0<\/span><\/strong><\/p>\n<p><span style=\"font-weight: 400;\">L&#8217;histoire de cette basilique est fascinante. En effet, sa construction remonte \u00e0 1390 et c&#8217;est l\u00e0 que Charles V a \u00e9t\u00e9 couronn\u00e9.\u00a0<\/span><\/p>\n<p><span style=\"font-weight: 400;\">Cependant, les agrandissements de cette construction ont \u00e9t\u00e9 stopp\u00e9s par des ordres des autorit\u00e9s papales, car elle \u00e9tait tr\u00e8s proche d&#8217;\u00eatre une basilique aussi grande que Saint-Pierre de Rome.\u00a0<\/span><\/p>\n<p><span style=\"font-weight: 400;\">Malgr\u00e9 cet \u00e9pisode historique, la basilique de San Petronio est la cinqui\u00e8me plus grande du monde.\u00a0<\/span><\/p>\n<h3><strong><span style=\"color: #d3af37;\">La fontaine de Neptune\u00a0<\/span><\/strong><\/h3>\n<p><span style=\"font-weight: 400;\">Il s&#8217;agit de la fontaine la plus c\u00e9l\u00e8bre de la ville. Elle a \u00e9t\u00e9 cr\u00e9\u00e9e en 1563 et, depuis, elle est devenue <\/span><b>un symbole de Bologne<\/b><span style=\"font-weight: 400;\">.\u00a0<\/span><\/p>\n<p><span style=\"font-weight: 400;\">Cette construction imposante a \u00e9t\u00e9 r\u00e9alis\u00e9e par Tommaso Laureti avec des finitions par un sculpteur connu sous le nom de Jean de Bologne.\u00a0<\/span><\/p>\n<p><span style=\"font-weight: 400;\">C&#8217;est un lieu tr\u00e8s embl\u00e9matique qui est fr\u00e9quemment visit\u00e9 par les visiteurs et les habitants de la ville.\u00a0<\/span><\/p>\n<h3><strong><span style=\"color: #d3af37;\">La premi\u00e8re universit\u00e9 de Bologne<\/span><\/strong><\/h3>\n<p><span style=\"font-weight: 400;\">Bologne abrite <\/span><b>ce qui est consid\u00e9r\u00e9 comme la plus ancienne universit\u00e9 du monde<\/b><span style=\"font-weight: 400;\">. On pense qu&#8217;elle a \u00e9t\u00e9 fond\u00e9e en 1088 par Irnerius.\u00a0<\/span><\/p>\n<p><span style=\"font-weight: 400;\">Cette universit\u00e9 attire ann\u00e9e apr\u00e8s ann\u00e9e de nombreux \u00e9tudiants d&#8217;Italie et du monde entier, ce qui donne beaucoup de dynamisme \u00e0 la ville.\u00a0<\/span><\/p>\n<p><span style=\"font-weight: 400;\">Vous aurez \u00e9galement l&#8217;occasion de rencontrer :\u00a0<\/span><\/p>\n<ul>\n<li><b>Le march\u00e9 m\u00e9di\u00e9val du quadrilat\u00e8re.\u00a0<\/b><\/li>\n<li><b>Les Deux Tours (Asinelli et Garisenda).<\/b><\/li>\n<li><b>Palais Archiginnasio.<\/b><\/li>\n<li><b>Basilica di San Domenico et bien plus encore.\u00a0<\/b><\/li>\n<\/ul>\n<p><span style=\"font-weight: 400;\">Ne manquez pas cette occasion de d\u00e9couvrir l&#8217;histoire de Bologne, tout en profitant d&#8217;une exp\u00e9rience intime et personnalis\u00e9e avec un guide personnel. \u00c0 la fin de la visite, nous vous ram\u00e8nerons \u00e0 Milan pour que vous arriviez dans la ville sans tarder.\u00a0<\/span><\/p>\n<p><span style=\"font-weight: 400;\">Vous pouvez inclure dans votre itin\u00e9raire de voyage notre <\/span><a href=\"https:\/\/tourtravelandmore.com\/fr\/tours\/italie-fr\/milan-fr\/visite-privee-de-venise-au-depart-de-milan\/\"><b>visite priv\u00e9e de Venise au d\u00e9part de Milan <\/b><\/a><span style=\"font-weight: 400;\">afin que vous puissiez \u00e9galement visiter l&#8217;une des plus belles villes du monde.<\/span><\/p>\n","protected":false},"excerpt":{"rendered":"<p><span style=\"font-weight: 400;\">Profitez de votre s\u00e9jour en Italie pour d\u00e9couvrir la ville historique de Bologne, plus connue sous le nom de &#8220;ville rouge et grasse&#8221; pour son architecture unique et sa cuisine exquise. Vous visiterez la Piazza Maggiore, verrez la basilique de San Petronio, le palais du roi Enzo et de nombreux autres monuments. En outre, le transfert se fera dans une voiture de luxe confortable et avec un guide priv\u00e9 expert en art et en histoire<\/span><\/p>\n","protected":false},"featured_media":120125,"comment_status":"open","ping_status":"closed","template":"","meta":{"_acf_changed":false},"product_brand":[],"product_cat":[3700],"product_tag":[],"class_list":{"0":"post-120086","1":"product","2":"type-product","3":"status-publish","4":"has-post-thumbnail","6":"product_cat-milan-fr","8":"first","9":"instock","10":"shipping-taxable","11":"purchasable","12":"product-type-simple"},"acf":[],"yoast_head":"<!-- This site is optimized with the Yoast SEO Premium plugin v25.3.1 (Yoast SEO v25.3.1) - https:\/\/yoast.com\/wordpress\/plugins\/seo\/ -->\n<title>Visite priv\u00e9e de Bologne au d\u00e9part de Milan, avec guide priv\u00e9 et voiture de luxe.<\/title>\n<meta name=\"description\" content=\"Visite priv\u00e9e \u00e0 pied de Milan avec un guide officiel \u00e0 votre enti\u00e8re disposition. D\u00e9couvrez cette belle ville, son monument et ses principales attractions.\" \/>\n<meta name=\"robots\" content=\"index, follow, max-snippet:-1, max-image-preview:large, max-video-preview:-1\" \/>\n<link rel=\"canonical\" href=\"https:\/\/tourtravelandmore.com\/fr\/tours\/italie-fr\/milan-fr\/visite-privee-de-bologne-au-depart-de-milan\/\" \/>\n<meta property=\"og:locale\" content=\"fr_FR\" \/>\n<meta property=\"og:type\" content=\"article\" \/>\n<meta property=\"og:title\" content=\"Visite priv\u00e9e de Bologne au d\u00e9part de Milan\" \/>\n<meta property=\"og:description\" content=\"Visite priv\u00e9e \u00e0 pied de Milan avec un guide officiel \u00e0 votre enti\u00e8re disposition. D\u00e9couvrez cette belle ville, son monument et ses principales attractions.\" \/>\n<meta property=\"og:url\" content=\"https:\/\/tourtravelandmore.com\/fr\/tours\/italie-fr\/milan-fr\/visite-privee-de-bologne-au-depart-de-milan\/\" \/>\n<meta property=\"og:site_name\" content=\"Tour Travel And More\" \/>\n<meta property=\"article:publisher\" content=\"https:\/\/www.facebook.com\/tourtravelandmore\/\" \/>\n<meta property=\"article:modified_time\" content=\"2022-04-01T10:34:50+00:00\" \/>\n<meta property=\"og:image\" content=\"https:\/\/tourtravelandmore.com\/wp-content\/uploads\/2022\/02\/image2-9.jpg\" \/>\n\t<meta property=\"og:image:width\" content=\"900\" \/>\n\t<meta property=\"og:image:height\" content=\"654\" \/>\n\t<meta property=\"og:image:type\" content=\"image\/jpeg\" \/>\n<meta name=\"twitter:card\" content=\"summary_large_image\" \/>\n<meta name=\"twitter:site\" content=\"@TourTravel_More\" \/>\n<meta name=\"twitter:label1\" content=\"Dur\u00e9e de lecture estim\u00e9e\" \/>\n\t<meta name=\"twitter:data1\" content=\"4 minutes\" \/>\n<script type=\"application\/ld+json\" class=\"yoast-schema-graph\">{\"@context\":\"https:\/\/schema.org\",\"@graph\":[{\"@type\":\"WebPage\",\"@id\":\"https:\/\/tourtravelandmore.com\/fr\/tours\/italie-fr\/milan-fr\/visite-privee-de-bologne-au-depart-de-milan\/\",\"url\":\"https:\/\/tourtravelandmore.com\/fr\/tours\/italie-fr\/milan-fr\/visite-privee-de-bologne-au-depart-de-milan\/\",\"name\":\"Visite priv\u00e9e de Bologne au d\u00e9part de Milan, avec guide priv\u00e9 et voiture de luxe.\",\"isPartOf\":{\"@id\":\"https:\/\/tourtravelandmore.com\/fr\/#website\"},\"primaryImageOfPage\":{\"@id\":\"https:\/\/tourtravelandmore.com\/fr\/tours\/italie-fr\/milan-fr\/visite-privee-de-bologne-au-depart-de-milan\/#primaryimage\"},\"image\":{\"@id\":\"https:\/\/tourtravelandmore.com\/fr\/tours\/italie-fr\/milan-fr\/visite-privee-de-bologne-au-depart-de-milan\/#primaryimage\"},\"thumbnailUrl\":\"https:\/\/tourtravelandmore.com\/wp-content\/uploads\/2022\/02\/image2-9.jpg\",\"datePublished\":\"2022-02-26T09:21:00+00:00\",\"dateModified\":\"2022-04-01T10:34:50+00:00\",\"description\":\"Visite priv\u00e9e \u00e0 pied de Milan avec un guide officiel \u00e0 votre enti\u00e8re disposition. D\u00e9couvrez cette belle ville, son monument et ses principales attractions.\",\"breadcrumb\":{\"@id\":\"https:\/\/tourtravelandmore.com\/fr\/tours\/italie-fr\/milan-fr\/visite-privee-de-bologne-au-depart-de-milan\/#breadcrumb\"},\"inLanguage\":\"fr-FR\",\"potentialAction\":[{\"@type\":\"ReadAction\",\"target\":[\"https:\/\/tourtravelandmore.com\/fr\/tours\/italie-fr\/milan-fr\/visite-privee-de-bologne-au-depart-de-milan\/\"]}]},{\"@type\":\"ImageObject\",\"inLanguage\":\"fr-FR\",\"@id\":\"https:\/\/tourtravelandmore.com\/fr\/tours\/italie-fr\/milan-fr\/visite-privee-de-bologne-au-depart-de-milan\/#primaryimage\",\"url\":\"https:\/\/tourtravelandmore.com\/wp-content\/uploads\/2022\/02\/image2-9.jpg\",\"contentUrl\":\"https:\/\/tourtravelandmore.com\/wp-content\/uploads\/2022\/02\/image2-9.jpg\",\"width\":900,\"height\":654},{\"@type\":\"BreadcrumbList\",\"@id\":\"https:\/\/tourtravelandmore.com\/fr\/tours\/italie-fr\/milan-fr\/visite-privee-de-bologne-au-depart-de-milan\/#breadcrumb\",\"itemListElement\":[{\"@type\":\"ListItem\",\"position\":1,\"name\":\"Home\",\"item\":\"https:\/\/tourtravelandmore.com\/fr\/\"},{\"@type\":\"ListItem\",\"position\":2,\"name\":\"Tours\",\"item\":\"https:\/\/tourtravelandmore.com\/fr\/tours\/\"},{\"@type\":\"ListItem\",\"position\":3,\"name\":\"Visite priv\u00e9e de Bologne au d\u00e9part de Milan\"}]},{\"@type\":\"WebSite\",\"@id\":\"https:\/\/tourtravelandmore.com\/fr\/#website\",\"url\":\"https:\/\/tourtravelandmore.com\/fr\/\",\"name\":\"Tour Travel And More\",\"description\":\"Private sightseeing tours and luxury transfers in Spain\",\"publisher\":{\"@id\":\"https:\/\/tourtravelandmore.com\/fr\/#organization\"},\"potentialAction\":[{\"@type\":\"SearchAction\",\"target\":{\"@type\":\"EntryPoint\",\"urlTemplate\":\"https:\/\/tourtravelandmore.com\/fr\/?s={search_term_string}\"},\"query-input\":{\"@type\":\"PropertyValueSpecification\",\"valueRequired\":true,\"valueName\":\"search_term_string\"}}],\"inLanguage\":\"fr-FR\"},{\"@type\":\"Organization\",\"@id\":\"https:\/\/tourtravelandmore.com\/fr\/#organization\",\"name\":\"Tour Travel And More\",\"url\":\"https:\/\/tourtravelandmore.com\/fr\/\",\"logo\":{\"@type\":\"ImageObject\",\"inLanguage\":\"fr-FR\",\"@id\":\"https:\/\/tourtravelandmore.com\/fr\/#\/schema\/logo\/image\/\",\"url\":\"https:\/\/tourtravelandmore.com\/wp-content\/uploads\/2022\/12\/cropped-logo-cabecera-new.png\",\"contentUrl\":\"https:\/\/tourtravelandmore.com\/wp-content\/uploads\/2022\/12\/cropped-logo-cabecera-new.png\",\"width\":430,\"height\":61,\"caption\":\"Tour Travel And More\"},\"image\":{\"@id\":\"https:\/\/tourtravelandmore.com\/fr\/#\/schema\/logo\/image\/\"},\"sameAs\":[\"https:\/\/www.facebook.com\/tourtravelandmore\/\",\"https:\/\/x.com\/TourTravel_More\"]}]}<\/script>\n<!-- \/ Yoast SEO Premium plugin. -->","yoast_head_json":{"title":"Visite priv\u00e9e de Bologne au d\u00e9part de Milan, avec guide priv\u00e9 et voiture de luxe.","description":"Visite priv\u00e9e \u00e0 pied de Milan avec un guide officiel \u00e0 votre enti\u00e8re disposition. D\u00e9couvrez cette belle ville, son monument et ses principales attractions.","robots":{"index":"index","follow":"follow","max-snippet":"max-snippet:-1","max-image-preview":"max-image-preview:large","max-video-preview":"max-video-preview:-1"},"canonical":"https:\/\/tourtravelandmore.com\/fr\/tours\/italie-fr\/milan-fr\/visite-privee-de-bologne-au-depart-de-milan\/","og_locale":"fr_FR","og_type":"article","og_title":"Visite priv\u00e9e de Bologne au d\u00e9part de Milan","og_description":"Visite priv\u00e9e \u00e0 pied de Milan avec un guide officiel \u00e0 votre enti\u00e8re disposition. D\u00e9couvrez cette belle ville, son monument et ses principales attractions.","og_url":"https:\/\/tourtravelandmore.com\/fr\/tours\/italie-fr\/milan-fr\/visite-privee-de-bologne-au-depart-de-milan\/","og_site_name":"Tour Travel And More","article_publisher":"https:\/\/www.facebook.com\/tourtravelandmore\/","article_modified_time":"2022-04-01T10:34:50+00:00","og_image":[{"width":900,"height":654,"url":"https:\/\/tourtravelandmore.com\/wp-content\/uploads\/2022\/02\/image2-9.jpg","type":"image\/jpeg"}],"twitter_card":"summary_large_image","twitter_site":"@TourTravel_More","twitter_misc":{"Dur\u00e9e de lecture estim\u00e9e":"4 minutes"},"schema":{"@context":"https:\/\/schema.org","@graph":[{"@type":"WebPage","@id":"https:\/\/tourtravelandmore.com\/fr\/tours\/italie-fr\/milan-fr\/visite-privee-de-bologne-au-depart-de-milan\/","url":"https:\/\/tourtravelandmore.com\/fr\/tours\/italie-fr\/milan-fr\/visite-privee-de-bologne-au-depart-de-milan\/","name":"Visite priv\u00e9e de Bologne au d\u00e9part de Milan, avec guide priv\u00e9 et voiture de luxe.","isPartOf":{"@id":"https:\/\/tourtravelandmore.com\/fr\/#website"},"primaryImageOfPage":{"@id":"https:\/\/tourtravelandmore.com\/fr\/tours\/italie-fr\/milan-fr\/visite-privee-de-bologne-au-depart-de-milan\/#primaryimage"},"image":{"@id":"https:\/\/tourtravelandmore.com\/fr\/tours\/italie-fr\/milan-fr\/visite-privee-de-bologne-au-depart-de-milan\/#primaryimage"},"thumbnailUrl":"https:\/\/tourtravelandmore.com\/wp-content\/uploads\/2022\/02\/image2-9.jpg","datePublished":"2022-02-26T09:21:00+00:00","dateModified":"2022-04-01T10:34:50+00:00","description":"Visite priv\u00e9e \u00e0 pied de Milan avec un guide officiel \u00e0 votre enti\u00e8re disposition. D\u00e9couvrez cette belle ville, son monument et ses principales attractions.","breadcrumb":{"@id":"https:\/\/tourtravelandmore.com\/fr\/tours\/italie-fr\/milan-fr\/visite-privee-de-bologne-au-depart-de-milan\/#breadcrumb"},"inLanguage":"fr-FR","potentialAction":[{"@type":"ReadAction","target":["https:\/\/tourtravelandmore.com\/fr\/tours\/italie-fr\/milan-fr\/visite-privee-de-bologne-au-depart-de-milan\/"]}]},{"@type":"ImageObject","inLanguage":"fr-FR","@id":"https:\/\/tourtravelandmore.com\/fr\/tours\/italie-fr\/milan-fr\/visite-privee-de-bologne-au-depart-de-milan\/#primaryimage","url":"https:\/\/tourtravelandmore.com\/wp-content\/uploads\/2022\/02\/image2-9.jpg","contentUrl":"https:\/\/tourtravelandmore.com\/wp-content\/uploads\/2022\/02\/image2-9.jpg","width":900,"height":654},{"@type":"BreadcrumbList","@id":"https:\/\/tourtravelandmore.com\/fr\/tours\/italie-fr\/milan-fr\/visite-privee-de-bologne-au-depart-de-milan\/#breadcrumb","itemListElement":[{"@type":"ListItem","position":1,"name":"Home","item":"https:\/\/tourtravelandmore.com\/fr\/"},{"@type":"ListItem","position":2,"name":"Tours","item":"https:\/\/tourtravelandmore.com\/fr\/tours\/"},{"@type":"ListItem","position":3,"name":"Visite priv\u00e9e de Bologne au d\u00e9part de Milan"}]},{"@type":"WebSite","@id":"https:\/\/tourtravelandmore.com\/fr\/#website","url":"https:\/\/tourtravelandmore.com\/fr\/","name":"Tour Travel And More","description":"Private sightseeing tours and luxury transfers in Spain","publisher":{"@id":"https:\/\/tourtravelandmore.com\/fr\/#organization"},"potentialAction":[{"@type":"SearchAction","target":{"@type":"EntryPoint","urlTemplate":"https:\/\/tourtravelandmore.com\/fr\/?s={search_term_string}"},"query-input":{"@type":"PropertyValueSpecification","valueRequired":true,"valueName":"search_term_string"}}],"inLanguage":"fr-FR"},{"@type":"Organization","@id":"https:\/\/tourtravelandmore.com\/fr\/#organization","name":"Tour Travel And More","url":"https:\/\/tourtravelandmore.com\/fr\/","logo":{"@type":"ImageObject","inLanguage":"fr-FR","@id":"https:\/\/tourtravelandmore.com\/fr\/#\/schema\/logo\/image\/","url":"https:\/\/tourtravelandmore.com\/wp-content\/uploads\/2022\/12\/cropped-logo-cabecera-new.png","contentUrl":"https:\/\/tourtravelandmore.com\/wp-content\/uploads\/2022\/12\/cropped-logo-cabecera-new.png","width":430,"height":61,"caption":"Tour Travel And More"},"image":{"@id":"https:\/\/tourtravelandmore.com\/fr\/#\/schema\/logo\/image\/"},"sameAs":["https:\/\/www.facebook.com\/tourtravelandmore\/","https:\/\/x.com\/TourTravel_More"]}]}},"_links":{"self":[{"href":"https:\/\/tourtravelandmore.com\/fr\/wp-json\/wp\/v2\/product\/120086","targetHints":{"allow":["GET"]}}],"collection":[{"href":"https:\/\/tourtravelandmore.com\/fr\/wp-json\/wp\/v2\/product"}],"about":[{"href":"https:\/\/tourtravelandmore.com\/fr\/wp-json\/wp\/v2\/types\/product"}],"replies":[{"embeddable":true,"href":"https:\/\/tourtravelandmore.com\/fr\/wp-json\/wp\/v2\/comments?post=120086"}],"wp:featuredmedia":[{"embeddable":true,"href":"https:\/\/tourtravelandmore.com\/fr\/wp-json\/wp\/v2\/media\/120125"}],"wp:attachment":[{"href":"https:\/\/tourtravelandmore.com\/fr\/wp-json\/wp\/v2\/media?parent=120086"}],"wp:term":[{"taxonomy":"product_brand","embeddable":true,"href":"https:\/\/tourtravelandmore.com\/fr\/wp-json\/wp\/v2\/product_brand?post=120086"},{"taxonomy":"product_cat","embeddable":true,"href":"https:\/\/tourtravelandmore.com\/fr\/wp-json\/wp\/v2\/product_cat?post=120086"},{"taxonomy":"product_tag","embeddable":true,"href":"https:\/\/tourtravelandmore.com\/fr\/wp-json\/wp\/v2\/product_tag?post=120086"}],"curies":[{"name":"wp","href":"https:\/\/api.w.org\/{rel}","templated":true}]}}