{"id":119159,"date":"2022-02-11T17:56:27","date_gmt":"2022-02-11T16:56:33","guid":{"rendered":"https:\/\/tourtravelandmore.com\/?post_type=product&#038;p=119159"},"modified":"2022-02-24T20:25:57","modified_gmt":"2022-02-24T19:25:57","slug":"visite-privee-dun-vignoble-depuis-valence-et-degustation-de-vin","status":"publish","type":"product","link":"https:\/\/tourtravelandmore.com\/fr\/tours\/espagne-fr\/valencia-fr\/toutes-les-visites-et-activites-privees-valencia-fr-espagne-fr\/visite-privee-dun-vignoble-depuis-valence-et-degustation-de-vin\/","title":{"rendered":"Visite priv\u00e9e d&#8217;un vignoble depuis Valence et d\u00e9gustation de vin"},"content":{"rendered":"<h2><b>Description de la visite priv\u00e9e d&#8217;un vignoble depuis Valence et d\u00e9gustation de vin<\/b><\/h2>\n<p><span style=\"font-weight: 400;\">La Toscane valencienne est l&#8217;une des r\u00e9gions les plus attrayantes d&#8217;Espagne. C&#8217;est l&#8217;une des zones rurales les plus remarquables et les plus touristiques de la communaut\u00e9, qui se trouve \u00e0 une heure de Valence.<\/span><\/p>\n<p><span style=\"font-weight: 400;\">Dans cette <\/span><b>visite priv\u00e9e de Valence et d\u00e9gustation de vin<\/b><span style=\"font-weight: 400;\">, vous vivrez <\/span><b>une merveilleuse exp\u00e9rience \u0153notouristique dans laquelle vous <\/b><span style=\"font-weight: 400;\">d\u00e9couvrirez de beaux paysages, tels que Fontanars dels Alforins, La font de la Figuera, Bocairent, Moixent, parmi beaucoup d&#8217;autres.\u00a0<\/span><\/p>\n<p><span style=\"font-weight: 400;\">Les vignerons les plus remarquables de la r\u00e9gion se trouvent dans ces vignobles, qui ont conserv\u00e9 intacte cette tradition ancestrale depuis des si\u00e8cles.\u00a0<\/span><\/p>\n<p><span style=\"font-weight: 400;\">Il s&#8217;agit d&#8217;une <\/span><b>visite guid\u00e9e de 8 heures <\/b><span style=\"font-weight: 400;\">au cours de laquelle vous visiterez deux vignobles et \u00e9tablissements vinicoles ; vous aurez \u00e9galement l&#8217;occasion d&#8217;appr\u00e9cier pleinement un magnifique paysage rural.\u00a0<\/span><\/p>\n<p><span style=\"font-weight: 400;\">Vous partirez de Valence en tout confort, puisque nous viendrons vous chercher \u00e0 l&#8217;endroit que vous nous indiquerez. De l\u00e0, nous <\/span><b>vous transf\u00e9rerons dans une voiture de luxe <\/b><span style=\"font-weight: 400;\">vers deux des meilleurs vignobles de la r\u00e9gion qui b\u00e9n\u00e9ficient d&#8217;une appellation d&#8217;origine (DO).\u00a0<\/span><\/p>\n<p><span style=\"font-weight: 400;\">Vous d\u00e9couvrirez ses \u00e9tablissements vinicoles, le processus de plantation et de r\u00e9colte des raisins, ainsi que tout ce qui concerne la production de ses vins prestigieux. Toutes ces informations vous seront donn\u00e9es par le guide officiel qui vous accompagnera tout au long de la visite. Vous obtiendrez \u00e9galement des informations int\u00e9ressantes de la part des producteurs eux-m\u00eames.\u00a0\u00a0<\/span><\/p>\n<p><span style=\"font-weight: 400;\">Dans chacun des \u00e9tablissements vinicoles que vous visiterez, vous profiterez d&#8217;une d\u00e9gustation de vin \u00e0 d\u00e9nomination d&#8217;origine (DO), \u00e9labor\u00e9 avec les meilleurs raisins de la r\u00e9gion.\u00a0<\/span><\/p>\n<p><span style=\"font-weight: 400;\">\u00c0 la fin de l&#8217;excursion, nous vous ram\u00e8nerons \u00e0 Valence pour vous d\u00e9poser \u00e0 l&#8217;endroit que vous aurez indiqu\u00e9.\u00a0<\/span><\/p>\n<h2><span style=\"color: #d3af37;\"><b>Points d&#8217;int\u00e9r\u00eat de la visite priv\u00e9e<\/b><\/span><\/h2>\n<p><span style=\"font-weight: 400;\">D\u00e9couvrez le plaisir de conna\u00eetre les meilleurs vignobles de la Toscane valencienne lors de cette visite priv\u00e9e des vignobles au d\u00e9part de Valence, o\u00f9 vous profiterez \u00e9galement d&#8217;une d\u00e9gustation de vin personnalis\u00e9e et exclusive.\u00a0<\/span><\/p>\n<p><span style=\"font-weight: 400;\">\u00c9loignez-vous du stress de la ville pour une journ\u00e9e diff\u00e9rente et relaxante, au cours de laquelle vous visiterez les points d&#8217;int\u00e9r\u00eat suivants :\u00a0<\/span><\/p>\n<h3><span style=\"color: #d3af37;\"><b>La route des vins d&#8217;Utiel-Requena<\/b><\/span><\/h3>\n<p><span style=\"font-weight: 400;\">Faites connaissance avec un patrimoine culturel vieux de plus de 2 700 ans. Dans la r\u00e9gion d&#8217;Utiel-Requena, des preuves arch\u00e9ologiques montrent que, d\u00e8s les Ve et IVe si\u00e8cles avant J.-C., le raisin \u00e9tait transform\u00e9 en vin.\u00a0<\/span><\/p>\n<p><span style=\"font-weight: 400;\">C&#8217;est une promenade tranquille, pleine de saveurs exquises et de couleurs et d&#8217;ar\u00f4mes naturels inoubliables.\u00a0<\/span><\/p>\n<p><span style=\"font-weight: 400;\">Vous verrez deux vignobles d&#8217;appellation d&#8217;origine et leurs caves exclusives. Vous aurez \u00e9galement une explication magistrale de l&#8217;histoire de ces vignobles et de l&#8217;ensemble du processus de vinification, comme les m\u00e9thodes de plantation, de vinification et de fermentation du vin.\u00a0<\/span><\/p>\n<p><span style=\"font-weight: 400;\">Ensuite, vous aurez droit \u00e0 une d\u00e9gustation des meilleurs vins. Il s&#8217;agit d&#8217;une exp\u00e9rience unique pour conna\u00eetre l&#8217;une des plus anciennes traditions d&#8217;Europe.\u00a0<\/span><\/p>\n<p><span style=\"font-weight: 400;\">Ne manquez pas l&#8217;occasion de vivre une journ\u00e9e d&#8217;\u0153notourisme sans vous presser ni vous inqui\u00e9ter.\u00a0<\/span><\/p>\n<p><span style=\"font-weight: 400;\">Vous pouvez prendre du temps sur votre itin\u00e9raire de Valence pour profiter d&#8217;une <\/span><a href=\"https:\/\/tourtravelandmore.com\/fr\/tours\/espagne-fr\/valencia-fr\/toutes-les-visites-et-activites-privees-valencia-fr-espagne-fr\/visite-privee-de-morella-et-peniscola-depuis-valence\/\"><b>visite priv\u00e9e de Morella et Pe\u00f1\u00edscola depuis Valence<\/b><\/a><span style=\"font-weight: 400;\">. Vous visiterez ainsi deux des plus belles villes d&#8217;Espagne. <\/span><\/p>\n","protected":false},"excerpt":{"rendered":"<p><span style=\"font-weight: 400;\">Profitez de votre s\u00e9jour \u00e0 Valence d&#8217;une mani\u00e8re unique et sp\u00e9ciale avec cette visite priv\u00e9e des vignobles de Valence et d\u00e9gustation de vin. Au cours de notre visite guid\u00e9e, vous d\u00e9couvrirez deux des vignobles les plus embl\u00e9matiques de la Toscane valencienne, ses \u00e9tablissements vinicoles et son vin exquis. Le transfert s&#8217;effectuera dans une voiture priv\u00e9e confortable en compagnie d&#8217;un guide officiel expert en la mati\u00e8re.<\/span><\/p>\n","protected":false},"featured_media":119827,"comment_status":"open","ping_status":"closed","template":"","meta":{"_acf_changed":false},"product_brand":[],"product_cat":[3674,4077,4078,4079],"product_tag":[],"class_list":{"0":"post-119159","1":"product","2":"type-product","3":"status-publish","4":"has-post-thumbnail","6":"product_cat-valencia-fr","7":"product_cat-toutes-les-visites-et-activites-privees-valencia-fr-espagne-fr","8":"product_cat-private-sightseeing-tours-fr-70","9":"product_cat-private-day-trips-fr","11":"first","12":"instock","13":"shipping-taxable","14":"purchasable","15":"product-type-simple"},"acf":[],"yoast_head":"<!-- This site is optimized with the Yoast SEO Premium plugin v25.3.1 (Yoast SEO v25.3.1) - https:\/\/yoast.com\/wordpress\/plugins\/seo\/ -->\n<title>Visite priv\u00e9e d&#039;un vignoble depuis Valence et d\u00e9gustation de vin avec transfert en voiture de luxe et guide priv\u00e9 inclus.<\/title>\n<meta name=\"description\" content=\"Explorez la plus importante r\u00e9gion viticole d&#039;Espagne lors de cette visite priv\u00e9e au d\u00e9part de Valence avec d\u00e9gustation de vins inclus. L&#039;excursion se fera dans une voiture de luxe et en compagnie d&#039;un guide priv\u00e9 afin que vous puissiez explorer la Toscane valencienne de mani\u00e8re exclusive et personnalis\u00e9e.\" \/>\n<meta name=\"robots\" content=\"index, follow, max-snippet:-1, max-image-preview:large, max-video-preview:-1\" \/>\n<link rel=\"canonical\" href=\"https:\/\/tourtravelandmore.com\/fr\/tours\/espagne-fr\/valencia-fr\/toutes-les-visites-et-activites-privees-valencia-fr-espagne-fr\/visite-privee-dun-vignoble-depuis-valence-et-degustation-de-vin\/\" \/>\n<meta property=\"og:locale\" content=\"fr_FR\" \/>\n<meta property=\"og:type\" content=\"article\" \/>\n<meta property=\"og:title\" content=\"Visite priv\u00e9e d&#039;un vignoble depuis Valence et d\u00e9gustation de vin\" \/>\n<meta property=\"og:description\" content=\"Explorez la plus importante r\u00e9gion viticole d&#039;Espagne lors de cette visite priv\u00e9e au d\u00e9part de Valence avec d\u00e9gustation de vins inclus. L&#039;excursion se fera dans une voiture de luxe et en compagnie d&#039;un guide priv\u00e9 afin que vous puissiez explorer la Toscane valencienne de mani\u00e8re exclusive et personnalis\u00e9e.\" \/>\n<meta property=\"og:url\" content=\"https:\/\/tourtravelandmore.com\/fr\/tours\/espagne-fr\/valencia-fr\/toutes-les-visites-et-activites-privees-valencia-fr-espagne-fr\/visite-privee-dun-vignoble-depuis-valence-et-degustation-de-vin\/\" \/>\n<meta property=\"og:site_name\" content=\"Tour Travel And More\" \/>\n<meta property=\"article:publisher\" content=\"https:\/\/www.facebook.com\/tourtravelandmore\/\" \/>\n<meta property=\"article:modified_time\" content=\"2022-02-24T19:25:57+00:00\" \/>\n<meta property=\"og:image\" content=\"https:\/\/tourtravelandmore.com\/wp-content\/uploads\/2022\/02\/copa1.jpg\" \/>\n\t<meta property=\"og:image:width\" content=\"673\" \/>\n\t<meta property=\"og:image:height\" content=\"673\" \/>\n\t<meta property=\"og:image:type\" content=\"image\/jpeg\" \/>\n<meta name=\"twitter:card\" content=\"summary_large_image\" \/>\n<meta name=\"twitter:site\" content=\"@TourTravel_More\" \/>\n<meta name=\"twitter:label1\" content=\"Dur\u00e9e de lecture estim\u00e9e\" \/>\n\t<meta name=\"twitter:data1\" content=\"3 minutes\" \/>\n<script type=\"application\/ld+json\" class=\"yoast-schema-graph\">{\"@context\":\"https:\/\/schema.org\",\"@graph\":[{\"@type\":\"WebPage\",\"@id\":\"https:\/\/tourtravelandmore.com\/fr\/tours\/espagne-fr\/valencia-fr\/toutes-les-visites-et-activites-privees-valencia-fr-espagne-fr\/visite-privee-dun-vignoble-depuis-valence-et-degustation-de-vin\/\",\"url\":\"https:\/\/tourtravelandmore.com\/fr\/tours\/espagne-fr\/valencia-fr\/toutes-les-visites-et-activites-privees-valencia-fr-espagne-fr\/visite-privee-dun-vignoble-depuis-valence-et-degustation-de-vin\/\",\"name\":\"Visite priv\u00e9e d'un vignoble depuis Valence et d\u00e9gustation de vin avec transfert en voiture de luxe et guide priv\u00e9 inclus.\",\"isPartOf\":{\"@id\":\"https:\/\/tourtravelandmore.com\/fr\/#website\"},\"primaryImageOfPage\":{\"@id\":\"https:\/\/tourtravelandmore.com\/fr\/tours\/espagne-fr\/valencia-fr\/toutes-les-visites-et-activites-privees-valencia-fr-espagne-fr\/visite-privee-dun-vignoble-depuis-valence-et-degustation-de-vin\/#primaryimage\"},\"image\":{\"@id\":\"https:\/\/tourtravelandmore.com\/fr\/tours\/espagne-fr\/valencia-fr\/toutes-les-visites-et-activites-privees-valencia-fr-espagne-fr\/visite-privee-dun-vignoble-depuis-valence-et-degustation-de-vin\/#primaryimage\"},\"thumbnailUrl\":\"https:\/\/tourtravelandmore.com\/wp-content\/uploads\/2022\/02\/copa1.jpg\",\"datePublished\":\"2022-02-11T16:56:33+00:00\",\"dateModified\":\"2022-02-24T19:25:57+00:00\",\"description\":\"Explorez la plus importante r\u00e9gion viticole d'Espagne lors de cette visite priv\u00e9e au d\u00e9part de Valence avec d\u00e9gustation de vins inclus. L'excursion se fera dans une voiture de luxe et en compagnie d'un guide priv\u00e9 afin que vous puissiez explorer la Toscane valencienne de mani\u00e8re exclusive et personnalis\u00e9e.\",\"breadcrumb\":{\"@id\":\"https:\/\/tourtravelandmore.com\/fr\/tours\/espagne-fr\/valencia-fr\/toutes-les-visites-et-activites-privees-valencia-fr-espagne-fr\/visite-privee-dun-vignoble-depuis-valence-et-degustation-de-vin\/#breadcrumb\"},\"inLanguage\":\"fr-FR\",\"potentialAction\":[{\"@type\":\"ReadAction\",\"target\":[\"https:\/\/tourtravelandmore.com\/fr\/tours\/espagne-fr\/valencia-fr\/toutes-les-visites-et-activites-privees-valencia-fr-espagne-fr\/visite-privee-dun-vignoble-depuis-valence-et-degustation-de-vin\/\"]}]},{\"@type\":\"ImageObject\",\"inLanguage\":\"fr-FR\",\"@id\":\"https:\/\/tourtravelandmore.com\/fr\/tours\/espagne-fr\/valencia-fr\/toutes-les-visites-et-activites-privees-valencia-fr-espagne-fr\/visite-privee-dun-vignoble-depuis-valence-et-degustation-de-vin\/#primaryimage\",\"url\":\"https:\/\/tourtravelandmore.com\/wp-content\/uploads\/2022\/02\/copa1.jpg\",\"contentUrl\":\"https:\/\/tourtravelandmore.com\/wp-content\/uploads\/2022\/02\/copa1.jpg\",\"width\":673,\"height\":673},{\"@type\":\"BreadcrumbList\",\"@id\":\"https:\/\/tourtravelandmore.com\/fr\/tours\/espagne-fr\/valencia-fr\/toutes-les-visites-et-activites-privees-valencia-fr-espagne-fr\/visite-privee-dun-vignoble-depuis-valence-et-degustation-de-vin\/#breadcrumb\",\"itemListElement\":[{\"@type\":\"ListItem\",\"position\":1,\"name\":\"Home\",\"item\":\"https:\/\/tourtravelandmore.com\/fr\/\"},{\"@type\":\"ListItem\",\"position\":2,\"name\":\"Tours\",\"item\":\"https:\/\/tourtravelandmore.com\/fr\/tours\/\"},{\"@type\":\"ListItem\",\"position\":3,\"name\":\"Visite priv\u00e9e d&rsquo;un vignoble depuis Valence et d\u00e9gustation de vin\"}]},{\"@type\":\"WebSite\",\"@id\":\"https:\/\/tourtravelandmore.com\/fr\/#website\",\"url\":\"https:\/\/tourtravelandmore.com\/fr\/\",\"name\":\"Tour Travel And More\",\"description\":\"Private sightseeing tours and luxury transfers in Spain\",\"publisher\":{\"@id\":\"https:\/\/tourtravelandmore.com\/fr\/#organization\"},\"potentialAction\":[{\"@type\":\"SearchAction\",\"target\":{\"@type\":\"EntryPoint\",\"urlTemplate\":\"https:\/\/tourtravelandmore.com\/fr\/?s={search_term_string}\"},\"query-input\":{\"@type\":\"PropertyValueSpecification\",\"valueRequired\":true,\"valueName\":\"search_term_string\"}}],\"inLanguage\":\"fr-FR\"},{\"@type\":\"Organization\",\"@id\":\"https:\/\/tourtravelandmore.com\/fr\/#organization\",\"name\":\"Tour Travel And More\",\"url\":\"https:\/\/tourtravelandmore.com\/fr\/\",\"logo\":{\"@type\":\"ImageObject\",\"inLanguage\":\"fr-FR\",\"@id\":\"https:\/\/tourtravelandmore.com\/fr\/#\/schema\/logo\/image\/\",\"url\":\"https:\/\/tourtravelandmore.com\/wp-content\/uploads\/2022\/12\/cropped-logo-cabecera-new.png\",\"contentUrl\":\"https:\/\/tourtravelandmore.com\/wp-content\/uploads\/2022\/12\/cropped-logo-cabecera-new.png\",\"width\":430,\"height\":61,\"caption\":\"Tour Travel And More\"},\"image\":{\"@id\":\"https:\/\/tourtravelandmore.com\/fr\/#\/schema\/logo\/image\/\"},\"sameAs\":[\"https:\/\/www.facebook.com\/tourtravelandmore\/\",\"https:\/\/x.com\/TourTravel_More\"]}]}<\/script>\n<!-- \/ Yoast SEO Premium plugin. -->","yoast_head_json":{"title":"Visite priv\u00e9e d'un vignoble depuis Valence et d\u00e9gustation de vin avec transfert en voiture de luxe et guide priv\u00e9 inclus.","description":"Explorez la plus importante r\u00e9gion viticole d'Espagne lors de cette visite priv\u00e9e au d\u00e9part de Valence avec d\u00e9gustation de vins inclus. L'excursion se fera dans une voiture de luxe et en compagnie d'un guide priv\u00e9 afin que vous puissiez explorer la Toscane valencienne de mani\u00e8re exclusive et personnalis\u00e9e.","robots":{"index":"index","follow":"follow","max-snippet":"max-snippet:-1","max-image-preview":"max-image-preview:large","max-video-preview":"max-video-preview:-1"},"canonical":"https:\/\/tourtravelandmore.com\/fr\/tours\/espagne-fr\/valencia-fr\/toutes-les-visites-et-activites-privees-valencia-fr-espagne-fr\/visite-privee-dun-vignoble-depuis-valence-et-degustation-de-vin\/","og_locale":"fr_FR","og_type":"article","og_title":"Visite priv\u00e9e d'un vignoble depuis Valence et d\u00e9gustation de vin","og_description":"Explorez la plus importante r\u00e9gion viticole d'Espagne lors de cette visite priv\u00e9e au d\u00e9part de Valence avec d\u00e9gustation de vins inclus. L'excursion se fera dans une voiture de luxe et en compagnie d'un guide priv\u00e9 afin que vous puissiez explorer la Toscane valencienne de mani\u00e8re exclusive et personnalis\u00e9e.","og_url":"https:\/\/tourtravelandmore.com\/fr\/tours\/espagne-fr\/valencia-fr\/toutes-les-visites-et-activites-privees-valencia-fr-espagne-fr\/visite-privee-dun-vignoble-depuis-valence-et-degustation-de-vin\/","og_site_name":"Tour Travel And More","article_publisher":"https:\/\/www.facebook.com\/tourtravelandmore\/","article_modified_time":"2022-02-24T19:25:57+00:00","og_image":[{"width":673,"height":673,"url":"https:\/\/tourtravelandmore.com\/wp-content\/uploads\/2022\/02\/copa1.jpg","type":"image\/jpeg"}],"twitter_card":"summary_large_image","twitter_site":"@TourTravel_More","twitter_misc":{"Dur\u00e9e de lecture estim\u00e9e":"3 minutes"},"schema":{"@context":"https:\/\/schema.org","@graph":[{"@type":"WebPage","@id":"https:\/\/tourtravelandmore.com\/fr\/tours\/espagne-fr\/valencia-fr\/toutes-les-visites-et-activites-privees-valencia-fr-espagne-fr\/visite-privee-dun-vignoble-depuis-valence-et-degustation-de-vin\/","url":"https:\/\/tourtravelandmore.com\/fr\/tours\/espagne-fr\/valencia-fr\/toutes-les-visites-et-activites-privees-valencia-fr-espagne-fr\/visite-privee-dun-vignoble-depuis-valence-et-degustation-de-vin\/","name":"Visite priv\u00e9e d'un vignoble depuis Valence et d\u00e9gustation de vin avec transfert en voiture de luxe et guide priv\u00e9 inclus.","isPartOf":{"@id":"https:\/\/tourtravelandmore.com\/fr\/#website"},"primaryImageOfPage":{"@id":"https:\/\/tourtravelandmore.com\/fr\/tours\/espagne-fr\/valencia-fr\/toutes-les-visites-et-activites-privees-valencia-fr-espagne-fr\/visite-privee-dun-vignoble-depuis-valence-et-degustation-de-vin\/#primaryimage"},"image":{"@id":"https:\/\/tourtravelandmore.com\/fr\/tours\/espagne-fr\/valencia-fr\/toutes-les-visites-et-activites-privees-valencia-fr-espagne-fr\/visite-privee-dun-vignoble-depuis-valence-et-degustation-de-vin\/#primaryimage"},"thumbnailUrl":"https:\/\/tourtravelandmore.com\/wp-content\/uploads\/2022\/02\/copa1.jpg","datePublished":"2022-02-11T16:56:33+00:00","dateModified":"2022-02-24T19:25:57+00:00","description":"Explorez la plus importante r\u00e9gion viticole d'Espagne lors de cette visite priv\u00e9e au d\u00e9part de Valence avec d\u00e9gustation de vins inclus. L'excursion se fera dans une voiture de luxe et en compagnie d'un guide priv\u00e9 afin que vous puissiez explorer la Toscane valencienne de mani\u00e8re exclusive et personnalis\u00e9e.","breadcrumb":{"@id":"https:\/\/tourtravelandmore.com\/fr\/tours\/espagne-fr\/valencia-fr\/toutes-les-visites-et-activites-privees-valencia-fr-espagne-fr\/visite-privee-dun-vignoble-depuis-valence-et-degustation-de-vin\/#breadcrumb"},"inLanguage":"fr-FR","potentialAction":[{"@type":"ReadAction","target":["https:\/\/tourtravelandmore.com\/fr\/tours\/espagne-fr\/valencia-fr\/toutes-les-visites-et-activites-privees-valencia-fr-espagne-fr\/visite-privee-dun-vignoble-depuis-valence-et-degustation-de-vin\/"]}]},{"@type":"ImageObject","inLanguage":"fr-FR","@id":"https:\/\/tourtravelandmore.com\/fr\/tours\/espagne-fr\/valencia-fr\/toutes-les-visites-et-activites-privees-valencia-fr-espagne-fr\/visite-privee-dun-vignoble-depuis-valence-et-degustation-de-vin\/#primaryimage","url":"https:\/\/tourtravelandmore.com\/wp-content\/uploads\/2022\/02\/copa1.jpg","contentUrl":"https:\/\/tourtravelandmore.com\/wp-content\/uploads\/2022\/02\/copa1.jpg","width":673,"height":673},{"@type":"BreadcrumbList","@id":"https:\/\/tourtravelandmore.com\/fr\/tours\/espagne-fr\/valencia-fr\/toutes-les-visites-et-activites-privees-valencia-fr-espagne-fr\/visite-privee-dun-vignoble-depuis-valence-et-degustation-de-vin\/#breadcrumb","itemListElement":[{"@type":"ListItem","position":1,"name":"Home","item":"https:\/\/tourtravelandmore.com\/fr\/"},{"@type":"ListItem","position":2,"name":"Tours","item":"https:\/\/tourtravelandmore.com\/fr\/tours\/"},{"@type":"ListItem","position":3,"name":"Visite priv\u00e9e d&rsquo;un vignoble depuis Valence et d\u00e9gustation de vin"}]},{"@type":"WebSite","@id":"https:\/\/tourtravelandmore.com\/fr\/#website","url":"https:\/\/tourtravelandmore.com\/fr\/","name":"Tour Travel And More","description":"Private sightseeing tours and luxury transfers in Spain","publisher":{"@id":"https:\/\/tourtravelandmore.com\/fr\/#organization"},"potentialAction":[{"@type":"SearchAction","target":{"@type":"EntryPoint","urlTemplate":"https:\/\/tourtravelandmore.com\/fr\/?s={search_term_string}"},"query-input":{"@type":"PropertyValueSpecification","valueRequired":true,"valueName":"search_term_string"}}],"inLanguage":"fr-FR"},{"@type":"Organization","@id":"https:\/\/tourtravelandmore.com\/fr\/#organization","name":"Tour Travel And More","url":"https:\/\/tourtravelandmore.com\/fr\/","logo":{"@type":"ImageObject","inLanguage":"fr-FR","@id":"https:\/\/tourtravelandmore.com\/fr\/#\/schema\/logo\/image\/","url":"https:\/\/tourtravelandmore.com\/wp-content\/uploads\/2022\/12\/cropped-logo-cabecera-new.png","contentUrl":"https:\/\/tourtravelandmore.com\/wp-content\/uploads\/2022\/12\/cropped-logo-cabecera-new.png","width":430,"height":61,"caption":"Tour Travel And More"},"image":{"@id":"https:\/\/tourtravelandmore.com\/fr\/#\/schema\/logo\/image\/"},"sameAs":["https:\/\/www.facebook.com\/tourtravelandmore\/","https:\/\/x.com\/TourTravel_More"]}]}},"_links":{"self":[{"href":"https:\/\/tourtravelandmore.com\/fr\/wp-json\/wp\/v2\/product\/119159","targetHints":{"allow":["GET"]}}],"collection":[{"href":"https:\/\/tourtravelandmore.com\/fr\/wp-json\/wp\/v2\/product"}],"about":[{"href":"https:\/\/tourtravelandmore.com\/fr\/wp-json\/wp\/v2\/types\/product"}],"replies":[{"embeddable":true,"href":"https:\/\/tourtravelandmore.com\/fr\/wp-json\/wp\/v2\/comments?post=119159"}],"wp:featuredmedia":[{"embeddable":true,"href":"https:\/\/tourtravelandmore.com\/fr\/wp-json\/wp\/v2\/media\/119827"}],"wp:attachment":[{"href":"https:\/\/tourtravelandmore.com\/fr\/wp-json\/wp\/v2\/media?parent=119159"}],"wp:term":[{"taxonomy":"product_brand","embeddable":true,"href":"https:\/\/tourtravelandmore.com\/fr\/wp-json\/wp\/v2\/product_brand?post=119159"},{"taxonomy":"product_cat","embeddable":true,"href":"https:\/\/tourtravelandmore.com\/fr\/wp-json\/wp\/v2\/product_cat?post=119159"},{"taxonomy":"product_tag","embeddable":true,"href":"https:\/\/tourtravelandmore.com\/fr\/wp-json\/wp\/v2\/product_tag?post=119159"}],"curies":[{"name":"wp","href":"https:\/\/api.w.org\/{rel}","templated":true}]}}