{"id":119095,"date":"2022-02-11T16:52:15","date_gmt":"2022-02-11T15:52:22","guid":{"rendered":"https:\/\/tourtravelandmore.com\/?post_type=product&#038;p=119095"},"modified":"2022-02-21T21:12:27","modified_gmt":"2022-02-21T20:12:27","slug":"visite-privee-de-xativa-depuis-valence","status":"publish","type":"product","link":"https:\/\/tourtravelandmore.com\/fr\/tours\/espagne-fr\/valencia-fr\/toutes-les-visites-et-activites-privees-valencia-fr-espagne-fr\/visite-privee-de-xativa-depuis-valence\/","title":{"rendered":"Visite priv\u00e9e de X\u00e1tiva depuis Valence"},"content":{"rendered":"<h2><b>Description de l&#8217;excursion priv\u00e9e \u00e0 X\u00e1tiva depuis Valence<\/b><\/h2>\n<p><span style=\"font-weight: 400;\">\u00c0 une heure \u00e0 peine au sud de Valence, se trouve la majestueuse ville de X\u00e1tiva. C&#8217;est l&#8217;une des villes les plus renomm\u00e9es de Valence au Moyen \u00c2ge, car elle a \u00e9t\u00e9 le lieu de naissance de certains des papes de la dynastie des Borgia.\u00a0<\/span><\/p>\n<p><span style=\"font-weight: 400;\">Cette incroyable ville fortifi\u00e9e a \u00e9t\u00e9 le protagoniste des guerres les plus embl\u00e9matiques de la p\u00e9ninsule ib\u00e9rique.\u00a0<\/span><\/p>\n<p><span style=\"font-weight: 400;\">Dans notre <\/span><b>visite priv\u00e9e \u00e0 X\u00e1tiva depuis Valence, <\/b><span style=\"font-weight: 400;\">vous conna\u00eetrez l&#8217;une des villes qui avait le plus de pouvoir pendant l&#8217;Empire romain, puisqu&#8217;elle se trouvait juste sur la Via Augusta.\u00a0<\/span><\/p>\n<p><span style=\"font-weight: 400;\">Il s&#8217;agira d&#8217;une magnifique promenade, au cours de laquelle <\/span><b>vous partirez de Valence dans une voiture de luxe priv\u00e9e<\/b><span style=\"font-weight: 400;\">, qui pourra vous r\u00e9cup\u00e9rer dans un point central de la ville et qui sera plus confortable pour vous.\u00a0<\/span><\/p>\n<p><span style=\"font-weight: 400;\">Cette <\/span><b>excursion de 5 heures <\/b><span style=\"font-weight: 400;\">sera accompagn\u00e9e d&#8217;un guide officiel expert en art, histoire et culture, ce qui est parfait pour ne pas manquer les d\u00e9tails de chacun des points d&#8217;int\u00e9r\u00eat que vous visiterez.\u00a0\u00a0<\/span><\/p>\n<p><span style=\"font-weight: 400;\">Explorez pleinement les lieux les plus embl\u00e9matiques et les joyaux cach\u00e9s de la ville qui \u00e9tait la deuxi\u00e8me ville la plus importante du royaume de Valence apr\u00e8s la conqu\u00eate chr\u00e9tienne.\u00a0<\/span><\/p>\n<p><span style=\"font-weight: 400;\">Vous visiterez diff\u00e9rents points d&#8217;int\u00e9r\u00eat tels que le centre historique, l&#8217;h\u00f4pital royal, la coll\u00e9giale de Santa Maria, le ch\u00e2teau de X\u00e1tiva, parmi de nombreux autres b\u00e2timents et monuments de grande valeur historique et culturelle.\u00a0<\/span><\/p>\n<p><span style=\"font-weight: 400;\">\u00c0 la fin de la visite guid\u00e9e, nous vous ram\u00e8nerons \u00e0 Valence pour vous reposer et r\u00e9cup\u00e9rer votre \u00e9nergie.\u00a0<\/span><\/p>\n<h2><span style=\"color: #d3af37;\"><b>Points d&#8217;int\u00e9r\u00eat de la visite priv\u00e9e<\/b><\/span><\/h2>\n<p><span style=\"font-weight: 400;\">S&#8217;il est une ville qui occupe une place privil\u00e9gi\u00e9e et importante dans l&#8217;histoire de l&#8217;Espagne, c&#8217;est bien X\u00e1tiva.\u00a0<\/span><\/p>\n<p><span style=\"font-weight: 400;\">Tout d&#8217;abord, c&#8217;\u00e9tait un site d&#8217;une grande importance \u00e9conomique pour l&#8217;Empire romain. C&#8217;est \u00e9galement la forteresse qui a servi de r\u00e9sidence aux papes Borgia et l&#8217;un des sc\u00e9narios les plus embl\u00e9matiques de la guerre de succession.\u00a0<\/span><\/p>\n<p><span style=\"font-weight: 400;\">Au cours de cette magnifique excursion priv\u00e9e \u00e0 X\u00e1tiva depuis Valence, vous apprendrez \u00e0 conna\u00eetre et \u00e0 explorer les points d&#8217;int\u00e9r\u00eat suivants :\u00a0<\/span><\/p>\n<h3><span style=\"color: #d3af37;\"><b>Le centre historique de X\u00e1tiva<\/b><\/span><\/h3>\n<p><span style=\"font-weight: 400;\">Ce lieu splendide est un point central o\u00f9 vous vous sentirez comme dans un voyage dans le pass\u00e9. Ses rues sont pleines de b\u00e2timents religieux, civils et locaux qui sont de v\u00e9ritables joyaux de l&#8217;architecture m\u00e9di\u00e9vale.\u00a0<\/span><\/p>\n<p><span style=\"font-weight: 400;\">En outre, vous d\u00e9couvrirez la vie quotidienne dans cette ville m\u00e9diterran\u00e9enne embl\u00e9matique.\u00a0<\/span><\/p>\n<h3><span style=\"color: #d3af37;\"><b>La Pla\u00e7a de la Trinitat<\/b><\/span><\/h3>\n<p><span style=\"font-weight: 400;\">Nous vous emm\u00e8nerons sur la Plaza de la Trinidad, qui est domin\u00e9e par des b\u00e2timents et des monuments m\u00e9di\u00e9vaux, tels que des palais et des couvents.\u00a0<\/span><\/p>\n<p><span style=\"font-weight: 400;\">En son centre, vous verrez la magnifique fontaine royale de la Trinit\u00e9. Il s&#8217;agit d&#8217;une structure de style gothique valencien et l&#8217;une des rares fontaines publiques encore intactes en Espagne.\u00a0\u00a0<\/span><\/p>\n<h3><span style=\"color: #d3af37;\"><b>L&#8217;\u00e9glise coll\u00e9giale de Santa Maria<\/b><\/span><\/h3>\n<p><span style=\"font-weight: 400;\">L&#8217;aspect le plus frappant de ce b\u00e2timent est qu&#8217;il a \u00e9t\u00e9 \u00e9rig\u00e9 sur une ancienne mosqu\u00e9e comme symbole du triomphe du christianisme.\u00a0<\/span><\/p>\n<p><span style=\"font-weight: 400;\">C&#8217;est un b\u00e2timent plein de d\u00e9tails architecturaux impressionnants, parmi lesquels pr\u00e9dominent le baroque et le gothique.\u00a0<\/span><\/p>\n<p><span style=\"font-weight: 400;\">C&#8217;est sans aucun doute l&#8217;un des meilleurs points d&#8217;int\u00e9r\u00eat que vous conna\u00eetrez lors de cette visite priv\u00e9e de X\u00e1tiva.\u00a0<\/span><\/p>\n<h3><span style=\"color: #d3af37;\"><b>Ch\u00e2teau de X\u00e1tiva<\/b><\/span><\/h3>\n<p><span style=\"font-weight: 400;\">Ce site historique attrayant \u00e9tait l&#8217;une des plus importantes forteresses de la couronne d&#8217;Aragon. Son ext\u00e9rieur est tout simplement impressionnant. Vous pouvez y voir les tours et les murs qui composent le complexe du ch\u00e2teau.\u00a0<\/span><\/p>\n<p><span style=\"font-weight: 400;\">Apr\u00e8s la conqu\u00eate de Jacques Ier, le ch\u00e2teau est devenu l&#8217;une des forteresses les plus importantes pour la protection de la ville. Il a \u00e9galement servi de prison \u00e0 l&#8217;\u00e9poque et a \u00e9t\u00e9 le th\u00e9\u00e2tre des plus c\u00e9l\u00e8bres batailles d&#8217;Espagne.\u00a0<\/span><\/p>\n<p><span style=\"font-weight: 400;\">En plus de ces points d&#8217;int\u00e9r\u00eat, notre visite priv\u00e9e vous permettra \u00e9galement de faire connaissance :\u00a0<\/span><\/p>\n<ul>\n<li><b>L&#8217;\u00e9glise coll\u00e9giale Basilique de Santa Maria\u00a0<\/b><\/li>\n<li><b>Place Alexandre VI<\/b><\/li>\n<li><b>\u00c9glise St. Peter<\/b><\/li>\n<li><b>Place du march\u00e9<\/b><\/li>\n<li><b>Parmi de nombreux autres lieux d&#8217;une beaut\u00e9 incomparable\u00a0<\/b><\/li>\n<\/ul>\n<p><span style=\"font-weight: 400;\">Pendant votre s\u00e9jour \u00e0 Valence, nous vous recommandons de profiter de votre temps pour visiter d&#8217;autres villes m\u00e9di\u00e9vales attrayantes, avec notre <\/span><b><a href=\"https:\/\/tourtravelandmore.com\/fr\/tours\/espagne-fr\/valencia-fr\/toutes-les-visites-et-activites-privees-valencia-fr-espagne-fr\/visite-privee-de-morella-et-peniscola-depuis-valence\/\">visite priv\u00e9e de Morella et Pe\u00f1\u00edscola depuis Valence<\/a>.<\/b><\/p>\n","protected":false},"excerpt":{"rendered":"<p><span style=\"font-weight: 400;\">Apprenez \u00e0 conna\u00eetre d&#8217;une mani\u00e8re unique et personnalis\u00e9e la ville de X\u00e1tiva, c\u00e9l\u00e8bre pour \u00eatre le lieu de naissance des papes Borgia et parce qu&#8217;elle poss\u00e8de un pr\u00e9cieux patrimoine artistique et culturel. Explorez le centre-ville, la Plaza de la Trinidad, la coll\u00e9giale, son ch\u00e2teau symbolique et bien plus encore lors de cette visite priv\u00e9e avec transfert depuis Valence dans une voiture confortable et en compagnie d&#8217;un guide officiel.<\/span><\/p>\n","protected":false},"featured_media":119818,"comment_status":"open","ping_status":"closed","template":"","meta":{"_acf_changed":false},"product_brand":[],"product_cat":[3674,4077,4078,4079],"product_tag":[],"class_list":{"0":"post-119095","1":"product","2":"type-product","3":"status-publish","4":"has-post-thumbnail","6":"product_cat-valencia-fr","7":"product_cat-toutes-les-visites-et-activites-privees-valencia-fr-espagne-fr","8":"product_cat-private-sightseeing-tours-fr-70","9":"product_cat-private-day-trips-fr","11":"first","12":"instock","13":"shipping-taxable","14":"purchasable","15":"product-type-simple"},"acf":[],"yoast_head":"<!-- This site is optimized with the Yoast SEO Premium plugin v25.3.1 (Yoast SEO v25.3.1) - https:\/\/yoast.com\/wordpress\/plugins\/seo\/ -->\n<title>Visite priv\u00e9e de X\u00e1tiva depuis Valence avec guide priv\u00e9 et voiture priv\u00e9e inclus.<\/title>\n<meta name=\"description\" content=\"Voulez-vous conna\u00eetre une ville m\u00e9di\u00e9vale pleine d&#039;histoire et de charme ? Profitez d&#039;une visite priv\u00e9e de X\u00e1tiva pour conna\u00eetre la ville des Borgia et l&#039;une des plus importantes forteresses de la couronne d&#039;Aragon.\" \/>\n<meta name=\"robots\" content=\"index, follow, max-snippet:-1, max-image-preview:large, max-video-preview:-1\" \/>\n<link rel=\"canonical\" href=\"https:\/\/tourtravelandmore.com\/fr\/tours\/espagne-fr\/valencia-fr\/toutes-les-visites-et-activites-privees-valencia-fr-espagne-fr\/visite-privee-de-xativa-depuis-valence\/\" \/>\n<meta property=\"og:locale\" content=\"fr_FR\" \/>\n<meta property=\"og:type\" content=\"article\" \/>\n<meta property=\"og:title\" content=\"Visite priv\u00e9e de X\u00e1tiva depuis Valence\" \/>\n<meta property=\"og:description\" content=\"Voulez-vous conna\u00eetre une ville m\u00e9di\u00e9vale pleine d&#039;histoire et de charme ? Profitez d&#039;une visite priv\u00e9e de X\u00e1tiva pour conna\u00eetre la ville des Borgia et l&#039;une des plus importantes forteresses de la couronne d&#039;Aragon.\" \/>\n<meta property=\"og:url\" content=\"https:\/\/tourtravelandmore.com\/fr\/tours\/espagne-fr\/valencia-fr\/toutes-les-visites-et-activites-privees-valencia-fr-espagne-fr\/visite-privee-de-xativa-depuis-valence\/\" \/>\n<meta property=\"og:site_name\" content=\"Tour Travel And More\" \/>\n<meta property=\"article:publisher\" content=\"https:\/\/www.facebook.com\/tourtravelandmore\/\" \/>\n<meta property=\"article:modified_time\" content=\"2022-02-21T20:12:27+00:00\" \/>\n<meta property=\"og:image\" content=\"https:\/\/tourtravelandmore.com\/wp-content\/uploads\/2022\/02\/6.jpg\" \/>\n\t<meta property=\"og:image:width\" content=\"2400\" \/>\n\t<meta property=\"og:image:height\" content=\"1600\" \/>\n\t<meta property=\"og:image:type\" content=\"image\/jpeg\" \/>\n<meta name=\"twitter:card\" content=\"summary_large_image\" \/>\n<meta name=\"twitter:site\" content=\"@TourTravel_More\" \/>\n<meta name=\"twitter:label1\" content=\"Dur\u00e9e de lecture estim\u00e9e\" \/>\n\t<meta name=\"twitter:data1\" content=\"4 minutes\" \/>\n<script type=\"application\/ld+json\" class=\"yoast-schema-graph\">{\"@context\":\"https:\/\/schema.org\",\"@graph\":[{\"@type\":\"WebPage\",\"@id\":\"https:\/\/tourtravelandmore.com\/fr\/tours\/espagne-fr\/valencia-fr\/toutes-les-visites-et-activites-privees-valencia-fr-espagne-fr\/visite-privee-de-xativa-depuis-valence\/\",\"url\":\"https:\/\/tourtravelandmore.com\/fr\/tours\/espagne-fr\/valencia-fr\/toutes-les-visites-et-activites-privees-valencia-fr-espagne-fr\/visite-privee-de-xativa-depuis-valence\/\",\"name\":\"Visite priv\u00e9e de X\u00e1tiva depuis Valence avec guide priv\u00e9 et voiture priv\u00e9e inclus.\",\"isPartOf\":{\"@id\":\"https:\/\/tourtravelandmore.com\/fr\/#website\"},\"primaryImageOfPage\":{\"@id\":\"https:\/\/tourtravelandmore.com\/fr\/tours\/espagne-fr\/valencia-fr\/toutes-les-visites-et-activites-privees-valencia-fr-espagne-fr\/visite-privee-de-xativa-depuis-valence\/#primaryimage\"},\"image\":{\"@id\":\"https:\/\/tourtravelandmore.com\/fr\/tours\/espagne-fr\/valencia-fr\/toutes-les-visites-et-activites-privees-valencia-fr-espagne-fr\/visite-privee-de-xativa-depuis-valence\/#primaryimage\"},\"thumbnailUrl\":\"https:\/\/tourtravelandmore.com\/wp-content\/uploads\/2022\/02\/6.jpg\",\"datePublished\":\"2022-02-11T15:52:22+00:00\",\"dateModified\":\"2022-02-21T20:12:27+00:00\",\"description\":\"Voulez-vous conna\u00eetre une ville m\u00e9di\u00e9vale pleine d'histoire et de charme ? Profitez d'une visite priv\u00e9e de X\u00e1tiva pour conna\u00eetre la ville des Borgia et l'une des plus importantes forteresses de la couronne d'Aragon.\",\"breadcrumb\":{\"@id\":\"https:\/\/tourtravelandmore.com\/fr\/tours\/espagne-fr\/valencia-fr\/toutes-les-visites-et-activites-privees-valencia-fr-espagne-fr\/visite-privee-de-xativa-depuis-valence\/#breadcrumb\"},\"inLanguage\":\"fr-FR\",\"potentialAction\":[{\"@type\":\"ReadAction\",\"target\":[\"https:\/\/tourtravelandmore.com\/fr\/tours\/espagne-fr\/valencia-fr\/toutes-les-visites-et-activites-privees-valencia-fr-espagne-fr\/visite-privee-de-xativa-depuis-valence\/\"]}]},{\"@type\":\"ImageObject\",\"inLanguage\":\"fr-FR\",\"@id\":\"https:\/\/tourtravelandmore.com\/fr\/tours\/espagne-fr\/valencia-fr\/toutes-les-visites-et-activites-privees-valencia-fr-espagne-fr\/visite-privee-de-xativa-depuis-valence\/#primaryimage\",\"url\":\"https:\/\/tourtravelandmore.com\/wp-content\/uploads\/2022\/02\/6.jpg\",\"contentUrl\":\"https:\/\/tourtravelandmore.com\/wp-content\/uploads\/2022\/02\/6.jpg\",\"width\":2400,\"height\":1600},{\"@type\":\"BreadcrumbList\",\"@id\":\"https:\/\/tourtravelandmore.com\/fr\/tours\/espagne-fr\/valencia-fr\/toutes-les-visites-et-activites-privees-valencia-fr-espagne-fr\/visite-privee-de-xativa-depuis-valence\/#breadcrumb\",\"itemListElement\":[{\"@type\":\"ListItem\",\"position\":1,\"name\":\"Home\",\"item\":\"https:\/\/tourtravelandmore.com\/fr\/\"},{\"@type\":\"ListItem\",\"position\":2,\"name\":\"Tours\",\"item\":\"https:\/\/tourtravelandmore.com\/fr\/tours\/\"},{\"@type\":\"ListItem\",\"position\":3,\"name\":\"Visite priv\u00e9e de X\u00e1tiva depuis Valence\"}]},{\"@type\":\"WebSite\",\"@id\":\"https:\/\/tourtravelandmore.com\/fr\/#website\",\"url\":\"https:\/\/tourtravelandmore.com\/fr\/\",\"name\":\"Tour Travel And More\",\"description\":\"Private sightseeing tours and luxury transfers in Spain\",\"publisher\":{\"@id\":\"https:\/\/tourtravelandmore.com\/fr\/#organization\"},\"potentialAction\":[{\"@type\":\"SearchAction\",\"target\":{\"@type\":\"EntryPoint\",\"urlTemplate\":\"https:\/\/tourtravelandmore.com\/fr\/?s={search_term_string}\"},\"query-input\":{\"@type\":\"PropertyValueSpecification\",\"valueRequired\":true,\"valueName\":\"search_term_string\"}}],\"inLanguage\":\"fr-FR\"},{\"@type\":\"Organization\",\"@id\":\"https:\/\/tourtravelandmore.com\/fr\/#organization\",\"name\":\"Tour Travel And More\",\"url\":\"https:\/\/tourtravelandmore.com\/fr\/\",\"logo\":{\"@type\":\"ImageObject\",\"inLanguage\":\"fr-FR\",\"@id\":\"https:\/\/tourtravelandmore.com\/fr\/#\/schema\/logo\/image\/\",\"url\":\"https:\/\/tourtravelandmore.com\/wp-content\/uploads\/2022\/12\/cropped-logo-cabecera-new.png\",\"contentUrl\":\"https:\/\/tourtravelandmore.com\/wp-content\/uploads\/2022\/12\/cropped-logo-cabecera-new.png\",\"width\":430,\"height\":61,\"caption\":\"Tour Travel And More\"},\"image\":{\"@id\":\"https:\/\/tourtravelandmore.com\/fr\/#\/schema\/logo\/image\/\"},\"sameAs\":[\"https:\/\/www.facebook.com\/tourtravelandmore\/\",\"https:\/\/x.com\/TourTravel_More\"]}]}<\/script>\n<!-- \/ Yoast SEO Premium plugin. -->","yoast_head_json":{"title":"Visite priv\u00e9e de X\u00e1tiva depuis Valence avec guide priv\u00e9 et voiture priv\u00e9e inclus.","description":"Voulez-vous conna\u00eetre une ville m\u00e9di\u00e9vale pleine d'histoire et de charme ? Profitez d'une visite priv\u00e9e de X\u00e1tiva pour conna\u00eetre la ville des Borgia et l'une des plus importantes forteresses de la couronne d'Aragon.","robots":{"index":"index","follow":"follow","max-snippet":"max-snippet:-1","max-image-preview":"max-image-preview:large","max-video-preview":"max-video-preview:-1"},"canonical":"https:\/\/tourtravelandmore.com\/fr\/tours\/espagne-fr\/valencia-fr\/toutes-les-visites-et-activites-privees-valencia-fr-espagne-fr\/visite-privee-de-xativa-depuis-valence\/","og_locale":"fr_FR","og_type":"article","og_title":"Visite priv\u00e9e de X\u00e1tiva depuis Valence","og_description":"Voulez-vous conna\u00eetre une ville m\u00e9di\u00e9vale pleine d'histoire et de charme ? Profitez d'une visite priv\u00e9e de X\u00e1tiva pour conna\u00eetre la ville des Borgia et l'une des plus importantes forteresses de la couronne d'Aragon.","og_url":"https:\/\/tourtravelandmore.com\/fr\/tours\/espagne-fr\/valencia-fr\/toutes-les-visites-et-activites-privees-valencia-fr-espagne-fr\/visite-privee-de-xativa-depuis-valence\/","og_site_name":"Tour Travel And More","article_publisher":"https:\/\/www.facebook.com\/tourtravelandmore\/","article_modified_time":"2022-02-21T20:12:27+00:00","og_image":[{"width":2400,"height":1600,"url":"https:\/\/tourtravelandmore.com\/wp-content\/uploads\/2022\/02\/6.jpg","type":"image\/jpeg"}],"twitter_card":"summary_large_image","twitter_site":"@TourTravel_More","twitter_misc":{"Dur\u00e9e de lecture estim\u00e9e":"4 minutes"},"schema":{"@context":"https:\/\/schema.org","@graph":[{"@type":"WebPage","@id":"https:\/\/tourtravelandmore.com\/fr\/tours\/espagne-fr\/valencia-fr\/toutes-les-visites-et-activites-privees-valencia-fr-espagne-fr\/visite-privee-de-xativa-depuis-valence\/","url":"https:\/\/tourtravelandmore.com\/fr\/tours\/espagne-fr\/valencia-fr\/toutes-les-visites-et-activites-privees-valencia-fr-espagne-fr\/visite-privee-de-xativa-depuis-valence\/","name":"Visite priv\u00e9e de X\u00e1tiva depuis Valence avec guide priv\u00e9 et voiture priv\u00e9e inclus.","isPartOf":{"@id":"https:\/\/tourtravelandmore.com\/fr\/#website"},"primaryImageOfPage":{"@id":"https:\/\/tourtravelandmore.com\/fr\/tours\/espagne-fr\/valencia-fr\/toutes-les-visites-et-activites-privees-valencia-fr-espagne-fr\/visite-privee-de-xativa-depuis-valence\/#primaryimage"},"image":{"@id":"https:\/\/tourtravelandmore.com\/fr\/tours\/espagne-fr\/valencia-fr\/toutes-les-visites-et-activites-privees-valencia-fr-espagne-fr\/visite-privee-de-xativa-depuis-valence\/#primaryimage"},"thumbnailUrl":"https:\/\/tourtravelandmore.com\/wp-content\/uploads\/2022\/02\/6.jpg","datePublished":"2022-02-11T15:52:22+00:00","dateModified":"2022-02-21T20:12:27+00:00","description":"Voulez-vous conna\u00eetre une ville m\u00e9di\u00e9vale pleine d'histoire et de charme ? Profitez d'une visite priv\u00e9e de X\u00e1tiva pour conna\u00eetre la ville des Borgia et l'une des plus importantes forteresses de la couronne d'Aragon.","breadcrumb":{"@id":"https:\/\/tourtravelandmore.com\/fr\/tours\/espagne-fr\/valencia-fr\/toutes-les-visites-et-activites-privees-valencia-fr-espagne-fr\/visite-privee-de-xativa-depuis-valence\/#breadcrumb"},"inLanguage":"fr-FR","potentialAction":[{"@type":"ReadAction","target":["https:\/\/tourtravelandmore.com\/fr\/tours\/espagne-fr\/valencia-fr\/toutes-les-visites-et-activites-privees-valencia-fr-espagne-fr\/visite-privee-de-xativa-depuis-valence\/"]}]},{"@type":"ImageObject","inLanguage":"fr-FR","@id":"https:\/\/tourtravelandmore.com\/fr\/tours\/espagne-fr\/valencia-fr\/toutes-les-visites-et-activites-privees-valencia-fr-espagne-fr\/visite-privee-de-xativa-depuis-valence\/#primaryimage","url":"https:\/\/tourtravelandmore.com\/wp-content\/uploads\/2022\/02\/6.jpg","contentUrl":"https:\/\/tourtravelandmore.com\/wp-content\/uploads\/2022\/02\/6.jpg","width":2400,"height":1600},{"@type":"BreadcrumbList","@id":"https:\/\/tourtravelandmore.com\/fr\/tours\/espagne-fr\/valencia-fr\/toutes-les-visites-et-activites-privees-valencia-fr-espagne-fr\/visite-privee-de-xativa-depuis-valence\/#breadcrumb","itemListElement":[{"@type":"ListItem","position":1,"name":"Home","item":"https:\/\/tourtravelandmore.com\/fr\/"},{"@type":"ListItem","position":2,"name":"Tours","item":"https:\/\/tourtravelandmore.com\/fr\/tours\/"},{"@type":"ListItem","position":3,"name":"Visite priv\u00e9e de X\u00e1tiva depuis Valence"}]},{"@type":"WebSite","@id":"https:\/\/tourtravelandmore.com\/fr\/#website","url":"https:\/\/tourtravelandmore.com\/fr\/","name":"Tour Travel And More","description":"Private sightseeing tours and luxury transfers in Spain","publisher":{"@id":"https:\/\/tourtravelandmore.com\/fr\/#organization"},"potentialAction":[{"@type":"SearchAction","target":{"@type":"EntryPoint","urlTemplate":"https:\/\/tourtravelandmore.com\/fr\/?s={search_term_string}"},"query-input":{"@type":"PropertyValueSpecification","valueRequired":true,"valueName":"search_term_string"}}],"inLanguage":"fr-FR"},{"@type":"Organization","@id":"https:\/\/tourtravelandmore.com\/fr\/#organization","name":"Tour Travel And More","url":"https:\/\/tourtravelandmore.com\/fr\/","logo":{"@type":"ImageObject","inLanguage":"fr-FR","@id":"https:\/\/tourtravelandmore.com\/fr\/#\/schema\/logo\/image\/","url":"https:\/\/tourtravelandmore.com\/wp-content\/uploads\/2022\/12\/cropped-logo-cabecera-new.png","contentUrl":"https:\/\/tourtravelandmore.com\/wp-content\/uploads\/2022\/12\/cropped-logo-cabecera-new.png","width":430,"height":61,"caption":"Tour Travel And More"},"image":{"@id":"https:\/\/tourtravelandmore.com\/fr\/#\/schema\/logo\/image\/"},"sameAs":["https:\/\/www.facebook.com\/tourtravelandmore\/","https:\/\/x.com\/TourTravel_More"]}]}},"_links":{"self":[{"href":"https:\/\/tourtravelandmore.com\/fr\/wp-json\/wp\/v2\/product\/119095","targetHints":{"allow":["GET"]}}],"collection":[{"href":"https:\/\/tourtravelandmore.com\/fr\/wp-json\/wp\/v2\/product"}],"about":[{"href":"https:\/\/tourtravelandmore.com\/fr\/wp-json\/wp\/v2\/types\/product"}],"replies":[{"embeddable":true,"href":"https:\/\/tourtravelandmore.com\/fr\/wp-json\/wp\/v2\/comments?post=119095"}],"wp:featuredmedia":[{"embeddable":true,"href":"https:\/\/tourtravelandmore.com\/fr\/wp-json\/wp\/v2\/media\/119818"}],"wp:attachment":[{"href":"https:\/\/tourtravelandmore.com\/fr\/wp-json\/wp\/v2\/media?parent=119095"}],"wp:term":[{"taxonomy":"product_brand","embeddable":true,"href":"https:\/\/tourtravelandmore.com\/fr\/wp-json\/wp\/v2\/product_brand?post=119095"},{"taxonomy":"product_cat","embeddable":true,"href":"https:\/\/tourtravelandmore.com\/fr\/wp-json\/wp\/v2\/product_cat?post=119095"},{"taxonomy":"product_tag","embeddable":true,"href":"https:\/\/tourtravelandmore.com\/fr\/wp-json\/wp\/v2\/product_tag?post=119095"}],"curies":[{"name":"wp","href":"https:\/\/api.w.org\/{rel}","templated":true}]}}