{"id":119058,"date":"2022-02-11T12:23:34","date_gmt":"2022-02-11T11:23:42","guid":{"rendered":"https:\/\/tourtravelandmore.com\/?post_type=product&#038;p=119058"},"modified":"2022-02-18T19:09:29","modified_gmt":"2022-02-18T18:09:29","slug":"visite-privee-de-morella-et-peniscola-depuis-valence","status":"publish","type":"product","link":"https:\/\/tourtravelandmore.com\/fr\/tours\/espagne-fr\/valencia-fr\/toutes-les-visites-et-activites-privees-valencia-fr-espagne-fr\/visite-privee-de-morella-et-peniscola-depuis-valence\/","title":{"rendered":"Visite priv\u00e9e de Morella et Pe\u00f1\u00edscola depuis Valence"},"content":{"rendered":"<h2><b>Description de la visite priv\u00e9e de Morella et Pe\u00f1\u00edscola depuis Valence<\/b><\/h2>\n<p><span style=\"font-weight: 400;\">Profitez de votre s\u00e9jour dans la communaut\u00e9 valencienne pour explorer deux villages consid\u00e9r\u00e9s dans le monde entier comme faisant partie des plus beaux de toute l&#8217;Espagne.\u00a0<\/span><\/p>\n<p><span style=\"font-weight: 400;\">Notre <\/span><b>visite priv\u00e9e de Morella et Pe\u00f1\u00edscola depuis Valence <\/b><span style=\"font-weight: 400;\">vous offre l&#8217;opportunit\u00e9 de visiter chaque recoin de ces villes de mani\u00e8re exclusive, confortable et personnalis\u00e9e.\u00a0<\/span><\/p>\n<p><span style=\"font-weight: 400;\">L&#8217;ensemble de la visite se d\u00e9roule dans une voiture de luxe et en compagnie d&#8217;un guide officiel priv\u00e9, afin que vous puissiez profiter de chaque minute de cette excursion guid\u00e9e.\u00a0<\/span><\/p>\n<p><span style=\"font-weight: 400;\">Profitez d&#8217;une vue incroyable sur les <\/span><b>villages m\u00e9di\u00e9vaux les plus embl\u00e9matiques de Castell\u00f3n <\/b><span style=\"font-weight: 400;\">sans avoir \u00e0 vous soucier de rien d&#8217;autre que d&#8217;appr\u00e9cier le paysage.\u00a0<\/span><\/p>\n<p><span style=\"font-weight: 400;\">Dans cette excursion, nous pouvons venir vous chercher \u00e0 l&#8217;endroit que vous indiquez \u00e0 Valence. Et de ce point nous partirons en voiture priv\u00e9e \u00e0 Castell\u00f3n pour arriver \u00e0 Morella.\u00a0<\/span><\/p>\n<p><span style=\"font-weight: 400;\">Cette ville est consid\u00e9r\u00e9e comme l&#8217;un des joyaux cach\u00e9s d&#8217;Espagne, car ses rues pav\u00e9es et son ch\u00e2teau symbolique situ\u00e9 au sommet de la ville en font un lieu incontournable \u00e0 visiter dans la communaut\u00e9 valencienne.\u00a0<\/span><\/p>\n<p><span style=\"font-weight: 400;\">Nous continuerons vers Pe\u00f1\u00edscola. L\u00e0, vous serez surpris par son architecture m\u00e9di\u00e9vale, qui semble sortir d&#8217;un conte de f\u00e9es. Ce n&#8217;est d&#8217;ailleurs pas un hasard si Pe\u00f1\u00edscola a servi de d\u00e9cor \u00e0 la c\u00e9l\u00e8bre s\u00e9rie Game of Thrones.\u00a0<\/span><\/p>\n<p><span style=\"font-weight: 400;\">Vous verrez le ch\u00e2teau qui a servi de r\u00e9sidence au pape Luna et son magnifique littoral entour\u00e9 de sable fin et d&#8217;eaux cristallines.\u00a0<\/span><\/p>\n<p><span style=\"font-weight: 400;\">En outre, \u00e0 Morella et Pe\u00f1\u00edscola, vous trouverez de nombreux monuments et b\u00e2timents qui repr\u00e9sentent la grande influence laiss\u00e9e par les musulmans, les romains, les templiers et les catholiques dans la r\u00e9gion.\u00a0\u00a0<\/span><\/p>\n<p><span style=\"font-weight: 400;\">\u00c0 la fin de la <\/span><b>visite guid\u00e9e de 9 heures, nous <\/b><span style=\"font-weight: 400;\">vous ram\u00e8nerons en toute s\u00e9curit\u00e9 \u00e0 Valence.\u00a0<\/span><\/p>\n<p><span style=\"font-weight: 400;\">Nous savons d&#8217;avance qu&#8217;il s&#8217;agira d&#8217;un voyage inoubliable et id\u00e9al pour accumuler de bons souvenirs.\u00a0<\/span><\/p>\n<h2><span style=\"color: #d3af37;\"><b>Points d&#8217;int\u00e9r\u00eat de la visite priv\u00e9e<\/b><\/span><\/h2>\n<p><span style=\"font-weight: 400;\">N&#8217;h\u00e9sitez pas et offrez-vous une escapade \u00e0 Morella et Pe\u00f1\u00edscola pour conna\u00eetre les villages les plus pittoresques et les plus repr\u00e9sentatifs de l&#8217;\u00e9poque m\u00e9di\u00e9vale.\u00a0<\/span><\/p>\n<p><span style=\"font-weight: 400;\">Nous commencerons la visite en vous cherchant \u00e0 Valence \u00e0 l&#8217;endroit qui vous convient le mieux. De ce lieu de votre choix, nous commencerons une incroyable visite des sites suivants :\u00a0<\/span><\/p>\n<h3><span style=\"color: #d3af37;\"><b>Morella, le joyau cach\u00e9 de l&#8217;Espagne\u00a0<\/b><\/span><\/h3>\n<p><span style=\"font-weight: 400;\">Pour commencer, nous vous disons que Morella se distingue comme l&#8217;<\/span><b>un des villages les plus pittoresques et les plus beaux d&#8217;Espagne.\u00a0<\/b><\/p>\n<p><span style=\"font-weight: 400;\">C&#8217;est une ville qui a \u00e9t\u00e9 fond\u00e9e sur un rocher en forme de c\u00f4ne, ce qui lui donne une forme verticale tr\u00e8s frappante.\u00a0<\/span><\/p>\n<p><span style=\"font-weight: 400;\">En outre, la ville poss\u00e8de une grande muraille qui l&#8217;entoure compl\u00e8tement et fait plus de 2 kilom\u00e8tres de long.\u00a0<\/span><\/p>\n<p><span style=\"font-weight: 400;\">L&#8217;un des lieux les plus importants \u00e0 visiter \u00e0 Morella est son immense ch\u00e2teau, qui se trouve au sommet de la ville elle-m\u00eame. En fait, sa forme ressemble \u00e0 une couronne.\u00a0<\/span><\/p>\n<p><span style=\"font-weight: 400;\">Cette imposante forteresse \u00e9tait la construction la plus convoit\u00e9e au Moyen \u00c2ge par la royaut\u00e9, car son emplacement \u00e9tait id\u00e9al pour la d\u00e9fense de la couronne.\u00a0<\/span><\/p>\n<p><span style=\"font-weight: 400;\">Vous pouvez \u00e9galement vous promener dans le centre historique de Morella et visiter la Basilique de Santa Maria Maggiore de Morella et d&#8217;autres lieux, comme la Basilique de Santa Maria Maggiore de Morella :\u00a0<\/span><\/p>\n<ul>\n<li><b>Murs.<\/b><\/li>\n<li><b>Les anciennes portes.<\/b><\/li>\n<li><b>L&#8217;aqueduc de Santa Lucia.<\/b><\/li>\n<li><b>Couvent de San Francisco.<\/b><\/li>\n<li><b>La F\u00e0brica Giner.<\/b><\/li>\n<li><b>Portail de la Nevera.<\/b><\/li>\n<li><b>Rue Blasco de Alag\u00f3n.<\/b><\/li>\n<li><b>Tour Consell.<\/b><\/li>\n<li><b>Et d&#8217;autres endroits.<\/b><\/li>\n<\/ul>\n<h3><span style=\"color: #d3af37;\"><b>Conna\u00eetre Pe\u00f1\u00edscola, la maison du pape Luna<\/b><\/span><\/h3>\n<p><span style=\"font-weight: 400;\">De majestueuses plages d&#8217;eau bleu turquoise entourent la splendide ville de Pe\u00f1\u00edscola.\u00a0<\/span><\/p>\n<p><span style=\"font-weight: 400;\">Nous arriverons \u00e0 cette localit\u00e9 en voiture priv\u00e9e pour rejoindre son port de p\u00eache, qui est en activit\u00e9 depuis des mill\u00e9naires.\u00a0<\/span><\/p>\n<p><span style=\"font-weight: 400;\">Vous visiterez \u00e9galement le ch\u00e2teau de Pe\u00f1\u00edscola, le lieu o\u00f9 Beno\u00eet XIII, plus connu sous le nom de Pape Luna ou d&#8217;antipape, a \u00e9t\u00e9 enferm\u00e9.\u00a0<\/span><\/p>\n<p><span style=\"font-weight: 400;\">Vous pouvez \u00e9galement explorer &#8220;el Bufador&#8221;, qui est un trou profond situ\u00e9 au centre de la ville o\u00f9 l&#8217;eau de mer p\u00e9n\u00e8tre lorsque les vagues sont tr\u00e8s fortes.\u00a0<\/span><\/p>\n<p><span style=\"font-weight: 400;\">La meilleure partie de la visite est que <\/span><b>vous serez accompagn\u00e9 d&#8217;un guide priv\u00e9 <\/b><span style=\"font-weight: 400;\">qui vous donnera tous les d\u00e9tails historiques des points d&#8217;int\u00e9r\u00eat que vous visiterez.\u00a0<\/span><\/p>\n<p><span style=\"font-weight: 400;\">Vous d\u00e9couvrirez \u00e9galement :\u00a0<\/span><\/p>\n<ul>\n<li><b>Casa de las Conchas<\/b><\/li>\n<li><b>Plages de Pe\u00f1\u00edscola<\/b><\/li>\n<li><b>L&#8217;Ermitage de la Vierge<\/b><\/li>\n<li><b>Le phare\u00a0<\/b><\/li>\n<li><b>Parmi beaucoup d&#8217;autres endroits.\u00a0<\/b><\/li>\n<\/ul>\n<p><span style=\"font-weight: 400;\">Lorsque nous aurons termin\u00e9, nous vous ram\u00e8nerons \u00e0 Valence pour vous d\u00e9poser \u00e0 votre destination.\u00a0<\/span><\/p>\n<p><span style=\"font-weight: 400;\">Si vous souhaitez vivre une exp\u00e9rience diff\u00e9rente, vous pouvez participer \u00e0 notre <\/span><b>visite priv\u00e9e des vignobles de Valence et \u00e0 notre d\u00e9gustation de vin<\/b><span style=\"font-weight: 400;\">.<\/span><\/p>\n","protected":false},"excerpt":{"rendered":"<p><span style=\"font-weight: 400;\">Vous voulez visiter deux villes m\u00e9di\u00e9vales inoubliables ? Cette visite priv\u00e9e de Morella et Pe\u00f1\u00edscola vous fera d\u00e9couvrir certaines des plus belles villes d&#8217;Espagne. Vous verrez la r\u00e9sidence du Pape Luna, certains sc\u00e9narios de la s\u00e9rie Game of Thrones et des murs anciens de plus de 2 kilom\u00e8tres de long. En outre, nous vous transf\u00e9rerons de Valence dans une voiture de luxe priv\u00e9e et accompagn\u00e9 d&#8217;un guide priv\u00e9 expert en histoire. <\/span><\/p>\n","protected":false},"featured_media":119211,"comment_status":"open","ping_status":"closed","template":"","meta":{"_acf_changed":false},"product_brand":[],"product_cat":[3674,4077,4078,4079],"product_tag":[],"class_list":{"0":"post-119058","1":"product","2":"type-product","3":"status-publish","4":"has-post-thumbnail","6":"product_cat-valencia-fr","7":"product_cat-toutes-les-visites-et-activites-privees-valencia-fr-espagne-fr","8":"product_cat-private-sightseeing-tours-fr-70","9":"product_cat-private-day-trips-fr","11":"first","12":"instock","13":"shipping-taxable","14":"purchasable","15":"product-type-simple"},"acf":[],"yoast_head":"<!-- This site is optimized with the Yoast SEO Premium plugin v25.3.1 (Yoast SEO v25.3.1) - https:\/\/yoast.com\/wordpress\/plugins\/seo\/ -->\n<title>Visite priv\u00e9e de Morella et Pe\u00f1\u00edscola depuis Valence avec guide priv\u00e9 et transfert en voiture de luxe<\/title>\n<meta name=\"description\" content=\"D\u00e9couvrez Morella, une ville ancienne construite verticalement, et Pe\u00f1\u00edscola, la ville qui a accueilli le pape Luna, lors de cette visite priv\u00e9e de 9 heures avec guide et voiture priv\u00e9e inclus.\" \/>\n<meta name=\"robots\" content=\"index, follow, max-snippet:-1, max-image-preview:large, max-video-preview:-1\" \/>\n<link rel=\"canonical\" href=\"https:\/\/tourtravelandmore.com\/fr\/tours\/espagne-fr\/valencia-fr\/toutes-les-visites-et-activites-privees-valencia-fr-espagne-fr\/visite-privee-de-morella-et-peniscola-depuis-valence\/\" \/>\n<meta property=\"og:locale\" content=\"fr_FR\" \/>\n<meta property=\"og:type\" content=\"article\" \/>\n<meta property=\"og:title\" content=\"Visite priv\u00e9e de Morella et Pe\u00f1\u00edscola depuis Valence\" \/>\n<meta property=\"og:description\" content=\"D\u00e9couvrez Morella, une ville ancienne construite verticalement, et Pe\u00f1\u00edscola, la ville qui a accueilli le pape Luna, lors de cette visite priv\u00e9e de 9 heures avec guide et voiture priv\u00e9e inclus.\" \/>\n<meta property=\"og:url\" content=\"https:\/\/tourtravelandmore.com\/fr\/tours\/espagne-fr\/valencia-fr\/toutes-les-visites-et-activites-privees-valencia-fr-espagne-fr\/visite-privee-de-morella-et-peniscola-depuis-valence\/\" \/>\n<meta property=\"og:site_name\" content=\"Tour Travel And More\" \/>\n<meta property=\"article:publisher\" content=\"https:\/\/www.facebook.com\/tourtravelandmore\/\" \/>\n<meta property=\"article:modified_time\" content=\"2022-02-18T18:09:29+00:00\" \/>\n<meta property=\"og:image\" content=\"https:\/\/tourtravelandmore.com\/wp-content\/uploads\/2022\/02\/Untitled-design-2.jpg\" \/>\n\t<meta property=\"og:image:width\" content=\"900\" \/>\n\t<meta property=\"og:image:height\" content=\"600\" \/>\n\t<meta property=\"og:image:type\" content=\"image\/jpeg\" \/>\n<meta name=\"twitter:card\" content=\"summary_large_image\" \/>\n<meta name=\"twitter:site\" content=\"@TourTravel_More\" \/>\n<meta name=\"twitter:label1\" content=\"Dur\u00e9e de lecture estim\u00e9e\" \/>\n\t<meta name=\"twitter:data1\" content=\"4 minutes\" \/>\n<script type=\"application\/ld+json\" class=\"yoast-schema-graph\">{\"@context\":\"https:\/\/schema.org\",\"@graph\":[{\"@type\":\"WebPage\",\"@id\":\"https:\/\/tourtravelandmore.com\/fr\/tours\/espagne-fr\/valencia-fr\/toutes-les-visites-et-activites-privees-valencia-fr-espagne-fr\/visite-privee-de-morella-et-peniscola-depuis-valence\/\",\"url\":\"https:\/\/tourtravelandmore.com\/fr\/tours\/espagne-fr\/valencia-fr\/toutes-les-visites-et-activites-privees-valencia-fr-espagne-fr\/visite-privee-de-morella-et-peniscola-depuis-valence\/\",\"name\":\"Visite priv\u00e9e de Morella et Pe\u00f1\u00edscola depuis Valence avec guide priv\u00e9 et transfert en voiture de luxe\",\"isPartOf\":{\"@id\":\"https:\/\/tourtravelandmore.com\/fr\/#website\"},\"primaryImageOfPage\":{\"@id\":\"https:\/\/tourtravelandmore.com\/fr\/tours\/espagne-fr\/valencia-fr\/toutes-les-visites-et-activites-privees-valencia-fr-espagne-fr\/visite-privee-de-morella-et-peniscola-depuis-valence\/#primaryimage\"},\"image\":{\"@id\":\"https:\/\/tourtravelandmore.com\/fr\/tours\/espagne-fr\/valencia-fr\/toutes-les-visites-et-activites-privees-valencia-fr-espagne-fr\/visite-privee-de-morella-et-peniscola-depuis-valence\/#primaryimage\"},\"thumbnailUrl\":\"https:\/\/tourtravelandmore.com\/wp-content\/uploads\/2022\/02\/Untitled-design-2.jpg\",\"datePublished\":\"2022-02-11T11:23:42+00:00\",\"dateModified\":\"2022-02-18T18:09:29+00:00\",\"description\":\"D\u00e9couvrez Morella, une ville ancienne construite verticalement, et Pe\u00f1\u00edscola, la ville qui a accueilli le pape Luna, lors de cette visite priv\u00e9e de 9 heures avec guide et voiture priv\u00e9e inclus.\",\"breadcrumb\":{\"@id\":\"https:\/\/tourtravelandmore.com\/fr\/tours\/espagne-fr\/valencia-fr\/toutes-les-visites-et-activites-privees-valencia-fr-espagne-fr\/visite-privee-de-morella-et-peniscola-depuis-valence\/#breadcrumb\"},\"inLanguage\":\"fr-FR\",\"potentialAction\":[{\"@type\":\"ReadAction\",\"target\":[\"https:\/\/tourtravelandmore.com\/fr\/tours\/espagne-fr\/valencia-fr\/toutes-les-visites-et-activites-privees-valencia-fr-espagne-fr\/visite-privee-de-morella-et-peniscola-depuis-valence\/\"]}]},{\"@type\":\"ImageObject\",\"inLanguage\":\"fr-FR\",\"@id\":\"https:\/\/tourtravelandmore.com\/fr\/tours\/espagne-fr\/valencia-fr\/toutes-les-visites-et-activites-privees-valencia-fr-espagne-fr\/visite-privee-de-morella-et-peniscola-depuis-valence\/#primaryimage\",\"url\":\"https:\/\/tourtravelandmore.com\/wp-content\/uploads\/2022\/02\/Untitled-design-2.jpg\",\"contentUrl\":\"https:\/\/tourtravelandmore.com\/wp-content\/uploads\/2022\/02\/Untitled-design-2.jpg\",\"width\":900,\"height\":600},{\"@type\":\"BreadcrumbList\",\"@id\":\"https:\/\/tourtravelandmore.com\/fr\/tours\/espagne-fr\/valencia-fr\/toutes-les-visites-et-activites-privees-valencia-fr-espagne-fr\/visite-privee-de-morella-et-peniscola-depuis-valence\/#breadcrumb\",\"itemListElement\":[{\"@type\":\"ListItem\",\"position\":1,\"name\":\"Home\",\"item\":\"https:\/\/tourtravelandmore.com\/fr\/\"},{\"@type\":\"ListItem\",\"position\":2,\"name\":\"Tours\",\"item\":\"https:\/\/tourtravelandmore.com\/fr\/tours\/\"},{\"@type\":\"ListItem\",\"position\":3,\"name\":\"Visite priv\u00e9e de Morella et Pe\u00f1\u00edscola depuis Valence\"}]},{\"@type\":\"WebSite\",\"@id\":\"https:\/\/tourtravelandmore.com\/fr\/#website\",\"url\":\"https:\/\/tourtravelandmore.com\/fr\/\",\"name\":\"Tour Travel And More\",\"description\":\"Private sightseeing tours and luxury transfers in Spain\",\"publisher\":{\"@id\":\"https:\/\/tourtravelandmore.com\/fr\/#organization\"},\"potentialAction\":[{\"@type\":\"SearchAction\",\"target\":{\"@type\":\"EntryPoint\",\"urlTemplate\":\"https:\/\/tourtravelandmore.com\/fr\/?s={search_term_string}\"},\"query-input\":{\"@type\":\"PropertyValueSpecification\",\"valueRequired\":true,\"valueName\":\"search_term_string\"}}],\"inLanguage\":\"fr-FR\"},{\"@type\":\"Organization\",\"@id\":\"https:\/\/tourtravelandmore.com\/fr\/#organization\",\"name\":\"Tour Travel And More\",\"url\":\"https:\/\/tourtravelandmore.com\/fr\/\",\"logo\":{\"@type\":\"ImageObject\",\"inLanguage\":\"fr-FR\",\"@id\":\"https:\/\/tourtravelandmore.com\/fr\/#\/schema\/logo\/image\/\",\"url\":\"https:\/\/tourtravelandmore.com\/wp-content\/uploads\/2022\/12\/cropped-logo-cabecera-new.png\",\"contentUrl\":\"https:\/\/tourtravelandmore.com\/wp-content\/uploads\/2022\/12\/cropped-logo-cabecera-new.png\",\"width\":430,\"height\":61,\"caption\":\"Tour Travel And More\"},\"image\":{\"@id\":\"https:\/\/tourtravelandmore.com\/fr\/#\/schema\/logo\/image\/\"},\"sameAs\":[\"https:\/\/www.facebook.com\/tourtravelandmore\/\",\"https:\/\/x.com\/TourTravel_More\"]}]}<\/script>\n<!-- \/ Yoast SEO Premium plugin. -->","yoast_head_json":{"title":"Visite priv\u00e9e de Morella et Pe\u00f1\u00edscola depuis Valence avec guide priv\u00e9 et transfert en voiture de luxe","description":"D\u00e9couvrez Morella, une ville ancienne construite verticalement, et Pe\u00f1\u00edscola, la ville qui a accueilli le pape Luna, lors de cette visite priv\u00e9e de 9 heures avec guide et voiture priv\u00e9e inclus.","robots":{"index":"index","follow":"follow","max-snippet":"max-snippet:-1","max-image-preview":"max-image-preview:large","max-video-preview":"max-video-preview:-1"},"canonical":"https:\/\/tourtravelandmore.com\/fr\/tours\/espagne-fr\/valencia-fr\/toutes-les-visites-et-activites-privees-valencia-fr-espagne-fr\/visite-privee-de-morella-et-peniscola-depuis-valence\/","og_locale":"fr_FR","og_type":"article","og_title":"Visite priv\u00e9e de Morella et Pe\u00f1\u00edscola depuis Valence","og_description":"D\u00e9couvrez Morella, une ville ancienne construite verticalement, et Pe\u00f1\u00edscola, la ville qui a accueilli le pape Luna, lors de cette visite priv\u00e9e de 9 heures avec guide et voiture priv\u00e9e inclus.","og_url":"https:\/\/tourtravelandmore.com\/fr\/tours\/espagne-fr\/valencia-fr\/toutes-les-visites-et-activites-privees-valencia-fr-espagne-fr\/visite-privee-de-morella-et-peniscola-depuis-valence\/","og_site_name":"Tour Travel And More","article_publisher":"https:\/\/www.facebook.com\/tourtravelandmore\/","article_modified_time":"2022-02-18T18:09:29+00:00","og_image":[{"width":900,"height":600,"url":"https:\/\/tourtravelandmore.com\/wp-content\/uploads\/2022\/02\/Untitled-design-2.jpg","type":"image\/jpeg"}],"twitter_card":"summary_large_image","twitter_site":"@TourTravel_More","twitter_misc":{"Dur\u00e9e de lecture estim\u00e9e":"4 minutes"},"schema":{"@context":"https:\/\/schema.org","@graph":[{"@type":"WebPage","@id":"https:\/\/tourtravelandmore.com\/fr\/tours\/espagne-fr\/valencia-fr\/toutes-les-visites-et-activites-privees-valencia-fr-espagne-fr\/visite-privee-de-morella-et-peniscola-depuis-valence\/","url":"https:\/\/tourtravelandmore.com\/fr\/tours\/espagne-fr\/valencia-fr\/toutes-les-visites-et-activites-privees-valencia-fr-espagne-fr\/visite-privee-de-morella-et-peniscola-depuis-valence\/","name":"Visite priv\u00e9e de Morella et Pe\u00f1\u00edscola depuis Valence avec guide priv\u00e9 et transfert en voiture de luxe","isPartOf":{"@id":"https:\/\/tourtravelandmore.com\/fr\/#website"},"primaryImageOfPage":{"@id":"https:\/\/tourtravelandmore.com\/fr\/tours\/espagne-fr\/valencia-fr\/toutes-les-visites-et-activites-privees-valencia-fr-espagne-fr\/visite-privee-de-morella-et-peniscola-depuis-valence\/#primaryimage"},"image":{"@id":"https:\/\/tourtravelandmore.com\/fr\/tours\/espagne-fr\/valencia-fr\/toutes-les-visites-et-activites-privees-valencia-fr-espagne-fr\/visite-privee-de-morella-et-peniscola-depuis-valence\/#primaryimage"},"thumbnailUrl":"https:\/\/tourtravelandmore.com\/wp-content\/uploads\/2022\/02\/Untitled-design-2.jpg","datePublished":"2022-02-11T11:23:42+00:00","dateModified":"2022-02-18T18:09:29+00:00","description":"D\u00e9couvrez Morella, une ville ancienne construite verticalement, et Pe\u00f1\u00edscola, la ville qui a accueilli le pape Luna, lors de cette visite priv\u00e9e de 9 heures avec guide et voiture priv\u00e9e inclus.","breadcrumb":{"@id":"https:\/\/tourtravelandmore.com\/fr\/tours\/espagne-fr\/valencia-fr\/toutes-les-visites-et-activites-privees-valencia-fr-espagne-fr\/visite-privee-de-morella-et-peniscola-depuis-valence\/#breadcrumb"},"inLanguage":"fr-FR","potentialAction":[{"@type":"ReadAction","target":["https:\/\/tourtravelandmore.com\/fr\/tours\/espagne-fr\/valencia-fr\/toutes-les-visites-et-activites-privees-valencia-fr-espagne-fr\/visite-privee-de-morella-et-peniscola-depuis-valence\/"]}]},{"@type":"ImageObject","inLanguage":"fr-FR","@id":"https:\/\/tourtravelandmore.com\/fr\/tours\/espagne-fr\/valencia-fr\/toutes-les-visites-et-activites-privees-valencia-fr-espagne-fr\/visite-privee-de-morella-et-peniscola-depuis-valence\/#primaryimage","url":"https:\/\/tourtravelandmore.com\/wp-content\/uploads\/2022\/02\/Untitled-design-2.jpg","contentUrl":"https:\/\/tourtravelandmore.com\/wp-content\/uploads\/2022\/02\/Untitled-design-2.jpg","width":900,"height":600},{"@type":"BreadcrumbList","@id":"https:\/\/tourtravelandmore.com\/fr\/tours\/espagne-fr\/valencia-fr\/toutes-les-visites-et-activites-privees-valencia-fr-espagne-fr\/visite-privee-de-morella-et-peniscola-depuis-valence\/#breadcrumb","itemListElement":[{"@type":"ListItem","position":1,"name":"Home","item":"https:\/\/tourtravelandmore.com\/fr\/"},{"@type":"ListItem","position":2,"name":"Tours","item":"https:\/\/tourtravelandmore.com\/fr\/tours\/"},{"@type":"ListItem","position":3,"name":"Visite priv\u00e9e de Morella et Pe\u00f1\u00edscola depuis Valence"}]},{"@type":"WebSite","@id":"https:\/\/tourtravelandmore.com\/fr\/#website","url":"https:\/\/tourtravelandmore.com\/fr\/","name":"Tour Travel And More","description":"Private sightseeing tours and luxury transfers in Spain","publisher":{"@id":"https:\/\/tourtravelandmore.com\/fr\/#organization"},"potentialAction":[{"@type":"SearchAction","target":{"@type":"EntryPoint","urlTemplate":"https:\/\/tourtravelandmore.com\/fr\/?s={search_term_string}"},"query-input":{"@type":"PropertyValueSpecification","valueRequired":true,"valueName":"search_term_string"}}],"inLanguage":"fr-FR"},{"@type":"Organization","@id":"https:\/\/tourtravelandmore.com\/fr\/#organization","name":"Tour Travel And More","url":"https:\/\/tourtravelandmore.com\/fr\/","logo":{"@type":"ImageObject","inLanguage":"fr-FR","@id":"https:\/\/tourtravelandmore.com\/fr\/#\/schema\/logo\/image\/","url":"https:\/\/tourtravelandmore.com\/wp-content\/uploads\/2022\/12\/cropped-logo-cabecera-new.png","contentUrl":"https:\/\/tourtravelandmore.com\/wp-content\/uploads\/2022\/12\/cropped-logo-cabecera-new.png","width":430,"height":61,"caption":"Tour Travel And More"},"image":{"@id":"https:\/\/tourtravelandmore.com\/fr\/#\/schema\/logo\/image\/"},"sameAs":["https:\/\/www.facebook.com\/tourtravelandmore\/","https:\/\/x.com\/TourTravel_More"]}]}},"_links":{"self":[{"href":"https:\/\/tourtravelandmore.com\/fr\/wp-json\/wp\/v2\/product\/119058","targetHints":{"allow":["GET"]}}],"collection":[{"href":"https:\/\/tourtravelandmore.com\/fr\/wp-json\/wp\/v2\/product"}],"about":[{"href":"https:\/\/tourtravelandmore.com\/fr\/wp-json\/wp\/v2\/types\/product"}],"replies":[{"embeddable":true,"href":"https:\/\/tourtravelandmore.com\/fr\/wp-json\/wp\/v2\/comments?post=119058"}],"wp:featuredmedia":[{"embeddable":true,"href":"https:\/\/tourtravelandmore.com\/fr\/wp-json\/wp\/v2\/media\/119211"}],"wp:attachment":[{"href":"https:\/\/tourtravelandmore.com\/fr\/wp-json\/wp\/v2\/media?parent=119058"}],"wp:term":[{"taxonomy":"product_brand","embeddable":true,"href":"https:\/\/tourtravelandmore.com\/fr\/wp-json\/wp\/v2\/product_brand?post=119058"},{"taxonomy":"product_cat","embeddable":true,"href":"https:\/\/tourtravelandmore.com\/fr\/wp-json\/wp\/v2\/product_cat?post=119058"},{"taxonomy":"product_tag","embeddable":true,"href":"https:\/\/tourtravelandmore.com\/fr\/wp-json\/wp\/v2\/product_tag?post=119058"}],"curies":[{"name":"wp","href":"https:\/\/api.w.org\/{rel}","templated":true}]}}