{"id":119034,"date":"2022-02-11T10:37:59","date_gmt":"2022-02-11T09:38:09","guid":{"rendered":"https:\/\/tourtravelandmore.com\/?post_type=product&#038;p=119034"},"modified":"2022-02-21T19:56:18","modified_gmt":"2022-02-21T18:56:18","slug":"visite-privee-de-las-cuevas-de-san-jose-depuis-valence","status":"publish","type":"product","link":"https:\/\/tourtravelandmore.com\/fr\/tours\/espagne-fr\/valencia-fr\/toutes-les-visites-et-activites-privees-valencia-fr-espagne-fr\/visite-privee-de-las-cuevas-de-san-jose-depuis-valence\/","title":{"rendered":"Visite priv\u00e9e de Las Cuevas de San Jos\u00e9 depuis Valence"},"content":{"rendered":"<h2><b>Description de l&#8217;excursion priv\u00e9e \u00e0 Las Cuevas de San Jos\u00e9 depuis Valence<\/b><\/h2>\n<p><span style=\"font-weight: 400;\">\u00c0 quelques minutes de Valence se trouve le village de Vall d&#8217;Uixo, qui abrite l&#8217;une des plus grandes merveilles naturelles d&#8217;Espagne : Les grottes de San Jos\u00e9.\u00a0<\/span><\/p>\n<p><span style=\"font-weight: 400;\">C&#8217;est un incroyable complexe de grottes qui s&#8217;est form\u00e9 il y a environ 250 millions d&#8217;ann\u00e9es et qui, ann\u00e9e apr\u00e8s ann\u00e9e, attire des milliers de touristes dans le monde entier.\u00a0<\/span><\/p>\n<p><span style=\"font-weight: 400;\">Cette <\/span><b>visite priv\u00e9e de Las Cuevas de San Jos\u00e9 depuis Valence <\/b><span style=\"font-weight: 400;\">est l&#8217;occasion parfaite de visiter la plus longue rivi\u00e8re souterraine d&#8217;Europe, qui mesure environ 2 500 m\u00e8tres de long.\u00a0<\/span><\/p>\n<p><span style=\"font-weight: 400;\">En outre, ce paysage naturel pr\u00e9sente <\/span><b>diff\u00e9rentes \u00e9tendues de grottes et de couloirs qui peuvent \u00eatre explor\u00e9s \u00e0 pied ou en bateau.\u00a0<\/b><\/p>\n<p><span style=\"font-weight: 400;\">Nous pouvons venir vous chercher \u00e0 l&#8217;endroit le plus pratique pour vous dans la ville de Valence, puis nous d\u00e9placer \u00e0 Vall d&#8217;Uix\u00f3, situ\u00e9 dans la Sierra de Espad\u00e1s, Castell\u00f3n.<\/span><\/p>\n<p><span style=\"font-weight: 400;\">Une <\/span><b>promenade magique de 4 heures <\/b><span style=\"font-weight: 400;\">vous permettra d&#8217;entrer en contact avec une incroyable grotte naturelle, class\u00e9e au patrimoine mondial de l&#8217;UNESCO.\u00a0<\/span><\/p>\n<p><span style=\"font-weight: 400;\">L&#8217;ensemble de la visite sera accompagn\u00e9 d&#8217;un guide officiel priv\u00e9, qui sera charg\u00e9 de d\u00e9tailler toutes les informations pertinentes concernant cette grotte saisissante et mondialement connue.\u00a0<\/span><\/p>\n<p><span style=\"font-weight: 400;\">Une fois la visite termin\u00e9e, nous retournerons \u00e0 Valence pour vous d\u00e9poser \u00e0 l&#8217;endroit le plus confortable et le plus pratique pour vous.\u00a0<\/span><\/p>\n<p><span style=\"font-weight: 400;\">Nous savons que dans cette aventure, vous vous sentirez comme le c\u00e9l\u00e8bre Jules Verne : &#8220;comme dans un voyage direct au centre de la Terre&#8221;.\u00a0<\/span><\/p>\n<p>&nbsp;<\/p>\n<h2><b>Points d&#8217;int\u00e9r\u00eat de la visite priv\u00e9e<\/b><\/h2>\n<p><span style=\"font-weight: 400;\">Au moins 200 000 personnes par an visitent les grottes de San Jos\u00e9. Si vous voulez faire partie de cette grande aventure, ce circuit est id\u00e9al pour explorer cette cha\u00eene de grottes qui a \u00e9t\u00e9 d\u00e9clar\u00e9e joyau mondial.\u00a0<\/span><\/p>\n<p><span style=\"font-weight: 400;\">Nous partirons \u00e0 l&#8217;heure convenue pour arriver directement \u00e0 Castell\u00f3n.\u00a0<\/span><\/p>\n<p><span style=\"font-weight: 400;\">Une fois sur place, vous visiterez <\/span><b>l&#8217;entr\u00e9e de la grotte de San Jos\u00e9<\/b><span style=\"font-weight: 400;\">, o\u00f9 sont encore conserv\u00e9es des peintures rupestres qui, selon les historiens, ont plus de 15 000 ans.\u00a0<\/span><\/p>\n<p><span style=\"font-weight: 400;\">Ensuite, commencez la promenade dans la grotte, puisque <\/span><b>notre circuit comprend des entr\u00e9es exclusives \u00e0 la grotte<\/b><span style=\"font-weight: 400;\">. Une fois \u00e0 l&#8217;int\u00e9rieur, vous pourrez vous promener dans une galerie de tunnels naturels d&#8217;au moins 2 kilom\u00e8tres de long.\u00a0<\/span><\/p>\n<p><span style=\"font-weight: 400;\">Un autre point fort de la visite est la promenade \u00e0 pied dans les galeries, puisqu&#8217;il y a un couloir sec que vous pouvez longer pour voir de plus pr\u00e8s toute la structure de la grotte.\u00a0<\/span><\/p>\n<p><span style=\"font-weight: 400;\">Parmi les grottes que vous visiterez lors de l&#8217;excursion guid\u00e9e figurent les suivantes :\u00a0<\/span><\/p>\n<ul>\n<li aria-level=\"1\"><b>Diana Lake.<\/b><\/li>\n<\/ul>\n<ul>\n<li aria-level=\"1\"><b>La cath\u00e9drale.\u00a0<\/b><\/li>\n<\/ul>\n<ul>\n<li aria-level=\"1\"><b>La salle des chauves-souris.<\/b><\/li>\n<\/ul>\n<ul>\n<li aria-level=\"1\"><b>La Galerie du Siphon.<\/b><\/li>\n<\/ul>\n<ul>\n<li aria-level=\"1\"><b>Boca del Forn, entre autres.\u00a0<\/b><\/li>\n<\/ul>\n<p><span style=\"font-weight: 400;\">Vous aurez \u00e9galement l&#8217;occasion de voir les diff\u00e9rentes formations rocheuses de la grotte, parmi lesquelles se distinguent le Portail de Bethl\u00e9em, la M\u00e9duse et la Cascade de la Fleur.\u00a0<\/span><\/p>\n<p><span style=\"font-weight: 400;\">Vous apprendrez toutes les caract\u00e9ristiques des Cuevas de San Jos\u00e9, car le guide priv\u00e9 vous racontera les origines et l&#8217;\u00e9volution de cette grotte au fil des ans.\u00a0\u00a0<\/span><\/p>\n<p><span style=\"font-weight: 400;\">Vous serez certainement impressionn\u00e9 par la beaut\u00e9 naturelle de cette formation rocheuse, dont la temp\u00e9rature est d&#8217;environ 20 \u00b0C toute l&#8217;ann\u00e9e.\u00a0<\/span><\/p>\n<p><span style=\"font-weight: 400;\">De plus, juste \u00e0 l&#8217;ext\u00e9rieur de la grotte de San Jos\u00e9 se trouve une magnifique aire de jeux, parfaite pour s&#8217;amuser en famille.\u00a0<\/span><\/p>\n<p><span style=\"font-weight: 400;\">Cette visite guid\u00e9e de 4 heures comprend le transfert vers Valence pour vous d\u00e9poser au point de rencontre le plus pratique.\u00a0<\/span><\/p>\n<p><span style=\"font-weight: 400;\">Si vous voulez que votre exp\u00e9rience dans la Communaut\u00e9 de Valence soit encore plus agr\u00e9able, nous vous sugg\u00e9rons de prendre notre <\/span><b>visite priv\u00e9e de Morella et Pe\u00f1\u00edscola depuis Valence pour <\/b><span style=\"font-weight: 400;\">conna\u00eetre deux des plus belles villes d&#8217;Espagne.\u00a0<\/span><\/p>\n","protected":false},"excerpt":{"rendered":"<p><span style=\"font-weight: 400;\">Osez une excursion aux magnifiques Cuevas de San Jos\u00e9 lors d&#8217;une visite priv\u00e9e et personnalis\u00e9e avec transfert depuis Valence. Lors de cette excursion, nous voyagerons dans une voiture de luxe confortable en compagnie d&#8217;un guide priv\u00e9, qui vous donnera tous les d\u00e9tails n\u00e9cessaires pour profiter au maximum de votre visite. Et si cela ne suffit pas, vous gagnerez \u00e9galement des billets exclusifs pour les grottes de notre excursion. <\/span><\/p>\n","protected":false},"featured_media":119599,"comment_status":"open","ping_status":"closed","template":"","meta":{"_acf_changed":false},"product_brand":[],"product_cat":[3674,4077,4078],"product_tag":[],"class_list":{"0":"post-119034","1":"product","2":"type-product","3":"status-publish","4":"has-post-thumbnail","6":"product_cat-valencia-fr","7":"product_cat-toutes-les-visites-et-activites-privees-valencia-fr-espagne-fr","8":"product_cat-private-sightseeing-tours-fr-70","10":"first","11":"instock","12":"shipping-taxable","13":"purchasable","14":"product-type-simple"},"acf":[],"yoast_head":"<!-- This site is optimized with the Yoast SEO Premium plugin v25.3.1 (Yoast SEO v25.3.1) - https:\/\/yoast.com\/wordpress\/plugins\/seo\/ -->\n<title>Visite priv\u00e9e des grottes de San Jos\u00e9 depuis Valence avec guide et voiture priv\u00e9e inclus.<\/title>\n<meta name=\"description\" content=\"D\u00e9couvrez les embl\u00e9matiques Cuevas de San Jos\u00e9 et le plus long fleuve souterrain navigable d&#039;Europe lors d&#039;une visite priv\u00e9e des Cuevas de San Jos\u00e9 depuis Valence, avec transfert en voiture de luxe et en compagnie d&#039;un guide priv\u00e9.\" \/>\n<meta name=\"robots\" content=\"index, follow, max-snippet:-1, max-image-preview:large, max-video-preview:-1\" \/>\n<link rel=\"canonical\" href=\"https:\/\/tourtravelandmore.com\/fr\/tours\/espagne-fr\/valencia-fr\/toutes-les-visites-et-activites-privees-valencia-fr-espagne-fr\/visite-privee-de-las-cuevas-de-san-jose-depuis-valence\/\" \/>\n<meta property=\"og:locale\" content=\"fr_FR\" \/>\n<meta property=\"og:type\" content=\"article\" \/>\n<meta property=\"og:title\" content=\"Visite priv\u00e9e de Las Cuevas de San Jos\u00e9 depuis Valence\" \/>\n<meta property=\"og:description\" content=\"D\u00e9couvrez les embl\u00e9matiques Cuevas de San Jos\u00e9 et le plus long fleuve souterrain navigable d&#039;Europe lors d&#039;une visite priv\u00e9e des Cuevas de San Jos\u00e9 depuis Valence, avec transfert en voiture de luxe et en compagnie d&#039;un guide priv\u00e9.\" \/>\n<meta property=\"og:url\" content=\"https:\/\/tourtravelandmore.com\/fr\/tours\/espagne-fr\/valencia-fr\/toutes-les-visites-et-activites-privees-valencia-fr-espagne-fr\/visite-privee-de-las-cuevas-de-san-jose-depuis-valence\/\" \/>\n<meta property=\"og:site_name\" content=\"Tour Travel And More\" \/>\n<meta property=\"article:publisher\" content=\"https:\/\/www.facebook.com\/tourtravelandmore\/\" \/>\n<meta property=\"article:modified_time\" content=\"2022-02-21T18:56:18+00:00\" \/>\n<meta property=\"og:image\" content=\"https:\/\/tourtravelandmore.com\/wp-content\/uploads\/2022\/02\/16130555958122.webp\" \/>\n\t<meta property=\"og:image:width\" content=\"700\" \/>\n\t<meta property=\"og:image:height\" content=\"467\" \/>\n\t<meta property=\"og:image:type\" content=\"image\/webp\" \/>\n<meta name=\"twitter:card\" content=\"summary_large_image\" \/>\n<meta name=\"twitter:site\" content=\"@TourTravel_More\" \/>\n<meta name=\"twitter:label1\" content=\"Dur\u00e9e de lecture estim\u00e9e\" \/>\n\t<meta name=\"twitter:data1\" content=\"3 minutes\" \/>\n<script type=\"application\/ld+json\" class=\"yoast-schema-graph\">{\"@context\":\"https:\/\/schema.org\",\"@graph\":[{\"@type\":\"WebPage\",\"@id\":\"https:\/\/tourtravelandmore.com\/fr\/tours\/espagne-fr\/valencia-fr\/toutes-les-visites-et-activites-privees-valencia-fr-espagne-fr\/visite-privee-de-las-cuevas-de-san-jose-depuis-valence\/\",\"url\":\"https:\/\/tourtravelandmore.com\/fr\/tours\/espagne-fr\/valencia-fr\/toutes-les-visites-et-activites-privees-valencia-fr-espagne-fr\/visite-privee-de-las-cuevas-de-san-jose-depuis-valence\/\",\"name\":\"Visite priv\u00e9e des grottes de San Jos\u00e9 depuis Valence avec guide et voiture priv\u00e9e inclus.\",\"isPartOf\":{\"@id\":\"https:\/\/tourtravelandmore.com\/fr\/#website\"},\"primaryImageOfPage\":{\"@id\":\"https:\/\/tourtravelandmore.com\/fr\/tours\/espagne-fr\/valencia-fr\/toutes-les-visites-et-activites-privees-valencia-fr-espagne-fr\/visite-privee-de-las-cuevas-de-san-jose-depuis-valence\/#primaryimage\"},\"image\":{\"@id\":\"https:\/\/tourtravelandmore.com\/fr\/tours\/espagne-fr\/valencia-fr\/toutes-les-visites-et-activites-privees-valencia-fr-espagne-fr\/visite-privee-de-las-cuevas-de-san-jose-depuis-valence\/#primaryimage\"},\"thumbnailUrl\":\"https:\/\/tourtravelandmore.com\/wp-content\/uploads\/2022\/02\/16130555958122.webp\",\"datePublished\":\"2022-02-11T09:38:09+00:00\",\"dateModified\":\"2022-02-21T18:56:18+00:00\",\"description\":\"D\u00e9couvrez les embl\u00e9matiques Cuevas de San Jos\u00e9 et le plus long fleuve souterrain navigable d'Europe lors d'une visite priv\u00e9e des Cuevas de San Jos\u00e9 depuis Valence, avec transfert en voiture de luxe et en compagnie d'un guide priv\u00e9.\",\"breadcrumb\":{\"@id\":\"https:\/\/tourtravelandmore.com\/fr\/tours\/espagne-fr\/valencia-fr\/toutes-les-visites-et-activites-privees-valencia-fr-espagne-fr\/visite-privee-de-las-cuevas-de-san-jose-depuis-valence\/#breadcrumb\"},\"inLanguage\":\"fr-FR\",\"potentialAction\":[{\"@type\":\"ReadAction\",\"target\":[\"https:\/\/tourtravelandmore.com\/fr\/tours\/espagne-fr\/valencia-fr\/toutes-les-visites-et-activites-privees-valencia-fr-espagne-fr\/visite-privee-de-las-cuevas-de-san-jose-depuis-valence\/\"]}]},{\"@type\":\"ImageObject\",\"inLanguage\":\"fr-FR\",\"@id\":\"https:\/\/tourtravelandmore.com\/fr\/tours\/espagne-fr\/valencia-fr\/toutes-les-visites-et-activites-privees-valencia-fr-espagne-fr\/visite-privee-de-las-cuevas-de-san-jose-depuis-valence\/#primaryimage\",\"url\":\"https:\/\/tourtravelandmore.com\/wp-content\/uploads\/2022\/02\/16130555958122.webp\",\"contentUrl\":\"https:\/\/tourtravelandmore.com\/wp-content\/uploads\/2022\/02\/16130555958122.webp\",\"width\":700,\"height\":467},{\"@type\":\"BreadcrumbList\",\"@id\":\"https:\/\/tourtravelandmore.com\/fr\/tours\/espagne-fr\/valencia-fr\/toutes-les-visites-et-activites-privees-valencia-fr-espagne-fr\/visite-privee-de-las-cuevas-de-san-jose-depuis-valence\/#breadcrumb\",\"itemListElement\":[{\"@type\":\"ListItem\",\"position\":1,\"name\":\"Home\",\"item\":\"https:\/\/tourtravelandmore.com\/fr\/\"},{\"@type\":\"ListItem\",\"position\":2,\"name\":\"Tours\",\"item\":\"https:\/\/tourtravelandmore.com\/fr\/tours\/\"},{\"@type\":\"ListItem\",\"position\":3,\"name\":\"Visite priv\u00e9e de Las Cuevas de San Jos\u00e9 depuis Valence\"}]},{\"@type\":\"WebSite\",\"@id\":\"https:\/\/tourtravelandmore.com\/fr\/#website\",\"url\":\"https:\/\/tourtravelandmore.com\/fr\/\",\"name\":\"Tour Travel And More\",\"description\":\"Private sightseeing tours and luxury transfers in Spain\",\"publisher\":{\"@id\":\"https:\/\/tourtravelandmore.com\/fr\/#organization\"},\"potentialAction\":[{\"@type\":\"SearchAction\",\"target\":{\"@type\":\"EntryPoint\",\"urlTemplate\":\"https:\/\/tourtravelandmore.com\/fr\/?s={search_term_string}\"},\"query-input\":{\"@type\":\"PropertyValueSpecification\",\"valueRequired\":true,\"valueName\":\"search_term_string\"}}],\"inLanguage\":\"fr-FR\"},{\"@type\":\"Organization\",\"@id\":\"https:\/\/tourtravelandmore.com\/fr\/#organization\",\"name\":\"Tour Travel And More\",\"url\":\"https:\/\/tourtravelandmore.com\/fr\/\",\"logo\":{\"@type\":\"ImageObject\",\"inLanguage\":\"fr-FR\",\"@id\":\"https:\/\/tourtravelandmore.com\/fr\/#\/schema\/logo\/image\/\",\"url\":\"https:\/\/tourtravelandmore.com\/wp-content\/uploads\/2022\/12\/cropped-logo-cabecera-new.png\",\"contentUrl\":\"https:\/\/tourtravelandmore.com\/wp-content\/uploads\/2022\/12\/cropped-logo-cabecera-new.png\",\"width\":430,\"height\":61,\"caption\":\"Tour Travel And More\"},\"image\":{\"@id\":\"https:\/\/tourtravelandmore.com\/fr\/#\/schema\/logo\/image\/\"},\"sameAs\":[\"https:\/\/www.facebook.com\/tourtravelandmore\/\",\"https:\/\/x.com\/TourTravel_More\"]}]}<\/script>\n<!-- \/ Yoast SEO Premium plugin. -->","yoast_head_json":{"title":"Visite priv\u00e9e des grottes de San Jos\u00e9 depuis Valence avec guide et voiture priv\u00e9e inclus.","description":"D\u00e9couvrez les embl\u00e9matiques Cuevas de San Jos\u00e9 et le plus long fleuve souterrain navigable d'Europe lors d'une visite priv\u00e9e des Cuevas de San Jos\u00e9 depuis Valence, avec transfert en voiture de luxe et en compagnie d'un guide priv\u00e9.","robots":{"index":"index","follow":"follow","max-snippet":"max-snippet:-1","max-image-preview":"max-image-preview:large","max-video-preview":"max-video-preview:-1"},"canonical":"https:\/\/tourtravelandmore.com\/fr\/tours\/espagne-fr\/valencia-fr\/toutes-les-visites-et-activites-privees-valencia-fr-espagne-fr\/visite-privee-de-las-cuevas-de-san-jose-depuis-valence\/","og_locale":"fr_FR","og_type":"article","og_title":"Visite priv\u00e9e de Las Cuevas de San Jos\u00e9 depuis Valence","og_description":"D\u00e9couvrez les embl\u00e9matiques Cuevas de San Jos\u00e9 et le plus long fleuve souterrain navigable d'Europe lors d'une visite priv\u00e9e des Cuevas de San Jos\u00e9 depuis Valence, avec transfert en voiture de luxe et en compagnie d'un guide priv\u00e9.","og_url":"https:\/\/tourtravelandmore.com\/fr\/tours\/espagne-fr\/valencia-fr\/toutes-les-visites-et-activites-privees-valencia-fr-espagne-fr\/visite-privee-de-las-cuevas-de-san-jose-depuis-valence\/","og_site_name":"Tour Travel And More","article_publisher":"https:\/\/www.facebook.com\/tourtravelandmore\/","article_modified_time":"2022-02-21T18:56:18+00:00","og_image":[{"width":700,"height":467,"url":"https:\/\/tourtravelandmore.com\/wp-content\/uploads\/2022\/02\/16130555958122.webp","type":"image\/webp"}],"twitter_card":"summary_large_image","twitter_site":"@TourTravel_More","twitter_misc":{"Dur\u00e9e de lecture estim\u00e9e":"3 minutes"},"schema":{"@context":"https:\/\/schema.org","@graph":[{"@type":"WebPage","@id":"https:\/\/tourtravelandmore.com\/fr\/tours\/espagne-fr\/valencia-fr\/toutes-les-visites-et-activites-privees-valencia-fr-espagne-fr\/visite-privee-de-las-cuevas-de-san-jose-depuis-valence\/","url":"https:\/\/tourtravelandmore.com\/fr\/tours\/espagne-fr\/valencia-fr\/toutes-les-visites-et-activites-privees-valencia-fr-espagne-fr\/visite-privee-de-las-cuevas-de-san-jose-depuis-valence\/","name":"Visite priv\u00e9e des grottes de San Jos\u00e9 depuis Valence avec guide et voiture priv\u00e9e inclus.","isPartOf":{"@id":"https:\/\/tourtravelandmore.com\/fr\/#website"},"primaryImageOfPage":{"@id":"https:\/\/tourtravelandmore.com\/fr\/tours\/espagne-fr\/valencia-fr\/toutes-les-visites-et-activites-privees-valencia-fr-espagne-fr\/visite-privee-de-las-cuevas-de-san-jose-depuis-valence\/#primaryimage"},"image":{"@id":"https:\/\/tourtravelandmore.com\/fr\/tours\/espagne-fr\/valencia-fr\/toutes-les-visites-et-activites-privees-valencia-fr-espagne-fr\/visite-privee-de-las-cuevas-de-san-jose-depuis-valence\/#primaryimage"},"thumbnailUrl":"https:\/\/tourtravelandmore.com\/wp-content\/uploads\/2022\/02\/16130555958122.webp","datePublished":"2022-02-11T09:38:09+00:00","dateModified":"2022-02-21T18:56:18+00:00","description":"D\u00e9couvrez les embl\u00e9matiques Cuevas de San Jos\u00e9 et le plus long fleuve souterrain navigable d'Europe lors d'une visite priv\u00e9e des Cuevas de San Jos\u00e9 depuis Valence, avec transfert en voiture de luxe et en compagnie d'un guide priv\u00e9.","breadcrumb":{"@id":"https:\/\/tourtravelandmore.com\/fr\/tours\/espagne-fr\/valencia-fr\/toutes-les-visites-et-activites-privees-valencia-fr-espagne-fr\/visite-privee-de-las-cuevas-de-san-jose-depuis-valence\/#breadcrumb"},"inLanguage":"fr-FR","potentialAction":[{"@type":"ReadAction","target":["https:\/\/tourtravelandmore.com\/fr\/tours\/espagne-fr\/valencia-fr\/toutes-les-visites-et-activites-privees-valencia-fr-espagne-fr\/visite-privee-de-las-cuevas-de-san-jose-depuis-valence\/"]}]},{"@type":"ImageObject","inLanguage":"fr-FR","@id":"https:\/\/tourtravelandmore.com\/fr\/tours\/espagne-fr\/valencia-fr\/toutes-les-visites-et-activites-privees-valencia-fr-espagne-fr\/visite-privee-de-las-cuevas-de-san-jose-depuis-valence\/#primaryimage","url":"https:\/\/tourtravelandmore.com\/wp-content\/uploads\/2022\/02\/16130555958122.webp","contentUrl":"https:\/\/tourtravelandmore.com\/wp-content\/uploads\/2022\/02\/16130555958122.webp","width":700,"height":467},{"@type":"BreadcrumbList","@id":"https:\/\/tourtravelandmore.com\/fr\/tours\/espagne-fr\/valencia-fr\/toutes-les-visites-et-activites-privees-valencia-fr-espagne-fr\/visite-privee-de-las-cuevas-de-san-jose-depuis-valence\/#breadcrumb","itemListElement":[{"@type":"ListItem","position":1,"name":"Home","item":"https:\/\/tourtravelandmore.com\/fr\/"},{"@type":"ListItem","position":2,"name":"Tours","item":"https:\/\/tourtravelandmore.com\/fr\/tours\/"},{"@type":"ListItem","position":3,"name":"Visite priv\u00e9e de Las Cuevas de San Jos\u00e9 depuis Valence"}]},{"@type":"WebSite","@id":"https:\/\/tourtravelandmore.com\/fr\/#website","url":"https:\/\/tourtravelandmore.com\/fr\/","name":"Tour Travel And More","description":"Private sightseeing tours and luxury transfers in Spain","publisher":{"@id":"https:\/\/tourtravelandmore.com\/fr\/#organization"},"potentialAction":[{"@type":"SearchAction","target":{"@type":"EntryPoint","urlTemplate":"https:\/\/tourtravelandmore.com\/fr\/?s={search_term_string}"},"query-input":{"@type":"PropertyValueSpecification","valueRequired":true,"valueName":"search_term_string"}}],"inLanguage":"fr-FR"},{"@type":"Organization","@id":"https:\/\/tourtravelandmore.com\/fr\/#organization","name":"Tour Travel And More","url":"https:\/\/tourtravelandmore.com\/fr\/","logo":{"@type":"ImageObject","inLanguage":"fr-FR","@id":"https:\/\/tourtravelandmore.com\/fr\/#\/schema\/logo\/image\/","url":"https:\/\/tourtravelandmore.com\/wp-content\/uploads\/2022\/12\/cropped-logo-cabecera-new.png","contentUrl":"https:\/\/tourtravelandmore.com\/wp-content\/uploads\/2022\/12\/cropped-logo-cabecera-new.png","width":430,"height":61,"caption":"Tour Travel And More"},"image":{"@id":"https:\/\/tourtravelandmore.com\/fr\/#\/schema\/logo\/image\/"},"sameAs":["https:\/\/www.facebook.com\/tourtravelandmore\/","https:\/\/x.com\/TourTravel_More"]}]}},"_links":{"self":[{"href":"https:\/\/tourtravelandmore.com\/fr\/wp-json\/wp\/v2\/product\/119034","targetHints":{"allow":["GET"]}}],"collection":[{"href":"https:\/\/tourtravelandmore.com\/fr\/wp-json\/wp\/v2\/product"}],"about":[{"href":"https:\/\/tourtravelandmore.com\/fr\/wp-json\/wp\/v2\/types\/product"}],"replies":[{"embeddable":true,"href":"https:\/\/tourtravelandmore.com\/fr\/wp-json\/wp\/v2\/comments?post=119034"}],"wp:featuredmedia":[{"embeddable":true,"href":"https:\/\/tourtravelandmore.com\/fr\/wp-json\/wp\/v2\/media\/119599"}],"wp:attachment":[{"href":"https:\/\/tourtravelandmore.com\/fr\/wp-json\/wp\/v2\/media?parent=119034"}],"wp:term":[{"taxonomy":"product_brand","embeddable":true,"href":"https:\/\/tourtravelandmore.com\/fr\/wp-json\/wp\/v2\/product_brand?post=119034"},{"taxonomy":"product_cat","embeddable":true,"href":"https:\/\/tourtravelandmore.com\/fr\/wp-json\/wp\/v2\/product_cat?post=119034"},{"taxonomy":"product_tag","embeddable":true,"href":"https:\/\/tourtravelandmore.com\/fr\/wp-json\/wp\/v2\/product_tag?post=119034"}],"curies":[{"name":"wp","href":"https:\/\/api.w.org\/{rel}","templated":true}]}}