{"id":118942,"date":"2022-02-10T17:52:11","date_gmt":"2022-02-10T16:52:18","guid":{"rendered":"https:\/\/tourtravelandmore.com\/?post_type=product&#038;p=118942"},"modified":"2022-02-11T09:25:56","modified_gmt":"2022-02-11T08:25:56","slug":"visite-privee-de-morella-depuis-valence","status":"publish","type":"product","link":"https:\/\/tourtravelandmore.com\/fr\/tours\/espagne-fr\/valencia-fr\/toutes-les-visites-et-activites-privees-valencia-fr-espagne-fr\/visite-privee-de-morella-depuis-valence\/","title":{"rendered":"Visite Priv\u00e9e de Morella depuis Valence"},"content":{"rendered":"<h2><b>Description de l&#8217;excursion priv\u00e9e \u00e0 Morella depuis Valence<\/b><\/h2>\n<p><span style=\"font-weight: 400;\">Dans la province de Castell\u00f3n se trouve la merveilleuse ville de Morella. Avec notre <\/span><b>visite priv\u00e9e de Morella depuis Valence, vous <\/b><span style=\"font-weight: 400;\">d\u00e9couvrirez son c\u00e9l\u00e8bre ch\u00e2teau, ses rues \u00e9troites et ses murailles embl\u00e9matiques.\u00a0<\/span><\/p>\n<p><span style=\"font-weight: 400;\">Cette charmante ville m\u00e9di\u00e9vale est situ\u00e9e dans une position strat\u00e9gique, car elle est construite verticalement, ce qui lui conf\u00e8re un charme unique et particulier.\u00a0<\/span><\/p>\n<p><span style=\"font-weight: 400;\">Nous vous proposons une <\/span><b>visite guid\u00e9e de 8 heures <\/b><span style=\"font-weight: 400;\">au d\u00e9part de Valence. Il vous suffit de nous dire o\u00f9 vous voulez que nous allions pour vous, pour commencer le voyage vers la province de Castell\u00f3n.\u00a0<\/span><\/p>\n<p><b>Le transfert se fera dans une voiture de luxe confortable avec un chauffeur priv\u00e9<\/b><span style=\"font-weight: 400;\">.\u00a0<\/span><\/p>\n<p><span style=\"font-weight: 400;\">\u00c0 votre arriv\u00e9e \u00e0 Morella, vous serez agr\u00e9ablement surpris par l&#8217;<\/span><b>architecture m\u00e9di\u00e9vale spectaculaire <\/b><span style=\"font-weight: 400;\">qui entoure chaque recoin de la ville.\u00a0<\/span><\/p>\n<p><span style=\"font-weight: 400;\">Cette ville \u00e9tait la pr\u00e9f\u00e9r\u00e9e des rois d&#8217;Aragon. Par cons\u00e9quent, vous serez impressionn\u00e9 par les toits couleur terre cuite, les maisons blanchies \u00e0 la chaux et toutes les vieilles maisons en pierre qui composent la ville.\u00a0<\/span><\/p>\n<p><span style=\"font-weight: 400;\">Au fil de la visite, <\/span><b>le guide priv\u00e9 vous donnera toutes les informations historiques et culturelles <\/b><span style=\"font-weight: 400;\">sur les diff\u00e9rents b\u00e2timents, sites et monuments que vous visiterez.\u00a0<\/span><\/p>\n<p><span style=\"font-weight: 400;\">Vous visiterez l&#8217;incroyable mur de plus de 2 500 m\u00e8tres de long, le ch\u00e2teau de Morella, la basilique de Santa Maria Maggiore, le centre historique, les tours de Morella, l&#8217;aqueduc, parmi de nombreux autres lieux d&#8217;une beaut\u00e9 \u00e9poustouflante.\u00a0<\/span><\/p>\n<p><span style=\"font-weight: 400;\">\u00c0 la fin de la visite, nous vous ram\u00e8nerons \u00e0 Valence pour vous d\u00e9poser au point central de la ville qui vous convient le mieux.\u00a0<\/span><\/p>\n<h2><span style=\"color: #d3af37;\"><b>Points d&#8217;int\u00e9r\u00eat de la visite priv\u00e9e<\/b><\/span><\/h2>\n<p><span style=\"font-weight: 400;\">Majestueux et magnifique seraient deux mots qui d\u00e9crivent parfaitement la ville de Morella. Lors de cette visite priv\u00e9e de Morella au d\u00e9part de Valence, vous explorerez chaque recoin de l&#8217;<\/span><b>un des plus beaux villages d&#8217;Espagne.\u00a0<\/b><\/p>\n<p><span style=\"font-weight: 400;\">Nous partirons du point de rencontre pour d\u00e9couvrir les points d&#8217;int\u00e9r\u00eat suivants :\u00a0<\/span><\/p>\n<h3><span style=\"color: #d3af37;\"><b>Ch\u00e2teau de Morella\u00a0<\/b><\/span><\/h3>\n<p><span style=\"font-weight: 400;\">Situ\u00e9 au sommet de la ville, le ch\u00e2teau de Morella est un joyau incontournable que vous devez visiter.\u00a0<\/span><\/p>\n<p><span style=\"font-weight: 400;\">C&#8217;\u00e9tait l&#8217;une des constructions les plus importantes pour la couronne d&#8217;Aragon. On y a \u00e9galement trouv\u00e9 des vestiges arch\u00e9ologiques de la p\u00e9riode n\u00e9olithique, ainsi que diff\u00e9rentes influences arch\u00e9ologiques laiss\u00e9es par les Arabes et les chr\u00e9tiens.\u00a0<\/span><\/p>\n<p><span style=\"font-weight: 400;\">La porte principale de cette imposante construction se trouve dans le couvent de San Francisco, qui fut le th\u00e9\u00e2tre du c\u00e9l\u00e8bre schisme de 1414.<\/span><\/p>\n<p><span style=\"font-weight: 400;\">La visite du ch\u00e2teau de Morella est sans aucun doute l&#8217;une des principales attractions de cette visite guid\u00e9e.\u00a0<\/span><\/p>\n<h3><span style=\"color: #d3af37;\"><b>La basilique de Santa Maria Maggiore \u00e0 Morella\u00a0<\/b><\/span><\/h3>\n<p><span style=\"font-weight: 400;\">Un autre b\u00e2timent que vous devriez visiter \u00e0 Morella est la basilique de Santa Maria Maggiore. Il s&#8217;agit d&#8217;un b\u00e2timent gothique avec des touches de la Renaissance. Cela donne une image surprenante \u00e0 chaque coin du b\u00e2timent.\u00a0<\/span><\/p>\n<p><span style=\"font-weight: 400;\">L&#8217;int\u00e9rieur de la basilique est compos\u00e9 de trois nefs centrales et d&#8217;un imposant escalier qui m\u00e8ne au ch\u0153ur et \u00e0 l&#8217;autel principal.\u00a0<\/span><\/p>\n<h3><span style=\"color: #d3af37;\"><b>Le centre historique de la ville de Morella\u00a0<\/b><\/span><\/h3>\n<p><span style=\"font-weight: 400;\">Cette visite est pr\u00e9vue pour vous permettre de visiter de mani\u00e8re personnalis\u00e9e tous les points symboliques de la ville. Ainsi, nous vous emm\u00e8nerons au centre de Morella, un lieu charg\u00e9 d&#8217;histoire et de tradition.<\/span><\/p>\n<p><span style=\"font-weight: 400;\">Sur ce site se trouvent diff\u00e9rents b\u00e2timents de grande valeur historique et culturelle tels que l&#8217;h\u00f4tel de ville, l&#8217;ancienne prison, le jardin des po\u00e8tes et bien d&#8217;autres encore.\u00a0<\/span><\/p>\n<h3><span style=\"color: #d3af37;\"><b>A voir absolument \u00e0 Morella, les murs et les anciennes portes.\u00a0<\/b><\/span><\/h3>\n<p><span style=\"font-weight: 400;\">Morella se distingue par le fait qu&#8217;elle est entour\u00e9e d&#8217;une vaste muraille m\u00e9di\u00e9vale qui servait de protection et d&#8217;abri \u00e0 la ville.\u00a0<\/span><\/p>\n<p><span style=\"font-weight: 400;\">Dans ces murs de plus de 2 kilom\u00e8tres de long se trouvent les anciennes portes d&#8217;acc\u00e8s \u00e0 Morella, dont la plus populaire est la Puerta de San Miguel.\u00a0<\/span><\/p>\n<p><span style=\"font-weight: 400;\">En plus de tous ces endroits magnifiques que nous avons mentionn\u00e9s, dans notre tour priv\u00e9 \u00e0 Morella depuis Valence, vous conna\u00eetrez \u00e9galement :\u00a0<\/span><\/p>\n<ul>\n<li><b>L&#8217;aqueduc de Santa Lucia<\/b><\/li>\n<li><b>Porte Nevera<\/b><\/li>\n<li><b>Rue Blasco de Alag\u00f3n<\/b><\/li>\n<li><b>Tour Consell<\/b><\/li>\n<li><b>Et d&#8217;autres points d&#8217;int\u00e9r\u00eat.<\/b><\/li>\n<\/ul>\n<p><span style=\"font-weight: 400;\">\u00c0 la fin de l&#8217;excursion, nous retournerons \u00e0 Valence pour vous d\u00e9poser au point convenu afin que vous puissiez vous reposer et poursuivre votre visite de la province de Valence.\u00a0<\/span><\/p>\n<p><span style=\"font-weight: 400;\">C&#8217;est une bonne id\u00e9e de r\u00e9server quelques heures de votre itin\u00e9raire de voyage pour profiter d&#8217;une <\/span><b>visite priv\u00e9e de Valence et d&#8217;une d\u00e9gustation de vin<\/b><span style=\"font-weight: 400;\">.<\/span><\/p>\n","protected":false},"excerpt":{"rendered":"<p><span style=\"font-weight: 400;\">L&#8217;un des plus beaux villages d&#8217;Espagne, Morella, vous attend pour \u00eatre explor\u00e9 lors de cette visite priv\u00e9e au d\u00e9part de Valence. C&#8217;est une fa\u00e7on id\u00e9ale d&#8217;\u00e9chapper au stress de la ville et de se connecter avec une belle ville m\u00e9di\u00e9vale pleine d&#8217;histoire, de culture et de tradition. L&#8217;excursion se fera dans une voiture priv\u00e9e confortable et avec un guide officiel afin que vous ne manquiez aucun d\u00e9tail de l&#8217;excursion. <\/span><\/p>\n","protected":false},"featured_media":119614,"comment_status":"open","ping_status":"closed","template":"","meta":{"_acf_changed":false},"product_brand":[],"product_cat":[3674,4077,4078],"product_tag":[],"class_list":{"0":"post-118942","1":"product","2":"type-product","3":"status-publish","4":"has-post-thumbnail","6":"product_cat-valencia-fr","7":"product_cat-toutes-les-visites-et-activites-privees-valencia-fr-espagne-fr","8":"product_cat-private-sightseeing-tours-fr-70","10":"first","11":"instock","12":"shipping-taxable","13":"purchasable","14":"product-type-simple"},"acf":[],"yoast_head":"<!-- This site is optimized with the Yoast SEO Premium plugin v25.3.1 (Yoast SEO v25.3.1) - https:\/\/yoast.com\/wordpress\/plugins\/seo\/ -->\n<title>Visite priv\u00e9e \u00e0 Morella depuis Valence avec guide et voiture priv\u00e9e inclus.<\/title>\n<meta name=\"description\" content=\"Rendez-vous \u00e0 Morella, l&#039;un des plus beaux villages de Castell\u00f3n pour explorer son incroyable architecture m\u00e9di\u00e9vale et d\u00e9couvrir toute l&#039;influence laiss\u00e9e dans ses rues par les Templiers, les musulmans et les chr\u00e9tiens.\" \/>\n<meta name=\"robots\" content=\"index, follow, max-snippet:-1, max-image-preview:large, max-video-preview:-1\" \/>\n<link rel=\"canonical\" href=\"https:\/\/tourtravelandmore.com\/fr\/tours\/espagne-fr\/valencia-fr\/toutes-les-visites-et-activites-privees-valencia-fr-espagne-fr\/visite-privee-de-morella-depuis-valence\/\" \/>\n<meta property=\"og:locale\" content=\"fr_FR\" \/>\n<meta property=\"og:type\" content=\"article\" \/>\n<meta property=\"og:title\" content=\"Visite Priv\u00e9e de Morella depuis Valence\" \/>\n<meta property=\"og:description\" content=\"Rendez-vous \u00e0 Morella, l&#039;un des plus beaux villages de Castell\u00f3n pour explorer son incroyable architecture m\u00e9di\u00e9vale et d\u00e9couvrir toute l&#039;influence laiss\u00e9e dans ses rues par les Templiers, les musulmans et les chr\u00e9tiens.\" \/>\n<meta property=\"og:url\" content=\"https:\/\/tourtravelandmore.com\/fr\/tours\/espagne-fr\/valencia-fr\/toutes-les-visites-et-activites-privees-valencia-fr-espagne-fr\/visite-privee-de-morella-depuis-valence\/\" \/>\n<meta property=\"og:site_name\" content=\"Tour Travel And More\" \/>\n<meta property=\"article:publisher\" content=\"https:\/\/www.facebook.com\/tourtravelandmore\/\" \/>\n<meta property=\"article:modified_time\" content=\"2022-02-11T08:25:56+00:00\" \/>\n<meta property=\"og:image\" content=\"https:\/\/tourtravelandmore.com\/wp-content\/uploads\/2022\/02\/FKLAmC7X0AUZSy1-1.jpg\" \/>\n\t<meta property=\"og:image:width\" content=\"1240\" \/>\n\t<meta property=\"og:image:height\" content=\"744\" \/>\n\t<meta property=\"og:image:type\" content=\"image\/jpeg\" \/>\n<meta name=\"twitter:card\" content=\"summary_large_image\" \/>\n<meta name=\"twitter:site\" content=\"@TourTravel_More\" \/>\n<meta name=\"twitter:label1\" content=\"Dur\u00e9e de lecture estim\u00e9e\" \/>\n\t<meta name=\"twitter:data1\" content=\"4 minutes\" \/>\n<script type=\"application\/ld+json\" class=\"yoast-schema-graph\">{\"@context\":\"https:\/\/schema.org\",\"@graph\":[{\"@type\":\"WebPage\",\"@id\":\"https:\/\/tourtravelandmore.com\/fr\/tours\/espagne-fr\/valencia-fr\/toutes-les-visites-et-activites-privees-valencia-fr-espagne-fr\/visite-privee-de-morella-depuis-valence\/\",\"url\":\"https:\/\/tourtravelandmore.com\/fr\/tours\/espagne-fr\/valencia-fr\/toutes-les-visites-et-activites-privees-valencia-fr-espagne-fr\/visite-privee-de-morella-depuis-valence\/\",\"name\":\"Visite priv\u00e9e \u00e0 Morella depuis Valence avec guide et voiture priv\u00e9e inclus.\",\"isPartOf\":{\"@id\":\"https:\/\/tourtravelandmore.com\/fr\/#website\"},\"primaryImageOfPage\":{\"@id\":\"https:\/\/tourtravelandmore.com\/fr\/tours\/espagne-fr\/valencia-fr\/toutes-les-visites-et-activites-privees-valencia-fr-espagne-fr\/visite-privee-de-morella-depuis-valence\/#primaryimage\"},\"image\":{\"@id\":\"https:\/\/tourtravelandmore.com\/fr\/tours\/espagne-fr\/valencia-fr\/toutes-les-visites-et-activites-privees-valencia-fr-espagne-fr\/visite-privee-de-morella-depuis-valence\/#primaryimage\"},\"thumbnailUrl\":\"https:\/\/tourtravelandmore.com\/wp-content\/uploads\/2022\/02\/FKLAmC7X0AUZSy1-1.jpg\",\"datePublished\":\"2022-02-10T16:52:18+00:00\",\"dateModified\":\"2022-02-11T08:25:56+00:00\",\"description\":\"Rendez-vous \u00e0 Morella, l'un des plus beaux villages de Castell\u00f3n pour explorer son incroyable architecture m\u00e9di\u00e9vale et d\u00e9couvrir toute l'influence laiss\u00e9e dans ses rues par les Templiers, les musulmans et les chr\u00e9tiens.\",\"breadcrumb\":{\"@id\":\"https:\/\/tourtravelandmore.com\/fr\/tours\/espagne-fr\/valencia-fr\/toutes-les-visites-et-activites-privees-valencia-fr-espagne-fr\/visite-privee-de-morella-depuis-valence\/#breadcrumb\"},\"inLanguage\":\"fr-FR\",\"potentialAction\":[{\"@type\":\"ReadAction\",\"target\":[\"https:\/\/tourtravelandmore.com\/fr\/tours\/espagne-fr\/valencia-fr\/toutes-les-visites-et-activites-privees-valencia-fr-espagne-fr\/visite-privee-de-morella-depuis-valence\/\"]}]},{\"@type\":\"ImageObject\",\"inLanguage\":\"fr-FR\",\"@id\":\"https:\/\/tourtravelandmore.com\/fr\/tours\/espagne-fr\/valencia-fr\/toutes-les-visites-et-activites-privees-valencia-fr-espagne-fr\/visite-privee-de-morella-depuis-valence\/#primaryimage\",\"url\":\"https:\/\/tourtravelandmore.com\/wp-content\/uploads\/2022\/02\/FKLAmC7X0AUZSy1-1.jpg\",\"contentUrl\":\"https:\/\/tourtravelandmore.com\/wp-content\/uploads\/2022\/02\/FKLAmC7X0AUZSy1-1.jpg\",\"width\":1240,\"height\":744},{\"@type\":\"BreadcrumbList\",\"@id\":\"https:\/\/tourtravelandmore.com\/fr\/tours\/espagne-fr\/valencia-fr\/toutes-les-visites-et-activites-privees-valencia-fr-espagne-fr\/visite-privee-de-morella-depuis-valence\/#breadcrumb\",\"itemListElement\":[{\"@type\":\"ListItem\",\"position\":1,\"name\":\"Home\",\"item\":\"https:\/\/tourtravelandmore.com\/fr\/\"},{\"@type\":\"ListItem\",\"position\":2,\"name\":\"Tours\",\"item\":\"https:\/\/tourtravelandmore.com\/fr\/tours\/\"},{\"@type\":\"ListItem\",\"position\":3,\"name\":\"Visite Priv\u00e9e de Morella depuis Valence\"}]},{\"@type\":\"WebSite\",\"@id\":\"https:\/\/tourtravelandmore.com\/fr\/#website\",\"url\":\"https:\/\/tourtravelandmore.com\/fr\/\",\"name\":\"Tour Travel And More\",\"description\":\"Private sightseeing tours and luxury transfers in Spain\",\"publisher\":{\"@id\":\"https:\/\/tourtravelandmore.com\/fr\/#organization\"},\"potentialAction\":[{\"@type\":\"SearchAction\",\"target\":{\"@type\":\"EntryPoint\",\"urlTemplate\":\"https:\/\/tourtravelandmore.com\/fr\/?s={search_term_string}\"},\"query-input\":{\"@type\":\"PropertyValueSpecification\",\"valueRequired\":true,\"valueName\":\"search_term_string\"}}],\"inLanguage\":\"fr-FR\"},{\"@type\":\"Organization\",\"@id\":\"https:\/\/tourtravelandmore.com\/fr\/#organization\",\"name\":\"Tour Travel And More\",\"url\":\"https:\/\/tourtravelandmore.com\/fr\/\",\"logo\":{\"@type\":\"ImageObject\",\"inLanguage\":\"fr-FR\",\"@id\":\"https:\/\/tourtravelandmore.com\/fr\/#\/schema\/logo\/image\/\",\"url\":\"https:\/\/tourtravelandmore.com\/wp-content\/uploads\/2022\/12\/cropped-logo-cabecera-new.png\",\"contentUrl\":\"https:\/\/tourtravelandmore.com\/wp-content\/uploads\/2022\/12\/cropped-logo-cabecera-new.png\",\"width\":430,\"height\":61,\"caption\":\"Tour Travel And More\"},\"image\":{\"@id\":\"https:\/\/tourtravelandmore.com\/fr\/#\/schema\/logo\/image\/\"},\"sameAs\":[\"https:\/\/www.facebook.com\/tourtravelandmore\/\",\"https:\/\/x.com\/TourTravel_More\"]}]}<\/script>\n<!-- \/ Yoast SEO Premium plugin. -->","yoast_head_json":{"title":"Visite priv\u00e9e \u00e0 Morella depuis Valence avec guide et voiture priv\u00e9e inclus.","description":"Rendez-vous \u00e0 Morella, l'un des plus beaux villages de Castell\u00f3n pour explorer son incroyable architecture m\u00e9di\u00e9vale et d\u00e9couvrir toute l'influence laiss\u00e9e dans ses rues par les Templiers, les musulmans et les chr\u00e9tiens.","robots":{"index":"index","follow":"follow","max-snippet":"max-snippet:-1","max-image-preview":"max-image-preview:large","max-video-preview":"max-video-preview:-1"},"canonical":"https:\/\/tourtravelandmore.com\/fr\/tours\/espagne-fr\/valencia-fr\/toutes-les-visites-et-activites-privees-valencia-fr-espagne-fr\/visite-privee-de-morella-depuis-valence\/","og_locale":"fr_FR","og_type":"article","og_title":"Visite Priv\u00e9e de Morella depuis Valence","og_description":"Rendez-vous \u00e0 Morella, l'un des plus beaux villages de Castell\u00f3n pour explorer son incroyable architecture m\u00e9di\u00e9vale et d\u00e9couvrir toute l'influence laiss\u00e9e dans ses rues par les Templiers, les musulmans et les chr\u00e9tiens.","og_url":"https:\/\/tourtravelandmore.com\/fr\/tours\/espagne-fr\/valencia-fr\/toutes-les-visites-et-activites-privees-valencia-fr-espagne-fr\/visite-privee-de-morella-depuis-valence\/","og_site_name":"Tour Travel And More","article_publisher":"https:\/\/www.facebook.com\/tourtravelandmore\/","article_modified_time":"2022-02-11T08:25:56+00:00","og_image":[{"width":1240,"height":744,"url":"https:\/\/tourtravelandmore.com\/wp-content\/uploads\/2022\/02\/FKLAmC7X0AUZSy1-1.jpg","type":"image\/jpeg"}],"twitter_card":"summary_large_image","twitter_site":"@TourTravel_More","twitter_misc":{"Dur\u00e9e de lecture estim\u00e9e":"4 minutes"},"schema":{"@context":"https:\/\/schema.org","@graph":[{"@type":"WebPage","@id":"https:\/\/tourtravelandmore.com\/fr\/tours\/espagne-fr\/valencia-fr\/toutes-les-visites-et-activites-privees-valencia-fr-espagne-fr\/visite-privee-de-morella-depuis-valence\/","url":"https:\/\/tourtravelandmore.com\/fr\/tours\/espagne-fr\/valencia-fr\/toutes-les-visites-et-activites-privees-valencia-fr-espagne-fr\/visite-privee-de-morella-depuis-valence\/","name":"Visite priv\u00e9e \u00e0 Morella depuis Valence avec guide et voiture priv\u00e9e inclus.","isPartOf":{"@id":"https:\/\/tourtravelandmore.com\/fr\/#website"},"primaryImageOfPage":{"@id":"https:\/\/tourtravelandmore.com\/fr\/tours\/espagne-fr\/valencia-fr\/toutes-les-visites-et-activites-privees-valencia-fr-espagne-fr\/visite-privee-de-morella-depuis-valence\/#primaryimage"},"image":{"@id":"https:\/\/tourtravelandmore.com\/fr\/tours\/espagne-fr\/valencia-fr\/toutes-les-visites-et-activites-privees-valencia-fr-espagne-fr\/visite-privee-de-morella-depuis-valence\/#primaryimage"},"thumbnailUrl":"https:\/\/tourtravelandmore.com\/wp-content\/uploads\/2022\/02\/FKLAmC7X0AUZSy1-1.jpg","datePublished":"2022-02-10T16:52:18+00:00","dateModified":"2022-02-11T08:25:56+00:00","description":"Rendez-vous \u00e0 Morella, l'un des plus beaux villages de Castell\u00f3n pour explorer son incroyable architecture m\u00e9di\u00e9vale et d\u00e9couvrir toute l'influence laiss\u00e9e dans ses rues par les Templiers, les musulmans et les chr\u00e9tiens.","breadcrumb":{"@id":"https:\/\/tourtravelandmore.com\/fr\/tours\/espagne-fr\/valencia-fr\/toutes-les-visites-et-activites-privees-valencia-fr-espagne-fr\/visite-privee-de-morella-depuis-valence\/#breadcrumb"},"inLanguage":"fr-FR","potentialAction":[{"@type":"ReadAction","target":["https:\/\/tourtravelandmore.com\/fr\/tours\/espagne-fr\/valencia-fr\/toutes-les-visites-et-activites-privees-valencia-fr-espagne-fr\/visite-privee-de-morella-depuis-valence\/"]}]},{"@type":"ImageObject","inLanguage":"fr-FR","@id":"https:\/\/tourtravelandmore.com\/fr\/tours\/espagne-fr\/valencia-fr\/toutes-les-visites-et-activites-privees-valencia-fr-espagne-fr\/visite-privee-de-morella-depuis-valence\/#primaryimage","url":"https:\/\/tourtravelandmore.com\/wp-content\/uploads\/2022\/02\/FKLAmC7X0AUZSy1-1.jpg","contentUrl":"https:\/\/tourtravelandmore.com\/wp-content\/uploads\/2022\/02\/FKLAmC7X0AUZSy1-1.jpg","width":1240,"height":744},{"@type":"BreadcrumbList","@id":"https:\/\/tourtravelandmore.com\/fr\/tours\/espagne-fr\/valencia-fr\/toutes-les-visites-et-activites-privees-valencia-fr-espagne-fr\/visite-privee-de-morella-depuis-valence\/#breadcrumb","itemListElement":[{"@type":"ListItem","position":1,"name":"Home","item":"https:\/\/tourtravelandmore.com\/fr\/"},{"@type":"ListItem","position":2,"name":"Tours","item":"https:\/\/tourtravelandmore.com\/fr\/tours\/"},{"@type":"ListItem","position":3,"name":"Visite Priv\u00e9e de Morella depuis Valence"}]},{"@type":"WebSite","@id":"https:\/\/tourtravelandmore.com\/fr\/#website","url":"https:\/\/tourtravelandmore.com\/fr\/","name":"Tour Travel And More","description":"Private sightseeing tours and luxury transfers in Spain","publisher":{"@id":"https:\/\/tourtravelandmore.com\/fr\/#organization"},"potentialAction":[{"@type":"SearchAction","target":{"@type":"EntryPoint","urlTemplate":"https:\/\/tourtravelandmore.com\/fr\/?s={search_term_string}"},"query-input":{"@type":"PropertyValueSpecification","valueRequired":true,"valueName":"search_term_string"}}],"inLanguage":"fr-FR"},{"@type":"Organization","@id":"https:\/\/tourtravelandmore.com\/fr\/#organization","name":"Tour Travel And More","url":"https:\/\/tourtravelandmore.com\/fr\/","logo":{"@type":"ImageObject","inLanguage":"fr-FR","@id":"https:\/\/tourtravelandmore.com\/fr\/#\/schema\/logo\/image\/","url":"https:\/\/tourtravelandmore.com\/wp-content\/uploads\/2022\/12\/cropped-logo-cabecera-new.png","contentUrl":"https:\/\/tourtravelandmore.com\/wp-content\/uploads\/2022\/12\/cropped-logo-cabecera-new.png","width":430,"height":61,"caption":"Tour Travel And More"},"image":{"@id":"https:\/\/tourtravelandmore.com\/fr\/#\/schema\/logo\/image\/"},"sameAs":["https:\/\/www.facebook.com\/tourtravelandmore\/","https:\/\/x.com\/TourTravel_More"]}]}},"_links":{"self":[{"href":"https:\/\/tourtravelandmore.com\/fr\/wp-json\/wp\/v2\/product\/118942","targetHints":{"allow":["GET"]}}],"collection":[{"href":"https:\/\/tourtravelandmore.com\/fr\/wp-json\/wp\/v2\/product"}],"about":[{"href":"https:\/\/tourtravelandmore.com\/fr\/wp-json\/wp\/v2\/types\/product"}],"replies":[{"embeddable":true,"href":"https:\/\/tourtravelandmore.com\/fr\/wp-json\/wp\/v2\/comments?post=118942"}],"wp:featuredmedia":[{"embeddable":true,"href":"https:\/\/tourtravelandmore.com\/fr\/wp-json\/wp\/v2\/media\/119614"}],"wp:attachment":[{"href":"https:\/\/tourtravelandmore.com\/fr\/wp-json\/wp\/v2\/media?parent=118942"}],"wp:term":[{"taxonomy":"product_brand","embeddable":true,"href":"https:\/\/tourtravelandmore.com\/fr\/wp-json\/wp\/v2\/product_brand?post=118942"},{"taxonomy":"product_cat","embeddable":true,"href":"https:\/\/tourtravelandmore.com\/fr\/wp-json\/wp\/v2\/product_cat?post=118942"},{"taxonomy":"product_tag","embeddable":true,"href":"https:\/\/tourtravelandmore.com\/fr\/wp-json\/wp\/v2\/product_tag?post=118942"}],"curies":[{"name":"wp","href":"https:\/\/api.w.org\/{rel}","templated":true}]}}