{"id":118899,"date":"2022-02-10T17:23:13","date_gmt":"2022-02-10T16:23:18","guid":{"rendered":"https:\/\/tourtravelandmore.com\/?post_type=product&#038;p=118899"},"modified":"2022-02-21T19:41:32","modified_gmt":"2022-02-21T18:41:32","slug":"visite-privee-a-pied-de-loceanographie-et-de-lhemisphere-pendant-4-heures","status":"publish","type":"product","link":"https:\/\/tourtravelandmore.com\/fr\/tours\/espagne-fr\/valencia-fr\/toutes-les-visites-et-activites-privees-valencia-fr-espagne-fr\/visite-privee-a-pied-de-loceanographie-et-de-lhemisphere-pendant-4-heures\/","title":{"rendered":"Visite priv\u00e9e \u00e0 pied de l&#8217;oc\u00e9anographie et de l&#8217;h\u00e9misph\u00e8re pendant 4 heures"},"content":{"rendered":"<h2><b>Description de la visite priv\u00e9e \u00e0 pied de l&#8217;oc\u00e9anographie et de l&#8217;h\u00e9misph\u00e8re pour 4 heures<\/b><\/h2>\n<p><span style=\"font-weight: 400;\">Valence est une ville parfaite pour faire des visites et des promenades, que ce soit seul, entre amis ou en famille. L&#8217;une des \u00e9tapes recommand\u00e9es dans la capitale valencienne est, sans aucun doute, la visite de la Cit\u00e9 des Arts et des Sciences.\u00a0<\/span><\/p>\n<p><span style=\"font-weight: 400;\">Profitez de <\/span><b>notre visite priv\u00e9e \u00e0 pied de l&#8217;oc\u00e9anographie et de l&#8217;h\u00e9misph\u00e8re (4 heures) <\/b><span style=\"font-weight: 400;\">pour explorer certains des b\u00e2timents les plus futuristes de toute l&#8217;Europe.\u00a0<\/span><\/p>\n<p><i><span style=\"font-weight: 400;\">La Ciutat de les Arts i les Ci\u00e8ncies <\/span><\/i><span style=\"font-weight: 400;\">est une r\u00e9f\u00e9rence mondiale pour sa grande richesse architecturale. Elle poss\u00e8de l&#8217;un des plus grands aquariums du continent et le cin\u00e9ma futuriste le plus impressionnant d&#8217;Europe.\u00a0<\/span><\/p>\n<p><span style=\"font-weight: 400;\">Si vous souhaitez faire une visite tranquille de ce complexe embl\u00e9matique, notre visite guid\u00e9e priv\u00e9e est une excellente occasion pour vous d&#8217;explorer pleinement ce lieu symbolique de Valence.\u00a0<\/span><\/p>\n<p><span style=\"font-weight: 400;\">Nous vous donnerons des <\/span><b>billets exclusifs pour l&#8217;Oceanogr\u00e1fic et l&#8217;Hemisf\u00e8ric,<\/b><span style=\"font-weight: 400;\"> afin que vous n&#8217;ayez pas \u00e0 attendre ou \u00e0 faire la queue pour entrer dans les b\u00e2timents.\u00a0<\/span><\/p>\n<p><span style=\"font-weight: 400;\">Vous explorerez le cin\u00e9ma le plus moderne d&#8217;Europe et profiterez des projections en 3D et du merveilleux plan\u00e9tarium.\u00a0<\/span><\/p>\n<p><span style=\"font-weight: 400;\">Ensuite, vous pourrez visiter <\/span><b>le plus grand aquarium d&#8217;Europe <\/b><span style=\"font-weight: 400;\">: L&#8217;Oceanogr\u00e1fic. Dans ce b\u00e2timent, vous trouverez plus de 25 000 esp\u00e8ces aquatiques, comme des pingouins, des morses, des b\u00e9lugas, parmi beaucoup d&#8217;autres.\u00a0<\/span><\/p>\n<p><span style=\"font-weight: 400;\">Au cours de cette excursion de 4 heures, vous b\u00e9n\u00e9ficierez d&#8217;un guide priv\u00e9 pour profiter au maximum de chaque minute de cette incroyable visite.\u00a0<\/span><\/p>\n<h2><span style=\"color: #d3af37;\"><b>Points d&#8217;int\u00e9r\u00eat de la visite priv\u00e9e<\/b><\/span><\/h2>\n<p><span style=\"font-weight: 400;\">La visite priv\u00e9e \u00e0 pied de l&#8217;Oceanogr\u00e1fic et de l&#8217;Hemisf\u00e8ric vous fera vivre deux exp\u00e9riences en une, puisque, tout d&#8217;abord, vous vous d\u00e9lectez de l&#8217;incroyable architecture futuriste de chacun des b\u00e2timents.\u00a0<\/span><\/p>\n<p><span style=\"font-weight: 400;\">En outre, vous pourrez profiter de toutes les attractions que ces merveilles modernes ont \u00e0 offrir.<\/span><\/p>\n<h3><span style=\"color: #d3af37;\"><b>L&#8217;Aquarium Oc\u00e9anogr\u00e1fic<\/b><\/span><\/h3>\n<p><span style=\"font-weight: 400;\">Nous commencerons la visite par l&#8217;Oceanogr\u00e1fic, qui est consid\u00e9r\u00e9 comme le plus grand aquarium de tout le continent europ\u00e9en.\u00a0<\/span><\/p>\n<p><span style=\"font-weight: 400;\">\u00c0 l&#8217;int\u00e9rieur du b\u00e2timent se trouve une incroyable collection de faune aquatique qui correspond \u00e0 diff\u00e9rentes vari\u00e9t\u00e9s d&#8217;habitats, comme la M\u00e9diterran\u00e9e, les oc\u00e9ans, les zones humides, les for\u00eats, parmi de nombreux autres \u00e9cosyst\u00e8mes du monde.\u00a0<\/span><\/p>\n<p><span style=\"font-weight: 400;\">L&#8217;une des esp\u00e8ces protagonistes est le b\u00e9luga, car il est le seul de son esp\u00e8ce \u00e0 \u00eatre expos\u00e9 au public.\u00a0<\/span><\/p>\n<p><span style=\"font-weight: 400;\">Vous verrez \u00e9galement des spectacles de dauphins, la zone des m\u00e9duses et un nombre infini de poissons qui vous \u00e9tonneront compl\u00e8tement.\u00a0\u00a0<\/span><\/p>\n<p><span style=\"font-weight: 400;\">Comme si cela ne suffisait pas, l&#8217;Oceanogr\u00e1fic abrite un restaurant sous-marin qui, nous en sommes s\u00fbrs, vous impressionnera par sa forme frappante et unique.\u00a0<\/span><\/p>\n<h3><span style=\"color: #d3af37;\"><b>L&#8217;H\u00e9misph\u00e8re<\/b><\/span><\/h3>\n<p><span style=\"font-weight: 400;\">C&#8217;est un espace qui a ouvert ses portes en 1998, et dont le design, en forme d&#8217;\u0153il humain, a \u00e9t\u00e9 con\u00e7u par <\/span><b>Santiago Calatrava.<\/b><span style=\"font-weight: 400;\">\u00a0\u00a0<\/span><\/p>\n<p><span style=\"font-weight: 400;\">Cette salle de projection est consid\u00e9r\u00e9e comme la plus grande d&#8217;Europe et est \u00e9quip\u00e9e de la technologie du format Imax Dome.\u00a0<\/span><\/p>\n<p><span style=\"font-weight: 400;\">De m\u00eame, l&#8217;h\u00e9misph\u00e8re poss\u00e8de un \u00e9cran concave d&#8217;environ 900 m\u00e8tres carr\u00e9s, unique par sa forme et son style.\u00a0<\/span><\/p>\n<p><span style=\"font-weight: 400;\">Il ne fait aucun doute que le visionnage de tout type de projection audiovisuelle num\u00e9rique dans l&#8217;H\u00e9misph\u00e8re sera une exp\u00e9rience totalement futuriste et hors du commun.\u00a0<\/span><\/p>\n<p><span style=\"font-weight: 400;\">\u00c0 la fin de la visite guid\u00e9e, vous pourrez poursuivre votre visite de Valence, pour laquelle nous vous recommandons d&#8217;opter pour notre <\/span><a href=\"https:\/\/tourtravelandmore.com\/fr\/tours\/espagne-fr\/valencia-fr\/toutes-les-visites-et-activites-privees-valencia-fr-espagne-fr\/visite-privee-a-pied-de-valence\/\"><b>visite priv\u00e9e \u00e0 pied de Valence<\/b><\/a><span style=\"font-weight: 400;\">. De cette fa\u00e7on, vous conna\u00eetrez parfaitement les points les plus importants de la capitale valencienne.<\/span><\/p>\n","protected":false},"excerpt":{"rendered":"<p><span style=\"font-weight: 400;\">Vous souhaitez explorer en profondeur la Cit\u00e9 des Arts et des Sciences ? D\u00e9couvrez les incroyables b\u00e2timents : Oceanogr\u00e1fic et Hemispheric pour admirer toute leur architecture et leur singularit\u00e9 dans cette visite \u00e0 pied priv\u00e9e de 4 heures accompagn\u00e9e d&#8217;un guide expert en art et en science.<\/span><\/p>\n","protected":false},"featured_media":119783,"comment_status":"open","ping_status":"closed","template":"","meta":{"_acf_changed":false},"product_brand":[],"product_cat":[3674,4077,4078,4079,4080],"product_tag":[],"class_list":{"0":"post-118899","1":"product","2":"type-product","3":"status-publish","4":"has-post-thumbnail","6":"product_cat-valencia-fr","7":"product_cat-toutes-les-visites-et-activites-privees-valencia-fr-espagne-fr","8":"product_cat-private-sightseeing-tours-fr-70","9":"product_cat-private-day-trips-fr","10":"product_cat-visites-a-pied-privees-valencia-fr-espagne-fr","12":"first","13":"instock","14":"shipping-taxable","15":"purchasable","16":"product-type-simple"},"acf":[],"yoast_head":"<!-- This site is optimized with the Yoast SEO Premium plugin v25.3.1 (Yoast SEO v25.3.1) - https:\/\/yoast.com\/wordpress\/plugins\/seo\/ -->\n<title>Visite priv\u00e9e \u00e0 pied d&#039;Oceanogr\u00e1fic et Hemispheric avec guide priv\u00e9 inclus<\/title>\n<meta name=\"description\" content=\"D\u00e9couvrez l&#039;Oceanogr\u00e1fic et l&#039;Hemisf\u00e8ric lors d&#039;une visite priv\u00e9e \u00e0 pied de la Cit\u00e9 des Arts et des Sciences, accompagn\u00e9e d&#039;un guide officiel priv\u00e9.\" \/>\n<meta name=\"robots\" content=\"index, follow, max-snippet:-1, max-image-preview:large, max-video-preview:-1\" \/>\n<link rel=\"canonical\" href=\"https:\/\/tourtravelandmore.com\/fr\/tours\/espagne-fr\/valencia-fr\/toutes-les-visites-et-activites-privees-valencia-fr-espagne-fr\/visite-privee-a-pied-de-loceanographie-et-de-lhemisphere-pendant-4-heures\/\" \/>\n<meta property=\"og:locale\" content=\"fr_FR\" \/>\n<meta property=\"og:type\" content=\"article\" \/>\n<meta property=\"og:title\" content=\"Visite priv\u00e9e \u00e0 pied de l&#039;oc\u00e9anographie et de l&#039;h\u00e9misph\u00e8re pendant 4 heures\" \/>\n<meta property=\"og:description\" content=\"D\u00e9couvrez l&#039;Oceanogr\u00e1fic et l&#039;Hemisf\u00e8ric lors d&#039;une visite priv\u00e9e \u00e0 pied de la Cit\u00e9 des Arts et des Sciences, accompagn\u00e9e d&#039;un guide officiel priv\u00e9.\" \/>\n<meta property=\"og:url\" content=\"https:\/\/tourtravelandmore.com\/fr\/tours\/espagne-fr\/valencia-fr\/toutes-les-visites-et-activites-privees-valencia-fr-espagne-fr\/visite-privee-a-pied-de-loceanographie-et-de-lhemisphere-pendant-4-heures\/\" \/>\n<meta property=\"og:site_name\" content=\"Tour Travel And More\" \/>\n<meta property=\"article:publisher\" content=\"https:\/\/www.facebook.com\/tourtravelandmore\/\" \/>\n<meta property=\"article:modified_time\" content=\"2022-02-21T18:41:32+00:00\" \/>\n<meta property=\"og:image\" content=\"https:\/\/tourtravelandmore.com\/wp-content\/uploads\/2022\/02\/31604090441_fbe1ca0d62_o-1.jpg\" \/>\n\t<meta property=\"og:image:width\" content=\"1062\" \/>\n\t<meta property=\"og:image:height\" content=\"709\" \/>\n\t<meta property=\"og:image:type\" content=\"image\/jpeg\" \/>\n<meta name=\"twitter:card\" content=\"summary_large_image\" \/>\n<meta name=\"twitter:site\" content=\"@TourTravel_More\" \/>\n<meta name=\"twitter:label1\" content=\"Dur\u00e9e de lecture estim\u00e9e\" \/>\n\t<meta name=\"twitter:data1\" content=\"3 minutes\" \/>\n<script type=\"application\/ld+json\" class=\"yoast-schema-graph\">{\"@context\":\"https:\/\/schema.org\",\"@graph\":[{\"@type\":\"WebPage\",\"@id\":\"https:\/\/tourtravelandmore.com\/fr\/tours\/espagne-fr\/valencia-fr\/toutes-les-visites-et-activites-privees-valencia-fr-espagne-fr\/visite-privee-a-pied-de-loceanographie-et-de-lhemisphere-pendant-4-heures\/\",\"url\":\"https:\/\/tourtravelandmore.com\/fr\/tours\/espagne-fr\/valencia-fr\/toutes-les-visites-et-activites-privees-valencia-fr-espagne-fr\/visite-privee-a-pied-de-loceanographie-et-de-lhemisphere-pendant-4-heures\/\",\"name\":\"Visite priv\u00e9e \u00e0 pied d'Oceanogr\u00e1fic et Hemispheric avec guide priv\u00e9 inclus\",\"isPartOf\":{\"@id\":\"https:\/\/tourtravelandmore.com\/fr\/#website\"},\"primaryImageOfPage\":{\"@id\":\"https:\/\/tourtravelandmore.com\/fr\/tours\/espagne-fr\/valencia-fr\/toutes-les-visites-et-activites-privees-valencia-fr-espagne-fr\/visite-privee-a-pied-de-loceanographie-et-de-lhemisphere-pendant-4-heures\/#primaryimage\"},\"image\":{\"@id\":\"https:\/\/tourtravelandmore.com\/fr\/tours\/espagne-fr\/valencia-fr\/toutes-les-visites-et-activites-privees-valencia-fr-espagne-fr\/visite-privee-a-pied-de-loceanographie-et-de-lhemisphere-pendant-4-heures\/#primaryimage\"},\"thumbnailUrl\":\"https:\/\/tourtravelandmore.com\/wp-content\/uploads\/2022\/02\/31604090441_fbe1ca0d62_o-1.jpg\",\"datePublished\":\"2022-02-10T16:23:18+00:00\",\"dateModified\":\"2022-02-21T18:41:32+00:00\",\"description\":\"D\u00e9couvrez l'Oceanogr\u00e1fic et l'Hemisf\u00e8ric lors d'une visite priv\u00e9e \u00e0 pied de la Cit\u00e9 des Arts et des Sciences, accompagn\u00e9e d'un guide officiel priv\u00e9.\",\"breadcrumb\":{\"@id\":\"https:\/\/tourtravelandmore.com\/fr\/tours\/espagne-fr\/valencia-fr\/toutes-les-visites-et-activites-privees-valencia-fr-espagne-fr\/visite-privee-a-pied-de-loceanographie-et-de-lhemisphere-pendant-4-heures\/#breadcrumb\"},\"inLanguage\":\"fr-FR\",\"potentialAction\":[{\"@type\":\"ReadAction\",\"target\":[\"https:\/\/tourtravelandmore.com\/fr\/tours\/espagne-fr\/valencia-fr\/toutes-les-visites-et-activites-privees-valencia-fr-espagne-fr\/visite-privee-a-pied-de-loceanographie-et-de-lhemisphere-pendant-4-heures\/\"]}]},{\"@type\":\"ImageObject\",\"inLanguage\":\"fr-FR\",\"@id\":\"https:\/\/tourtravelandmore.com\/fr\/tours\/espagne-fr\/valencia-fr\/toutes-les-visites-et-activites-privees-valencia-fr-espagne-fr\/visite-privee-a-pied-de-loceanographie-et-de-lhemisphere-pendant-4-heures\/#primaryimage\",\"url\":\"https:\/\/tourtravelandmore.com\/wp-content\/uploads\/2022\/02\/31604090441_fbe1ca0d62_o-1.jpg\",\"contentUrl\":\"https:\/\/tourtravelandmore.com\/wp-content\/uploads\/2022\/02\/31604090441_fbe1ca0d62_o-1.jpg\",\"width\":1062,\"height\":709},{\"@type\":\"BreadcrumbList\",\"@id\":\"https:\/\/tourtravelandmore.com\/fr\/tours\/espagne-fr\/valencia-fr\/toutes-les-visites-et-activites-privees-valencia-fr-espagne-fr\/visite-privee-a-pied-de-loceanographie-et-de-lhemisphere-pendant-4-heures\/#breadcrumb\",\"itemListElement\":[{\"@type\":\"ListItem\",\"position\":1,\"name\":\"Home\",\"item\":\"https:\/\/tourtravelandmore.com\/fr\/\"},{\"@type\":\"ListItem\",\"position\":2,\"name\":\"Tours\",\"item\":\"https:\/\/tourtravelandmore.com\/fr\/tours\/\"},{\"@type\":\"ListItem\",\"position\":3,\"name\":\"Visite priv\u00e9e \u00e0 pied de l&rsquo;oc\u00e9anographie et de l&rsquo;h\u00e9misph\u00e8re pendant 4 heures\"}]},{\"@type\":\"WebSite\",\"@id\":\"https:\/\/tourtravelandmore.com\/fr\/#website\",\"url\":\"https:\/\/tourtravelandmore.com\/fr\/\",\"name\":\"Tour Travel And More\",\"description\":\"Private sightseeing tours and luxury transfers in Spain\",\"publisher\":{\"@id\":\"https:\/\/tourtravelandmore.com\/fr\/#organization\"},\"potentialAction\":[{\"@type\":\"SearchAction\",\"target\":{\"@type\":\"EntryPoint\",\"urlTemplate\":\"https:\/\/tourtravelandmore.com\/fr\/?s={search_term_string}\"},\"query-input\":{\"@type\":\"PropertyValueSpecification\",\"valueRequired\":true,\"valueName\":\"search_term_string\"}}],\"inLanguage\":\"fr-FR\"},{\"@type\":\"Organization\",\"@id\":\"https:\/\/tourtravelandmore.com\/fr\/#organization\",\"name\":\"Tour Travel And More\",\"url\":\"https:\/\/tourtravelandmore.com\/fr\/\",\"logo\":{\"@type\":\"ImageObject\",\"inLanguage\":\"fr-FR\",\"@id\":\"https:\/\/tourtravelandmore.com\/fr\/#\/schema\/logo\/image\/\",\"url\":\"https:\/\/tourtravelandmore.com\/wp-content\/uploads\/2022\/12\/cropped-logo-cabecera-new.png\",\"contentUrl\":\"https:\/\/tourtravelandmore.com\/wp-content\/uploads\/2022\/12\/cropped-logo-cabecera-new.png\",\"width\":430,\"height\":61,\"caption\":\"Tour Travel And More\"},\"image\":{\"@id\":\"https:\/\/tourtravelandmore.com\/fr\/#\/schema\/logo\/image\/\"},\"sameAs\":[\"https:\/\/www.facebook.com\/tourtravelandmore\/\",\"https:\/\/x.com\/TourTravel_More\"]}]}<\/script>\n<!-- \/ Yoast SEO Premium plugin. -->","yoast_head_json":{"title":"Visite priv\u00e9e \u00e0 pied d'Oceanogr\u00e1fic et Hemispheric avec guide priv\u00e9 inclus","description":"D\u00e9couvrez l'Oceanogr\u00e1fic et l'Hemisf\u00e8ric lors d'une visite priv\u00e9e \u00e0 pied de la Cit\u00e9 des Arts et des Sciences, accompagn\u00e9e d'un guide officiel priv\u00e9.","robots":{"index":"index","follow":"follow","max-snippet":"max-snippet:-1","max-image-preview":"max-image-preview:large","max-video-preview":"max-video-preview:-1"},"canonical":"https:\/\/tourtravelandmore.com\/fr\/tours\/espagne-fr\/valencia-fr\/toutes-les-visites-et-activites-privees-valencia-fr-espagne-fr\/visite-privee-a-pied-de-loceanographie-et-de-lhemisphere-pendant-4-heures\/","og_locale":"fr_FR","og_type":"article","og_title":"Visite priv\u00e9e \u00e0 pied de l'oc\u00e9anographie et de l'h\u00e9misph\u00e8re pendant 4 heures","og_description":"D\u00e9couvrez l'Oceanogr\u00e1fic et l'Hemisf\u00e8ric lors d'une visite priv\u00e9e \u00e0 pied de la Cit\u00e9 des Arts et des Sciences, accompagn\u00e9e d'un guide officiel priv\u00e9.","og_url":"https:\/\/tourtravelandmore.com\/fr\/tours\/espagne-fr\/valencia-fr\/toutes-les-visites-et-activites-privees-valencia-fr-espagne-fr\/visite-privee-a-pied-de-loceanographie-et-de-lhemisphere-pendant-4-heures\/","og_site_name":"Tour Travel And More","article_publisher":"https:\/\/www.facebook.com\/tourtravelandmore\/","article_modified_time":"2022-02-21T18:41:32+00:00","og_image":[{"width":1062,"height":709,"url":"https:\/\/tourtravelandmore.com\/wp-content\/uploads\/2022\/02\/31604090441_fbe1ca0d62_o-1.jpg","type":"image\/jpeg"}],"twitter_card":"summary_large_image","twitter_site":"@TourTravel_More","twitter_misc":{"Dur\u00e9e de lecture estim\u00e9e":"3 minutes"},"schema":{"@context":"https:\/\/schema.org","@graph":[{"@type":"WebPage","@id":"https:\/\/tourtravelandmore.com\/fr\/tours\/espagne-fr\/valencia-fr\/toutes-les-visites-et-activites-privees-valencia-fr-espagne-fr\/visite-privee-a-pied-de-loceanographie-et-de-lhemisphere-pendant-4-heures\/","url":"https:\/\/tourtravelandmore.com\/fr\/tours\/espagne-fr\/valencia-fr\/toutes-les-visites-et-activites-privees-valencia-fr-espagne-fr\/visite-privee-a-pied-de-loceanographie-et-de-lhemisphere-pendant-4-heures\/","name":"Visite priv\u00e9e \u00e0 pied d'Oceanogr\u00e1fic et Hemispheric avec guide priv\u00e9 inclus","isPartOf":{"@id":"https:\/\/tourtravelandmore.com\/fr\/#website"},"primaryImageOfPage":{"@id":"https:\/\/tourtravelandmore.com\/fr\/tours\/espagne-fr\/valencia-fr\/toutes-les-visites-et-activites-privees-valencia-fr-espagne-fr\/visite-privee-a-pied-de-loceanographie-et-de-lhemisphere-pendant-4-heures\/#primaryimage"},"image":{"@id":"https:\/\/tourtravelandmore.com\/fr\/tours\/espagne-fr\/valencia-fr\/toutes-les-visites-et-activites-privees-valencia-fr-espagne-fr\/visite-privee-a-pied-de-loceanographie-et-de-lhemisphere-pendant-4-heures\/#primaryimage"},"thumbnailUrl":"https:\/\/tourtravelandmore.com\/wp-content\/uploads\/2022\/02\/31604090441_fbe1ca0d62_o-1.jpg","datePublished":"2022-02-10T16:23:18+00:00","dateModified":"2022-02-21T18:41:32+00:00","description":"D\u00e9couvrez l'Oceanogr\u00e1fic et l'Hemisf\u00e8ric lors d'une visite priv\u00e9e \u00e0 pied de la Cit\u00e9 des Arts et des Sciences, accompagn\u00e9e d'un guide officiel priv\u00e9.","breadcrumb":{"@id":"https:\/\/tourtravelandmore.com\/fr\/tours\/espagne-fr\/valencia-fr\/toutes-les-visites-et-activites-privees-valencia-fr-espagne-fr\/visite-privee-a-pied-de-loceanographie-et-de-lhemisphere-pendant-4-heures\/#breadcrumb"},"inLanguage":"fr-FR","potentialAction":[{"@type":"ReadAction","target":["https:\/\/tourtravelandmore.com\/fr\/tours\/espagne-fr\/valencia-fr\/toutes-les-visites-et-activites-privees-valencia-fr-espagne-fr\/visite-privee-a-pied-de-loceanographie-et-de-lhemisphere-pendant-4-heures\/"]}]},{"@type":"ImageObject","inLanguage":"fr-FR","@id":"https:\/\/tourtravelandmore.com\/fr\/tours\/espagne-fr\/valencia-fr\/toutes-les-visites-et-activites-privees-valencia-fr-espagne-fr\/visite-privee-a-pied-de-loceanographie-et-de-lhemisphere-pendant-4-heures\/#primaryimage","url":"https:\/\/tourtravelandmore.com\/wp-content\/uploads\/2022\/02\/31604090441_fbe1ca0d62_o-1.jpg","contentUrl":"https:\/\/tourtravelandmore.com\/wp-content\/uploads\/2022\/02\/31604090441_fbe1ca0d62_o-1.jpg","width":1062,"height":709},{"@type":"BreadcrumbList","@id":"https:\/\/tourtravelandmore.com\/fr\/tours\/espagne-fr\/valencia-fr\/toutes-les-visites-et-activites-privees-valencia-fr-espagne-fr\/visite-privee-a-pied-de-loceanographie-et-de-lhemisphere-pendant-4-heures\/#breadcrumb","itemListElement":[{"@type":"ListItem","position":1,"name":"Home","item":"https:\/\/tourtravelandmore.com\/fr\/"},{"@type":"ListItem","position":2,"name":"Tours","item":"https:\/\/tourtravelandmore.com\/fr\/tours\/"},{"@type":"ListItem","position":3,"name":"Visite priv\u00e9e \u00e0 pied de l&rsquo;oc\u00e9anographie et de l&rsquo;h\u00e9misph\u00e8re pendant 4 heures"}]},{"@type":"WebSite","@id":"https:\/\/tourtravelandmore.com\/fr\/#website","url":"https:\/\/tourtravelandmore.com\/fr\/","name":"Tour Travel And More","description":"Private sightseeing tours and luxury transfers in Spain","publisher":{"@id":"https:\/\/tourtravelandmore.com\/fr\/#organization"},"potentialAction":[{"@type":"SearchAction","target":{"@type":"EntryPoint","urlTemplate":"https:\/\/tourtravelandmore.com\/fr\/?s={search_term_string}"},"query-input":{"@type":"PropertyValueSpecification","valueRequired":true,"valueName":"search_term_string"}}],"inLanguage":"fr-FR"},{"@type":"Organization","@id":"https:\/\/tourtravelandmore.com\/fr\/#organization","name":"Tour Travel And More","url":"https:\/\/tourtravelandmore.com\/fr\/","logo":{"@type":"ImageObject","inLanguage":"fr-FR","@id":"https:\/\/tourtravelandmore.com\/fr\/#\/schema\/logo\/image\/","url":"https:\/\/tourtravelandmore.com\/wp-content\/uploads\/2022\/12\/cropped-logo-cabecera-new.png","contentUrl":"https:\/\/tourtravelandmore.com\/wp-content\/uploads\/2022\/12\/cropped-logo-cabecera-new.png","width":430,"height":61,"caption":"Tour Travel And More"},"image":{"@id":"https:\/\/tourtravelandmore.com\/fr\/#\/schema\/logo\/image\/"},"sameAs":["https:\/\/www.facebook.com\/tourtravelandmore\/","https:\/\/x.com\/TourTravel_More"]}]}},"_links":{"self":[{"href":"https:\/\/tourtravelandmore.com\/fr\/wp-json\/wp\/v2\/product\/118899","targetHints":{"allow":["GET"]}}],"collection":[{"href":"https:\/\/tourtravelandmore.com\/fr\/wp-json\/wp\/v2\/product"}],"about":[{"href":"https:\/\/tourtravelandmore.com\/fr\/wp-json\/wp\/v2\/types\/product"}],"replies":[{"embeddable":true,"href":"https:\/\/tourtravelandmore.com\/fr\/wp-json\/wp\/v2\/comments?post=118899"}],"wp:featuredmedia":[{"embeddable":true,"href":"https:\/\/tourtravelandmore.com\/fr\/wp-json\/wp\/v2\/media\/119783"}],"wp:attachment":[{"href":"https:\/\/tourtravelandmore.com\/fr\/wp-json\/wp\/v2\/media?parent=118899"}],"wp:term":[{"taxonomy":"product_brand","embeddable":true,"href":"https:\/\/tourtravelandmore.com\/fr\/wp-json\/wp\/v2\/product_brand?post=118899"},{"taxonomy":"product_cat","embeddable":true,"href":"https:\/\/tourtravelandmore.com\/fr\/wp-json\/wp\/v2\/product_cat?post=118899"},{"taxonomy":"product_tag","embeddable":true,"href":"https:\/\/tourtravelandmore.com\/fr\/wp-json\/wp\/v2\/product_tag?post=118899"}],"curies":[{"name":"wp","href":"https:\/\/api.w.org\/{rel}","templated":true}]}}