{"id":118809,"date":"2022-02-10T15:08:21","date_gmt":"2022-02-10T14:08:27","guid":{"rendered":"https:\/\/tourtravelandmore.com\/?post_type=product&#038;p=118809"},"modified":"2022-02-18T18:56:05","modified_gmt":"2022-02-18T17:56:05","slug":"visite-privee-de-peniscola-depuis-valence","status":"publish","type":"product","link":"https:\/\/tourtravelandmore.com\/fr\/tours\/espagne-fr\/valencia-fr\/toutes-les-visites-et-activites-privees-valencia-fr-espagne-fr\/visite-privee-de-peniscola-depuis-valence\/","title":{"rendered":"Visite Priv\u00e9e de Pe\u00f1\u00edscola depuis Valence"},"content":{"rendered":"<h2><b>Description de l&#8217;excursion priv\u00e9e \u00e0 Pe\u00f1\u00edscola depuis Valence<\/b><\/h2>\n<p><span style=\"font-weight: 400;\">Dans la province de Castell\u00f3n, plus pr\u00e9cis\u00e9ment sur la c\u00f4te d&#8217;Azahar, se trouve la merveilleuse ville de Pe\u00f1\u00edscola. Elle est tr\u00e8s charmante et poss\u00e8de de nombreux endroits attrayants de grande beaut\u00e9.\u00a0<\/span><\/p>\n<p><span style=\"font-weight: 400;\">Cette <\/span><b>excursion priv\u00e9e \u00e0 Pe\u00f1\u00edscola depuis Valence <\/b><span style=\"font-weight: 400;\">vous permet d&#8217;explorer les majestueuses plages de sable fin de la r\u00e9gion, qui semblent sortir d&#8217;une carte postale.<\/span><\/p>\n<p><span style=\"font-weight: 400;\">Il s&#8217;agit d&#8217;une <\/span><b>visite guid\u00e9e de 8 heures <\/b><span style=\"font-weight: 400;\">enti\u00e8rement planifi\u00e9e pour votre plus grand confort.\u00a0<\/span><\/p>\n<p><span style=\"font-weight: 400;\">Pour commencer l&#8217;excursion, vous pouvez convenir du point de rencontre le plus accessible pour vous, o\u00f9 une voiture avec un chauffeur priv\u00e9 viendra vous chercher.\u00a0<\/span><\/p>\n<p><span style=\"font-weight: 400;\">De l\u00e0, nous partirons le long de la c\u00f4te valencienne jusqu&#8217;\u00e0 Pe\u00f1\u00edscola. Il est situ\u00e9 \u00e0 2 heures de la capitale.<\/span><\/p>\n<p><span style=\"font-weight: 400;\">\u00c0 l&#8217;arriv\u00e9e \u00e0 Pe\u00f1\u00edscola, <\/span><b>le guide priv\u00e9 vous fera d\u00e9couvrir les lieux les plus impressionnants et les plus divertissants <\/b><span style=\"font-weight: 400;\">de la r\u00e9gion.\u00a0\u00a0<\/span><\/p>\n<p><span style=\"font-weight: 400;\">Cette visite sera une occasion inestimable de d\u00e9couvrir les coutumes locales et d&#8217;admirer de pr\u00e8s l&#8217;h\u00e9ritage culturel, historique et architectural laiss\u00e9 dans la ville par les Carthaginois, les Grecs, les Romains, les Ph\u00e9niciens, les Byzantins et les Musulmans.\u00a0<\/span><\/p>\n<p><span style=\"font-weight: 400;\">Vous visiterez la vieille ville, la Plaza de Armas, le ch\u00e2teau de Papa Luna, le mus\u00e9e de la mer, le phare de Pe\u00f1\u00edscola, parmi de nombreux autres points qui vous \u00e9tonneront compl\u00e8tement.\u00a0<\/span><\/p>\n<p><span style=\"font-weight: 400;\">Vous aurez \u00e9galement une <\/span><b>vue incroyable sur la M\u00e9diterran\u00e9e<\/b><span style=\"font-weight: 400;\">, puisque la ville est situ\u00e9e sur d&#8217;immenses falaises avec plusieurs surplombs sur la mer.\u00a0\u00a0<\/span><\/p>\n<p><span style=\"font-weight: 400;\">En effet, en raison de la beaut\u00e9 de ses paysages, Pe\u00f1\u00edscola a servi de d\u00e9cor \u00e0 la sixi\u00e8me saison de Game of Thrones. Ainsi, si vous \u00eates un fan de la s\u00e9rie, cette visite priv\u00e9e est l&#8217;occasion id\u00e9ale pour prendre les photos les plus spectaculaires de votre voyage.\u00a0<\/span><\/p>\n<h2><span style=\"color: #d3af37;\"><b>Points d&#8217;int\u00e9r\u00eat de la visite priv\u00e9e<\/b><\/span><\/h2>\n<p><span style=\"font-weight: 400;\">La visite priv\u00e9e \u00e0 Pe\u00f1\u00edscola depuis Valence commence \u00e0 l&#8217;heure que vous indiquez dans un point central de Valence et qui est plus confortable pour vous.\u00a0<\/span><\/p>\n<p><b>Vous voyagerez en voiture de luxe <\/b><span style=\"font-weight: 400;\">\u00e0 travers les magnifiques orangers et le long de la c\u00f4te valencienne pour atteindre la province de Castell\u00f3n.\u00a0<\/span><\/p>\n<p><span style=\"font-weight: 400;\">\u00c0 Pe\u00f1\u00edscola, vous d\u00e9couvrirez les b\u00e2timents, paysages et monuments les plus attrayants, ainsi que toute l&#8217;histoire qui entoure ces lieux. <\/span><span style=\"font-weight: 400;\"><br \/>\n<\/span><span style=\"font-weight: 400;\"><br \/>\n<\/span><b>La visite sera enti\u00e8rement personnalis\u00e9e et accompagn\u00e9e par un guide priv\u00e9<\/b><span style=\"font-weight: 400;\">, qui vous fera conna\u00eetre :\u00a0<\/span><\/p>\n<h3><span style=\"color: #d3af37;\"><b>Le centre historique de Pe\u00f1\u00edscola\u00a0<\/b><\/span><\/h3>\n<p><span style=\"font-weight: 400;\">La premi\u00e8re chose que vous conna\u00eetrez est le centre historique embl\u00e9matique de la ville. La vieille ville est situ\u00e9e pr\u00e8s du ch\u00e2teau de Pe\u00f1\u00edscola et constitue l&#8217;un des plus beaux points de visite.\u00a0<\/span><\/p>\n<p><span style=\"font-weight: 400;\">Vous aurez la chance de vous promener dans de nombreuses rues m\u00e9di\u00e9vales pav\u00e9es, orn\u00e9es de beaux jardins et de maisons aux fa\u00e7ades fleuries. <\/span><i><span style=\"font-weight: 400;\">Ce sera un spectacle pour vos yeux !<\/span><\/i><\/p>\n<p><span style=\"font-weight: 400;\">Dans le centre historique de Pe\u00f1\u00edscola se trouvent \u00e9galement plusieurs monuments, tels que le Portal de Sant Pere, l&#8217;\u00e9glise de Santa Maria et le Portal Fosc.\u00a0<\/span><\/p>\n<h3><span style=\"color: #d3af37;\"><b>Le port de p\u00eache\u00a0<\/b><\/span><\/h3>\n<p><span style=\"font-weight: 400;\">Si quelque chose se distingue \u00e0 Pe\u00f1\u00edscola, c&#8217;est son embl\u00e9matique port de p\u00eache, qui est en activit\u00e9 depuis des mill\u00e9naires.\u00a0<\/span><\/p>\n<p><span style=\"font-weight: 400;\">C&#8217;est un endroit o\u00f9 vous verrez beaucoup d&#8217;activit\u00e9s de la part de la population locale, car la p\u00eache est un \u00e9l\u00e9ment important de l&#8217;\u00e9conomie de cette ville.\u00a0<\/span><\/p>\n<p><span style=\"font-weight: 400;\">Ce sera un endroit merveilleux pour admirer le sable fin de la c\u00f4te et les vagues apaisantes de la M\u00e9diterran\u00e9e.\u00a0<\/span><\/p>\n<h3><span style=\"color: #d3af37;\"><b>Le ch\u00e2teau de Pe\u00f1\u00edscola<\/b><\/span><\/h3>\n<p><span style=\"font-weight: 400;\">C&#8217;est l&#8217;un des lieux les plus remarquables et les plus embl\u00e9matiques de la ville. Il a \u00e9t\u00e9 construit entre 1294 et 1307 par les Templiers, mais a ensuite \u00e9t\u00e9 modifi\u00e9 pour devenir la r\u00e9sidence officielle du pape Beno\u00eet XIII, plus connu sous le nom de Pape Luna.\u00a0<\/span><\/p>\n<p><span style=\"font-weight: 400;\">Cet imposant b\u00e2timent a \u00e9t\u00e9 utilis\u00e9 pour le tournage de plusieurs films tels que El Cid. Il a \u00e9galement servi de d\u00e9cor \u00e0 Game of Thrones pour recr\u00e9er la ville de Mereen.\u00a0<\/span><\/p>\n<h3><span style=\"color: #d3af37;\"><b>El Bufador\u00a0<\/b><\/span><\/h3>\n<p><span style=\"font-weight: 400;\">Un autre des sites incontournables de Pe\u00f1\u00edscola est le Bufador. Il s&#8217;agit d&#8217;un \u00e9norme trou situ\u00e9 dans le centre historique de la ville et tr\u00e8s proche du Mus\u00e9e de la mer, par lequel passent les vagues de la mer lorsqu&#8217;elles sont les plus fortes.\u00a0<\/span><\/p>\n<p><span style=\"font-weight: 400;\">C&#8217;est un point tr\u00e8s embl\u00e9matique que l&#8217;on peut voir d&#8217;en bas ou d&#8217;en haut, puisqu&#8217;il y a autour un beau point de vue, qui est toujours plein de touristes.\u00a0<\/span><\/p>\n<h3><span style=\"color: #d3af37;\"><b>La maison des coquillages<\/b><\/span><\/h3>\n<p><span style=\"font-weight: 400;\">Sans aucun doute, conna\u00eetre la maison des coquillages fait partie de tout itin\u00e9raire \u00e0 Pe\u00f1\u00edscola.\u00a0<\/span><\/p>\n<p><span style=\"font-weight: 400;\">Cette maison se trouve dans le vieux centre de la ville. Elle se distingue par le fait que sa fa\u00e7ade est enti\u00e8rement recouverte de coquillages, qu&#8217;une famille collectionne depuis plus de 50 ans comme symbole de son amour pour la mer.\u00a0<\/span><\/p>\n<p><span style=\"font-weight: 400;\">En plus de tous les sites que nous avons d\u00e9j\u00e0 mentionn\u00e9s, dans cette visite priv\u00e9e de Pe\u00f1\u00edscola, vous pourrez explorer :\u00a0<\/span><\/p>\n<ul>\n<li><b>Les incroyables plages de Pe\u00f1\u00edscola<\/b><\/li>\n<li><b>L&#8217;Ermitage de la Vierge<\/b><\/li>\n<li><b>Montagnes d&#8217;Irta<\/b><\/li>\n<li><b>Le phare<\/b><\/li>\n<li><b>Le mus\u00e9e de la mer.<\/b><\/li>\n<li><b>Parmi de nombreux autres points d&#8217;int\u00e9r\u00eat.\u00a0<\/b><\/li>\n<\/ul>\n<p><span style=\"font-weight: 400;\">Si vous souhaitez en savoir plus sur la r\u00e9gion, nous vous recommandons d&#8217;inclure dans votre itin\u00e9raire de voyage une <\/span><b>visite priv\u00e9e d&#8217;un vignoble depuis Valence et une d\u00e9gustation de vin pour une <\/b><span style=\"font-weight: 400;\">exp\u00e9rience unique et agr\u00e9able.<\/span><\/p>\n","protected":false},"excerpt":{"rendered":"<p><span style=\"font-weight: 400;\">Explorez pleinement la magnifique c\u00f4te de Pe\u00f1\u00edscola lors d&#8217;une visite priv\u00e9e de 8 heures, au cours de laquelle vous partirez de Valence dans une voiture de luxe confortable et accompagn\u00e9 d&#8217;un guide priv\u00e9. Laissez-vous envelopper par le charme de cette ville paradisiaque, qui a \u00e9t\u00e9 le lieu de naissance des papes espagnols les plus symboliques et a \u00e9galement \u00e9t\u00e9 un lieu de tournage de la s\u00e9rie Game of Thrones. <\/span><\/p>\n","protected":false},"featured_media":119235,"comment_status":"open","ping_status":"closed","template":"","meta":{"_acf_changed":false},"product_brand":[],"product_cat":[3674,4077,4078],"product_tag":[],"class_list":{"0":"post-118809","1":"product","2":"type-product","3":"status-publish","4":"has-post-thumbnail","6":"product_cat-valencia-fr","7":"product_cat-toutes-les-visites-et-activites-privees-valencia-fr-espagne-fr","8":"product_cat-private-sightseeing-tours-fr-70","10":"first","11":"instock","12":"shipping-taxable","13":"purchasable","14":"product-type-simple"},"acf":[],"yoast_head":"<!-- This site is optimized with the Yoast SEO Premium plugin v25.3.1 (Yoast SEO v25.3.1) - https:\/\/yoast.com\/wordpress\/plugins\/seo\/ -->\n<title>Visite priv\u00e9e de Pe\u00f1\u00edscola au d\u00e9part de Valence en voiture priv\u00e9e et avec un guide officiel.<\/title>\n<meta name=\"description\" content=\"Voulez-vous conna\u00eetre l&#039;une des plus belles villes de Castell\u00f3n ? Dans cette visite priv\u00e9e de Pe\u00f1\u00edscola depuis Valence, vous conna\u00eetrez tous les recoins de cette \u00e9tonnante ville c\u00f4ti\u00e8re.\" \/>\n<meta name=\"robots\" content=\"index, follow, max-snippet:-1, max-image-preview:large, max-video-preview:-1\" \/>\n<link rel=\"canonical\" href=\"https:\/\/tourtravelandmore.com\/fr\/tours\/espagne-fr\/valencia-fr\/toutes-les-visites-et-activites-privees-valencia-fr-espagne-fr\/visite-privee-de-peniscola-depuis-valence\/\" \/>\n<meta property=\"og:locale\" content=\"fr_FR\" \/>\n<meta property=\"og:type\" content=\"article\" \/>\n<meta property=\"og:title\" content=\"Visite Priv\u00e9e de Pe\u00f1\u00edscola depuis Valence\" \/>\n<meta property=\"og:description\" content=\"Voulez-vous conna\u00eetre l&#039;une des plus belles villes de Castell\u00f3n ? Dans cette visite priv\u00e9e de Pe\u00f1\u00edscola depuis Valence, vous conna\u00eetrez tous les recoins de cette \u00e9tonnante ville c\u00f4ti\u00e8re.\" \/>\n<meta property=\"og:url\" content=\"https:\/\/tourtravelandmore.com\/fr\/tours\/espagne-fr\/valencia-fr\/toutes-les-visites-et-activites-privees-valencia-fr-espagne-fr\/visite-privee-de-peniscola-depuis-valence\/\" \/>\n<meta property=\"og:site_name\" content=\"Tour Travel And More\" \/>\n<meta property=\"article:publisher\" content=\"https:\/\/www.facebook.com\/tourtravelandmore\/\" \/>\n<meta property=\"article:modified_time\" content=\"2022-02-18T17:56:05+00:00\" \/>\n<meta property=\"og:image\" content=\"https:\/\/tourtravelandmore.com\/wp-content\/uploads\/2022\/02\/Untitled-design-1-2.jpg\" \/>\n\t<meta property=\"og:image:width\" content=\"900\" \/>\n\t<meta property=\"og:image:height\" content=\"600\" \/>\n\t<meta property=\"og:image:type\" content=\"image\/jpeg\" \/>\n<meta name=\"twitter:card\" content=\"summary_large_image\" \/>\n<meta name=\"twitter:site\" content=\"@TourTravel_More\" \/>\n<meta name=\"twitter:label1\" content=\"Dur\u00e9e de lecture estim\u00e9e\" \/>\n\t<meta name=\"twitter:data1\" content=\"5 minutes\" \/>\n<script type=\"application\/ld+json\" class=\"yoast-schema-graph\">{\"@context\":\"https:\/\/schema.org\",\"@graph\":[{\"@type\":\"WebPage\",\"@id\":\"https:\/\/tourtravelandmore.com\/fr\/tours\/espagne-fr\/valencia-fr\/toutes-les-visites-et-activites-privees-valencia-fr-espagne-fr\/visite-privee-de-peniscola-depuis-valence\/\",\"url\":\"https:\/\/tourtravelandmore.com\/fr\/tours\/espagne-fr\/valencia-fr\/toutes-les-visites-et-activites-privees-valencia-fr-espagne-fr\/visite-privee-de-peniscola-depuis-valence\/\",\"name\":\"Visite priv\u00e9e de Pe\u00f1\u00edscola au d\u00e9part de Valence en voiture priv\u00e9e et avec un guide officiel.\",\"isPartOf\":{\"@id\":\"https:\/\/tourtravelandmore.com\/fr\/#website\"},\"primaryImageOfPage\":{\"@id\":\"https:\/\/tourtravelandmore.com\/fr\/tours\/espagne-fr\/valencia-fr\/toutes-les-visites-et-activites-privees-valencia-fr-espagne-fr\/visite-privee-de-peniscola-depuis-valence\/#primaryimage\"},\"image\":{\"@id\":\"https:\/\/tourtravelandmore.com\/fr\/tours\/espagne-fr\/valencia-fr\/toutes-les-visites-et-activites-privees-valencia-fr-espagne-fr\/visite-privee-de-peniscola-depuis-valence\/#primaryimage\"},\"thumbnailUrl\":\"https:\/\/tourtravelandmore.com\/wp-content\/uploads\/2022\/02\/Untitled-design-1-2.jpg\",\"datePublished\":\"2022-02-10T14:08:27+00:00\",\"dateModified\":\"2022-02-18T17:56:05+00:00\",\"description\":\"Voulez-vous conna\u00eetre l'une des plus belles villes de Castell\u00f3n ? Dans cette visite priv\u00e9e de Pe\u00f1\u00edscola depuis Valence, vous conna\u00eetrez tous les recoins de cette \u00e9tonnante ville c\u00f4ti\u00e8re.\",\"breadcrumb\":{\"@id\":\"https:\/\/tourtravelandmore.com\/fr\/tours\/espagne-fr\/valencia-fr\/toutes-les-visites-et-activites-privees-valencia-fr-espagne-fr\/visite-privee-de-peniscola-depuis-valence\/#breadcrumb\"},\"inLanguage\":\"fr-FR\",\"potentialAction\":[{\"@type\":\"ReadAction\",\"target\":[\"https:\/\/tourtravelandmore.com\/fr\/tours\/espagne-fr\/valencia-fr\/toutes-les-visites-et-activites-privees-valencia-fr-espagne-fr\/visite-privee-de-peniscola-depuis-valence\/\"]}]},{\"@type\":\"ImageObject\",\"inLanguage\":\"fr-FR\",\"@id\":\"https:\/\/tourtravelandmore.com\/fr\/tours\/espagne-fr\/valencia-fr\/toutes-les-visites-et-activites-privees-valencia-fr-espagne-fr\/visite-privee-de-peniscola-depuis-valence\/#primaryimage\",\"url\":\"https:\/\/tourtravelandmore.com\/wp-content\/uploads\/2022\/02\/Untitled-design-1-2.jpg\",\"contentUrl\":\"https:\/\/tourtravelandmore.com\/wp-content\/uploads\/2022\/02\/Untitled-design-1-2.jpg\",\"width\":900,\"height\":600},{\"@type\":\"BreadcrumbList\",\"@id\":\"https:\/\/tourtravelandmore.com\/fr\/tours\/espagne-fr\/valencia-fr\/toutes-les-visites-et-activites-privees-valencia-fr-espagne-fr\/visite-privee-de-peniscola-depuis-valence\/#breadcrumb\",\"itemListElement\":[{\"@type\":\"ListItem\",\"position\":1,\"name\":\"Home\",\"item\":\"https:\/\/tourtravelandmore.com\/fr\/\"},{\"@type\":\"ListItem\",\"position\":2,\"name\":\"Tours\",\"item\":\"https:\/\/tourtravelandmore.com\/fr\/tours\/\"},{\"@type\":\"ListItem\",\"position\":3,\"name\":\"Visite Priv\u00e9e de Pe\u00f1\u00edscola depuis Valence\"}]},{\"@type\":\"WebSite\",\"@id\":\"https:\/\/tourtravelandmore.com\/fr\/#website\",\"url\":\"https:\/\/tourtravelandmore.com\/fr\/\",\"name\":\"Tour Travel And More\",\"description\":\"Private sightseeing tours and luxury transfers in Spain\",\"publisher\":{\"@id\":\"https:\/\/tourtravelandmore.com\/fr\/#organization\"},\"potentialAction\":[{\"@type\":\"SearchAction\",\"target\":{\"@type\":\"EntryPoint\",\"urlTemplate\":\"https:\/\/tourtravelandmore.com\/fr\/?s={search_term_string}\"},\"query-input\":{\"@type\":\"PropertyValueSpecification\",\"valueRequired\":true,\"valueName\":\"search_term_string\"}}],\"inLanguage\":\"fr-FR\"},{\"@type\":\"Organization\",\"@id\":\"https:\/\/tourtravelandmore.com\/fr\/#organization\",\"name\":\"Tour Travel And More\",\"url\":\"https:\/\/tourtravelandmore.com\/fr\/\",\"logo\":{\"@type\":\"ImageObject\",\"inLanguage\":\"fr-FR\",\"@id\":\"https:\/\/tourtravelandmore.com\/fr\/#\/schema\/logo\/image\/\",\"url\":\"https:\/\/tourtravelandmore.com\/wp-content\/uploads\/2022\/12\/cropped-logo-cabecera-new.png\",\"contentUrl\":\"https:\/\/tourtravelandmore.com\/wp-content\/uploads\/2022\/12\/cropped-logo-cabecera-new.png\",\"width\":430,\"height\":61,\"caption\":\"Tour Travel And More\"},\"image\":{\"@id\":\"https:\/\/tourtravelandmore.com\/fr\/#\/schema\/logo\/image\/\"},\"sameAs\":[\"https:\/\/www.facebook.com\/tourtravelandmore\/\",\"https:\/\/x.com\/TourTravel_More\"]}]}<\/script>\n<!-- \/ Yoast SEO Premium plugin. -->","yoast_head_json":{"title":"Visite priv\u00e9e de Pe\u00f1\u00edscola au d\u00e9part de Valence en voiture priv\u00e9e et avec un guide officiel.","description":"Voulez-vous conna\u00eetre l'une des plus belles villes de Castell\u00f3n ? Dans cette visite priv\u00e9e de Pe\u00f1\u00edscola depuis Valence, vous conna\u00eetrez tous les recoins de cette \u00e9tonnante ville c\u00f4ti\u00e8re.","robots":{"index":"index","follow":"follow","max-snippet":"max-snippet:-1","max-image-preview":"max-image-preview:large","max-video-preview":"max-video-preview:-1"},"canonical":"https:\/\/tourtravelandmore.com\/fr\/tours\/espagne-fr\/valencia-fr\/toutes-les-visites-et-activites-privees-valencia-fr-espagne-fr\/visite-privee-de-peniscola-depuis-valence\/","og_locale":"fr_FR","og_type":"article","og_title":"Visite Priv\u00e9e de Pe\u00f1\u00edscola depuis Valence","og_description":"Voulez-vous conna\u00eetre l'une des plus belles villes de Castell\u00f3n ? Dans cette visite priv\u00e9e de Pe\u00f1\u00edscola depuis Valence, vous conna\u00eetrez tous les recoins de cette \u00e9tonnante ville c\u00f4ti\u00e8re.","og_url":"https:\/\/tourtravelandmore.com\/fr\/tours\/espagne-fr\/valencia-fr\/toutes-les-visites-et-activites-privees-valencia-fr-espagne-fr\/visite-privee-de-peniscola-depuis-valence\/","og_site_name":"Tour Travel And More","article_publisher":"https:\/\/www.facebook.com\/tourtravelandmore\/","article_modified_time":"2022-02-18T17:56:05+00:00","og_image":[{"width":900,"height":600,"url":"https:\/\/tourtravelandmore.com\/wp-content\/uploads\/2022\/02\/Untitled-design-1-2.jpg","type":"image\/jpeg"}],"twitter_card":"summary_large_image","twitter_site":"@TourTravel_More","twitter_misc":{"Dur\u00e9e de lecture estim\u00e9e":"5 minutes"},"schema":{"@context":"https:\/\/schema.org","@graph":[{"@type":"WebPage","@id":"https:\/\/tourtravelandmore.com\/fr\/tours\/espagne-fr\/valencia-fr\/toutes-les-visites-et-activites-privees-valencia-fr-espagne-fr\/visite-privee-de-peniscola-depuis-valence\/","url":"https:\/\/tourtravelandmore.com\/fr\/tours\/espagne-fr\/valencia-fr\/toutes-les-visites-et-activites-privees-valencia-fr-espagne-fr\/visite-privee-de-peniscola-depuis-valence\/","name":"Visite priv\u00e9e de Pe\u00f1\u00edscola au d\u00e9part de Valence en voiture priv\u00e9e et avec un guide officiel.","isPartOf":{"@id":"https:\/\/tourtravelandmore.com\/fr\/#website"},"primaryImageOfPage":{"@id":"https:\/\/tourtravelandmore.com\/fr\/tours\/espagne-fr\/valencia-fr\/toutes-les-visites-et-activites-privees-valencia-fr-espagne-fr\/visite-privee-de-peniscola-depuis-valence\/#primaryimage"},"image":{"@id":"https:\/\/tourtravelandmore.com\/fr\/tours\/espagne-fr\/valencia-fr\/toutes-les-visites-et-activites-privees-valencia-fr-espagne-fr\/visite-privee-de-peniscola-depuis-valence\/#primaryimage"},"thumbnailUrl":"https:\/\/tourtravelandmore.com\/wp-content\/uploads\/2022\/02\/Untitled-design-1-2.jpg","datePublished":"2022-02-10T14:08:27+00:00","dateModified":"2022-02-18T17:56:05+00:00","description":"Voulez-vous conna\u00eetre l'une des plus belles villes de Castell\u00f3n ? Dans cette visite priv\u00e9e de Pe\u00f1\u00edscola depuis Valence, vous conna\u00eetrez tous les recoins de cette \u00e9tonnante ville c\u00f4ti\u00e8re.","breadcrumb":{"@id":"https:\/\/tourtravelandmore.com\/fr\/tours\/espagne-fr\/valencia-fr\/toutes-les-visites-et-activites-privees-valencia-fr-espagne-fr\/visite-privee-de-peniscola-depuis-valence\/#breadcrumb"},"inLanguage":"fr-FR","potentialAction":[{"@type":"ReadAction","target":["https:\/\/tourtravelandmore.com\/fr\/tours\/espagne-fr\/valencia-fr\/toutes-les-visites-et-activites-privees-valencia-fr-espagne-fr\/visite-privee-de-peniscola-depuis-valence\/"]}]},{"@type":"ImageObject","inLanguage":"fr-FR","@id":"https:\/\/tourtravelandmore.com\/fr\/tours\/espagne-fr\/valencia-fr\/toutes-les-visites-et-activites-privees-valencia-fr-espagne-fr\/visite-privee-de-peniscola-depuis-valence\/#primaryimage","url":"https:\/\/tourtravelandmore.com\/wp-content\/uploads\/2022\/02\/Untitled-design-1-2.jpg","contentUrl":"https:\/\/tourtravelandmore.com\/wp-content\/uploads\/2022\/02\/Untitled-design-1-2.jpg","width":900,"height":600},{"@type":"BreadcrumbList","@id":"https:\/\/tourtravelandmore.com\/fr\/tours\/espagne-fr\/valencia-fr\/toutes-les-visites-et-activites-privees-valencia-fr-espagne-fr\/visite-privee-de-peniscola-depuis-valence\/#breadcrumb","itemListElement":[{"@type":"ListItem","position":1,"name":"Home","item":"https:\/\/tourtravelandmore.com\/fr\/"},{"@type":"ListItem","position":2,"name":"Tours","item":"https:\/\/tourtravelandmore.com\/fr\/tours\/"},{"@type":"ListItem","position":3,"name":"Visite Priv\u00e9e de Pe\u00f1\u00edscola depuis Valence"}]},{"@type":"WebSite","@id":"https:\/\/tourtravelandmore.com\/fr\/#website","url":"https:\/\/tourtravelandmore.com\/fr\/","name":"Tour Travel And More","description":"Private sightseeing tours and luxury transfers in Spain","publisher":{"@id":"https:\/\/tourtravelandmore.com\/fr\/#organization"},"potentialAction":[{"@type":"SearchAction","target":{"@type":"EntryPoint","urlTemplate":"https:\/\/tourtravelandmore.com\/fr\/?s={search_term_string}"},"query-input":{"@type":"PropertyValueSpecification","valueRequired":true,"valueName":"search_term_string"}}],"inLanguage":"fr-FR"},{"@type":"Organization","@id":"https:\/\/tourtravelandmore.com\/fr\/#organization","name":"Tour Travel And More","url":"https:\/\/tourtravelandmore.com\/fr\/","logo":{"@type":"ImageObject","inLanguage":"fr-FR","@id":"https:\/\/tourtravelandmore.com\/fr\/#\/schema\/logo\/image\/","url":"https:\/\/tourtravelandmore.com\/wp-content\/uploads\/2022\/12\/cropped-logo-cabecera-new.png","contentUrl":"https:\/\/tourtravelandmore.com\/wp-content\/uploads\/2022\/12\/cropped-logo-cabecera-new.png","width":430,"height":61,"caption":"Tour Travel And More"},"image":{"@id":"https:\/\/tourtravelandmore.com\/fr\/#\/schema\/logo\/image\/"},"sameAs":["https:\/\/www.facebook.com\/tourtravelandmore\/","https:\/\/x.com\/TourTravel_More"]}]}},"_links":{"self":[{"href":"https:\/\/tourtravelandmore.com\/fr\/wp-json\/wp\/v2\/product\/118809","targetHints":{"allow":["GET"]}}],"collection":[{"href":"https:\/\/tourtravelandmore.com\/fr\/wp-json\/wp\/v2\/product"}],"about":[{"href":"https:\/\/tourtravelandmore.com\/fr\/wp-json\/wp\/v2\/types\/product"}],"replies":[{"embeddable":true,"href":"https:\/\/tourtravelandmore.com\/fr\/wp-json\/wp\/v2\/comments?post=118809"}],"wp:featuredmedia":[{"embeddable":true,"href":"https:\/\/tourtravelandmore.com\/fr\/wp-json\/wp\/v2\/media\/119235"}],"wp:attachment":[{"href":"https:\/\/tourtravelandmore.com\/fr\/wp-json\/wp\/v2\/media?parent=118809"}],"wp:term":[{"taxonomy":"product_brand","embeddable":true,"href":"https:\/\/tourtravelandmore.com\/fr\/wp-json\/wp\/v2\/product_brand?post=118809"},{"taxonomy":"product_cat","embeddable":true,"href":"https:\/\/tourtravelandmore.com\/fr\/wp-json\/wp\/v2\/product_cat?post=118809"},{"taxonomy":"product_tag","embeddable":true,"href":"https:\/\/tourtravelandmore.com\/fr\/wp-json\/wp\/v2\/product_tag?post=118809"}],"curies":[{"name":"wp","href":"https:\/\/api.w.org\/{rel}","templated":true}]}}