{"id":118741,"date":"2022-02-09T17:14:16","date_gmt":"2022-02-09T16:14:24","guid":{"rendered":"https:\/\/tourtravelandmore.com\/?post_type=product&#038;p=118741"},"modified":"2022-02-24T20:23:11","modified_gmt":"2022-02-24T19:23:11","slug":"visite-privee-a-pied-de-valence-4-heures","status":"publish","type":"product","link":"https:\/\/tourtravelandmore.com\/fr\/tours\/espagne-fr\/valencia-fr\/toutes-les-visites-et-activites-privees-valencia-fr-espagne-fr\/visite-privee-a-pied-de-valence-4-heures\/","title":{"rendered":"Visite priv\u00e9e \u00e0 pied de Valence avec Ciudad de las Ciencias"},"content":{"rendered":"<h2>Visite priv\u00e9e \u00e0 pied de Valence avec Ciudad de las Ciencias<\/h2>\n<p><span style=\"font-weight: 400;\">Valence a toujours \u00e9t\u00e9 une ville imposante. Elle a \u00e9t\u00e9 la capitale espagnole pendant la Seconde R\u00e9publique et a \u00e9t\u00e9 le th\u00e9\u00e2tre de nombreuses batailles, m\u00eame \u00e0 l&#8217;\u00e9poque de l&#8217;Empire romain.\u00a0<\/span><\/p>\n<p><span style=\"font-weight: 400;\">Pour cette raison, c&#8217;est une ville qui regorge de sites d&#8217;une grande richesse architecturale et culturelle.\u00a0\u00a0<\/span><\/p>\n<p><span style=\"font-weight: 400;\">Si vous souhaitez conna\u00eetre en d\u00e9tail le centre historique de Valence, ainsi que ses b\u00e2timents et monuments les plus pr\u00e9cieux, cette visite guid\u00e9e est l&#8217;occasion id\u00e9ale pour vous de profiter au maximum de votre temps de promenade dans la ville.\u00a0<\/span><\/p>\n<p><span style=\"font-weight: 400;\">Pendant la visite, vous serez accompagn\u00e9 d&#8217;un guide officiel expert en histoire. L&#8217;objectif est de vous faire d\u00e9couvrir tous les d\u00e9tails qui se cachent derri\u00e8re chaque joyau de la ville.\u00a0<\/span><\/p>\n<p><span style=\"font-weight: 400;\">Pour cela, le guide vous emm\u00e8nera dans les sites les moins connus qui ont une grande valeur historique.\u00a0<\/span><\/p>\n<p><span style=\"font-weight: 400;\">Vous d\u00e9couvrirez \u00e9galement la merveilleuse Cit\u00e9 des Arts et des Sciences. Qui est un site de r\u00e9f\u00e9rence mondiale de la capitale valencienne.\u00a0<\/span><\/p>\n<p><span style=\"font-weight: 400;\">Vous pouvez convenir d&#8217;un lieu sp\u00e9cifique pour la r\u00e9union, c&#8217;est-\u00e0-dire celui qui est le plus confortable pour vous. De cette fa\u00e7on, tout sera aussi personnalis\u00e9 que possible.\u00a0<\/span><\/p>\n<p><span style=\"font-weight: 400;\">Si vous venez d&#8217;arriver \u00e0 Valence ou si vous avez d\u00e9j\u00e0 \u00e9t\u00e9 dans la ville, avec notre visite priv\u00e9e vous visiterez l&#8217;\u00e9glise de San Nicolas, la Plaza de la Virgen, le Miguelete, le march\u00e9 central et diff\u00e9rents points embl\u00e9matiques que nous savons que vous allez aimer.\u00a0<\/span><\/p>\n<p><b>La dur\u00e9e de la visite guid\u00e9e est de 4 heures. <\/b><span style=\"font-weight: 400;\">Et pendant la visite, le guide priv\u00e9 sera tr\u00e8s attentif \u00e0 vos demandes pour vous emmener aux endroits qui retiennent votre attention.\u00a0<\/span><\/p>\n<h2><span style=\"color: #d3af37;\"><span style=\"font-weight: 400;\">\u00a0<\/span><b>Points d&#8217;int\u00e9r\u00eat de la visite priv\u00e9e<\/b><\/span><\/h2>\n<p><span style=\"font-weight: 400;\">Se promener dans Valence est toujours passionnant. Cette visite vous permettra de conna\u00eetre de pr\u00e8s le centre historique de la capitale valencienne, avec toute sa richesse architecturale et ses diff\u00e9rentes cultures.\u00a0<\/span><\/p>\n<p><span style=\"font-weight: 400;\">En outre, accompagn\u00e9s d&#8217;un guide officiel priv\u00e9, nous vous emm\u00e8nerons aux diff\u00e9rents points d&#8217;int\u00e9r\u00eat :\u00a0<\/span><\/p>\n<h3><span style=\"color: #d3af37;\"><b>\u00c9glise Saint-Nicolas<\/b><\/span><\/h3>\n<p><span style=\"font-weight: 400;\">Cette \u00e9glise &#8211; et aussi mus\u00e9e &#8211; est situ\u00e9e sur la Calle los Caballeros et contient beaucoup d&#8217;histoire dans sa structure.\u00a0<\/span><\/p>\n<p><span style=\"font-weight: 400;\">C&#8217;est un b\u00e2timent dans lequel les styles baroque et gothique coexistent en parfaite harmonie. En outre, l&#8217;int\u00e9rieur abrite des fresques impressionnantes, ce qui explique pourquoi ce sanctuaire est connu sous le nom de &#8220;chapelle Sixtine valencienne&#8221;.\u00a0<\/span><\/p>\n<h3><span style=\"color: #d3af37;\"><b>La Cit\u00e9 des Arts et des Sciences<\/b><\/span><\/h3>\n<p><span style=\"font-weight: 400;\">Il est impossible de parler de Valence sans \u00e9voquer la Cit\u00e9 des arts et des sciences.\u00a0<\/span><\/p>\n<p><span style=\"font-weight: 400;\">Ce complexe immobilier moderne, con\u00e7u par Santiago Calatrava, comprend plusieurs b\u00e2timents qui constituent une merveille architecturale moderne et futuriste.\u00a0<\/span><\/p>\n<p><span style=\"font-weight: 400;\">Nous arriverons au complexe en utilisant un moyen de transport local afin que vous puissiez explorer chacun de ses recoins \u00e0 votre guise.\u00a0<\/span><\/p>\n<h3><b><span style=\"color: #d3af37;\">Plaza de la Virgen<\/span>\u00a0<\/b><\/h3>\n<p><span style=\"font-weight: 400;\">Un autre des sites les plus repr\u00e9sentatifs de Valence est la Plaza de la Virgen. C&#8217;est le centre historique de la ville et c&#8217;est l\u00e0 que se trouvent certains des monuments les plus attrayants de Valence.\u00a0<\/span><\/p>\n<p><span style=\"font-weight: 400;\">Sur cette place sont c\u00e9l\u00e9br\u00e9es deux traditions consid\u00e9r\u00e9es comme patrimoine culturel de l&#8217;humanit\u00e9, comme le Tribunal de las Aguas et la c\u00e9l\u00e9bration des Fallas.\u00a0<\/span><\/p>\n<h3><span style=\"color: #d3af37;\"><b>Le march\u00e9 central de Valence\u00a0<\/b><\/span><\/h3>\n<p><span style=\"font-weight: 400;\">Ce march\u00e9 saisissant a \u00e9t\u00e9 inaugur\u00e9 par Alfonso XIII en 1928. Il s&#8217;agit d&#8217;une construction de plus de 8 000 m\u00e8tres carr\u00e9s. Son espace d\u00e9gage beaucoup d&#8217;ar\u00f4mes, de couleurs et de saveurs.\u00a0<\/span><\/p>\n<p><span style=\"font-weight: 400;\">De m\u00eame, l&#8217;architecture du b\u00e2timent lui-m\u00eame est une \u0153uvre d&#8217;art.\u00a0<\/span><\/p>\n<p><span style=\"font-weight: 400;\">Mais ce n&#8217;est pas tout ce que vous verrez, car cette visite priv\u00e9e \u00e0 pied de Valence vous fera \u00e9galement visiter la ville :\u00a0<\/span><\/p>\n<ul>\n<li><b>La cath\u00e9drale de Valence, El Miguelete et le Saint Calice<\/b><\/li>\n<li><b>La Lonja de la Seda Valenciana (Bourse de la soie de Valence)<\/b><\/li>\n<li><b>Tours Serranos<\/b><\/li>\n<li><b>Santa Catalina<\/b><\/li>\n<li><b>Rue Caballeros<\/b><\/li>\n<li><b>Place de l&#8217;h\u00f4tel de ville<\/b><\/li>\n<li><b>La Plaza Redonda et bien d&#8217;autres points encore.\u00a0<\/b><\/li>\n<\/ul>\n<p><span style=\"font-weight: 400;\">Il y aura 4 heures personnalis\u00e9es con\u00e7ues pour profiter au maximum de chaque minute de votre promenade dans la capitale valencienne.\u00a0<\/span><\/p>\n<p><span style=\"font-weight: 400;\">Nous vous recommandons d&#8217;inclure dans votre itin\u00e9raire une <\/span><b>visite priv\u00e9e de Pe\u00f1\u00edscola depuis Valence <\/b><span style=\"font-weight: 400;\">pour admirer les paysages m\u00e9diterran\u00e9ens les plus impressionnants et les plus beaux de la p\u00e9ninsule ib\u00e9rique.<\/span><\/p>\n","protected":false},"excerpt":{"rendered":"<p><span style=\"font-weight: 400;\">Profitez au maximum de votre temps et apprenez \u00e0 conna\u00eetre la charmante ville de Valence lors de notre visite priv\u00e9e \u00e0 pied dans le berceau de la paella et de l&#8217;horchata. Dans cette visite \u00e0 pied, vous appr\u00e9cierez de pr\u00e8s l&#8217;\u00e9glise de San Nicolas, la cath\u00e9drale de Valence, la Cit\u00e9 des sciences, parmi de nombreux autres points d&#8217;int\u00e9r\u00eat pleins de magie, d&#8217;histoire et d&#8217;art. <\/span><\/p>\n","protected":false},"featured_media":119777,"comment_status":"open","ping_status":"closed","template":"","meta":{"_acf_changed":false},"product_brand":[],"product_cat":[3674,4077,4080],"product_tag":[],"class_list":{"0":"post-118741","1":"product","2":"type-product","3":"status-publish","4":"has-post-thumbnail","6":"product_cat-valencia-fr","7":"product_cat-toutes-les-visites-et-activites-privees-valencia-fr-espagne-fr","8":"product_cat-visites-a-pied-privees-valencia-fr-espagne-fr","10":"first","11":"instock","12":"shipping-taxable","13":"purchasable","14":"product-type-simple"},"acf":[],"yoast_head":"<!-- This site is optimized with the Yoast SEO Premium plugin v25.3.1 (Yoast SEO v25.3.1) - https:\/\/yoast.com\/wordpress\/plugins\/seo\/ -->\n<title>Visite priv\u00e9e \u00e0 pied de Valence avec guide officiel inclus<\/title>\n<meta name=\"description\" content=\"Osez une visite \u00e0 pied priv\u00e9e unique et personnalis\u00e9e de Valence, au cours de laquelle vous conna\u00eetrez les lieux les plus importants de la ville en compagnie d&#039;un guide priv\u00e9.\" \/>\n<meta name=\"robots\" content=\"index, follow, max-snippet:-1, max-image-preview:large, max-video-preview:-1\" \/>\n<link rel=\"canonical\" href=\"https:\/\/tourtravelandmore.com\/fr\/tours\/espagne-fr\/valencia-fr\/toutes-les-visites-et-activites-privees-valencia-fr-espagne-fr\/visite-privee-a-pied-de-valence-4-heures\/\" \/>\n<meta property=\"og:locale\" content=\"fr_FR\" \/>\n<meta property=\"og:type\" content=\"article\" \/>\n<meta property=\"og:title\" content=\"Visite priv\u00e9e \u00e0 pied de Valence avec Ciudad de las Ciencias\" \/>\n<meta property=\"og:description\" content=\"Osez une visite \u00e0 pied priv\u00e9e unique et personnalis\u00e9e de Valence, au cours de laquelle vous conna\u00eetrez les lieux les plus importants de la ville en compagnie d&#039;un guide priv\u00e9.\" \/>\n<meta property=\"og:url\" content=\"https:\/\/tourtravelandmore.com\/fr\/tours\/espagne-fr\/valencia-fr\/toutes-les-visites-et-activites-privees-valencia-fr-espagne-fr\/visite-privee-a-pied-de-valence-4-heures\/\" \/>\n<meta property=\"og:site_name\" content=\"Tour Travel And More\" \/>\n<meta property=\"article:publisher\" content=\"https:\/\/www.facebook.com\/tourtravelandmore\/\" \/>\n<meta property=\"article:modified_time\" content=\"2022-02-24T19:23:11+00:00\" \/>\n<meta property=\"og:image\" content=\"https:\/\/tourtravelandmore.com\/wp-content\/uploads\/2022\/02\/markus-winkler-R9xBBnID3vg-unsplash.jpg\" \/>\n\t<meta property=\"og:image:width\" content=\"1920\" \/>\n\t<meta property=\"og:image:height\" content=\"1440\" \/>\n\t<meta property=\"og:image:type\" content=\"image\/jpeg\" \/>\n<meta name=\"twitter:card\" content=\"summary_large_image\" \/>\n<meta name=\"twitter:site\" content=\"@TourTravel_More\" \/>\n<meta name=\"twitter:label1\" content=\"Dur\u00e9e de lecture estim\u00e9e\" \/>\n\t<meta name=\"twitter:data1\" content=\"4 minutes\" \/>\n<script type=\"application\/ld+json\" class=\"yoast-schema-graph\">{\"@context\":\"https:\/\/schema.org\",\"@graph\":[{\"@type\":\"WebPage\",\"@id\":\"https:\/\/tourtravelandmore.com\/fr\/tours\/espagne-fr\/valencia-fr\/toutes-les-visites-et-activites-privees-valencia-fr-espagne-fr\/visite-privee-a-pied-de-valence-4-heures\/\",\"url\":\"https:\/\/tourtravelandmore.com\/fr\/tours\/espagne-fr\/valencia-fr\/toutes-les-visites-et-activites-privees-valencia-fr-espagne-fr\/visite-privee-a-pied-de-valence-4-heures\/\",\"name\":\"Visite priv\u00e9e \u00e0 pied de Valence avec guide officiel inclus\",\"isPartOf\":{\"@id\":\"https:\/\/tourtravelandmore.com\/fr\/#website\"},\"primaryImageOfPage\":{\"@id\":\"https:\/\/tourtravelandmore.com\/fr\/tours\/espagne-fr\/valencia-fr\/toutes-les-visites-et-activites-privees-valencia-fr-espagne-fr\/visite-privee-a-pied-de-valence-4-heures\/#primaryimage\"},\"image\":{\"@id\":\"https:\/\/tourtravelandmore.com\/fr\/tours\/espagne-fr\/valencia-fr\/toutes-les-visites-et-activites-privees-valencia-fr-espagne-fr\/visite-privee-a-pied-de-valence-4-heures\/#primaryimage\"},\"thumbnailUrl\":\"https:\/\/tourtravelandmore.com\/wp-content\/uploads\/2022\/02\/markus-winkler-R9xBBnID3vg-unsplash.jpg\",\"datePublished\":\"2022-02-09T16:14:24+00:00\",\"dateModified\":\"2022-02-24T19:23:11+00:00\",\"description\":\"Osez une visite \u00e0 pied priv\u00e9e unique et personnalis\u00e9e de Valence, au cours de laquelle vous conna\u00eetrez les lieux les plus importants de la ville en compagnie d'un guide priv\u00e9.\",\"breadcrumb\":{\"@id\":\"https:\/\/tourtravelandmore.com\/fr\/tours\/espagne-fr\/valencia-fr\/toutes-les-visites-et-activites-privees-valencia-fr-espagne-fr\/visite-privee-a-pied-de-valence-4-heures\/#breadcrumb\"},\"inLanguage\":\"fr-FR\",\"potentialAction\":[{\"@type\":\"ReadAction\",\"target\":[\"https:\/\/tourtravelandmore.com\/fr\/tours\/espagne-fr\/valencia-fr\/toutes-les-visites-et-activites-privees-valencia-fr-espagne-fr\/visite-privee-a-pied-de-valence-4-heures\/\"]}]},{\"@type\":\"ImageObject\",\"inLanguage\":\"fr-FR\",\"@id\":\"https:\/\/tourtravelandmore.com\/fr\/tours\/espagne-fr\/valencia-fr\/toutes-les-visites-et-activites-privees-valencia-fr-espagne-fr\/visite-privee-a-pied-de-valence-4-heures\/#primaryimage\",\"url\":\"https:\/\/tourtravelandmore.com\/wp-content\/uploads\/2022\/02\/markus-winkler-R9xBBnID3vg-unsplash.jpg\",\"contentUrl\":\"https:\/\/tourtravelandmore.com\/wp-content\/uploads\/2022\/02\/markus-winkler-R9xBBnID3vg-unsplash.jpg\",\"width\":1920,\"height\":1440},{\"@type\":\"BreadcrumbList\",\"@id\":\"https:\/\/tourtravelandmore.com\/fr\/tours\/espagne-fr\/valencia-fr\/toutes-les-visites-et-activites-privees-valencia-fr-espagne-fr\/visite-privee-a-pied-de-valence-4-heures\/#breadcrumb\",\"itemListElement\":[{\"@type\":\"ListItem\",\"position\":1,\"name\":\"Home\",\"item\":\"https:\/\/tourtravelandmore.com\/fr\/\"},{\"@type\":\"ListItem\",\"position\":2,\"name\":\"Tours\",\"item\":\"https:\/\/tourtravelandmore.com\/fr\/tours\/\"},{\"@type\":\"ListItem\",\"position\":3,\"name\":\"Visite priv\u00e9e \u00e0 pied de Valence avec Ciudad de las Ciencias\"}]},{\"@type\":\"WebSite\",\"@id\":\"https:\/\/tourtravelandmore.com\/fr\/#website\",\"url\":\"https:\/\/tourtravelandmore.com\/fr\/\",\"name\":\"Tour Travel And More\",\"description\":\"Private sightseeing tours and luxury transfers in Spain\",\"publisher\":{\"@id\":\"https:\/\/tourtravelandmore.com\/fr\/#organization\"},\"potentialAction\":[{\"@type\":\"SearchAction\",\"target\":{\"@type\":\"EntryPoint\",\"urlTemplate\":\"https:\/\/tourtravelandmore.com\/fr\/?s={search_term_string}\"},\"query-input\":{\"@type\":\"PropertyValueSpecification\",\"valueRequired\":true,\"valueName\":\"search_term_string\"}}],\"inLanguage\":\"fr-FR\"},{\"@type\":\"Organization\",\"@id\":\"https:\/\/tourtravelandmore.com\/fr\/#organization\",\"name\":\"Tour Travel And More\",\"url\":\"https:\/\/tourtravelandmore.com\/fr\/\",\"logo\":{\"@type\":\"ImageObject\",\"inLanguage\":\"fr-FR\",\"@id\":\"https:\/\/tourtravelandmore.com\/fr\/#\/schema\/logo\/image\/\",\"url\":\"https:\/\/tourtravelandmore.com\/wp-content\/uploads\/2022\/12\/cropped-logo-cabecera-new.png\",\"contentUrl\":\"https:\/\/tourtravelandmore.com\/wp-content\/uploads\/2022\/12\/cropped-logo-cabecera-new.png\",\"width\":430,\"height\":61,\"caption\":\"Tour Travel And More\"},\"image\":{\"@id\":\"https:\/\/tourtravelandmore.com\/fr\/#\/schema\/logo\/image\/\"},\"sameAs\":[\"https:\/\/www.facebook.com\/tourtravelandmore\/\",\"https:\/\/x.com\/TourTravel_More\"]}]}<\/script>\n<!-- \/ Yoast SEO Premium plugin. -->","yoast_head_json":{"title":"Visite priv\u00e9e \u00e0 pied de Valence avec guide officiel inclus","description":"Osez une visite \u00e0 pied priv\u00e9e unique et personnalis\u00e9e de Valence, au cours de laquelle vous conna\u00eetrez les lieux les plus importants de la ville en compagnie d'un guide priv\u00e9.","robots":{"index":"index","follow":"follow","max-snippet":"max-snippet:-1","max-image-preview":"max-image-preview:large","max-video-preview":"max-video-preview:-1"},"canonical":"https:\/\/tourtravelandmore.com\/fr\/tours\/espagne-fr\/valencia-fr\/toutes-les-visites-et-activites-privees-valencia-fr-espagne-fr\/visite-privee-a-pied-de-valence-4-heures\/","og_locale":"fr_FR","og_type":"article","og_title":"Visite priv\u00e9e \u00e0 pied de Valence avec Ciudad de las Ciencias","og_description":"Osez une visite \u00e0 pied priv\u00e9e unique et personnalis\u00e9e de Valence, au cours de laquelle vous conna\u00eetrez les lieux les plus importants de la ville en compagnie d'un guide priv\u00e9.","og_url":"https:\/\/tourtravelandmore.com\/fr\/tours\/espagne-fr\/valencia-fr\/toutes-les-visites-et-activites-privees-valencia-fr-espagne-fr\/visite-privee-a-pied-de-valence-4-heures\/","og_site_name":"Tour Travel And More","article_publisher":"https:\/\/www.facebook.com\/tourtravelandmore\/","article_modified_time":"2022-02-24T19:23:11+00:00","og_image":[{"width":1920,"height":1440,"url":"https:\/\/tourtravelandmore.com\/wp-content\/uploads\/2022\/02\/markus-winkler-R9xBBnID3vg-unsplash.jpg","type":"image\/jpeg"}],"twitter_card":"summary_large_image","twitter_site":"@TourTravel_More","twitter_misc":{"Dur\u00e9e de lecture estim\u00e9e":"4 minutes"},"schema":{"@context":"https:\/\/schema.org","@graph":[{"@type":"WebPage","@id":"https:\/\/tourtravelandmore.com\/fr\/tours\/espagne-fr\/valencia-fr\/toutes-les-visites-et-activites-privees-valencia-fr-espagne-fr\/visite-privee-a-pied-de-valence-4-heures\/","url":"https:\/\/tourtravelandmore.com\/fr\/tours\/espagne-fr\/valencia-fr\/toutes-les-visites-et-activites-privees-valencia-fr-espagne-fr\/visite-privee-a-pied-de-valence-4-heures\/","name":"Visite priv\u00e9e \u00e0 pied de Valence avec guide officiel inclus","isPartOf":{"@id":"https:\/\/tourtravelandmore.com\/fr\/#website"},"primaryImageOfPage":{"@id":"https:\/\/tourtravelandmore.com\/fr\/tours\/espagne-fr\/valencia-fr\/toutes-les-visites-et-activites-privees-valencia-fr-espagne-fr\/visite-privee-a-pied-de-valence-4-heures\/#primaryimage"},"image":{"@id":"https:\/\/tourtravelandmore.com\/fr\/tours\/espagne-fr\/valencia-fr\/toutes-les-visites-et-activites-privees-valencia-fr-espagne-fr\/visite-privee-a-pied-de-valence-4-heures\/#primaryimage"},"thumbnailUrl":"https:\/\/tourtravelandmore.com\/wp-content\/uploads\/2022\/02\/markus-winkler-R9xBBnID3vg-unsplash.jpg","datePublished":"2022-02-09T16:14:24+00:00","dateModified":"2022-02-24T19:23:11+00:00","description":"Osez une visite \u00e0 pied priv\u00e9e unique et personnalis\u00e9e de Valence, au cours de laquelle vous conna\u00eetrez les lieux les plus importants de la ville en compagnie d'un guide priv\u00e9.","breadcrumb":{"@id":"https:\/\/tourtravelandmore.com\/fr\/tours\/espagne-fr\/valencia-fr\/toutes-les-visites-et-activites-privees-valencia-fr-espagne-fr\/visite-privee-a-pied-de-valence-4-heures\/#breadcrumb"},"inLanguage":"fr-FR","potentialAction":[{"@type":"ReadAction","target":["https:\/\/tourtravelandmore.com\/fr\/tours\/espagne-fr\/valencia-fr\/toutes-les-visites-et-activites-privees-valencia-fr-espagne-fr\/visite-privee-a-pied-de-valence-4-heures\/"]}]},{"@type":"ImageObject","inLanguage":"fr-FR","@id":"https:\/\/tourtravelandmore.com\/fr\/tours\/espagne-fr\/valencia-fr\/toutes-les-visites-et-activites-privees-valencia-fr-espagne-fr\/visite-privee-a-pied-de-valence-4-heures\/#primaryimage","url":"https:\/\/tourtravelandmore.com\/wp-content\/uploads\/2022\/02\/markus-winkler-R9xBBnID3vg-unsplash.jpg","contentUrl":"https:\/\/tourtravelandmore.com\/wp-content\/uploads\/2022\/02\/markus-winkler-R9xBBnID3vg-unsplash.jpg","width":1920,"height":1440},{"@type":"BreadcrumbList","@id":"https:\/\/tourtravelandmore.com\/fr\/tours\/espagne-fr\/valencia-fr\/toutes-les-visites-et-activites-privees-valencia-fr-espagne-fr\/visite-privee-a-pied-de-valence-4-heures\/#breadcrumb","itemListElement":[{"@type":"ListItem","position":1,"name":"Home","item":"https:\/\/tourtravelandmore.com\/fr\/"},{"@type":"ListItem","position":2,"name":"Tours","item":"https:\/\/tourtravelandmore.com\/fr\/tours\/"},{"@type":"ListItem","position":3,"name":"Visite priv\u00e9e \u00e0 pied de Valence avec Ciudad de las Ciencias"}]},{"@type":"WebSite","@id":"https:\/\/tourtravelandmore.com\/fr\/#website","url":"https:\/\/tourtravelandmore.com\/fr\/","name":"Tour Travel And More","description":"Private sightseeing tours and luxury transfers in Spain","publisher":{"@id":"https:\/\/tourtravelandmore.com\/fr\/#organization"},"potentialAction":[{"@type":"SearchAction","target":{"@type":"EntryPoint","urlTemplate":"https:\/\/tourtravelandmore.com\/fr\/?s={search_term_string}"},"query-input":{"@type":"PropertyValueSpecification","valueRequired":true,"valueName":"search_term_string"}}],"inLanguage":"fr-FR"},{"@type":"Organization","@id":"https:\/\/tourtravelandmore.com\/fr\/#organization","name":"Tour Travel And More","url":"https:\/\/tourtravelandmore.com\/fr\/","logo":{"@type":"ImageObject","inLanguage":"fr-FR","@id":"https:\/\/tourtravelandmore.com\/fr\/#\/schema\/logo\/image\/","url":"https:\/\/tourtravelandmore.com\/wp-content\/uploads\/2022\/12\/cropped-logo-cabecera-new.png","contentUrl":"https:\/\/tourtravelandmore.com\/wp-content\/uploads\/2022\/12\/cropped-logo-cabecera-new.png","width":430,"height":61,"caption":"Tour Travel And More"},"image":{"@id":"https:\/\/tourtravelandmore.com\/fr\/#\/schema\/logo\/image\/"},"sameAs":["https:\/\/www.facebook.com\/tourtravelandmore\/","https:\/\/x.com\/TourTravel_More"]}]}},"_links":{"self":[{"href":"https:\/\/tourtravelandmore.com\/fr\/wp-json\/wp\/v2\/product\/118741","targetHints":{"allow":["GET"]}}],"collection":[{"href":"https:\/\/tourtravelandmore.com\/fr\/wp-json\/wp\/v2\/product"}],"about":[{"href":"https:\/\/tourtravelandmore.com\/fr\/wp-json\/wp\/v2\/types\/product"}],"replies":[{"embeddable":true,"href":"https:\/\/tourtravelandmore.com\/fr\/wp-json\/wp\/v2\/comments?post=118741"}],"wp:featuredmedia":[{"embeddable":true,"href":"https:\/\/tourtravelandmore.com\/fr\/wp-json\/wp\/v2\/media\/119777"}],"wp:attachment":[{"href":"https:\/\/tourtravelandmore.com\/fr\/wp-json\/wp\/v2\/media?parent=118741"}],"wp:term":[{"taxonomy":"product_brand","embeddable":true,"href":"https:\/\/tourtravelandmore.com\/fr\/wp-json\/wp\/v2\/product_brand?post=118741"},{"taxonomy":"product_cat","embeddable":true,"href":"https:\/\/tourtravelandmore.com\/fr\/wp-json\/wp\/v2\/product_cat?post=118741"},{"taxonomy":"product_tag","embeddable":true,"href":"https:\/\/tourtravelandmore.com\/fr\/wp-json\/wp\/v2\/product_tag?post=118741"}],"curies":[{"name":"wp","href":"https:\/\/api.w.org\/{rel}","templated":true}]}}