{"id":117894,"date":"2022-01-23T15:20:48","date_gmt":"2022-01-23T14:20:55","guid":{"rendered":"https:\/\/tourtravelandmore.com\/?post_type=product&#038;p=117894"},"modified":"2022-10-11T17:20:04","modified_gmt":"2022-10-11T15:20:04","slug":"visite-privee-des-meilleurs-vignobles-de-champagne-au-depart-de-reims","status":"publish","type":"product","link":"https:\/\/tourtravelandmore.com\/fr\/tours\/espagne-fr\/valencia-fr\/visites-guidees-privees-valencia-fr\/visite-privee-des-meilleurs-vignobles-de-champagne-au-depart-de-reims\/","title":{"rendered":"Visite priv\u00e9e des meilleurs vignobles de champagne au d\u00e9part de Reims"},"content":{"rendered":"<h2><b>Description de la visite priv\u00e9e des meilleurs vignobles de champagne au d\u00e9part de Reims<\/b><\/h2>\n<p><span style=\"font-weight: 400;\">La France a beaucoup de choses \u00e0 voir et \u00e0 apprendre. Si vous souhaitez explorer l&#8217;une des r\u00e9gions les plus embl\u00e9matiques du pays, cette <\/span><b>visite priv\u00e9e des meilleurs vignobles de champagne au d\u00e9part de Reims <\/b><span style=\"font-weight: 400;\">est l&#8217;occasion id\u00e9ale pour vous d\u00e9tendre et profiter d&#8217;une exp\u00e9rience inoubliable et de beaucoup de champagne.\u00a0<\/span><\/p>\n<p><span style=\"font-weight: 400;\">Vous ferez l&#8217;exp\u00e9rience d&#8217;une <\/span><b>visite \u0153nologique, o\u00f9 vous <\/b><span style=\"font-weight: 400;\">visiterez quelques-uns des plus importants vignobles de la Marne et d\u00e9gusterez son exquis vin mousseux.\u00a0<\/span><\/p>\n<p><span style=\"font-weight: 400;\">Oubliez tout et vivez cette exp\u00e9rience de mani\u00e8re confortable et exclusive, car nous viendrons vous <\/span><b>chercher dans une voiture priv\u00e9e pour <\/b><span style=\"font-weight: 400;\">vous conduire \u00e0 travers la campagne en toute s\u00e9curit\u00e9 et confort.\u00a0<\/span><\/p>\n<p><span style=\"font-weight: 400;\">Vous pouvez \u00e9galement nous dire quels \u00e9tablissements vinicoles vous souhaitez visiter, car vous aurez la possibilit\u00e9 de choisir entre : Moet, Taittinger, Veuve Clicquot, Ruinart, Lanson et Vranken-Pommery.\u00a0<\/span><\/p>\n<p><span style=\"font-weight: 400;\">Il s&#8217;agit d&#8217;une excursion de 8 heures, dont l&#8217;int\u00e9gralit\u00e9 se d\u00e9roulera selon vos go\u00fbts et vos besoins. Cette excursion priv\u00e9e sera compl\u00e9t\u00e9e par la d\u00e9gustation de boissons exquises.\u00a0<\/span><\/p>\n<p><span style=\"font-weight: 400;\">Vous pourrez \u00e9galement prendre de belles photos des vignobles qui s&#8217;\u00e9tendent sur des centaines d&#8217;hectares et qui ont \u00e9t\u00e9 d\u00e9clar\u00e9s patrimoine culturel par l&#8217;UNESCO.\u00a0<\/span><\/p>\n<p><span style=\"font-weight: 400;\">Vous apprendrez \u00e9galement comment sont \u00e9labor\u00e9s certains des vins mousseux les plus c\u00e9l\u00e8bres du monde. \u00c0 la fin de la visite, vous serez ramen\u00e9 \u00e0 Reims pour poursuivre votre itin\u00e9raire.\u00a0\u00a0<\/span><\/p>\n<h2><b>Points forts de la visite priv\u00e9e des meilleurs vignobles de Champagne au d\u00e9part de Reims<\/b><\/h2>\n<p><span style=\"font-weight: 400;\">Pr\u00e9parez-vous \u00e0 passer une journ\u00e9e diff\u00e9rente lors de cette visite priv\u00e9e des meilleurs vignobles de champagne en France.\u00a0<\/span><\/p>\n<p><span style=\"font-weight: 400;\">Mieux encore, vous avez la possibilit\u00e9 de choisir deux de ces diff\u00e9rents domaines viticoles pour assister \u00e0 la d\u00e9gustation de coupes de champagne \u00e0 bulles :\u00a0<\/span><\/p>\n<h3><span style=\"color: #d3af37;\"><b>Mo\u00ebt &amp; Chandon<\/b><\/span><\/h3>\n<p><span style=\"font-weight: 400;\">Ces ma\u00eetres dans l&#8217;art de la vinification ont fond\u00e9 cette maison en 1743, et leurs vins sont connus dans le monde entier.\u00a0<\/span><\/p>\n<p><span style=\"font-weight: 400;\">En fait, il s&#8217;agit d&#8217;une marque qui b\u00e9n\u00e9ficie d&#8217;une appellation d&#8217;origine, et lorsque vous visiterez la cave, vous d\u00e9couvrirez tout le processus d&#8217;\u00e9laboration de cette merveilleuse boisson.\u00a0<\/span><\/p>\n<h3><span style=\"color: #d3af37;\"><b>Taittinger<\/b><\/span><\/h3>\n<p><span style=\"font-weight: 400;\">Cette maison se distingue car elle poss\u00e8de ses propres hectares de plantations de raisins. Leur champagne contient 45% de Chardonnay en moins et les propri\u00e9taires sont charg\u00e9s de v\u00e9rifier parcelle par parcelle que le fruit est \u00e0 son point optimal avant chaque r\u00e9colte.\u00a0<\/span><\/p>\n<p><span style=\"font-weight: 400;\">Tous leurs vins sont vieillis pendant au moins 5 ans, ce qui donne un caract\u00e8re unique \u00e0 leurs breuvages.\u00a0<\/span><\/p>\n<h3><span style=\"color: #d3af37;\"><b>Veuve Clicquot<\/b><\/span><\/h3>\n<p><span style=\"font-weight: 400;\">C&#8217;est une maison qui a plus de deux si\u00e8cles de tradition. Si vous la visitez, vous vivrez une exp\u00e9rience \u0153notouristique authentique, car dans leurs caves, vous d\u00e9couvrirez les techniques et les outils qu&#8217;ils utilisent pour cr\u00e9er leur magnifique vin mousseux.\u00a0\u00a0<\/span><\/p>\n<h3><span style=\"color: #d3af37;\"><b>Lanson<\/b><\/span><\/h3>\n<p><span style=\"font-weight: 400;\">C&#8217;est l&#8217;une des plus anciennes maisons de champagne. Elle a \u00e9t\u00e9 fond\u00e9e en 1760 et, jusqu&#8217;\u00e0 pr\u00e9sent, elle a conserv\u00e9 tout son style original.\u00a0<\/span><\/p>\n<p><span style=\"font-weight: 400;\">Elle est connue comme &#8220;le champagne de la croix de Malte&#8221;, car son insigne repr\u00e9sentatif est d\u00fb aux Chevaliers de Saint-Jean, le fils de son fondateur ayant appartenu \u00e0 cet ordre.\u00a0<\/span><\/p>\n<p><span style=\"font-weight: 400;\">Le corps du champagne Lanson est d\u00e9licat et richement aromatique. Cette maison a la reconnaissance officielle d&#8217;\u00eatre le fournisseur du vin de la reine Victoria en 1900.<\/span><\/p>\n<h3><span style=\"color: #d3af37;\"><b>Ruinart<\/b><\/span><\/h3>\n<p><span style=\"font-weight: 400;\">C&#8217;est une marque de luxe qui produit des vins d&#8217;une grande complexit\u00e9 et qui prend soin du moindre d\u00e9tail. De fait, leurs boissons sont les pr\u00e9f\u00e9r\u00e9es des palais les plus exigeants.\u00a0<\/span><\/p>\n<p><span style=\"font-weight: 400;\">En visitant cette maison du vin, vous verrez leurs techniques de vinification, leurs vignobles et vous go\u00fbterez certains de leurs breuvages.\u00a0<\/span><\/p>\n<h3><span style=\"color: #d3af37;\"><b>Vranken-Pommery<\/b><\/span><\/h3>\n<p><span style=\"font-weight: 400;\">\u00c0 ses d\u00e9buts, cette maison renomm\u00e9e ne produisait que du vin rouge. Mais en 1885, elle se lance \u00e0 la conqu\u00eate d&#8217;autres tendances et c&#8217;est ainsi que na\u00eet son majestueux champagne.\u00a0<\/span><\/p>\n<p><span style=\"font-weight: 400;\">Sans aucun doute, cette excursion vous fera vivre une journ\u00e9e parfaite et diff\u00e9rente. Vous visiterez plusieurs domaines viticoles et d\u00e9gusterez des vins exquis, le tout en compagnie d&#8217;un guide priv\u00e9 et dans une voiture exclusive pour vous, vos amis ou votre famille.\u00a0<\/span><\/p>\n<p><span style=\"font-weight: 400;\">Ce sont les 2 domaines viticoles de votre choix que nous vous ferons d\u00e9couvrir pour l&#8217;exp\u00e9rience la plus relaxante et la plus divertissante de votre voyage en France.\u00a0<\/span><\/p>\n<p><span style=\"font-weight: 400;\">Vous explorerez tr\u00e8s confortablement la r\u00e9gion de Champagne et certains des vignobles reconnus par l&#8217;UNESCO comme patrimoine culturel de l&#8217;humanit\u00e9. Si vous souhaitez conna\u00eetre en profondeur la ville de Reims, vous pouvez opter pour <\/span><a href=\"https:\/\/tourtravelandmore.com\/fr\/tours\/espagne-fr\/valencia-fr\/visites-guidees-privees-valencia-fr\/visite-privee-a-pied-de-reims\/\"><b>la visite \u00e0 pied de Reims<\/b><span style=\"font-weight: 400;\">.<\/span><\/a><\/p>\n","protected":false},"excerpt":{"rendered":"<p><span style=\"font-weight: 400;\">Cette visite priv\u00e9e est parfaite pour les amateurs de champagne, car vous voyagerez dans une voiture priv\u00e9e confortable \u00e0 travers les plus beaux vignobles de la campagne fran\u00e7aise. Vous d\u00e9couvrirez \u00e9galement deux des plus c\u00e9l\u00e8bres caves \u00e0 champagne du monde et apprendrez tout sur la fabrication et le vieillissement de cette boisson p\u00e9tillante embl\u00e9matique.<\/span><\/p>\n","protected":false},"featured_media":118486,"comment_status":"open","ping_status":"closed","template":"","meta":{"_acf_changed":false},"product_brand":[],"product_cat":[3616,4045,4044],"product_tag":[],"class_list":{"0":"post-117894","1":"product","2":"type-product","3":"status-publish","4":"has-post-thumbnail","6":"product_cat-reims-fr","7":"product_cat-visites-guidees-privees-valencia-fr","8":"product_cat-toutes-les-visites-et-activites-privees-reims-fr","10":"first","11":"instock","12":"shipping-taxable","13":"purchasable","14":"product-type-simple"},"acf":[],"yoast_head":"<!-- This site is optimized with the Yoast SEO Premium plugin v25.3.1 (Yoast SEO v25.3.1) - https:\/\/yoast.com\/wordpress\/plugins\/seo\/ -->\n<title>Visite priv\u00e9e des meilleurs vignobles de champagne au d\u00e9part de Reims avec transfert en voiture priv\u00e9e confortable et d\u00e9gustation exclusive incluse.<\/title>\n<meta name=\"description\" content=\"Vous voulez passer une journ\u00e9e diff\u00e9rente dans la campagne fran\u00e7aise ? Lors de cette visite des meilleurs vignobles de champagne de Reims, vous aurez l&#039;occasion de d\u00e9couvrir le processus de fabrication des champagnes les plus r\u00e9put\u00e9s et vous pourrez assister \u00e0 une d\u00e9gustation exclusive dans deux des vignobles qui vous plaisent le plus.\" \/>\n<meta name=\"robots\" content=\"index, follow, max-snippet:-1, max-image-preview:large, max-video-preview:-1\" \/>\n<link rel=\"canonical\" href=\"https:\/\/tourtravelandmore.com\/fr\/tours\/espagne-fr\/valencia-fr\/visites-guidees-privees-valencia-fr\/visite-privee-des-meilleurs-vignobles-de-champagne-au-depart-de-reims\/\" \/>\n<meta property=\"og:locale\" content=\"fr_FR\" \/>\n<meta property=\"og:type\" content=\"article\" \/>\n<meta property=\"og:title\" content=\"Visite priv\u00e9e des meilleurs vignobles de champagne au d\u00e9part de Reims\" \/>\n<meta property=\"og:description\" content=\"Vous voulez passer une journ\u00e9e diff\u00e9rente dans la campagne fran\u00e7aise ? Lors de cette visite des meilleurs vignobles de champagne de Reims, vous aurez l&#039;occasion de d\u00e9couvrir le processus de fabrication des champagnes les plus r\u00e9put\u00e9s et vous pourrez assister \u00e0 une d\u00e9gustation exclusive dans deux des vignobles qui vous plaisent le plus.\" \/>\n<meta property=\"og:url\" content=\"https:\/\/tourtravelandmore.com\/fr\/tours\/espagne-fr\/valencia-fr\/visites-guidees-privees-valencia-fr\/visite-privee-des-meilleurs-vignobles-de-champagne-au-depart-de-reims\/\" \/>\n<meta property=\"og:site_name\" content=\"Tour Travel And More\" \/>\n<meta property=\"article:publisher\" content=\"https:\/\/www.facebook.com\/tourtravelandmore\/\" \/>\n<meta property=\"article:modified_time\" content=\"2022-10-11T15:20:04+00:00\" \/>\n<meta property=\"og:image\" content=\"https:\/\/tourtravelandmore.com\/wp-content\/uploads\/2022\/01\/VrankenPommery.jpg\" \/>\n\t<meta property=\"og:image:width\" content=\"960\" \/>\n\t<meta property=\"og:image:height\" content=\"720\" \/>\n\t<meta property=\"og:image:type\" content=\"image\/jpeg\" \/>\n<meta name=\"twitter:card\" content=\"summary_large_image\" \/>\n<meta name=\"twitter:site\" content=\"@TourTravel_More\" \/>\n<meta name=\"twitter:label1\" content=\"Dur\u00e9e de lecture estim\u00e9e\" \/>\n\t<meta name=\"twitter:data1\" content=\"4 minutes\" \/>\n<script type=\"application\/ld+json\" class=\"yoast-schema-graph\">{\"@context\":\"https:\/\/schema.org\",\"@graph\":[{\"@type\":\"WebPage\",\"@id\":\"https:\/\/tourtravelandmore.com\/fr\/tours\/espagne-fr\/valencia-fr\/visites-guidees-privees-valencia-fr\/visite-privee-des-meilleurs-vignobles-de-champagne-au-depart-de-reims\/\",\"url\":\"https:\/\/tourtravelandmore.com\/fr\/tours\/espagne-fr\/valencia-fr\/visites-guidees-privees-valencia-fr\/visite-privee-des-meilleurs-vignobles-de-champagne-au-depart-de-reims\/\",\"name\":\"Visite priv\u00e9e des meilleurs vignobles de champagne au d\u00e9part de Reims avec transfert en voiture priv\u00e9e confortable et d\u00e9gustation exclusive incluse.\",\"isPartOf\":{\"@id\":\"https:\/\/tourtravelandmore.com\/fr\/#website\"},\"primaryImageOfPage\":{\"@id\":\"https:\/\/tourtravelandmore.com\/fr\/tours\/espagne-fr\/valencia-fr\/visites-guidees-privees-valencia-fr\/visite-privee-des-meilleurs-vignobles-de-champagne-au-depart-de-reims\/#primaryimage\"},\"image\":{\"@id\":\"https:\/\/tourtravelandmore.com\/fr\/tours\/espagne-fr\/valencia-fr\/visites-guidees-privees-valencia-fr\/visite-privee-des-meilleurs-vignobles-de-champagne-au-depart-de-reims\/#primaryimage\"},\"thumbnailUrl\":\"https:\/\/tourtravelandmore.com\/wp-content\/uploads\/2022\/01\/VrankenPommery.jpg\",\"datePublished\":\"2022-01-23T14:20:55+00:00\",\"dateModified\":\"2022-10-11T15:20:04+00:00\",\"description\":\"Vous voulez passer une journ\u00e9e diff\u00e9rente dans la campagne fran\u00e7aise ? Lors de cette visite des meilleurs vignobles de champagne de Reims, vous aurez l'occasion de d\u00e9couvrir le processus de fabrication des champagnes les plus r\u00e9put\u00e9s et vous pourrez assister \u00e0 une d\u00e9gustation exclusive dans deux des vignobles qui vous plaisent le plus.\",\"breadcrumb\":{\"@id\":\"https:\/\/tourtravelandmore.com\/fr\/tours\/espagne-fr\/valencia-fr\/visites-guidees-privees-valencia-fr\/visite-privee-des-meilleurs-vignobles-de-champagne-au-depart-de-reims\/#breadcrumb\"},\"inLanguage\":\"fr-FR\",\"potentialAction\":[{\"@type\":\"ReadAction\",\"target\":[\"https:\/\/tourtravelandmore.com\/fr\/tours\/espagne-fr\/valencia-fr\/visites-guidees-privees-valencia-fr\/visite-privee-des-meilleurs-vignobles-de-champagne-au-depart-de-reims\/\"]}]},{\"@type\":\"ImageObject\",\"inLanguage\":\"fr-FR\",\"@id\":\"https:\/\/tourtravelandmore.com\/fr\/tours\/espagne-fr\/valencia-fr\/visites-guidees-privees-valencia-fr\/visite-privee-des-meilleurs-vignobles-de-champagne-au-depart-de-reims\/#primaryimage\",\"url\":\"https:\/\/tourtravelandmore.com\/wp-content\/uploads\/2022\/01\/VrankenPommery.jpg\",\"contentUrl\":\"https:\/\/tourtravelandmore.com\/wp-content\/uploads\/2022\/01\/VrankenPommery.jpg\",\"width\":960,\"height\":720},{\"@type\":\"BreadcrumbList\",\"@id\":\"https:\/\/tourtravelandmore.com\/fr\/tours\/espagne-fr\/valencia-fr\/visites-guidees-privees-valencia-fr\/visite-privee-des-meilleurs-vignobles-de-champagne-au-depart-de-reims\/#breadcrumb\",\"itemListElement\":[{\"@type\":\"ListItem\",\"position\":1,\"name\":\"Home\",\"item\":\"https:\/\/tourtravelandmore.com\/fr\/\"},{\"@type\":\"ListItem\",\"position\":2,\"name\":\"Tours\",\"item\":\"https:\/\/tourtravelandmore.com\/fr\/tours\/\"},{\"@type\":\"ListItem\",\"position\":3,\"name\":\"Visite priv\u00e9e des meilleurs vignobles de champagne au d\u00e9part de Reims\"}]},{\"@type\":\"WebSite\",\"@id\":\"https:\/\/tourtravelandmore.com\/fr\/#website\",\"url\":\"https:\/\/tourtravelandmore.com\/fr\/\",\"name\":\"Tour Travel And More\",\"description\":\"Private sightseeing tours and luxury transfers in Spain\",\"publisher\":{\"@id\":\"https:\/\/tourtravelandmore.com\/fr\/#organization\"},\"potentialAction\":[{\"@type\":\"SearchAction\",\"target\":{\"@type\":\"EntryPoint\",\"urlTemplate\":\"https:\/\/tourtravelandmore.com\/fr\/?s={search_term_string}\"},\"query-input\":{\"@type\":\"PropertyValueSpecification\",\"valueRequired\":true,\"valueName\":\"search_term_string\"}}],\"inLanguage\":\"fr-FR\"},{\"@type\":\"Organization\",\"@id\":\"https:\/\/tourtravelandmore.com\/fr\/#organization\",\"name\":\"Tour Travel And More\",\"url\":\"https:\/\/tourtravelandmore.com\/fr\/\",\"logo\":{\"@type\":\"ImageObject\",\"inLanguage\":\"fr-FR\",\"@id\":\"https:\/\/tourtravelandmore.com\/fr\/#\/schema\/logo\/image\/\",\"url\":\"https:\/\/tourtravelandmore.com\/wp-content\/uploads\/2022\/12\/cropped-logo-cabecera-new.png\",\"contentUrl\":\"https:\/\/tourtravelandmore.com\/wp-content\/uploads\/2022\/12\/cropped-logo-cabecera-new.png\",\"width\":430,\"height\":61,\"caption\":\"Tour Travel And More\"},\"image\":{\"@id\":\"https:\/\/tourtravelandmore.com\/fr\/#\/schema\/logo\/image\/\"},\"sameAs\":[\"https:\/\/www.facebook.com\/tourtravelandmore\/\",\"https:\/\/x.com\/TourTravel_More\"]}]}<\/script>\n<!-- \/ Yoast SEO Premium plugin. -->","yoast_head_json":{"title":"Visite priv\u00e9e des meilleurs vignobles de champagne au d\u00e9part de Reims avec transfert en voiture priv\u00e9e confortable et d\u00e9gustation exclusive incluse.","description":"Vous voulez passer une journ\u00e9e diff\u00e9rente dans la campagne fran\u00e7aise ? Lors de cette visite des meilleurs vignobles de champagne de Reims, vous aurez l'occasion de d\u00e9couvrir le processus de fabrication des champagnes les plus r\u00e9put\u00e9s et vous pourrez assister \u00e0 une d\u00e9gustation exclusive dans deux des vignobles qui vous plaisent le plus.","robots":{"index":"index","follow":"follow","max-snippet":"max-snippet:-1","max-image-preview":"max-image-preview:large","max-video-preview":"max-video-preview:-1"},"canonical":"https:\/\/tourtravelandmore.com\/fr\/tours\/espagne-fr\/valencia-fr\/visites-guidees-privees-valencia-fr\/visite-privee-des-meilleurs-vignobles-de-champagne-au-depart-de-reims\/","og_locale":"fr_FR","og_type":"article","og_title":"Visite priv\u00e9e des meilleurs vignobles de champagne au d\u00e9part de Reims","og_description":"Vous voulez passer une journ\u00e9e diff\u00e9rente dans la campagne fran\u00e7aise ? Lors de cette visite des meilleurs vignobles de champagne de Reims, vous aurez l'occasion de d\u00e9couvrir le processus de fabrication des champagnes les plus r\u00e9put\u00e9s et vous pourrez assister \u00e0 une d\u00e9gustation exclusive dans deux des vignobles qui vous plaisent le plus.","og_url":"https:\/\/tourtravelandmore.com\/fr\/tours\/espagne-fr\/valencia-fr\/visites-guidees-privees-valencia-fr\/visite-privee-des-meilleurs-vignobles-de-champagne-au-depart-de-reims\/","og_site_name":"Tour Travel And More","article_publisher":"https:\/\/www.facebook.com\/tourtravelandmore\/","article_modified_time":"2022-10-11T15:20:04+00:00","og_image":[{"width":960,"height":720,"url":"https:\/\/tourtravelandmore.com\/wp-content\/uploads\/2022\/01\/VrankenPommery.jpg","type":"image\/jpeg"}],"twitter_card":"summary_large_image","twitter_site":"@TourTravel_More","twitter_misc":{"Dur\u00e9e de lecture estim\u00e9e":"4 minutes"},"schema":{"@context":"https:\/\/schema.org","@graph":[{"@type":"WebPage","@id":"https:\/\/tourtravelandmore.com\/fr\/tours\/espagne-fr\/valencia-fr\/visites-guidees-privees-valencia-fr\/visite-privee-des-meilleurs-vignobles-de-champagne-au-depart-de-reims\/","url":"https:\/\/tourtravelandmore.com\/fr\/tours\/espagne-fr\/valencia-fr\/visites-guidees-privees-valencia-fr\/visite-privee-des-meilleurs-vignobles-de-champagne-au-depart-de-reims\/","name":"Visite priv\u00e9e des meilleurs vignobles de champagne au d\u00e9part de Reims avec transfert en voiture priv\u00e9e confortable et d\u00e9gustation exclusive incluse.","isPartOf":{"@id":"https:\/\/tourtravelandmore.com\/fr\/#website"},"primaryImageOfPage":{"@id":"https:\/\/tourtravelandmore.com\/fr\/tours\/espagne-fr\/valencia-fr\/visites-guidees-privees-valencia-fr\/visite-privee-des-meilleurs-vignobles-de-champagne-au-depart-de-reims\/#primaryimage"},"image":{"@id":"https:\/\/tourtravelandmore.com\/fr\/tours\/espagne-fr\/valencia-fr\/visites-guidees-privees-valencia-fr\/visite-privee-des-meilleurs-vignobles-de-champagne-au-depart-de-reims\/#primaryimage"},"thumbnailUrl":"https:\/\/tourtravelandmore.com\/wp-content\/uploads\/2022\/01\/VrankenPommery.jpg","datePublished":"2022-01-23T14:20:55+00:00","dateModified":"2022-10-11T15:20:04+00:00","description":"Vous voulez passer une journ\u00e9e diff\u00e9rente dans la campagne fran\u00e7aise ? Lors de cette visite des meilleurs vignobles de champagne de Reims, vous aurez l'occasion de d\u00e9couvrir le processus de fabrication des champagnes les plus r\u00e9put\u00e9s et vous pourrez assister \u00e0 une d\u00e9gustation exclusive dans deux des vignobles qui vous plaisent le plus.","breadcrumb":{"@id":"https:\/\/tourtravelandmore.com\/fr\/tours\/espagne-fr\/valencia-fr\/visites-guidees-privees-valencia-fr\/visite-privee-des-meilleurs-vignobles-de-champagne-au-depart-de-reims\/#breadcrumb"},"inLanguage":"fr-FR","potentialAction":[{"@type":"ReadAction","target":["https:\/\/tourtravelandmore.com\/fr\/tours\/espagne-fr\/valencia-fr\/visites-guidees-privees-valencia-fr\/visite-privee-des-meilleurs-vignobles-de-champagne-au-depart-de-reims\/"]}]},{"@type":"ImageObject","inLanguage":"fr-FR","@id":"https:\/\/tourtravelandmore.com\/fr\/tours\/espagne-fr\/valencia-fr\/visites-guidees-privees-valencia-fr\/visite-privee-des-meilleurs-vignobles-de-champagne-au-depart-de-reims\/#primaryimage","url":"https:\/\/tourtravelandmore.com\/wp-content\/uploads\/2022\/01\/VrankenPommery.jpg","contentUrl":"https:\/\/tourtravelandmore.com\/wp-content\/uploads\/2022\/01\/VrankenPommery.jpg","width":960,"height":720},{"@type":"BreadcrumbList","@id":"https:\/\/tourtravelandmore.com\/fr\/tours\/espagne-fr\/valencia-fr\/visites-guidees-privees-valencia-fr\/visite-privee-des-meilleurs-vignobles-de-champagne-au-depart-de-reims\/#breadcrumb","itemListElement":[{"@type":"ListItem","position":1,"name":"Home","item":"https:\/\/tourtravelandmore.com\/fr\/"},{"@type":"ListItem","position":2,"name":"Tours","item":"https:\/\/tourtravelandmore.com\/fr\/tours\/"},{"@type":"ListItem","position":3,"name":"Visite priv\u00e9e des meilleurs vignobles de champagne au d\u00e9part de Reims"}]},{"@type":"WebSite","@id":"https:\/\/tourtravelandmore.com\/fr\/#website","url":"https:\/\/tourtravelandmore.com\/fr\/","name":"Tour Travel And More","description":"Private sightseeing tours and luxury transfers in Spain","publisher":{"@id":"https:\/\/tourtravelandmore.com\/fr\/#organization"},"potentialAction":[{"@type":"SearchAction","target":{"@type":"EntryPoint","urlTemplate":"https:\/\/tourtravelandmore.com\/fr\/?s={search_term_string}"},"query-input":{"@type":"PropertyValueSpecification","valueRequired":true,"valueName":"search_term_string"}}],"inLanguage":"fr-FR"},{"@type":"Organization","@id":"https:\/\/tourtravelandmore.com\/fr\/#organization","name":"Tour Travel And More","url":"https:\/\/tourtravelandmore.com\/fr\/","logo":{"@type":"ImageObject","inLanguage":"fr-FR","@id":"https:\/\/tourtravelandmore.com\/fr\/#\/schema\/logo\/image\/","url":"https:\/\/tourtravelandmore.com\/wp-content\/uploads\/2022\/12\/cropped-logo-cabecera-new.png","contentUrl":"https:\/\/tourtravelandmore.com\/wp-content\/uploads\/2022\/12\/cropped-logo-cabecera-new.png","width":430,"height":61,"caption":"Tour Travel And More"},"image":{"@id":"https:\/\/tourtravelandmore.com\/fr\/#\/schema\/logo\/image\/"},"sameAs":["https:\/\/www.facebook.com\/tourtravelandmore\/","https:\/\/x.com\/TourTravel_More"]}]}},"_links":{"self":[{"href":"https:\/\/tourtravelandmore.com\/fr\/wp-json\/wp\/v2\/product\/117894","targetHints":{"allow":["GET"]}}],"collection":[{"href":"https:\/\/tourtravelandmore.com\/fr\/wp-json\/wp\/v2\/product"}],"about":[{"href":"https:\/\/tourtravelandmore.com\/fr\/wp-json\/wp\/v2\/types\/product"}],"replies":[{"embeddable":true,"href":"https:\/\/tourtravelandmore.com\/fr\/wp-json\/wp\/v2\/comments?post=117894"}],"wp:featuredmedia":[{"embeddable":true,"href":"https:\/\/tourtravelandmore.com\/fr\/wp-json\/wp\/v2\/media\/118486"}],"wp:attachment":[{"href":"https:\/\/tourtravelandmore.com\/fr\/wp-json\/wp\/v2\/media?parent=117894"}],"wp:term":[{"taxonomy":"product_brand","embeddable":true,"href":"https:\/\/tourtravelandmore.com\/fr\/wp-json\/wp\/v2\/product_brand?post=117894"},{"taxonomy":"product_cat","embeddable":true,"href":"https:\/\/tourtravelandmore.com\/fr\/wp-json\/wp\/v2\/product_cat?post=117894"},{"taxonomy":"product_tag","embeddable":true,"href":"https:\/\/tourtravelandmore.com\/fr\/wp-json\/wp\/v2\/product_tag?post=117894"}],"curies":[{"name":"wp","href":"https:\/\/api.w.org\/{rel}","templated":true}]}}