{"id":117600,"date":"2022-01-04T15:50:38","date_gmt":"2022-01-17T22:46:19","guid":{"rendered":"https:\/\/tourtravelandmore.com\/?post_type=product&#038;p=117600"},"modified":"2025-09-17T17:48:56","modified_gmt":"2025-09-17T15:48:56","slug":"visite-privee-de-dubai-la-nuit-avec-diner","status":"publish","type":"product","link":"https:\/\/tourtravelandmore.com\/fr\/tours\/emirats-arabes-unis-fr\/dubai-fr\/visite-privee-de-dubai-la-nuit-avec-diner\/","title":{"rendered":"Visite priv\u00e9e de Duba\u00ef la nuit avec d\u00eener"},"content":{"rendered":"<h2><b>Visite priv\u00e9e de Duba\u00ef la nuit avec d\u00eener<\/b><\/h2>\n<p>D\u00e9couvrez la magie des \u00c9mirats gr\u00e2ce \u00e0 notre visite priv\u00e9e de Duba\u00ef la nuit avec d\u00eener. Cette exp\u00e9rience exclusive en soir\u00e9e combine des sites illumin\u00e9s, une ambiance anim\u00e9e et un d\u00eener traditionnel pour vous plonger dans le charme unique de la ville. Avec votre chauffeur et votre guide priv\u00e9s, vous profiterez d&#8217;un confort optimal et d&#8217;un itin\u00e9raire sur mesure qui vous fera d\u00e9couvrir Duba\u00ef apr\u00e8s le coucher du soleil.<\/p>\n<p>La visite commence par un tour panoramique en voiture \u00e0 travers l&#8217;embl\u00e9matique marina de Duba\u00ef, o\u00f9 les gratte-ciel \u00e9blouissants se refl\u00e8tent sur l&#8217;eau. Continuez vers <b>Palm Jumeirah<\/b>, qui offre une vue imprenable sur le littoral. Votre guide vous emm\u00e8nera admirer le <b>Burj Al Arab<\/b> illumin\u00e9, l&#8217;un des h\u00f4tels les plus luxueux au monde. En vous promenant dans Madinat Jumeirah, vous d\u00e9couvrirez un \u00e9l\u00e9gant complexe inspir\u00e9 des souks traditionnels, id\u00e9al pour prendre des photos et faire du shopping.<\/p>\n<h2>Points forts<\/h2>\n<ul>\n<li><b>Dubai Marina<\/b> : une ligne d&#8217;horizon scintillante avec une architecture moderne.<\/li>\n<li><b>Palm Jumeirah<\/b> : vue panoramique sur la c\u00e9l\u00e8bre \u00eele de Duba\u00ef.<\/li>\n<li><b>Burj Al Arab<\/b> : arr\u00eat photo \u00e0 l&#8217;h\u00f4tel embl\u00e9matique en forme de voile.<\/li>\n<li><b>Madinat Jumeirah<\/b> : le charme arabe dans un cadre nocturne anim\u00e9.<\/li>\n<li>D\u00eener traditionnel : savourez des saveurs authentiques dans un restaurant local s\u00e9lectionn\u00e9.<\/li>\n<\/ul>\n<p>Apr\u00e8s la d\u00e9couverte de la ville, votre guide vous conduira dans un restaurant o\u00f9 vous d\u00e9gusterez un d\u00e9licieux d\u00eener mettant en valeur les saveurs authentiques de la r\u00e9gion. Ce moment culinaire compl\u00e8te parfaitement la splendeur visuelle de la ligne d&#8217;horizon illumin\u00e9e de Duba\u00ef.<\/p>\n<p>Pour plus de d\u00e9tails sur les attractions officielles de la ville, veuillez consulter le site Dubai Tourism. Vous pouvez \u00e9galement explorer d&#8217;autres visites priv\u00e9es aux \u00c9mirats arabes unis sur <a href=\"https:\/\/tourtravelandmore.com\/\">Tour Travel &amp; More<\/a>.<\/p>\n<p>En choisissant la <b>visite priv\u00e9e de Duba\u00ef en soir\u00e9e avec d\u00eener<\/b>, vous \u00eates assur\u00e9 de passer une soir\u00e9e inoubliable. En seulement quatre heures, vous combinerez visites touristiques, s\u00e9ances photos et cuisine authentique, pour une exp\u00e9rience m\u00e9morable dans l&#8217;une des villes les plus spectaculaires du monde.<\/p>\n<p>Si notre <b>visite priv\u00e9e de Duba\u00ef en soir\u00e9e avec d\u00eener<\/b> vous donne envie d&#8217;en savoir plus sur cet endroit unique, <a href=\"https:\/\/www.deepl.com\/?product_cat=uae-en#shop\"><b>ne manquez pas nos autres visites priv\u00e9es aux \u00c9mirats arabes unis ici !<\/b><\/a><\/p>\n","protected":false},"excerpt":{"rendered":"<p><span style=\"font-weight: 400;\">Profitez de cette <\/span><b>exp\u00e9rience <\/b><span style=\"font-weight: 400;\">enti\u00e8rement <\/span><b>priv\u00e9e <\/b><span style=\"font-weight: 400;\">et explorez le scintillement de <\/span><b>Duba\u00ef la nuit<\/b><span style=\"font-weight: 400;\">, une ville o\u00f9 la tradition islamique rencontre le style de vie moderne, dans votre <\/span><b>v\u00e9hicule priv\u00e9 avec votre <\/b><span style=\"font-weight: 400;\">propre <\/span><b>chauffeur priv\u00e9 <\/b><span style=\"font-weight: 400;\">et <\/span><b>guide touristique officiel <\/b><span style=\"font-weight: 400;\">pendant 5 heures. Profitez de cette occasion pour visiter l&#8217;<\/span><b>\u00eele des Palmiers, la plage de Jumeirah<\/b><span style=\"font-weight: 400;\">, <\/span><b>Madinat Jumeirah, <\/b><span style=\"font-weight: 400;\">admirer l&#8217;<\/span><b>h\u00f4tel Burj Al Arab<\/b><span style=\"font-weight: 400;\">, faire connaissance avec la <\/span><b>marina de Duba\u00ef, <\/b><span style=\"font-weight: 400;\">vous \u00e9merveiller devant l&#8217;unique <\/span><b>Burj Khalifa, le plus haut b\u00e2timent du monde<\/b><span style=\"font-weight: 400;\">, et profiter d&#8217;un <\/span><b>d\u00eener-spectacle au Dhow Cruise<\/b><span style=\"font-weight: 400;\">. Prenez contact avec nous pour une proposition personnalis\u00e9e.<\/span><\/p>\n","protected":false},"featured_media":117129,"comment_status":"open","ping_status":"closed","template":"","meta":{"_acf_changed":false},"product_brand":[],"product_cat":[5598,5599,5601,5600,3733,3803],"product_tag":[],"class_list":{"0":"post-117600","1":"product","2":"type-product","3":"status-publish","4":"has-post-thumbnail","6":"product_cat-all-private-tours-activities-fr-43","7":"product_cat-private-city-tours-fr","8":"product_cat-private-shore-excursions-fr-18","9":"product_cat-private-sightseeing-tours-fr-52","10":"product_cat-emirats-arabes-unis-fr","11":"product_cat-dubai-fr","13":"first","14":"instock","15":"shipping-taxable","16":"purchasable","17":"product-type-simple"},"acf":[],"yoast_head":"<!-- This site is optimized with the Yoast SEO Premium plugin v25.3.1 (Yoast SEO v25.3.1) - https:\/\/yoast.com\/wordpress\/plugins\/seo\/ -->\n<title>Visite priv\u00e9e de Duba\u00ef la nuit avec d\u00eener | TTM<\/title>\n<meta name=\"description\" content=\"Visite priv\u00e9e de la ville de Duba\u00ef de nuit ; architecture moderne, luxe, paysages uniques, b\u00e2timents \u00e9crasants, \u00eeles artificielles \u00e9blouissantes, et bien plus encore. Visite priv\u00e9e.\" \/>\n<meta name=\"robots\" content=\"index, follow, max-snippet:-1, max-image-preview:large, max-video-preview:-1\" \/>\n<link rel=\"canonical\" href=\"https:\/\/tourtravelandmore.com\/fr\/tours\/emirats-arabes-unis-fr\/dubai-fr\/visite-privee-de-dubai-la-nuit-avec-diner\/\" \/>\n<meta property=\"og:locale\" content=\"fr_FR\" \/>\n<meta property=\"og:type\" content=\"article\" \/>\n<meta property=\"og:title\" content=\"Visite priv\u00e9e de Duba\u00ef la nuit avec d\u00eener\" \/>\n<meta property=\"og:description\" content=\"Visite priv\u00e9e de la ville de Duba\u00ef de nuit ; architecture moderne, luxe, paysages uniques, b\u00e2timents \u00e9crasants, \u00eeles artificielles \u00e9blouissantes, et bien plus encore. Visite priv\u00e9e.\" \/>\n<meta property=\"og:url\" content=\"https:\/\/tourtravelandmore.com\/fr\/tours\/emirats-arabes-unis-fr\/dubai-fr\/visite-privee-de-dubai-la-nuit-avec-diner\/\" \/>\n<meta property=\"og:site_name\" content=\"Tour Travel And More\" \/>\n<meta property=\"article:publisher\" content=\"https:\/\/www.facebook.com\/tourtravelandmore\/\" \/>\n<meta property=\"article:modified_time\" content=\"2025-09-17T15:48:56+00:00\" \/>\n<meta property=\"og:image\" content=\"https:\/\/tourtravelandmore.com\/wp-content\/uploads\/2022\/01\/zq-lee-DcyL0IoCY0A-unsplash.jpg\" \/>\n\t<meta property=\"og:image:width\" content=\"1920\" \/>\n\t<meta property=\"og:image:height\" content=\"1280\" \/>\n\t<meta property=\"og:image:type\" content=\"image\/jpeg\" \/>\n<meta name=\"twitter:card\" content=\"summary_large_image\" \/>\n<meta name=\"twitter:site\" content=\"@TourTravel_More\" \/>\n<meta name=\"twitter:label1\" content=\"Dur\u00e9e de lecture estim\u00e9e\" \/>\n\t<meta name=\"twitter:data1\" content=\"2 minutes\" \/>\n<script type=\"application\/ld+json\" class=\"yoast-schema-graph\">{\"@context\":\"https:\/\/schema.org\",\"@graph\":[{\"@type\":\"WebPage\",\"@id\":\"https:\/\/tourtravelandmore.com\/fr\/tours\/emirats-arabes-unis-fr\/dubai-fr\/visite-privee-de-dubai-la-nuit-avec-diner\/\",\"url\":\"https:\/\/tourtravelandmore.com\/fr\/tours\/emirats-arabes-unis-fr\/dubai-fr\/visite-privee-de-dubai-la-nuit-avec-diner\/\",\"name\":\"Visite priv\u00e9e de Duba\u00ef la nuit avec d\u00eener | TTM\",\"isPartOf\":{\"@id\":\"https:\/\/tourtravelandmore.com\/fr\/#website\"},\"primaryImageOfPage\":{\"@id\":\"https:\/\/tourtravelandmore.com\/fr\/tours\/emirats-arabes-unis-fr\/dubai-fr\/visite-privee-de-dubai-la-nuit-avec-diner\/#primaryimage\"},\"image\":{\"@id\":\"https:\/\/tourtravelandmore.com\/fr\/tours\/emirats-arabes-unis-fr\/dubai-fr\/visite-privee-de-dubai-la-nuit-avec-diner\/#primaryimage\"},\"thumbnailUrl\":\"https:\/\/tourtravelandmore.com\/wp-content\/uploads\/2022\/01\/zq-lee-DcyL0IoCY0A-unsplash.jpg\",\"datePublished\":\"2022-01-17T22:46:19+00:00\",\"dateModified\":\"2025-09-17T15:48:56+00:00\",\"description\":\"Visite priv\u00e9e de la ville de Duba\u00ef de nuit ; architecture moderne, luxe, paysages uniques, b\u00e2timents \u00e9crasants, \u00eeles artificielles \u00e9blouissantes, et bien plus encore. Visite priv\u00e9e.\",\"breadcrumb\":{\"@id\":\"https:\/\/tourtravelandmore.com\/fr\/tours\/emirats-arabes-unis-fr\/dubai-fr\/visite-privee-de-dubai-la-nuit-avec-diner\/#breadcrumb\"},\"inLanguage\":\"fr-FR\",\"potentialAction\":[{\"@type\":\"ReadAction\",\"target\":[\"https:\/\/tourtravelandmore.com\/fr\/tours\/emirats-arabes-unis-fr\/dubai-fr\/visite-privee-de-dubai-la-nuit-avec-diner\/\"]}]},{\"@type\":\"ImageObject\",\"inLanguage\":\"fr-FR\",\"@id\":\"https:\/\/tourtravelandmore.com\/fr\/tours\/emirats-arabes-unis-fr\/dubai-fr\/visite-privee-de-dubai-la-nuit-avec-diner\/#primaryimage\",\"url\":\"https:\/\/tourtravelandmore.com\/wp-content\/uploads\/2022\/01\/zq-lee-DcyL0IoCY0A-unsplash.jpg\",\"contentUrl\":\"https:\/\/tourtravelandmore.com\/wp-content\/uploads\/2022\/01\/zq-lee-DcyL0IoCY0A-unsplash.jpg\",\"width\":1920,\"height\":1280},{\"@type\":\"BreadcrumbList\",\"@id\":\"https:\/\/tourtravelandmore.com\/fr\/tours\/emirats-arabes-unis-fr\/dubai-fr\/visite-privee-de-dubai-la-nuit-avec-diner\/#breadcrumb\",\"itemListElement\":[{\"@type\":\"ListItem\",\"position\":1,\"name\":\"Home\",\"item\":\"https:\/\/tourtravelandmore.com\/fr\/\"},{\"@type\":\"ListItem\",\"position\":2,\"name\":\"Tours\",\"item\":\"https:\/\/tourtravelandmore.com\/fr\/tours\/\"},{\"@type\":\"ListItem\",\"position\":3,\"name\":\"Visite priv\u00e9e de Duba\u00ef la nuit avec d\u00eener\"}]},{\"@type\":\"WebSite\",\"@id\":\"https:\/\/tourtravelandmore.com\/fr\/#website\",\"url\":\"https:\/\/tourtravelandmore.com\/fr\/\",\"name\":\"Tour Travel And More\",\"description\":\"Private sightseeing tours and luxury transfers in Spain\",\"publisher\":{\"@id\":\"https:\/\/tourtravelandmore.com\/fr\/#organization\"},\"potentialAction\":[{\"@type\":\"SearchAction\",\"target\":{\"@type\":\"EntryPoint\",\"urlTemplate\":\"https:\/\/tourtravelandmore.com\/fr\/?s={search_term_string}\"},\"query-input\":{\"@type\":\"PropertyValueSpecification\",\"valueRequired\":true,\"valueName\":\"search_term_string\"}}],\"inLanguage\":\"fr-FR\"},{\"@type\":\"Organization\",\"@id\":\"https:\/\/tourtravelandmore.com\/fr\/#organization\",\"name\":\"Tour Travel And More\",\"url\":\"https:\/\/tourtravelandmore.com\/fr\/\",\"logo\":{\"@type\":\"ImageObject\",\"inLanguage\":\"fr-FR\",\"@id\":\"https:\/\/tourtravelandmore.com\/fr\/#\/schema\/logo\/image\/\",\"url\":\"https:\/\/tourtravelandmore.com\/wp-content\/uploads\/2022\/12\/cropped-logo-cabecera-new.png\",\"contentUrl\":\"https:\/\/tourtravelandmore.com\/wp-content\/uploads\/2022\/12\/cropped-logo-cabecera-new.png\",\"width\":430,\"height\":61,\"caption\":\"Tour Travel And More\"},\"image\":{\"@id\":\"https:\/\/tourtravelandmore.com\/fr\/#\/schema\/logo\/image\/\"},\"sameAs\":[\"https:\/\/www.facebook.com\/tourtravelandmore\/\",\"https:\/\/x.com\/TourTravel_More\"]}]}<\/script>\n<!-- \/ Yoast SEO Premium plugin. -->","yoast_head_json":{"title":"Visite priv\u00e9e de Duba\u00ef la nuit avec d\u00eener | TTM","description":"Visite priv\u00e9e de la ville de Duba\u00ef de nuit ; architecture moderne, luxe, paysages uniques, b\u00e2timents \u00e9crasants, \u00eeles artificielles \u00e9blouissantes, et bien plus encore. Visite priv\u00e9e.","robots":{"index":"index","follow":"follow","max-snippet":"max-snippet:-1","max-image-preview":"max-image-preview:large","max-video-preview":"max-video-preview:-1"},"canonical":"https:\/\/tourtravelandmore.com\/fr\/tours\/emirats-arabes-unis-fr\/dubai-fr\/visite-privee-de-dubai-la-nuit-avec-diner\/","og_locale":"fr_FR","og_type":"article","og_title":"Visite priv\u00e9e de Duba\u00ef la nuit avec d\u00eener","og_description":"Visite priv\u00e9e de la ville de Duba\u00ef de nuit ; architecture moderne, luxe, paysages uniques, b\u00e2timents \u00e9crasants, \u00eeles artificielles \u00e9blouissantes, et bien plus encore. Visite priv\u00e9e.","og_url":"https:\/\/tourtravelandmore.com\/fr\/tours\/emirats-arabes-unis-fr\/dubai-fr\/visite-privee-de-dubai-la-nuit-avec-diner\/","og_site_name":"Tour Travel And More","article_publisher":"https:\/\/www.facebook.com\/tourtravelandmore\/","article_modified_time":"2025-09-17T15:48:56+00:00","og_image":[{"width":1920,"height":1280,"url":"https:\/\/tourtravelandmore.com\/wp-content\/uploads\/2022\/01\/zq-lee-DcyL0IoCY0A-unsplash.jpg","type":"image\/jpeg"}],"twitter_card":"summary_large_image","twitter_site":"@TourTravel_More","twitter_misc":{"Dur\u00e9e de lecture estim\u00e9e":"2 minutes"},"schema":{"@context":"https:\/\/schema.org","@graph":[{"@type":"WebPage","@id":"https:\/\/tourtravelandmore.com\/fr\/tours\/emirats-arabes-unis-fr\/dubai-fr\/visite-privee-de-dubai-la-nuit-avec-diner\/","url":"https:\/\/tourtravelandmore.com\/fr\/tours\/emirats-arabes-unis-fr\/dubai-fr\/visite-privee-de-dubai-la-nuit-avec-diner\/","name":"Visite priv\u00e9e de Duba\u00ef la nuit avec d\u00eener | TTM","isPartOf":{"@id":"https:\/\/tourtravelandmore.com\/fr\/#website"},"primaryImageOfPage":{"@id":"https:\/\/tourtravelandmore.com\/fr\/tours\/emirats-arabes-unis-fr\/dubai-fr\/visite-privee-de-dubai-la-nuit-avec-diner\/#primaryimage"},"image":{"@id":"https:\/\/tourtravelandmore.com\/fr\/tours\/emirats-arabes-unis-fr\/dubai-fr\/visite-privee-de-dubai-la-nuit-avec-diner\/#primaryimage"},"thumbnailUrl":"https:\/\/tourtravelandmore.com\/wp-content\/uploads\/2022\/01\/zq-lee-DcyL0IoCY0A-unsplash.jpg","datePublished":"2022-01-17T22:46:19+00:00","dateModified":"2025-09-17T15:48:56+00:00","description":"Visite priv\u00e9e de la ville de Duba\u00ef de nuit ; architecture moderne, luxe, paysages uniques, b\u00e2timents \u00e9crasants, \u00eeles artificielles \u00e9blouissantes, et bien plus encore. Visite priv\u00e9e.","breadcrumb":{"@id":"https:\/\/tourtravelandmore.com\/fr\/tours\/emirats-arabes-unis-fr\/dubai-fr\/visite-privee-de-dubai-la-nuit-avec-diner\/#breadcrumb"},"inLanguage":"fr-FR","potentialAction":[{"@type":"ReadAction","target":["https:\/\/tourtravelandmore.com\/fr\/tours\/emirats-arabes-unis-fr\/dubai-fr\/visite-privee-de-dubai-la-nuit-avec-diner\/"]}]},{"@type":"ImageObject","inLanguage":"fr-FR","@id":"https:\/\/tourtravelandmore.com\/fr\/tours\/emirats-arabes-unis-fr\/dubai-fr\/visite-privee-de-dubai-la-nuit-avec-diner\/#primaryimage","url":"https:\/\/tourtravelandmore.com\/wp-content\/uploads\/2022\/01\/zq-lee-DcyL0IoCY0A-unsplash.jpg","contentUrl":"https:\/\/tourtravelandmore.com\/wp-content\/uploads\/2022\/01\/zq-lee-DcyL0IoCY0A-unsplash.jpg","width":1920,"height":1280},{"@type":"BreadcrumbList","@id":"https:\/\/tourtravelandmore.com\/fr\/tours\/emirats-arabes-unis-fr\/dubai-fr\/visite-privee-de-dubai-la-nuit-avec-diner\/#breadcrumb","itemListElement":[{"@type":"ListItem","position":1,"name":"Home","item":"https:\/\/tourtravelandmore.com\/fr\/"},{"@type":"ListItem","position":2,"name":"Tours","item":"https:\/\/tourtravelandmore.com\/fr\/tours\/"},{"@type":"ListItem","position":3,"name":"Visite priv\u00e9e de Duba\u00ef la nuit avec d\u00eener"}]},{"@type":"WebSite","@id":"https:\/\/tourtravelandmore.com\/fr\/#website","url":"https:\/\/tourtravelandmore.com\/fr\/","name":"Tour Travel And More","description":"Private sightseeing tours and luxury transfers in Spain","publisher":{"@id":"https:\/\/tourtravelandmore.com\/fr\/#organization"},"potentialAction":[{"@type":"SearchAction","target":{"@type":"EntryPoint","urlTemplate":"https:\/\/tourtravelandmore.com\/fr\/?s={search_term_string}"},"query-input":{"@type":"PropertyValueSpecification","valueRequired":true,"valueName":"search_term_string"}}],"inLanguage":"fr-FR"},{"@type":"Organization","@id":"https:\/\/tourtravelandmore.com\/fr\/#organization","name":"Tour Travel And More","url":"https:\/\/tourtravelandmore.com\/fr\/","logo":{"@type":"ImageObject","inLanguage":"fr-FR","@id":"https:\/\/tourtravelandmore.com\/fr\/#\/schema\/logo\/image\/","url":"https:\/\/tourtravelandmore.com\/wp-content\/uploads\/2022\/12\/cropped-logo-cabecera-new.png","contentUrl":"https:\/\/tourtravelandmore.com\/wp-content\/uploads\/2022\/12\/cropped-logo-cabecera-new.png","width":430,"height":61,"caption":"Tour Travel And More"},"image":{"@id":"https:\/\/tourtravelandmore.com\/fr\/#\/schema\/logo\/image\/"},"sameAs":["https:\/\/www.facebook.com\/tourtravelandmore\/","https:\/\/x.com\/TourTravel_More"]}]}},"_links":{"self":[{"href":"https:\/\/tourtravelandmore.com\/fr\/wp-json\/wp\/v2\/product\/117600","targetHints":{"allow":["GET"]}}],"collection":[{"href":"https:\/\/tourtravelandmore.com\/fr\/wp-json\/wp\/v2\/product"}],"about":[{"href":"https:\/\/tourtravelandmore.com\/fr\/wp-json\/wp\/v2\/types\/product"}],"replies":[{"embeddable":true,"href":"https:\/\/tourtravelandmore.com\/fr\/wp-json\/wp\/v2\/comments?post=117600"}],"wp:featuredmedia":[{"embeddable":true,"href":"https:\/\/tourtravelandmore.com\/fr\/wp-json\/wp\/v2\/media\/117129"}],"wp:attachment":[{"href":"https:\/\/tourtravelandmore.com\/fr\/wp-json\/wp\/v2\/media?parent=117600"}],"wp:term":[{"taxonomy":"product_brand","embeddable":true,"href":"https:\/\/tourtravelandmore.com\/fr\/wp-json\/wp\/v2\/product_brand?post=117600"},{"taxonomy":"product_cat","embeddable":true,"href":"https:\/\/tourtravelandmore.com\/fr\/wp-json\/wp\/v2\/product_cat?post=117600"},{"taxonomy":"product_tag","embeddable":true,"href":"https:\/\/tourtravelandmore.com\/fr\/wp-json\/wp\/v2\/product_tag?post=117600"}],"curies":[{"name":"wp","href":"https:\/\/api.w.org\/{rel}","templated":true}]}}