{"id":117592,"date":"2021-12-31T13:28:49","date_gmt":"2022-01-17T20:49:57","guid":{"rendered":"https:\/\/tourtravelandmore.com\/?post_type=product&#038;p=117592"},"modified":"2022-01-26T13:52:10","modified_gmt":"2022-01-26T12:52:10","slug":"safari-dans-le-desert-l-apres-midi-et-diner-en-camp-depuis-dubai","status":"publish","type":"product","link":"https:\/\/tourtravelandmore.com\/fr\/tours\/emirats-arabes-unis-fr\/dubai-fr\/safari-dans-le-desert-l-apres-midi-et-diner-en-camp-depuis-dubai\/","title":{"rendered":"Safari dans le d\u00e9sert l&#8217;apr\u00e8s-midi et d\u00eener en camp depuis Duba\u00ef"},"content":{"rendered":"<h2><b>Safari dans le d\u00e9sert l&#8217;apr\u00e8s-midi et d\u00eener en camp depuis Duba\u00ef<\/b><\/h2>\n<p><span style=\"font-weight: 400;\">Vivez cette aventure dans le d\u00e9sert pleine d&#8217;adr\u00e9naline avec un d\u00e9licieux d\u00eener et des spectacles.<\/span><\/p>\n<p><span style=\"font-weight: 400;\">Votre safari nocturne dans le d\u00e9sert commence dans l&#8217;apr\u00e8s-midi, lorsque votre <\/span><b>guide\/chauffeur priv\u00e9<\/b><span style=\"font-weight: 400;\"> vient vous chercher \u00e0 votre h\u00f4tel ou au lieu de votre choix \u00e0 Duba\u00ef dans une <\/span><b>voiture 4&#215;4 priv\u00e9e<\/b><span style=\"font-weight: 400;\">. Vous partirez ensuite \u00e0 la d\u00e9couverte des <\/span><b>paysages \u00e0 couper le souffle du d\u00e9sert d&#8217;Arabie<\/b><span style=\"font-weight: 400;\">.<\/span><\/p>\n<p><span style=\"font-weight: 400;\">Vous arriverez dans le d\u00e9sert de dunes une heure apr\u00e8s le d\u00e9part, puis vous d\u00e9couvrirez <\/span><b>un d\u00e9sert plein de surprises<\/b><span style=\"font-weight: 400;\"> comme le sand bashing, le sandboarding, les plantes et les animaux indig\u00e8nes, notamment les chameaux.<\/span><\/p>\n<p><span style=\"font-weight: 400;\">Apr\u00e8s avoir d\u00e9couvert ce paysage unique, vous arriverez au <\/span><b>camp du d\u00e9sert<\/b><span style=\"font-weight: 400;\">, o\u00f9 vous profiterez <\/span><b>des spectacles hypnotiques et d&#8217;un d\u00e9licieux d\u00eener<\/b><span style=\"font-weight: 400;\"> avec d&#8217;autres invit\u00e9s. \u00c0 la fin de votre excursion, votre chauffeur vous ram\u00e8nera \u00e0 votre point d&#8217;origine \u00e0 Duba\u00ef dans votre voiture priv\u00e9e avec le souvenir inoubliable d&#8217;un apr\u00e8s-midi bien pass\u00e9 sous le ciel sauvage du d\u00e9sert.<\/span><\/p>\n<h2><b>Points d&#8217;int\u00e9r\u00eat<\/b><\/h2>\n<p><strong><span style=\"color: #d3af37;\">Sand bashing<\/span><\/strong><\/p>\n<p><span style=\"font-weight: 400;\">\u00c0 votre arriv\u00e9e, vous aurez quelques minutes pour vous d\u00e9tendre dans le cadre unique du d\u00e9sert pendant que votre chauffeur pr\u00e9pare la voiture pour l&#8217;action. Ensuite, asseyez-vous, attachez vos ceintures et pr\u00e9parez-vous \u00e0 la mont\u00e9e d&#8217;adr\u00e9naline des dunes. Les mont\u00e9es et descentes de pentes quasi verticales et les virages en \u00e9pingle \u00e0 cheveux dans d&#8217;immenses dunes de sable mou vous feront croire que vous \u00eates sur des montagnes russes. C&#8217;est un sentiment qui vous accompagnera pendant longtemps. Vous pouvez \u00e9galement essayer le sport d\u00e9sormais populaire du <\/span><b>sandboarding<\/b><span style=\"font-weight: 400;\">.<\/span><\/p>\n<p><strong><span style=\"color: #d3af37;\">Nature d\u00e9sertique<\/span><\/strong><\/p>\n<p><span style=\"font-weight: 400;\">Le chauffeur vous proposera plusieurs options pour un <\/span><b>arr\u00eat photo<\/b><span style=\"font-weight: 400;\"> et pour d\u00e9couvrir le d\u00e9sert de pr\u00e8s. Vous apprendrez \u00e0 conna\u00eetre la v\u00e9g\u00e9tation du d\u00e9sert et sa <\/span><b>faune sauvage,<\/b><span style=\"font-weight: 400;\"> comme les serpents, les ratons laveurs, les scorpions et les l\u00e9zards. Le d\u00e9sert abrite des chameaux et vous aurez peut-\u00eatre l&#8217;occasion de voir des chameaux ou des camps de chameaux pendant le safari.<\/span><\/p>\n<p><strong><span style=\"color: #d3af37;\">Camp du d\u00e9sert<\/span><\/strong><\/p>\n<p><span style=\"font-weight: 400;\">Plus tard, nous vous emm\u00e8nerons au camp. Il est install\u00e9 dans le d\u00e9sert, non loin des routes, mais <\/span><b>se sent comme une oasis<\/b><span style=\"font-weight: 400;\">, et vous accueillera avec du th\u00e9 ou du caf\u00e9 chaud et des dattes. Vous apprendrez les coutumes d&#8217;un authentique camp du d\u00e9sert. Il y a \u00e9galement <\/span><b>un bar<\/b><span style=\"font-weight: 400;\"> pour des rafra\u00eechissements, et la possibilit\u00e9 d&#8217;utiliser un <\/span><b>shisha (pipe \u00e0 eau)<\/b><span style=\"font-weight: 400;\"> ou de se faire tatouer au <\/span><b>henn\u00e9<\/b><span style=\"font-weight: 400;\"> par les talentueuses femmes du d\u00e9sert.<\/span><\/p>\n<p><strong><span style=\"color: #d3af37;\">Promenade en chameau<\/span><\/strong><\/p>\n<p><span style=\"font-weight: 400;\">Votre safari dans le d\u00e9sert sera incomplet sans une rencontre rapproch\u00e9e avec l&#8217;animal qui est <\/span><b>l&#8217;ic\u00f4ne du d\u00e9sert<\/b><span style=\"font-weight: 400;\">. Vous vivrez une exp\u00e9rience unique en rencontrant les chameaux de pr\u00e8s et aurez l&#8217;occasion de monter sur un chameau pendant un court moment.<\/span><\/p>\n<p><strong><span style=\"color: #d3af37;\">Spectacle de nuit<\/span><\/strong><\/p>\n<p><span style=\"font-weight: 400;\">La <\/span><b>tanoura<\/b><span style=\"font-weight: 400;\"> est une danse traditionnelle pleine de talent et de costumes multicolores qui offre aux visiteurs un spectacle visuel. Vous serez \u00e9tonn\u00e9 de voir le danseur se balancer et tournoyer, et se d\u00e9placer en cercles rapides, dans des costumes flashy qui ressemblent \u00e0 un flou de couleurs. Ensuite, la <\/span><b>danse du feu<\/b><span style=\"font-weight: 400;\"> commence, qui vous laissera bouche b\u00e9e devant la ma\u00eetrise du feu par le danseur. La <\/span><b>danse du ventre<\/b><span style=\"font-weight: 400;\"> suit et devient la cerise sur le g\u00e2teau.<\/span><\/p>\n<p><strong><span style=\"color: #d3af37;\">Alimentation<\/span><\/strong><\/p>\n<p><span style=\"font-weight: 400;\">Vous et le reste des invit\u00e9s du camp pourrez go\u00fbter non seulement \u00e0 la <\/span><b>culture arabe locale<\/b><span style=\"font-weight: 400;\">, mais trouverez \u00e9galement une <\/span><b>tournure internationale<\/b><span style=\"font-weight: 400;\"> dans le m\u00e9lange, comme <\/span><b>hummus, kebabs,<\/b><span style=\"font-weight: 400;\"> et <\/span><b>poulet tikka<\/b><span style=\"font-weight: 400;\">. Le <\/span><b>barbecue<\/b><span style=\"font-weight: 400;\"> proposera du poulet, du b\u0153uf et de l&#8217;agneau comme viandes, ainsi que du poisson, du riz et du pain avec diff\u00e9rents <\/span><b>curry<\/b><span style=\"font-weight: 400;\"> et une bonne vari\u00e9t\u00e9 de <\/span><b>salades<\/b><span style=\"font-weight: 400;\"> pour ceux qui pr\u00e9f\u00e8rent une option v\u00e9g\u00e9tarienne.<\/span><\/p>\n<p><span style=\"font-weight: 400;\">Si notre <\/span><b>Afternoon Desert Safari and Dinner Camp from Dubai<\/b><span style=\"font-weight: 400;\"> vous donne envie d&#8217;en savoir plus sur ce lieu unique, <\/span><a href=\"https:\/\/tourtravelandmore.com\/fr\/city\/emirats-arabes-unis-fr\/dubai-fr\/#shop\/\"><b>ne manquez pas nos autres visites priv\u00e9es de Duba\u00ef<\/b><span style=\"font-weight: 400;\">.<\/span><\/a><\/p>\n","protected":false},"excerpt":{"rendered":"<p>Un <strong>voyage plein d&#8217;adr\u00e9naline dans le d\u00e9sert de Duba\u00ef avec un d\u00e9licieux d\u00eener et des spectacles de divertissement.<\/strong> Votre chauffeur priv\u00e9 vient vous chercher \u00e0 Duba\u00ef dans un <strong>v\u00e9hicule 4&#215;4 priv\u00e9<\/strong>. Vous d\u00e9couvrirez ensuite les <strong>paysages \u00e0 couper le souffle<\/strong> du d\u00e9sert d&#8217;Arabie et qu&#8217;il regorge de surprises telles que le dune bashing, le sandboarding, les plantes et les animaux indig\u00e8nes dont les <strong>camels<\/strong>. Au camp du d\u00e9sert, vous profiterez de <strong>spectacles envo\u00fbtants<\/strong> et d&#8217;un <strong>d\u00eener d\u00e9licieux<\/strong> avec les autres invit\u00e9s. Prenez contact avec nous pour une proposition personnalis\u00e9e.<\/p>\n","protected":false},"featured_media":116970,"comment_status":"open","ping_status":"closed","template":"","meta":{"_acf_changed":false},"product_brand":[],"product_cat":[3733,3803,3547],"product_tag":[],"class_list":{"0":"post-117592","1":"product","2":"type-product","3":"status-publish","4":"has-post-thumbnail","6":"product_cat-emirats-arabes-unis-fr","7":"product_cat-dubai-fr","8":"product_cat-etats-unis-fr","10":"first","11":"instock","12":"shipping-taxable","13":"purchasable","14":"product-type-simple"},"acf":[],"yoast_head":"<!-- This site is optimized with the Yoast SEO Premium plugin v25.3.1 (Yoast SEO v25.3.1) - https:\/\/yoast.com\/wordpress\/plugins\/seo\/ -->\n<title>Safari dans le d\u00e9sert l&#039;apr\u00e8s-midi et d\u00eener en camp depuis Duba\u00ef @ TTM<\/title>\n<meta name=\"description\" content=\"Un voyage plein d&#039;adr\u00e9naline dans le d\u00e9sert de Duba\u00ef avec un d\u00e9licieux d\u00eener, des paysages \u00e0 couper le souffle, des chameaux et des spectacles de divertissement.\" \/>\n<meta name=\"robots\" content=\"index, follow, max-snippet:-1, max-image-preview:large, max-video-preview:-1\" \/>\n<link rel=\"canonical\" href=\"https:\/\/tourtravelandmore.com\/fr\/tours\/emirats-arabes-unis-fr\/dubai-fr\/safari-dans-le-desert-l-apres-midi-et-diner-en-camp-depuis-dubai\/\" \/>\n<meta property=\"og:locale\" content=\"fr_FR\" \/>\n<meta property=\"og:type\" content=\"article\" \/>\n<meta property=\"og:title\" content=\"Safari dans le d\u00e9sert l&#039;apr\u00e8s-midi et d\u00eener en camp depuis Duba\u00ef\" \/>\n<meta property=\"og:description\" content=\"Un voyage plein d&#039;adr\u00e9naline dans le d\u00e9sert de Duba\u00ef avec un d\u00e9licieux d\u00eener, des paysages \u00e0 couper le souffle, des chameaux et des spectacles de divertissement.\" \/>\n<meta property=\"og:url\" content=\"https:\/\/tourtravelandmore.com\/fr\/tours\/emirats-arabes-unis-fr\/dubai-fr\/safari-dans-le-desert-l-apres-midi-et-diner-en-camp-depuis-dubai\/\" \/>\n<meta property=\"og:site_name\" content=\"Tour Travel And More\" \/>\n<meta property=\"article:publisher\" content=\"https:\/\/www.facebook.com\/tourtravelandmore\/\" \/>\n<meta property=\"article:modified_time\" content=\"2022-01-26T12:52:10+00:00\" \/>\n<meta property=\"og:image\" content=\"https:\/\/tourtravelandmore.com\/wp-content\/uploads\/2021\/12\/WhatsApp-Image-2021-12-23-at-13.42.53.jpeg\" \/>\n\t<meta property=\"og:image:width\" content=\"1280\" \/>\n\t<meta property=\"og:image:height\" content=\"853\" \/>\n\t<meta property=\"og:image:type\" content=\"image\/jpeg\" \/>\n<meta name=\"twitter:card\" content=\"summary_large_image\" \/>\n<meta name=\"twitter:site\" content=\"@TourTravel_More\" \/>\n<meta name=\"twitter:label1\" content=\"Dur\u00e9e de lecture estim\u00e9e\" \/>\n\t<meta name=\"twitter:data1\" content=\"3 minutes\" \/>\n<script type=\"application\/ld+json\" class=\"yoast-schema-graph\">{\"@context\":\"https:\/\/schema.org\",\"@graph\":[{\"@type\":\"WebPage\",\"@id\":\"https:\/\/tourtravelandmore.com\/fr\/tours\/emirats-arabes-unis-fr\/dubai-fr\/safari-dans-le-desert-l-apres-midi-et-diner-en-camp-depuis-dubai\/\",\"url\":\"https:\/\/tourtravelandmore.com\/fr\/tours\/emirats-arabes-unis-fr\/dubai-fr\/safari-dans-le-desert-l-apres-midi-et-diner-en-camp-depuis-dubai\/\",\"name\":\"Safari dans le d\u00e9sert l'apr\u00e8s-midi et d\u00eener en camp depuis Duba\u00ef @ TTM\",\"isPartOf\":{\"@id\":\"https:\/\/tourtravelandmore.com\/fr\/#website\"},\"primaryImageOfPage\":{\"@id\":\"https:\/\/tourtravelandmore.com\/fr\/tours\/emirats-arabes-unis-fr\/dubai-fr\/safari-dans-le-desert-l-apres-midi-et-diner-en-camp-depuis-dubai\/#primaryimage\"},\"image\":{\"@id\":\"https:\/\/tourtravelandmore.com\/fr\/tours\/emirats-arabes-unis-fr\/dubai-fr\/safari-dans-le-desert-l-apres-midi-et-diner-en-camp-depuis-dubai\/#primaryimage\"},\"thumbnailUrl\":\"https:\/\/tourtravelandmore.com\/wp-content\/uploads\/2021\/12\/WhatsApp-Image-2021-12-23-at-13.42.53.jpeg\",\"datePublished\":\"2022-01-17T20:49:57+00:00\",\"dateModified\":\"2022-01-26T12:52:10+00:00\",\"description\":\"Un voyage plein d'adr\u00e9naline dans le d\u00e9sert de Duba\u00ef avec un d\u00e9licieux d\u00eener, des paysages \u00e0 couper le souffle, des chameaux et des spectacles de divertissement.\",\"breadcrumb\":{\"@id\":\"https:\/\/tourtravelandmore.com\/fr\/tours\/emirats-arabes-unis-fr\/dubai-fr\/safari-dans-le-desert-l-apres-midi-et-diner-en-camp-depuis-dubai\/#breadcrumb\"},\"inLanguage\":\"fr-FR\",\"potentialAction\":[{\"@type\":\"ReadAction\",\"target\":[\"https:\/\/tourtravelandmore.com\/fr\/tours\/emirats-arabes-unis-fr\/dubai-fr\/safari-dans-le-desert-l-apres-midi-et-diner-en-camp-depuis-dubai\/\"]}]},{\"@type\":\"ImageObject\",\"inLanguage\":\"fr-FR\",\"@id\":\"https:\/\/tourtravelandmore.com\/fr\/tours\/emirats-arabes-unis-fr\/dubai-fr\/safari-dans-le-desert-l-apres-midi-et-diner-en-camp-depuis-dubai\/#primaryimage\",\"url\":\"https:\/\/tourtravelandmore.com\/wp-content\/uploads\/2021\/12\/WhatsApp-Image-2021-12-23-at-13.42.53.jpeg\",\"contentUrl\":\"https:\/\/tourtravelandmore.com\/wp-content\/uploads\/2021\/12\/WhatsApp-Image-2021-12-23-at-13.42.53.jpeg\",\"width\":1280,\"height\":853},{\"@type\":\"BreadcrumbList\",\"@id\":\"https:\/\/tourtravelandmore.com\/fr\/tours\/emirats-arabes-unis-fr\/dubai-fr\/safari-dans-le-desert-l-apres-midi-et-diner-en-camp-depuis-dubai\/#breadcrumb\",\"itemListElement\":[{\"@type\":\"ListItem\",\"position\":1,\"name\":\"Home\",\"item\":\"https:\/\/tourtravelandmore.com\/fr\/\"},{\"@type\":\"ListItem\",\"position\":2,\"name\":\"Tours\",\"item\":\"https:\/\/tourtravelandmore.com\/fr\/tours\/\"},{\"@type\":\"ListItem\",\"position\":3,\"name\":\"Safari dans le d\u00e9sert l&rsquo;apr\u00e8s-midi et d\u00eener en camp depuis Duba\u00ef\"}]},{\"@type\":\"WebSite\",\"@id\":\"https:\/\/tourtravelandmore.com\/fr\/#website\",\"url\":\"https:\/\/tourtravelandmore.com\/fr\/\",\"name\":\"Tour Travel And More\",\"description\":\"Private sightseeing tours and luxury transfers in Spain\",\"publisher\":{\"@id\":\"https:\/\/tourtravelandmore.com\/fr\/#organization\"},\"potentialAction\":[{\"@type\":\"SearchAction\",\"target\":{\"@type\":\"EntryPoint\",\"urlTemplate\":\"https:\/\/tourtravelandmore.com\/fr\/?s={search_term_string}\"},\"query-input\":{\"@type\":\"PropertyValueSpecification\",\"valueRequired\":true,\"valueName\":\"search_term_string\"}}],\"inLanguage\":\"fr-FR\"},{\"@type\":\"Organization\",\"@id\":\"https:\/\/tourtravelandmore.com\/fr\/#organization\",\"name\":\"Tour Travel And More\",\"url\":\"https:\/\/tourtravelandmore.com\/fr\/\",\"logo\":{\"@type\":\"ImageObject\",\"inLanguage\":\"fr-FR\",\"@id\":\"https:\/\/tourtravelandmore.com\/fr\/#\/schema\/logo\/image\/\",\"url\":\"https:\/\/tourtravelandmore.com\/wp-content\/uploads\/2022\/12\/cropped-logo-cabecera-new.png\",\"contentUrl\":\"https:\/\/tourtravelandmore.com\/wp-content\/uploads\/2022\/12\/cropped-logo-cabecera-new.png\",\"width\":430,\"height\":61,\"caption\":\"Tour Travel And More\"},\"image\":{\"@id\":\"https:\/\/tourtravelandmore.com\/fr\/#\/schema\/logo\/image\/\"},\"sameAs\":[\"https:\/\/www.facebook.com\/tourtravelandmore\/\",\"https:\/\/x.com\/TourTravel_More\"]}]}<\/script>\n<!-- \/ Yoast SEO Premium plugin. -->","yoast_head_json":{"title":"Safari dans le d\u00e9sert l'apr\u00e8s-midi et d\u00eener en camp depuis Duba\u00ef @ TTM","description":"Un voyage plein d'adr\u00e9naline dans le d\u00e9sert de Duba\u00ef avec un d\u00e9licieux d\u00eener, des paysages \u00e0 couper le souffle, des chameaux et des spectacles de divertissement.","robots":{"index":"index","follow":"follow","max-snippet":"max-snippet:-1","max-image-preview":"max-image-preview:large","max-video-preview":"max-video-preview:-1"},"canonical":"https:\/\/tourtravelandmore.com\/fr\/tours\/emirats-arabes-unis-fr\/dubai-fr\/safari-dans-le-desert-l-apres-midi-et-diner-en-camp-depuis-dubai\/","og_locale":"fr_FR","og_type":"article","og_title":"Safari dans le d\u00e9sert l'apr\u00e8s-midi et d\u00eener en camp depuis Duba\u00ef","og_description":"Un voyage plein d'adr\u00e9naline dans le d\u00e9sert de Duba\u00ef avec un d\u00e9licieux d\u00eener, des paysages \u00e0 couper le souffle, des chameaux et des spectacles de divertissement.","og_url":"https:\/\/tourtravelandmore.com\/fr\/tours\/emirats-arabes-unis-fr\/dubai-fr\/safari-dans-le-desert-l-apres-midi-et-diner-en-camp-depuis-dubai\/","og_site_name":"Tour Travel And More","article_publisher":"https:\/\/www.facebook.com\/tourtravelandmore\/","article_modified_time":"2022-01-26T12:52:10+00:00","og_image":[{"width":1280,"height":853,"url":"https:\/\/tourtravelandmore.com\/wp-content\/uploads\/2021\/12\/WhatsApp-Image-2021-12-23-at-13.42.53.jpeg","type":"image\/jpeg"}],"twitter_card":"summary_large_image","twitter_site":"@TourTravel_More","twitter_misc":{"Dur\u00e9e de lecture estim\u00e9e":"3 minutes"},"schema":{"@context":"https:\/\/schema.org","@graph":[{"@type":"WebPage","@id":"https:\/\/tourtravelandmore.com\/fr\/tours\/emirats-arabes-unis-fr\/dubai-fr\/safari-dans-le-desert-l-apres-midi-et-diner-en-camp-depuis-dubai\/","url":"https:\/\/tourtravelandmore.com\/fr\/tours\/emirats-arabes-unis-fr\/dubai-fr\/safari-dans-le-desert-l-apres-midi-et-diner-en-camp-depuis-dubai\/","name":"Safari dans le d\u00e9sert l'apr\u00e8s-midi et d\u00eener en camp depuis Duba\u00ef @ TTM","isPartOf":{"@id":"https:\/\/tourtravelandmore.com\/fr\/#website"},"primaryImageOfPage":{"@id":"https:\/\/tourtravelandmore.com\/fr\/tours\/emirats-arabes-unis-fr\/dubai-fr\/safari-dans-le-desert-l-apres-midi-et-diner-en-camp-depuis-dubai\/#primaryimage"},"image":{"@id":"https:\/\/tourtravelandmore.com\/fr\/tours\/emirats-arabes-unis-fr\/dubai-fr\/safari-dans-le-desert-l-apres-midi-et-diner-en-camp-depuis-dubai\/#primaryimage"},"thumbnailUrl":"https:\/\/tourtravelandmore.com\/wp-content\/uploads\/2021\/12\/WhatsApp-Image-2021-12-23-at-13.42.53.jpeg","datePublished":"2022-01-17T20:49:57+00:00","dateModified":"2022-01-26T12:52:10+00:00","description":"Un voyage plein d'adr\u00e9naline dans le d\u00e9sert de Duba\u00ef avec un d\u00e9licieux d\u00eener, des paysages \u00e0 couper le souffle, des chameaux et des spectacles de divertissement.","breadcrumb":{"@id":"https:\/\/tourtravelandmore.com\/fr\/tours\/emirats-arabes-unis-fr\/dubai-fr\/safari-dans-le-desert-l-apres-midi-et-diner-en-camp-depuis-dubai\/#breadcrumb"},"inLanguage":"fr-FR","potentialAction":[{"@type":"ReadAction","target":["https:\/\/tourtravelandmore.com\/fr\/tours\/emirats-arabes-unis-fr\/dubai-fr\/safari-dans-le-desert-l-apres-midi-et-diner-en-camp-depuis-dubai\/"]}]},{"@type":"ImageObject","inLanguage":"fr-FR","@id":"https:\/\/tourtravelandmore.com\/fr\/tours\/emirats-arabes-unis-fr\/dubai-fr\/safari-dans-le-desert-l-apres-midi-et-diner-en-camp-depuis-dubai\/#primaryimage","url":"https:\/\/tourtravelandmore.com\/wp-content\/uploads\/2021\/12\/WhatsApp-Image-2021-12-23-at-13.42.53.jpeg","contentUrl":"https:\/\/tourtravelandmore.com\/wp-content\/uploads\/2021\/12\/WhatsApp-Image-2021-12-23-at-13.42.53.jpeg","width":1280,"height":853},{"@type":"BreadcrumbList","@id":"https:\/\/tourtravelandmore.com\/fr\/tours\/emirats-arabes-unis-fr\/dubai-fr\/safari-dans-le-desert-l-apres-midi-et-diner-en-camp-depuis-dubai\/#breadcrumb","itemListElement":[{"@type":"ListItem","position":1,"name":"Home","item":"https:\/\/tourtravelandmore.com\/fr\/"},{"@type":"ListItem","position":2,"name":"Tours","item":"https:\/\/tourtravelandmore.com\/fr\/tours\/"},{"@type":"ListItem","position":3,"name":"Safari dans le d\u00e9sert l&rsquo;apr\u00e8s-midi et d\u00eener en camp depuis Duba\u00ef"}]},{"@type":"WebSite","@id":"https:\/\/tourtravelandmore.com\/fr\/#website","url":"https:\/\/tourtravelandmore.com\/fr\/","name":"Tour Travel And More","description":"Private sightseeing tours and luxury transfers in Spain","publisher":{"@id":"https:\/\/tourtravelandmore.com\/fr\/#organization"},"potentialAction":[{"@type":"SearchAction","target":{"@type":"EntryPoint","urlTemplate":"https:\/\/tourtravelandmore.com\/fr\/?s={search_term_string}"},"query-input":{"@type":"PropertyValueSpecification","valueRequired":true,"valueName":"search_term_string"}}],"inLanguage":"fr-FR"},{"@type":"Organization","@id":"https:\/\/tourtravelandmore.com\/fr\/#organization","name":"Tour Travel And More","url":"https:\/\/tourtravelandmore.com\/fr\/","logo":{"@type":"ImageObject","inLanguage":"fr-FR","@id":"https:\/\/tourtravelandmore.com\/fr\/#\/schema\/logo\/image\/","url":"https:\/\/tourtravelandmore.com\/wp-content\/uploads\/2022\/12\/cropped-logo-cabecera-new.png","contentUrl":"https:\/\/tourtravelandmore.com\/wp-content\/uploads\/2022\/12\/cropped-logo-cabecera-new.png","width":430,"height":61,"caption":"Tour Travel And More"},"image":{"@id":"https:\/\/tourtravelandmore.com\/fr\/#\/schema\/logo\/image\/"},"sameAs":["https:\/\/www.facebook.com\/tourtravelandmore\/","https:\/\/x.com\/TourTravel_More"]}]}},"_links":{"self":[{"href":"https:\/\/tourtravelandmore.com\/fr\/wp-json\/wp\/v2\/product\/117592","targetHints":{"allow":["GET"]}}],"collection":[{"href":"https:\/\/tourtravelandmore.com\/fr\/wp-json\/wp\/v2\/product"}],"about":[{"href":"https:\/\/tourtravelandmore.com\/fr\/wp-json\/wp\/v2\/types\/product"}],"replies":[{"embeddable":true,"href":"https:\/\/tourtravelandmore.com\/fr\/wp-json\/wp\/v2\/comments?post=117592"}],"wp:featuredmedia":[{"embeddable":true,"href":"https:\/\/tourtravelandmore.com\/fr\/wp-json\/wp\/v2\/media\/116970"}],"wp:attachment":[{"href":"https:\/\/tourtravelandmore.com\/fr\/wp-json\/wp\/v2\/media?parent=117592"}],"wp:term":[{"taxonomy":"product_brand","embeddable":true,"href":"https:\/\/tourtravelandmore.com\/fr\/wp-json\/wp\/v2\/product_brand?post=117592"},{"taxonomy":"product_cat","embeddable":true,"href":"https:\/\/tourtravelandmore.com\/fr\/wp-json\/wp\/v2\/product_cat?post=117592"},{"taxonomy":"product_tag","embeddable":true,"href":"https:\/\/tourtravelandmore.com\/fr\/wp-json\/wp\/v2\/product_tag?post=117592"}],"curies":[{"name":"wp","href":"https:\/\/api.w.org\/{rel}","templated":true}]}}