{"id":117576,"date":"2021-12-28T16:46:19","date_gmt":"2022-01-17T17:06:04","guid":{"rendered":"https:\/\/tourtravelandmore.com\/?post_type=product&#038;p=117576"},"modified":"2025-09-17T16:16:13","modified_gmt":"2025-09-17T14:16:13","slug":"visite-privee-d-une-journee-complete-de-dubai-avec-visite-du-burj-khalifa","status":"publish","type":"product","link":"https:\/\/tourtravelandmore.com\/fr\/tours\/emirats-arabes-unis-fr\/dubai-fr\/visite-privee-d-une-journee-complete-de-dubai-avec-visite-du-burj-khalifa\/","title":{"rendered":"Visite priv\u00e9e d&#8217;une journ\u00e9e compl\u00e8te de Duba\u00ef avec visite du Burj Khalifa"},"content":{"rendered":"<h2>Visite priv\u00e9e d&#8217;une journ\u00e9e compl\u00e8te \u00e0 Duba\u00ef avec visite du Burj Khalifa<\/h2>\n<p>D\u00e9couvrez le meilleur des \u00c9mirats arabes unis gr\u00e2ce \u00e0 notre visite priv\u00e9e d&#8217;une journ\u00e9e compl\u00e8te \u00e0 Duba\u00ef avec visite du Burj Khalifa. Ce voyage immersif allie les merveilles modernes de la ville \u00e0 son patrimoine culturel, vous offrant ainsi une vue d&#8217;ensemble de l&#8217;une des villes les plus dynamiques au monde. Avec votre chauffeur et votre guide priv\u00e9s, profitez du confort, de la flexibilit\u00e9 et d&#8217;un acc\u00e8s exclusif aux principales attractions.<\/p>\n<p>La visite commence par un tour panoramique en voiture \u00e0 travers la marina de Duba\u00ef et Palm Jumeirah, o\u00f9 vous pourrez admirer des vues spectaculaires et des ic\u00f4nes architecturales. Ensuite, arr\u00eatez-vous au Burj Al Arab, l&#8217;embl\u00e9matique h\u00f4tel en forme de voile, pour une s\u00e9ance photo m\u00e9morable. Poursuivez votre exploration avec une promenade guid\u00e9e \u00e0 travers Madinat Jumeirah, un charmant complexe inspir\u00e9 des souks traditionnels.<\/p>\n<h2>Points forts<\/h2>\n<ul>\n<li><b>Marina de Duba\u00ef<\/b> : un quartier de gratte-ciel futuristes et de yachts de luxe.<\/li>\n<li><b>Palm Jumeirah<\/b> : \u00eele artificielle de renomm\u00e9e mondiale offrant une vue imprenable.<\/li>\n<li><b>Burj Al Arab<\/b> : arr\u00eat photo \u00e0 l&#8217;ext\u00e9rieur de l&#8217;ic\u00f4ne du luxe de la ville.<\/li>\n<li><b>Madinat Jumeirah<\/b> : d\u00e9couvrez le charme arabe dans un souk moderne.<\/li>\n<li><b>Burj Khalifa<\/b> : entr\u00e9e incluse \u00e0 la plate-forme d&#8217;observation pour des panoramas \u00e0 couper le souffle.<\/li>\n<\/ul>\n<p>Au cours de la visite, vous explorerez \u00e9galement le quartier anim\u00e9 de <b>Downtown Dubai<\/b>, qui abrite le plus grand centre commercial du monde.<\/p>\n<p>Ici, le Dubai Mall offre d&#8217;innombrables attractions aux visiteurs. Pour plus d&#8217;informations officielles sur la ville, veuillez consulter le site Dubai Tourism.<\/p>\n<p>Cette visite priv\u00e9e d&#8217;une journ\u00e9e compl\u00e8te de Duba\u00ef avec visite du Burj Khalifa est id\u00e9ale pour les voyageurs qui souhaitent d\u00e9couvrir \u00e0 la fois l&#8217;innovation et la tradition qui caract\u00e9risent Duba\u00ef. En seulement six heures, vous d\u00e9couvrirez les sites les plus importants de la ville, accompagn\u00e9s de votre guide expert.<\/p>\n<p>Rendez votre voyage \u00e0 Duba\u00ef inoubliable gr\u00e2ce \u00e0 cette exp\u00e9rience priv\u00e9e exclusive.<\/p>\n<p>Si notre <b>excursion priv\u00e9e d&#8217;une journ\u00e9e \u00e0 Duba\u00ef avec visite du Burj Khalifa<\/b> vous donne envie d&#8217;en savoir plus sur cet endroit unique, <a href=\"https:\/\/www.deepl.com\/?product_cat=uae-en#shop\"><b>ne manquez pas nos autres excursions priv\u00e9es aux \u00c9mirats arabes unis ici !<\/b><\/a><\/p>\n","protected":false},"excerpt":{"rendered":"<p>Profitez de cette exp\u00e9rience totalement <strong>priv\u00e9e<\/strong> et explorez <strong>Duba\u00ef<\/strong>, une ville o\u00f9 la tradition islamique rencontre le style de vie moderne, dans votre <strong>v\u00e9hicule priv\u00e9<\/strong> avec votre propre <strong>chauffeur priv\u00e9<\/strong> et <strong>guide touristique officiel<\/strong> pendant 6 heures. Profitez de cette occasion pour visiter le merveilleux Burj Al Arab, la mosqu\u00e9e Jumeirah, le souk Madinat Jumeirah, Burj Khalifa et bien d&#8217;autres sites fantastiques. Prenez contact avec nous pour une proposition personnalis\u00e9e.<\/p>\n","protected":false},"featured_media":116874,"comment_status":"open","ping_status":"closed","template":"","meta":{"_acf_changed":false},"product_brand":[],"product_cat":[5598,5599,5601,5600,3803,3547],"product_tag":[],"class_list":{"0":"post-117576","1":"product","2":"type-product","3":"status-publish","4":"has-post-thumbnail","6":"product_cat-all-private-tours-activities-fr-43","7":"product_cat-private-city-tours-fr","8":"product_cat-private-shore-excursions-fr-18","9":"product_cat-private-sightseeing-tours-fr-52","10":"product_cat-dubai-fr","11":"product_cat-etats-unis-fr","13":"first","14":"instock","15":"shipping-taxable","16":"purchasable","17":"product-type-simple"},"acf":[],"yoast_head":"<!-- This site is optimized with the Yoast SEO Premium plugin v25.3.1 (Yoast SEO v25.3.1) - https:\/\/yoast.com\/wordpress\/plugins\/seo\/ -->\n<title>Visite priv\u00e9e d&#039;une journ\u00e9e compl\u00e8te de Duba\u00ef avec visite du Burj Khalifa<\/title>\n<meta name=\"description\" content=\"Visite priv\u00e9e de Duba\u00ef ; son architecture futuriste, ses merveilleuses mosqu\u00e9es, ses \u00e9blouissantes \u00eeles artificielles et bien plus encore. Visite priv\u00e9e.\" \/>\n<meta name=\"robots\" content=\"index, follow, max-snippet:-1, max-image-preview:large, max-video-preview:-1\" \/>\n<link rel=\"canonical\" href=\"https:\/\/tourtravelandmore.com\/fr\/tours\/emirats-arabes-unis-fr\/dubai-fr\/visite-privee-d-une-journee-complete-de-dubai-avec-visite-du-burj-khalifa\/\" \/>\n<meta property=\"og:locale\" content=\"fr_FR\" \/>\n<meta property=\"og:type\" content=\"article\" \/>\n<meta property=\"og:title\" content=\"Visite priv\u00e9e d&#039;une journ\u00e9e compl\u00e8te de Duba\u00ef avec visite du Burj Khalifa\" \/>\n<meta property=\"og:description\" content=\"Visite priv\u00e9e de Duba\u00ef ; son architecture futuriste, ses merveilleuses mosqu\u00e9es, ses \u00e9blouissantes \u00eeles artificielles et bien plus encore. Visite priv\u00e9e.\" \/>\n<meta property=\"og:url\" content=\"https:\/\/tourtravelandmore.com\/fr\/tours\/emirats-arabes-unis-fr\/dubai-fr\/visite-privee-d-une-journee-complete-de-dubai-avec-visite-du-burj-khalifa\/\" \/>\n<meta property=\"og:site_name\" content=\"Tour Travel And More\" \/>\n<meta property=\"article:publisher\" content=\"https:\/\/www.facebook.com\/tourtravelandmore\/\" \/>\n<meta property=\"article:modified_time\" content=\"2025-09-17T14:16:13+00:00\" \/>\n<meta property=\"og:image\" content=\"https:\/\/tourtravelandmore.com\/wp-content\/uploads\/2021\/12\/nick-fewings-4PDWwUD6g_4-unsplash.jpg\" \/>\n\t<meta property=\"og:image:width\" content=\"1920\" \/>\n\t<meta property=\"og:image:height\" content=\"1280\" \/>\n\t<meta property=\"og:image:type\" content=\"image\/jpeg\" \/>\n<meta name=\"twitter:card\" content=\"summary_large_image\" \/>\n<meta name=\"twitter:site\" content=\"@TourTravel_More\" \/>\n<meta name=\"twitter:label1\" content=\"Dur\u00e9e de lecture estim\u00e9e\" \/>\n\t<meta name=\"twitter:data1\" content=\"2 minutes\" \/>\n<script type=\"application\/ld+json\" class=\"yoast-schema-graph\">{\"@context\":\"https:\/\/schema.org\",\"@graph\":[{\"@type\":\"WebPage\",\"@id\":\"https:\/\/tourtravelandmore.com\/fr\/tours\/emirats-arabes-unis-fr\/dubai-fr\/visite-privee-d-une-journee-complete-de-dubai-avec-visite-du-burj-khalifa\/\",\"url\":\"https:\/\/tourtravelandmore.com\/fr\/tours\/emirats-arabes-unis-fr\/dubai-fr\/visite-privee-d-une-journee-complete-de-dubai-avec-visite-du-burj-khalifa\/\",\"name\":\"Visite priv\u00e9e d'une journ\u00e9e compl\u00e8te de Duba\u00ef avec visite du Burj Khalifa\",\"isPartOf\":{\"@id\":\"https:\/\/tourtravelandmore.com\/fr\/#website\"},\"primaryImageOfPage\":{\"@id\":\"https:\/\/tourtravelandmore.com\/fr\/tours\/emirats-arabes-unis-fr\/dubai-fr\/visite-privee-d-une-journee-complete-de-dubai-avec-visite-du-burj-khalifa\/#primaryimage\"},\"image\":{\"@id\":\"https:\/\/tourtravelandmore.com\/fr\/tours\/emirats-arabes-unis-fr\/dubai-fr\/visite-privee-d-une-journee-complete-de-dubai-avec-visite-du-burj-khalifa\/#primaryimage\"},\"thumbnailUrl\":\"https:\/\/tourtravelandmore.com\/wp-content\/uploads\/2021\/12\/nick-fewings-4PDWwUD6g_4-unsplash.jpg\",\"datePublished\":\"2022-01-17T17:06:04+00:00\",\"dateModified\":\"2025-09-17T14:16:13+00:00\",\"description\":\"Visite priv\u00e9e de Duba\u00ef ; son architecture futuriste, ses merveilleuses mosqu\u00e9es, ses \u00e9blouissantes \u00eeles artificielles et bien plus encore. Visite priv\u00e9e.\",\"breadcrumb\":{\"@id\":\"https:\/\/tourtravelandmore.com\/fr\/tours\/emirats-arabes-unis-fr\/dubai-fr\/visite-privee-d-une-journee-complete-de-dubai-avec-visite-du-burj-khalifa\/#breadcrumb\"},\"inLanguage\":\"fr-FR\",\"potentialAction\":[{\"@type\":\"ReadAction\",\"target\":[\"https:\/\/tourtravelandmore.com\/fr\/tours\/emirats-arabes-unis-fr\/dubai-fr\/visite-privee-d-une-journee-complete-de-dubai-avec-visite-du-burj-khalifa\/\"]}]},{\"@type\":\"ImageObject\",\"inLanguage\":\"fr-FR\",\"@id\":\"https:\/\/tourtravelandmore.com\/fr\/tours\/emirats-arabes-unis-fr\/dubai-fr\/visite-privee-d-une-journee-complete-de-dubai-avec-visite-du-burj-khalifa\/#primaryimage\",\"url\":\"https:\/\/tourtravelandmore.com\/wp-content\/uploads\/2021\/12\/nick-fewings-4PDWwUD6g_4-unsplash.jpg\",\"contentUrl\":\"https:\/\/tourtravelandmore.com\/wp-content\/uploads\/2021\/12\/nick-fewings-4PDWwUD6g_4-unsplash.jpg\",\"width\":1920,\"height\":1280},{\"@type\":\"BreadcrumbList\",\"@id\":\"https:\/\/tourtravelandmore.com\/fr\/tours\/emirats-arabes-unis-fr\/dubai-fr\/visite-privee-d-une-journee-complete-de-dubai-avec-visite-du-burj-khalifa\/#breadcrumb\",\"itemListElement\":[{\"@type\":\"ListItem\",\"position\":1,\"name\":\"Home\",\"item\":\"https:\/\/tourtravelandmore.com\/fr\/\"},{\"@type\":\"ListItem\",\"position\":2,\"name\":\"Tours\",\"item\":\"https:\/\/tourtravelandmore.com\/fr\/tours\/\"},{\"@type\":\"ListItem\",\"position\":3,\"name\":\"Visite priv\u00e9e d&#8217;une journ\u00e9e compl\u00e8te de Duba\u00ef avec visite du Burj Khalifa\"}]},{\"@type\":\"WebSite\",\"@id\":\"https:\/\/tourtravelandmore.com\/fr\/#website\",\"url\":\"https:\/\/tourtravelandmore.com\/fr\/\",\"name\":\"Tour Travel And More\",\"description\":\"Private sightseeing tours and luxury transfers in Spain\",\"publisher\":{\"@id\":\"https:\/\/tourtravelandmore.com\/fr\/#organization\"},\"potentialAction\":[{\"@type\":\"SearchAction\",\"target\":{\"@type\":\"EntryPoint\",\"urlTemplate\":\"https:\/\/tourtravelandmore.com\/fr\/?s={search_term_string}\"},\"query-input\":{\"@type\":\"PropertyValueSpecification\",\"valueRequired\":true,\"valueName\":\"search_term_string\"}}],\"inLanguage\":\"fr-FR\"},{\"@type\":\"Organization\",\"@id\":\"https:\/\/tourtravelandmore.com\/fr\/#organization\",\"name\":\"Tour Travel And More\",\"url\":\"https:\/\/tourtravelandmore.com\/fr\/\",\"logo\":{\"@type\":\"ImageObject\",\"inLanguage\":\"fr-FR\",\"@id\":\"https:\/\/tourtravelandmore.com\/fr\/#\/schema\/logo\/image\/\",\"url\":\"https:\/\/tourtravelandmore.com\/wp-content\/uploads\/2022\/12\/cropped-logo-cabecera-new.png\",\"contentUrl\":\"https:\/\/tourtravelandmore.com\/wp-content\/uploads\/2022\/12\/cropped-logo-cabecera-new.png\",\"width\":430,\"height\":61,\"caption\":\"Tour Travel And More\"},\"image\":{\"@id\":\"https:\/\/tourtravelandmore.com\/fr\/#\/schema\/logo\/image\/\"},\"sameAs\":[\"https:\/\/www.facebook.com\/tourtravelandmore\/\",\"https:\/\/x.com\/TourTravel_More\"]}]}<\/script>\n<!-- \/ Yoast SEO Premium plugin. -->","yoast_head_json":{"title":"Visite priv\u00e9e d'une journ\u00e9e compl\u00e8te de Duba\u00ef avec visite du Burj Khalifa","description":"Visite priv\u00e9e de Duba\u00ef ; son architecture futuriste, ses merveilleuses mosqu\u00e9es, ses \u00e9blouissantes \u00eeles artificielles et bien plus encore. Visite priv\u00e9e.","robots":{"index":"index","follow":"follow","max-snippet":"max-snippet:-1","max-image-preview":"max-image-preview:large","max-video-preview":"max-video-preview:-1"},"canonical":"https:\/\/tourtravelandmore.com\/fr\/tours\/emirats-arabes-unis-fr\/dubai-fr\/visite-privee-d-une-journee-complete-de-dubai-avec-visite-du-burj-khalifa\/","og_locale":"fr_FR","og_type":"article","og_title":"Visite priv\u00e9e d'une journ\u00e9e compl\u00e8te de Duba\u00ef avec visite du Burj Khalifa","og_description":"Visite priv\u00e9e de Duba\u00ef ; son architecture futuriste, ses merveilleuses mosqu\u00e9es, ses \u00e9blouissantes \u00eeles artificielles et bien plus encore. Visite priv\u00e9e.","og_url":"https:\/\/tourtravelandmore.com\/fr\/tours\/emirats-arabes-unis-fr\/dubai-fr\/visite-privee-d-une-journee-complete-de-dubai-avec-visite-du-burj-khalifa\/","og_site_name":"Tour Travel And More","article_publisher":"https:\/\/www.facebook.com\/tourtravelandmore\/","article_modified_time":"2025-09-17T14:16:13+00:00","og_image":[{"width":1920,"height":1280,"url":"https:\/\/tourtravelandmore.com\/wp-content\/uploads\/2021\/12\/nick-fewings-4PDWwUD6g_4-unsplash.jpg","type":"image\/jpeg"}],"twitter_card":"summary_large_image","twitter_site":"@TourTravel_More","twitter_misc":{"Dur\u00e9e de lecture estim\u00e9e":"2 minutes"},"schema":{"@context":"https:\/\/schema.org","@graph":[{"@type":"WebPage","@id":"https:\/\/tourtravelandmore.com\/fr\/tours\/emirats-arabes-unis-fr\/dubai-fr\/visite-privee-d-une-journee-complete-de-dubai-avec-visite-du-burj-khalifa\/","url":"https:\/\/tourtravelandmore.com\/fr\/tours\/emirats-arabes-unis-fr\/dubai-fr\/visite-privee-d-une-journee-complete-de-dubai-avec-visite-du-burj-khalifa\/","name":"Visite priv\u00e9e d'une journ\u00e9e compl\u00e8te de Duba\u00ef avec visite du Burj Khalifa","isPartOf":{"@id":"https:\/\/tourtravelandmore.com\/fr\/#website"},"primaryImageOfPage":{"@id":"https:\/\/tourtravelandmore.com\/fr\/tours\/emirats-arabes-unis-fr\/dubai-fr\/visite-privee-d-une-journee-complete-de-dubai-avec-visite-du-burj-khalifa\/#primaryimage"},"image":{"@id":"https:\/\/tourtravelandmore.com\/fr\/tours\/emirats-arabes-unis-fr\/dubai-fr\/visite-privee-d-une-journee-complete-de-dubai-avec-visite-du-burj-khalifa\/#primaryimage"},"thumbnailUrl":"https:\/\/tourtravelandmore.com\/wp-content\/uploads\/2021\/12\/nick-fewings-4PDWwUD6g_4-unsplash.jpg","datePublished":"2022-01-17T17:06:04+00:00","dateModified":"2025-09-17T14:16:13+00:00","description":"Visite priv\u00e9e de Duba\u00ef ; son architecture futuriste, ses merveilleuses mosqu\u00e9es, ses \u00e9blouissantes \u00eeles artificielles et bien plus encore. Visite priv\u00e9e.","breadcrumb":{"@id":"https:\/\/tourtravelandmore.com\/fr\/tours\/emirats-arabes-unis-fr\/dubai-fr\/visite-privee-d-une-journee-complete-de-dubai-avec-visite-du-burj-khalifa\/#breadcrumb"},"inLanguage":"fr-FR","potentialAction":[{"@type":"ReadAction","target":["https:\/\/tourtravelandmore.com\/fr\/tours\/emirats-arabes-unis-fr\/dubai-fr\/visite-privee-d-une-journee-complete-de-dubai-avec-visite-du-burj-khalifa\/"]}]},{"@type":"ImageObject","inLanguage":"fr-FR","@id":"https:\/\/tourtravelandmore.com\/fr\/tours\/emirats-arabes-unis-fr\/dubai-fr\/visite-privee-d-une-journee-complete-de-dubai-avec-visite-du-burj-khalifa\/#primaryimage","url":"https:\/\/tourtravelandmore.com\/wp-content\/uploads\/2021\/12\/nick-fewings-4PDWwUD6g_4-unsplash.jpg","contentUrl":"https:\/\/tourtravelandmore.com\/wp-content\/uploads\/2021\/12\/nick-fewings-4PDWwUD6g_4-unsplash.jpg","width":1920,"height":1280},{"@type":"BreadcrumbList","@id":"https:\/\/tourtravelandmore.com\/fr\/tours\/emirats-arabes-unis-fr\/dubai-fr\/visite-privee-d-une-journee-complete-de-dubai-avec-visite-du-burj-khalifa\/#breadcrumb","itemListElement":[{"@type":"ListItem","position":1,"name":"Home","item":"https:\/\/tourtravelandmore.com\/fr\/"},{"@type":"ListItem","position":2,"name":"Tours","item":"https:\/\/tourtravelandmore.com\/fr\/tours\/"},{"@type":"ListItem","position":3,"name":"Visite priv\u00e9e d&#8217;une journ\u00e9e compl\u00e8te de Duba\u00ef avec visite du Burj Khalifa"}]},{"@type":"WebSite","@id":"https:\/\/tourtravelandmore.com\/fr\/#website","url":"https:\/\/tourtravelandmore.com\/fr\/","name":"Tour Travel And More","description":"Private sightseeing tours and luxury transfers in Spain","publisher":{"@id":"https:\/\/tourtravelandmore.com\/fr\/#organization"},"potentialAction":[{"@type":"SearchAction","target":{"@type":"EntryPoint","urlTemplate":"https:\/\/tourtravelandmore.com\/fr\/?s={search_term_string}"},"query-input":{"@type":"PropertyValueSpecification","valueRequired":true,"valueName":"search_term_string"}}],"inLanguage":"fr-FR"},{"@type":"Organization","@id":"https:\/\/tourtravelandmore.com\/fr\/#organization","name":"Tour Travel And More","url":"https:\/\/tourtravelandmore.com\/fr\/","logo":{"@type":"ImageObject","inLanguage":"fr-FR","@id":"https:\/\/tourtravelandmore.com\/fr\/#\/schema\/logo\/image\/","url":"https:\/\/tourtravelandmore.com\/wp-content\/uploads\/2022\/12\/cropped-logo-cabecera-new.png","contentUrl":"https:\/\/tourtravelandmore.com\/wp-content\/uploads\/2022\/12\/cropped-logo-cabecera-new.png","width":430,"height":61,"caption":"Tour Travel And More"},"image":{"@id":"https:\/\/tourtravelandmore.com\/fr\/#\/schema\/logo\/image\/"},"sameAs":["https:\/\/www.facebook.com\/tourtravelandmore\/","https:\/\/x.com\/TourTravel_More"]}]}},"_links":{"self":[{"href":"https:\/\/tourtravelandmore.com\/fr\/wp-json\/wp\/v2\/product\/117576","targetHints":{"allow":["GET"]}}],"collection":[{"href":"https:\/\/tourtravelandmore.com\/fr\/wp-json\/wp\/v2\/product"}],"about":[{"href":"https:\/\/tourtravelandmore.com\/fr\/wp-json\/wp\/v2\/types\/product"}],"replies":[{"embeddable":true,"href":"https:\/\/tourtravelandmore.com\/fr\/wp-json\/wp\/v2\/comments?post=117576"}],"wp:featuredmedia":[{"embeddable":true,"href":"https:\/\/tourtravelandmore.com\/fr\/wp-json\/wp\/v2\/media\/116874"}],"wp:attachment":[{"href":"https:\/\/tourtravelandmore.com\/fr\/wp-json\/wp\/v2\/media?parent=117576"}],"wp:term":[{"taxonomy":"product_brand","embeddable":true,"href":"https:\/\/tourtravelandmore.com\/fr\/wp-json\/wp\/v2\/product_brand?post=117576"},{"taxonomy":"product_cat","embeddable":true,"href":"https:\/\/tourtravelandmore.com\/fr\/wp-json\/wp\/v2\/product_cat?post=117576"},{"taxonomy":"product_tag","embeddable":true,"href":"https:\/\/tourtravelandmore.com\/fr\/wp-json\/wp\/v2\/product_tag?post=117576"}],"curies":[{"name":"wp","href":"https:\/\/api.w.org\/{rel}","templated":true}]}}