{"id":117562,"date":"2021-12-28T14:45:32","date_gmt":"2022-01-17T16:01:36","guid":{"rendered":"https:\/\/tourtravelandmore.com\/?post_type=product&#038;p=117562"},"modified":"2022-01-17T17:25:40","modified_gmt":"2022-01-17T16:25:40","slug":"visite-dune-demi-journee-du-dubai-moderne","status":"publish","type":"product","link":"https:\/\/tourtravelandmore.com\/fr\/tours\/emirats-arabes-unis-fr\/dubai-fr\/visite-dune-demi-journee-du-dubai-moderne\/","title":{"rendered":"Visite d&#8217;une demi-journ\u00e9e du Duba\u00ef moderne"},"content":{"rendered":"<h2><b>Visite d&#8217;une demi-journ\u00e9e du Duba\u00ef moderne<\/b><\/h2>\n<p><b>Un tour de ville de Duba\u00ef <\/b><span style=\"font-weight: 400;\">pour voir ce qui \u00e9tait autrefois un petit village de p\u00eacheurs et qui est maintenant l&#8217;une des villes modernes les plus embl\u00e9matiques et \u00e9l\u00e9gantes <\/span><b>du monde<\/b><span style=\"font-weight: 400;\">. Apprenez \u00e0 la conna\u00eetre avec notre visite de 4 heures d&#8217;une demi-journ\u00e9e du Duba\u00ef moderne, en compagnie d&#8217;un <\/span><b>guide priv\u00e9 expert et dans <\/b><span style=\"font-weight: 400;\">le confort d&#8217;un <\/span><b>v\u00e9hicule de luxe<\/b><span style=\"font-weight: 400;\">.<\/span><span style=\"font-weight: 400;\">\u00a0<\/span><\/p>\n<p><span style=\"font-weight: 400;\">Votre guide officiel priv\u00e9 vous accueillera \u00e0 votre h\u00f4tel ou \u00e0 l&#8217;endroit de votre choix \u00e0 Duba\u00ef, et vous prendra en charge dans un v\u00e9hicule priv\u00e9 <\/span><b>avec chauffeur<\/b><span style=\"font-weight: 400;\">. Vous embarquerez ensuite pour une visite qui condense certains des sites les plus embl\u00e9matiques, modernes, luxueux et impressionnants du monde.<\/span><span style=\"font-weight: 400;\">\u00a0<\/span><\/p>\n<h2><b>Points d&#8217;int\u00e9r\u00eat<\/b><\/h2>\n<p><b><span style=\"color: #d3af37;\">Marina de Duba\u00ef<\/span>\u00a0<\/b><\/p>\n<p><b>La plus grande marina artificielle du monde <\/b><span style=\"font-weight: 400;\">et le nouveau centre de rencontre de Duba\u00ef. Cette zone impressionnante est remplie de <\/span><b>gratte-ciel<\/b><span style=\"font-weight: 400;\">, de plus de 300 magasins, de restaurants, de grands magasins, de caf\u00e9s et de salles de sport. <\/span><b>Marina Walk <\/b><span style=\"font-weight: 400;\">est l&#8217;endroit o\u00f9 l&#8217;on peut prendre les photos les plus accrocheuses.<\/span><\/p>\n<p><b><span style=\"color: #d3af37;\">Bluewaters<\/span>\u00a0<\/b><\/p>\n<p><span style=\"font-weight: 400;\">Le lieu des tendances les plus branch\u00e9es de Duba\u00ef, o\u00f9 se trouve <\/span><b>Ain Duba\u00ef, la plus grande roue du monde.<\/b><span style=\"font-weight: 400;\"> \u00c0 Bluewater, vous trouverez 200 magasins et lieux de restauration, entour\u00e9s d&#8217;eau et loin de l&#8217;agitation de la ville. C&#8217;est un <\/span><b>lieu de rencontre id\u00e9al pour les familles <\/b><span style=\"font-weight: 400;\">et les enfants.<\/span><\/p>\n<p><b><span style=\"color: #d3af37;\">Plage de Jumeirah<\/span>\u00a0<\/b><\/p>\n<p><span style=\"font-weight: 400;\">Votre guide vous accompagnera jusqu&#8217;\u00e0 Jumeirah Beach, o\u00f9 vous aurez la meilleure vue sur l&#8217;<\/span><b>embl\u00e9matique h\u00f4tel Burj Al Arab. <\/b><span style=\"font-weight: 400;\">Avec sa forme en forme de voile, l&#8217;<\/span><b>h\u00f4tel le plus luxueux du monde <\/b><span style=\"font-weight: 400;\">est un exemple de l&#8217;excellence architecturale de Duba\u00ef.<\/span><\/p>\n<p><b><span style=\"color: #d3af37;\">Madinat Jumeirah<\/span>\u00a0<\/b><\/p>\n<p><span style=\"font-weight: 400;\">Construit pour recr\u00e9er la <\/span><b>beaut\u00e9 enchanteresse de l&#8217;Arabie ancienne<\/b><span style=\"font-weight: 400;\">, situ\u00e9 directement sur le golfe Persique et dot\u00e9 d&#8217;un littoral priv\u00e9, Madinat Jumeirah est une ville dans la ville et la plus r\u00e9cente attraction de Duba\u00ef. Le <\/span><b>Souk Al Madinat est une <\/b><span style=\"font-weight: 400;\">reconstitution de la culture commerciale traditionnelle du Moyen-Orient. Avec une combinaison de marques de boutiques, de magasins de cadeaux, de magasins de souvenirs, de mode de luxe, de bijoux et plus de 25 restaurants proposant des cuisines du monde entier.<\/span><\/p>\n<p><b><span style=\"color: #d3af37;\">Palm Jumeirah<\/span>\u00a0<\/b><\/p>\n<p><span style=\"font-weight: 400;\">L&#8217;\u00eele de Palm Jumeirah est un <\/span><b>archipel artificiel en <\/b><span style=\"font-weight: 400;\">forme de palmier o\u00f9 se trouvent les complexes r\u00e9sidentiels et les h\u00f4tels embl\u00e9matiques les plus convoit\u00e9s. Nous ferons le tour de l&#8217;\u00eele et nous nous arr\u00eaterons \u00e0 l&#8217;<\/span><b>h\u00f4tel Atlantis The Palm, <\/b><span style=\"font-weight: 400;\">sur le th\u00e8me de l&#8217;oc\u00e9an, qui a co\u00fbt\u00e9 plus de 1,5 milliard de dollars et est devenu l&#8217;un des h\u00f4tels les plus c\u00e9l\u00e8bres du monde.<\/span><\/p>\n<p><b><span style=\"color: #d3af37;\">La Pointe<\/span>\u00a0<\/b><\/p>\n<p><span style=\"font-weight: 400;\">Vous aurez ici une meilleure vue sur Atlantis The Palm. La Pointe est votre meilleur choix pour le <\/span><b>shopping \u00e0 Palm Jumeirah<\/b><span style=\"font-weight: 400;\">, et un endroit o\u00f9 vous pouvez acheter les meilleures marques au meilleur prix.<\/span><\/p>\n<p><b><span style=\"color: #d3af37;\">Burj Khalifa<\/span>\u00a0<\/b><\/p>\n<p><span style=\"font-weight: 400;\">Notre prochain arr\u00eat n&#8217;est pas seulement <\/span><b>le plus haut b\u00e2timent du monde<\/b><span style=\"font-weight: 400;\">, mais aussi l&#8217;attraction touristique la plus populaire de Duba\u00ef, visit\u00e9e par 2 millions de personnes chaque ann\u00e9e.<\/span><\/p>\n<p><span style=\"font-weight: 400;\">Apr\u00e8s l&#8217;arr\u00eat au Burj Khalifa, nous pouvons vous d\u00e9poser \u00e0 l&#8217;endroit de votre choix dans la ville de Duba\u00ef.<\/span><\/p>\n<p><span style=\"font-weight: 400;\">\u00a0<\/span><\/p>\n<p><span style=\"font-weight: 400;\">Si notre <\/span><b>visite d&#8217;une demi-journ\u00e9e du Duba\u00ef moderne <\/b><span style=\"font-weight: 400;\">vous donne envie d&#8217;en savoir plus sur ce lieu unique, <\/span><strong><a href=\"https:\/\/tourtravelandmore.com\/fr\/city\/emirats-arabes-unis-fr\/dubai-fr\/\">ne manquez pas nos autres visites priv\u00e9es \u00e0 Duba\u00ef. <\/a><\/strong><\/p>\n","protected":false},"excerpt":{"rendered":"<p>Profitez de cette <strong>exp\u00e9rience enti\u00e8rement priv\u00e9e<\/strong> et explorez <strong>Duba\u00ef<\/strong>, une ville o\u00f9 la tradition islamique rencontre le style de vie moderne, dans votre <strong>v\u00e9hicule priv\u00e9<\/strong> avec votre propre <strong>chauffeur priv\u00e9<\/strong> et votre <strong>guide touristique officiel<\/strong> pendant 4 heures. Profitez de l&#8217;occasion pour visiter la <strong>Marina de Duba\u00ef<\/strong>, <strong>Bluewaters<\/strong>, <strong>la plage de Jumeira<\/strong>, admirez <strong>l&#8217;h\u00f4tel Burj Al Arab<\/strong>, faites connaissance avec <strong>Madinat Jumeirah<\/strong> et <strong>The Pointe<\/strong>, et \u00e9merveillez-vous devant l&#8217;unique <strong>Burj Khalifa, le plus haut b\u00e2timent du monde<\/strong>.\u00a0Prenez contact avec nous pour une proposition personnalis\u00e9e.<\/p>\n","protected":false},"featured_media":116161,"comment_status":"open","ping_status":"closed","template":"","meta":{"_acf_changed":false},"product_brand":[],"product_cat":[3733,3803],"product_tag":[],"class_list":{"0":"post-117562","1":"product","2":"type-product","3":"status-publish","4":"has-post-thumbnail","6":"product_cat-emirats-arabes-unis-fr","7":"product_cat-dubai-fr","9":"first","10":"instock","11":"shipping-taxable","12":"purchasable","13":"product-type-simple"},"acf":[],"yoast_head":"<!-- This site is optimized with the Yoast SEO Premium plugin v25.3.1 (Yoast SEO v25.3.1) - https:\/\/yoast.com\/wordpress\/plugins\/seo\/ -->\n<title>Visite d&#039;une demi-journ\u00e9e du Duba\u00ef moderne | TTM<\/title>\n<meta name=\"description\" content=\"Visite d&#039;une demi-journ\u00e9e du Duba\u00ef moderne ; architecture moderne, luxe, paysages uniques, b\u00e2timents \u00e9crasants, \u00eeles artificielles \u00e9blouissantes, et bien plus encore. Visite priv\u00e9e.\" \/>\n<meta name=\"robots\" content=\"index, follow, max-snippet:-1, max-image-preview:large, max-video-preview:-1\" \/>\n<link rel=\"canonical\" href=\"https:\/\/tourtravelandmore.com\/fr\/tours\/emirats-arabes-unis-fr\/dubai-fr\/visite-dune-demi-journee-du-dubai-moderne\/\" \/>\n<meta property=\"og:locale\" content=\"fr_FR\" \/>\n<meta property=\"og:type\" content=\"article\" \/>\n<meta property=\"og:title\" content=\"Visite d&#039;une demi-journ\u00e9e du Duba\u00ef moderne\" \/>\n<meta property=\"og:description\" content=\"Visite d&#039;une demi-journ\u00e9e du Duba\u00ef moderne ; architecture moderne, luxe, paysages uniques, b\u00e2timents \u00e9crasants, \u00eeles artificielles \u00e9blouissantes, et bien plus encore. Visite priv\u00e9e.\" \/>\n<meta property=\"og:url\" content=\"https:\/\/tourtravelandmore.com\/fr\/tours\/emirats-arabes-unis-fr\/dubai-fr\/visite-dune-demi-journee-du-dubai-moderne\/\" \/>\n<meta property=\"og:site_name\" content=\"Tour Travel And More\" \/>\n<meta property=\"article:publisher\" content=\"https:\/\/www.facebook.com\/tourtravelandmore\/\" \/>\n<meta property=\"article:modified_time\" content=\"2022-01-17T16:25:40+00:00\" \/>\n<meta property=\"og:image\" content=\"https:\/\/tourtravelandmore.com\/wp-content\/uploads\/2021\/12\/pexels-stephane-hurbe-4083973_resultado.jpg\" \/>\n\t<meta property=\"og:image:width\" content=\"1920\" \/>\n\t<meta property=\"og:image:height\" content=\"1440\" \/>\n\t<meta property=\"og:image:type\" content=\"image\/jpeg\" \/>\n<meta name=\"twitter:card\" content=\"summary_large_image\" \/>\n<meta name=\"twitter:site\" content=\"@TourTravel_More\" \/>\n<meta name=\"twitter:label1\" content=\"Dur\u00e9e de lecture estim\u00e9e\" \/>\n\t<meta name=\"twitter:data1\" content=\"3 minutes\" \/>\n<script type=\"application\/ld+json\" class=\"yoast-schema-graph\">{\"@context\":\"https:\/\/schema.org\",\"@graph\":[{\"@type\":\"WebPage\",\"@id\":\"https:\/\/tourtravelandmore.com\/fr\/tours\/emirats-arabes-unis-fr\/dubai-fr\/visite-dune-demi-journee-du-dubai-moderne\/\",\"url\":\"https:\/\/tourtravelandmore.com\/fr\/tours\/emirats-arabes-unis-fr\/dubai-fr\/visite-dune-demi-journee-du-dubai-moderne\/\",\"name\":\"Visite d'une demi-journ\u00e9e du Duba\u00ef moderne | TTM\",\"isPartOf\":{\"@id\":\"https:\/\/tourtravelandmore.com\/fr\/#website\"},\"primaryImageOfPage\":{\"@id\":\"https:\/\/tourtravelandmore.com\/fr\/tours\/emirats-arabes-unis-fr\/dubai-fr\/visite-dune-demi-journee-du-dubai-moderne\/#primaryimage\"},\"image\":{\"@id\":\"https:\/\/tourtravelandmore.com\/fr\/tours\/emirats-arabes-unis-fr\/dubai-fr\/visite-dune-demi-journee-du-dubai-moderne\/#primaryimage\"},\"thumbnailUrl\":\"https:\/\/tourtravelandmore.com\/wp-content\/uploads\/2021\/12\/pexels-stephane-hurbe-4083973_resultado.jpg\",\"datePublished\":\"2022-01-17T16:01:36+00:00\",\"dateModified\":\"2022-01-17T16:25:40+00:00\",\"description\":\"Visite d'une demi-journ\u00e9e du Duba\u00ef moderne ; architecture moderne, luxe, paysages uniques, b\u00e2timents \u00e9crasants, \u00eeles artificielles \u00e9blouissantes, et bien plus encore. Visite priv\u00e9e.\",\"breadcrumb\":{\"@id\":\"https:\/\/tourtravelandmore.com\/fr\/tours\/emirats-arabes-unis-fr\/dubai-fr\/visite-dune-demi-journee-du-dubai-moderne\/#breadcrumb\"},\"inLanguage\":\"fr-FR\",\"potentialAction\":[{\"@type\":\"ReadAction\",\"target\":[\"https:\/\/tourtravelandmore.com\/fr\/tours\/emirats-arabes-unis-fr\/dubai-fr\/visite-dune-demi-journee-du-dubai-moderne\/\"]}]},{\"@type\":\"ImageObject\",\"inLanguage\":\"fr-FR\",\"@id\":\"https:\/\/tourtravelandmore.com\/fr\/tours\/emirats-arabes-unis-fr\/dubai-fr\/visite-dune-demi-journee-du-dubai-moderne\/#primaryimage\",\"url\":\"https:\/\/tourtravelandmore.com\/wp-content\/uploads\/2021\/12\/pexels-stephane-hurbe-4083973_resultado.jpg\",\"contentUrl\":\"https:\/\/tourtravelandmore.com\/wp-content\/uploads\/2021\/12\/pexels-stephane-hurbe-4083973_resultado.jpg\",\"width\":1920,\"height\":1440},{\"@type\":\"BreadcrumbList\",\"@id\":\"https:\/\/tourtravelandmore.com\/fr\/tours\/emirats-arabes-unis-fr\/dubai-fr\/visite-dune-demi-journee-du-dubai-moderne\/#breadcrumb\",\"itemListElement\":[{\"@type\":\"ListItem\",\"position\":1,\"name\":\"Home\",\"item\":\"https:\/\/tourtravelandmore.com\/fr\/\"},{\"@type\":\"ListItem\",\"position\":2,\"name\":\"Tours\",\"item\":\"https:\/\/tourtravelandmore.com\/fr\/tours\/\"},{\"@type\":\"ListItem\",\"position\":3,\"name\":\"Visite d&rsquo;une demi-journ\u00e9e du Duba\u00ef moderne\"}]},{\"@type\":\"WebSite\",\"@id\":\"https:\/\/tourtravelandmore.com\/fr\/#website\",\"url\":\"https:\/\/tourtravelandmore.com\/fr\/\",\"name\":\"Tour Travel And More\",\"description\":\"Private sightseeing tours and luxury transfers in Spain\",\"publisher\":{\"@id\":\"https:\/\/tourtravelandmore.com\/fr\/#organization\"},\"potentialAction\":[{\"@type\":\"SearchAction\",\"target\":{\"@type\":\"EntryPoint\",\"urlTemplate\":\"https:\/\/tourtravelandmore.com\/fr\/?s={search_term_string}\"},\"query-input\":{\"@type\":\"PropertyValueSpecification\",\"valueRequired\":true,\"valueName\":\"search_term_string\"}}],\"inLanguage\":\"fr-FR\"},{\"@type\":\"Organization\",\"@id\":\"https:\/\/tourtravelandmore.com\/fr\/#organization\",\"name\":\"Tour Travel And More\",\"url\":\"https:\/\/tourtravelandmore.com\/fr\/\",\"logo\":{\"@type\":\"ImageObject\",\"inLanguage\":\"fr-FR\",\"@id\":\"https:\/\/tourtravelandmore.com\/fr\/#\/schema\/logo\/image\/\",\"url\":\"https:\/\/tourtravelandmore.com\/wp-content\/uploads\/2022\/12\/cropped-logo-cabecera-new.png\",\"contentUrl\":\"https:\/\/tourtravelandmore.com\/wp-content\/uploads\/2022\/12\/cropped-logo-cabecera-new.png\",\"width\":430,\"height\":61,\"caption\":\"Tour Travel And More\"},\"image\":{\"@id\":\"https:\/\/tourtravelandmore.com\/fr\/#\/schema\/logo\/image\/\"},\"sameAs\":[\"https:\/\/www.facebook.com\/tourtravelandmore\/\",\"https:\/\/x.com\/TourTravel_More\"]}]}<\/script>\n<!-- \/ Yoast SEO Premium plugin. -->","yoast_head_json":{"title":"Visite d'une demi-journ\u00e9e du Duba\u00ef moderne | TTM","description":"Visite d'une demi-journ\u00e9e du Duba\u00ef moderne ; architecture moderne, luxe, paysages uniques, b\u00e2timents \u00e9crasants, \u00eeles artificielles \u00e9blouissantes, et bien plus encore. Visite priv\u00e9e.","robots":{"index":"index","follow":"follow","max-snippet":"max-snippet:-1","max-image-preview":"max-image-preview:large","max-video-preview":"max-video-preview:-1"},"canonical":"https:\/\/tourtravelandmore.com\/fr\/tours\/emirats-arabes-unis-fr\/dubai-fr\/visite-dune-demi-journee-du-dubai-moderne\/","og_locale":"fr_FR","og_type":"article","og_title":"Visite d'une demi-journ\u00e9e du Duba\u00ef moderne","og_description":"Visite d'une demi-journ\u00e9e du Duba\u00ef moderne ; architecture moderne, luxe, paysages uniques, b\u00e2timents \u00e9crasants, \u00eeles artificielles \u00e9blouissantes, et bien plus encore. Visite priv\u00e9e.","og_url":"https:\/\/tourtravelandmore.com\/fr\/tours\/emirats-arabes-unis-fr\/dubai-fr\/visite-dune-demi-journee-du-dubai-moderne\/","og_site_name":"Tour Travel And More","article_publisher":"https:\/\/www.facebook.com\/tourtravelandmore\/","article_modified_time":"2022-01-17T16:25:40+00:00","og_image":[{"width":1920,"height":1440,"url":"https:\/\/tourtravelandmore.com\/wp-content\/uploads\/2021\/12\/pexels-stephane-hurbe-4083973_resultado.jpg","type":"image\/jpeg"}],"twitter_card":"summary_large_image","twitter_site":"@TourTravel_More","twitter_misc":{"Dur\u00e9e de lecture estim\u00e9e":"3 minutes"},"schema":{"@context":"https:\/\/schema.org","@graph":[{"@type":"WebPage","@id":"https:\/\/tourtravelandmore.com\/fr\/tours\/emirats-arabes-unis-fr\/dubai-fr\/visite-dune-demi-journee-du-dubai-moderne\/","url":"https:\/\/tourtravelandmore.com\/fr\/tours\/emirats-arabes-unis-fr\/dubai-fr\/visite-dune-demi-journee-du-dubai-moderne\/","name":"Visite d'une demi-journ\u00e9e du Duba\u00ef moderne | TTM","isPartOf":{"@id":"https:\/\/tourtravelandmore.com\/fr\/#website"},"primaryImageOfPage":{"@id":"https:\/\/tourtravelandmore.com\/fr\/tours\/emirats-arabes-unis-fr\/dubai-fr\/visite-dune-demi-journee-du-dubai-moderne\/#primaryimage"},"image":{"@id":"https:\/\/tourtravelandmore.com\/fr\/tours\/emirats-arabes-unis-fr\/dubai-fr\/visite-dune-demi-journee-du-dubai-moderne\/#primaryimage"},"thumbnailUrl":"https:\/\/tourtravelandmore.com\/wp-content\/uploads\/2021\/12\/pexels-stephane-hurbe-4083973_resultado.jpg","datePublished":"2022-01-17T16:01:36+00:00","dateModified":"2022-01-17T16:25:40+00:00","description":"Visite d'une demi-journ\u00e9e du Duba\u00ef moderne ; architecture moderne, luxe, paysages uniques, b\u00e2timents \u00e9crasants, \u00eeles artificielles \u00e9blouissantes, et bien plus encore. Visite priv\u00e9e.","breadcrumb":{"@id":"https:\/\/tourtravelandmore.com\/fr\/tours\/emirats-arabes-unis-fr\/dubai-fr\/visite-dune-demi-journee-du-dubai-moderne\/#breadcrumb"},"inLanguage":"fr-FR","potentialAction":[{"@type":"ReadAction","target":["https:\/\/tourtravelandmore.com\/fr\/tours\/emirats-arabes-unis-fr\/dubai-fr\/visite-dune-demi-journee-du-dubai-moderne\/"]}]},{"@type":"ImageObject","inLanguage":"fr-FR","@id":"https:\/\/tourtravelandmore.com\/fr\/tours\/emirats-arabes-unis-fr\/dubai-fr\/visite-dune-demi-journee-du-dubai-moderne\/#primaryimage","url":"https:\/\/tourtravelandmore.com\/wp-content\/uploads\/2021\/12\/pexels-stephane-hurbe-4083973_resultado.jpg","contentUrl":"https:\/\/tourtravelandmore.com\/wp-content\/uploads\/2021\/12\/pexels-stephane-hurbe-4083973_resultado.jpg","width":1920,"height":1440},{"@type":"BreadcrumbList","@id":"https:\/\/tourtravelandmore.com\/fr\/tours\/emirats-arabes-unis-fr\/dubai-fr\/visite-dune-demi-journee-du-dubai-moderne\/#breadcrumb","itemListElement":[{"@type":"ListItem","position":1,"name":"Home","item":"https:\/\/tourtravelandmore.com\/fr\/"},{"@type":"ListItem","position":2,"name":"Tours","item":"https:\/\/tourtravelandmore.com\/fr\/tours\/"},{"@type":"ListItem","position":3,"name":"Visite d&rsquo;une demi-journ\u00e9e du Duba\u00ef moderne"}]},{"@type":"WebSite","@id":"https:\/\/tourtravelandmore.com\/fr\/#website","url":"https:\/\/tourtravelandmore.com\/fr\/","name":"Tour Travel And More","description":"Private sightseeing tours and luxury transfers in Spain","publisher":{"@id":"https:\/\/tourtravelandmore.com\/fr\/#organization"},"potentialAction":[{"@type":"SearchAction","target":{"@type":"EntryPoint","urlTemplate":"https:\/\/tourtravelandmore.com\/fr\/?s={search_term_string}"},"query-input":{"@type":"PropertyValueSpecification","valueRequired":true,"valueName":"search_term_string"}}],"inLanguage":"fr-FR"},{"@type":"Organization","@id":"https:\/\/tourtravelandmore.com\/fr\/#organization","name":"Tour Travel And More","url":"https:\/\/tourtravelandmore.com\/fr\/","logo":{"@type":"ImageObject","inLanguage":"fr-FR","@id":"https:\/\/tourtravelandmore.com\/fr\/#\/schema\/logo\/image\/","url":"https:\/\/tourtravelandmore.com\/wp-content\/uploads\/2022\/12\/cropped-logo-cabecera-new.png","contentUrl":"https:\/\/tourtravelandmore.com\/wp-content\/uploads\/2022\/12\/cropped-logo-cabecera-new.png","width":430,"height":61,"caption":"Tour Travel And More"},"image":{"@id":"https:\/\/tourtravelandmore.com\/fr\/#\/schema\/logo\/image\/"},"sameAs":["https:\/\/www.facebook.com\/tourtravelandmore\/","https:\/\/x.com\/TourTravel_More"]}]}},"_links":{"self":[{"href":"https:\/\/tourtravelandmore.com\/fr\/wp-json\/wp\/v2\/product\/117562","targetHints":{"allow":["GET"]}}],"collection":[{"href":"https:\/\/tourtravelandmore.com\/fr\/wp-json\/wp\/v2\/product"}],"about":[{"href":"https:\/\/tourtravelandmore.com\/fr\/wp-json\/wp\/v2\/types\/product"}],"replies":[{"embeddable":true,"href":"https:\/\/tourtravelandmore.com\/fr\/wp-json\/wp\/v2\/comments?post=117562"}],"wp:featuredmedia":[{"embeddable":true,"href":"https:\/\/tourtravelandmore.com\/fr\/wp-json\/wp\/v2\/media\/116161"}],"wp:attachment":[{"href":"https:\/\/tourtravelandmore.com\/fr\/wp-json\/wp\/v2\/media?parent=117562"}],"wp:term":[{"taxonomy":"product_brand","embeddable":true,"href":"https:\/\/tourtravelandmore.com\/fr\/wp-json\/wp\/v2\/product_brand?post=117562"},{"taxonomy":"product_cat","embeddable":true,"href":"https:\/\/tourtravelandmore.com\/fr\/wp-json\/wp\/v2\/product_cat?post=117562"},{"taxonomy":"product_tag","embeddable":true,"href":"https:\/\/tourtravelandmore.com\/fr\/wp-json\/wp\/v2\/product_tag?post=117562"}],"curies":[{"name":"wp","href":"https:\/\/api.w.org\/{rel}","templated":true}]}}