{"id":117556,"date":"2021-12-28T17:01:50","date_gmt":"2022-01-17T15:45:33","guid":{"rendered":"https:\/\/tourtravelandmore.com\/?post_type=product&#038;p=117556"},"modified":"2022-01-17T16:48:09","modified_gmt":"2022-01-17T15:48:09","slug":"safari-prive-d-une-demi-journee-dans-le-desert-en-4x4-a-dubai","status":"publish","type":"product","link":"https:\/\/tourtravelandmore.com\/fr\/tours\/emirats-arabes-unis-fr\/dubai-fr\/safari-prive-d-une-demi-journee-dans-le-desert-en-4x4-a-dubai\/","title":{"rendered":"Safari priv\u00e9 d&#8217;une demi-journ\u00e9e dans le d\u00e9sert en 4&#215;4 \u00e0 Duba\u00ef"},"content":{"rendered":"<h2><b>Safari priv\u00e9 d&#8217;une demi-journ\u00e9e dans le d\u00e9sert en 4&#215;4 \u00e0 Duba\u00ef<\/b><\/h2>\n<p><span style=\"font-weight: 400;\">Votre safari matinal dans le d\u00e9sert commence t\u00f4t le matin, lorsque votre <\/span><b>chauffeur\/guide priv\u00e9 <\/b><span style=\"font-weight: 400;\">vient vous chercher \u00e0 votre h\u00f4tel \u00e0 Duba\u00ef dans un <\/span><b>4\u00d74 Land Cruiser<\/b><span style=\"font-weight: 400;\">. Vous partirez ensuite \u00e0 la d\u00e9couverte des <\/span><b>paysages <\/b><span style=\"font-weight: 400;\">\u00e9poustouflants <\/span><b>du d\u00e9sert d&#8217;Arabie<\/b><span style=\"font-weight: 400;\">.<\/span><\/p>\n<p><span style=\"font-weight: 400;\">Vous arriverez dans le <\/span><b>d\u00e9sert de dunes rouges de Lahbab<\/b><span style=\"font-weight: 400;\">, \u00e0 seulement une heure de la ville. \u00c0 votre arriv\u00e9e, vous aurez quelques minutes pour vous d\u00e9tendre dans l&#8217;environnement unique du d\u00e9sert pendant que votre chauffeur pr\u00e9pare la voiture pour l&#8217;action.<\/span><\/p>\n<p><span style=\"font-weight: 400;\">Alors asseyez-vous, attachez vos ceintures et pr\u00e9parez-vous \u00e0 vivre la <\/span><b>mont\u00e9e d&#8217;adr\u00e9naline <\/b><span style=\"font-weight: 400;\">de votre <\/span><b>tour dans le d\u00e9sert<\/b><span style=\"font-weight: 400;\">. Les mont\u00e9es et descentes des pentes quasi verticales et les virages en \u00e9pingle \u00e0 cheveux des \u00e9normes dunes de sable lisse vous feront croire que vous \u00eates sur des montagnes russes. C&#8217;est une sensation qui vous accompagnera pendant longtemps. Vous pouvez \u00e9galement essayer le sport d\u00e9sormais populaire qu&#8217;est le <\/span><b>sandboarding<\/b><span style=\"font-weight: 400;\">.<\/span><\/p>\n<p><span style=\"font-weight: 400;\">Vous aurez ensuite tout le temps d&#8217;explorer le d\u00e9sert et de prendre des <\/span><b>photos m\u00e9morables des dunes <\/b><span style=\"font-weight: 400;\">avant de retourner \u00e0 votre h\u00f4tel \u00e0 Duba\u00ef.<\/span><span style=\"font-weight: 400;\">\u00a0<\/span><\/p>\n<p><span style=\"font-weight: 400;\">Si notre <\/span><b>safari priv\u00e9 d&#8217;une demi-journ\u00e9e en 4&#215;4 dans le d\u00e9sert de Duba\u00ef <\/b><span style=\"font-weight: 400;\">vous donne envie d&#8217;en savoir plus sur ce lieu unique, <\/span><a href=\"https:\/\/tourtravelandmore.com\/fr\/city\/emirats-arabes-unis-fr\/dubai-fr\/\"><span style=\"font-weight: 400;\">ne manquez pas nos autres visites priv\u00e9es de Duba\u00ef. <\/span><\/a><\/p>\n","protected":false},"excerpt":{"rendered":"<p>Profitez de cette <strong>exp\u00e9rience enti\u00e8rement priv\u00e9e<\/strong> et faites connaissance avec le d\u00e9sert de <strong>Duba\u00ef<\/strong> dans votre <strong>v\u00e9hicule priv\u00e9<\/strong> avec votre propre <strong>chauffeur priv\u00e9<\/strong> pendant 4 heures. Saisissez l&#8217;occasion de visiter les merveilleuses dunes rouges, de prendre des photos de ce paysage unique et de vivre la mont\u00e9e d&#8217;adr\u00e9naline du dune bashing en voiture ou du sandboarding.<\/p>\n","protected":false},"featured_media":116188,"comment_status":"open","ping_status":"closed","template":"","meta":{"_acf_changed":false},"product_brand":[],"product_cat":[3733,3803,3547],"product_tag":[],"class_list":{"0":"post-117556","1":"product","2":"type-product","3":"status-publish","4":"has-post-thumbnail","6":"product_cat-emirats-arabes-unis-fr","7":"product_cat-dubai-fr","8":"product_cat-etats-unis-fr","10":"first","11":"instock","12":"shipping-taxable","13":"purchasable","14":"product-type-simple"},"acf":[],"yoast_head":"<!-- This site is optimized with the Yoast SEO Premium plugin v25.3.1 (Yoast SEO v25.3.1) - https:\/\/yoast.com\/wordpress\/plugins\/seo\/ -->\n<title>Safari priv\u00e9 d&#039;une demi-journ\u00e9e dans le d\u00e9sert en 4x4 \u00e0 Duba\u00ef | TTM<\/title>\n<meta name=\"description\" content=\"Safari priv\u00e9 dans le d\u00e9sert de Duba\u00ef. Dune bashing, paysages d\u00e9sertiques, sandboarding, mont\u00e9e d&#039;adr\u00e9naline et plus encore. Randonn\u00e9e priv\u00e9e.\" \/>\n<meta name=\"robots\" content=\"index, follow, max-snippet:-1, max-image-preview:large, max-video-preview:-1\" \/>\n<link rel=\"canonical\" href=\"https:\/\/tourtravelandmore.com\/fr\/tours\/emirats-arabes-unis-fr\/dubai-fr\/safari-prive-d-une-demi-journee-dans-le-desert-en-4x4-a-dubai\/\" \/>\n<meta property=\"og:locale\" content=\"fr_FR\" \/>\n<meta property=\"og:type\" content=\"article\" \/>\n<meta property=\"og:title\" content=\"Safari priv\u00e9 d&#039;une demi-journ\u00e9e dans le d\u00e9sert en 4x4 \u00e0 Duba\u00ef\" \/>\n<meta property=\"og:description\" content=\"Safari priv\u00e9 dans le d\u00e9sert de Duba\u00ef. Dune bashing, paysages d\u00e9sertiques, sandboarding, mont\u00e9e d&#039;adr\u00e9naline et plus encore. Randonn\u00e9e priv\u00e9e.\" \/>\n<meta property=\"og:url\" content=\"https:\/\/tourtravelandmore.com\/fr\/tours\/emirats-arabes-unis-fr\/dubai-fr\/safari-prive-d-une-demi-journee-dans-le-desert-en-4x4-a-dubai\/\" \/>\n<meta property=\"og:site_name\" content=\"Tour Travel And More\" \/>\n<meta property=\"article:publisher\" content=\"https:\/\/www.facebook.com\/tourtravelandmore\/\" \/>\n<meta property=\"article:modified_time\" content=\"2022-01-17T15:48:09+00:00\" \/>\n<meta property=\"og:image\" content=\"https:\/\/tourtravelandmore.com\/wp-content\/uploads\/2021\/12\/pexels-denys-gromov-4781951.jpg\" \/>\n\t<meta property=\"og:image:width\" content=\"1920\" \/>\n\t<meta property=\"og:image:height\" content=\"1280\" \/>\n\t<meta property=\"og:image:type\" content=\"image\/jpeg\" \/>\n<meta name=\"twitter:card\" content=\"summary_large_image\" \/>\n<meta name=\"twitter:site\" content=\"@TourTravel_More\" \/>\n<meta name=\"twitter:label1\" content=\"Dur\u00e9e de lecture estim\u00e9e\" \/>\n\t<meta name=\"twitter:data1\" content=\"1 minute\" \/>\n<script type=\"application\/ld+json\" class=\"yoast-schema-graph\">{\"@context\":\"https:\/\/schema.org\",\"@graph\":[{\"@type\":\"WebPage\",\"@id\":\"https:\/\/tourtravelandmore.com\/fr\/tours\/emirats-arabes-unis-fr\/dubai-fr\/safari-prive-d-une-demi-journee-dans-le-desert-en-4x4-a-dubai\/\",\"url\":\"https:\/\/tourtravelandmore.com\/fr\/tours\/emirats-arabes-unis-fr\/dubai-fr\/safari-prive-d-une-demi-journee-dans-le-desert-en-4x4-a-dubai\/\",\"name\":\"Safari priv\u00e9 d'une demi-journ\u00e9e dans le d\u00e9sert en 4x4 \u00e0 Duba\u00ef | TTM\",\"isPartOf\":{\"@id\":\"https:\/\/tourtravelandmore.com\/fr\/#website\"},\"primaryImageOfPage\":{\"@id\":\"https:\/\/tourtravelandmore.com\/fr\/tours\/emirats-arabes-unis-fr\/dubai-fr\/safari-prive-d-une-demi-journee-dans-le-desert-en-4x4-a-dubai\/#primaryimage\"},\"image\":{\"@id\":\"https:\/\/tourtravelandmore.com\/fr\/tours\/emirats-arabes-unis-fr\/dubai-fr\/safari-prive-d-une-demi-journee-dans-le-desert-en-4x4-a-dubai\/#primaryimage\"},\"thumbnailUrl\":\"https:\/\/tourtravelandmore.com\/wp-content\/uploads\/2021\/12\/pexels-denys-gromov-4781951.jpg\",\"datePublished\":\"2022-01-17T15:45:33+00:00\",\"dateModified\":\"2022-01-17T15:48:09+00:00\",\"description\":\"Safari priv\u00e9 dans le d\u00e9sert de Duba\u00ef. Dune bashing, paysages d\u00e9sertiques, sandboarding, mont\u00e9e d'adr\u00e9naline et plus encore. Randonn\u00e9e priv\u00e9e.\",\"breadcrumb\":{\"@id\":\"https:\/\/tourtravelandmore.com\/fr\/tours\/emirats-arabes-unis-fr\/dubai-fr\/safari-prive-d-une-demi-journee-dans-le-desert-en-4x4-a-dubai\/#breadcrumb\"},\"inLanguage\":\"fr-FR\",\"potentialAction\":[{\"@type\":\"ReadAction\",\"target\":[\"https:\/\/tourtravelandmore.com\/fr\/tours\/emirats-arabes-unis-fr\/dubai-fr\/safari-prive-d-une-demi-journee-dans-le-desert-en-4x4-a-dubai\/\"]}]},{\"@type\":\"ImageObject\",\"inLanguage\":\"fr-FR\",\"@id\":\"https:\/\/tourtravelandmore.com\/fr\/tours\/emirats-arabes-unis-fr\/dubai-fr\/safari-prive-d-une-demi-journee-dans-le-desert-en-4x4-a-dubai\/#primaryimage\",\"url\":\"https:\/\/tourtravelandmore.com\/wp-content\/uploads\/2021\/12\/pexels-denys-gromov-4781951.jpg\",\"contentUrl\":\"https:\/\/tourtravelandmore.com\/wp-content\/uploads\/2021\/12\/pexels-denys-gromov-4781951.jpg\",\"width\":1920,\"height\":1280},{\"@type\":\"BreadcrumbList\",\"@id\":\"https:\/\/tourtravelandmore.com\/fr\/tours\/emirats-arabes-unis-fr\/dubai-fr\/safari-prive-d-une-demi-journee-dans-le-desert-en-4x4-a-dubai\/#breadcrumb\",\"itemListElement\":[{\"@type\":\"ListItem\",\"position\":1,\"name\":\"Home\",\"item\":\"https:\/\/tourtravelandmore.com\/fr\/\"},{\"@type\":\"ListItem\",\"position\":2,\"name\":\"Tours\",\"item\":\"https:\/\/tourtravelandmore.com\/fr\/tours\/\"},{\"@type\":\"ListItem\",\"position\":3,\"name\":\"Safari priv\u00e9 d&rsquo;une demi-journ\u00e9e dans le d\u00e9sert en 4&#215;4 \u00e0 Duba\u00ef\"}]},{\"@type\":\"WebSite\",\"@id\":\"https:\/\/tourtravelandmore.com\/fr\/#website\",\"url\":\"https:\/\/tourtravelandmore.com\/fr\/\",\"name\":\"Tour Travel And More\",\"description\":\"Private sightseeing tours and luxury transfers in Spain\",\"publisher\":{\"@id\":\"https:\/\/tourtravelandmore.com\/fr\/#organization\"},\"potentialAction\":[{\"@type\":\"SearchAction\",\"target\":{\"@type\":\"EntryPoint\",\"urlTemplate\":\"https:\/\/tourtravelandmore.com\/fr\/?s={search_term_string}\"},\"query-input\":{\"@type\":\"PropertyValueSpecification\",\"valueRequired\":true,\"valueName\":\"search_term_string\"}}],\"inLanguage\":\"fr-FR\"},{\"@type\":\"Organization\",\"@id\":\"https:\/\/tourtravelandmore.com\/fr\/#organization\",\"name\":\"Tour Travel And More\",\"url\":\"https:\/\/tourtravelandmore.com\/fr\/\",\"logo\":{\"@type\":\"ImageObject\",\"inLanguage\":\"fr-FR\",\"@id\":\"https:\/\/tourtravelandmore.com\/fr\/#\/schema\/logo\/image\/\",\"url\":\"https:\/\/tourtravelandmore.com\/wp-content\/uploads\/2022\/12\/cropped-logo-cabecera-new.png\",\"contentUrl\":\"https:\/\/tourtravelandmore.com\/wp-content\/uploads\/2022\/12\/cropped-logo-cabecera-new.png\",\"width\":430,\"height\":61,\"caption\":\"Tour Travel And More\"},\"image\":{\"@id\":\"https:\/\/tourtravelandmore.com\/fr\/#\/schema\/logo\/image\/\"},\"sameAs\":[\"https:\/\/www.facebook.com\/tourtravelandmore\/\",\"https:\/\/x.com\/TourTravel_More\"]}]}<\/script>\n<!-- \/ Yoast SEO Premium plugin. -->","yoast_head_json":{"title":"Safari priv\u00e9 d'une demi-journ\u00e9e dans le d\u00e9sert en 4x4 \u00e0 Duba\u00ef | TTM","description":"Safari priv\u00e9 dans le d\u00e9sert de Duba\u00ef. Dune bashing, paysages d\u00e9sertiques, sandboarding, mont\u00e9e d'adr\u00e9naline et plus encore. Randonn\u00e9e priv\u00e9e.","robots":{"index":"index","follow":"follow","max-snippet":"max-snippet:-1","max-image-preview":"max-image-preview:large","max-video-preview":"max-video-preview:-1"},"canonical":"https:\/\/tourtravelandmore.com\/fr\/tours\/emirats-arabes-unis-fr\/dubai-fr\/safari-prive-d-une-demi-journee-dans-le-desert-en-4x4-a-dubai\/","og_locale":"fr_FR","og_type":"article","og_title":"Safari priv\u00e9 d'une demi-journ\u00e9e dans le d\u00e9sert en 4x4 \u00e0 Duba\u00ef","og_description":"Safari priv\u00e9 dans le d\u00e9sert de Duba\u00ef. Dune bashing, paysages d\u00e9sertiques, sandboarding, mont\u00e9e d'adr\u00e9naline et plus encore. Randonn\u00e9e priv\u00e9e.","og_url":"https:\/\/tourtravelandmore.com\/fr\/tours\/emirats-arabes-unis-fr\/dubai-fr\/safari-prive-d-une-demi-journee-dans-le-desert-en-4x4-a-dubai\/","og_site_name":"Tour Travel And More","article_publisher":"https:\/\/www.facebook.com\/tourtravelandmore\/","article_modified_time":"2022-01-17T15:48:09+00:00","og_image":[{"width":1920,"height":1280,"url":"https:\/\/tourtravelandmore.com\/wp-content\/uploads\/2021\/12\/pexels-denys-gromov-4781951.jpg","type":"image\/jpeg"}],"twitter_card":"summary_large_image","twitter_site":"@TourTravel_More","twitter_misc":{"Dur\u00e9e de lecture estim\u00e9e":"1 minute"},"schema":{"@context":"https:\/\/schema.org","@graph":[{"@type":"WebPage","@id":"https:\/\/tourtravelandmore.com\/fr\/tours\/emirats-arabes-unis-fr\/dubai-fr\/safari-prive-d-une-demi-journee-dans-le-desert-en-4x4-a-dubai\/","url":"https:\/\/tourtravelandmore.com\/fr\/tours\/emirats-arabes-unis-fr\/dubai-fr\/safari-prive-d-une-demi-journee-dans-le-desert-en-4x4-a-dubai\/","name":"Safari priv\u00e9 d'une demi-journ\u00e9e dans le d\u00e9sert en 4x4 \u00e0 Duba\u00ef | TTM","isPartOf":{"@id":"https:\/\/tourtravelandmore.com\/fr\/#website"},"primaryImageOfPage":{"@id":"https:\/\/tourtravelandmore.com\/fr\/tours\/emirats-arabes-unis-fr\/dubai-fr\/safari-prive-d-une-demi-journee-dans-le-desert-en-4x4-a-dubai\/#primaryimage"},"image":{"@id":"https:\/\/tourtravelandmore.com\/fr\/tours\/emirats-arabes-unis-fr\/dubai-fr\/safari-prive-d-une-demi-journee-dans-le-desert-en-4x4-a-dubai\/#primaryimage"},"thumbnailUrl":"https:\/\/tourtravelandmore.com\/wp-content\/uploads\/2021\/12\/pexels-denys-gromov-4781951.jpg","datePublished":"2022-01-17T15:45:33+00:00","dateModified":"2022-01-17T15:48:09+00:00","description":"Safari priv\u00e9 dans le d\u00e9sert de Duba\u00ef. Dune bashing, paysages d\u00e9sertiques, sandboarding, mont\u00e9e d'adr\u00e9naline et plus encore. Randonn\u00e9e priv\u00e9e.","breadcrumb":{"@id":"https:\/\/tourtravelandmore.com\/fr\/tours\/emirats-arabes-unis-fr\/dubai-fr\/safari-prive-d-une-demi-journee-dans-le-desert-en-4x4-a-dubai\/#breadcrumb"},"inLanguage":"fr-FR","potentialAction":[{"@type":"ReadAction","target":["https:\/\/tourtravelandmore.com\/fr\/tours\/emirats-arabes-unis-fr\/dubai-fr\/safari-prive-d-une-demi-journee-dans-le-desert-en-4x4-a-dubai\/"]}]},{"@type":"ImageObject","inLanguage":"fr-FR","@id":"https:\/\/tourtravelandmore.com\/fr\/tours\/emirats-arabes-unis-fr\/dubai-fr\/safari-prive-d-une-demi-journee-dans-le-desert-en-4x4-a-dubai\/#primaryimage","url":"https:\/\/tourtravelandmore.com\/wp-content\/uploads\/2021\/12\/pexels-denys-gromov-4781951.jpg","contentUrl":"https:\/\/tourtravelandmore.com\/wp-content\/uploads\/2021\/12\/pexels-denys-gromov-4781951.jpg","width":1920,"height":1280},{"@type":"BreadcrumbList","@id":"https:\/\/tourtravelandmore.com\/fr\/tours\/emirats-arabes-unis-fr\/dubai-fr\/safari-prive-d-une-demi-journee-dans-le-desert-en-4x4-a-dubai\/#breadcrumb","itemListElement":[{"@type":"ListItem","position":1,"name":"Home","item":"https:\/\/tourtravelandmore.com\/fr\/"},{"@type":"ListItem","position":2,"name":"Tours","item":"https:\/\/tourtravelandmore.com\/fr\/tours\/"},{"@type":"ListItem","position":3,"name":"Safari priv\u00e9 d&rsquo;une demi-journ\u00e9e dans le d\u00e9sert en 4&#215;4 \u00e0 Duba\u00ef"}]},{"@type":"WebSite","@id":"https:\/\/tourtravelandmore.com\/fr\/#website","url":"https:\/\/tourtravelandmore.com\/fr\/","name":"Tour Travel And More","description":"Private sightseeing tours and luxury transfers in Spain","publisher":{"@id":"https:\/\/tourtravelandmore.com\/fr\/#organization"},"potentialAction":[{"@type":"SearchAction","target":{"@type":"EntryPoint","urlTemplate":"https:\/\/tourtravelandmore.com\/fr\/?s={search_term_string}"},"query-input":{"@type":"PropertyValueSpecification","valueRequired":true,"valueName":"search_term_string"}}],"inLanguage":"fr-FR"},{"@type":"Organization","@id":"https:\/\/tourtravelandmore.com\/fr\/#organization","name":"Tour Travel And More","url":"https:\/\/tourtravelandmore.com\/fr\/","logo":{"@type":"ImageObject","inLanguage":"fr-FR","@id":"https:\/\/tourtravelandmore.com\/fr\/#\/schema\/logo\/image\/","url":"https:\/\/tourtravelandmore.com\/wp-content\/uploads\/2022\/12\/cropped-logo-cabecera-new.png","contentUrl":"https:\/\/tourtravelandmore.com\/wp-content\/uploads\/2022\/12\/cropped-logo-cabecera-new.png","width":430,"height":61,"caption":"Tour Travel And More"},"image":{"@id":"https:\/\/tourtravelandmore.com\/fr\/#\/schema\/logo\/image\/"},"sameAs":["https:\/\/www.facebook.com\/tourtravelandmore\/","https:\/\/x.com\/TourTravel_More"]}]}},"_links":{"self":[{"href":"https:\/\/tourtravelandmore.com\/fr\/wp-json\/wp\/v2\/product\/117556","targetHints":{"allow":["GET"]}}],"collection":[{"href":"https:\/\/tourtravelandmore.com\/fr\/wp-json\/wp\/v2\/product"}],"about":[{"href":"https:\/\/tourtravelandmore.com\/fr\/wp-json\/wp\/v2\/types\/product"}],"replies":[{"embeddable":true,"href":"https:\/\/tourtravelandmore.com\/fr\/wp-json\/wp\/v2\/comments?post=117556"}],"wp:featuredmedia":[{"embeddable":true,"href":"https:\/\/tourtravelandmore.com\/fr\/wp-json\/wp\/v2\/media\/116188"}],"wp:attachment":[{"href":"https:\/\/tourtravelandmore.com\/fr\/wp-json\/wp\/v2\/media?parent=117556"}],"wp:term":[{"taxonomy":"product_brand","embeddable":true,"href":"https:\/\/tourtravelandmore.com\/fr\/wp-json\/wp\/v2\/product_brand?post=117556"},{"taxonomy":"product_cat","embeddable":true,"href":"https:\/\/tourtravelandmore.com\/fr\/wp-json\/wp\/v2\/product_cat?post=117556"},{"taxonomy":"product_tag","embeddable":true,"href":"https:\/\/tourtravelandmore.com\/fr\/wp-json\/wp\/v2\/product_tag?post=117556"}],"curies":[{"name":"wp","href":"https:\/\/api.w.org\/{rel}","templated":true}]}}