{"id":117374,"date":"2022-01-12T17:15:47","date_gmt":"2022-01-12T16:15:56","guid":{"rendered":"https:\/\/tourtravelandmore.com\/?post_type=product&#038;p=117374"},"modified":"2022-11-29T16:17:38","modified_gmt":"2022-11-29T15:17:38","slug":"visite-privee-de-reims-depuis-paris","status":"publish","type":"product","link":"https:\/\/tourtravelandmore.com\/fr\/tours\/espagne-fr\/valencia-fr\/visites-guidees-privees-valencia-fr\/visite-privee-de-reims-depuis-paris\/","title":{"rendered":"Visite priv\u00e9e de Reims depuis Paris"},"content":{"rendered":"<h2><b>Description de la Visite Priv\u00e9e de Reims au d\u00e9part de Paris<\/b><\/h2>\n<p><span style=\"font-weight: 400;\">Reims est situ\u00e9e dans la r\u00e9gion Grand Est (ancienne Champagne), et est reconnue mondialement comme le berceau du meilleur champagne du monde.\u00a0<\/span><\/p>\n<p><span style=\"font-weight: 400;\">C&#8217;\u00e9tait l&#8217;une des villes les plus importantes pendant l&#8217;Empire romain et dans laquelle les rois de France ont v\u00e9cu diff\u00e9rents \u00e9v\u00e9nements historiques.\u00a0<\/span><\/p>\n<p><span style=\"font-weight: 400;\">Lors de notre <\/span><b>visite priv\u00e9e de Reims au d\u00e9part de Paris, <\/b><span style=\"font-weight: 400;\">vous d\u00e9couvrirez cette ville situ\u00e9e au c\u0153ur du Mamem, qui est l&#8217;une des r\u00e9gions les plus pittoresques de France.\u00a0<\/span><\/p>\n<p><span style=\"font-weight: 400;\">Nous viendrons vous chercher \u00e0 un endroit central de Paris que vous nous indiquerez. Le but est de tout faire en fonction de votre temps et de votre itin\u00e9raire.\u00a0<\/span><\/p>\n<p><span style=\"font-weight: 400;\">De l\u00e0, nous partirons dans une <\/span><b>luxueuse voiture priv\u00e9e <\/b><span style=\"font-weight: 400;\">qui vous emm\u00e8nera \u00e0 travers la magnifique campagne fran\u00e7aise vers la r\u00e9gion de Champagne, situ\u00e9e \u00e0 seulement 2 heures de Paris.\u00a0<\/span><\/p>\n<p><span style=\"font-weight: 400;\">Il s&#8217;agit d&#8217;une excursion de 8 heures, au cours de laquelle vous verrez les majestueux vignobles, la place Drouet-d&#8217;Erlon, la place Royale, la cath\u00e9drale Notre-Dame de Reims, parmi de nombreux autres sites d&#8217;une beaut\u00e9 \u00e0 couper le souffle.\u00a0<\/span><\/p>\n<p><span style=\"font-weight: 400;\">Lors de cette visite priv\u00e9e, vous pourrez admirer les diff\u00e9rents monuments architecturaux de Reims, son Art D\u00e9co et ses lieux les plus embl\u00e9matiques.\u00a0<\/span><\/p>\n<p><span style=\"font-weight: 400;\">De plus, une fois dans la ville, <\/span><b>un guide officiel local vous accompagnera pendant 2 heures <\/b><span style=\"font-weight: 400;\">pour vous faire d\u00e9couvrir les sites les plus attrayants et les plus int\u00e9ressants de la plus importante ville viticole de France.\u00a0<\/span><\/p>\n<h2><b>Points forts de la <\/b><b>visite priv\u00e9e de Reims au d\u00e9part de Paris\u00a0<\/b><\/h2>\n<p><span style=\"font-weight: 400;\">Cette visite priv\u00e9e est pr\u00e9vue pour que vous puissiez en profiter en tout confort. Par cons\u00e9quent, nous viendrons vous chercher \u00e0 votre h\u00f4tel ou \u00e0 un endroit central de Paris, selon ce qui vous convient le mieux.\u00a0<\/span><\/p>\n<p><span style=\"font-weight: 400;\">De l\u00e0, nous nous rendrons dans une voiture exclusive dans le d\u00e9partement de Marme. La route elle-m\u00eame est d\u00e9j\u00e0 un spectacle car elle est pleine de vignobles et de petits villages pleins de charme.\u00a0<\/span><\/p>\n<p><span style=\"font-weight: 400;\">\u00c0 l&#8217;arriv\u00e9e \u00e0 Reims, vous explorerez les sites les plus attrayants, tels que :\u00a0<\/span><\/p>\n<h3><span style=\"color: #d3af37;\"><b>La cath\u00e9drale de Notre Dame de Reims<\/b><\/span><\/h3>\n<p><span style=\"font-weight: 400;\">La visite de l&#8217;embl\u00e9matique cath\u00e9drale Notre Dame de Reims, est un arr\u00eat obligatoire \u00e0 Reims. Tous les couronnements des rois de France ont eu lieu ici depuis pr\u00e8s de mille ans.\u00a0<\/span><\/p>\n<p><span style=\"font-weight: 400;\">Ce b\u00e2timent de style gothique a \u00e9t\u00e9 d\u00e9clar\u00e9 par l&#8217;Unesco comme patrimoine historique mondial, en raison de son architecture imposante et du fait qu&#8217;il a \u00e9t\u00e9 le th\u00e9\u00e2tre de nombreux \u00e9v\u00e9nements historiques au fil des ans.\u00a0\u00a0<\/span><\/p>\n<h3><span style=\"color: #d3af37;\"><b>Le palais de Tau<\/b><\/span><\/h3>\n<p><span style=\"font-weight: 400;\">Ce palais archi\u00e9piscopal est impr\u00e9gn\u00e9 de l&#8217;histoire de la noblesse fran\u00e7aise, puisque c&#8217;est ici que les futurs rois \u00e9taient log\u00e9s et pr\u00e9par\u00e9s avant d&#8217;\u00eatre couronn\u00e9s \u00e0 Notre Dame.\u00a0<\/span><\/p>\n<p><span style=\"font-weight: 400;\">Aujourd&#8217;hui, il a \u00e9t\u00e9 restaur\u00e9 apr\u00e8s la Seconde Guerre mondiale, mais de nombreuses pi\u00e8ces d&#8217;origine, comme la chapelle de 1207, sont encore pr\u00e9serv\u00e9es.\u00a0<\/span><\/p>\n<p><span style=\"font-weight: 400;\">Dans le palais, il y a un mus\u00e9e, dans lequel se trouve une grande partie des joyaux originaux de la couronne fran\u00e7aise. C&#8217;est un spectacle digne d&#8217;admiration.\u00a0<\/span><\/p>\n<h3><span style=\"color: #d3af37;\"><b>Maisons de champagne c\u00e9l\u00e8bres<\/b><\/span><\/h3>\n<p><span style=\"font-weight: 400;\">Si vous \u00eates un amateur de champagne, cette excursion vous permettra de d\u00e9couvrir les c\u00e9l\u00e8bres maisons de champagne de Reims.\u00a0\u00a0<\/span><\/p>\n<p><span style=\"font-weight: 400;\">Le plus frappant dans ce circuit est que ses galeries se trouvent sous la ville et s&#8217;\u00e9tendent sur plus de 250 kilom\u00e8tres. Ces caves abritent la campagne la plus p\u00e9tillante du monde.\u00a0<\/span><\/p>\n<p><span style=\"font-weight: 400;\">Dans les maisons de champagne, vous d\u00e9couvrirez les outils et les techniques utilis\u00e9s pour la production de cette boisson, ainsi que les plus c\u00e9l\u00e8bres marques internationales de champagne. Bien \u00e9videmment, l&#8217;espace de d\u00e9gustation ne pouvait manquer.\u00a0<\/span><\/p>\n<h3><span style=\"color: #d3af37;\"><b>Le centre historique de Reims<\/b><\/span><\/h3>\n<p><span style=\"font-weight: 400;\">Les rues de Reims sont tout simplement charmantes. On y trouve de nombreux <\/span><b>b\u00e2timents Art D\u00e9co <\/b><span style=\"font-weight: 400;\">du 20\u00e8me si\u00e8cle, m\u00e9lang\u00e9s aux monuments et \u00e0 l&#8217;architecture laiss\u00e9s par les Romains dans la ville.\u00a0<\/span><\/p>\n<p><span style=\"font-weight: 400;\">L&#8217;un de ses b\u00e2timents les plus frappants est la Porte de Mars, mais il y a beaucoup d&#8217;autres choses \u00e0 admirer dans cette visite.\u00a0<\/span><\/p>\n<p><span style=\"font-weight: 400;\">Ainsi, en plus de ces points d&#8217;int\u00e9r\u00eat, cette visite priv\u00e9e de Reims vous permettra \u00e9galement de conna\u00eetre :\u00a0<\/span><\/p>\n<h3><span style=\"color: #d3af37;\"><b>Villa Demoiselle<\/b><\/span><\/h3>\n<p><span style=\"font-weight: 400;\">Cet imposant b\u00e2timent Belle \u00c9poque se marie bien avec le style gothique de Reims.\u00a0<\/span><\/p>\n<p><span style=\"font-weight: 400;\">Il appartient aux propri\u00e9taires des champagnes Pommery, et c&#8217;est un lieu qui impressionne par chaque d\u00e9tail de sa structure.\u00a0<\/span><\/p>\n<h3><span style=\"color: #d3af37;\"><b>Le Place du Forum<\/b><\/span><\/h3>\n<p><span style=\"font-weight: 400;\">Sur la place du Forum, vous trouverez quelques vestiges de l&#8217;architecture romaine, rappelant l&#8217;influence de cette civilisation en France.\u00a0<\/span><\/p>\n<p><span style=\"font-weight: 400;\">Dans cette zone, vous verrez \u00e9galement de nombreuses galeries, des b\u00e2timents Art d\u00e9co et d&#8217;autres b\u00e2timents qui se distinguent par leur beaut\u00e9 unique.\u00a0<\/span><\/p>\n<p><span style=\"font-weight: 400;\">Vous pourrez \u00e9galement visiter d&#8217;autres points d&#8217;int\u00e9r\u00eat tels que :\u00a0<\/span><\/p>\n<ul>\n<li><b>Vue du mus\u00e9e des beaux-arts.\u00a0<\/b><\/li>\n<li><b>Fort de la Pompelle.\u00a0<\/b><\/li>\n<li><b>Vue de la Biblioth\u00e8que Carnegie, parmi beaucoup d&#8217;autres.\u00a0<\/b><\/li>\n<\/ul>\n<p><span style=\"font-weight: 400;\">Ne manquez pas cette promenade inoubliable dans la &#8220;ville des rois&#8221;, qui abrite de nombreux sites du patrimoine mondial.\u00a0<\/span><\/p>\n<p><span style=\"font-weight: 400;\">Si vous voulez conna\u00eetre la ville plus en profondeur, nous vous recommandons d&#8217;opter pour la <\/span><b>visite guid\u00e9e \u00e0 pied de Reims<\/b><span style=\"font-weight: 400;\">, avec laquelle vous conna\u00eetrez chaque coin touristique et les joyaux cach\u00e9s de la capitale du champagne.\u00a0<\/span><\/p>\n","protected":false},"excerpt":{"rendered":"<p><span style=\"font-weight: 400;\">D\u00e9couvrez tous les recoins de la magnifique ville de Reims lors d&#8217;une visite priv\u00e9e depuis Paris en compagnie d&#8217;un guide priv\u00e9 et dans une voiture de luxe exclusive. Explorez tous les lieux d&#8217;int\u00e9r\u00eat de la capitale mondiale du champagne, tels que le Palais de tau, la Villa Demoiselle, la Basilique Saint-Remi, la Place du Forum, parmi de nombreux autres lieux de grande attraction touristique et historique. <\/span><\/p>\n","protected":false},"featured_media":118511,"comment_status":"open","ping_status":"closed","template":"","meta":{"_acf_changed":false},"product_brand":[],"product_cat":[3540,3616,4045,4044],"product_tag":[],"class_list":{"0":"post-117374","1":"product","2":"type-product","3":"status-publish","4":"has-post-thumbnail","6":"product_cat-france-fr","7":"product_cat-reims-fr","8":"product_cat-visites-guidees-privees-valencia-fr","9":"product_cat-toutes-les-visites-et-activites-privees-reims-fr","11":"first","12":"instock","13":"shipping-taxable","14":"purchasable","15":"product-type-simple"},"acf":[],"yoast_head":"<!-- This site is optimized with the Yoast SEO Premium plugin v25.3.1 (Yoast SEO v25.3.1) - https:\/\/yoast.com\/wordpress\/plugins\/seo\/ -->\n<title>Visite priv\u00e9e de Reims au d\u00e9part de Paris en voiture priv\u00e9e avec un guide expert en histoire locale.<\/title>\n<meta name=\"description\" content=\"Visitez la capitale mondiale du champagne lors d&#039;une visite priv\u00e9e \u00e0 Reims depuis Paris, en voyageant dans une voiture de luxe confortable et en \u00e9tant accompagn\u00e9 d&#039;un guide officiel local.\" \/>\n<meta name=\"robots\" content=\"index, follow, max-snippet:-1, max-image-preview:large, max-video-preview:-1\" \/>\n<link rel=\"canonical\" href=\"https:\/\/tourtravelandmore.com\/fr\/tours\/espagne-fr\/valencia-fr\/visites-guidees-privees-valencia-fr\/visite-privee-de-reims-depuis-paris\/\" \/>\n<meta property=\"og:locale\" content=\"fr_FR\" \/>\n<meta property=\"og:type\" content=\"article\" \/>\n<meta property=\"og:title\" content=\"Visite priv\u00e9e de Reims depuis Paris\" \/>\n<meta property=\"og:description\" content=\"Visitez la capitale mondiale du champagne lors d&#039;une visite priv\u00e9e \u00e0 Reims depuis Paris, en voyageant dans une voiture de luxe confortable et en \u00e9tant accompagn\u00e9 d&#039;un guide officiel local.\" \/>\n<meta property=\"og:url\" content=\"https:\/\/tourtravelandmore.com\/fr\/tours\/espagne-fr\/valencia-fr\/visites-guidees-privees-valencia-fr\/visite-privee-de-reims-depuis-paris\/\" \/>\n<meta property=\"og:site_name\" content=\"Tour Travel And More\" \/>\n<meta property=\"article:publisher\" content=\"https:\/\/www.facebook.com\/tourtravelandmore\/\" \/>\n<meta property=\"article:modified_time\" content=\"2022-11-29T15:17:38+00:00\" \/>\n<meta property=\"og:image\" content=\"https:\/\/tourtravelandmore.com\/wp-content\/uploads\/2022\/01\/adlan-pO_l4aoVYjY-unsplash.jpg\" \/>\n\t<meta property=\"og:image:width\" content=\"1920\" \/>\n\t<meta property=\"og:image:height\" content=\"1463\" \/>\n\t<meta property=\"og:image:type\" content=\"image\/jpeg\" \/>\n<meta name=\"twitter:card\" content=\"summary_large_image\" \/>\n<meta name=\"twitter:site\" content=\"@TourTravel_More\" \/>\n<meta name=\"twitter:label1\" content=\"Dur\u00e9e de lecture estim\u00e9e\" \/>\n\t<meta name=\"twitter:data1\" content=\"5 minutes\" \/>\n<script type=\"application\/ld+json\" class=\"yoast-schema-graph\">{\"@context\":\"https:\/\/schema.org\",\"@graph\":[{\"@type\":\"WebPage\",\"@id\":\"https:\/\/tourtravelandmore.com\/fr\/tours\/espagne-fr\/valencia-fr\/visites-guidees-privees-valencia-fr\/visite-privee-de-reims-depuis-paris\/\",\"url\":\"https:\/\/tourtravelandmore.com\/fr\/tours\/espagne-fr\/valencia-fr\/visites-guidees-privees-valencia-fr\/visite-privee-de-reims-depuis-paris\/\",\"name\":\"Visite priv\u00e9e de Reims au d\u00e9part de Paris en voiture priv\u00e9e avec un guide expert en histoire locale.\",\"isPartOf\":{\"@id\":\"https:\/\/tourtravelandmore.com\/fr\/#website\"},\"primaryImageOfPage\":{\"@id\":\"https:\/\/tourtravelandmore.com\/fr\/tours\/espagne-fr\/valencia-fr\/visites-guidees-privees-valencia-fr\/visite-privee-de-reims-depuis-paris\/#primaryimage\"},\"image\":{\"@id\":\"https:\/\/tourtravelandmore.com\/fr\/tours\/espagne-fr\/valencia-fr\/visites-guidees-privees-valencia-fr\/visite-privee-de-reims-depuis-paris\/#primaryimage\"},\"thumbnailUrl\":\"https:\/\/tourtravelandmore.com\/wp-content\/uploads\/2022\/01\/adlan-pO_l4aoVYjY-unsplash.jpg\",\"datePublished\":\"2022-01-12T16:15:56+00:00\",\"dateModified\":\"2022-11-29T15:17:38+00:00\",\"description\":\"Visitez la capitale mondiale du champagne lors d'une visite priv\u00e9e \u00e0 Reims depuis Paris, en voyageant dans une voiture de luxe confortable et en \u00e9tant accompagn\u00e9 d'un guide officiel local.\",\"breadcrumb\":{\"@id\":\"https:\/\/tourtravelandmore.com\/fr\/tours\/espagne-fr\/valencia-fr\/visites-guidees-privees-valencia-fr\/visite-privee-de-reims-depuis-paris\/#breadcrumb\"},\"inLanguage\":\"fr-FR\",\"potentialAction\":[{\"@type\":\"ReadAction\",\"target\":[\"https:\/\/tourtravelandmore.com\/fr\/tours\/espagne-fr\/valencia-fr\/visites-guidees-privees-valencia-fr\/visite-privee-de-reims-depuis-paris\/\"]}]},{\"@type\":\"ImageObject\",\"inLanguage\":\"fr-FR\",\"@id\":\"https:\/\/tourtravelandmore.com\/fr\/tours\/espagne-fr\/valencia-fr\/visites-guidees-privees-valencia-fr\/visite-privee-de-reims-depuis-paris\/#primaryimage\",\"url\":\"https:\/\/tourtravelandmore.com\/wp-content\/uploads\/2022\/01\/adlan-pO_l4aoVYjY-unsplash.jpg\",\"contentUrl\":\"https:\/\/tourtravelandmore.com\/wp-content\/uploads\/2022\/01\/adlan-pO_l4aoVYjY-unsplash.jpg\",\"width\":1920,\"height\":1463},{\"@type\":\"BreadcrumbList\",\"@id\":\"https:\/\/tourtravelandmore.com\/fr\/tours\/espagne-fr\/valencia-fr\/visites-guidees-privees-valencia-fr\/visite-privee-de-reims-depuis-paris\/#breadcrumb\",\"itemListElement\":[{\"@type\":\"ListItem\",\"position\":1,\"name\":\"Home\",\"item\":\"https:\/\/tourtravelandmore.com\/fr\/\"},{\"@type\":\"ListItem\",\"position\":2,\"name\":\"Tours\",\"item\":\"https:\/\/tourtravelandmore.com\/fr\/tours\/\"},{\"@type\":\"ListItem\",\"position\":3,\"name\":\"Visite priv\u00e9e de Reims depuis Paris\"}]},{\"@type\":\"WebSite\",\"@id\":\"https:\/\/tourtravelandmore.com\/fr\/#website\",\"url\":\"https:\/\/tourtravelandmore.com\/fr\/\",\"name\":\"Tour Travel And More\",\"description\":\"Private sightseeing tours and luxury transfers in Spain\",\"publisher\":{\"@id\":\"https:\/\/tourtravelandmore.com\/fr\/#organization\"},\"potentialAction\":[{\"@type\":\"SearchAction\",\"target\":{\"@type\":\"EntryPoint\",\"urlTemplate\":\"https:\/\/tourtravelandmore.com\/fr\/?s={search_term_string}\"},\"query-input\":{\"@type\":\"PropertyValueSpecification\",\"valueRequired\":true,\"valueName\":\"search_term_string\"}}],\"inLanguage\":\"fr-FR\"},{\"@type\":\"Organization\",\"@id\":\"https:\/\/tourtravelandmore.com\/fr\/#organization\",\"name\":\"Tour Travel And More\",\"url\":\"https:\/\/tourtravelandmore.com\/fr\/\",\"logo\":{\"@type\":\"ImageObject\",\"inLanguage\":\"fr-FR\",\"@id\":\"https:\/\/tourtravelandmore.com\/fr\/#\/schema\/logo\/image\/\",\"url\":\"https:\/\/tourtravelandmore.com\/wp-content\/uploads\/2022\/12\/cropped-logo-cabecera-new.png\",\"contentUrl\":\"https:\/\/tourtravelandmore.com\/wp-content\/uploads\/2022\/12\/cropped-logo-cabecera-new.png\",\"width\":430,\"height\":61,\"caption\":\"Tour Travel And More\"},\"image\":{\"@id\":\"https:\/\/tourtravelandmore.com\/fr\/#\/schema\/logo\/image\/\"},\"sameAs\":[\"https:\/\/www.facebook.com\/tourtravelandmore\/\",\"https:\/\/x.com\/TourTravel_More\"]}]}<\/script>\n<!-- \/ Yoast SEO Premium plugin. -->","yoast_head_json":{"title":"Visite priv\u00e9e de Reims au d\u00e9part de Paris en voiture priv\u00e9e avec un guide expert en histoire locale.","description":"Visitez la capitale mondiale du champagne lors d'une visite priv\u00e9e \u00e0 Reims depuis Paris, en voyageant dans une voiture de luxe confortable et en \u00e9tant accompagn\u00e9 d'un guide officiel local.","robots":{"index":"index","follow":"follow","max-snippet":"max-snippet:-1","max-image-preview":"max-image-preview:large","max-video-preview":"max-video-preview:-1"},"canonical":"https:\/\/tourtravelandmore.com\/fr\/tours\/espagne-fr\/valencia-fr\/visites-guidees-privees-valencia-fr\/visite-privee-de-reims-depuis-paris\/","og_locale":"fr_FR","og_type":"article","og_title":"Visite priv\u00e9e de Reims depuis Paris","og_description":"Visitez la capitale mondiale du champagne lors d'une visite priv\u00e9e \u00e0 Reims depuis Paris, en voyageant dans une voiture de luxe confortable et en \u00e9tant accompagn\u00e9 d'un guide officiel local.","og_url":"https:\/\/tourtravelandmore.com\/fr\/tours\/espagne-fr\/valencia-fr\/visites-guidees-privees-valencia-fr\/visite-privee-de-reims-depuis-paris\/","og_site_name":"Tour Travel And More","article_publisher":"https:\/\/www.facebook.com\/tourtravelandmore\/","article_modified_time":"2022-11-29T15:17:38+00:00","og_image":[{"width":1920,"height":1463,"url":"https:\/\/tourtravelandmore.com\/wp-content\/uploads\/2022\/01\/adlan-pO_l4aoVYjY-unsplash.jpg","type":"image\/jpeg"}],"twitter_card":"summary_large_image","twitter_site":"@TourTravel_More","twitter_misc":{"Dur\u00e9e de lecture estim\u00e9e":"5 minutes"},"schema":{"@context":"https:\/\/schema.org","@graph":[{"@type":"WebPage","@id":"https:\/\/tourtravelandmore.com\/fr\/tours\/espagne-fr\/valencia-fr\/visites-guidees-privees-valencia-fr\/visite-privee-de-reims-depuis-paris\/","url":"https:\/\/tourtravelandmore.com\/fr\/tours\/espagne-fr\/valencia-fr\/visites-guidees-privees-valencia-fr\/visite-privee-de-reims-depuis-paris\/","name":"Visite priv\u00e9e de Reims au d\u00e9part de Paris en voiture priv\u00e9e avec un guide expert en histoire locale.","isPartOf":{"@id":"https:\/\/tourtravelandmore.com\/fr\/#website"},"primaryImageOfPage":{"@id":"https:\/\/tourtravelandmore.com\/fr\/tours\/espagne-fr\/valencia-fr\/visites-guidees-privees-valencia-fr\/visite-privee-de-reims-depuis-paris\/#primaryimage"},"image":{"@id":"https:\/\/tourtravelandmore.com\/fr\/tours\/espagne-fr\/valencia-fr\/visites-guidees-privees-valencia-fr\/visite-privee-de-reims-depuis-paris\/#primaryimage"},"thumbnailUrl":"https:\/\/tourtravelandmore.com\/wp-content\/uploads\/2022\/01\/adlan-pO_l4aoVYjY-unsplash.jpg","datePublished":"2022-01-12T16:15:56+00:00","dateModified":"2022-11-29T15:17:38+00:00","description":"Visitez la capitale mondiale du champagne lors d'une visite priv\u00e9e \u00e0 Reims depuis Paris, en voyageant dans une voiture de luxe confortable et en \u00e9tant accompagn\u00e9 d'un guide officiel local.","breadcrumb":{"@id":"https:\/\/tourtravelandmore.com\/fr\/tours\/espagne-fr\/valencia-fr\/visites-guidees-privees-valencia-fr\/visite-privee-de-reims-depuis-paris\/#breadcrumb"},"inLanguage":"fr-FR","potentialAction":[{"@type":"ReadAction","target":["https:\/\/tourtravelandmore.com\/fr\/tours\/espagne-fr\/valencia-fr\/visites-guidees-privees-valencia-fr\/visite-privee-de-reims-depuis-paris\/"]}]},{"@type":"ImageObject","inLanguage":"fr-FR","@id":"https:\/\/tourtravelandmore.com\/fr\/tours\/espagne-fr\/valencia-fr\/visites-guidees-privees-valencia-fr\/visite-privee-de-reims-depuis-paris\/#primaryimage","url":"https:\/\/tourtravelandmore.com\/wp-content\/uploads\/2022\/01\/adlan-pO_l4aoVYjY-unsplash.jpg","contentUrl":"https:\/\/tourtravelandmore.com\/wp-content\/uploads\/2022\/01\/adlan-pO_l4aoVYjY-unsplash.jpg","width":1920,"height":1463},{"@type":"BreadcrumbList","@id":"https:\/\/tourtravelandmore.com\/fr\/tours\/espagne-fr\/valencia-fr\/visites-guidees-privees-valencia-fr\/visite-privee-de-reims-depuis-paris\/#breadcrumb","itemListElement":[{"@type":"ListItem","position":1,"name":"Home","item":"https:\/\/tourtravelandmore.com\/fr\/"},{"@type":"ListItem","position":2,"name":"Tours","item":"https:\/\/tourtravelandmore.com\/fr\/tours\/"},{"@type":"ListItem","position":3,"name":"Visite priv\u00e9e de Reims depuis Paris"}]},{"@type":"WebSite","@id":"https:\/\/tourtravelandmore.com\/fr\/#website","url":"https:\/\/tourtravelandmore.com\/fr\/","name":"Tour Travel And More","description":"Private sightseeing tours and luxury transfers in Spain","publisher":{"@id":"https:\/\/tourtravelandmore.com\/fr\/#organization"},"potentialAction":[{"@type":"SearchAction","target":{"@type":"EntryPoint","urlTemplate":"https:\/\/tourtravelandmore.com\/fr\/?s={search_term_string}"},"query-input":{"@type":"PropertyValueSpecification","valueRequired":true,"valueName":"search_term_string"}}],"inLanguage":"fr-FR"},{"@type":"Organization","@id":"https:\/\/tourtravelandmore.com\/fr\/#organization","name":"Tour Travel And More","url":"https:\/\/tourtravelandmore.com\/fr\/","logo":{"@type":"ImageObject","inLanguage":"fr-FR","@id":"https:\/\/tourtravelandmore.com\/fr\/#\/schema\/logo\/image\/","url":"https:\/\/tourtravelandmore.com\/wp-content\/uploads\/2022\/12\/cropped-logo-cabecera-new.png","contentUrl":"https:\/\/tourtravelandmore.com\/wp-content\/uploads\/2022\/12\/cropped-logo-cabecera-new.png","width":430,"height":61,"caption":"Tour Travel And More"},"image":{"@id":"https:\/\/tourtravelandmore.com\/fr\/#\/schema\/logo\/image\/"},"sameAs":["https:\/\/www.facebook.com\/tourtravelandmore\/","https:\/\/x.com\/TourTravel_More"]}]}},"_links":{"self":[{"href":"https:\/\/tourtravelandmore.com\/fr\/wp-json\/wp\/v2\/product\/117374","targetHints":{"allow":["GET"]}}],"collection":[{"href":"https:\/\/tourtravelandmore.com\/fr\/wp-json\/wp\/v2\/product"}],"about":[{"href":"https:\/\/tourtravelandmore.com\/fr\/wp-json\/wp\/v2\/types\/product"}],"replies":[{"embeddable":true,"href":"https:\/\/tourtravelandmore.com\/fr\/wp-json\/wp\/v2\/comments?post=117374"}],"wp:featuredmedia":[{"embeddable":true,"href":"https:\/\/tourtravelandmore.com\/fr\/wp-json\/wp\/v2\/media\/118511"}],"wp:attachment":[{"href":"https:\/\/tourtravelandmore.com\/fr\/wp-json\/wp\/v2\/media?parent=117374"}],"wp:term":[{"taxonomy":"product_brand","embeddable":true,"href":"https:\/\/tourtravelandmore.com\/fr\/wp-json\/wp\/v2\/product_brand?post=117374"},{"taxonomy":"product_cat","embeddable":true,"href":"https:\/\/tourtravelandmore.com\/fr\/wp-json\/wp\/v2\/product_cat?post=117374"},{"taxonomy":"product_tag","embeddable":true,"href":"https:\/\/tourtravelandmore.com\/fr\/wp-json\/wp\/v2\/product_tag?post=117374"}],"curies":[{"name":"wp","href":"https:\/\/api.w.org\/{rel}","templated":true}]}}