{"id":116421,"date":"2021-12-23T15:16:59","date_gmt":"2021-12-23T14:17:15","guid":{"rendered":"https:\/\/tourtravelandmore.com\/?post_type=product&#038;p=116421"},"modified":"2022-01-13T16:53:31","modified_gmt":"2022-01-13T15:53:31","slug":"visite-privee-a-pied-de-mdina-et-rabat","status":"publish","type":"product","link":"https:\/\/tourtravelandmore.com\/fr\/tours\/malta-fr\/valleta-mdina-fr\/all-private-tours-activities-fr-6\/visite-privee-a-pied-de-mdina-et-rabat\/","title":{"rendered":"Visite priv\u00e9e \u00e0 Pied de Mdina et Rabat"},"content":{"rendered":"<h2><b>Description de la visite priv\u00e9e \u00e0 pied de 4 heures de Mdina et Rabat<\/b><\/h2>\n<p><span style=\"font-weight: 400;\">Peu importe le nombre de fois o\u00f9 vous visitez Malte, il y a toujours quelque chose de nouveau \u00e0 d\u00e9couvrir &#8211; et \u00e0 apprendre &#8211; dans cette r\u00e9gion \u00e9nigmatique.\u00a0<\/span><\/p>\n<p><span style=\"font-weight: 400;\">Ses <\/span><b>rues m\u00e9di\u00e9vales <\/b><span style=\"font-weight: 400;\">entour\u00e9es d&#8217;histoire sont le lieu id\u00e9al pour une excursion personnalis\u00e9e qui vous relie directement au pass\u00e9 maltais.\u00a0\u00a0<\/span><\/p>\n<p><span style=\"font-weight: 400;\">Lors de cette <\/span><b>visite \u00e0 pied de Mdina et Rabat, <\/b><span style=\"font-weight: 400;\">vous explorerez des coins charmants, des <\/span><b>lieux de grande valeur historique <\/b><span style=\"font-weight: 400;\">et des ruelles m\u00e9di\u00e9vales qui semblent inspir\u00e9es d&#8217;un film.\u00a0<\/span><\/p>\n<p><span style=\"font-weight: 400;\">Le circuit commence au point de rencontre de votre choix afin que vous puissiez visiter &#8211; en compagnie d&#8217;un guide priv\u00e9 &#8211; les points les plus attrayants de chacune de ces villes remarquables.\u00a0<\/span><\/p>\n<p><span style=\"font-weight: 400;\">Vous vous prom\u00e8nerez dans des rues \u00e9troites et sinueuses qui pr\u00e9sentent de grandes influences architecturales arabes et romaines, qui ont \u00e9t\u00e9 maintenues au fil du temps.\u00a0<\/span><\/p>\n<p><span style=\"font-weight: 400;\">Vous verrez des \u00e9glises baroques, des palais ayant appartenu \u00e0 d&#8217;anciens nobles, des mus\u00e9es impressionnants et m\u00eame les catacombes o\u00f9 saint Paul a commenc\u00e9 \u00e0 pr\u00eacher le christianisme sur l&#8217;\u00eele.\u00a0<\/span><\/p>\n<p><span style=\"font-weight: 400;\">L&#8217;ensemble de la <\/span><b>visite \u00e0 pied <\/b><span style=\"font-weight: 400;\">sera exclusif et personnalis\u00e9, puisque le <\/span><b>guide priv\u00e9 <\/b><span style=\"font-weight: 400;\">sera attentif \u00e0 vous faire conna\u00eetre les informations les plus pr\u00e9cieuses et les lieux les plus importants, mais il vous emm\u00e8nera aussi vers les tr\u00e9sors cach\u00e9s de chaque ville.\u00a0\u00a0<\/span><\/p>\n<p><span style=\"font-weight: 400;\">Sans aucun doute, cette visite \u00e0 pied de Mdina et Rabat sera totalement adapt\u00e9e \u00e0 vos attentes et vous laissera des souvenirs inoubliables.\u00a0<\/span><\/p>\n<h2><b>Points d&#8217;int\u00e9r\u00eat<\/b><\/h2>\n<p><span style=\"font-weight: 400;\">Notre visite de 4 heures de Rabat et de Mdina est id\u00e9ale pour observer de pr\u00e8s les rues m\u00e9di\u00e9vales et les anciens murs, qui sont une partie fondamentale du pass\u00e9 maltais.\u00a0<\/span><\/p>\n<p><span style=\"font-weight: 400;\">Chacune de ces villes poss\u00e8de un pass\u00e9 historique et culturel tr\u00e8s marquant qui m\u00e9rite d&#8217;\u00eatre connu.\u00a0\u00a0<\/span><\/p>\n<h3><span style=\"color: #d3af37;\"><b>Mdina\u00a0<\/b><\/span><\/h3>\n<p><span style=\"font-weight: 400;\">L&#8217;une des principales choses qui retiendront votre attention \u00e0 Mdina, \u00e9galement connue sous le nom de &#8220;ville silencieuse&#8221;, est son labyrinthe de <\/span><b>rues de couleur cr\u00e8me<\/b><span style=\"font-weight: 400;\">, qui refl\u00e8tent les rayons du soleil d&#8217;une mani\u00e8re majestueuse et impressionnante.\u00a0<\/span><\/p>\n<p><span style=\"font-weight: 400;\">En fait, aucune autre ville ne d\u00e9crit mieux le pass\u00e9 de l&#8217;\u00eele.\u00a0<\/span><\/p>\n<p><span style=\"font-weight: 400;\">Cette ville a des milliers d&#8217;ann\u00e9es d&#8217;histoire, mais <\/span><b>son architecture reste presque inchang\u00e9e<\/b><span style=\"font-weight: 400;\">, ce qui est tr\u00e8s attrayant pour les visiteurs.\u00a0<\/span><\/p>\n<p><span style=\"font-weight: 400;\">Mdina, qui a \u00e9t\u00e9 fond\u00e9e par les Ph\u00e9niciens en 700 avant J.-C., \u00e9tait la capitale de Malte, car son emplacement permettait une meilleure d\u00e9fense de la ville.\u00a0<\/span><\/p>\n<p><span style=\"font-weight: 400;\">En outre, ses murs, construits entre le XVIe et le XVIIe si\u00e8cle, sont parmi les mieux conserv\u00e9s au monde.\u00a0<\/span><\/p>\n<p><span style=\"font-weight: 400;\">Au cours de notre visite \u00e0 pied de Mdina, vous verrez diff\u00e9rents sites d&#8217;int\u00e9r\u00eat, comme par exemple :\u00a0<\/span><\/p>\n<ul>\n<li><b>Le Palazzo Falson \u00e0 Mdina.\u00a0<\/b><\/li>\n<li><b>La cath\u00e9drale de Mdina.\u00a0<\/b><\/li>\n<li><b>Le palais de Vilhena.\u00a0<\/b><\/li>\n<li><b>Le mus\u00e9e de la cath\u00e9drale, et de nombreux autres lieux d&#8217;une beaut\u00e9 spectaculaire.\u00a0<\/b><\/li>\n<\/ul>\n<p><span style=\"font-weight: 400;\">De m\u00eame, la vue depuis les murs est spectaculaire. Nous savons donc que, de l\u00e0, vous serez encourag\u00e9 \u00e0 prendre de nombreuses photos qui vous serviront de souvenir de votre voyage.\u00a0<\/span><\/p>\n<h3><span style=\"color: #d3af37;\"><b>Rabat\u00a0\u00a0<\/b><\/span><\/h3>\n<p><span style=\"font-weight: 400;\">Dans l&#8217;Antiquit\u00e9, Malte a \u00e9t\u00e9 assi\u00e9g\u00e9e par les Arabes, qui ont \u00e9galement construit plusieurs villes dans leur tentative de s&#8217;emparer de l&#8217;\u00eele.\u00a0<\/span><\/p>\n<p><span style=\"font-weight: 400;\">C&#8217;est le cas de Rabat, un village construit pr\u00e8s de Mdina, dont le nom se traduit par &#8220;la banlieue&#8221;.\u00a0<\/span><\/p>\n<p><span style=\"font-weight: 400;\">Cette ville est plus petite que Mdina, mais elle abrite n\u00e9anmoins de nombreux sites attrayants et int\u00e9ressants.\u00a0<\/span><\/p>\n<p><span style=\"font-weight: 400;\">Une visite recommand\u00e9e \u00e0 Rabat est la visite des catacombes de Saint-Paul, car c&#8217;est un moyen d&#8217;en apprendre davantage sur les d\u00e9buts du christianisme.\u00a0<\/span><\/p>\n<p><span style=\"font-weight: 400;\">De plus, lors de cette visite \u00e0 pied, vous d\u00e9couvrirez \u00e9galement d&#8217;autres endroits, tels que :\u00a0<\/span><\/p>\n<ul>\n<li><b>Catacombes de St. Agatha.<\/b><\/li>\n<li><b>La Domus Romana.\u00a0<\/b><\/li>\n<li><b>Abris de la Seconde Guerre mondiale.<\/b><\/li>\n<li><b>La Maison Bernard.<\/b><\/li>\n<li><b>Paul&#8217;s Church, et de nombreux autres points d&#8217;int\u00e9r\u00eat.\u00a0<\/b><\/li>\n<\/ul>\n<p><span style=\"font-weight: 400;\">Tout au long de la visite, le guide ira \u00e0 votre rythme afin que vous puissiez explorer chaque recoin avec plus de confort.\u00a0<\/span><\/p>\n<p><span style=\"font-weight: 400;\">Si vous disposez de plus de temps \u00e0 Malte, il serait int\u00e9ressant de choisir \u00e9galement une <\/span><a href=\"https:\/\/tourtravelandmore.com\/fr\/tours\/malta-fr\/valleta-mdina-fr\/all-private-tours-activities-fr-6\/visite-privee-de-gozo-depuis-malte\/\"><b>excursion \u00e0 Gozo depuis Malte<\/b><\/a><span style=\"font-weight: 400;\">. De cette fa\u00e7on, vous d\u00e9couvrirez les beaut\u00e9s naturelles de ce petit paradis et vous comprendrez pourquoi il est consid\u00e9r\u00e9 comme l&#8217;une des plus belles \u00eeles d&#8217;Europe.\u00a0\u00a0<\/span><\/p>\n","protected":false},"excerpt":{"rendered":"<p><span style=\"font-weight: 400;\">Explorez en exclusivit\u00e9 deux des villes les plus importantes de l&#8217;archipel maltais. Au cours de cette visite \u00e0 pied de 4 heures de Mdina et Rabat, vous visiterez les b\u00e2timents et monuments les plus attrayants et les plus remarquables, tels que la cath\u00e9drale de Mdina, le mus\u00e9e de la cath\u00e9drale, le Palazzo Vilhena, les catacombes de Saint-Paul, parmi de nombreux autres lieux de grand int\u00e9r\u00eat historique et culturel<\/span><\/p>\n","protected":false},"featured_media":116446,"comment_status":"open","ping_status":"closed","template":"","meta":{"_acf_changed":false},"product_brand":[],"product_cat":[3728,3807,4034,4035,4039],"product_tag":[],"class_list":{"0":"post-116421","1":"product","2":"type-product","3":"status-publish","4":"has-post-thumbnail","6":"product_cat-malta-fr","7":"product_cat-valleta-mdina-fr","8":"product_cat-all-private-tours-activities-fr-6","9":"product_cat-private-sightseeing-tours-fr-6","10":"product_cat-private-walking-tours-fr-3","12":"first","13":"instock","14":"shipping-taxable","15":"purchasable","16":"product-type-simple"},"acf":[],"yoast_head":"<!-- This site is optimized with the Yoast SEO Premium plugin v25.3.1 (Yoast SEO v25.3.1) - https:\/\/yoast.com\/wordpress\/plugins\/seo\/ -->\n<title>Visite priv\u00e9e \u00e0 pied de Mdina et Rabat (4 heures) avec un guide officiel inclus<\/title>\n<meta name=\"description\" content=\"D\u00e9couvrez les sites les plus embl\u00e9matiques de Mdina et Rabat lors de cette visite \u00e0 pied con\u00e7ue pour vous faire d\u00e9couvrir une partie du patrimoine historique de l&#039;humanit\u00e9 et les lieux o\u00f9 les premiers pas du christianisme ont \u00e9t\u00e9 faits \u00e0 Malte\" \/>\n<meta name=\"robots\" content=\"index, follow, max-snippet:-1, max-image-preview:large, max-video-preview:-1\" \/>\n<link rel=\"canonical\" href=\"https:\/\/tourtravelandmore.com\/fr\/tours\/malta-fr\/valleta-mdina-fr\/all-private-tours-activities-fr-6\/visite-privee-a-pied-de-mdina-et-rabat\/\" \/>\n<meta property=\"og:locale\" content=\"fr_FR\" \/>\n<meta property=\"og:type\" content=\"article\" \/>\n<meta property=\"og:title\" content=\"Visite priv\u00e9e \u00e0 Pied de Mdina et Rabat\" \/>\n<meta property=\"og:description\" content=\"D\u00e9couvrez les sites les plus embl\u00e9matiques de Mdina et Rabat lors de cette visite \u00e0 pied con\u00e7ue pour vous faire d\u00e9couvrir une partie du patrimoine historique de l&#039;humanit\u00e9 et les lieux o\u00f9 les premiers pas du christianisme ont \u00e9t\u00e9 faits \u00e0 Malte\" \/>\n<meta property=\"og:url\" content=\"https:\/\/tourtravelandmore.com\/fr\/tours\/malta-fr\/valleta-mdina-fr\/all-private-tours-activities-fr-6\/visite-privee-a-pied-de-mdina-et-rabat\/\" \/>\n<meta property=\"og:site_name\" content=\"Tour Travel And More\" \/>\n<meta property=\"article:publisher\" content=\"https:\/\/www.facebook.com\/tourtravelandmore\/\" \/>\n<meta property=\"article:modified_time\" content=\"2022-01-13T15:53:31+00:00\" \/>\n<meta property=\"og:image\" content=\"https:\/\/tourtravelandmore.com\/wp-content\/uploads\/2021\/12\/image10-2.jpg\" \/>\n\t<meta property=\"og:image:width\" content=\"910\" \/>\n\t<meta property=\"og:image:height\" content=\"683\" \/>\n\t<meta property=\"og:image:type\" content=\"image\/jpeg\" \/>\n<meta name=\"twitter:card\" content=\"summary_large_image\" \/>\n<meta name=\"twitter:site\" content=\"@TourTravel_More\" \/>\n<meta name=\"twitter:label1\" content=\"Dur\u00e9e de lecture estim\u00e9e\" \/>\n\t<meta name=\"twitter:data1\" content=\"4 minutes\" \/>\n<script type=\"application\/ld+json\" class=\"yoast-schema-graph\">{\"@context\":\"https:\/\/schema.org\",\"@graph\":[{\"@type\":\"WebPage\",\"@id\":\"https:\/\/tourtravelandmore.com\/fr\/tours\/malta-fr\/valleta-mdina-fr\/all-private-tours-activities-fr-6\/visite-privee-a-pied-de-mdina-et-rabat\/\",\"url\":\"https:\/\/tourtravelandmore.com\/fr\/tours\/malta-fr\/valleta-mdina-fr\/all-private-tours-activities-fr-6\/visite-privee-a-pied-de-mdina-et-rabat\/\",\"name\":\"Visite priv\u00e9e \u00e0 pied de Mdina et Rabat (4 heures) avec un guide officiel inclus\",\"isPartOf\":{\"@id\":\"https:\/\/tourtravelandmore.com\/fr\/#website\"},\"primaryImageOfPage\":{\"@id\":\"https:\/\/tourtravelandmore.com\/fr\/tours\/malta-fr\/valleta-mdina-fr\/all-private-tours-activities-fr-6\/visite-privee-a-pied-de-mdina-et-rabat\/#primaryimage\"},\"image\":{\"@id\":\"https:\/\/tourtravelandmore.com\/fr\/tours\/malta-fr\/valleta-mdina-fr\/all-private-tours-activities-fr-6\/visite-privee-a-pied-de-mdina-et-rabat\/#primaryimage\"},\"thumbnailUrl\":\"https:\/\/tourtravelandmore.com\/wp-content\/uploads\/2021\/12\/image10-2.jpg\",\"datePublished\":\"2021-12-23T14:17:15+00:00\",\"dateModified\":\"2022-01-13T15:53:31+00:00\",\"description\":\"D\u00e9couvrez les sites les plus embl\u00e9matiques de Mdina et Rabat lors de cette visite \u00e0 pied con\u00e7ue pour vous faire d\u00e9couvrir une partie du patrimoine historique de l'humanit\u00e9 et les lieux o\u00f9 les premiers pas du christianisme ont \u00e9t\u00e9 faits \u00e0 Malte\",\"breadcrumb\":{\"@id\":\"https:\/\/tourtravelandmore.com\/fr\/tours\/malta-fr\/valleta-mdina-fr\/all-private-tours-activities-fr-6\/visite-privee-a-pied-de-mdina-et-rabat\/#breadcrumb\"},\"inLanguage\":\"fr-FR\",\"potentialAction\":[{\"@type\":\"ReadAction\",\"target\":[\"https:\/\/tourtravelandmore.com\/fr\/tours\/malta-fr\/valleta-mdina-fr\/all-private-tours-activities-fr-6\/visite-privee-a-pied-de-mdina-et-rabat\/\"]}]},{\"@type\":\"ImageObject\",\"inLanguage\":\"fr-FR\",\"@id\":\"https:\/\/tourtravelandmore.com\/fr\/tours\/malta-fr\/valleta-mdina-fr\/all-private-tours-activities-fr-6\/visite-privee-a-pied-de-mdina-et-rabat\/#primaryimage\",\"url\":\"https:\/\/tourtravelandmore.com\/wp-content\/uploads\/2021\/12\/image10-2.jpg\",\"contentUrl\":\"https:\/\/tourtravelandmore.com\/wp-content\/uploads\/2021\/12\/image10-2.jpg\",\"width\":910,\"height\":683},{\"@type\":\"BreadcrumbList\",\"@id\":\"https:\/\/tourtravelandmore.com\/fr\/tours\/malta-fr\/valleta-mdina-fr\/all-private-tours-activities-fr-6\/visite-privee-a-pied-de-mdina-et-rabat\/#breadcrumb\",\"itemListElement\":[{\"@type\":\"ListItem\",\"position\":1,\"name\":\"Home\",\"item\":\"https:\/\/tourtravelandmore.com\/fr\/\"},{\"@type\":\"ListItem\",\"position\":2,\"name\":\"Tours\",\"item\":\"https:\/\/tourtravelandmore.com\/fr\/tours\/\"},{\"@type\":\"ListItem\",\"position\":3,\"name\":\"Visite priv\u00e9e \u00e0 Pied de Mdina et Rabat\"}]},{\"@type\":\"WebSite\",\"@id\":\"https:\/\/tourtravelandmore.com\/fr\/#website\",\"url\":\"https:\/\/tourtravelandmore.com\/fr\/\",\"name\":\"Tour Travel And More\",\"description\":\"Private sightseeing tours and luxury transfers in Spain\",\"publisher\":{\"@id\":\"https:\/\/tourtravelandmore.com\/fr\/#organization\"},\"potentialAction\":[{\"@type\":\"SearchAction\",\"target\":{\"@type\":\"EntryPoint\",\"urlTemplate\":\"https:\/\/tourtravelandmore.com\/fr\/?s={search_term_string}\"},\"query-input\":{\"@type\":\"PropertyValueSpecification\",\"valueRequired\":true,\"valueName\":\"search_term_string\"}}],\"inLanguage\":\"fr-FR\"},{\"@type\":\"Organization\",\"@id\":\"https:\/\/tourtravelandmore.com\/fr\/#organization\",\"name\":\"Tour Travel And More\",\"url\":\"https:\/\/tourtravelandmore.com\/fr\/\",\"logo\":{\"@type\":\"ImageObject\",\"inLanguage\":\"fr-FR\",\"@id\":\"https:\/\/tourtravelandmore.com\/fr\/#\/schema\/logo\/image\/\",\"url\":\"https:\/\/tourtravelandmore.com\/wp-content\/uploads\/2022\/12\/cropped-logo-cabecera-new.png\",\"contentUrl\":\"https:\/\/tourtravelandmore.com\/wp-content\/uploads\/2022\/12\/cropped-logo-cabecera-new.png\",\"width\":430,\"height\":61,\"caption\":\"Tour Travel And More\"},\"image\":{\"@id\":\"https:\/\/tourtravelandmore.com\/fr\/#\/schema\/logo\/image\/\"},\"sameAs\":[\"https:\/\/www.facebook.com\/tourtravelandmore\/\",\"https:\/\/x.com\/TourTravel_More\"]}]}<\/script>\n<!-- \/ Yoast SEO Premium plugin. -->","yoast_head_json":{"title":"Visite priv\u00e9e \u00e0 pied de Mdina et Rabat (4 heures) avec un guide officiel inclus","description":"D\u00e9couvrez les sites les plus embl\u00e9matiques de Mdina et Rabat lors de cette visite \u00e0 pied con\u00e7ue pour vous faire d\u00e9couvrir une partie du patrimoine historique de l'humanit\u00e9 et les lieux o\u00f9 les premiers pas du christianisme ont \u00e9t\u00e9 faits \u00e0 Malte","robots":{"index":"index","follow":"follow","max-snippet":"max-snippet:-1","max-image-preview":"max-image-preview:large","max-video-preview":"max-video-preview:-1"},"canonical":"https:\/\/tourtravelandmore.com\/fr\/tours\/malta-fr\/valleta-mdina-fr\/all-private-tours-activities-fr-6\/visite-privee-a-pied-de-mdina-et-rabat\/","og_locale":"fr_FR","og_type":"article","og_title":"Visite priv\u00e9e \u00e0 Pied de Mdina et Rabat","og_description":"D\u00e9couvrez les sites les plus embl\u00e9matiques de Mdina et Rabat lors de cette visite \u00e0 pied con\u00e7ue pour vous faire d\u00e9couvrir une partie du patrimoine historique de l'humanit\u00e9 et les lieux o\u00f9 les premiers pas du christianisme ont \u00e9t\u00e9 faits \u00e0 Malte","og_url":"https:\/\/tourtravelandmore.com\/fr\/tours\/malta-fr\/valleta-mdina-fr\/all-private-tours-activities-fr-6\/visite-privee-a-pied-de-mdina-et-rabat\/","og_site_name":"Tour Travel And More","article_publisher":"https:\/\/www.facebook.com\/tourtravelandmore\/","article_modified_time":"2022-01-13T15:53:31+00:00","og_image":[{"width":910,"height":683,"url":"https:\/\/tourtravelandmore.com\/wp-content\/uploads\/2021\/12\/image10-2.jpg","type":"image\/jpeg"}],"twitter_card":"summary_large_image","twitter_site":"@TourTravel_More","twitter_misc":{"Dur\u00e9e de lecture estim\u00e9e":"4 minutes"},"schema":{"@context":"https:\/\/schema.org","@graph":[{"@type":"WebPage","@id":"https:\/\/tourtravelandmore.com\/fr\/tours\/malta-fr\/valleta-mdina-fr\/all-private-tours-activities-fr-6\/visite-privee-a-pied-de-mdina-et-rabat\/","url":"https:\/\/tourtravelandmore.com\/fr\/tours\/malta-fr\/valleta-mdina-fr\/all-private-tours-activities-fr-6\/visite-privee-a-pied-de-mdina-et-rabat\/","name":"Visite priv\u00e9e \u00e0 pied de Mdina et Rabat (4 heures) avec un guide officiel inclus","isPartOf":{"@id":"https:\/\/tourtravelandmore.com\/fr\/#website"},"primaryImageOfPage":{"@id":"https:\/\/tourtravelandmore.com\/fr\/tours\/malta-fr\/valleta-mdina-fr\/all-private-tours-activities-fr-6\/visite-privee-a-pied-de-mdina-et-rabat\/#primaryimage"},"image":{"@id":"https:\/\/tourtravelandmore.com\/fr\/tours\/malta-fr\/valleta-mdina-fr\/all-private-tours-activities-fr-6\/visite-privee-a-pied-de-mdina-et-rabat\/#primaryimage"},"thumbnailUrl":"https:\/\/tourtravelandmore.com\/wp-content\/uploads\/2021\/12\/image10-2.jpg","datePublished":"2021-12-23T14:17:15+00:00","dateModified":"2022-01-13T15:53:31+00:00","description":"D\u00e9couvrez les sites les plus embl\u00e9matiques de Mdina et Rabat lors de cette visite \u00e0 pied con\u00e7ue pour vous faire d\u00e9couvrir une partie du patrimoine historique de l'humanit\u00e9 et les lieux o\u00f9 les premiers pas du christianisme ont \u00e9t\u00e9 faits \u00e0 Malte","breadcrumb":{"@id":"https:\/\/tourtravelandmore.com\/fr\/tours\/malta-fr\/valleta-mdina-fr\/all-private-tours-activities-fr-6\/visite-privee-a-pied-de-mdina-et-rabat\/#breadcrumb"},"inLanguage":"fr-FR","potentialAction":[{"@type":"ReadAction","target":["https:\/\/tourtravelandmore.com\/fr\/tours\/malta-fr\/valleta-mdina-fr\/all-private-tours-activities-fr-6\/visite-privee-a-pied-de-mdina-et-rabat\/"]}]},{"@type":"ImageObject","inLanguage":"fr-FR","@id":"https:\/\/tourtravelandmore.com\/fr\/tours\/malta-fr\/valleta-mdina-fr\/all-private-tours-activities-fr-6\/visite-privee-a-pied-de-mdina-et-rabat\/#primaryimage","url":"https:\/\/tourtravelandmore.com\/wp-content\/uploads\/2021\/12\/image10-2.jpg","contentUrl":"https:\/\/tourtravelandmore.com\/wp-content\/uploads\/2021\/12\/image10-2.jpg","width":910,"height":683},{"@type":"BreadcrumbList","@id":"https:\/\/tourtravelandmore.com\/fr\/tours\/malta-fr\/valleta-mdina-fr\/all-private-tours-activities-fr-6\/visite-privee-a-pied-de-mdina-et-rabat\/#breadcrumb","itemListElement":[{"@type":"ListItem","position":1,"name":"Home","item":"https:\/\/tourtravelandmore.com\/fr\/"},{"@type":"ListItem","position":2,"name":"Tours","item":"https:\/\/tourtravelandmore.com\/fr\/tours\/"},{"@type":"ListItem","position":3,"name":"Visite priv\u00e9e \u00e0 Pied de Mdina et Rabat"}]},{"@type":"WebSite","@id":"https:\/\/tourtravelandmore.com\/fr\/#website","url":"https:\/\/tourtravelandmore.com\/fr\/","name":"Tour Travel And More","description":"Private sightseeing tours and luxury transfers in Spain","publisher":{"@id":"https:\/\/tourtravelandmore.com\/fr\/#organization"},"potentialAction":[{"@type":"SearchAction","target":{"@type":"EntryPoint","urlTemplate":"https:\/\/tourtravelandmore.com\/fr\/?s={search_term_string}"},"query-input":{"@type":"PropertyValueSpecification","valueRequired":true,"valueName":"search_term_string"}}],"inLanguage":"fr-FR"},{"@type":"Organization","@id":"https:\/\/tourtravelandmore.com\/fr\/#organization","name":"Tour Travel And More","url":"https:\/\/tourtravelandmore.com\/fr\/","logo":{"@type":"ImageObject","inLanguage":"fr-FR","@id":"https:\/\/tourtravelandmore.com\/fr\/#\/schema\/logo\/image\/","url":"https:\/\/tourtravelandmore.com\/wp-content\/uploads\/2022\/12\/cropped-logo-cabecera-new.png","contentUrl":"https:\/\/tourtravelandmore.com\/wp-content\/uploads\/2022\/12\/cropped-logo-cabecera-new.png","width":430,"height":61,"caption":"Tour Travel And More"},"image":{"@id":"https:\/\/tourtravelandmore.com\/fr\/#\/schema\/logo\/image\/"},"sameAs":["https:\/\/www.facebook.com\/tourtravelandmore\/","https:\/\/x.com\/TourTravel_More"]}]}},"_links":{"self":[{"href":"https:\/\/tourtravelandmore.com\/fr\/wp-json\/wp\/v2\/product\/116421","targetHints":{"allow":["GET"]}}],"collection":[{"href":"https:\/\/tourtravelandmore.com\/fr\/wp-json\/wp\/v2\/product"}],"about":[{"href":"https:\/\/tourtravelandmore.com\/fr\/wp-json\/wp\/v2\/types\/product"}],"replies":[{"embeddable":true,"href":"https:\/\/tourtravelandmore.com\/fr\/wp-json\/wp\/v2\/comments?post=116421"}],"wp:featuredmedia":[{"embeddable":true,"href":"https:\/\/tourtravelandmore.com\/fr\/wp-json\/wp\/v2\/media\/116446"}],"wp:attachment":[{"href":"https:\/\/tourtravelandmore.com\/fr\/wp-json\/wp\/v2\/media?parent=116421"}],"wp:term":[{"taxonomy":"product_brand","embeddable":true,"href":"https:\/\/tourtravelandmore.com\/fr\/wp-json\/wp\/v2\/product_brand?post=116421"},{"taxonomy":"product_cat","embeddable":true,"href":"https:\/\/tourtravelandmore.com\/fr\/wp-json\/wp\/v2\/product_cat?post=116421"},{"taxonomy":"product_tag","embeddable":true,"href":"https:\/\/tourtravelandmore.com\/fr\/wp-json\/wp\/v2\/product_tag?post=116421"}],"curies":[{"name":"wp","href":"https:\/\/api.w.org\/{rel}","templated":true}]}}