{"id":116378,"date":"2021-12-23T14:43:55","date_gmt":"2021-12-23T13:44:14","guid":{"rendered":"https:\/\/tourtravelandmore.com\/?post_type=product&#038;p=116378"},"modified":"2021-12-24T16:58:14","modified_gmt":"2021-12-24T15:58:14","slug":"visite-privee-des-marches-de-sao-paulo-depuis-nimporte-quelle-ville","status":"publish","type":"product","link":"https:\/\/tourtravelandmore.com\/fr\/tours\/malta-fr\/valleta-mdina-fr\/all-private-tours-activities-fr-6\/visite-privee-des-marches-de-sao-paulo-depuis-nimporte-quelle-ville\/","title":{"rendered":"Visite priv\u00e9e des marches de S\u00e3o Paulo depuis n&#8217;importe quelle ville"},"content":{"rendered":"<h2><b>Description de la visite priv\u00e9e des marches de S\u00e3o Paulo (4 heures) depuis n&#8217;importe quelle ville<\/b><\/h2>\n<p><span style=\"font-weight: 400;\">L&#8217;archipel maltais offre beaucoup \u00e0 voir et \u00e0 apprendre. Ses \u00eeles regorgent d&#8217;innombrables beaut\u00e9s naturelles et architecturales, dont la valeur est incalculable. En fait, nombre de ses monuments et b\u00e2timents ont \u00e9t\u00e9 d\u00e9clar\u00e9s sites du patrimoine mondial par l&#8217;Unesco.\u00a0<\/span><\/p>\n<p><span style=\"font-weight: 400;\">Le <\/span><b>circuit <\/b><span style=\"font-weight: 400;\">&#8220;<\/span><b>Sur les traces de saint Paul&#8221; <\/b><span style=\"font-weight: 400;\">est l&#8217;excursion id\u00e9ale pour se rapprocher d&#8217;un \u00e9l\u00e9ment fondamental du christianisme, car nous vous emm\u00e8nerons sur les sites o\u00f9 l&#8217;ap\u00f4tre Paul de Tarse a accompli certains de ses grands miracles et a commenc\u00e9 \u00e0 pr\u00eacher le christianisme \u00e0 Malte.\u00a0<\/span><\/p>\n<p><span style=\"font-weight: 400;\">Vous verrez \u00e9galement le site o\u00f9 l&#8217;ap\u00f4tre a fait naufrage en l&#8217;an 60 de notre \u00e8re.\u00a0<\/span><\/p>\n<p><span style=\"font-weight: 400;\">Il s&#8217;agit d&#8217;une visite de 4 heures, personnalis\u00e9e et adapt\u00e9e \u00e0 vos besoins, au cours de laquelle vous voyagerez dans une voiture exclusive avec un guide officiel priv\u00e9, qui sera charg\u00e9 de vous raconter tous les faits importants concernant les lieux d&#8217;int\u00e9r\u00eat que vous visiterez.\u00a0<\/span><\/p>\n<p><span style=\"font-weight: 400;\">Vous explorerez le site o\u00f9, selon les r\u00e9cits, saint Paul a fait naufrage et a commenc\u00e9 \u00e0 pr\u00eacher la parole du Christ. En outre, cette grotte est devenue un lieu de p\u00e8lerinage au XVIIe si\u00e8cle, car elle \u00e9tait tr\u00e8s fr\u00e9quent\u00e9e dans les temps anciens par l&#8217;ordre des chevaliers de Saint-Jean.\u00a0<\/span><\/p>\n<p><b>La <\/b><span style=\"font-weight: 400;\">visite de 4 heures est pr\u00e9vue pour d\u00e9couvrir et explorer l&#8217;<\/span><b>un des chemins de p\u00e8lerinage les plus utilis\u00e9s par les chr\u00e9tiens du monde entier.\u00a0<\/b><\/p>\n<p><span style=\"font-weight: 400;\">Cette visite priv\u00e9e des marches de Saint-Paul est le moyen id\u00e9al de renouer avec le pass\u00e9 chr\u00e9tien de Malte.\u00a0<\/span><\/p>\n<p><span style=\"font-weight: 400;\">Selon l&#8217;histoire, la foi chr\u00e9tienne a \u00e9t\u00e9 introduite par Paul de Tarse en l&#8217;an 60 de notre \u00e8re, qui a fait naufrage sur un bateau alors qu&#8217;il devait \u00eatre amen\u00e9 devant le tribunal romain pour \u00eatre jug\u00e9 comme rebelle.\u00a0<\/span><\/p>\n<p><span style=\"font-weight: 400;\">Cet \u00e9v\u00e9nement est relat\u00e9 dans la Bible, plus pr\u00e9cis\u00e9ment dans le livre &#8220;Actes des Ap\u00f4tres (XXVII) de Saint Luc&#8221;.\u00a0<\/span><\/p>\n<h2><b>Points d&#8217;int\u00e9r\u00eat<\/b><\/h2>\n<p><span style=\"font-weight: 400;\">Sur la c\u00f4te maltaise, vous verrez le site o\u00f9 il a fait naufrage et a nag\u00e9 jusqu&#8217;\u00e0 l&#8217;\u00eele. La visite comprend \u00e9galement d&#8217;autres sites d&#8217;int\u00e9r\u00eat, tels que :\u00a0<\/span><\/p>\n<h3><span style=\"color: #d3af37;\"><b>La grotte de San Pablo<\/b><\/span><\/h3>\n<p><span style=\"font-weight: 400;\">Cette grotte est situ\u00e9e juste en dessous de l&#8217;\u00e9glise de San Pablo. De nombreuses l\u00e9gendes l&#8217;entourent. Par exemple, on raconte qu&#8217;en arrivant sur l&#8217;\u00eele, saint Paul, dans cette grotte, a \u00e9t\u00e9 mordu par un serpent et n&#8217;a pas \u00e9t\u00e9 bless\u00e9.\u00a0<\/span><\/p>\n<p><span style=\"font-weight: 400;\">Pour cette raison, la grotte de San Pablo est consid\u00e9r\u00e9e comme un lieu sacr\u00e9, qui peut gu\u00e9rir les morsures de serpent et certaines maladies.\u00a0<\/span><\/p>\n<p><span style=\"font-weight: 400;\">On dit \u00e9galement que Publius, le premier \u00e9v\u00eaque de Malte, a \u00e9t\u00e9 baptis\u00e9 et consacr\u00e9 dans les chapelles de la grotte.\u00a0<\/span><\/p>\n<p><span style=\"font-weight: 400;\">En outre, avant la construction des chapelles, cette zone \u00e9tait utilis\u00e9e comme prison par les Romains, ce qui explique que les cha\u00eenes utilis\u00e9es pour attacher les condamn\u00e9s soient encore visibles sur les toits.\u00a0<\/span><\/p>\n<p><span style=\"font-weight: 400;\">Il s&#8217;agit d&#8217;une excursion qui comblera pleinement vos attentes et qui, en outre, vous r\u00e9v\u00e9lera les traces laiss\u00e9es par saint Paul \u00e0 Malte.<\/span><\/p>\n<h3><span style=\"color: #d3af37;\"><b>Les catacombes de Saint-Paul<\/b><\/span><\/h3>\n<p><span style=\"font-weight: 400;\">Ce complexe typique de m\u00e9tro, qui servait de cimeti\u00e8re romain, a servi de lieu de rencontre aux premiers chr\u00e9tiens de l&#8217;\u00eele.\u00a0<\/span><\/p>\n<p><span style=\"font-weight: 400;\">Les catacombes sont situ\u00e9es \u00e0 la p\u00e9riph\u00e9rie de Mdina et constituent l&#8217;une des plus importantes repr\u00e9sentations arch\u00e9ologiques du christianisme \u00e0 Malte.\u00a0<\/span><\/p>\n<h3><span style=\"color: #d3af37;\"><b>La cath\u00e9drale Saint-Paul de Malte<\/b><\/span><\/h3>\n<p><span style=\"font-weight: 400;\">Dans l&#8217;ancienne capitale de Malte (Mdina), vous verrez \u00e9galement l&#8217;\u00e9glise de Saint-Paul. L&#8217;\u00e9difice se trouve au-dessus de la grotte de Saint-Paul et juste \u00e0 l&#8217;ext\u00e9rieur des murs de la ville m\u00e9di\u00e9vale.\u00a0<\/span><\/p>\n<p><span style=\"font-weight: 400;\">L&#8217;endroit est situ\u00e9 l\u00e0 o\u00f9 saint Paul serait arriv\u00e9 sur l&#8217;\u00eele et aurait rencontr\u00e9 Publius.\u00a0<\/span><\/p>\n<p><span style=\"font-weight: 400;\">C&#8217;est un b\u00e2timent d&#8217;une imposante beaut\u00e9 architecturale qui abrite le mus\u00e9e de la cath\u00e9drale, lequel pr\u00e9sente une pr\u00e9cieuse collection d&#8217;art eccl\u00e9siastique et profane.\u00a0<\/span><\/p>\n<p><span style=\"font-weight: 400;\">En outre, vous verrez d&#8217;autres sites d&#8217;int\u00e9r\u00eat qui sont essentiels pour comprendre l&#8217;histoire de Saint-Paul \u00e0 Malte et pourquoi l&#8217;\u00eele \u00e9tait consid\u00e9r\u00e9e comme un phare pour les premiers chr\u00e9tiens.\u00a0<\/span><\/p>\n<p><span style=\"font-weight: 400;\">Nous vous recommandons de r\u00e9server \u00e9galement quelques heures de votre itin\u00e9raire pour profiter de <\/span><a href=\"https:\/\/tourtravelandmore.com\/fr\/tours\/malta-fr\/valleta-mdina-fr\/all-private-tours-activities-fr-6\/visite-privee-a-pied-de-mdina\/\"><b>la visite priv\u00e9e \u00e0 pied de Mdina<\/b><\/a><span style=\"font-weight: 400;\">, car ce sera une fa\u00e7on personnalis\u00e9e de finir de d\u00e9couvrir tous les joyaux que cette splendide ville a \u00e0 offrir. <\/span><\/p>\n","protected":false},"excerpt":{"rendered":"<p><span style=\"font-weight: 400;\">Vous souhaitez d\u00e9couvrir l&#8217;histoire des d\u00e9buts du christianisme \u00e0 Malte ? Profitez de votre visite de l&#8217;archipel maltais pour voir les sites les plus embl\u00e9matiques que saint Paul a visit\u00e9s \u00e0 Malte lors de cette visite priv\u00e9e de 4 heures. Ce sera une rencontre \u00e9troite avec l&#8217;histoire des premiers chr\u00e9tiens et avec de nombreux r\u00e9cits qui apparaissent dans le Nouveau Testament biblique<\/span><\/p>\n","protected":false},"featured_media":116390,"comment_status":"open","ping_status":"closed","template":"","meta":{"_acf_changed":false},"product_brand":[],"product_cat":[3728,3807,4034,4035],"product_tag":[],"class_list":{"0":"post-116378","1":"product","2":"type-product","3":"status-publish","4":"has-post-thumbnail","6":"product_cat-malta-fr","7":"product_cat-valleta-mdina-fr","8":"product_cat-all-private-tours-activities-fr-6","9":"product_cat-private-sightseeing-tours-fr-6","11":"first","12":"instock","13":"shipping-taxable","14":"purchasable","15":"product-type-simple"},"acf":[],"yoast_head":"<!-- This site is optimized with the Yoast SEO Premium plugin v25.3.1 (Yoast SEO v25.3.1) - https:\/\/yoast.com\/wordpress\/plugins\/seo\/ -->\n<title>Visite priv\u00e9e des marches de San Pablo au d\u00e9part de n&#039;importe quelle ville avec transfert en voiture priv\u00e9e et avec guide expert en histoire inclus.<\/title>\n<meta name=\"description\" content=\"Visitez la grotte de Saint Paul lors de cette visite guid\u00e9e sur les traces de Saint Paul. Vous apprendrez tout sur l&#039;histoire des premiers chr\u00e9tiens \u00e0 Malte de mani\u00e8re exclusive, avec un transfert dans une voiture confortable et accompagn\u00e9 d&#039;un guide officiel expert en histoire\" \/>\n<meta name=\"robots\" content=\"index, follow, max-snippet:-1, max-image-preview:large, max-video-preview:-1\" \/>\n<link rel=\"canonical\" href=\"https:\/\/tourtravelandmore.com\/fr\/tours\/malta-fr\/valleta-mdina-fr\/all-private-tours-activities-fr-6\/visite-privee-des-marches-de-sao-paulo-depuis-nimporte-quelle-ville\/\" \/>\n<meta property=\"og:locale\" content=\"fr_FR\" \/>\n<meta property=\"og:type\" content=\"article\" \/>\n<meta property=\"og:title\" content=\"Visite priv\u00e9e des marches de S\u00e3o Paulo depuis n&#039;importe quelle ville\" \/>\n<meta property=\"og:description\" content=\"Visitez la grotte de Saint Paul lors de cette visite guid\u00e9e sur les traces de Saint Paul. Vous apprendrez tout sur l&#039;histoire des premiers chr\u00e9tiens \u00e0 Malte de mani\u00e8re exclusive, avec un transfert dans une voiture confortable et accompagn\u00e9 d&#039;un guide officiel expert en histoire\" \/>\n<meta property=\"og:url\" content=\"https:\/\/tourtravelandmore.com\/fr\/tours\/malta-fr\/valleta-mdina-fr\/all-private-tours-activities-fr-6\/visite-privee-des-marches-de-sao-paulo-depuis-nimporte-quelle-ville\/\" \/>\n<meta property=\"og:site_name\" content=\"Tour Travel And More\" \/>\n<meta property=\"article:publisher\" content=\"https:\/\/www.facebook.com\/tourtravelandmore\/\" \/>\n<meta property=\"article:modified_time\" content=\"2021-12-24T15:58:14+00:00\" \/>\n<meta property=\"og:image\" content=\"https:\/\/tourtravelandmore.com\/wp-content\/uploads\/2021\/12\/image1-12.jpg\" \/>\n\t<meta property=\"og:image:width\" content=\"631\" \/>\n\t<meta property=\"og:image:height\" content=\"480\" \/>\n\t<meta property=\"og:image:type\" content=\"image\/jpeg\" \/>\n<meta name=\"twitter:card\" content=\"summary_large_image\" \/>\n<meta name=\"twitter:site\" content=\"@TourTravel_More\" \/>\n<meta name=\"twitter:label1\" content=\"Dur\u00e9e de lecture estim\u00e9e\" \/>\n\t<meta name=\"twitter:data1\" content=\"4 minutes\" \/>\n<script type=\"application\/ld+json\" class=\"yoast-schema-graph\">{\"@context\":\"https:\/\/schema.org\",\"@graph\":[{\"@type\":\"WebPage\",\"@id\":\"https:\/\/tourtravelandmore.com\/fr\/tours\/malta-fr\/valleta-mdina-fr\/all-private-tours-activities-fr-6\/visite-privee-des-marches-de-sao-paulo-depuis-nimporte-quelle-ville\/\",\"url\":\"https:\/\/tourtravelandmore.com\/fr\/tours\/malta-fr\/valleta-mdina-fr\/all-private-tours-activities-fr-6\/visite-privee-des-marches-de-sao-paulo-depuis-nimporte-quelle-ville\/\",\"name\":\"Visite priv\u00e9e des marches de San Pablo au d\u00e9part de n'importe quelle ville avec transfert en voiture priv\u00e9e et avec guide expert en histoire inclus.\",\"isPartOf\":{\"@id\":\"https:\/\/tourtravelandmore.com\/fr\/#website\"},\"primaryImageOfPage\":{\"@id\":\"https:\/\/tourtravelandmore.com\/fr\/tours\/malta-fr\/valleta-mdina-fr\/all-private-tours-activities-fr-6\/visite-privee-des-marches-de-sao-paulo-depuis-nimporte-quelle-ville\/#primaryimage\"},\"image\":{\"@id\":\"https:\/\/tourtravelandmore.com\/fr\/tours\/malta-fr\/valleta-mdina-fr\/all-private-tours-activities-fr-6\/visite-privee-des-marches-de-sao-paulo-depuis-nimporte-quelle-ville\/#primaryimage\"},\"thumbnailUrl\":\"https:\/\/tourtravelandmore.com\/wp-content\/uploads\/2021\/12\/image1-12.jpg\",\"datePublished\":\"2021-12-23T13:44:14+00:00\",\"dateModified\":\"2021-12-24T15:58:14+00:00\",\"description\":\"Visitez la grotte de Saint Paul lors de cette visite guid\u00e9e sur les traces de Saint Paul. Vous apprendrez tout sur l'histoire des premiers chr\u00e9tiens \u00e0 Malte de mani\u00e8re exclusive, avec un transfert dans une voiture confortable et accompagn\u00e9 d'un guide officiel expert en histoire\",\"breadcrumb\":{\"@id\":\"https:\/\/tourtravelandmore.com\/fr\/tours\/malta-fr\/valleta-mdina-fr\/all-private-tours-activities-fr-6\/visite-privee-des-marches-de-sao-paulo-depuis-nimporte-quelle-ville\/#breadcrumb\"},\"inLanguage\":\"fr-FR\",\"potentialAction\":[{\"@type\":\"ReadAction\",\"target\":[\"https:\/\/tourtravelandmore.com\/fr\/tours\/malta-fr\/valleta-mdina-fr\/all-private-tours-activities-fr-6\/visite-privee-des-marches-de-sao-paulo-depuis-nimporte-quelle-ville\/\"]}]},{\"@type\":\"ImageObject\",\"inLanguage\":\"fr-FR\",\"@id\":\"https:\/\/tourtravelandmore.com\/fr\/tours\/malta-fr\/valleta-mdina-fr\/all-private-tours-activities-fr-6\/visite-privee-des-marches-de-sao-paulo-depuis-nimporte-quelle-ville\/#primaryimage\",\"url\":\"https:\/\/tourtravelandmore.com\/wp-content\/uploads\/2021\/12\/image1-12.jpg\",\"contentUrl\":\"https:\/\/tourtravelandmore.com\/wp-content\/uploads\/2021\/12\/image1-12.jpg\",\"width\":631,\"height\":480},{\"@type\":\"BreadcrumbList\",\"@id\":\"https:\/\/tourtravelandmore.com\/fr\/tours\/malta-fr\/valleta-mdina-fr\/all-private-tours-activities-fr-6\/visite-privee-des-marches-de-sao-paulo-depuis-nimporte-quelle-ville\/#breadcrumb\",\"itemListElement\":[{\"@type\":\"ListItem\",\"position\":1,\"name\":\"Home\",\"item\":\"https:\/\/tourtravelandmore.com\/fr\/\"},{\"@type\":\"ListItem\",\"position\":2,\"name\":\"Tours\",\"item\":\"https:\/\/tourtravelandmore.com\/fr\/tours\/\"},{\"@type\":\"ListItem\",\"position\":3,\"name\":\"Visite priv\u00e9e des marches de S\u00e3o Paulo depuis n&rsquo;importe quelle ville\"}]},{\"@type\":\"WebSite\",\"@id\":\"https:\/\/tourtravelandmore.com\/fr\/#website\",\"url\":\"https:\/\/tourtravelandmore.com\/fr\/\",\"name\":\"Tour Travel And More\",\"description\":\"Private sightseeing tours and luxury transfers in Spain\",\"publisher\":{\"@id\":\"https:\/\/tourtravelandmore.com\/fr\/#organization\"},\"potentialAction\":[{\"@type\":\"SearchAction\",\"target\":{\"@type\":\"EntryPoint\",\"urlTemplate\":\"https:\/\/tourtravelandmore.com\/fr\/?s={search_term_string}\"},\"query-input\":{\"@type\":\"PropertyValueSpecification\",\"valueRequired\":true,\"valueName\":\"search_term_string\"}}],\"inLanguage\":\"fr-FR\"},{\"@type\":\"Organization\",\"@id\":\"https:\/\/tourtravelandmore.com\/fr\/#organization\",\"name\":\"Tour Travel And More\",\"url\":\"https:\/\/tourtravelandmore.com\/fr\/\",\"logo\":{\"@type\":\"ImageObject\",\"inLanguage\":\"fr-FR\",\"@id\":\"https:\/\/tourtravelandmore.com\/fr\/#\/schema\/logo\/image\/\",\"url\":\"https:\/\/tourtravelandmore.com\/wp-content\/uploads\/2022\/12\/cropped-logo-cabecera-new.png\",\"contentUrl\":\"https:\/\/tourtravelandmore.com\/wp-content\/uploads\/2022\/12\/cropped-logo-cabecera-new.png\",\"width\":430,\"height\":61,\"caption\":\"Tour Travel And More\"},\"image\":{\"@id\":\"https:\/\/tourtravelandmore.com\/fr\/#\/schema\/logo\/image\/\"},\"sameAs\":[\"https:\/\/www.facebook.com\/tourtravelandmore\/\",\"https:\/\/x.com\/TourTravel_More\"]}]}<\/script>\n<!-- \/ Yoast SEO Premium plugin. -->","yoast_head_json":{"title":"Visite priv\u00e9e des marches de San Pablo au d\u00e9part de n'importe quelle ville avec transfert en voiture priv\u00e9e et avec guide expert en histoire inclus.","description":"Visitez la grotte de Saint Paul lors de cette visite guid\u00e9e sur les traces de Saint Paul. Vous apprendrez tout sur l'histoire des premiers chr\u00e9tiens \u00e0 Malte de mani\u00e8re exclusive, avec un transfert dans une voiture confortable et accompagn\u00e9 d'un guide officiel expert en histoire","robots":{"index":"index","follow":"follow","max-snippet":"max-snippet:-1","max-image-preview":"max-image-preview:large","max-video-preview":"max-video-preview:-1"},"canonical":"https:\/\/tourtravelandmore.com\/fr\/tours\/malta-fr\/valleta-mdina-fr\/all-private-tours-activities-fr-6\/visite-privee-des-marches-de-sao-paulo-depuis-nimporte-quelle-ville\/","og_locale":"fr_FR","og_type":"article","og_title":"Visite priv\u00e9e des marches de S\u00e3o Paulo depuis n'importe quelle ville","og_description":"Visitez la grotte de Saint Paul lors de cette visite guid\u00e9e sur les traces de Saint Paul. Vous apprendrez tout sur l'histoire des premiers chr\u00e9tiens \u00e0 Malte de mani\u00e8re exclusive, avec un transfert dans une voiture confortable et accompagn\u00e9 d'un guide officiel expert en histoire","og_url":"https:\/\/tourtravelandmore.com\/fr\/tours\/malta-fr\/valleta-mdina-fr\/all-private-tours-activities-fr-6\/visite-privee-des-marches-de-sao-paulo-depuis-nimporte-quelle-ville\/","og_site_name":"Tour Travel And More","article_publisher":"https:\/\/www.facebook.com\/tourtravelandmore\/","article_modified_time":"2021-12-24T15:58:14+00:00","og_image":[{"width":631,"height":480,"url":"https:\/\/tourtravelandmore.com\/wp-content\/uploads\/2021\/12\/image1-12.jpg","type":"image\/jpeg"}],"twitter_card":"summary_large_image","twitter_site":"@TourTravel_More","twitter_misc":{"Dur\u00e9e de lecture estim\u00e9e":"4 minutes"},"schema":{"@context":"https:\/\/schema.org","@graph":[{"@type":"WebPage","@id":"https:\/\/tourtravelandmore.com\/fr\/tours\/malta-fr\/valleta-mdina-fr\/all-private-tours-activities-fr-6\/visite-privee-des-marches-de-sao-paulo-depuis-nimporte-quelle-ville\/","url":"https:\/\/tourtravelandmore.com\/fr\/tours\/malta-fr\/valleta-mdina-fr\/all-private-tours-activities-fr-6\/visite-privee-des-marches-de-sao-paulo-depuis-nimporte-quelle-ville\/","name":"Visite priv\u00e9e des marches de San Pablo au d\u00e9part de n'importe quelle ville avec transfert en voiture priv\u00e9e et avec guide expert en histoire inclus.","isPartOf":{"@id":"https:\/\/tourtravelandmore.com\/fr\/#website"},"primaryImageOfPage":{"@id":"https:\/\/tourtravelandmore.com\/fr\/tours\/malta-fr\/valleta-mdina-fr\/all-private-tours-activities-fr-6\/visite-privee-des-marches-de-sao-paulo-depuis-nimporte-quelle-ville\/#primaryimage"},"image":{"@id":"https:\/\/tourtravelandmore.com\/fr\/tours\/malta-fr\/valleta-mdina-fr\/all-private-tours-activities-fr-6\/visite-privee-des-marches-de-sao-paulo-depuis-nimporte-quelle-ville\/#primaryimage"},"thumbnailUrl":"https:\/\/tourtravelandmore.com\/wp-content\/uploads\/2021\/12\/image1-12.jpg","datePublished":"2021-12-23T13:44:14+00:00","dateModified":"2021-12-24T15:58:14+00:00","description":"Visitez la grotte de Saint Paul lors de cette visite guid\u00e9e sur les traces de Saint Paul. Vous apprendrez tout sur l'histoire des premiers chr\u00e9tiens \u00e0 Malte de mani\u00e8re exclusive, avec un transfert dans une voiture confortable et accompagn\u00e9 d'un guide officiel expert en histoire","breadcrumb":{"@id":"https:\/\/tourtravelandmore.com\/fr\/tours\/malta-fr\/valleta-mdina-fr\/all-private-tours-activities-fr-6\/visite-privee-des-marches-de-sao-paulo-depuis-nimporte-quelle-ville\/#breadcrumb"},"inLanguage":"fr-FR","potentialAction":[{"@type":"ReadAction","target":["https:\/\/tourtravelandmore.com\/fr\/tours\/malta-fr\/valleta-mdina-fr\/all-private-tours-activities-fr-6\/visite-privee-des-marches-de-sao-paulo-depuis-nimporte-quelle-ville\/"]}]},{"@type":"ImageObject","inLanguage":"fr-FR","@id":"https:\/\/tourtravelandmore.com\/fr\/tours\/malta-fr\/valleta-mdina-fr\/all-private-tours-activities-fr-6\/visite-privee-des-marches-de-sao-paulo-depuis-nimporte-quelle-ville\/#primaryimage","url":"https:\/\/tourtravelandmore.com\/wp-content\/uploads\/2021\/12\/image1-12.jpg","contentUrl":"https:\/\/tourtravelandmore.com\/wp-content\/uploads\/2021\/12\/image1-12.jpg","width":631,"height":480},{"@type":"BreadcrumbList","@id":"https:\/\/tourtravelandmore.com\/fr\/tours\/malta-fr\/valleta-mdina-fr\/all-private-tours-activities-fr-6\/visite-privee-des-marches-de-sao-paulo-depuis-nimporte-quelle-ville\/#breadcrumb","itemListElement":[{"@type":"ListItem","position":1,"name":"Home","item":"https:\/\/tourtravelandmore.com\/fr\/"},{"@type":"ListItem","position":2,"name":"Tours","item":"https:\/\/tourtravelandmore.com\/fr\/tours\/"},{"@type":"ListItem","position":3,"name":"Visite priv\u00e9e des marches de S\u00e3o Paulo depuis n&rsquo;importe quelle ville"}]},{"@type":"WebSite","@id":"https:\/\/tourtravelandmore.com\/fr\/#website","url":"https:\/\/tourtravelandmore.com\/fr\/","name":"Tour Travel And More","description":"Private sightseeing tours and luxury transfers in Spain","publisher":{"@id":"https:\/\/tourtravelandmore.com\/fr\/#organization"},"potentialAction":[{"@type":"SearchAction","target":{"@type":"EntryPoint","urlTemplate":"https:\/\/tourtravelandmore.com\/fr\/?s={search_term_string}"},"query-input":{"@type":"PropertyValueSpecification","valueRequired":true,"valueName":"search_term_string"}}],"inLanguage":"fr-FR"},{"@type":"Organization","@id":"https:\/\/tourtravelandmore.com\/fr\/#organization","name":"Tour Travel And More","url":"https:\/\/tourtravelandmore.com\/fr\/","logo":{"@type":"ImageObject","inLanguage":"fr-FR","@id":"https:\/\/tourtravelandmore.com\/fr\/#\/schema\/logo\/image\/","url":"https:\/\/tourtravelandmore.com\/wp-content\/uploads\/2022\/12\/cropped-logo-cabecera-new.png","contentUrl":"https:\/\/tourtravelandmore.com\/wp-content\/uploads\/2022\/12\/cropped-logo-cabecera-new.png","width":430,"height":61,"caption":"Tour Travel And More"},"image":{"@id":"https:\/\/tourtravelandmore.com\/fr\/#\/schema\/logo\/image\/"},"sameAs":["https:\/\/www.facebook.com\/tourtravelandmore\/","https:\/\/x.com\/TourTravel_More"]}]}},"_links":{"self":[{"href":"https:\/\/tourtravelandmore.com\/fr\/wp-json\/wp\/v2\/product\/116378","targetHints":{"allow":["GET"]}}],"collection":[{"href":"https:\/\/tourtravelandmore.com\/fr\/wp-json\/wp\/v2\/product"}],"about":[{"href":"https:\/\/tourtravelandmore.com\/fr\/wp-json\/wp\/v2\/types\/product"}],"replies":[{"embeddable":true,"href":"https:\/\/tourtravelandmore.com\/fr\/wp-json\/wp\/v2\/comments?post=116378"}],"wp:featuredmedia":[{"embeddable":true,"href":"https:\/\/tourtravelandmore.com\/fr\/wp-json\/wp\/v2\/media\/116390"}],"wp:attachment":[{"href":"https:\/\/tourtravelandmore.com\/fr\/wp-json\/wp\/v2\/media?parent=116378"}],"wp:term":[{"taxonomy":"product_brand","embeddable":true,"href":"https:\/\/tourtravelandmore.com\/fr\/wp-json\/wp\/v2\/product_brand?post=116378"},{"taxonomy":"product_cat","embeddable":true,"href":"https:\/\/tourtravelandmore.com\/fr\/wp-json\/wp\/v2\/product_cat?post=116378"},{"taxonomy":"product_tag","embeddable":true,"href":"https:\/\/tourtravelandmore.com\/fr\/wp-json\/wp\/v2\/product_tag?post=116378"}],"curies":[{"name":"wp","href":"https:\/\/api.w.org\/{rel}","templated":true}]}}