{"id":116045,"date":"2021-12-21T15:28:07","date_gmt":"2021-12-21T14:28:18","guid":{"rendered":"https:\/\/tourtravelandmore.com\/?post_type=product&#038;p=116045"},"modified":"2022-01-13T17:27:50","modified_gmt":"2022-01-13T16:27:50","slug":"visite-privee-de-lhypogee-et-des-temples-de-tarxien-3-4-heures-a-partir-de-nimporte-quelle-ville","status":"publish","type":"product","link":"https:\/\/tourtravelandmore.com\/fr\/tours\/malta-fr\/valleta-mdina-fr\/all-private-tours-activities-fr-6\/visite-privee-de-lhypogee-et-des-temples-de-tarxien-3-4-heures-a-partir-de-nimporte-quelle-ville\/","title":{"rendered":"Visite Priv\u00e9e de l&#8217;Hypog\u00e9e et des temples de Tarxien (3-4 heures) \u00e0 partir de n&#8217;importe quelle ville"},"content":{"rendered":"<h2><b>Description de l&#8217;excursion \u00e0 l&#8217;Hypog\u00e9e et aux Temples de Tarxien (3-4 heures) depuis n&#8217;importe quelle ville<\/b><\/h2>\n<p><span style=\"font-weight: 400;\">\u00c0 Malte, il y a toujours quelque chose d&#8217;int\u00e9ressant \u00e0 d\u00e9couvrir. Par cons\u00e9quent, visiter l&#8217;archipel maltais est une exp\u00e9rience tr\u00e8s divertissante avec une grande vari\u00e9t\u00e9 d&#8217;alternatives.\u00a0<\/span><\/p>\n<p><span style=\"font-weight: 400;\">Si vous souhaitez rencontrer de pr\u00e8s l&#8217;histoire pr\u00e9historique de l&#8217;\u00eele, la <\/span><b>visite de l&#8217;hypog\u00e9e et des temples de Tarxien, au d\u00e9part de n&#8217;importe quelle ville<\/b><span style=\"font-weight: 400;\">, est l&#8217;excursion id\u00e9ale pour d\u00e9couvrir les vestiges des premi\u00e8res civilisations humaines.\u00a0<\/span><\/p>\n<p><span style=\"font-weight: 400;\">Il s&#8217;agit d&#8217;une promenade d&#8217;environ <\/span><b>4 heures <\/b><span style=\"font-weight: 400;\">pour visiter le <\/span><b>seul temple souterrain <\/b><span style=\"font-weight: 400;\">construit \u00e0 l&#8217;<\/span><b>\u00e9poque pr\u00e9historique <\/b><span style=\"font-weight: 400;\">qui existe dans le monde.\u00a0<\/span><\/p>\n<p><span style=\"font-weight: 400;\">L&#8217;hypog\u00e9e de Hal Saflieni a \u00e9t\u00e9 utilis\u00e9 entre 4000 et 2500 avant J.-C. par les premiers habitants de l&#8217;\u00eele pour honorer leurs d\u00e9funts. C&#8217;est aussi un sanctuaire merveilleusement bien conserv\u00e9.\u00a0<\/span><\/p>\n<p><span style=\"font-weight: 400;\">En outre, dans la ville de Paola, vous aurez l&#8217;occasion de visiter les temples de Tarxien, une construction de l&#8217;\u00e8re n\u00e9olithique qui est toujours debout.\u00a0<\/span><\/p>\n<p><span style=\"font-weight: 400;\">Si vous \u00eates un amateur de b\u00e2timents pr\u00e9historiques, vous appr\u00e9cierez pleinement ces merveilles architecturales, qui ont \u00e9t\u00e9 d\u00e9clar\u00e9es <\/span><b>site du patrimoine mondial par l&#8217;UNESCO.<\/b><span style=\"font-weight: 400;\">\u00a0\u00a0<\/span><\/p>\n<p><span style=\"font-weight: 400;\">Pendant la visite, <\/span><b>vous monterez \u00e0 bord d&#8217;une voiture confortable et serez accompagn\u00e9 d&#8217;un guide priv\u00e9<\/b><span style=\"font-weight: 400;\">, qui sera attentif \u00e0 vous fournir toutes les donn\u00e9es pertinentes de ces monuments extraordinaires. En outre, le retour sera garanti, de sorte que la visite sera personnalis\u00e9e et tr\u00e8s confortable.\u00a0<\/span><\/p>\n<p><span style=\"font-weight: 400;\">Gardez votre appareil photo \u00e0 port\u00e9e de main pour prendre de nombreuses photos, car les d\u00e9tails de cette visite sont tout simplement indescriptibles.\u00a0<\/span><\/p>\n<h2><b>Points d&#8217;int\u00e9r\u00eat<\/b><\/h2>\n<p><span style=\"font-weight: 400;\">Profitez de cette grande aventure pour explorer deux lieux d&#8217;importance mondiale, dans cette visite de l&#8217;Hypog\u00e9e et des temples de Tarxien.\u00a0<\/span><\/p>\n<p><span style=\"font-weight: 400;\">Nous veillerons \u00e0 ce que vous d\u00e9couvriez pleinement les principales attractions de chacun de ces <\/span><b>joyaux arch\u00e9ologiques :\u00a0<\/b><\/p>\n<h3><span style=\"color: #d3af37;\"><b>L&#8217;hypog\u00e9e de Hal Saflieni\u00a0<\/b><\/span><\/h3>\n<p><span style=\"font-weight: 400;\">D\u00e9couvert par hasard en 1902, l&#8217;Hypog\u00e9e de Hal Saflieni est une pi\u00e8ce d&#8217;architecture inestimable dans le monde entier.\u00a0<\/span><\/p>\n<p><span style=\"font-weight: 400;\">De nombreux chercheurs pensent qu&#8217;il s&#8217;agissait d&#8217;un ancien sanctuaire destin\u00e9 au culte et aux rituels, qui est ensuite devenu une n\u00e9cropole ou un cimeti\u00e8re.\u00a0<\/span><\/p>\n<p><span style=\"font-weight: 400;\">Il s&#8217;agit d&#8217;une structure \u00e0 trois niveaux compos\u00e9e de diff\u00e9rentes pi\u00e8ces, passages et grottes, dans lesquelles ont \u00e9t\u00e9 trouv\u00e9es diverses sculptures qui se trouvent aujourd&#8217;hui au mus\u00e9e de La Valette.\u00a0<\/span><\/p>\n<p><span style=\"font-weight: 400;\">En entrant, vous observerez diff\u00e9rentes chambres, couloirs et salles dont l&#8217;anciennet\u00e9 se situe entre 4000 et 2500 av.\u00a0<\/span><\/p>\n<p><span style=\"font-weight: 400;\">Au deuxi\u00e8me niveau, les \u0153uvres r\u00e9alis\u00e9es dans la pierre sont plus \u00e9labor\u00e9es et surprenantes. \u00c0 ce niveau, on trouve la salle de l&#8217;Oracle et le puits du Serpent, entre autres pi\u00e8ces qui \u00e9taient utilis\u00e9es pour diff\u00e9rentes activit\u00e9s.\u00a0\u00a0<\/span><\/p>\n<p><span style=\"font-weight: 400;\">De plus, les historiens estiment que des milliers de personnes ont \u00e9t\u00e9 enterr\u00e9es dans l&#8217;hypog\u00e9e de Hal Saflieni, car des milliers de restes de squelettes humains ont \u00e9t\u00e9 trouv\u00e9s sur le site lors des premi\u00e8res fouilles.\u00a0<\/span><\/p>\n<p><span style=\"font-weight: 400;\">Il s&#8217;agit d&#8217;une visite tr\u00e8s exclusive, puisque seules 10 personnes par heure sont autoris\u00e9es \u00e0 entrer dans l&#8217;enceinte, et nous vous emm\u00e8nerons confortablement \u00e0 ces endroits.\u00a0<\/span><\/p>\n<h3><span style=\"color: #d3af37;\"><b>Tarxien\u00a0<\/b><\/span><\/h3>\n<p><span style=\"font-weight: 400;\">C&#8217;est une autre des grandes \u0153uvres d\u00e9couvertes par les arch\u00e9ologues \u00e0 Malte. Tarxien est un complexe de 4 temples, dont le premier date de la p\u00e9riode Ggantija, il est donc observ\u00e9 avec quelques dommages \u00e0 sa structure.\u00a0<\/span><\/p>\n<p><span style=\"font-weight: 400;\">Les autres temples qui composent Tarxien appartiennent \u00e0 l&#8217;ann\u00e9e 3000 et 2500 B.C. Ils sont donc mieux conserv\u00e9s.\u00a0<\/span><\/p>\n<p><span style=\"font-weight: 400;\">En outre, les 4 structures sont reli\u00e9es les unes aux autres d&#8217;une mani\u00e8re tr\u00e8s unique et presque imperceptible.\u00a0<\/span><\/p>\n<p><span style=\"font-weight: 400;\">\u00c0 l&#8217;int\u00e9rieur des temples, on trouve un cimeti\u00e8re qui \u00e9tait utilis\u00e9 pour la cr\u00e9mation, ainsi qu&#8217;un b\u00e2timent central \u00e0 double abside. En outre, sur ses murs, on trouve des <\/span><b>bas-reliefs et des frises avec des dessins d&#8217;animaux.\u00a0<\/b><\/p>\n<p><span style=\"font-weight: 400;\">Nous savons que ce sera une visite inoubliable, car vous pourrez appr\u00e9cier de pr\u00e8s de v\u00e9ritables forteresses construites par l&#8217;homme il y a plus de 5000 ans.\u00a0<\/span><\/p>\n<p><span style=\"font-weight: 400;\">Profitez de votre s\u00e9jour \u00e0 Malte pour planifier une <\/span><b><a href=\"https:\/\/tourtravelandmore.com\/fr\/tours\/malta-fr\/valleta-mdina-fr\/all-private-tours-activities-fr-6\/visite-privee-a-pied-de-mdina-et-rabat\/\">visite \u00e0 pied de 4 heures de Mdina et Rabat afin de faire<\/a> <\/b><span style=\"font-weight: 400;\">connaissance avec deux des villes les plus attrayantes de l&#8217;archipel. <\/span><\/p>\n","protected":false},"excerpt":{"rendered":"<p><span style=\"font-weight: 400;\">Explorez deux des plus anciens temples de l&#8217;humanit\u00e9 lors de cette visite de l&#8217;Hypog\u00e9e et des temples de Tarxien depuis n&#8217;importe quelle ville. L&#8217;excursion se d\u00e9roulera de mani\u00e8re exclusive et personnalis\u00e9e, puisque vous voyagerez dans une voiture priv\u00e9e confortable et serez accompagn\u00e9 d&#8217;un guide expert en histoire. De cette fa\u00e7on, vous d\u00e9couvrirez les faits les plus importants concernant ces impressionnants temples m\u00e9galithiques.<\/span><\/p>\n","protected":false},"featured_media":116069,"comment_status":"open","ping_status":"closed","template":"","meta":{"_acf_changed":false},"product_brand":[],"product_cat":[3728,3807,4034,4035],"product_tag":[],"class_list":{"0":"post-116045","1":"product","2":"type-product","3":"status-publish","4":"has-post-thumbnail","6":"product_cat-malta-fr","7":"product_cat-valleta-mdina-fr","8":"product_cat-all-private-tours-activities-fr-6","9":"product_cat-private-sightseeing-tours-fr-6","11":"first","12":"instock","13":"shipping-taxable","14":"purchasable","15":"product-type-simple"},"acf":[],"yoast_head":"<!-- This site is optimized with the Yoast SEO Premium plugin v25.3.1 (Yoast SEO v25.3.1) - https:\/\/yoast.com\/wordpress\/plugins\/seo\/ -->\n<title>Visite priv\u00e9e de l&#039;hypog\u00e9e de Hal Saflieni et des temples de Tarxien \u00e0 partir de n&#039;importe quelle ville avec guide priv\u00e9 et voiture inclus.<\/title>\n<meta name=\"description\" content=\"Voulez-vous conna\u00eetre deux des plus anciens temples m\u00e9galithiques du monde ? Lors de la visite priv\u00e9e de l&#039;hypog\u00e9e de Hal Saflieni et des temples de Tarxien depuis n&#039;importe quelle ville, vous d\u00e9couvrirez certains des temples pr\u00e9historiques les plus importants du monde, avec un guide priv\u00e9 et une voiture inclus.\" \/>\n<meta name=\"robots\" content=\"index, follow, max-snippet:-1, max-image-preview:large, max-video-preview:-1\" \/>\n<link rel=\"canonical\" href=\"https:\/\/tourtravelandmore.com\/fr\/tours\/malta-fr\/valleta-mdina-fr\/all-private-tours-activities-fr-6\/visite-privee-de-lhypogee-et-des-temples-de-tarxien-3-4-heures-a-partir-de-nimporte-quelle-ville\/\" \/>\n<meta property=\"og:locale\" content=\"fr_FR\" \/>\n<meta property=\"og:type\" content=\"article\" \/>\n<meta property=\"og:title\" content=\"Visite Priv\u00e9e de l&#039;Hypog\u00e9e et des temples de Tarxien (3-4 heures) \u00e0 partir de n&#039;importe quelle ville\" \/>\n<meta property=\"og:description\" content=\"Voulez-vous conna\u00eetre deux des plus anciens temples m\u00e9galithiques du monde ? Lors de la visite priv\u00e9e de l&#039;hypog\u00e9e de Hal Saflieni et des temples de Tarxien depuis n&#039;importe quelle ville, vous d\u00e9couvrirez certains des temples pr\u00e9historiques les plus importants du monde, avec un guide priv\u00e9 et une voiture inclus.\" \/>\n<meta property=\"og:url\" content=\"https:\/\/tourtravelandmore.com\/fr\/tours\/malta-fr\/valleta-mdina-fr\/all-private-tours-activities-fr-6\/visite-privee-de-lhypogee-et-des-temples-de-tarxien-3-4-heures-a-partir-de-nimporte-quelle-ville\/\" \/>\n<meta property=\"og:site_name\" content=\"Tour Travel And More\" \/>\n<meta property=\"article:publisher\" content=\"https:\/\/www.facebook.com\/tourtravelandmore\/\" \/>\n<meta property=\"article:modified_time\" content=\"2022-01-13T16:27:50+00:00\" \/>\n<meta property=\"og:image\" content=\"https:\/\/tourtravelandmore.com\/wp-content\/uploads\/2021\/12\/image9-3.jpg\" \/>\n\t<meta property=\"og:image:width\" content=\"1000\" \/>\n\t<meta property=\"og:image:height\" content=\"800\" \/>\n\t<meta property=\"og:image:type\" content=\"image\/jpeg\" \/>\n<meta name=\"twitter:card\" content=\"summary_large_image\" \/>\n<meta name=\"twitter:site\" content=\"@TourTravel_More\" \/>\n<meta name=\"twitter:label1\" content=\"Dur\u00e9e de lecture estim\u00e9e\" \/>\n\t<meta name=\"twitter:data1\" content=\"4 minutes\" \/>\n<script type=\"application\/ld+json\" class=\"yoast-schema-graph\">{\"@context\":\"https:\/\/schema.org\",\"@graph\":[{\"@type\":\"WebPage\",\"@id\":\"https:\/\/tourtravelandmore.com\/fr\/tours\/malta-fr\/valleta-mdina-fr\/all-private-tours-activities-fr-6\/visite-privee-de-lhypogee-et-des-temples-de-tarxien-3-4-heures-a-partir-de-nimporte-quelle-ville\/\",\"url\":\"https:\/\/tourtravelandmore.com\/fr\/tours\/malta-fr\/valleta-mdina-fr\/all-private-tours-activities-fr-6\/visite-privee-de-lhypogee-et-des-temples-de-tarxien-3-4-heures-a-partir-de-nimporte-quelle-ville\/\",\"name\":\"Visite priv\u00e9e de l'hypog\u00e9e de Hal Saflieni et des temples de Tarxien \u00e0 partir de n'importe quelle ville avec guide priv\u00e9 et voiture inclus.\",\"isPartOf\":{\"@id\":\"https:\/\/tourtravelandmore.com\/fr\/#website\"},\"primaryImageOfPage\":{\"@id\":\"https:\/\/tourtravelandmore.com\/fr\/tours\/malta-fr\/valleta-mdina-fr\/all-private-tours-activities-fr-6\/visite-privee-de-lhypogee-et-des-temples-de-tarxien-3-4-heures-a-partir-de-nimporte-quelle-ville\/#primaryimage\"},\"image\":{\"@id\":\"https:\/\/tourtravelandmore.com\/fr\/tours\/malta-fr\/valleta-mdina-fr\/all-private-tours-activities-fr-6\/visite-privee-de-lhypogee-et-des-temples-de-tarxien-3-4-heures-a-partir-de-nimporte-quelle-ville\/#primaryimage\"},\"thumbnailUrl\":\"https:\/\/tourtravelandmore.com\/wp-content\/uploads\/2021\/12\/image9-3.jpg\",\"datePublished\":\"2021-12-21T14:28:18+00:00\",\"dateModified\":\"2022-01-13T16:27:50+00:00\",\"description\":\"Voulez-vous conna\u00eetre deux des plus anciens temples m\u00e9galithiques du monde ? Lors de la visite priv\u00e9e de l'hypog\u00e9e de Hal Saflieni et des temples de Tarxien depuis n'importe quelle ville, vous d\u00e9couvrirez certains des temples pr\u00e9historiques les plus importants du monde, avec un guide priv\u00e9 et une voiture inclus.\",\"breadcrumb\":{\"@id\":\"https:\/\/tourtravelandmore.com\/fr\/tours\/malta-fr\/valleta-mdina-fr\/all-private-tours-activities-fr-6\/visite-privee-de-lhypogee-et-des-temples-de-tarxien-3-4-heures-a-partir-de-nimporte-quelle-ville\/#breadcrumb\"},\"inLanguage\":\"fr-FR\",\"potentialAction\":[{\"@type\":\"ReadAction\",\"target\":[\"https:\/\/tourtravelandmore.com\/fr\/tours\/malta-fr\/valleta-mdina-fr\/all-private-tours-activities-fr-6\/visite-privee-de-lhypogee-et-des-temples-de-tarxien-3-4-heures-a-partir-de-nimporte-quelle-ville\/\"]}]},{\"@type\":\"ImageObject\",\"inLanguage\":\"fr-FR\",\"@id\":\"https:\/\/tourtravelandmore.com\/fr\/tours\/malta-fr\/valleta-mdina-fr\/all-private-tours-activities-fr-6\/visite-privee-de-lhypogee-et-des-temples-de-tarxien-3-4-heures-a-partir-de-nimporte-quelle-ville\/#primaryimage\",\"url\":\"https:\/\/tourtravelandmore.com\/wp-content\/uploads\/2021\/12\/image9-3.jpg\",\"contentUrl\":\"https:\/\/tourtravelandmore.com\/wp-content\/uploads\/2021\/12\/image9-3.jpg\",\"width\":1000,\"height\":800},{\"@type\":\"BreadcrumbList\",\"@id\":\"https:\/\/tourtravelandmore.com\/fr\/tours\/malta-fr\/valleta-mdina-fr\/all-private-tours-activities-fr-6\/visite-privee-de-lhypogee-et-des-temples-de-tarxien-3-4-heures-a-partir-de-nimporte-quelle-ville\/#breadcrumb\",\"itemListElement\":[{\"@type\":\"ListItem\",\"position\":1,\"name\":\"Home\",\"item\":\"https:\/\/tourtravelandmore.com\/fr\/\"},{\"@type\":\"ListItem\",\"position\":2,\"name\":\"Tours\",\"item\":\"https:\/\/tourtravelandmore.com\/fr\/tours\/\"},{\"@type\":\"ListItem\",\"position\":3,\"name\":\"Visite Priv\u00e9e de l&#8217;Hypog\u00e9e et des temples de Tarxien (3-4 heures) \u00e0 partir de n&#8217;importe quelle ville\"}]},{\"@type\":\"WebSite\",\"@id\":\"https:\/\/tourtravelandmore.com\/fr\/#website\",\"url\":\"https:\/\/tourtravelandmore.com\/fr\/\",\"name\":\"Tour Travel And More\",\"description\":\"Private sightseeing tours and luxury transfers in Spain\",\"publisher\":{\"@id\":\"https:\/\/tourtravelandmore.com\/fr\/#organization\"},\"potentialAction\":[{\"@type\":\"SearchAction\",\"target\":{\"@type\":\"EntryPoint\",\"urlTemplate\":\"https:\/\/tourtravelandmore.com\/fr\/?s={search_term_string}\"},\"query-input\":{\"@type\":\"PropertyValueSpecification\",\"valueRequired\":true,\"valueName\":\"search_term_string\"}}],\"inLanguage\":\"fr-FR\"},{\"@type\":\"Organization\",\"@id\":\"https:\/\/tourtravelandmore.com\/fr\/#organization\",\"name\":\"Tour Travel And More\",\"url\":\"https:\/\/tourtravelandmore.com\/fr\/\",\"logo\":{\"@type\":\"ImageObject\",\"inLanguage\":\"fr-FR\",\"@id\":\"https:\/\/tourtravelandmore.com\/fr\/#\/schema\/logo\/image\/\",\"url\":\"https:\/\/tourtravelandmore.com\/wp-content\/uploads\/2022\/12\/cropped-logo-cabecera-new.png\",\"contentUrl\":\"https:\/\/tourtravelandmore.com\/wp-content\/uploads\/2022\/12\/cropped-logo-cabecera-new.png\",\"width\":430,\"height\":61,\"caption\":\"Tour Travel And More\"},\"image\":{\"@id\":\"https:\/\/tourtravelandmore.com\/fr\/#\/schema\/logo\/image\/\"},\"sameAs\":[\"https:\/\/www.facebook.com\/tourtravelandmore\/\",\"https:\/\/x.com\/TourTravel_More\"]}]}<\/script>\n<!-- \/ Yoast SEO Premium plugin. -->","yoast_head_json":{"title":"Visite priv\u00e9e de l'hypog\u00e9e de Hal Saflieni et des temples de Tarxien \u00e0 partir de n'importe quelle ville avec guide priv\u00e9 et voiture inclus.","description":"Voulez-vous conna\u00eetre deux des plus anciens temples m\u00e9galithiques du monde ? Lors de la visite priv\u00e9e de l'hypog\u00e9e de Hal Saflieni et des temples de Tarxien depuis n'importe quelle ville, vous d\u00e9couvrirez certains des temples pr\u00e9historiques les plus importants du monde, avec un guide priv\u00e9 et une voiture inclus.","robots":{"index":"index","follow":"follow","max-snippet":"max-snippet:-1","max-image-preview":"max-image-preview:large","max-video-preview":"max-video-preview:-1"},"canonical":"https:\/\/tourtravelandmore.com\/fr\/tours\/malta-fr\/valleta-mdina-fr\/all-private-tours-activities-fr-6\/visite-privee-de-lhypogee-et-des-temples-de-tarxien-3-4-heures-a-partir-de-nimporte-quelle-ville\/","og_locale":"fr_FR","og_type":"article","og_title":"Visite Priv\u00e9e de l'Hypog\u00e9e et des temples de Tarxien (3-4 heures) \u00e0 partir de n'importe quelle ville","og_description":"Voulez-vous conna\u00eetre deux des plus anciens temples m\u00e9galithiques du monde ? Lors de la visite priv\u00e9e de l'hypog\u00e9e de Hal Saflieni et des temples de Tarxien depuis n'importe quelle ville, vous d\u00e9couvrirez certains des temples pr\u00e9historiques les plus importants du monde, avec un guide priv\u00e9 et une voiture inclus.","og_url":"https:\/\/tourtravelandmore.com\/fr\/tours\/malta-fr\/valleta-mdina-fr\/all-private-tours-activities-fr-6\/visite-privee-de-lhypogee-et-des-temples-de-tarxien-3-4-heures-a-partir-de-nimporte-quelle-ville\/","og_site_name":"Tour Travel And More","article_publisher":"https:\/\/www.facebook.com\/tourtravelandmore\/","article_modified_time":"2022-01-13T16:27:50+00:00","og_image":[{"width":1000,"height":800,"url":"https:\/\/tourtravelandmore.com\/wp-content\/uploads\/2021\/12\/image9-3.jpg","type":"image\/jpeg"}],"twitter_card":"summary_large_image","twitter_site":"@TourTravel_More","twitter_misc":{"Dur\u00e9e de lecture estim\u00e9e":"4 minutes"},"schema":{"@context":"https:\/\/schema.org","@graph":[{"@type":"WebPage","@id":"https:\/\/tourtravelandmore.com\/fr\/tours\/malta-fr\/valleta-mdina-fr\/all-private-tours-activities-fr-6\/visite-privee-de-lhypogee-et-des-temples-de-tarxien-3-4-heures-a-partir-de-nimporte-quelle-ville\/","url":"https:\/\/tourtravelandmore.com\/fr\/tours\/malta-fr\/valleta-mdina-fr\/all-private-tours-activities-fr-6\/visite-privee-de-lhypogee-et-des-temples-de-tarxien-3-4-heures-a-partir-de-nimporte-quelle-ville\/","name":"Visite priv\u00e9e de l'hypog\u00e9e de Hal Saflieni et des temples de Tarxien \u00e0 partir de n'importe quelle ville avec guide priv\u00e9 et voiture inclus.","isPartOf":{"@id":"https:\/\/tourtravelandmore.com\/fr\/#website"},"primaryImageOfPage":{"@id":"https:\/\/tourtravelandmore.com\/fr\/tours\/malta-fr\/valleta-mdina-fr\/all-private-tours-activities-fr-6\/visite-privee-de-lhypogee-et-des-temples-de-tarxien-3-4-heures-a-partir-de-nimporte-quelle-ville\/#primaryimage"},"image":{"@id":"https:\/\/tourtravelandmore.com\/fr\/tours\/malta-fr\/valleta-mdina-fr\/all-private-tours-activities-fr-6\/visite-privee-de-lhypogee-et-des-temples-de-tarxien-3-4-heures-a-partir-de-nimporte-quelle-ville\/#primaryimage"},"thumbnailUrl":"https:\/\/tourtravelandmore.com\/wp-content\/uploads\/2021\/12\/image9-3.jpg","datePublished":"2021-12-21T14:28:18+00:00","dateModified":"2022-01-13T16:27:50+00:00","description":"Voulez-vous conna\u00eetre deux des plus anciens temples m\u00e9galithiques du monde ? Lors de la visite priv\u00e9e de l'hypog\u00e9e de Hal Saflieni et des temples de Tarxien depuis n'importe quelle ville, vous d\u00e9couvrirez certains des temples pr\u00e9historiques les plus importants du monde, avec un guide priv\u00e9 et une voiture inclus.","breadcrumb":{"@id":"https:\/\/tourtravelandmore.com\/fr\/tours\/malta-fr\/valleta-mdina-fr\/all-private-tours-activities-fr-6\/visite-privee-de-lhypogee-et-des-temples-de-tarxien-3-4-heures-a-partir-de-nimporte-quelle-ville\/#breadcrumb"},"inLanguage":"fr-FR","potentialAction":[{"@type":"ReadAction","target":["https:\/\/tourtravelandmore.com\/fr\/tours\/malta-fr\/valleta-mdina-fr\/all-private-tours-activities-fr-6\/visite-privee-de-lhypogee-et-des-temples-de-tarxien-3-4-heures-a-partir-de-nimporte-quelle-ville\/"]}]},{"@type":"ImageObject","inLanguage":"fr-FR","@id":"https:\/\/tourtravelandmore.com\/fr\/tours\/malta-fr\/valleta-mdina-fr\/all-private-tours-activities-fr-6\/visite-privee-de-lhypogee-et-des-temples-de-tarxien-3-4-heures-a-partir-de-nimporte-quelle-ville\/#primaryimage","url":"https:\/\/tourtravelandmore.com\/wp-content\/uploads\/2021\/12\/image9-3.jpg","contentUrl":"https:\/\/tourtravelandmore.com\/wp-content\/uploads\/2021\/12\/image9-3.jpg","width":1000,"height":800},{"@type":"BreadcrumbList","@id":"https:\/\/tourtravelandmore.com\/fr\/tours\/malta-fr\/valleta-mdina-fr\/all-private-tours-activities-fr-6\/visite-privee-de-lhypogee-et-des-temples-de-tarxien-3-4-heures-a-partir-de-nimporte-quelle-ville\/#breadcrumb","itemListElement":[{"@type":"ListItem","position":1,"name":"Home","item":"https:\/\/tourtravelandmore.com\/fr\/"},{"@type":"ListItem","position":2,"name":"Tours","item":"https:\/\/tourtravelandmore.com\/fr\/tours\/"},{"@type":"ListItem","position":3,"name":"Visite Priv\u00e9e de l&#8217;Hypog\u00e9e et des temples de Tarxien (3-4 heures) \u00e0 partir de n&#8217;importe quelle ville"}]},{"@type":"WebSite","@id":"https:\/\/tourtravelandmore.com\/fr\/#website","url":"https:\/\/tourtravelandmore.com\/fr\/","name":"Tour Travel And More","description":"Private sightseeing tours and luxury transfers in Spain","publisher":{"@id":"https:\/\/tourtravelandmore.com\/fr\/#organization"},"potentialAction":[{"@type":"SearchAction","target":{"@type":"EntryPoint","urlTemplate":"https:\/\/tourtravelandmore.com\/fr\/?s={search_term_string}"},"query-input":{"@type":"PropertyValueSpecification","valueRequired":true,"valueName":"search_term_string"}}],"inLanguage":"fr-FR"},{"@type":"Organization","@id":"https:\/\/tourtravelandmore.com\/fr\/#organization","name":"Tour Travel And More","url":"https:\/\/tourtravelandmore.com\/fr\/","logo":{"@type":"ImageObject","inLanguage":"fr-FR","@id":"https:\/\/tourtravelandmore.com\/fr\/#\/schema\/logo\/image\/","url":"https:\/\/tourtravelandmore.com\/wp-content\/uploads\/2022\/12\/cropped-logo-cabecera-new.png","contentUrl":"https:\/\/tourtravelandmore.com\/wp-content\/uploads\/2022\/12\/cropped-logo-cabecera-new.png","width":430,"height":61,"caption":"Tour Travel And More"},"image":{"@id":"https:\/\/tourtravelandmore.com\/fr\/#\/schema\/logo\/image\/"},"sameAs":["https:\/\/www.facebook.com\/tourtravelandmore\/","https:\/\/x.com\/TourTravel_More"]}]}},"_links":{"self":[{"href":"https:\/\/tourtravelandmore.com\/fr\/wp-json\/wp\/v2\/product\/116045","targetHints":{"allow":["GET"]}}],"collection":[{"href":"https:\/\/tourtravelandmore.com\/fr\/wp-json\/wp\/v2\/product"}],"about":[{"href":"https:\/\/tourtravelandmore.com\/fr\/wp-json\/wp\/v2\/types\/product"}],"replies":[{"embeddable":true,"href":"https:\/\/tourtravelandmore.com\/fr\/wp-json\/wp\/v2\/comments?post=116045"}],"wp:featuredmedia":[{"embeddable":true,"href":"https:\/\/tourtravelandmore.com\/fr\/wp-json\/wp\/v2\/media\/116069"}],"wp:attachment":[{"href":"https:\/\/tourtravelandmore.com\/fr\/wp-json\/wp\/v2\/media?parent=116045"}],"wp:term":[{"taxonomy":"product_brand","embeddable":true,"href":"https:\/\/tourtravelandmore.com\/fr\/wp-json\/wp\/v2\/product_brand?post=116045"},{"taxonomy":"product_cat","embeddable":true,"href":"https:\/\/tourtravelandmore.com\/fr\/wp-json\/wp\/v2\/product_cat?post=116045"},{"taxonomy":"product_tag","embeddable":true,"href":"https:\/\/tourtravelandmore.com\/fr\/wp-json\/wp\/v2\/product_tag?post=116045"}],"curies":[{"name":"wp","href":"https:\/\/api.w.org\/{rel}","templated":true}]}}