{"id":116002,"date":"2021-12-21T15:04:24","date_gmt":"2021-12-21T14:04:38","guid":{"rendered":"https:\/\/tourtravelandmore.com\/?post_type=product&#038;p=116002"},"modified":"2021-12-24T16:55:14","modified_gmt":"2021-12-24T15:55:14","slug":"arrangement-prive-pour-se-rendre-a-popeye-village-et-golden-bay-depuis-nimporte-quelle-ville","status":"publish","type":"product","link":"https:\/\/tourtravelandmore.com\/fr\/tours\/malta-fr\/valleta-mdina-fr\/all-private-tours-activities-fr-6\/arrangement-prive-pour-se-rendre-a-popeye-village-et-golden-bay-depuis-nimporte-quelle-ville\/","title":{"rendered":"Arrangement priv\u00e9 pour se rendre \u00e0 Popeye Village et Golden Bay depuis n&#8217;importe quelle ville"},"content":{"rendered":"<h2><b>Description de l&#8217;arrangement priv\u00e9 pour se rendre \u00e0 Popeye Village et Golden Bay depuis n&#8217;importe quelle ville\u00a0<\/b><\/h2>\n<p><span style=\"font-weight: 400;\">L&#8217;archipel de Malte ne cesse de surprendre, car il regorge de monuments et de b\u00e2timents historiques inscrits au patrimoine mondial, ainsi que de paysages d&#8217;une beaut\u00e9 naturelle \u00e9poustouflante.\u00a0<\/span><\/p>\n<p><span style=\"font-weight: 400;\">Si vous \u00eates de passage sur l&#8217;\u00eele et que vous souhaitez faire une escapade m\u00e9morable, l&#8217;<\/span><b>arrangement priv\u00e9 pour aller au Popeye Village et \u00e0 Golden Bay <\/b><span style=\"font-weight: 400;\">est la sortie id\u00e9ale pour vous, votre famille et vos amis.\u00a0<\/span><\/p>\n<p><span style=\"font-weight: 400;\">Cette excursion comprend la visite du charmant Popeye Village, un village construit en 1979 pour le tournage du film d&#8217;animation Popeye, dans lequel jouait Robins Williams.\u00a0<\/span><\/p>\n<p><span style=\"font-weight: 400;\">Ensuite, vous avez la possibilit\u00e9 de vous d\u00e9tendre sur l&#8217;une des plus belles et des plus vastes plages de Malte : la Golden Bay. Ses sables dor\u00e9s et ses eaux cristallines seront plus que suffisants pour vous faire passer une journ\u00e9e de r\u00eave.\u00a0<\/span><\/p>\n<p><span style=\"font-weight: 400;\">L&#8217;arrangement priv\u00e9 pour aller \u00e0 Popeye Village et Golden Bay est l&#8217;escapade parfaite pour cr\u00e9er des souvenirs distincts et tr\u00e8s sp\u00e9ciaux.\u00a0<\/span><\/p>\n<p><span style=\"font-weight: 400;\">Une <\/span><b>voiture priv\u00e9e <\/b><span style=\"font-weight: 400;\">vous sera fournie <\/span><b>pendant 12 heures <\/b><span style=\"font-weight: 400;\">afin que vous puissiez profiter de chacun de ces lieux charmants \u00e0 votre guise.\u00a0<\/span><\/p>\n<p><span style=\"font-weight: 400;\">En outre, vous pouvez organiser le lieu de rendez-vous pour rendre votre voyage encore plus personnalis\u00e9. Pr\u00e9parez votre appareil photo et votre cr\u00e8me solaire, car ce sera l&#8217;un des meilleurs voyages de votre vie.\u00a0 Et \u00e0 la fin de l&#8217;excursion, nous vous ram\u00e8nerons au lieu convenu.<\/span><\/p>\n<h2><b>Points d&#8217;int\u00e9r\u00eat<\/b><\/h2>\n<p><span style=\"font-weight: 400;\">D\u00e9tente, plaisir, histoire et beaut\u00e9 naturelle&#8230; Ce sont les mots qui d\u00e9finissent le mieux Malte. Alors, prenez une journ\u00e9e sur votre itin\u00e9raire et plongez dans cette merveilleuse excursion \u00e0 Popeye Village et Golden Bay depuis n&#8217;importe quelle ville.\u00a0<\/span><\/p>\n<h3><span style=\"color: #d3af37;\"><b>Village Popeye<\/b><\/span><\/h3>\n<p><span style=\"font-weight: 400;\">Le pittoresque Popeye Village se trouve \u00e0 Anchor Bay, pr\u00e8s de Mellieha. Il s&#8217;agit d&#8217;un plateau de tournage utilis\u00e9 en 1980 par Walt Disney pour tourner le film Popeye, et ainsi recr\u00e9er le c\u00e9l\u00e8bre dessin anim\u00e9 qui a suscit\u00e9 tant de sourires chez toute une g\u00e9n\u00e9ration.\u00a0<\/span><\/p>\n<p><span style=\"font-weight: 400;\">Ce site est un village qui contient 19 b\u00e2timents qui ressemblent litt\u00e9ralement \u00e0 des jouets. Ce style cr\u00e9e un environnement diff\u00e9rent pour passer un moment amusant, que ce soit seul, avec des amis ou en famille.\u00a0<\/span><\/p>\n<p><span style=\"font-weight: 400;\">En outre, c&#8217;est un lieu qui pr\u00e9sente de nombreux faits marquants, comme le fait que les planches et les toits utilis\u00e9s pour la construction des maisons ont \u00e9t\u00e9 import\u00e9s des Pays-Bas et du Canada, car il n&#8217;y a pas de for\u00eats \u00e0 Malte.\u00a0\u00a0<\/span><\/p>\n<p><span style=\"font-weight: 400;\">Dans le village de Popeye, vous trouverez \u00e9galement d&#8217;autres activit\u00e9s attrayantes, comme aller \u00e0 la piscine, visiter des mus\u00e9es et profiter des aires de jeux pour enfants. Il s&#8217;agit donc sans aucun doute d&#8217;une sortie divertissante et hors du commun.\u00a0<\/span><\/p>\n<h3><span style=\"color: #d3af37;\"><b>Baie d&#8217;or<\/b><\/span><\/h3>\n<p><span style=\"font-weight: 400;\">Nous poursuivrons notre voyage vers Golden Bay, une plage paradisiaque dont les sables ressemblent \u00e0 un tapis d&#8217;or.\u00a0<\/span><\/p>\n<p><span style=\"font-weight: 400;\">C&#8217;est l&#8217;une des plus grandes plages de Malte et ses c\u00f4tes vous invitent \u00e0 passer une journ\u00e9e diff\u00e9rente. Vous pouvez vous faire bronzer, vous amuser dans ses attractions aquatiques ou m\u00eame faire de la plong\u00e9e libre.\u00a0<\/span><\/p>\n<p><span style=\"font-weight: 400;\">Dans cet endroit, vous pouvez profiter d&#8217;une journ\u00e9e sp\u00e9ciale, pleine de plaisir et de d\u00e9tente, pour vous \u00e9loigner du stress et de la routine quotidienne.\u00a0\u00a0\u00a0<\/span><\/p>\n<p><span style=\"font-weight: 400;\">Nous vous recommandons d&#8217;inclure dans vos journ\u00e9es \u00e0 Malte <\/span><a href=\"https:\/\/tourtravelandmore.com\/fr\/tours\/malta-fr\/valleta-mdina-fr\/all-private-tours-activities-fr-6\/visite-privee-des-marches-de-sao-paulo-depuis-nimporte-quelle-ville\/\"><b>la visite des traces de Saint Paul \u00e0 partir de n&#8217;importe quelle ville<\/b><\/a><span style=\"font-weight: 400;\">. De cette fa\u00e7on, vous aurez une rencontre avec l&#8217;histoire de l&#8217;un des ap\u00f4tres fondateurs du Nouveau Testament chr\u00e9tien.\u00a0 <\/span><\/p>\n","protected":false},"excerpt":{"rendered":"<p><span style=\"font-weight: 400;\">D\u00e9couvrez dans cet arrangement priv\u00e9 le plateau de tournage original utilis\u00e9 pour le film &#8220;Popeye&#8221; et les sables dor\u00e9s de Golden Bay. Ce sera une exp\u00e9rience personnalis\u00e9e, id\u00e9ale pour les jeunes et les moins jeunes, au cours de laquelle vous apprendrez \u00e0 conna\u00eetre ces deux splendides destinations touristiques \u00e0 votre propre rythme<\/span><\/p>\n","protected":false},"featured_media":116017,"comment_status":"open","ping_status":"closed","template":"","meta":{"_acf_changed":false},"product_brand":[],"product_cat":[3728,3807,4034,4035],"product_tag":[],"class_list":{"0":"post-116002","1":"product","2":"type-product","3":"status-publish","4":"has-post-thumbnail","6":"product_cat-malta-fr","7":"product_cat-valleta-mdina-fr","8":"product_cat-all-private-tours-activities-fr-6","9":"product_cat-private-sightseeing-tours-fr-6","11":"first","12":"instock","13":"shipping-taxable","14":"purchasable","15":"product-type-simple"},"acf":[],"yoast_head":"<!-- This site is optimized with the Yoast SEO Premium plugin v25.3.1 (Yoast SEO v25.3.1) - https:\/\/yoast.com\/wordpress\/plugins\/seo\/ -->\n<title>Arrangement priv\u00e9 pour se rendre \u00e0 Popeye Village et Golden Bay depuis n&#039;importe quelle ville dans une voiture priv\u00e9e confortable<\/title>\n<meta name=\"description\" content=\"Lors de cet arrangement priv\u00e9 \u00e0 travers Popeye Village et Golden Bay depuis n&#039;importe quelle ville, vous explorerez \u00e0 votre rythme ces deux joyaux cach\u00e9s de Malte. Profitez de votre promenade dans l&#039;archipel maltais pour d\u00e9couvrir un d\u00e9cor o\u00f9 un film de Disney a \u00e9t\u00e9 tourn\u00e9, et vous verrez \u00e9galement l&#039;une des plus belles plages d&#039;Europe\" \/>\n<meta name=\"robots\" content=\"index, follow, max-snippet:-1, max-image-preview:large, max-video-preview:-1\" \/>\n<link rel=\"canonical\" href=\"https:\/\/tourtravelandmore.com\/fr\/tours\/malta-fr\/valleta-mdina-fr\/all-private-tours-activities-fr-6\/arrangement-prive-pour-se-rendre-a-popeye-village-et-golden-bay-depuis-nimporte-quelle-ville\/\" \/>\n<meta property=\"og:locale\" content=\"fr_FR\" \/>\n<meta property=\"og:type\" content=\"article\" \/>\n<meta property=\"og:title\" content=\"Arrangement priv\u00e9 pour se rendre \u00e0 Popeye Village et Golden Bay depuis n&#039;importe quelle ville\" \/>\n<meta property=\"og:description\" content=\"Lors de cet arrangement priv\u00e9 \u00e0 travers Popeye Village et Golden Bay depuis n&#039;importe quelle ville, vous explorerez \u00e0 votre rythme ces deux joyaux cach\u00e9s de Malte. Profitez de votre promenade dans l&#039;archipel maltais pour d\u00e9couvrir un d\u00e9cor o\u00f9 un film de Disney a \u00e9t\u00e9 tourn\u00e9, et vous verrez \u00e9galement l&#039;une des plus belles plages d&#039;Europe\" \/>\n<meta property=\"og:url\" content=\"https:\/\/tourtravelandmore.com\/fr\/tours\/malta-fr\/valleta-mdina-fr\/all-private-tours-activities-fr-6\/arrangement-prive-pour-se-rendre-a-popeye-village-et-golden-bay-depuis-nimporte-quelle-ville\/\" \/>\n<meta property=\"og:site_name\" content=\"Tour Travel And More\" \/>\n<meta property=\"article:publisher\" content=\"https:\/\/www.facebook.com\/tourtravelandmore\/\" \/>\n<meta property=\"article:modified_time\" content=\"2021-12-24T15:55:14+00:00\" \/>\n<meta property=\"og:image\" content=\"https:\/\/tourtravelandmore.com\/wp-content\/uploads\/2021\/12\/image2-11.jpg\" \/>\n\t<meta property=\"og:image:width\" content=\"960\" \/>\n\t<meta property=\"og:image:height\" content=\"640\" \/>\n\t<meta property=\"og:image:type\" content=\"image\/jpeg\" \/>\n<meta name=\"twitter:card\" content=\"summary_large_image\" \/>\n<meta name=\"twitter:site\" content=\"@TourTravel_More\" \/>\n<meta name=\"twitter:label1\" content=\"Dur\u00e9e de lecture estim\u00e9e\" \/>\n\t<meta name=\"twitter:data1\" content=\"3 minutes\" \/>\n<script type=\"application\/ld+json\" class=\"yoast-schema-graph\">{\"@context\":\"https:\/\/schema.org\",\"@graph\":[{\"@type\":\"WebPage\",\"@id\":\"https:\/\/tourtravelandmore.com\/fr\/tours\/malta-fr\/valleta-mdina-fr\/all-private-tours-activities-fr-6\/arrangement-prive-pour-se-rendre-a-popeye-village-et-golden-bay-depuis-nimporte-quelle-ville\/\",\"url\":\"https:\/\/tourtravelandmore.com\/fr\/tours\/malta-fr\/valleta-mdina-fr\/all-private-tours-activities-fr-6\/arrangement-prive-pour-se-rendre-a-popeye-village-et-golden-bay-depuis-nimporte-quelle-ville\/\",\"name\":\"Arrangement priv\u00e9 pour se rendre \u00e0 Popeye Village et Golden Bay depuis n'importe quelle ville dans une voiture priv\u00e9e confortable\",\"isPartOf\":{\"@id\":\"https:\/\/tourtravelandmore.com\/fr\/#website\"},\"primaryImageOfPage\":{\"@id\":\"https:\/\/tourtravelandmore.com\/fr\/tours\/malta-fr\/valleta-mdina-fr\/all-private-tours-activities-fr-6\/arrangement-prive-pour-se-rendre-a-popeye-village-et-golden-bay-depuis-nimporte-quelle-ville\/#primaryimage\"},\"image\":{\"@id\":\"https:\/\/tourtravelandmore.com\/fr\/tours\/malta-fr\/valleta-mdina-fr\/all-private-tours-activities-fr-6\/arrangement-prive-pour-se-rendre-a-popeye-village-et-golden-bay-depuis-nimporte-quelle-ville\/#primaryimage\"},\"thumbnailUrl\":\"https:\/\/tourtravelandmore.com\/wp-content\/uploads\/2021\/12\/image2-11.jpg\",\"datePublished\":\"2021-12-21T14:04:38+00:00\",\"dateModified\":\"2021-12-24T15:55:14+00:00\",\"description\":\"Lors de cet arrangement priv\u00e9 \u00e0 travers Popeye Village et Golden Bay depuis n'importe quelle ville, vous explorerez \u00e0 votre rythme ces deux joyaux cach\u00e9s de Malte. Profitez de votre promenade dans l'archipel maltais pour d\u00e9couvrir un d\u00e9cor o\u00f9 un film de Disney a \u00e9t\u00e9 tourn\u00e9, et vous verrez \u00e9galement l'une des plus belles plages d'Europe\",\"breadcrumb\":{\"@id\":\"https:\/\/tourtravelandmore.com\/fr\/tours\/malta-fr\/valleta-mdina-fr\/all-private-tours-activities-fr-6\/arrangement-prive-pour-se-rendre-a-popeye-village-et-golden-bay-depuis-nimporte-quelle-ville\/#breadcrumb\"},\"inLanguage\":\"fr-FR\",\"potentialAction\":[{\"@type\":\"ReadAction\",\"target\":[\"https:\/\/tourtravelandmore.com\/fr\/tours\/malta-fr\/valleta-mdina-fr\/all-private-tours-activities-fr-6\/arrangement-prive-pour-se-rendre-a-popeye-village-et-golden-bay-depuis-nimporte-quelle-ville\/\"]}]},{\"@type\":\"ImageObject\",\"inLanguage\":\"fr-FR\",\"@id\":\"https:\/\/tourtravelandmore.com\/fr\/tours\/malta-fr\/valleta-mdina-fr\/all-private-tours-activities-fr-6\/arrangement-prive-pour-se-rendre-a-popeye-village-et-golden-bay-depuis-nimporte-quelle-ville\/#primaryimage\",\"url\":\"https:\/\/tourtravelandmore.com\/wp-content\/uploads\/2021\/12\/image2-11.jpg\",\"contentUrl\":\"https:\/\/tourtravelandmore.com\/wp-content\/uploads\/2021\/12\/image2-11.jpg\",\"width\":960,\"height\":640},{\"@type\":\"BreadcrumbList\",\"@id\":\"https:\/\/tourtravelandmore.com\/fr\/tours\/malta-fr\/valleta-mdina-fr\/all-private-tours-activities-fr-6\/arrangement-prive-pour-se-rendre-a-popeye-village-et-golden-bay-depuis-nimporte-quelle-ville\/#breadcrumb\",\"itemListElement\":[{\"@type\":\"ListItem\",\"position\":1,\"name\":\"Home\",\"item\":\"https:\/\/tourtravelandmore.com\/fr\/\"},{\"@type\":\"ListItem\",\"position\":2,\"name\":\"Tours\",\"item\":\"https:\/\/tourtravelandmore.com\/fr\/tours\/\"},{\"@type\":\"ListItem\",\"position\":3,\"name\":\"Arrangement priv\u00e9 pour se rendre \u00e0 Popeye Village et Golden Bay depuis n&rsquo;importe quelle ville\"}]},{\"@type\":\"WebSite\",\"@id\":\"https:\/\/tourtravelandmore.com\/fr\/#website\",\"url\":\"https:\/\/tourtravelandmore.com\/fr\/\",\"name\":\"Tour Travel And More\",\"description\":\"Private sightseeing tours and luxury transfers in Spain\",\"publisher\":{\"@id\":\"https:\/\/tourtravelandmore.com\/fr\/#organization\"},\"potentialAction\":[{\"@type\":\"SearchAction\",\"target\":{\"@type\":\"EntryPoint\",\"urlTemplate\":\"https:\/\/tourtravelandmore.com\/fr\/?s={search_term_string}\"},\"query-input\":{\"@type\":\"PropertyValueSpecification\",\"valueRequired\":true,\"valueName\":\"search_term_string\"}}],\"inLanguage\":\"fr-FR\"},{\"@type\":\"Organization\",\"@id\":\"https:\/\/tourtravelandmore.com\/fr\/#organization\",\"name\":\"Tour Travel And More\",\"url\":\"https:\/\/tourtravelandmore.com\/fr\/\",\"logo\":{\"@type\":\"ImageObject\",\"inLanguage\":\"fr-FR\",\"@id\":\"https:\/\/tourtravelandmore.com\/fr\/#\/schema\/logo\/image\/\",\"url\":\"https:\/\/tourtravelandmore.com\/wp-content\/uploads\/2022\/12\/cropped-logo-cabecera-new.png\",\"contentUrl\":\"https:\/\/tourtravelandmore.com\/wp-content\/uploads\/2022\/12\/cropped-logo-cabecera-new.png\",\"width\":430,\"height\":61,\"caption\":\"Tour Travel And More\"},\"image\":{\"@id\":\"https:\/\/tourtravelandmore.com\/fr\/#\/schema\/logo\/image\/\"},\"sameAs\":[\"https:\/\/www.facebook.com\/tourtravelandmore\/\",\"https:\/\/x.com\/TourTravel_More\"]}]}<\/script>\n<!-- \/ Yoast SEO Premium plugin. -->","yoast_head_json":{"title":"Arrangement priv\u00e9 pour se rendre \u00e0 Popeye Village et Golden Bay depuis n'importe quelle ville dans une voiture priv\u00e9e confortable","description":"Lors de cet arrangement priv\u00e9 \u00e0 travers Popeye Village et Golden Bay depuis n'importe quelle ville, vous explorerez \u00e0 votre rythme ces deux joyaux cach\u00e9s de Malte. Profitez de votre promenade dans l'archipel maltais pour d\u00e9couvrir un d\u00e9cor o\u00f9 un film de Disney a \u00e9t\u00e9 tourn\u00e9, et vous verrez \u00e9galement l'une des plus belles plages d'Europe","robots":{"index":"index","follow":"follow","max-snippet":"max-snippet:-1","max-image-preview":"max-image-preview:large","max-video-preview":"max-video-preview:-1"},"canonical":"https:\/\/tourtravelandmore.com\/fr\/tours\/malta-fr\/valleta-mdina-fr\/all-private-tours-activities-fr-6\/arrangement-prive-pour-se-rendre-a-popeye-village-et-golden-bay-depuis-nimporte-quelle-ville\/","og_locale":"fr_FR","og_type":"article","og_title":"Arrangement priv\u00e9 pour se rendre \u00e0 Popeye Village et Golden Bay depuis n'importe quelle ville","og_description":"Lors de cet arrangement priv\u00e9 \u00e0 travers Popeye Village et Golden Bay depuis n'importe quelle ville, vous explorerez \u00e0 votre rythme ces deux joyaux cach\u00e9s de Malte. Profitez de votre promenade dans l'archipel maltais pour d\u00e9couvrir un d\u00e9cor o\u00f9 un film de Disney a \u00e9t\u00e9 tourn\u00e9, et vous verrez \u00e9galement l'une des plus belles plages d'Europe","og_url":"https:\/\/tourtravelandmore.com\/fr\/tours\/malta-fr\/valleta-mdina-fr\/all-private-tours-activities-fr-6\/arrangement-prive-pour-se-rendre-a-popeye-village-et-golden-bay-depuis-nimporte-quelle-ville\/","og_site_name":"Tour Travel And More","article_publisher":"https:\/\/www.facebook.com\/tourtravelandmore\/","article_modified_time":"2021-12-24T15:55:14+00:00","og_image":[{"width":960,"height":640,"url":"https:\/\/tourtravelandmore.com\/wp-content\/uploads\/2021\/12\/image2-11.jpg","type":"image\/jpeg"}],"twitter_card":"summary_large_image","twitter_site":"@TourTravel_More","twitter_misc":{"Dur\u00e9e de lecture estim\u00e9e":"3 minutes"},"schema":{"@context":"https:\/\/schema.org","@graph":[{"@type":"WebPage","@id":"https:\/\/tourtravelandmore.com\/fr\/tours\/malta-fr\/valleta-mdina-fr\/all-private-tours-activities-fr-6\/arrangement-prive-pour-se-rendre-a-popeye-village-et-golden-bay-depuis-nimporte-quelle-ville\/","url":"https:\/\/tourtravelandmore.com\/fr\/tours\/malta-fr\/valleta-mdina-fr\/all-private-tours-activities-fr-6\/arrangement-prive-pour-se-rendre-a-popeye-village-et-golden-bay-depuis-nimporte-quelle-ville\/","name":"Arrangement priv\u00e9 pour se rendre \u00e0 Popeye Village et Golden Bay depuis n'importe quelle ville dans une voiture priv\u00e9e confortable","isPartOf":{"@id":"https:\/\/tourtravelandmore.com\/fr\/#website"},"primaryImageOfPage":{"@id":"https:\/\/tourtravelandmore.com\/fr\/tours\/malta-fr\/valleta-mdina-fr\/all-private-tours-activities-fr-6\/arrangement-prive-pour-se-rendre-a-popeye-village-et-golden-bay-depuis-nimporte-quelle-ville\/#primaryimage"},"image":{"@id":"https:\/\/tourtravelandmore.com\/fr\/tours\/malta-fr\/valleta-mdina-fr\/all-private-tours-activities-fr-6\/arrangement-prive-pour-se-rendre-a-popeye-village-et-golden-bay-depuis-nimporte-quelle-ville\/#primaryimage"},"thumbnailUrl":"https:\/\/tourtravelandmore.com\/wp-content\/uploads\/2021\/12\/image2-11.jpg","datePublished":"2021-12-21T14:04:38+00:00","dateModified":"2021-12-24T15:55:14+00:00","description":"Lors de cet arrangement priv\u00e9 \u00e0 travers Popeye Village et Golden Bay depuis n'importe quelle ville, vous explorerez \u00e0 votre rythme ces deux joyaux cach\u00e9s de Malte. Profitez de votre promenade dans l'archipel maltais pour d\u00e9couvrir un d\u00e9cor o\u00f9 un film de Disney a \u00e9t\u00e9 tourn\u00e9, et vous verrez \u00e9galement l'une des plus belles plages d'Europe","breadcrumb":{"@id":"https:\/\/tourtravelandmore.com\/fr\/tours\/malta-fr\/valleta-mdina-fr\/all-private-tours-activities-fr-6\/arrangement-prive-pour-se-rendre-a-popeye-village-et-golden-bay-depuis-nimporte-quelle-ville\/#breadcrumb"},"inLanguage":"fr-FR","potentialAction":[{"@type":"ReadAction","target":["https:\/\/tourtravelandmore.com\/fr\/tours\/malta-fr\/valleta-mdina-fr\/all-private-tours-activities-fr-6\/arrangement-prive-pour-se-rendre-a-popeye-village-et-golden-bay-depuis-nimporte-quelle-ville\/"]}]},{"@type":"ImageObject","inLanguage":"fr-FR","@id":"https:\/\/tourtravelandmore.com\/fr\/tours\/malta-fr\/valleta-mdina-fr\/all-private-tours-activities-fr-6\/arrangement-prive-pour-se-rendre-a-popeye-village-et-golden-bay-depuis-nimporte-quelle-ville\/#primaryimage","url":"https:\/\/tourtravelandmore.com\/wp-content\/uploads\/2021\/12\/image2-11.jpg","contentUrl":"https:\/\/tourtravelandmore.com\/wp-content\/uploads\/2021\/12\/image2-11.jpg","width":960,"height":640},{"@type":"BreadcrumbList","@id":"https:\/\/tourtravelandmore.com\/fr\/tours\/malta-fr\/valleta-mdina-fr\/all-private-tours-activities-fr-6\/arrangement-prive-pour-se-rendre-a-popeye-village-et-golden-bay-depuis-nimporte-quelle-ville\/#breadcrumb","itemListElement":[{"@type":"ListItem","position":1,"name":"Home","item":"https:\/\/tourtravelandmore.com\/fr\/"},{"@type":"ListItem","position":2,"name":"Tours","item":"https:\/\/tourtravelandmore.com\/fr\/tours\/"},{"@type":"ListItem","position":3,"name":"Arrangement priv\u00e9 pour se rendre \u00e0 Popeye Village et Golden Bay depuis n&rsquo;importe quelle ville"}]},{"@type":"WebSite","@id":"https:\/\/tourtravelandmore.com\/fr\/#website","url":"https:\/\/tourtravelandmore.com\/fr\/","name":"Tour Travel And More","description":"Private sightseeing tours and luxury transfers in Spain","publisher":{"@id":"https:\/\/tourtravelandmore.com\/fr\/#organization"},"potentialAction":[{"@type":"SearchAction","target":{"@type":"EntryPoint","urlTemplate":"https:\/\/tourtravelandmore.com\/fr\/?s={search_term_string}"},"query-input":{"@type":"PropertyValueSpecification","valueRequired":true,"valueName":"search_term_string"}}],"inLanguage":"fr-FR"},{"@type":"Organization","@id":"https:\/\/tourtravelandmore.com\/fr\/#organization","name":"Tour Travel And More","url":"https:\/\/tourtravelandmore.com\/fr\/","logo":{"@type":"ImageObject","inLanguage":"fr-FR","@id":"https:\/\/tourtravelandmore.com\/fr\/#\/schema\/logo\/image\/","url":"https:\/\/tourtravelandmore.com\/wp-content\/uploads\/2022\/12\/cropped-logo-cabecera-new.png","contentUrl":"https:\/\/tourtravelandmore.com\/wp-content\/uploads\/2022\/12\/cropped-logo-cabecera-new.png","width":430,"height":61,"caption":"Tour Travel And More"},"image":{"@id":"https:\/\/tourtravelandmore.com\/fr\/#\/schema\/logo\/image\/"},"sameAs":["https:\/\/www.facebook.com\/tourtravelandmore\/","https:\/\/x.com\/TourTravel_More"]}]}},"_links":{"self":[{"href":"https:\/\/tourtravelandmore.com\/fr\/wp-json\/wp\/v2\/product\/116002","targetHints":{"allow":["GET"]}}],"collection":[{"href":"https:\/\/tourtravelandmore.com\/fr\/wp-json\/wp\/v2\/product"}],"about":[{"href":"https:\/\/tourtravelandmore.com\/fr\/wp-json\/wp\/v2\/types\/product"}],"replies":[{"embeddable":true,"href":"https:\/\/tourtravelandmore.com\/fr\/wp-json\/wp\/v2\/comments?post=116002"}],"wp:featuredmedia":[{"embeddable":true,"href":"https:\/\/tourtravelandmore.com\/fr\/wp-json\/wp\/v2\/media\/116017"}],"wp:attachment":[{"href":"https:\/\/tourtravelandmore.com\/fr\/wp-json\/wp\/v2\/media?parent=116002"}],"wp:term":[{"taxonomy":"product_brand","embeddable":true,"href":"https:\/\/tourtravelandmore.com\/fr\/wp-json\/wp\/v2\/product_brand?post=116002"},{"taxonomy":"product_cat","embeddable":true,"href":"https:\/\/tourtravelandmore.com\/fr\/wp-json\/wp\/v2\/product_cat?post=116002"},{"taxonomy":"product_tag","embeddable":true,"href":"https:\/\/tourtravelandmore.com\/fr\/wp-json\/wp\/v2\/product_tag?post=116002"}],"curies":[{"name":"wp","href":"https:\/\/api.w.org\/{rel}","templated":true}]}}