{"id":115942,"date":"2021-12-20T15:40:56","date_gmt":"2021-12-20T14:41:08","guid":{"rendered":"https:\/\/tourtravelandmore.com\/?post_type=product&#038;p=115942"},"modified":"2022-01-13T17:32:05","modified_gmt":"2022-01-13T16:32:05","slug":"visite-privee-de-la-valette-vittoriosa-et-mdina-a-partir-de-nimporte-quelle-ville","status":"publish","type":"product","link":"https:\/\/tourtravelandmore.com\/fr\/tours\/malta-fr\/valleta-mdina-fr\/all-private-tours-activities-fr-6\/visite-privee-de-la-valette-vittoriosa-et-mdina-a-partir-de-nimporte-quelle-ville\/","title":{"rendered":"Visite Priv\u00e9e de La Valette, Vittoriosa et Mdina \u00e0 partir de n&#8217;importe quelle ville"},"content":{"rendered":"<h2><b>Description de la visite priv\u00e9e de La Valette, Vittoriosa et Mdina \u00e0 partir de n&#8217;importe quelle ville<\/b><\/h2>\n<p><span style=\"font-weight: 400;\">Chaque ann\u00e9e, des millions de touristes d\u00e9cident de visiter l&#8217;\u00eele de Malte. C&#8217;est parce que cet archipel regorge de culture, d&#8217;histoire et de beaut\u00e9 dans tous les coins.\u00a0<\/span><\/p>\n<p><span style=\"font-weight: 400;\">Notre <\/span><b>visite de La Valette, Vittoriosa et Mdina, au d\u00e9part de n&#8217;importe quelle ville, <\/b><span style=\"font-weight: 400;\">vous <\/span><b>conduira <\/b><span style=\"font-weight: 400;\">aux monuments et b\u00e2timents les plus attrayants pour admirer, entre autres, les vestiges laiss\u00e9s par les Romains et les chevaliers qui sont pass\u00e9s par ces villes.\u00a0<\/span><\/p>\n<p><span style=\"font-weight: 400;\">L&#8217;excursion commence au point convenu, o\u00f9 nous viendrons vous chercher pour vous rendre \u00e0 La Valette ou Valletta. Celle-ci est connue comme l&#8217;une des &#8220;trois villes&#8221;, et est l&#8217;actuelle capitale de Malte.\u00a0<\/span><\/p>\n<p><span style=\"font-weight: 400;\">Chacune de ses rues vous \u00e9tonnera, car elles conservent leur originalit\u00e9 en tant que ville fond\u00e9e par l&#8217;ordre des chevaliers de Saint-Jean en 1566.<\/span><\/p>\n<p><span style=\"font-weight: 400;\">Nous poursuivons notre visite vers l&#8217;imposante Vittoriosa. Cette ville fortifi\u00e9e aux rues de couleur cr\u00e8me est l&#8217;endroit id\u00e9al pour vous permettre de capturer quelques photos pleines de toute la magie de cette ville maritime.\u00a0<\/span><\/p>\n<p><span style=\"font-weight: 400;\">Avec le guide, vous vous prom\u00e8nerez \u00e0 travers ses principaux monuments et apprendrez \u00e0 conna\u00eetre ses b\u00e2timents les plus embl\u00e9matiques, comme l&#8217;\u00e9glise paroissiale de San Lorenzo et les monuments qui repr\u00e9sentent le si\u00e8ge de 1565.<\/span><\/p>\n<p><span style=\"font-weight: 400;\">La visite guid\u00e9e se poursuit avec le transfert \u00e0 Mdina, une autre ville fortifi\u00e9e qui contient d&#8217;incroyables d\u00e9corations architecturales comme, par exemple, le Palazzo Costanzo, un site qui conserve tout son style m\u00e9di\u00e9val.\u00a0<\/span><\/p>\n<p><span style=\"font-weight: 400;\">Pendant la visite, <\/span><b>vous serez accompagn\u00e9 d&#8217;un guide priv\u00e9 <\/b><span style=\"font-weight: 400;\">qui aura l&#8217;obligation de vous raconter l&#8217;histoire de chacun des sites que vous visiterez. \u00c0 la fin de la visite, la voiture vous ram\u00e8nera au point convenu, afin que vous puissiez r\u00e9cup\u00e9rer votre \u00e9nergie et poursuivre votre visite de Malte.\u00a0<\/span><\/p>\n<h2><b>Points d&#8217;int\u00e9r\u00eat<\/b><\/h2>\n<p><span style=\"font-weight: 400;\">Cette visite est planifi\u00e9e de mani\u00e8re \u00e0 profiter au maximum de chaque minute de trajet. C&#8217;est pourquoi il commence \u00e0 un point de rencontre selon votre convenance, puis vous serez transf\u00e9r\u00e9 en voiture priv\u00e9e \u00e0 travers les sites majestueux de La Valette, Vittoriosa et Mdina :\u00a0<\/span><\/p>\n<h3><span style=\"color: #d3af37;\"><b>La Valette<\/b><\/span><\/h3>\n<p><span style=\"font-weight: 400;\">L&#8217;actuelle capitale de Malte vous permet d&#8217;explorer son centre historique. Qui a \u00e9t\u00e9 d\u00e9clar\u00e9 site du patrimoine mondial par l&#8217;Unesco.\u00a0<\/span><\/p>\n<p><span style=\"font-weight: 400;\">Cette ville fortifi\u00e9e a \u00e9t\u00e9 construite par les chevaliers de Saint-Jean en 1565 et poss\u00e8de une riche architecture m\u00e9di\u00e9vale et baroque.\u00a0<\/span><\/p>\n<p><span style=\"font-weight: 400;\">Vous d\u00e9couvrirez de nombreux endroits int\u00e9ressants tels que :\u00a0<\/span><\/p>\n<ul>\n<li><b>La cath\u00e9drale Saint-Jean, \u00e0 l&#8217;int\u00e9rieur de laquelle se trouvent certaines des \u0153uvres de Caravaggio.<\/b><\/li>\n<li><b>Le palais du Grand Ma\u00eetre qui, comme son nom l&#8217;indique, \u00e9tait la r\u00e9sidence officielle des ma\u00eetres des chevaliers de l&#8217;Ordre de Malte.\u00a0<\/b><\/li>\n<li><b>Auberge de Castille, un magnifique b\u00e2timent qui a abrit\u00e9 plusieurs ordres de chevaliers m\u00e9di\u00e9vaux.\u00a0<\/b><\/li>\n<li><b>Le mus\u00e9e national d&#8217;arch\u00e9ologie, et bien d&#8217;autres sites encore<\/b><\/li>\n<\/ul>\n<h3><span style=\"color: #d3af37;\"><b>Vittoriosa<\/b><\/span><\/h3>\n<p><span style=\"font-weight: 400;\">\u00c9galement connue sous le nom de Birgu, Vittoriosa a \u00e9t\u00e9 la premi\u00e8re capitale de Malte. De 1530 \u00e0 1571, les Chevaliers de Saint-Jean ont r\u00e9sist\u00e9 au si\u00e8ge des Ottomans dans ses murs et sont sortis victorieux de cette longue lutte.\u00a0<\/span><\/p>\n<p><span style=\"font-weight: 400;\">D&#8217;o\u00f9 la grande importance historique de cette ville majestueuse et l&#8217;origine de son nom embl\u00e9matique.\u00a0<\/span><\/p>\n<p><span style=\"font-weight: 400;\">L&#8217;une de ses principales attractions est le Fort San Angelo. Vous visiterez \u00e9galement le palais de l&#8217;inquisiteur, un b\u00e2timent charg\u00e9 d&#8217;histoire, comme la porte basse pour l&#8217;entr\u00e9e des condamn\u00e9s et les gravures sur les murs r\u00e9alis\u00e9es par les prisonniers.\u00a0<\/span><\/p>\n<h3><span style=\"color: #d3af37;\"><b>Mdina\u00a0<\/b><\/span><\/h3>\n<p><span style=\"font-weight: 400;\">Cette ville abrite de nombreux monuments historiques. En outre, ses rues conservent un style m\u00e9di\u00e9val \u00e9nigmatique, dans lequel, tout au long de sa longueur et de sa largeur, se trouvent quelques \u00e9glises ; ainsi que de petits palais de l&#8217;\u00e9poque qui vous transporteront directement dans le pass\u00e9 gr\u00e2ce \u00e0 une architecture qui semble arr\u00eat\u00e9e dans le temps.\u00a0<\/span><\/p>\n<p><span style=\"font-weight: 400;\">Parmi ses principales attractions, citons :\u00a0<\/span><\/p>\n<ul>\n<li><b>La cath\u00e9drale de Mdina.\u00a0<\/b><\/li>\n<li><b>Le couvent des Carm\u00e9lites.\u00a0<\/b><\/li>\n<li><b>Le mus\u00e9e de la cath\u00e9drale.\u00a0<\/b><\/li>\n<li><b>Le Palazzo Vilhena.\u00a0<\/b><\/li>\n<li><b>Parmi de nombreux autres sites de grand int\u00e9r\u00eat.\u00a0<\/b><\/li>\n<\/ul>\n<p><span style=\"font-weight: 400;\">Il y a beaucoup de choses \u00e0 voir et \u00e0 appr\u00e9cier \u00e0 La Valette, Vittoriosa et Mdina. Mieux encore, vous serez accompagn\u00e9 d&#8217;un guide priv\u00e9 qui conna\u00eetra les d\u00e9tails les plus frappants des lieux que vous visiterez. Il s&#8217;agira donc d&#8217;une excursion totalement personnalis\u00e9e.\u00a0<\/span><\/p>\n<p><span style=\"font-weight: 400;\">Il ne faut pas h\u00e9siter \u00e0 inclure dans votre visite une <\/span><a href=\"https:\/\/tourtravelandmore.com\/fr\/tours\/malta-fr\/valleta-mdina-fr\/all-private-tours-activities-fr-6\/visite-privee-de-gozo-depuis-malte\/\"><b>excursion \u00e0 Gozo depuis Malte<\/b><\/a><span style=\"font-weight: 400;\">. Ce sera un moyen fantastique d&#8217;apprendre \u00e0 conna\u00eetre Gozo et ses paysages paradisiaques.<\/span><\/p>\n","protected":false},"excerpt":{"rendered":"<p><span style=\"font-weight: 400;\">Vivez une grande aventure avec la <\/span><b>visite de La Valette, Vittoriosa et Mdina (8 heures) au d\u00e9part de n&#8217;importe quelle ville<\/b><span style=\"font-weight: 400;\">. D\u00e9couvrez les moindres recoins des villes les plus embl\u00e9matiques de l&#8217;archipel maltais lors d&#8217;un voyage avec voiture priv\u00e9e et guide inclus vers chacun des points d&#8217;int\u00e9r\u00eat de La Valette et Vittoriosa et Mdina<\/span><\/p>\n","protected":false},"featured_media":115957,"comment_status":"open","ping_status":"closed","template":"","meta":{"_acf_changed":false},"product_brand":[],"product_cat":[3728,3807,4034,4035],"product_tag":[],"class_list":{"0":"post-115942","1":"product","2":"type-product","3":"status-publish","4":"has-post-thumbnail","6":"product_cat-malta-fr","7":"product_cat-valleta-mdina-fr","8":"product_cat-all-private-tours-activities-fr-6","9":"product_cat-private-sightseeing-tours-fr-6","11":"first","12":"instock","13":"shipping-taxable","14":"purchasable","15":"product-type-simple"},"acf":[],"yoast_head":"<!-- This site is optimized with the Yoast SEO Premium plugin v25.3.1 (Yoast SEO v25.3.1) - https:\/\/yoast.com\/wordpress\/plugins\/seo\/ -->\n<title>8 heures de visite de La Valette, Vittoriosa et Mdina \u00e0 partir de n&#039;importe quelle ville avec guide priv\u00e9 et voiture<\/title>\n<meta name=\"description\" content=\"Voulez-vous explorer les villes les plus repr\u00e9sentatives de Malte ? Dans cette visite priv\u00e9e de 8 heures en voiture priv\u00e9e avec guide inclus, vous conna\u00eetrez tous les points d&#039;int\u00e9r\u00eat de ces magnifiques villes qui abritent de nombreux patrimoines historiques\" \/>\n<meta name=\"robots\" content=\"index, follow, max-snippet:-1, max-image-preview:large, max-video-preview:-1\" \/>\n<link rel=\"canonical\" href=\"https:\/\/tourtravelandmore.com\/fr\/tours\/malta-fr\/valleta-mdina-fr\/all-private-tours-activities-fr-6\/visite-privee-de-la-valette-vittoriosa-et-mdina-a-partir-de-nimporte-quelle-ville\/\" \/>\n<meta property=\"og:locale\" content=\"fr_FR\" \/>\n<meta property=\"og:type\" content=\"article\" \/>\n<meta property=\"og:title\" content=\"Visite Priv\u00e9e de La Valette, Vittoriosa et Mdina \u00e0 partir de n&#039;importe quelle ville\" \/>\n<meta property=\"og:description\" content=\"Voulez-vous explorer les villes les plus repr\u00e9sentatives de Malte ? Dans cette visite priv\u00e9e de 8 heures en voiture priv\u00e9e avec guide inclus, vous conna\u00eetrez tous les points d&#039;int\u00e9r\u00eat de ces magnifiques villes qui abritent de nombreux patrimoines historiques\" \/>\n<meta property=\"og:url\" content=\"https:\/\/tourtravelandmore.com\/fr\/tours\/malta-fr\/valleta-mdina-fr\/all-private-tours-activities-fr-6\/visite-privee-de-la-valette-vittoriosa-et-mdina-a-partir-de-nimporte-quelle-ville\/\" \/>\n<meta property=\"og:site_name\" content=\"Tour Travel And More\" \/>\n<meta property=\"article:publisher\" content=\"https:\/\/www.facebook.com\/tourtravelandmore\/\" \/>\n<meta property=\"article:modified_time\" content=\"2022-01-13T16:32:05+00:00\" \/>\n<meta property=\"og:image\" content=\"https:\/\/tourtravelandmore.com\/wp-content\/uploads\/2021\/12\/image2-10.jpg\" \/>\n\t<meta property=\"og:image:width\" content=\"910\" \/>\n\t<meta property=\"og:image:height\" content=\"607\" \/>\n\t<meta property=\"og:image:type\" content=\"image\/jpeg\" \/>\n<meta name=\"twitter:card\" content=\"summary_large_image\" \/>\n<meta name=\"twitter:site\" content=\"@TourTravel_More\" \/>\n<meta name=\"twitter:label1\" content=\"Dur\u00e9e de lecture estim\u00e9e\" \/>\n\t<meta name=\"twitter:data1\" content=\"4 minutes\" \/>\n<script type=\"application\/ld+json\" class=\"yoast-schema-graph\">{\"@context\":\"https:\/\/schema.org\",\"@graph\":[{\"@type\":\"WebPage\",\"@id\":\"https:\/\/tourtravelandmore.com\/fr\/tours\/malta-fr\/valleta-mdina-fr\/all-private-tours-activities-fr-6\/visite-privee-de-la-valette-vittoriosa-et-mdina-a-partir-de-nimporte-quelle-ville\/\",\"url\":\"https:\/\/tourtravelandmore.com\/fr\/tours\/malta-fr\/valleta-mdina-fr\/all-private-tours-activities-fr-6\/visite-privee-de-la-valette-vittoriosa-et-mdina-a-partir-de-nimporte-quelle-ville\/\",\"name\":\"8 heures de visite de La Valette, Vittoriosa et Mdina \u00e0 partir de n'importe quelle ville avec guide priv\u00e9 et voiture\",\"isPartOf\":{\"@id\":\"https:\/\/tourtravelandmore.com\/fr\/#website\"},\"primaryImageOfPage\":{\"@id\":\"https:\/\/tourtravelandmore.com\/fr\/tours\/malta-fr\/valleta-mdina-fr\/all-private-tours-activities-fr-6\/visite-privee-de-la-valette-vittoriosa-et-mdina-a-partir-de-nimporte-quelle-ville\/#primaryimage\"},\"image\":{\"@id\":\"https:\/\/tourtravelandmore.com\/fr\/tours\/malta-fr\/valleta-mdina-fr\/all-private-tours-activities-fr-6\/visite-privee-de-la-valette-vittoriosa-et-mdina-a-partir-de-nimporte-quelle-ville\/#primaryimage\"},\"thumbnailUrl\":\"https:\/\/tourtravelandmore.com\/wp-content\/uploads\/2021\/12\/image2-10.jpg\",\"datePublished\":\"2021-12-20T14:41:08+00:00\",\"dateModified\":\"2022-01-13T16:32:05+00:00\",\"description\":\"Voulez-vous explorer les villes les plus repr\u00e9sentatives de Malte ? Dans cette visite priv\u00e9e de 8 heures en voiture priv\u00e9e avec guide inclus, vous conna\u00eetrez tous les points d'int\u00e9r\u00eat de ces magnifiques villes qui abritent de nombreux patrimoines historiques\",\"breadcrumb\":{\"@id\":\"https:\/\/tourtravelandmore.com\/fr\/tours\/malta-fr\/valleta-mdina-fr\/all-private-tours-activities-fr-6\/visite-privee-de-la-valette-vittoriosa-et-mdina-a-partir-de-nimporte-quelle-ville\/#breadcrumb\"},\"inLanguage\":\"fr-FR\",\"potentialAction\":[{\"@type\":\"ReadAction\",\"target\":[\"https:\/\/tourtravelandmore.com\/fr\/tours\/malta-fr\/valleta-mdina-fr\/all-private-tours-activities-fr-6\/visite-privee-de-la-valette-vittoriosa-et-mdina-a-partir-de-nimporte-quelle-ville\/\"]}]},{\"@type\":\"ImageObject\",\"inLanguage\":\"fr-FR\",\"@id\":\"https:\/\/tourtravelandmore.com\/fr\/tours\/malta-fr\/valleta-mdina-fr\/all-private-tours-activities-fr-6\/visite-privee-de-la-valette-vittoriosa-et-mdina-a-partir-de-nimporte-quelle-ville\/#primaryimage\",\"url\":\"https:\/\/tourtravelandmore.com\/wp-content\/uploads\/2021\/12\/image2-10.jpg\",\"contentUrl\":\"https:\/\/tourtravelandmore.com\/wp-content\/uploads\/2021\/12\/image2-10.jpg\",\"width\":910,\"height\":607},{\"@type\":\"BreadcrumbList\",\"@id\":\"https:\/\/tourtravelandmore.com\/fr\/tours\/malta-fr\/valleta-mdina-fr\/all-private-tours-activities-fr-6\/visite-privee-de-la-valette-vittoriosa-et-mdina-a-partir-de-nimporte-quelle-ville\/#breadcrumb\",\"itemListElement\":[{\"@type\":\"ListItem\",\"position\":1,\"name\":\"Home\",\"item\":\"https:\/\/tourtravelandmore.com\/fr\/\"},{\"@type\":\"ListItem\",\"position\":2,\"name\":\"Tours\",\"item\":\"https:\/\/tourtravelandmore.com\/fr\/tours\/\"},{\"@type\":\"ListItem\",\"position\":3,\"name\":\"Visite Priv\u00e9e de La Valette, Vittoriosa et Mdina \u00e0 partir de n&rsquo;importe quelle ville\"}]},{\"@type\":\"WebSite\",\"@id\":\"https:\/\/tourtravelandmore.com\/fr\/#website\",\"url\":\"https:\/\/tourtravelandmore.com\/fr\/\",\"name\":\"Tour Travel And More\",\"description\":\"Private sightseeing tours and luxury transfers in Spain\",\"publisher\":{\"@id\":\"https:\/\/tourtravelandmore.com\/fr\/#organization\"},\"potentialAction\":[{\"@type\":\"SearchAction\",\"target\":{\"@type\":\"EntryPoint\",\"urlTemplate\":\"https:\/\/tourtravelandmore.com\/fr\/?s={search_term_string}\"},\"query-input\":{\"@type\":\"PropertyValueSpecification\",\"valueRequired\":true,\"valueName\":\"search_term_string\"}}],\"inLanguage\":\"fr-FR\"},{\"@type\":\"Organization\",\"@id\":\"https:\/\/tourtravelandmore.com\/fr\/#organization\",\"name\":\"Tour Travel And More\",\"url\":\"https:\/\/tourtravelandmore.com\/fr\/\",\"logo\":{\"@type\":\"ImageObject\",\"inLanguage\":\"fr-FR\",\"@id\":\"https:\/\/tourtravelandmore.com\/fr\/#\/schema\/logo\/image\/\",\"url\":\"https:\/\/tourtravelandmore.com\/wp-content\/uploads\/2022\/12\/cropped-logo-cabecera-new.png\",\"contentUrl\":\"https:\/\/tourtravelandmore.com\/wp-content\/uploads\/2022\/12\/cropped-logo-cabecera-new.png\",\"width\":430,\"height\":61,\"caption\":\"Tour Travel And More\"},\"image\":{\"@id\":\"https:\/\/tourtravelandmore.com\/fr\/#\/schema\/logo\/image\/\"},\"sameAs\":[\"https:\/\/www.facebook.com\/tourtravelandmore\/\",\"https:\/\/x.com\/TourTravel_More\"]}]}<\/script>\n<!-- \/ Yoast SEO Premium plugin. -->","yoast_head_json":{"title":"8 heures de visite de La Valette, Vittoriosa et Mdina \u00e0 partir de n'importe quelle ville avec guide priv\u00e9 et voiture","description":"Voulez-vous explorer les villes les plus repr\u00e9sentatives de Malte ? Dans cette visite priv\u00e9e de 8 heures en voiture priv\u00e9e avec guide inclus, vous conna\u00eetrez tous les points d'int\u00e9r\u00eat de ces magnifiques villes qui abritent de nombreux patrimoines historiques","robots":{"index":"index","follow":"follow","max-snippet":"max-snippet:-1","max-image-preview":"max-image-preview:large","max-video-preview":"max-video-preview:-1"},"canonical":"https:\/\/tourtravelandmore.com\/fr\/tours\/malta-fr\/valleta-mdina-fr\/all-private-tours-activities-fr-6\/visite-privee-de-la-valette-vittoriosa-et-mdina-a-partir-de-nimporte-quelle-ville\/","og_locale":"fr_FR","og_type":"article","og_title":"Visite Priv\u00e9e de La Valette, Vittoriosa et Mdina \u00e0 partir de n'importe quelle ville","og_description":"Voulez-vous explorer les villes les plus repr\u00e9sentatives de Malte ? Dans cette visite priv\u00e9e de 8 heures en voiture priv\u00e9e avec guide inclus, vous conna\u00eetrez tous les points d'int\u00e9r\u00eat de ces magnifiques villes qui abritent de nombreux patrimoines historiques","og_url":"https:\/\/tourtravelandmore.com\/fr\/tours\/malta-fr\/valleta-mdina-fr\/all-private-tours-activities-fr-6\/visite-privee-de-la-valette-vittoriosa-et-mdina-a-partir-de-nimporte-quelle-ville\/","og_site_name":"Tour Travel And More","article_publisher":"https:\/\/www.facebook.com\/tourtravelandmore\/","article_modified_time":"2022-01-13T16:32:05+00:00","og_image":[{"width":910,"height":607,"url":"https:\/\/tourtravelandmore.com\/wp-content\/uploads\/2021\/12\/image2-10.jpg","type":"image\/jpeg"}],"twitter_card":"summary_large_image","twitter_site":"@TourTravel_More","twitter_misc":{"Dur\u00e9e de lecture estim\u00e9e":"4 minutes"},"schema":{"@context":"https:\/\/schema.org","@graph":[{"@type":"WebPage","@id":"https:\/\/tourtravelandmore.com\/fr\/tours\/malta-fr\/valleta-mdina-fr\/all-private-tours-activities-fr-6\/visite-privee-de-la-valette-vittoriosa-et-mdina-a-partir-de-nimporte-quelle-ville\/","url":"https:\/\/tourtravelandmore.com\/fr\/tours\/malta-fr\/valleta-mdina-fr\/all-private-tours-activities-fr-6\/visite-privee-de-la-valette-vittoriosa-et-mdina-a-partir-de-nimporte-quelle-ville\/","name":"8 heures de visite de La Valette, Vittoriosa et Mdina \u00e0 partir de n'importe quelle ville avec guide priv\u00e9 et voiture","isPartOf":{"@id":"https:\/\/tourtravelandmore.com\/fr\/#website"},"primaryImageOfPage":{"@id":"https:\/\/tourtravelandmore.com\/fr\/tours\/malta-fr\/valleta-mdina-fr\/all-private-tours-activities-fr-6\/visite-privee-de-la-valette-vittoriosa-et-mdina-a-partir-de-nimporte-quelle-ville\/#primaryimage"},"image":{"@id":"https:\/\/tourtravelandmore.com\/fr\/tours\/malta-fr\/valleta-mdina-fr\/all-private-tours-activities-fr-6\/visite-privee-de-la-valette-vittoriosa-et-mdina-a-partir-de-nimporte-quelle-ville\/#primaryimage"},"thumbnailUrl":"https:\/\/tourtravelandmore.com\/wp-content\/uploads\/2021\/12\/image2-10.jpg","datePublished":"2021-12-20T14:41:08+00:00","dateModified":"2022-01-13T16:32:05+00:00","description":"Voulez-vous explorer les villes les plus repr\u00e9sentatives de Malte ? Dans cette visite priv\u00e9e de 8 heures en voiture priv\u00e9e avec guide inclus, vous conna\u00eetrez tous les points d'int\u00e9r\u00eat de ces magnifiques villes qui abritent de nombreux patrimoines historiques","breadcrumb":{"@id":"https:\/\/tourtravelandmore.com\/fr\/tours\/malta-fr\/valleta-mdina-fr\/all-private-tours-activities-fr-6\/visite-privee-de-la-valette-vittoriosa-et-mdina-a-partir-de-nimporte-quelle-ville\/#breadcrumb"},"inLanguage":"fr-FR","potentialAction":[{"@type":"ReadAction","target":["https:\/\/tourtravelandmore.com\/fr\/tours\/malta-fr\/valleta-mdina-fr\/all-private-tours-activities-fr-6\/visite-privee-de-la-valette-vittoriosa-et-mdina-a-partir-de-nimporte-quelle-ville\/"]}]},{"@type":"ImageObject","inLanguage":"fr-FR","@id":"https:\/\/tourtravelandmore.com\/fr\/tours\/malta-fr\/valleta-mdina-fr\/all-private-tours-activities-fr-6\/visite-privee-de-la-valette-vittoriosa-et-mdina-a-partir-de-nimporte-quelle-ville\/#primaryimage","url":"https:\/\/tourtravelandmore.com\/wp-content\/uploads\/2021\/12\/image2-10.jpg","contentUrl":"https:\/\/tourtravelandmore.com\/wp-content\/uploads\/2021\/12\/image2-10.jpg","width":910,"height":607},{"@type":"BreadcrumbList","@id":"https:\/\/tourtravelandmore.com\/fr\/tours\/malta-fr\/valleta-mdina-fr\/all-private-tours-activities-fr-6\/visite-privee-de-la-valette-vittoriosa-et-mdina-a-partir-de-nimporte-quelle-ville\/#breadcrumb","itemListElement":[{"@type":"ListItem","position":1,"name":"Home","item":"https:\/\/tourtravelandmore.com\/fr\/"},{"@type":"ListItem","position":2,"name":"Tours","item":"https:\/\/tourtravelandmore.com\/fr\/tours\/"},{"@type":"ListItem","position":3,"name":"Visite Priv\u00e9e de La Valette, Vittoriosa et Mdina \u00e0 partir de n&rsquo;importe quelle ville"}]},{"@type":"WebSite","@id":"https:\/\/tourtravelandmore.com\/fr\/#website","url":"https:\/\/tourtravelandmore.com\/fr\/","name":"Tour Travel And More","description":"Private sightseeing tours and luxury transfers in Spain","publisher":{"@id":"https:\/\/tourtravelandmore.com\/fr\/#organization"},"potentialAction":[{"@type":"SearchAction","target":{"@type":"EntryPoint","urlTemplate":"https:\/\/tourtravelandmore.com\/fr\/?s={search_term_string}"},"query-input":{"@type":"PropertyValueSpecification","valueRequired":true,"valueName":"search_term_string"}}],"inLanguage":"fr-FR"},{"@type":"Organization","@id":"https:\/\/tourtravelandmore.com\/fr\/#organization","name":"Tour Travel And More","url":"https:\/\/tourtravelandmore.com\/fr\/","logo":{"@type":"ImageObject","inLanguage":"fr-FR","@id":"https:\/\/tourtravelandmore.com\/fr\/#\/schema\/logo\/image\/","url":"https:\/\/tourtravelandmore.com\/wp-content\/uploads\/2022\/12\/cropped-logo-cabecera-new.png","contentUrl":"https:\/\/tourtravelandmore.com\/wp-content\/uploads\/2022\/12\/cropped-logo-cabecera-new.png","width":430,"height":61,"caption":"Tour Travel And More"},"image":{"@id":"https:\/\/tourtravelandmore.com\/fr\/#\/schema\/logo\/image\/"},"sameAs":["https:\/\/www.facebook.com\/tourtravelandmore\/","https:\/\/x.com\/TourTravel_More"]}]}},"_links":{"self":[{"href":"https:\/\/tourtravelandmore.com\/fr\/wp-json\/wp\/v2\/product\/115942","targetHints":{"allow":["GET"]}}],"collection":[{"href":"https:\/\/tourtravelandmore.com\/fr\/wp-json\/wp\/v2\/product"}],"about":[{"href":"https:\/\/tourtravelandmore.com\/fr\/wp-json\/wp\/v2\/types\/product"}],"replies":[{"embeddable":true,"href":"https:\/\/tourtravelandmore.com\/fr\/wp-json\/wp\/v2\/comments?post=115942"}],"wp:featuredmedia":[{"embeddable":true,"href":"https:\/\/tourtravelandmore.com\/fr\/wp-json\/wp\/v2\/media\/115957"}],"wp:attachment":[{"href":"https:\/\/tourtravelandmore.com\/fr\/wp-json\/wp\/v2\/media?parent=115942"}],"wp:term":[{"taxonomy":"product_brand","embeddable":true,"href":"https:\/\/tourtravelandmore.com\/fr\/wp-json\/wp\/v2\/product_brand?post=115942"},{"taxonomy":"product_cat","embeddable":true,"href":"https:\/\/tourtravelandmore.com\/fr\/wp-json\/wp\/v2\/product_cat?post=115942"},{"taxonomy":"product_tag","embeddable":true,"href":"https:\/\/tourtravelandmore.com\/fr\/wp-json\/wp\/v2\/product_tag?post=115942"}],"curies":[{"name":"wp","href":"https:\/\/api.w.org\/{rel}","templated":true}]}}