{"id":115898,"date":"2021-12-20T15:15:49","date_gmt":"2021-12-20T14:16:05","guid":{"rendered":"https:\/\/tourtravelandmore.com\/?post_type=product&#038;p=115898"},"modified":"2021-12-24T17:03:28","modified_gmt":"2021-12-24T16:03:28","slug":"visite-privee-des-temples-de-hagar-quim-et-de-la-grotte-bleue-au-depart-de-nimporte-quelle-ville","status":"publish","type":"product","link":"https:\/\/tourtravelandmore.com\/fr\/tours\/malta-fr\/valleta-mdina-fr\/all-private-tours-activities-fr-6\/visite-privee-des-temples-de-hagar-quim-et-de-la-grotte-bleue-au-depart-de-nimporte-quelle-ville\/","title":{"rendered":"Visite priv\u00e9e des temples de Hagar Quim et de la Grotte bleue au d\u00e9part de n&#8217;importe quelle ville"},"content":{"rendered":"<h2><b>Description<\/b><\/h2>\n<p><span style=\"font-weight: 400;\">Malte est un archipel qui impressionne de tous c\u00f4t\u00e9s. Dans chacune de ses \u00eeles, il y a beaucoup \u00e0 voir et \u00e0 conna\u00eetre. En outre, c&#8217;est un lieu au climat splendide et \u00e0 la beaut\u00e9 naturelle et historique in\u00e9gal\u00e9e.\u00a0<\/span><\/p>\n<p><span style=\"font-weight: 400;\">Au cours de cette <\/span><b>visite priv\u00e9e des temples d&#8217;Hagar Quim et de la Grotte bleue, vous <\/b><span style=\"font-weight: 400;\">explorerez l&#8217;un des temples historiques d\u00e9clar\u00e9s patrimoine mondial par l&#8217;Unesco, pour avoir \u00e9t\u00e9 l&#8217;une des premi\u00e8res constructions r\u00e9alis\u00e9es par les civilisations humaines.\u00a0<\/span><\/p>\n<p><span style=\"font-weight: 400;\">Vous visiterez \u00e9galement une grotte naturelle d&#8217;une beaut\u00e9 in\u00e9gal\u00e9e, cr\u00e9\u00e9e par l&#8217;\u00e9rosion des vagues de la mer et devenue une attraction touristique majeure dans toute l&#8217;Europe.\u00a0<\/span><\/p>\n<p><span style=\"font-weight: 400;\">Il s&#8217;agit d&#8217;une visite exclusive et personnalis\u00e9e qui <\/span><b>comprend le transfert dans une voiture priv\u00e9e confortable et la compagnie d&#8217;un guide <\/b><span style=\"font-weight: 400;\">expert en art et en histoire, qui d\u00e9crira toutes les informations n\u00e9cessaires pour ne pas perdre les d\u00e9tails de l&#8217;excursion.\u00a0<\/span><\/p>\n<p><span style=\"font-weight: 400;\">Vous d\u00e9couvrirez l&#8217;imposant temple Hagar Quim, vieux de plus de 5000 ans, qui est une construction m\u00e9galithique situ\u00e9e au sud de Malte.\u00a0<\/span><\/p>\n<p><span style=\"font-weight: 400;\">Ensuite, vous visiterez la Grotte bleue, une destination touristique qui attire des millions de personnes chaque ann\u00e9e. Cet ouvrage naturel cache \u00e0 l&#8217;int\u00e9rieur plusieurs piscines naturelles, o\u00f9 l&#8217;eau est illumin\u00e9e, montrant une majestueuse couleur bleue ambr\u00e9e. Son nom embl\u00e9matique vient de l\u00e0.\u00a0<\/span><\/p>\n<p><span style=\"font-weight: 400;\">\u00c0 la fin de la <\/span><b>visite de 8 heures<\/b><span style=\"font-weight: 400;\">, nous vous d\u00e9poserons \u00e0 l&#8217;endroit que vous aurez indiqu\u00e9. Sans aucun doute, cette excursion vous permettra de vous d\u00e9tendre et vous donnera l&#8217;occasion de prendre les photos les plus impressionnantes de votre voyage \u00e0 Malte.\u00a0<\/span><\/p>\n<h2><b>Points d&#8217;int\u00e9r\u00eat<\/b><\/h2>\n<p><span style=\"font-weight: 400;\">Vivez une splendide visite priv\u00e9e de Hagar Quim et de la Grotte bleue. \u00c9loignez-vous de la ville pendant 8 heures et \u00e9vadez-vous dans les paysages paradisiaques de Malte.\u00a0<\/span><\/p>\n<p><span style=\"font-weight: 400;\">Profitez \u00e9galement de l&#8217;occasion pour admirer de pr\u00e8s les d\u00e9buts des civilisations humaines lors d&#8217;une visite priv\u00e9e et personnalis\u00e9e qui vous m\u00e8nera aux principaux points d&#8217;int\u00e9r\u00eat de Hagar Quim et de la Grotte bleue.\u00a0<\/span><\/p>\n<h3><span style=\"color: #d3af37;\"><b>Temple Hagar Quim<\/b><\/span><\/h3>\n<p><span style=\"font-weight: 400;\">Sur une colline, situ\u00e9e \u00e0 quelques m\u00e8tres de la mer, vous verrez le majestueux complexe du temple Hagar Quim.\u00a0<\/span><\/p>\n<p><span style=\"font-weight: 400;\">Il s&#8217;agit d&#8217;une construction r\u00e9alis\u00e9e par les civilisations n\u00e9olithiques entre 3600 et 3200 avant J\u00e9sus-Christ.\u00a0<\/span><\/p>\n<p><span style=\"font-weight: 400;\">Chacun de ses espaces raconte une histoire particuli\u00e8re. <\/span><b>Il abrite le plus grand monolithe de Malte<\/b><span style=\"font-weight: 400;\">, qui p\u00e8se 57 tonnes et atteint 5,2 m\u00e8tres de long.\u00a0<\/span><\/p>\n<p><span style=\"font-weight: 400;\">Vous explorerez la grotte dans laquelle on a trouv\u00e9 une s\u00e9rie de sculptures de femmes de grande taille, qui sont aujourd&#8217;hui expos\u00e9es au mus\u00e9e de La Valette. On pense que ce complexe \u00e9tait destin\u00e9 \u00e0 v\u00e9n\u00e9rer la d\u00e9esse de la fertilit\u00e9.\u00a0<\/span><\/p>\n<p><span style=\"font-weight: 400;\">Mais la caract\u00e9ristique la plus frappante de Hagar Quim est le trou elliptique qui refl\u00e8te la lumi\u00e8re du soleil uniquement pendant le solstice d&#8217;\u00e9t\u00e9.\u00a0<\/span><\/p>\n<p><span style=\"font-weight: 400;\">De plus, les <\/span><b>vues imprenables sur les falaises <\/b><span style=\"font-weight: 400;\">et la mer suffiront \u00e0 vous \u00e9merveiller lors de cette visite priv\u00e9e.\u00a0<\/span><\/p>\n<h3><span style=\"color: #d3af37;\"><b>La Grotte bleue<\/b><\/span><\/h3>\n<p><span style=\"font-weight: 400;\">La Grotte bleue est surtout connue pour ses eaux cristallines qui refl\u00e8tent la lumi\u00e8re du soleil d&#8217;une mani\u00e8re faible et magique.\u00a0<\/span><\/p>\n<p><span style=\"font-weight: 400;\">Il s&#8217;agit d&#8217;une <\/span><b>cha\u00eene de falaises <\/b><span style=\"font-weight: 400;\">qui cachent diff\u00e9rentes grottes marines creus\u00e9es par la nature elle-m\u00eame.\u00a0<\/span><\/p>\n<p><span style=\"font-weight: 400;\">Autour d&#8217;elle, vous verrez les &#8220;<\/span><i><span style=\"font-weight: 400;\">dghajsa&#8221;, des <\/span><\/i><span style=\"font-weight: 400;\">gondoles tr\u00e8s pittoresques qui transportent les touristes pr\u00e8s des grottes. Bien s\u00fbr, si le temps le permet.\u00a0<\/span><\/p>\n<p><span style=\"font-weight: 400;\">En outre, la r\u00e9gion abrite une \u00e9pave de navire qui est devenue une destination de plong\u00e9e tr\u00e8s attrayante.\u00a0<\/span><\/p>\n<p><span style=\"font-weight: 400;\">Profitez de tout cela et bien plus encore lors de cette visite priv\u00e9e de Hagar Quim et de la Grotte bleue.\u00a0<\/span><\/p>\n<p><span style=\"font-weight: 400;\">Pour votre confort, \u00e0 la fin de l&#8217;excursion, nous vous ram\u00e8nerons au lieu convenu en voiture priv\u00e9e.\u00a0<\/span><\/p>\n<p><span style=\"font-weight: 400;\">Il est \u00e9galement int\u00e9ressant d&#8217;inclure dans votre itin\u00e9raire \u00e0 Malte une visite \u00e0 pied <\/span><b>de <a href=\"https:\/\/tourtravelandmore.com\/fr\/tours\/malta-fr\/valleta-mdina-fr\/all-private-tours-activities-fr-6\/visite-privee-a-pied-de-mdina-et-rabat\/\">Mdina et de Rabat<\/a>, pour vous plonger <\/b><span style=\"font-weight: 400;\">encore plus profond\u00e9ment dans la culture maltaise. <\/span><\/p>\n","protected":false},"excerpt":{"rendered":"<p><span style=\"font-weight: 400;\">Profitez de votre voyage \u00e0 Malte pour voir certains des plus anciens temples du monde et une splendide formation rocheuse naturelle, avec notre <\/span><b>visite priv\u00e9e des temples de Hagar Quim et de la Grotte bleue depuis n&#8217;importe quelle ville. <\/b><span style=\"font-weight: 400;\">Vous passerez 8 heures incroyables \u00e0 explorer les temples construits au n\u00e9olithique et les superbes grottes marines de l&#8217;\u00eele. De plus, toute la visite se fera dans une voiture priv\u00e9e avec un guide qui vous donnera tous les d\u00e9tails dont vous avez besoin<\/span><\/p>\n","protected":false},"featured_media":115919,"comment_status":"open","ping_status":"closed","template":"","meta":{"_acf_changed":false},"product_brand":[],"product_cat":[3728,3807,4034,4035],"product_tag":[],"class_list":{"0":"post-115898","1":"product","2":"type-product","3":"status-publish","4":"has-post-thumbnail","6":"product_cat-malta-fr","7":"product_cat-valleta-mdina-fr","8":"product_cat-all-private-tours-activities-fr-6","9":"product_cat-private-sightseeing-tours-fr-6","11":"first","12":"instock","13":"shipping-taxable","14":"purchasable","15":"product-type-simple"},"acf":[],"yoast_head":"<!-- This site is optimized with the Yoast SEO Premium plugin v25.3.1 (Yoast SEO v25.3.1) - https:\/\/yoast.com\/wordpress\/plugins\/seo\/ -->\n<title>Excursion priv\u00e9e \u00e0 Hagar Quim et \u00e0 la Grotte bleue depuis n&#039;importe quelle ville avec guide et voiture priv\u00e9e inclus<\/title>\n<meta name=\"description\" content=\"Une promenade historique et relaxante \u00e0 travers Hagar Quim et la Grotte Bleue pour vous permettre d&#039;explorer certains des premiers temples de l&#039;humanit\u00e9 et une grotte sculpt\u00e9e par les vagues de la mer. Le tout dans une voiture priv\u00e9e confortable et accompagn\u00e9 par un guide priv\u00e9 expert en histoire et en culture\" \/>\n<meta name=\"robots\" content=\"index, follow, max-snippet:-1, max-image-preview:large, max-video-preview:-1\" \/>\n<link rel=\"canonical\" href=\"https:\/\/tourtravelandmore.com\/fr\/tours\/malta-fr\/valleta-mdina-fr\/all-private-tours-activities-fr-6\/visite-privee-des-temples-de-hagar-quim-et-de-la-grotte-bleue-au-depart-de-nimporte-quelle-ville\/\" \/>\n<meta property=\"og:locale\" content=\"fr_FR\" \/>\n<meta property=\"og:type\" content=\"article\" \/>\n<meta property=\"og:title\" content=\"Visite priv\u00e9e des temples de Hagar Quim et de la Grotte bleue au d\u00e9part de n&#039;importe quelle ville\" \/>\n<meta property=\"og:description\" content=\"Une promenade historique et relaxante \u00e0 travers Hagar Quim et la Grotte Bleue pour vous permettre d&#039;explorer certains des premiers temples de l&#039;humanit\u00e9 et une grotte sculpt\u00e9e par les vagues de la mer. Le tout dans une voiture priv\u00e9e confortable et accompagn\u00e9 par un guide priv\u00e9 expert en histoire et en culture\" \/>\n<meta property=\"og:url\" content=\"https:\/\/tourtravelandmore.com\/fr\/tours\/malta-fr\/valleta-mdina-fr\/all-private-tours-activities-fr-6\/visite-privee-des-temples-de-hagar-quim-et-de-la-grotte-bleue-au-depart-de-nimporte-quelle-ville\/\" \/>\n<meta property=\"og:site_name\" content=\"Tour Travel And More\" \/>\n<meta property=\"article:publisher\" content=\"https:\/\/www.facebook.com\/tourtravelandmore\/\" \/>\n<meta property=\"article:modified_time\" content=\"2021-12-24T16:03:28+00:00\" \/>\n<meta property=\"og:image\" content=\"https:\/\/tourtravelandmore.com\/wp-content\/uploads\/2021\/12\/image6-3.jpg\" \/>\n\t<meta property=\"og:image:width\" content=\"873\" \/>\n\t<meta property=\"og:image:height\" content=\"489\" \/>\n\t<meta property=\"og:image:type\" content=\"image\/jpeg\" \/>\n<meta name=\"twitter:card\" content=\"summary_large_image\" \/>\n<meta name=\"twitter:site\" content=\"@TourTravel_More\" \/>\n<meta name=\"twitter:label1\" content=\"Dur\u00e9e de lecture estim\u00e9e\" \/>\n\t<meta name=\"twitter:data1\" content=\"3 minutes\" \/>\n<script type=\"application\/ld+json\" class=\"yoast-schema-graph\">{\"@context\":\"https:\/\/schema.org\",\"@graph\":[{\"@type\":\"WebPage\",\"@id\":\"https:\/\/tourtravelandmore.com\/fr\/tours\/malta-fr\/valleta-mdina-fr\/all-private-tours-activities-fr-6\/visite-privee-des-temples-de-hagar-quim-et-de-la-grotte-bleue-au-depart-de-nimporte-quelle-ville\/\",\"url\":\"https:\/\/tourtravelandmore.com\/fr\/tours\/malta-fr\/valleta-mdina-fr\/all-private-tours-activities-fr-6\/visite-privee-des-temples-de-hagar-quim-et-de-la-grotte-bleue-au-depart-de-nimporte-quelle-ville\/\",\"name\":\"Excursion priv\u00e9e \u00e0 Hagar Quim et \u00e0 la Grotte bleue depuis n'importe quelle ville avec guide et voiture priv\u00e9e inclus\",\"isPartOf\":{\"@id\":\"https:\/\/tourtravelandmore.com\/fr\/#website\"},\"primaryImageOfPage\":{\"@id\":\"https:\/\/tourtravelandmore.com\/fr\/tours\/malta-fr\/valleta-mdina-fr\/all-private-tours-activities-fr-6\/visite-privee-des-temples-de-hagar-quim-et-de-la-grotte-bleue-au-depart-de-nimporte-quelle-ville\/#primaryimage\"},\"image\":{\"@id\":\"https:\/\/tourtravelandmore.com\/fr\/tours\/malta-fr\/valleta-mdina-fr\/all-private-tours-activities-fr-6\/visite-privee-des-temples-de-hagar-quim-et-de-la-grotte-bleue-au-depart-de-nimporte-quelle-ville\/#primaryimage\"},\"thumbnailUrl\":\"https:\/\/tourtravelandmore.com\/wp-content\/uploads\/2021\/12\/image6-3.jpg\",\"datePublished\":\"2021-12-20T14:16:05+00:00\",\"dateModified\":\"2021-12-24T16:03:28+00:00\",\"description\":\"Une promenade historique et relaxante \u00e0 travers Hagar Quim et la Grotte Bleue pour vous permettre d'explorer certains des premiers temples de l'humanit\u00e9 et une grotte sculpt\u00e9e par les vagues de la mer. Le tout dans une voiture priv\u00e9e confortable et accompagn\u00e9 par un guide priv\u00e9 expert en histoire et en culture\",\"breadcrumb\":{\"@id\":\"https:\/\/tourtravelandmore.com\/fr\/tours\/malta-fr\/valleta-mdina-fr\/all-private-tours-activities-fr-6\/visite-privee-des-temples-de-hagar-quim-et-de-la-grotte-bleue-au-depart-de-nimporte-quelle-ville\/#breadcrumb\"},\"inLanguage\":\"fr-FR\",\"potentialAction\":[{\"@type\":\"ReadAction\",\"target\":[\"https:\/\/tourtravelandmore.com\/fr\/tours\/malta-fr\/valleta-mdina-fr\/all-private-tours-activities-fr-6\/visite-privee-des-temples-de-hagar-quim-et-de-la-grotte-bleue-au-depart-de-nimporte-quelle-ville\/\"]}]},{\"@type\":\"ImageObject\",\"inLanguage\":\"fr-FR\",\"@id\":\"https:\/\/tourtravelandmore.com\/fr\/tours\/malta-fr\/valleta-mdina-fr\/all-private-tours-activities-fr-6\/visite-privee-des-temples-de-hagar-quim-et-de-la-grotte-bleue-au-depart-de-nimporte-quelle-ville\/#primaryimage\",\"url\":\"https:\/\/tourtravelandmore.com\/wp-content\/uploads\/2021\/12\/image6-3.jpg\",\"contentUrl\":\"https:\/\/tourtravelandmore.com\/wp-content\/uploads\/2021\/12\/image6-3.jpg\",\"width\":873,\"height\":489},{\"@type\":\"BreadcrumbList\",\"@id\":\"https:\/\/tourtravelandmore.com\/fr\/tours\/malta-fr\/valleta-mdina-fr\/all-private-tours-activities-fr-6\/visite-privee-des-temples-de-hagar-quim-et-de-la-grotte-bleue-au-depart-de-nimporte-quelle-ville\/#breadcrumb\",\"itemListElement\":[{\"@type\":\"ListItem\",\"position\":1,\"name\":\"Home\",\"item\":\"https:\/\/tourtravelandmore.com\/fr\/\"},{\"@type\":\"ListItem\",\"position\":2,\"name\":\"Tours\",\"item\":\"https:\/\/tourtravelandmore.com\/fr\/tours\/\"},{\"@type\":\"ListItem\",\"position\":3,\"name\":\"Visite priv\u00e9e des temples de Hagar Quim et de la Grotte bleue au d\u00e9part de n&rsquo;importe quelle ville\"}]},{\"@type\":\"WebSite\",\"@id\":\"https:\/\/tourtravelandmore.com\/fr\/#website\",\"url\":\"https:\/\/tourtravelandmore.com\/fr\/\",\"name\":\"Tour Travel And More\",\"description\":\"Private sightseeing tours and luxury transfers in Spain\",\"publisher\":{\"@id\":\"https:\/\/tourtravelandmore.com\/fr\/#organization\"},\"potentialAction\":[{\"@type\":\"SearchAction\",\"target\":{\"@type\":\"EntryPoint\",\"urlTemplate\":\"https:\/\/tourtravelandmore.com\/fr\/?s={search_term_string}\"},\"query-input\":{\"@type\":\"PropertyValueSpecification\",\"valueRequired\":true,\"valueName\":\"search_term_string\"}}],\"inLanguage\":\"fr-FR\"},{\"@type\":\"Organization\",\"@id\":\"https:\/\/tourtravelandmore.com\/fr\/#organization\",\"name\":\"Tour Travel And More\",\"url\":\"https:\/\/tourtravelandmore.com\/fr\/\",\"logo\":{\"@type\":\"ImageObject\",\"inLanguage\":\"fr-FR\",\"@id\":\"https:\/\/tourtravelandmore.com\/fr\/#\/schema\/logo\/image\/\",\"url\":\"https:\/\/tourtravelandmore.com\/wp-content\/uploads\/2022\/12\/cropped-logo-cabecera-new.png\",\"contentUrl\":\"https:\/\/tourtravelandmore.com\/wp-content\/uploads\/2022\/12\/cropped-logo-cabecera-new.png\",\"width\":430,\"height\":61,\"caption\":\"Tour Travel And More\"},\"image\":{\"@id\":\"https:\/\/tourtravelandmore.com\/fr\/#\/schema\/logo\/image\/\"},\"sameAs\":[\"https:\/\/www.facebook.com\/tourtravelandmore\/\",\"https:\/\/x.com\/TourTravel_More\"]}]}<\/script>\n<!-- \/ Yoast SEO Premium plugin. -->","yoast_head_json":{"title":"Excursion priv\u00e9e \u00e0 Hagar Quim et \u00e0 la Grotte bleue depuis n'importe quelle ville avec guide et voiture priv\u00e9e inclus","description":"Une promenade historique et relaxante \u00e0 travers Hagar Quim et la Grotte Bleue pour vous permettre d'explorer certains des premiers temples de l'humanit\u00e9 et une grotte sculpt\u00e9e par les vagues de la mer. Le tout dans une voiture priv\u00e9e confortable et accompagn\u00e9 par un guide priv\u00e9 expert en histoire et en culture","robots":{"index":"index","follow":"follow","max-snippet":"max-snippet:-1","max-image-preview":"max-image-preview:large","max-video-preview":"max-video-preview:-1"},"canonical":"https:\/\/tourtravelandmore.com\/fr\/tours\/malta-fr\/valleta-mdina-fr\/all-private-tours-activities-fr-6\/visite-privee-des-temples-de-hagar-quim-et-de-la-grotte-bleue-au-depart-de-nimporte-quelle-ville\/","og_locale":"fr_FR","og_type":"article","og_title":"Visite priv\u00e9e des temples de Hagar Quim et de la Grotte bleue au d\u00e9part de n'importe quelle ville","og_description":"Une promenade historique et relaxante \u00e0 travers Hagar Quim et la Grotte Bleue pour vous permettre d'explorer certains des premiers temples de l'humanit\u00e9 et une grotte sculpt\u00e9e par les vagues de la mer. Le tout dans une voiture priv\u00e9e confortable et accompagn\u00e9 par un guide priv\u00e9 expert en histoire et en culture","og_url":"https:\/\/tourtravelandmore.com\/fr\/tours\/malta-fr\/valleta-mdina-fr\/all-private-tours-activities-fr-6\/visite-privee-des-temples-de-hagar-quim-et-de-la-grotte-bleue-au-depart-de-nimporte-quelle-ville\/","og_site_name":"Tour Travel And More","article_publisher":"https:\/\/www.facebook.com\/tourtravelandmore\/","article_modified_time":"2021-12-24T16:03:28+00:00","og_image":[{"width":873,"height":489,"url":"https:\/\/tourtravelandmore.com\/wp-content\/uploads\/2021\/12\/image6-3.jpg","type":"image\/jpeg"}],"twitter_card":"summary_large_image","twitter_site":"@TourTravel_More","twitter_misc":{"Dur\u00e9e de lecture estim\u00e9e":"3 minutes"},"schema":{"@context":"https:\/\/schema.org","@graph":[{"@type":"WebPage","@id":"https:\/\/tourtravelandmore.com\/fr\/tours\/malta-fr\/valleta-mdina-fr\/all-private-tours-activities-fr-6\/visite-privee-des-temples-de-hagar-quim-et-de-la-grotte-bleue-au-depart-de-nimporte-quelle-ville\/","url":"https:\/\/tourtravelandmore.com\/fr\/tours\/malta-fr\/valleta-mdina-fr\/all-private-tours-activities-fr-6\/visite-privee-des-temples-de-hagar-quim-et-de-la-grotte-bleue-au-depart-de-nimporte-quelle-ville\/","name":"Excursion priv\u00e9e \u00e0 Hagar Quim et \u00e0 la Grotte bleue depuis n'importe quelle ville avec guide et voiture priv\u00e9e inclus","isPartOf":{"@id":"https:\/\/tourtravelandmore.com\/fr\/#website"},"primaryImageOfPage":{"@id":"https:\/\/tourtravelandmore.com\/fr\/tours\/malta-fr\/valleta-mdina-fr\/all-private-tours-activities-fr-6\/visite-privee-des-temples-de-hagar-quim-et-de-la-grotte-bleue-au-depart-de-nimporte-quelle-ville\/#primaryimage"},"image":{"@id":"https:\/\/tourtravelandmore.com\/fr\/tours\/malta-fr\/valleta-mdina-fr\/all-private-tours-activities-fr-6\/visite-privee-des-temples-de-hagar-quim-et-de-la-grotte-bleue-au-depart-de-nimporte-quelle-ville\/#primaryimage"},"thumbnailUrl":"https:\/\/tourtravelandmore.com\/wp-content\/uploads\/2021\/12\/image6-3.jpg","datePublished":"2021-12-20T14:16:05+00:00","dateModified":"2021-12-24T16:03:28+00:00","description":"Une promenade historique et relaxante \u00e0 travers Hagar Quim et la Grotte Bleue pour vous permettre d'explorer certains des premiers temples de l'humanit\u00e9 et une grotte sculpt\u00e9e par les vagues de la mer. Le tout dans une voiture priv\u00e9e confortable et accompagn\u00e9 par un guide priv\u00e9 expert en histoire et en culture","breadcrumb":{"@id":"https:\/\/tourtravelandmore.com\/fr\/tours\/malta-fr\/valleta-mdina-fr\/all-private-tours-activities-fr-6\/visite-privee-des-temples-de-hagar-quim-et-de-la-grotte-bleue-au-depart-de-nimporte-quelle-ville\/#breadcrumb"},"inLanguage":"fr-FR","potentialAction":[{"@type":"ReadAction","target":["https:\/\/tourtravelandmore.com\/fr\/tours\/malta-fr\/valleta-mdina-fr\/all-private-tours-activities-fr-6\/visite-privee-des-temples-de-hagar-quim-et-de-la-grotte-bleue-au-depart-de-nimporte-quelle-ville\/"]}]},{"@type":"ImageObject","inLanguage":"fr-FR","@id":"https:\/\/tourtravelandmore.com\/fr\/tours\/malta-fr\/valleta-mdina-fr\/all-private-tours-activities-fr-6\/visite-privee-des-temples-de-hagar-quim-et-de-la-grotte-bleue-au-depart-de-nimporte-quelle-ville\/#primaryimage","url":"https:\/\/tourtravelandmore.com\/wp-content\/uploads\/2021\/12\/image6-3.jpg","contentUrl":"https:\/\/tourtravelandmore.com\/wp-content\/uploads\/2021\/12\/image6-3.jpg","width":873,"height":489},{"@type":"BreadcrumbList","@id":"https:\/\/tourtravelandmore.com\/fr\/tours\/malta-fr\/valleta-mdina-fr\/all-private-tours-activities-fr-6\/visite-privee-des-temples-de-hagar-quim-et-de-la-grotte-bleue-au-depart-de-nimporte-quelle-ville\/#breadcrumb","itemListElement":[{"@type":"ListItem","position":1,"name":"Home","item":"https:\/\/tourtravelandmore.com\/fr\/"},{"@type":"ListItem","position":2,"name":"Tours","item":"https:\/\/tourtravelandmore.com\/fr\/tours\/"},{"@type":"ListItem","position":3,"name":"Visite priv\u00e9e des temples de Hagar Quim et de la Grotte bleue au d\u00e9part de n&rsquo;importe quelle ville"}]},{"@type":"WebSite","@id":"https:\/\/tourtravelandmore.com\/fr\/#website","url":"https:\/\/tourtravelandmore.com\/fr\/","name":"Tour Travel And More","description":"Private sightseeing tours and luxury transfers in Spain","publisher":{"@id":"https:\/\/tourtravelandmore.com\/fr\/#organization"},"potentialAction":[{"@type":"SearchAction","target":{"@type":"EntryPoint","urlTemplate":"https:\/\/tourtravelandmore.com\/fr\/?s={search_term_string}"},"query-input":{"@type":"PropertyValueSpecification","valueRequired":true,"valueName":"search_term_string"}}],"inLanguage":"fr-FR"},{"@type":"Organization","@id":"https:\/\/tourtravelandmore.com\/fr\/#organization","name":"Tour Travel And More","url":"https:\/\/tourtravelandmore.com\/fr\/","logo":{"@type":"ImageObject","inLanguage":"fr-FR","@id":"https:\/\/tourtravelandmore.com\/fr\/#\/schema\/logo\/image\/","url":"https:\/\/tourtravelandmore.com\/wp-content\/uploads\/2022\/12\/cropped-logo-cabecera-new.png","contentUrl":"https:\/\/tourtravelandmore.com\/wp-content\/uploads\/2022\/12\/cropped-logo-cabecera-new.png","width":430,"height":61,"caption":"Tour Travel And More"},"image":{"@id":"https:\/\/tourtravelandmore.com\/fr\/#\/schema\/logo\/image\/"},"sameAs":["https:\/\/www.facebook.com\/tourtravelandmore\/","https:\/\/x.com\/TourTravel_More"]}]}},"_links":{"self":[{"href":"https:\/\/tourtravelandmore.com\/fr\/wp-json\/wp\/v2\/product\/115898","targetHints":{"allow":["GET"]}}],"collection":[{"href":"https:\/\/tourtravelandmore.com\/fr\/wp-json\/wp\/v2\/product"}],"about":[{"href":"https:\/\/tourtravelandmore.com\/fr\/wp-json\/wp\/v2\/types\/product"}],"replies":[{"embeddable":true,"href":"https:\/\/tourtravelandmore.com\/fr\/wp-json\/wp\/v2\/comments?post=115898"}],"wp:featuredmedia":[{"embeddable":true,"href":"https:\/\/tourtravelandmore.com\/fr\/wp-json\/wp\/v2\/media\/115919"}],"wp:attachment":[{"href":"https:\/\/tourtravelandmore.com\/fr\/wp-json\/wp\/v2\/media?parent=115898"}],"wp:term":[{"taxonomy":"product_brand","embeddable":true,"href":"https:\/\/tourtravelandmore.com\/fr\/wp-json\/wp\/v2\/product_brand?post=115898"},{"taxonomy":"product_cat","embeddable":true,"href":"https:\/\/tourtravelandmore.com\/fr\/wp-json\/wp\/v2\/product_cat?post=115898"},{"taxonomy":"product_tag","embeddable":true,"href":"https:\/\/tourtravelandmore.com\/fr\/wp-json\/wp\/v2\/product_tag?post=115898"}],"curies":[{"name":"wp","href":"https:\/\/api.w.org\/{rel}","templated":true}]}}