{"id":115794,"date":"2021-12-18T16:26:19","date_gmt":"2021-12-18T15:26:32","guid":{"rendered":"https:\/\/tourtravelandmore.com\/?post_type=product&#038;p=115794"},"modified":"2022-01-14T10:50:49","modified_gmt":"2022-01-14T09:50:49","slug":"visite-privee-de-gozo-depuis-malte","status":"publish","type":"product","link":"https:\/\/tourtravelandmore.com\/fr\/tours\/malta-fr\/valleta-mdina-fr\/all-private-tours-activities-fr-6\/visite-privee-de-gozo-depuis-malte\/","title":{"rendered":"Visite priv\u00e9e de Gozo depuis Malte"},"content":{"rendered":"<h2><b>Description de l&#8217;excursion \u00e0 Gozo depuis Malte<\/b><\/h2>\n<p><span style=\"font-weight: 400;\">L&#8217;\u00eele de Gozo, l&#8217;une des villes qui composent l&#8217;archipel maltais, est un lieu tr\u00e8s calme et relaxant \u00e0 visiter.\u00a0<\/span><\/p>\n<p><span style=\"font-weight: 400;\">Son riche environnement naturel en fait un lieu paradisiaque. Vous pourrez y pratiquer diff\u00e9rentes activit\u00e9s r\u00e9cr\u00e9atives et de d\u00e9tente gr\u00e2ce \u00e0 ses belles vall\u00e9es, ses falaises abruptes et ses collines majestueuses.\u00a0<\/span><\/p>\n<p><span style=\"font-weight: 400;\">Si vous souhaitez passer un moment diff\u00e9rent en compagnie du soleil, de la mer et de la nature, cette <\/span><b>excursion \u00e0 Gozo depuis Malte <\/b><span style=\"font-weight: 400;\">est parfaite pour vous.\u00a0<\/span><\/p>\n<p><span style=\"font-weight: 400;\">Vous d\u00e9couvrirez les temples m\u00e9galithiques de Ggantija, la citadelle Victoria, le site de la Fen\u00eatre bleue, le mus\u00e9e d&#8217;arch\u00e9ologie, la basilique de Saint-Georges, la plage de la baie de Rambla, la basilique de Ta&#8217;Pinu, parmi de nombreux autres lieux splendides et majestueux.\u00a0<\/span><\/p>\n<p><span style=\"font-weight: 400;\">Il s&#8217;agit d&#8217;une <\/span><b>excursion exclusive et personnalis\u00e9e de 8 heures<\/b><span style=\"font-weight: 400;\">, qui comprend le transport aller-retour dans une voiture priv\u00e9e confortable, ainsi qu&#8217;un guide priv\u00e9 qui se chargera de vous donner toutes les informations dont vous avez besoin pour profiter pleinement de votre visite.\u00a0<\/span><\/p>\n<p><span style=\"font-weight: 400;\">Ne vous inqui\u00e9tez pas non plus du transfert en bateau, car cette excursion \u00e0 Gozo depuis Malte l&#8217;inclut. Vous n&#8217;aurez donc pas \u00e0 perdre votre temps \u00e0 autre chose qu&#8217;\u00e0 vous amuser.\u00a0<\/span><\/p>\n<h2><b>Points d&#8217;int\u00e9r\u00eat<\/b><\/h2>\n<p><span style=\"font-weight: 400;\">Explorez et d\u00e9couvrez les <\/span><b>endroits les plus frappants et les plus recommand\u00e9s \u00e0 voir \u00e0 Gozo <\/b><span style=\"font-weight: 400;\">; un lieu \u00e9nigmatique plein de calme et de charme.\u00a0<\/span><\/p>\n<p><span style=\"font-weight: 400;\">Pour rejoindre l&#8217;\u00eele, situ\u00e9e \u00e0 seulement une vingtaine de minutes de Malte, vous monterez sur un bateau pour naviguer le long des vagues. Une fois sur place, un guide priv\u00e9 vous fera d\u00e9couvrir tous les sites d&#8217;int\u00e9r\u00eat.\u00a0\u00a0<\/span><\/p>\n<p><span style=\"font-weight: 400;\">Nous partirons du point convenu, puis nous plongerons dans la magie de Gozo. Allumez votre appareil photo et pr\u00e9parez-vous \u00e0 vivre une exp\u00e9rience magique lors de cette excursion \u00e0 Gozo depuis Malte.<\/span><\/p>\n<h3><span style=\"color: #d3af37;\"><b>Rabat (Victoria)\u00a0<\/b><\/span><\/h3>\n<p><span style=\"font-weight: 400;\">La citadelle Victoria sera l&#8217;un des premiers arr\u00eats. Cet endroit \u00e9tait autrefois connu sous le nom de Rabat, et est actuellement la capitale de Gozo.\u00a0<\/span><\/p>\n<p><span style=\"font-weight: 400;\">Dans la ville, vous d\u00e9couvrirez <\/span><b>les vestiges des murs de la ville<\/b><span style=\"font-weight: 400;\">, ses rues anciennes et ses b\u00e2timents \u00e0 l&#8217;architecture m\u00e9di\u00e9vale : parmi eux, la cath\u00e9drale Santa Maria et le palais de l&#8217;\u00e9v\u00eaque.\u00a0<\/span><\/p>\n<p><span style=\"font-weight: 400;\">De plus, du haut de la ville, on a une vue panoramique de l&#8217;\u00eele \u00e0 360\u00b0. Cela devient un spectacle digne de quelques photos de cartes postales.\u00a0<\/span><\/p>\n<h3><span style=\"color: #d3af37;\"><b>Le port de Mdzhar<\/b><\/span><\/h3>\n<p><span style=\"font-weight: 400;\">C&#8217;est le <\/span><b>port le plus actif de l&#8217;\u00eele<\/b><span style=\"font-weight: 400;\">. Vous pourrez y admirer l&#8217;\u00e9glise de la Vierge de Lourdes et le fort de la Sambre. Ces deux b\u00e2timents ont un style architectural qui vaut la peine d&#8217;\u00eatre vu.\u00a0<\/span><\/p>\n<p><span style=\"font-weight: 400;\">C&#8217;est un site charmant et attrayant, id\u00e9al pour s&#8217;arr\u00eater et appr\u00e9cier tout ce qu&#8217;il a \u00e0 offrir.\u00a0<\/span><\/p>\n<h3><span style=\"color: #d3af37;\"><b>Dwejra et la fen\u00eatre bleue<\/b><\/span><\/h3>\n<p><span style=\"font-weight: 400;\">Les falaises de Dwejra sont proches de ce qui \u00e9tait &#8220;Azure Windows&#8221; ou la fen\u00eatre bleue, une ancienne formation rocheuse qui a attir\u00e9 pendant des ann\u00e9es des milliers de touristes, mais qui a \u00e9t\u00e9 d\u00e9truite par une temp\u00eate en 2017.<\/span><\/p>\n<p><b>La <\/b><span style=\"font-weight: 400;\">fen\u00eatre bleue a \u00e9t\u00e9 <\/span><b>le th\u00e9\u00e2tre de l&#8217;une des sc\u00e8nes embl\u00e9matiques de la s\u00e9rie &#8220;Game of Thrones<\/b><span style=\"font-weight: 400;\">&#8220;, puisque le tournage du mariage entre Daenerys et Drogo a eu lieu.<\/span><\/p>\n<p><span style=\"font-weight: 400;\">En outre, dans la baie de Dwejra, vous trouverez un bras de mer circulaire qui semble sortir d&#8217;un film.\u00a0<\/span><\/p>\n<p><span style=\"font-weight: 400;\">On y trouve \u00e9galement <\/span><b>un fort construit par les chevaliers de San Juan <\/b><span style=\"font-weight: 400;\">au . Il y a l\u00e0 tout un ensemble d&#8217;attractions qui vous fascineront.\u00a0<\/span><\/p>\n<h3><span style=\"color: #d3af37;\"><b>Plage de la baie de Rambla\u00a0<\/b><\/span><\/h3>\n<p><span style=\"font-weight: 400;\">Avec ses <\/span><b>sables rouge\u00e2tres <\/b><span style=\"font-weight: 400;\">et ses vagues calmes, vous tomberez certainement amoureux de cette plage spectaculaire.\u00a0<\/span><\/p>\n<p><span style=\"font-weight: 400;\">\u00c0 proximit\u00e9, se trouve \u00e9galement la plage de San Blas Bay. Cependant, elle n&#8217;est pas aussi touristique que Rambla Bay.\u00a0<\/span><\/p>\n<h3><span style=\"color: #d3af37;\"><b>Temples de Ggantija<\/b><\/span><\/h3>\n<p><span style=\"font-weight: 400;\">Ces temples ont \u00e9t\u00e9 d\u00e9clar\u00e9s <\/span><b>sites du patrimoine mondial par l&#8217;Unesco <\/b><span style=\"font-weight: 400;\">et comptent parmi les plus anciens b\u00e2timents du monde.\u00a0<\/span><\/p>\n<p><span style=\"font-weight: 400;\">Il s&#8217;agit d&#8217;une construction monolithique qui se dresse depuis plus de 5 000 ans.\u00a0<\/span><\/p>\n<p><span style=\"font-weight: 400;\">Juste \u00e0 c\u00f4t\u00e9 des temples se trouve le moulin \u00e0 vent de Ta&#8217; Kola, qui date de 1725 et qui abrite aujourd&#8217;hui un mus\u00e9e \u00e0 l&#8217;int\u00e9rieur.<\/span><\/p>\n<p><span style=\"font-weight: 400;\">Outre ces points d&#8217;int\u00e9r\u00eat, vous pourrez \u00e9galement explorer la basilique Ta&#8217;Pinu, Marsalforn, la vall\u00e9e de Ghasri et bien d&#8217;autres lieux \u00e0 ne pas manquer.\u00a0<\/span><\/p>\n<p><span style=\"font-weight: 400;\">Nous savons que pendant le coucher du soleil, vous aurez l&#8217;occasion de prendre de superbes photos qui seront parfaites comme souvenir de votre voyage \u00e0 Gozo.\u00a0<\/span><\/p>\n<p><span style=\"font-weight: 400;\">\u00c0 la fin de la visite, nous vous ram\u00e8nerons \u00e0 Malte pour r\u00e9cup\u00e9rer votre \u00e9nergie et poursuivre votre voyage.\u00a0<\/span><\/p>\n<p><span style=\"font-weight: 400;\">Si vous le souhaitez, vous pouvez faire la <\/span><a href=\"https:\/\/tourtravelandmore.com\/fr\/tours\/malta-fr\/valleta-mdina-fr\/all-private-tours-activities-fr-6\/visite-privee-de-la-seconde-guerre-mondiale-des-salles-de-guerre-et-du-musee-de-la-guerre-4-heures-au-depart-de-nimporte-quelle-ville\/\"><b>visite guid\u00e9e de la Seconde Guerre mondiale<\/b><\/a><span style=\"font-weight: 400;\">, qui vous permettra de voir les salles de guerre et le mus\u00e9e de la guerre. Vous aurez ainsi une vision plus compl\u00e8te du r\u00f4le de Malte pendant la Seconde Guerre mondiale. <\/span><\/p>\n","protected":false},"excerpt":{"rendered":"<p><span style=\"font-weight: 400;\">D\u00e9tendez-vous lors d&#8217;un voyage \u00e0 travers les plus beaux paysages de l&#8217;archipel maltais, lors d&#8217;une <\/span><b>excursion \u00e0 Gozo depuis Malte <\/b><span style=\"font-weight: 400;\">avec transfert en voiture et en bateau inclus. Un guide priv\u00e9 vous donnera toutes les informations dont vous avez besoin pour profiter de chaque instant de cette excursion priv\u00e9e<\/span><\/p>\n","protected":false},"featured_media":115818,"comment_status":"open","ping_status":"closed","template":"","meta":{"_acf_changed":false},"product_brand":[],"product_cat":[3728,3807,4034,4035,4036],"product_tag":[],"class_list":{"0":"post-115794","1":"product","2":"type-product","3":"status-publish","4":"has-post-thumbnail","6":"product_cat-malta-fr","7":"product_cat-valleta-mdina-fr","8":"product_cat-all-private-tours-activities-fr-6","9":"product_cat-private-sightseeing-tours-fr-6","10":"product_cat-private-shore-excursions-fr","12":"first","13":"instock","14":"shipping-taxable","15":"purchasable","16":"product-type-simple"},"acf":[],"yoast_head":"<!-- This site is optimized with the Yoast SEO Premium plugin v25.3.1 (Yoast SEO v25.3.1) - https:\/\/yoast.com\/wordpress\/plugins\/seo\/ -->\n<title>Visite priv\u00e9e de Gozo depuis Malte avec guide, voiture priv\u00e9e et voyage en bateau inclus<\/title>\n<meta name=\"description\" content=\"D\u00e9couvrez la merveilleuse \u00eele de Gozo et apprenez \u00e0 conna\u00eetre ses falaises abruptes, ses vall\u00e9es, ses b\u00e2timents et ses monuments, lors de notre visite priv\u00e9e \u00e0 Gozo depuis Malte en voiture confortable, avec guide priv\u00e9 et excursion en bateau incluse\" \/>\n<meta name=\"robots\" content=\"index, follow, max-snippet:-1, max-image-preview:large, max-video-preview:-1\" \/>\n<link rel=\"canonical\" href=\"https:\/\/tourtravelandmore.com\/fr\/tours\/malta-fr\/valleta-mdina-fr\/all-private-tours-activities-fr-6\/visite-privee-de-gozo-depuis-malte\/\" \/>\n<meta property=\"og:locale\" content=\"fr_FR\" \/>\n<meta property=\"og:type\" content=\"article\" \/>\n<meta property=\"og:title\" content=\"Visite priv\u00e9e de Gozo depuis Malte\" \/>\n<meta property=\"og:description\" content=\"D\u00e9couvrez la merveilleuse \u00eele de Gozo et apprenez \u00e0 conna\u00eetre ses falaises abruptes, ses vall\u00e9es, ses b\u00e2timents et ses monuments, lors de notre visite priv\u00e9e \u00e0 Gozo depuis Malte en voiture confortable, avec guide priv\u00e9 et excursion en bateau incluse\" \/>\n<meta property=\"og:url\" content=\"https:\/\/tourtravelandmore.com\/fr\/tours\/malta-fr\/valleta-mdina-fr\/all-private-tours-activities-fr-6\/visite-privee-de-gozo-depuis-malte\/\" \/>\n<meta property=\"og:site_name\" content=\"Tour Travel And More\" \/>\n<meta property=\"article:publisher\" content=\"https:\/\/www.facebook.com\/tourtravelandmore\/\" \/>\n<meta property=\"article:modified_time\" content=\"2022-01-14T09:50:49+00:00\" \/>\n<meta property=\"og:image\" content=\"https:\/\/tourtravelandmore.com\/wp-content\/uploads\/2021\/12\/image8-1.jpg\" \/>\n\t<meta property=\"og:image:width\" content=\"567\" \/>\n\t<meta property=\"og:image:height\" content=\"720\" \/>\n\t<meta property=\"og:image:type\" content=\"image\/jpeg\" \/>\n<meta name=\"twitter:card\" content=\"summary_large_image\" \/>\n<meta name=\"twitter:site\" content=\"@TourTravel_More\" \/>\n<meta name=\"twitter:label1\" content=\"Dur\u00e9e de lecture estim\u00e9e\" \/>\n\t<meta name=\"twitter:data1\" content=\"4 minutes\" \/>\n<script type=\"application\/ld+json\" class=\"yoast-schema-graph\">{\"@context\":\"https:\/\/schema.org\",\"@graph\":[{\"@type\":\"WebPage\",\"@id\":\"https:\/\/tourtravelandmore.com\/fr\/tours\/malta-fr\/valleta-mdina-fr\/all-private-tours-activities-fr-6\/visite-privee-de-gozo-depuis-malte\/\",\"url\":\"https:\/\/tourtravelandmore.com\/fr\/tours\/malta-fr\/valleta-mdina-fr\/all-private-tours-activities-fr-6\/visite-privee-de-gozo-depuis-malte\/\",\"name\":\"Visite priv\u00e9e de Gozo depuis Malte avec guide, voiture priv\u00e9e et voyage en bateau inclus\",\"isPartOf\":{\"@id\":\"https:\/\/tourtravelandmore.com\/fr\/#website\"},\"primaryImageOfPage\":{\"@id\":\"https:\/\/tourtravelandmore.com\/fr\/tours\/malta-fr\/valleta-mdina-fr\/all-private-tours-activities-fr-6\/visite-privee-de-gozo-depuis-malte\/#primaryimage\"},\"image\":{\"@id\":\"https:\/\/tourtravelandmore.com\/fr\/tours\/malta-fr\/valleta-mdina-fr\/all-private-tours-activities-fr-6\/visite-privee-de-gozo-depuis-malte\/#primaryimage\"},\"thumbnailUrl\":\"https:\/\/tourtravelandmore.com\/wp-content\/uploads\/2021\/12\/image8-1.jpg\",\"datePublished\":\"2021-12-18T15:26:32+00:00\",\"dateModified\":\"2022-01-14T09:50:49+00:00\",\"description\":\"D\u00e9couvrez la merveilleuse \u00eele de Gozo et apprenez \u00e0 conna\u00eetre ses falaises abruptes, ses vall\u00e9es, ses b\u00e2timents et ses monuments, lors de notre visite priv\u00e9e \u00e0 Gozo depuis Malte en voiture confortable, avec guide priv\u00e9 et excursion en bateau incluse\",\"breadcrumb\":{\"@id\":\"https:\/\/tourtravelandmore.com\/fr\/tours\/malta-fr\/valleta-mdina-fr\/all-private-tours-activities-fr-6\/visite-privee-de-gozo-depuis-malte\/#breadcrumb\"},\"inLanguage\":\"fr-FR\",\"potentialAction\":[{\"@type\":\"ReadAction\",\"target\":[\"https:\/\/tourtravelandmore.com\/fr\/tours\/malta-fr\/valleta-mdina-fr\/all-private-tours-activities-fr-6\/visite-privee-de-gozo-depuis-malte\/\"]}]},{\"@type\":\"ImageObject\",\"inLanguage\":\"fr-FR\",\"@id\":\"https:\/\/tourtravelandmore.com\/fr\/tours\/malta-fr\/valleta-mdina-fr\/all-private-tours-activities-fr-6\/visite-privee-de-gozo-depuis-malte\/#primaryimage\",\"url\":\"https:\/\/tourtravelandmore.com\/wp-content\/uploads\/2021\/12\/image8-1.jpg\",\"contentUrl\":\"https:\/\/tourtravelandmore.com\/wp-content\/uploads\/2021\/12\/image8-1.jpg\",\"width\":567,\"height\":720},{\"@type\":\"BreadcrumbList\",\"@id\":\"https:\/\/tourtravelandmore.com\/fr\/tours\/malta-fr\/valleta-mdina-fr\/all-private-tours-activities-fr-6\/visite-privee-de-gozo-depuis-malte\/#breadcrumb\",\"itemListElement\":[{\"@type\":\"ListItem\",\"position\":1,\"name\":\"Home\",\"item\":\"https:\/\/tourtravelandmore.com\/fr\/\"},{\"@type\":\"ListItem\",\"position\":2,\"name\":\"Tours\",\"item\":\"https:\/\/tourtravelandmore.com\/fr\/tours\/\"},{\"@type\":\"ListItem\",\"position\":3,\"name\":\"Visite priv\u00e9e de Gozo depuis Malte\"}]},{\"@type\":\"WebSite\",\"@id\":\"https:\/\/tourtravelandmore.com\/fr\/#website\",\"url\":\"https:\/\/tourtravelandmore.com\/fr\/\",\"name\":\"Tour Travel And More\",\"description\":\"Private sightseeing tours and luxury transfers in Spain\",\"publisher\":{\"@id\":\"https:\/\/tourtravelandmore.com\/fr\/#organization\"},\"potentialAction\":[{\"@type\":\"SearchAction\",\"target\":{\"@type\":\"EntryPoint\",\"urlTemplate\":\"https:\/\/tourtravelandmore.com\/fr\/?s={search_term_string}\"},\"query-input\":{\"@type\":\"PropertyValueSpecification\",\"valueRequired\":true,\"valueName\":\"search_term_string\"}}],\"inLanguage\":\"fr-FR\"},{\"@type\":\"Organization\",\"@id\":\"https:\/\/tourtravelandmore.com\/fr\/#organization\",\"name\":\"Tour Travel And More\",\"url\":\"https:\/\/tourtravelandmore.com\/fr\/\",\"logo\":{\"@type\":\"ImageObject\",\"inLanguage\":\"fr-FR\",\"@id\":\"https:\/\/tourtravelandmore.com\/fr\/#\/schema\/logo\/image\/\",\"url\":\"https:\/\/tourtravelandmore.com\/wp-content\/uploads\/2022\/12\/cropped-logo-cabecera-new.png\",\"contentUrl\":\"https:\/\/tourtravelandmore.com\/wp-content\/uploads\/2022\/12\/cropped-logo-cabecera-new.png\",\"width\":430,\"height\":61,\"caption\":\"Tour Travel And More\"},\"image\":{\"@id\":\"https:\/\/tourtravelandmore.com\/fr\/#\/schema\/logo\/image\/\"},\"sameAs\":[\"https:\/\/www.facebook.com\/tourtravelandmore\/\",\"https:\/\/x.com\/TourTravel_More\"]}]}<\/script>\n<!-- \/ Yoast SEO Premium plugin. -->","yoast_head_json":{"title":"Visite priv\u00e9e de Gozo depuis Malte avec guide, voiture priv\u00e9e et voyage en bateau inclus","description":"D\u00e9couvrez la merveilleuse \u00eele de Gozo et apprenez \u00e0 conna\u00eetre ses falaises abruptes, ses vall\u00e9es, ses b\u00e2timents et ses monuments, lors de notre visite priv\u00e9e \u00e0 Gozo depuis Malte en voiture confortable, avec guide priv\u00e9 et excursion en bateau incluse","robots":{"index":"index","follow":"follow","max-snippet":"max-snippet:-1","max-image-preview":"max-image-preview:large","max-video-preview":"max-video-preview:-1"},"canonical":"https:\/\/tourtravelandmore.com\/fr\/tours\/malta-fr\/valleta-mdina-fr\/all-private-tours-activities-fr-6\/visite-privee-de-gozo-depuis-malte\/","og_locale":"fr_FR","og_type":"article","og_title":"Visite priv\u00e9e de Gozo depuis Malte","og_description":"D\u00e9couvrez la merveilleuse \u00eele de Gozo et apprenez \u00e0 conna\u00eetre ses falaises abruptes, ses vall\u00e9es, ses b\u00e2timents et ses monuments, lors de notre visite priv\u00e9e \u00e0 Gozo depuis Malte en voiture confortable, avec guide priv\u00e9 et excursion en bateau incluse","og_url":"https:\/\/tourtravelandmore.com\/fr\/tours\/malta-fr\/valleta-mdina-fr\/all-private-tours-activities-fr-6\/visite-privee-de-gozo-depuis-malte\/","og_site_name":"Tour Travel And More","article_publisher":"https:\/\/www.facebook.com\/tourtravelandmore\/","article_modified_time":"2022-01-14T09:50:49+00:00","og_image":[{"width":567,"height":720,"url":"https:\/\/tourtravelandmore.com\/wp-content\/uploads\/2021\/12\/image8-1.jpg","type":"image\/jpeg"}],"twitter_card":"summary_large_image","twitter_site":"@TourTravel_More","twitter_misc":{"Dur\u00e9e de lecture estim\u00e9e":"4 minutes"},"schema":{"@context":"https:\/\/schema.org","@graph":[{"@type":"WebPage","@id":"https:\/\/tourtravelandmore.com\/fr\/tours\/malta-fr\/valleta-mdina-fr\/all-private-tours-activities-fr-6\/visite-privee-de-gozo-depuis-malte\/","url":"https:\/\/tourtravelandmore.com\/fr\/tours\/malta-fr\/valleta-mdina-fr\/all-private-tours-activities-fr-6\/visite-privee-de-gozo-depuis-malte\/","name":"Visite priv\u00e9e de Gozo depuis Malte avec guide, voiture priv\u00e9e et voyage en bateau inclus","isPartOf":{"@id":"https:\/\/tourtravelandmore.com\/fr\/#website"},"primaryImageOfPage":{"@id":"https:\/\/tourtravelandmore.com\/fr\/tours\/malta-fr\/valleta-mdina-fr\/all-private-tours-activities-fr-6\/visite-privee-de-gozo-depuis-malte\/#primaryimage"},"image":{"@id":"https:\/\/tourtravelandmore.com\/fr\/tours\/malta-fr\/valleta-mdina-fr\/all-private-tours-activities-fr-6\/visite-privee-de-gozo-depuis-malte\/#primaryimage"},"thumbnailUrl":"https:\/\/tourtravelandmore.com\/wp-content\/uploads\/2021\/12\/image8-1.jpg","datePublished":"2021-12-18T15:26:32+00:00","dateModified":"2022-01-14T09:50:49+00:00","description":"D\u00e9couvrez la merveilleuse \u00eele de Gozo et apprenez \u00e0 conna\u00eetre ses falaises abruptes, ses vall\u00e9es, ses b\u00e2timents et ses monuments, lors de notre visite priv\u00e9e \u00e0 Gozo depuis Malte en voiture confortable, avec guide priv\u00e9 et excursion en bateau incluse","breadcrumb":{"@id":"https:\/\/tourtravelandmore.com\/fr\/tours\/malta-fr\/valleta-mdina-fr\/all-private-tours-activities-fr-6\/visite-privee-de-gozo-depuis-malte\/#breadcrumb"},"inLanguage":"fr-FR","potentialAction":[{"@type":"ReadAction","target":["https:\/\/tourtravelandmore.com\/fr\/tours\/malta-fr\/valleta-mdina-fr\/all-private-tours-activities-fr-6\/visite-privee-de-gozo-depuis-malte\/"]}]},{"@type":"ImageObject","inLanguage":"fr-FR","@id":"https:\/\/tourtravelandmore.com\/fr\/tours\/malta-fr\/valleta-mdina-fr\/all-private-tours-activities-fr-6\/visite-privee-de-gozo-depuis-malte\/#primaryimage","url":"https:\/\/tourtravelandmore.com\/wp-content\/uploads\/2021\/12\/image8-1.jpg","contentUrl":"https:\/\/tourtravelandmore.com\/wp-content\/uploads\/2021\/12\/image8-1.jpg","width":567,"height":720},{"@type":"BreadcrumbList","@id":"https:\/\/tourtravelandmore.com\/fr\/tours\/malta-fr\/valleta-mdina-fr\/all-private-tours-activities-fr-6\/visite-privee-de-gozo-depuis-malte\/#breadcrumb","itemListElement":[{"@type":"ListItem","position":1,"name":"Home","item":"https:\/\/tourtravelandmore.com\/fr\/"},{"@type":"ListItem","position":2,"name":"Tours","item":"https:\/\/tourtravelandmore.com\/fr\/tours\/"},{"@type":"ListItem","position":3,"name":"Visite priv\u00e9e de Gozo depuis Malte"}]},{"@type":"WebSite","@id":"https:\/\/tourtravelandmore.com\/fr\/#website","url":"https:\/\/tourtravelandmore.com\/fr\/","name":"Tour Travel And More","description":"Private sightseeing tours and luxury transfers in Spain","publisher":{"@id":"https:\/\/tourtravelandmore.com\/fr\/#organization"},"potentialAction":[{"@type":"SearchAction","target":{"@type":"EntryPoint","urlTemplate":"https:\/\/tourtravelandmore.com\/fr\/?s={search_term_string}"},"query-input":{"@type":"PropertyValueSpecification","valueRequired":true,"valueName":"search_term_string"}}],"inLanguage":"fr-FR"},{"@type":"Organization","@id":"https:\/\/tourtravelandmore.com\/fr\/#organization","name":"Tour Travel And More","url":"https:\/\/tourtravelandmore.com\/fr\/","logo":{"@type":"ImageObject","inLanguage":"fr-FR","@id":"https:\/\/tourtravelandmore.com\/fr\/#\/schema\/logo\/image\/","url":"https:\/\/tourtravelandmore.com\/wp-content\/uploads\/2022\/12\/cropped-logo-cabecera-new.png","contentUrl":"https:\/\/tourtravelandmore.com\/wp-content\/uploads\/2022\/12\/cropped-logo-cabecera-new.png","width":430,"height":61,"caption":"Tour Travel And More"},"image":{"@id":"https:\/\/tourtravelandmore.com\/fr\/#\/schema\/logo\/image\/"},"sameAs":["https:\/\/www.facebook.com\/tourtravelandmore\/","https:\/\/x.com\/TourTravel_More"]}]}},"_links":{"self":[{"href":"https:\/\/tourtravelandmore.com\/fr\/wp-json\/wp\/v2\/product\/115794","targetHints":{"allow":["GET"]}}],"collection":[{"href":"https:\/\/tourtravelandmore.com\/fr\/wp-json\/wp\/v2\/product"}],"about":[{"href":"https:\/\/tourtravelandmore.com\/fr\/wp-json\/wp\/v2\/types\/product"}],"replies":[{"embeddable":true,"href":"https:\/\/tourtravelandmore.com\/fr\/wp-json\/wp\/v2\/comments?post=115794"}],"wp:featuredmedia":[{"embeddable":true,"href":"https:\/\/tourtravelandmore.com\/fr\/wp-json\/wp\/v2\/media\/115818"}],"wp:attachment":[{"href":"https:\/\/tourtravelandmore.com\/fr\/wp-json\/wp\/v2\/media?parent=115794"}],"wp:term":[{"taxonomy":"product_brand","embeddable":true,"href":"https:\/\/tourtravelandmore.com\/fr\/wp-json\/wp\/v2\/product_brand?post=115794"},{"taxonomy":"product_cat","embeddable":true,"href":"https:\/\/tourtravelandmore.com\/fr\/wp-json\/wp\/v2\/product_cat?post=115794"},{"taxonomy":"product_tag","embeddable":true,"href":"https:\/\/tourtravelandmore.com\/fr\/wp-json\/wp\/v2\/product_tag?post=115794"}],"curies":[{"name":"wp","href":"https:\/\/api.w.org\/{rel}","templated":true}]}}