{"id":115751,"date":"2021-12-18T15:58:52","date_gmt":"2021-12-18T14:59:03","guid":{"rendered":"https:\/\/tourtravelandmore.com\/?post_type=product&#038;p=115751"},"modified":"2022-01-14T10:53:25","modified_gmt":"2022-01-14T09:53:25","slug":"visite-privee-des-temples-de-hagar-qim-et-mnajdra-a-partir-de-nimporte-quelle-ville","status":"publish","type":"product","link":"https:\/\/tourtravelandmore.com\/fr\/tours\/malta-fr\/valleta-mdina-fr\/all-private-tours-activities-fr-6\/visite-privee-des-temples-de-hagar-qim-et-mnajdra-a-partir-de-nimporte-quelle-ville\/","title":{"rendered":"Visite priv\u00e9e des temples de Hagar Qim et Mnajdra \u00e0 partir de n&#8217;importe quelle ville"},"content":{"rendered":"<h2><b>Description du circuit des temples de Hagar Qim et Mnajdra \u00e0 partir de n&#8217;importe quelle ville<\/b><\/h2>\n<p><span style=\"font-weight: 400;\">Malte n&#8217;est pas seulement connue pour ses superbes plages et son architecture m\u00e9di\u00e9vale unique, mais aussi pour certains des b\u00e2timents les plus anciens de l&#8217;humanit\u00e9.\u00a0<\/span><\/p>\n<p><span style=\"font-weight: 400;\">Lors de notre <\/span><b>visite priv\u00e9e des temples de Hagar Qim et Mnajdra depuis n&#8217;importe quelle ville<\/b><span style=\"font-weight: 400;\">, vous aurez l&#8217;occasion d&#8217;admirer de tr\u00e8s pr\u00e8s, entre autres, un m\u00e9galithe pesant pr\u00e8s de 60 tonnes. Vous d\u00e9couvrirez \u00e9galement qui a construit ces temples et tous les secrets cach\u00e9s que rec\u00e8lent ces structures monumentales.\u00a0<\/span><\/p>\n<p><span style=\"font-weight: 400;\">Cette visite sera enti\u00e8rement personnalis\u00e9e. La visite commence \u00e0 un point convenu qui vous convient le mieux.\u00a0<\/span><\/p>\n<p><span style=\"font-weight: 400;\">De l\u00e0, nous vous transf\u00e9rerons dans une voiture confortable vers le sud de Malte pour <\/span><b>atteindre le temple de Hagar Qim,<\/b><span style=\"font-weight: 400;\"> qui date de 3200-3600 avant J.-C.. \u00c0 c\u00f4t\u00e9 de lui se trouvent des ruines que l&#8217;on pense \u00eatre plus anciennes que le temple central et qui contiennent 6 chambres principales.<\/span><\/p>\n<p><span style=\"font-weight: 400;\">Nous savons que cette <\/span><b>forteresse de pierre construite \u00e0 l&#8217;\u00e9poque pr\u00e9historique <\/b><span style=\"font-weight: 400;\">vous surprendra compl\u00e8tement.\u00a0<\/span><\/p>\n<p><span style=\"font-weight: 400;\">\u00c0 seulement 500 m\u00e8tres de l\u00e0 se trouve le Mnajdra, un autre des c\u00e9l\u00e8bres temples m\u00e9galithiques maltais.<\/span><\/p>\n<p><span style=\"font-weight: 400;\">Il s&#8217;agit d&#8217;une <\/span><b>structure ant\u00e9rieure aux pyramides \u00e9gyptiennes<\/b><span style=\"font-weight: 400;\">, situ\u00e9e au sud-est de Qrendi. Sa construction est faite de roche corallienne, ce qui la rend plus r\u00e9sistante que son homologue le Hagar Quim.\u00a0<\/span><\/p>\n<p><span style=\"font-weight: 400;\">L\u00e0, vous aurez une vue panoramique \u00e0 couper le souffle depuis les falaises qui vous captivera compl\u00e8tement.\u00a0<\/span><\/p>\n<p><span style=\"font-weight: 400;\">Vous profiterez d&#8217;une visite exclusive, au cours de laquelle le guide priv\u00e9 vous fera d\u00e9couvrir l&#8217;histoire et toutes les caract\u00e9ristiques remarquables de ces imposantes constructions, qui ont \u00e9t\u00e9 d\u00e9clar\u00e9es par l&#8217;UNESCO comme site du patrimoine mondial.\u00a0<\/span><\/p>\n<p><span style=\"font-weight: 400;\">Cette visite priv\u00e9e de 8 heures comprend le ramassage et le retour \u00e0 l&#8217;h\u00f4tel ou au point central de votre choix.\u00a0<\/span><\/p>\n<h3><span style=\"color: #d3af37;\"><b>Points d&#8217;int\u00e9r\u00eat<\/b><\/span><\/h3>\n<p><span style=\"font-weight: 400;\">Cette visite priv\u00e9e est pr\u00e9vue pour vous permettre d&#8217;explorer l&#8217;histoire des grands temples monolithiques de Malte.<\/span><\/p>\n<p><span style=\"font-weight: 400;\">La nature imposante de ces constructions n\u00e9olithiques suscite encore de nombreuses questions chez les chercheurs. Vous pouvez apprendre toute l&#8217;histoire qui entoure Hagar Qim et Mnajdra.\u00a0<\/span><\/p>\n<h3><span style=\"color: #d3af37;\"><b>Hagar Quim<\/b><\/span><\/h3>\n<p><span style=\"font-weight: 400;\">Il s&#8217;agit de l&#8217;une des plus anciennes structures sacr\u00e9es du monde. On pense qu&#8217;elle <\/span><b>a environ 5 000 ans<\/b><span style=\"font-weight: 400;\">, mais elle n&#8217;a \u00e9t\u00e9 d\u00e9couverte qu&#8217;en 1839.<\/span><\/p>\n<p><span style=\"font-weight: 400;\">Ce temple conserve une forme circulaire, qui est associ\u00e9e \u00e0 &#8220;la d\u00e9esse de Malte&#8221;, une divinit\u00e9 que les chercheurs pensent que les premiers colons de l&#8217;\u00eele v\u00e9n\u00e9raient.\u00a0\u00a0<\/span><\/p>\n<p><span style=\"font-weight: 400;\">Vous apprendrez les faits et les informations les plus pertinents sur le site, car le guide priv\u00e9 sera attentif afin que vous ne manquiez aucun d\u00e9tail tout au long de la visite.\u00a0<\/span><\/p>\n<p><span style=\"font-weight: 400;\">En outre, \u00e0 l&#8217;int\u00e9rieur de Hagar Qim se trouve <\/span><b>le m\u00e9galithe le plus lourd de Malte<\/b><span style=\"font-weight: 400;\">, d&#8217;une longueur moyenne de 5,2 m\u00e8tres et pesant quelque 57 tonnes.\u00a0<\/span><\/p>\n<p><span style=\"font-weight: 400;\">Selon les chercheurs, \u00e0 l&#8217;\u00e9poque, les b\u00e2tisseurs utilisaient des rampes et des pierres sph\u00e9riques pour transporter tous les mat\u00e9riaux sur le site.\u00a0<\/span><\/p>\n<p><span style=\"font-weight: 400;\">Vous verrez \u00e9galement la niche et la chambre des femmes : on y a trouv\u00e9 diff\u00e9rentes sculptures de femmes grosses, qui sont aujourd&#8217;hui expos\u00e9es au mus\u00e9e de La Valette.<\/span><\/p>\n<p><span style=\"font-weight: 400;\">Mais ce qui est le plus frappant, c&#8217;est l&#8217;autel qui se trouve \u00e0 l&#8217;int\u00e9rieur de l&#8217;une de ses chambres et qui, pendant le solstice d&#8217;\u00e9t\u00e9, est \u00e9clair\u00e9 par un trou con\u00e7u dans le mur ext\u00e9rieur exclusivement pour remplir cette fonction.<\/span><\/p>\n<h3><span style=\"color: #d3af37;\"><b>Mnjandra<\/b><\/span><\/h3>\n<p><span style=\"font-weight: 400;\">Sur la c\u00f4te sud de Malte, au bord de la falaise, vous trouverez \u00e9galement le temple monolithique Mnajdra. Lors de notre visite priv\u00e9e, vous explorerez tous les recoins de ce monument majestueux.\u00a0<\/span><\/p>\n<p><span style=\"font-weight: 400;\">Comme dans le Hagar Qim, dans ce temple, ses b\u00e2tisseurs ont pris diff\u00e9rentes dispositions pour d\u00e9tecter le jour exact du solstice de printemps et d&#8217;automne. Ainsi, lorsque l&#8217;aube se l\u00e8ve ce jour-l\u00e0, et seulement ce jour-l\u00e0, une pierre particuli\u00e8re est illumin\u00e9e.\u00a0<\/span><\/p>\n<p><span style=\"font-weight: 400;\">Ses <\/span><b>monolithes sont faits de calcaire<\/b><span style=\"font-weight: 400;\">, ce qui en fait une structure extr\u00eamement solide datant de plus de 5 000 ans.\u00a0<\/span><\/p>\n<p><span style=\"font-weight: 400;\">Ces deux temples sont des sites magnifiques que vous ne pouvez pas manquer. A la fin de la visite, nous vous ram\u00e8nerons au lieu convenu.<\/span><\/p>\n<p><span style=\"font-weight: 400;\">Si vous souhaitez que votre visite \u00e0 Malte soit aussi compl\u00e8te que possible, vous devriez compl\u00e9ter votre voyage par une <\/span><b><a href=\"https:\/\/tourtravelandmore.com\/fr\/tours\/malta-fr\/valleta-mdina-fr\/all-private-tours-activities-fr-6\/visite-privee-de-gozo-depuis-malte\/\">excursion \u00e0 Gozo au d\u00e9part de Malte<\/a>, <\/b><span style=\"font-weight: 400;\">afin de pouvoir visiter cette \u00eele, consid\u00e9r\u00e9e comme l&#8217;une des plus remarquables de cet archipel. <\/span><\/p>\n","protected":false},"excerpt":{"rendered":"<p><span style=\"font-weight: 400;\">Lors de cette <\/span><b>visite priv\u00e9e des temples de Hagar Qim et de Mnajdra depuis n&#8217;importe quelle ville<\/b><span style=\"font-weight: 400;\">, vous d\u00e9couvrirez certaines des plus anciennes constructions r\u00e9alis\u00e9es par l&#8217;humanit\u00e9. Accompagn\u00e9 d&#8217;un guide priv\u00e9 et dans une voiture confortable, nous vous emm\u00e8nerons au sud de Malte pour vous \u00e9merveiller devant ces temples qui abritent les plus grands monolithes de toute l&#8217;\u00eele<\/span><\/p>\n","protected":false},"featured_media":115763,"comment_status":"open","ping_status":"closed","template":"","meta":{"_acf_changed":false},"product_brand":[],"product_cat":[3728,3807,4034,4035],"product_tag":[],"class_list":{"0":"post-115751","1":"product","2":"type-product","3":"status-publish","4":"has-post-thumbnail","6":"product_cat-malta-fr","7":"product_cat-valleta-mdina-fr","8":"product_cat-all-private-tours-activities-fr-6","9":"product_cat-private-sightseeing-tours-fr-6","11":"first","12":"instock","13":"shipping-taxable","14":"purchasable","15":"product-type-simple"},"acf":[],"yoast_head":"<!-- This site is optimized with the Yoast SEO Premium plugin v25.3.1 (Yoast SEO v25.3.1) - https:\/\/yoast.com\/wordpress\/plugins\/seo\/ -->\n<title>Visite priv\u00e9e des temples de Hagar Qim et Mnajdra avec guide et voiture priv\u00e9e au d\u00e9part de n&#039;importe quelle ville<\/title>\n<meta name=\"description\" content=\"Vous voulez voir certains des temples monolithiques les plus impressionnants et les plus anciens du monde ? D\u00e9couvrez les temples de Hagar Qim et de Mnajdra lors d&#039;une visite exclusive de 8 heures avec guide priv\u00e9 et voiture incluse\" \/>\n<meta name=\"robots\" content=\"index, follow, max-snippet:-1, max-image-preview:large, max-video-preview:-1\" \/>\n<link rel=\"canonical\" href=\"https:\/\/tourtravelandmore.com\/fr\/tours\/malta-fr\/valleta-mdina-fr\/all-private-tours-activities-fr-6\/visite-privee-des-temples-de-hagar-qim-et-mnajdra-a-partir-de-nimporte-quelle-ville\/\" \/>\n<meta property=\"og:locale\" content=\"fr_FR\" \/>\n<meta property=\"og:type\" content=\"article\" \/>\n<meta property=\"og:title\" content=\"Visite priv\u00e9e des temples de Hagar Qim et Mnajdra \u00e0 partir de n&#039;importe quelle ville\" \/>\n<meta property=\"og:description\" content=\"Vous voulez voir certains des temples monolithiques les plus impressionnants et les plus anciens du monde ? D\u00e9couvrez les temples de Hagar Qim et de Mnajdra lors d&#039;une visite exclusive de 8 heures avec guide priv\u00e9 et voiture incluse\" \/>\n<meta property=\"og:url\" content=\"https:\/\/tourtravelandmore.com\/fr\/tours\/malta-fr\/valleta-mdina-fr\/all-private-tours-activities-fr-6\/visite-privee-des-temples-de-hagar-qim-et-mnajdra-a-partir-de-nimporte-quelle-ville\/\" \/>\n<meta property=\"og:site_name\" content=\"Tour Travel And More\" \/>\n<meta property=\"article:publisher\" content=\"https:\/\/www.facebook.com\/tourtravelandmore\/\" \/>\n<meta property=\"article:modified_time\" content=\"2022-01-14T09:53:25+00:00\" \/>\n<meta property=\"og:image\" content=\"https:\/\/tourtravelandmore.com\/wp-content\/uploads\/2021\/12\/image1-7.jpg\" \/>\n\t<meta property=\"og:image:width\" content=\"612\" \/>\n\t<meta property=\"og:image:height\" content=\"408\" \/>\n\t<meta property=\"og:image:type\" content=\"image\/jpeg\" \/>\n<meta name=\"twitter:card\" content=\"summary_large_image\" \/>\n<meta name=\"twitter:site\" content=\"@TourTravel_More\" \/>\n<meta name=\"twitter:label1\" content=\"Dur\u00e9e de lecture estim\u00e9e\" \/>\n\t<meta name=\"twitter:data1\" content=\"4 minutes\" \/>\n<script type=\"application\/ld+json\" class=\"yoast-schema-graph\">{\"@context\":\"https:\/\/schema.org\",\"@graph\":[{\"@type\":\"WebPage\",\"@id\":\"https:\/\/tourtravelandmore.com\/fr\/tours\/malta-fr\/valleta-mdina-fr\/all-private-tours-activities-fr-6\/visite-privee-des-temples-de-hagar-qim-et-mnajdra-a-partir-de-nimporte-quelle-ville\/\",\"url\":\"https:\/\/tourtravelandmore.com\/fr\/tours\/malta-fr\/valleta-mdina-fr\/all-private-tours-activities-fr-6\/visite-privee-des-temples-de-hagar-qim-et-mnajdra-a-partir-de-nimporte-quelle-ville\/\",\"name\":\"Visite priv\u00e9e des temples de Hagar Qim et Mnajdra avec guide et voiture priv\u00e9e au d\u00e9part de n'importe quelle ville\",\"isPartOf\":{\"@id\":\"https:\/\/tourtravelandmore.com\/fr\/#website\"},\"primaryImageOfPage\":{\"@id\":\"https:\/\/tourtravelandmore.com\/fr\/tours\/malta-fr\/valleta-mdina-fr\/all-private-tours-activities-fr-6\/visite-privee-des-temples-de-hagar-qim-et-mnajdra-a-partir-de-nimporte-quelle-ville\/#primaryimage\"},\"image\":{\"@id\":\"https:\/\/tourtravelandmore.com\/fr\/tours\/malta-fr\/valleta-mdina-fr\/all-private-tours-activities-fr-6\/visite-privee-des-temples-de-hagar-qim-et-mnajdra-a-partir-de-nimporte-quelle-ville\/#primaryimage\"},\"thumbnailUrl\":\"https:\/\/tourtravelandmore.com\/wp-content\/uploads\/2021\/12\/image1-7.jpg\",\"datePublished\":\"2021-12-18T14:59:03+00:00\",\"dateModified\":\"2022-01-14T09:53:25+00:00\",\"description\":\"Vous voulez voir certains des temples monolithiques les plus impressionnants et les plus anciens du monde ? D\u00e9couvrez les temples de Hagar Qim et de Mnajdra lors d'une visite exclusive de 8 heures avec guide priv\u00e9 et voiture incluse\",\"breadcrumb\":{\"@id\":\"https:\/\/tourtravelandmore.com\/fr\/tours\/malta-fr\/valleta-mdina-fr\/all-private-tours-activities-fr-6\/visite-privee-des-temples-de-hagar-qim-et-mnajdra-a-partir-de-nimporte-quelle-ville\/#breadcrumb\"},\"inLanguage\":\"fr-FR\",\"potentialAction\":[{\"@type\":\"ReadAction\",\"target\":[\"https:\/\/tourtravelandmore.com\/fr\/tours\/malta-fr\/valleta-mdina-fr\/all-private-tours-activities-fr-6\/visite-privee-des-temples-de-hagar-qim-et-mnajdra-a-partir-de-nimporte-quelle-ville\/\"]}]},{\"@type\":\"ImageObject\",\"inLanguage\":\"fr-FR\",\"@id\":\"https:\/\/tourtravelandmore.com\/fr\/tours\/malta-fr\/valleta-mdina-fr\/all-private-tours-activities-fr-6\/visite-privee-des-temples-de-hagar-qim-et-mnajdra-a-partir-de-nimporte-quelle-ville\/#primaryimage\",\"url\":\"https:\/\/tourtravelandmore.com\/wp-content\/uploads\/2021\/12\/image1-7.jpg\",\"contentUrl\":\"https:\/\/tourtravelandmore.com\/wp-content\/uploads\/2021\/12\/image1-7.jpg\",\"width\":612,\"height\":408},{\"@type\":\"BreadcrumbList\",\"@id\":\"https:\/\/tourtravelandmore.com\/fr\/tours\/malta-fr\/valleta-mdina-fr\/all-private-tours-activities-fr-6\/visite-privee-des-temples-de-hagar-qim-et-mnajdra-a-partir-de-nimporte-quelle-ville\/#breadcrumb\",\"itemListElement\":[{\"@type\":\"ListItem\",\"position\":1,\"name\":\"Home\",\"item\":\"https:\/\/tourtravelandmore.com\/fr\/\"},{\"@type\":\"ListItem\",\"position\":2,\"name\":\"Tours\",\"item\":\"https:\/\/tourtravelandmore.com\/fr\/tours\/\"},{\"@type\":\"ListItem\",\"position\":3,\"name\":\"Visite priv\u00e9e des temples de Hagar Qim et Mnajdra \u00e0 partir de n&rsquo;importe quelle ville\"}]},{\"@type\":\"WebSite\",\"@id\":\"https:\/\/tourtravelandmore.com\/fr\/#website\",\"url\":\"https:\/\/tourtravelandmore.com\/fr\/\",\"name\":\"Tour Travel And More\",\"description\":\"Private sightseeing tours and luxury transfers in Spain\",\"publisher\":{\"@id\":\"https:\/\/tourtravelandmore.com\/fr\/#organization\"},\"potentialAction\":[{\"@type\":\"SearchAction\",\"target\":{\"@type\":\"EntryPoint\",\"urlTemplate\":\"https:\/\/tourtravelandmore.com\/fr\/?s={search_term_string}\"},\"query-input\":{\"@type\":\"PropertyValueSpecification\",\"valueRequired\":true,\"valueName\":\"search_term_string\"}}],\"inLanguage\":\"fr-FR\"},{\"@type\":\"Organization\",\"@id\":\"https:\/\/tourtravelandmore.com\/fr\/#organization\",\"name\":\"Tour Travel And More\",\"url\":\"https:\/\/tourtravelandmore.com\/fr\/\",\"logo\":{\"@type\":\"ImageObject\",\"inLanguage\":\"fr-FR\",\"@id\":\"https:\/\/tourtravelandmore.com\/fr\/#\/schema\/logo\/image\/\",\"url\":\"https:\/\/tourtravelandmore.com\/wp-content\/uploads\/2022\/12\/cropped-logo-cabecera-new.png\",\"contentUrl\":\"https:\/\/tourtravelandmore.com\/wp-content\/uploads\/2022\/12\/cropped-logo-cabecera-new.png\",\"width\":430,\"height\":61,\"caption\":\"Tour Travel And More\"},\"image\":{\"@id\":\"https:\/\/tourtravelandmore.com\/fr\/#\/schema\/logo\/image\/\"},\"sameAs\":[\"https:\/\/www.facebook.com\/tourtravelandmore\/\",\"https:\/\/x.com\/TourTravel_More\"]}]}<\/script>\n<!-- \/ Yoast SEO Premium plugin. -->","yoast_head_json":{"title":"Visite priv\u00e9e des temples de Hagar Qim et Mnajdra avec guide et voiture priv\u00e9e au d\u00e9part de n'importe quelle ville","description":"Vous voulez voir certains des temples monolithiques les plus impressionnants et les plus anciens du monde ? D\u00e9couvrez les temples de Hagar Qim et de Mnajdra lors d'une visite exclusive de 8 heures avec guide priv\u00e9 et voiture incluse","robots":{"index":"index","follow":"follow","max-snippet":"max-snippet:-1","max-image-preview":"max-image-preview:large","max-video-preview":"max-video-preview:-1"},"canonical":"https:\/\/tourtravelandmore.com\/fr\/tours\/malta-fr\/valleta-mdina-fr\/all-private-tours-activities-fr-6\/visite-privee-des-temples-de-hagar-qim-et-mnajdra-a-partir-de-nimporte-quelle-ville\/","og_locale":"fr_FR","og_type":"article","og_title":"Visite priv\u00e9e des temples de Hagar Qim et Mnajdra \u00e0 partir de n'importe quelle ville","og_description":"Vous voulez voir certains des temples monolithiques les plus impressionnants et les plus anciens du monde ? D\u00e9couvrez les temples de Hagar Qim et de Mnajdra lors d'une visite exclusive de 8 heures avec guide priv\u00e9 et voiture incluse","og_url":"https:\/\/tourtravelandmore.com\/fr\/tours\/malta-fr\/valleta-mdina-fr\/all-private-tours-activities-fr-6\/visite-privee-des-temples-de-hagar-qim-et-mnajdra-a-partir-de-nimporte-quelle-ville\/","og_site_name":"Tour Travel And More","article_publisher":"https:\/\/www.facebook.com\/tourtravelandmore\/","article_modified_time":"2022-01-14T09:53:25+00:00","og_image":[{"width":612,"height":408,"url":"https:\/\/tourtravelandmore.com\/wp-content\/uploads\/2021\/12\/image1-7.jpg","type":"image\/jpeg"}],"twitter_card":"summary_large_image","twitter_site":"@TourTravel_More","twitter_misc":{"Dur\u00e9e de lecture estim\u00e9e":"4 minutes"},"schema":{"@context":"https:\/\/schema.org","@graph":[{"@type":"WebPage","@id":"https:\/\/tourtravelandmore.com\/fr\/tours\/malta-fr\/valleta-mdina-fr\/all-private-tours-activities-fr-6\/visite-privee-des-temples-de-hagar-qim-et-mnajdra-a-partir-de-nimporte-quelle-ville\/","url":"https:\/\/tourtravelandmore.com\/fr\/tours\/malta-fr\/valleta-mdina-fr\/all-private-tours-activities-fr-6\/visite-privee-des-temples-de-hagar-qim-et-mnajdra-a-partir-de-nimporte-quelle-ville\/","name":"Visite priv\u00e9e des temples de Hagar Qim et Mnajdra avec guide et voiture priv\u00e9e au d\u00e9part de n'importe quelle ville","isPartOf":{"@id":"https:\/\/tourtravelandmore.com\/fr\/#website"},"primaryImageOfPage":{"@id":"https:\/\/tourtravelandmore.com\/fr\/tours\/malta-fr\/valleta-mdina-fr\/all-private-tours-activities-fr-6\/visite-privee-des-temples-de-hagar-qim-et-mnajdra-a-partir-de-nimporte-quelle-ville\/#primaryimage"},"image":{"@id":"https:\/\/tourtravelandmore.com\/fr\/tours\/malta-fr\/valleta-mdina-fr\/all-private-tours-activities-fr-6\/visite-privee-des-temples-de-hagar-qim-et-mnajdra-a-partir-de-nimporte-quelle-ville\/#primaryimage"},"thumbnailUrl":"https:\/\/tourtravelandmore.com\/wp-content\/uploads\/2021\/12\/image1-7.jpg","datePublished":"2021-12-18T14:59:03+00:00","dateModified":"2022-01-14T09:53:25+00:00","description":"Vous voulez voir certains des temples monolithiques les plus impressionnants et les plus anciens du monde ? D\u00e9couvrez les temples de Hagar Qim et de Mnajdra lors d'une visite exclusive de 8 heures avec guide priv\u00e9 et voiture incluse","breadcrumb":{"@id":"https:\/\/tourtravelandmore.com\/fr\/tours\/malta-fr\/valleta-mdina-fr\/all-private-tours-activities-fr-6\/visite-privee-des-temples-de-hagar-qim-et-mnajdra-a-partir-de-nimporte-quelle-ville\/#breadcrumb"},"inLanguage":"fr-FR","potentialAction":[{"@type":"ReadAction","target":["https:\/\/tourtravelandmore.com\/fr\/tours\/malta-fr\/valleta-mdina-fr\/all-private-tours-activities-fr-6\/visite-privee-des-temples-de-hagar-qim-et-mnajdra-a-partir-de-nimporte-quelle-ville\/"]}]},{"@type":"ImageObject","inLanguage":"fr-FR","@id":"https:\/\/tourtravelandmore.com\/fr\/tours\/malta-fr\/valleta-mdina-fr\/all-private-tours-activities-fr-6\/visite-privee-des-temples-de-hagar-qim-et-mnajdra-a-partir-de-nimporte-quelle-ville\/#primaryimage","url":"https:\/\/tourtravelandmore.com\/wp-content\/uploads\/2021\/12\/image1-7.jpg","contentUrl":"https:\/\/tourtravelandmore.com\/wp-content\/uploads\/2021\/12\/image1-7.jpg","width":612,"height":408},{"@type":"BreadcrumbList","@id":"https:\/\/tourtravelandmore.com\/fr\/tours\/malta-fr\/valleta-mdina-fr\/all-private-tours-activities-fr-6\/visite-privee-des-temples-de-hagar-qim-et-mnajdra-a-partir-de-nimporte-quelle-ville\/#breadcrumb","itemListElement":[{"@type":"ListItem","position":1,"name":"Home","item":"https:\/\/tourtravelandmore.com\/fr\/"},{"@type":"ListItem","position":2,"name":"Tours","item":"https:\/\/tourtravelandmore.com\/fr\/tours\/"},{"@type":"ListItem","position":3,"name":"Visite priv\u00e9e des temples de Hagar Qim et Mnajdra \u00e0 partir de n&rsquo;importe quelle ville"}]},{"@type":"WebSite","@id":"https:\/\/tourtravelandmore.com\/fr\/#website","url":"https:\/\/tourtravelandmore.com\/fr\/","name":"Tour Travel And More","description":"Private sightseeing tours and luxury transfers in Spain","publisher":{"@id":"https:\/\/tourtravelandmore.com\/fr\/#organization"},"potentialAction":[{"@type":"SearchAction","target":{"@type":"EntryPoint","urlTemplate":"https:\/\/tourtravelandmore.com\/fr\/?s={search_term_string}"},"query-input":{"@type":"PropertyValueSpecification","valueRequired":true,"valueName":"search_term_string"}}],"inLanguage":"fr-FR"},{"@type":"Organization","@id":"https:\/\/tourtravelandmore.com\/fr\/#organization","name":"Tour Travel And More","url":"https:\/\/tourtravelandmore.com\/fr\/","logo":{"@type":"ImageObject","inLanguage":"fr-FR","@id":"https:\/\/tourtravelandmore.com\/fr\/#\/schema\/logo\/image\/","url":"https:\/\/tourtravelandmore.com\/wp-content\/uploads\/2022\/12\/cropped-logo-cabecera-new.png","contentUrl":"https:\/\/tourtravelandmore.com\/wp-content\/uploads\/2022\/12\/cropped-logo-cabecera-new.png","width":430,"height":61,"caption":"Tour Travel And More"},"image":{"@id":"https:\/\/tourtravelandmore.com\/fr\/#\/schema\/logo\/image\/"},"sameAs":["https:\/\/www.facebook.com\/tourtravelandmore\/","https:\/\/x.com\/TourTravel_More"]}]}},"_links":{"self":[{"href":"https:\/\/tourtravelandmore.com\/fr\/wp-json\/wp\/v2\/product\/115751","targetHints":{"allow":["GET"]}}],"collection":[{"href":"https:\/\/tourtravelandmore.com\/fr\/wp-json\/wp\/v2\/product"}],"about":[{"href":"https:\/\/tourtravelandmore.com\/fr\/wp-json\/wp\/v2\/types\/product"}],"replies":[{"embeddable":true,"href":"https:\/\/tourtravelandmore.com\/fr\/wp-json\/wp\/v2\/comments?post=115751"}],"wp:featuredmedia":[{"embeddable":true,"href":"https:\/\/tourtravelandmore.com\/fr\/wp-json\/wp\/v2\/media\/115763"}],"wp:attachment":[{"href":"https:\/\/tourtravelandmore.com\/fr\/wp-json\/wp\/v2\/media?parent=115751"}],"wp:term":[{"taxonomy":"product_brand","embeddable":true,"href":"https:\/\/tourtravelandmore.com\/fr\/wp-json\/wp\/v2\/product_brand?post=115751"},{"taxonomy":"product_cat","embeddable":true,"href":"https:\/\/tourtravelandmore.com\/fr\/wp-json\/wp\/v2\/product_cat?post=115751"},{"taxonomy":"product_tag","embeddable":true,"href":"https:\/\/tourtravelandmore.com\/fr\/wp-json\/wp\/v2\/product_tag?post=115751"}],"curies":[{"name":"wp","href":"https:\/\/api.w.org\/{rel}","templated":true}]}}