{"id":115696,"date":"2021-12-17T16:46:42","date_gmt":"2021-12-17T15:46:53","guid":{"rendered":"https:\/\/tourtravelandmore.com\/?post_type=product&#038;p=115696"},"modified":"2022-01-14T10:55:20","modified_gmt":"2022-01-14T09:55:20","slug":"visite-privee-de-rabat-mosta-leglise-de-mosta-et-le-palazzo-parisio-a-partir-de-nimporte-quelle-ville","status":"publish","type":"product","link":"https:\/\/tourtravelandmore.com\/fr\/tours\/malta-fr\/valleta-mdina-fr\/all-private-tours-activities-fr-6\/visite-privee-de-rabat-mosta-leglise-de-mosta-et-le-palazzo-parisio-a-partir-de-nimporte-quelle-ville\/","title":{"rendered":"Visite priv\u00e9e de Rabat, Mosta, l&#8217;\u00e9glise de Mosta et le Palazzo Parisio \u00e0 partir de n&#8217;importe quelle ville"},"content":{"rendered":"<h2><b>Description de l&#8217;excursion \u00e0 Rabat, Mosta, l&#8217;\u00e9glise de Mosta et le Palazzo Parisio depuis n&#8217;importe quelle ville.<\/b><\/h2>\n<p><span style=\"font-weight: 400;\">Bien qu&#8217;elle soit l&#8217;un des plus petits \u00c9tats de l&#8217;Union europ\u00e9enne, la R\u00e9publique de Malte poss\u00e8de de grandes attractions touristiques et culturelles qu&#8217;il est recommand\u00e9 de visiter.\u00a0<\/span><\/p>\n<p><span style=\"font-weight: 400;\">Lors de cette visite <\/span><b>\u00e0 Rabat, Mosta, l&#8217;\u00e9glise de Mosta et le Palazzo Parisio, <\/b><span style=\"font-weight: 400;\">vous d\u00e9couvrirez l&#8217;architecture baroque embl\u00e9matique de Malte, ainsi que les joyaux cach\u00e9s de ce merveilleux archipel.\u00a0<\/span><\/p>\n<p><span style=\"font-weight: 400;\">La visite sera enti\u00e8rement personnalis\u00e9e. Pendant la visite, vous serez accompagn\u00e9 d&#8217;un guide priv\u00e9 qui sera charg\u00e9 de vous informer sur les informations les plus pertinentes de chaque arr\u00eat. Vous verrez \u00e9galement les sites les plus attrayants de chaque point d&#8217;int\u00e9r\u00eat afin de ne manquer aucun d\u00e9tail.\u00a0<\/span><\/p>\n<p><span style=\"font-weight: 400;\">L&#8217;ensemble du transfert se fera dans une voiture priv\u00e9e confortable \u00e0 travers des routes d&#8217;une beaut\u00e9 m\u00e9diterran\u00e9enne \u00e0 couper le souffle.\u00a0<\/span><\/p>\n<p><span style=\"font-weight: 400;\">Le rendez-vous aura lieu \u00e0 l&#8217;endroit de votre choix. Ainsi, vous aurez plus de confort pour vous d\u00e9tendre pendant l&#8217;excursion et pour adapter l&#8217;horaire \u00e0 votre convenance.\u00a0<\/span><\/p>\n<p><span style=\"font-weight: 400;\">Lors de cette excursion, vous d\u00e9couvrirez l&#8217;\u00e9glise de Mosta, qui poss\u00e8de le troisi\u00e8me plus grand d\u00f4me d&#8217;Europe. En outre, nous nous rendrons au Palazzo Parisio, un magnifique b\u00e2timent du XXe si\u00e8cle qui vous captivera par son architecture \u00e9l\u00e9gante et ses imposants jardins majestueux.\u00a0<\/span><\/p>\n<p><span style=\"font-weight: 400;\">De m\u00eame, \u00e0 Rabat, vous serez surpris par ses catacombes et vous apprendrez l&#8217;histoire de la ville, qui servait dans l&#8217;Antiquit\u00e9 de cimeti\u00e8re pour les Romains qui ont construit un v\u00e9ritable labyrinthe dans les profondeurs de la ville.\u00a0<\/span><\/p>\n<p><span style=\"font-weight: 400;\">Tout cela et bien plus encore, vous le d\u00e9couvrirez lors de cette excursion <\/span><b>\u00e0 Rabat, Mosta, l&#8217;\u00e9glise de Mosta et le Palazzo Parisio depuis n&#8217;importe quelle ville.<\/b><\/p>\n<h3><span style=\"color: #d3af37;\"><b>Points d&#8217;int\u00e9r\u00eat<\/b><\/span><\/h3>\n<p><span style=\"font-weight: 400;\">Ce sera une promenade inoubliable \u00e0 travers chacun des sites d&#8217;int\u00e9r\u00eat que vous visiterez lors de cette <\/span><b>visite priv\u00e9e. <\/b><span style=\"font-weight: 400;\">Vous serez envelopp\u00e9 par l&#8217;histoire, la beaut\u00e9 et le mysticisme pendant 8 heures lors de cette excursion exclusive.\u00a0<\/span><\/p>\n<h3><span style=\"color: #d3af37;\"><b>Rabat\u00a0<\/b><\/span><\/h3>\n<p><span style=\"font-weight: 400;\">Dans cette ville d&#8217;origine arabe, les catacombes de Saint-Paul et de Sainte-Agathe sont incontournables. Bien qu&#8217;elles ne soient pas aussi grandes que celles de Rome ou de Paris, elles vous fascineront, car elles regorgent d&#8217;histoire chr\u00e9tienne et de temps occultes. On dit m\u00eame que saint Paul lui-m\u00eame s&#8217;y est cach\u00e9 alors qu&#8217;il fuyait les Romains.<\/span><\/p>\n<p><span style=\"font-weight: 400;\">Vous pourrez \u00e9galement admirer de nombreux vestiges de <\/span><b>constructions romaines <\/b><span style=\"font-weight: 400;\">et quelques <\/span><b>b\u00e2timents m\u00e9di\u00e9vaux <\/b><span style=\"font-weight: 400;\">d&#8217;une grande beaut\u00e9 architecturale.\u00a0<\/span><\/p>\n<h3><span style=\"color: #d3af37;\"><b>Mosta et l&#8217;\u00e9glise de Mosta<\/b><\/span><\/h3>\n<p><span style=\"font-weight: 400;\">\u00c0 l&#8217;arriv\u00e9e \u00e0 Mosta, nous visiterons l&#8217;\u00e9glise embl\u00e9matique de Notre-Dame de l&#8217;Assomption, \u00e9galement connue sous le nom de Rotonde de Mosta, dont la beaut\u00e9 est comparable \u00e0 celle de l&#8217;\u00e9glise Saint-Pierre au Vatican.\u00a0<\/span><\/p>\n<p><span style=\"font-weight: 400;\">Cette \u00e9glise poss\u00e8de le plus grand d\u00f4me de la R\u00e9publique de Malte et le troisi\u00e8me plus grand d&#8217;Europe. C&#8217;est \u00e9galement un b\u00e2timent charg\u00e9 d&#8217;histoire.\u00a0<\/span><\/p>\n<p><span style=\"font-weight: 400;\">C&#8217;est l&#8217;une des \u00e9glises les plus remarquables et elle a abrit\u00e9 plus de 300 personnes pendant la Seconde Guerre mondiale en 1942. Pendant cette p\u00e9riode, le d\u00f4me a servi de bunker de guerre prot\u00e9geant toutes les personnes \u00e0 l&#8217;int\u00e9rieur du b\u00e2timent.\u00a0<\/span><\/p>\n<h3><span style=\"color: #d3af37;\"><b>Palazzo Parisio<\/b><\/span><\/h3>\n<p><span style=\"font-weight: 400;\">Le Palazzo Parisio sera une autre \u00e9tape de cette visite priv\u00e9e. Vous y d\u00e9couvrirez la splendide architecture baroque sicilienne et ses merveilleux jardins.\u00a0<\/span><\/p>\n<p><span style=\"font-weight: 400;\">Il s&#8217;agit d&#8217;une ancienne r\u00e9sidence d&#8217;\u00e9t\u00e9 initialement construite en 1733. Elle a ensuite \u00e9t\u00e9 remani\u00e9e par le marquis Scicluna entre 1900 et 1907 pour servir de logement temporaire \u00e0 l&#8217;aristocratie.\u00a0<\/span><\/p>\n<p><span style=\"font-weight: 400;\">Ses jardins clos de murs sont pleins de gr\u00e2ce et de charme et ont une glorieuse touche italienne.\u00a0<\/span><\/p>\n<p><span style=\"font-weight: 400;\">L&#8217;int\u00e9rieur du palais est \u00e9galement un spectacle. Si vous y entrez, vous admirerez de pr\u00e8s la salle de bal, la chapelle priv\u00e9e et les salles de banquet pleines de luxe et d&#8217;\u00e9l\u00e9gance tout autour.\u00a0<\/span><\/p>\n<p><span style=\"font-weight: 400;\">Cette <\/span><b>excursion priv\u00e9e \u00e0 Rabat, Mosta, l&#8217;\u00e9glise de Mosta et le Palazzo Parisio depuis n&#8217;importe quelle ville <\/b><span style=\"font-weight: 400;\">vous laissera des souvenirs inoubliables, car il s&#8217;agira d&#8217;une visite historique et culturelle tr\u00e8s compl\u00e8te, confortable et personnalis\u00e9e.\u00a0<\/span><\/p>\n<p><span style=\"font-weight: 400;\">En outre, pour compl\u00e9ter votre voyage \u00e0 Malte, vous pouvez faire une <\/span><b><a href=\"https:\/\/tourtravelandmore.com\/fr\/tours\/malta-fr\/valleta-mdina-fr\/all-private-tours-activities-fr-6\/visite-privee-de-la-valette-vittoriosa-et-mdina-a-partir-de-nimporte-quelle-ville\/\">visite de La Valette et de Vittoriosa et Mdina<\/a>.<\/b><span style=\"font-weight: 400;\"> De cette mani\u00e8re, vous apprendrez \u00e0 conna\u00eetre les villes les plus embl\u00e9matiques de l&#8217;archipel maltais.<\/span><\/p>\n","protected":false},"excerpt":{"rendered":"<p><span style=\"font-weight: 400;\">R\u00e9servez 8 heures pour voir l&#8217;\u00e9glise de Mosta et le Palazzo Parisio, entre autres lieux d&#8217;int\u00e9r\u00eat, lors d&#8217;une <\/span><b>excursion \u00e0 Rabat, Mosta, l&#8217;\u00e9glise de Mosta et le Palazzo Parisio depuis n&#8217;importe quelle ville. Cette <\/b><span style=\"font-weight: 400;\">visite ne se limite pas \u00e0 un simple divertissement, puisque vous partirez avec un guide priv\u00e9, dans une voiture confortable, \u00e0 la d\u00e9couverte de quelques-uns des joyaux cach\u00e9s de Malte.<\/span><\/p>\n","protected":false},"featured_media":115714,"comment_status":"open","ping_status":"closed","template":"","meta":{"_acf_changed":false},"product_brand":[],"product_cat":[3728,3807,4034,4035],"product_tag":[],"class_list":{"0":"post-115696","1":"product","2":"type-product","3":"status-publish","4":"has-post-thumbnail","6":"product_cat-malta-fr","7":"product_cat-valleta-mdina-fr","8":"product_cat-all-private-tours-activities-fr-6","9":"product_cat-private-sightseeing-tours-fr-6","11":"first","12":"instock","13":"shipping-taxable","14":"purchasable","15":"product-type-simple"},"acf":[],"yoast_head":"<!-- This site is optimized with the Yoast SEO Premium plugin v25.3.1 (Yoast SEO v25.3.1) - https:\/\/yoast.com\/wordpress\/plugins\/seo\/ -->\n<title>Visite priv\u00e9e de Rabat et de Mosta, de l&#039;\u00e9glise de Mosta et du Palazzo Parisio \u00e0 partir de n&#039;importe quelle ville, avec guide priv\u00e9 et v\u00e9hicule inclus<\/title>\n<meta name=\"description\" content=\"Explorez la majestueuse ville de Rabat, l&#039;\u00e9glise de Mosta et le Palazzo Parisio lors d&#039;une visite priv\u00e9e de 8 heures avec un guide et une voiture priv\u00e9e\" \/>\n<meta name=\"robots\" content=\"index, follow, max-snippet:-1, max-image-preview:large, max-video-preview:-1\" \/>\n<link rel=\"canonical\" href=\"https:\/\/tourtravelandmore.com\/fr\/tours\/malta-fr\/valleta-mdina-fr\/all-private-tours-activities-fr-6\/visite-privee-de-rabat-mosta-leglise-de-mosta-et-le-palazzo-parisio-a-partir-de-nimporte-quelle-ville\/\" \/>\n<meta property=\"og:locale\" content=\"fr_FR\" \/>\n<meta property=\"og:type\" content=\"article\" \/>\n<meta property=\"og:title\" content=\"Visite priv\u00e9e de Rabat, Mosta, l&#039;\u00e9glise de Mosta et le Palazzo Parisio \u00e0 partir de n&#039;importe quelle ville\" \/>\n<meta property=\"og:description\" content=\"Explorez la majestueuse ville de Rabat, l&#039;\u00e9glise de Mosta et le Palazzo Parisio lors d&#039;une visite priv\u00e9e de 8 heures avec un guide et une voiture priv\u00e9e\" \/>\n<meta property=\"og:url\" content=\"https:\/\/tourtravelandmore.com\/fr\/tours\/malta-fr\/valleta-mdina-fr\/all-private-tours-activities-fr-6\/visite-privee-de-rabat-mosta-leglise-de-mosta-et-le-palazzo-parisio-a-partir-de-nimporte-quelle-ville\/\" \/>\n<meta property=\"og:site_name\" content=\"Tour Travel And More\" \/>\n<meta property=\"article:publisher\" content=\"https:\/\/www.facebook.com\/tourtravelandmore\/\" \/>\n<meta property=\"article:modified_time\" content=\"2022-01-14T09:55:20+00:00\" \/>\n<meta property=\"og:image\" content=\"https:\/\/tourtravelandmore.com\/wp-content\/uploads\/2021\/12\/image3-7.jpg\" \/>\n\t<meta property=\"og:image:width\" content=\"910\" \/>\n\t<meta property=\"og:image:height\" content=\"886\" \/>\n\t<meta property=\"og:image:type\" content=\"image\/jpeg\" \/>\n<meta name=\"twitter:card\" content=\"summary_large_image\" \/>\n<meta name=\"twitter:site\" content=\"@TourTravel_More\" \/>\n<meta name=\"twitter:label1\" content=\"Dur\u00e9e de lecture estim\u00e9e\" \/>\n\t<meta name=\"twitter:data1\" content=\"4 minutes\" \/>\n<script type=\"application\/ld+json\" class=\"yoast-schema-graph\">{\"@context\":\"https:\/\/schema.org\",\"@graph\":[{\"@type\":\"WebPage\",\"@id\":\"https:\/\/tourtravelandmore.com\/fr\/tours\/malta-fr\/valleta-mdina-fr\/all-private-tours-activities-fr-6\/visite-privee-de-rabat-mosta-leglise-de-mosta-et-le-palazzo-parisio-a-partir-de-nimporte-quelle-ville\/\",\"url\":\"https:\/\/tourtravelandmore.com\/fr\/tours\/malta-fr\/valleta-mdina-fr\/all-private-tours-activities-fr-6\/visite-privee-de-rabat-mosta-leglise-de-mosta-et-le-palazzo-parisio-a-partir-de-nimporte-quelle-ville\/\",\"name\":\"Visite priv\u00e9e de Rabat et de Mosta, de l'\u00e9glise de Mosta et du Palazzo Parisio \u00e0 partir de n'importe quelle ville, avec guide priv\u00e9 et v\u00e9hicule inclus\",\"isPartOf\":{\"@id\":\"https:\/\/tourtravelandmore.com\/fr\/#website\"},\"primaryImageOfPage\":{\"@id\":\"https:\/\/tourtravelandmore.com\/fr\/tours\/malta-fr\/valleta-mdina-fr\/all-private-tours-activities-fr-6\/visite-privee-de-rabat-mosta-leglise-de-mosta-et-le-palazzo-parisio-a-partir-de-nimporte-quelle-ville\/#primaryimage\"},\"image\":{\"@id\":\"https:\/\/tourtravelandmore.com\/fr\/tours\/malta-fr\/valleta-mdina-fr\/all-private-tours-activities-fr-6\/visite-privee-de-rabat-mosta-leglise-de-mosta-et-le-palazzo-parisio-a-partir-de-nimporte-quelle-ville\/#primaryimage\"},\"thumbnailUrl\":\"https:\/\/tourtravelandmore.com\/wp-content\/uploads\/2021\/12\/image3-7.jpg\",\"datePublished\":\"2021-12-17T15:46:53+00:00\",\"dateModified\":\"2022-01-14T09:55:20+00:00\",\"description\":\"Explorez la majestueuse ville de Rabat, l'\u00e9glise de Mosta et le Palazzo Parisio lors d'une visite priv\u00e9e de 8 heures avec un guide et une voiture priv\u00e9e\",\"breadcrumb\":{\"@id\":\"https:\/\/tourtravelandmore.com\/fr\/tours\/malta-fr\/valleta-mdina-fr\/all-private-tours-activities-fr-6\/visite-privee-de-rabat-mosta-leglise-de-mosta-et-le-palazzo-parisio-a-partir-de-nimporte-quelle-ville\/#breadcrumb\"},\"inLanguage\":\"fr-FR\",\"potentialAction\":[{\"@type\":\"ReadAction\",\"target\":[\"https:\/\/tourtravelandmore.com\/fr\/tours\/malta-fr\/valleta-mdina-fr\/all-private-tours-activities-fr-6\/visite-privee-de-rabat-mosta-leglise-de-mosta-et-le-palazzo-parisio-a-partir-de-nimporte-quelle-ville\/\"]}]},{\"@type\":\"ImageObject\",\"inLanguage\":\"fr-FR\",\"@id\":\"https:\/\/tourtravelandmore.com\/fr\/tours\/malta-fr\/valleta-mdina-fr\/all-private-tours-activities-fr-6\/visite-privee-de-rabat-mosta-leglise-de-mosta-et-le-palazzo-parisio-a-partir-de-nimporte-quelle-ville\/#primaryimage\",\"url\":\"https:\/\/tourtravelandmore.com\/wp-content\/uploads\/2021\/12\/image3-7.jpg\",\"contentUrl\":\"https:\/\/tourtravelandmore.com\/wp-content\/uploads\/2021\/12\/image3-7.jpg\",\"width\":910,\"height\":886},{\"@type\":\"BreadcrumbList\",\"@id\":\"https:\/\/tourtravelandmore.com\/fr\/tours\/malta-fr\/valleta-mdina-fr\/all-private-tours-activities-fr-6\/visite-privee-de-rabat-mosta-leglise-de-mosta-et-le-palazzo-parisio-a-partir-de-nimporte-quelle-ville\/#breadcrumb\",\"itemListElement\":[{\"@type\":\"ListItem\",\"position\":1,\"name\":\"Home\",\"item\":\"https:\/\/tourtravelandmore.com\/fr\/\"},{\"@type\":\"ListItem\",\"position\":2,\"name\":\"Tours\",\"item\":\"https:\/\/tourtravelandmore.com\/fr\/tours\/\"},{\"@type\":\"ListItem\",\"position\":3,\"name\":\"Visite priv\u00e9e de Rabat, Mosta, l&#8217;\u00e9glise de Mosta et le Palazzo Parisio \u00e0 partir de n&#8217;importe quelle ville\"}]},{\"@type\":\"WebSite\",\"@id\":\"https:\/\/tourtravelandmore.com\/fr\/#website\",\"url\":\"https:\/\/tourtravelandmore.com\/fr\/\",\"name\":\"Tour Travel And More\",\"description\":\"Private sightseeing tours and luxury transfers in Spain\",\"publisher\":{\"@id\":\"https:\/\/tourtravelandmore.com\/fr\/#organization\"},\"potentialAction\":[{\"@type\":\"SearchAction\",\"target\":{\"@type\":\"EntryPoint\",\"urlTemplate\":\"https:\/\/tourtravelandmore.com\/fr\/?s={search_term_string}\"},\"query-input\":{\"@type\":\"PropertyValueSpecification\",\"valueRequired\":true,\"valueName\":\"search_term_string\"}}],\"inLanguage\":\"fr-FR\"},{\"@type\":\"Organization\",\"@id\":\"https:\/\/tourtravelandmore.com\/fr\/#organization\",\"name\":\"Tour Travel And More\",\"url\":\"https:\/\/tourtravelandmore.com\/fr\/\",\"logo\":{\"@type\":\"ImageObject\",\"inLanguage\":\"fr-FR\",\"@id\":\"https:\/\/tourtravelandmore.com\/fr\/#\/schema\/logo\/image\/\",\"url\":\"https:\/\/tourtravelandmore.com\/wp-content\/uploads\/2022\/12\/cropped-logo-cabecera-new.png\",\"contentUrl\":\"https:\/\/tourtravelandmore.com\/wp-content\/uploads\/2022\/12\/cropped-logo-cabecera-new.png\",\"width\":430,\"height\":61,\"caption\":\"Tour Travel And More\"},\"image\":{\"@id\":\"https:\/\/tourtravelandmore.com\/fr\/#\/schema\/logo\/image\/\"},\"sameAs\":[\"https:\/\/www.facebook.com\/tourtravelandmore\/\",\"https:\/\/x.com\/TourTravel_More\"]}]}<\/script>\n<!-- \/ Yoast SEO Premium plugin. -->","yoast_head_json":{"title":"Visite priv\u00e9e de Rabat et de Mosta, de l'\u00e9glise de Mosta et du Palazzo Parisio \u00e0 partir de n'importe quelle ville, avec guide priv\u00e9 et v\u00e9hicule inclus","description":"Explorez la majestueuse ville de Rabat, l'\u00e9glise de Mosta et le Palazzo Parisio lors d'une visite priv\u00e9e de 8 heures avec un guide et une voiture priv\u00e9e","robots":{"index":"index","follow":"follow","max-snippet":"max-snippet:-1","max-image-preview":"max-image-preview:large","max-video-preview":"max-video-preview:-1"},"canonical":"https:\/\/tourtravelandmore.com\/fr\/tours\/malta-fr\/valleta-mdina-fr\/all-private-tours-activities-fr-6\/visite-privee-de-rabat-mosta-leglise-de-mosta-et-le-palazzo-parisio-a-partir-de-nimporte-quelle-ville\/","og_locale":"fr_FR","og_type":"article","og_title":"Visite priv\u00e9e de Rabat, Mosta, l'\u00e9glise de Mosta et le Palazzo Parisio \u00e0 partir de n'importe quelle ville","og_description":"Explorez la majestueuse ville de Rabat, l'\u00e9glise de Mosta et le Palazzo Parisio lors d'une visite priv\u00e9e de 8 heures avec un guide et une voiture priv\u00e9e","og_url":"https:\/\/tourtravelandmore.com\/fr\/tours\/malta-fr\/valleta-mdina-fr\/all-private-tours-activities-fr-6\/visite-privee-de-rabat-mosta-leglise-de-mosta-et-le-palazzo-parisio-a-partir-de-nimporte-quelle-ville\/","og_site_name":"Tour Travel And More","article_publisher":"https:\/\/www.facebook.com\/tourtravelandmore\/","article_modified_time":"2022-01-14T09:55:20+00:00","og_image":[{"width":910,"height":886,"url":"https:\/\/tourtravelandmore.com\/wp-content\/uploads\/2021\/12\/image3-7.jpg","type":"image\/jpeg"}],"twitter_card":"summary_large_image","twitter_site":"@TourTravel_More","twitter_misc":{"Dur\u00e9e de lecture estim\u00e9e":"4 minutes"},"schema":{"@context":"https:\/\/schema.org","@graph":[{"@type":"WebPage","@id":"https:\/\/tourtravelandmore.com\/fr\/tours\/malta-fr\/valleta-mdina-fr\/all-private-tours-activities-fr-6\/visite-privee-de-rabat-mosta-leglise-de-mosta-et-le-palazzo-parisio-a-partir-de-nimporte-quelle-ville\/","url":"https:\/\/tourtravelandmore.com\/fr\/tours\/malta-fr\/valleta-mdina-fr\/all-private-tours-activities-fr-6\/visite-privee-de-rabat-mosta-leglise-de-mosta-et-le-palazzo-parisio-a-partir-de-nimporte-quelle-ville\/","name":"Visite priv\u00e9e de Rabat et de Mosta, de l'\u00e9glise de Mosta et du Palazzo Parisio \u00e0 partir de n'importe quelle ville, avec guide priv\u00e9 et v\u00e9hicule inclus","isPartOf":{"@id":"https:\/\/tourtravelandmore.com\/fr\/#website"},"primaryImageOfPage":{"@id":"https:\/\/tourtravelandmore.com\/fr\/tours\/malta-fr\/valleta-mdina-fr\/all-private-tours-activities-fr-6\/visite-privee-de-rabat-mosta-leglise-de-mosta-et-le-palazzo-parisio-a-partir-de-nimporte-quelle-ville\/#primaryimage"},"image":{"@id":"https:\/\/tourtravelandmore.com\/fr\/tours\/malta-fr\/valleta-mdina-fr\/all-private-tours-activities-fr-6\/visite-privee-de-rabat-mosta-leglise-de-mosta-et-le-palazzo-parisio-a-partir-de-nimporte-quelle-ville\/#primaryimage"},"thumbnailUrl":"https:\/\/tourtravelandmore.com\/wp-content\/uploads\/2021\/12\/image3-7.jpg","datePublished":"2021-12-17T15:46:53+00:00","dateModified":"2022-01-14T09:55:20+00:00","description":"Explorez la majestueuse ville de Rabat, l'\u00e9glise de Mosta et le Palazzo Parisio lors d'une visite priv\u00e9e de 8 heures avec un guide et une voiture priv\u00e9e","breadcrumb":{"@id":"https:\/\/tourtravelandmore.com\/fr\/tours\/malta-fr\/valleta-mdina-fr\/all-private-tours-activities-fr-6\/visite-privee-de-rabat-mosta-leglise-de-mosta-et-le-palazzo-parisio-a-partir-de-nimporte-quelle-ville\/#breadcrumb"},"inLanguage":"fr-FR","potentialAction":[{"@type":"ReadAction","target":["https:\/\/tourtravelandmore.com\/fr\/tours\/malta-fr\/valleta-mdina-fr\/all-private-tours-activities-fr-6\/visite-privee-de-rabat-mosta-leglise-de-mosta-et-le-palazzo-parisio-a-partir-de-nimporte-quelle-ville\/"]}]},{"@type":"ImageObject","inLanguage":"fr-FR","@id":"https:\/\/tourtravelandmore.com\/fr\/tours\/malta-fr\/valleta-mdina-fr\/all-private-tours-activities-fr-6\/visite-privee-de-rabat-mosta-leglise-de-mosta-et-le-palazzo-parisio-a-partir-de-nimporte-quelle-ville\/#primaryimage","url":"https:\/\/tourtravelandmore.com\/wp-content\/uploads\/2021\/12\/image3-7.jpg","contentUrl":"https:\/\/tourtravelandmore.com\/wp-content\/uploads\/2021\/12\/image3-7.jpg","width":910,"height":886},{"@type":"BreadcrumbList","@id":"https:\/\/tourtravelandmore.com\/fr\/tours\/malta-fr\/valleta-mdina-fr\/all-private-tours-activities-fr-6\/visite-privee-de-rabat-mosta-leglise-de-mosta-et-le-palazzo-parisio-a-partir-de-nimporte-quelle-ville\/#breadcrumb","itemListElement":[{"@type":"ListItem","position":1,"name":"Home","item":"https:\/\/tourtravelandmore.com\/fr\/"},{"@type":"ListItem","position":2,"name":"Tours","item":"https:\/\/tourtravelandmore.com\/fr\/tours\/"},{"@type":"ListItem","position":3,"name":"Visite priv\u00e9e de Rabat, Mosta, l&#8217;\u00e9glise de Mosta et le Palazzo Parisio \u00e0 partir de n&#8217;importe quelle ville"}]},{"@type":"WebSite","@id":"https:\/\/tourtravelandmore.com\/fr\/#website","url":"https:\/\/tourtravelandmore.com\/fr\/","name":"Tour Travel And More","description":"Private sightseeing tours and luxury transfers in Spain","publisher":{"@id":"https:\/\/tourtravelandmore.com\/fr\/#organization"},"potentialAction":[{"@type":"SearchAction","target":{"@type":"EntryPoint","urlTemplate":"https:\/\/tourtravelandmore.com\/fr\/?s={search_term_string}"},"query-input":{"@type":"PropertyValueSpecification","valueRequired":true,"valueName":"search_term_string"}}],"inLanguage":"fr-FR"},{"@type":"Organization","@id":"https:\/\/tourtravelandmore.com\/fr\/#organization","name":"Tour Travel And More","url":"https:\/\/tourtravelandmore.com\/fr\/","logo":{"@type":"ImageObject","inLanguage":"fr-FR","@id":"https:\/\/tourtravelandmore.com\/fr\/#\/schema\/logo\/image\/","url":"https:\/\/tourtravelandmore.com\/wp-content\/uploads\/2022\/12\/cropped-logo-cabecera-new.png","contentUrl":"https:\/\/tourtravelandmore.com\/wp-content\/uploads\/2022\/12\/cropped-logo-cabecera-new.png","width":430,"height":61,"caption":"Tour Travel And More"},"image":{"@id":"https:\/\/tourtravelandmore.com\/fr\/#\/schema\/logo\/image\/"},"sameAs":["https:\/\/www.facebook.com\/tourtravelandmore\/","https:\/\/x.com\/TourTravel_More"]}]}},"_links":{"self":[{"href":"https:\/\/tourtravelandmore.com\/fr\/wp-json\/wp\/v2\/product\/115696","targetHints":{"allow":["GET"]}}],"collection":[{"href":"https:\/\/tourtravelandmore.com\/fr\/wp-json\/wp\/v2\/product"}],"about":[{"href":"https:\/\/tourtravelandmore.com\/fr\/wp-json\/wp\/v2\/types\/product"}],"replies":[{"embeddable":true,"href":"https:\/\/tourtravelandmore.com\/fr\/wp-json\/wp\/v2\/comments?post=115696"}],"wp:featuredmedia":[{"embeddable":true,"href":"https:\/\/tourtravelandmore.com\/fr\/wp-json\/wp\/v2\/media\/115714"}],"wp:attachment":[{"href":"https:\/\/tourtravelandmore.com\/fr\/wp-json\/wp\/v2\/media?parent=115696"}],"wp:term":[{"taxonomy":"product_brand","embeddable":true,"href":"https:\/\/tourtravelandmore.com\/fr\/wp-json\/wp\/v2\/product_brand?post=115696"},{"taxonomy":"product_cat","embeddable":true,"href":"https:\/\/tourtravelandmore.com\/fr\/wp-json\/wp\/v2\/product_cat?post=115696"},{"taxonomy":"product_tag","embeddable":true,"href":"https:\/\/tourtravelandmore.com\/fr\/wp-json\/wp\/v2\/product_tag?post=115696"}],"curies":[{"name":"wp","href":"https:\/\/api.w.org\/{rel}","templated":true}]}}