{"id":115650,"date":"2021-12-17T15:48:28","date_gmt":"2021-12-17T14:48:39","guid":{"rendered":"https:\/\/tourtravelandmore.com\/?post_type=product&#038;p=115650"},"modified":"2022-01-14T11:09:05","modified_gmt":"2022-01-14T10:09:05","slug":"vittoriosa-et-la-valette-visite-a-pied","status":"publish","type":"product","link":"https:\/\/tourtravelandmore.com\/fr\/tours\/malta-fr\/valleta-mdina-fr\/all-private-tours-activities-fr-6\/vittoriosa-et-la-valette-visite-a-pied\/","title":{"rendered":"Priv\u00e9e Visite \u00e0 pied Vittoriosa et La Valette (Un voyage \u00e0 travers l&#8217;histoire des chevaliers)"},"content":{"rendered":"<h2><b>Description<\/b><\/h2>\n<p><span style=\"font-weight: 400;\">Malte offre de nombreuses choses \u00e0 voir et \u00e0 apprendre, notamment d&#8217;incroyables b\u00e2timents et monuments de l&#8217;Europe baroque.\u00a0<\/span><\/p>\n<p><span style=\"font-weight: 400;\">Parmi les points forts \u00e0 explorer, citons Vittoriosa et La Valette, deux villes qui abritent les <\/span><b>grandes histoires des Chevaliers de Saint-Jean<\/b><span style=\"font-weight: 400;\">, aujourd&#8217;hui connus sous le nom de Chevaliers de l&#8217;Ordre de Malte.\u00a0<\/span><\/p>\n<p><span style=\"font-weight: 400;\">Dans cette <\/span><b>visite \u00e0 pied exclusive de Vittoriosa et de La Valette, <\/b><span style=\"font-weight: 400;\">vous serez accompagn\u00e9 d&#8217;un guide priv\u00e9, qui vous fera d\u00e9couvrir les lieux les plus attrayants de ces deux villes majestueuses \u00e0 travers un parcours historique et culturel.\u00a0<\/span><\/p>\n<p><span style=\"font-weight: 400;\">\u00c0 Vittoriosa, vous apprendrez \u00e0 conna\u00eetre les rues et les lieux o\u00f9 les chevaliers de Saint-Jean se sont install\u00e9s apr\u00e8s leur arriv\u00e9e en 1530.\u00a0<\/span><\/p>\n<p><span style=\"font-weight: 400;\">Cette ville a r\u00e9ussi \u00e0 conserver son caract\u00e8re original au fil des ans. En <\/span><b>la visitant, vous aurez l&#8217;impression de vous trouver dans un mus\u00e9e en plein air.\u00a0<\/b><\/p>\n<p><span style=\"font-weight: 400;\">En outre, dans cette ville portuaire particuli\u00e8re, vous pourrez explorer ses murs, ses quais et ses b\u00e2timents embl\u00e9matiques, tels que les Forti Rikazoli. Une structure imposante qui a \u00e9t\u00e9 utilis\u00e9e pour le tournage de <\/span><b>films<\/b><span style=\"font-weight: 400;\"> incroyables tels que <\/span><b>Troie et Gladiator.\u00a0<\/b><\/p>\n<p><span style=\"font-weight: 400;\">Vous visiterez ensuite la ville historique de La Valette. C&#8217;est la capitale actuelle de la R\u00e9publique de Malte, construite par les Chevaliers de Saint-Jean en 1566.<\/span><\/p>\n<p><span style=\"font-weight: 400;\">Une fois dans ses rues, vous vous perdrez dans le charme de ses b\u00e2timents qui pr\u00e9servent l&#8217;architecture d&#8217;une autre \u00e9poque. Il y a de quoi \u00eatre admiratif.\u00a0<\/span><\/p>\n<p><span style=\"font-weight: 400;\">Il s&#8217;agira d&#8217;une visite \u00e0 pied accompagn\u00e9e d&#8217;un guide priv\u00e9 pour vous faire d\u00e9couvrir toute l&#8217;histoire de Vittoriosa et de La Valette. La visite est planifi\u00e9e de mani\u00e8re personnalis\u00e9e afin de la rendre totalement inoubliable.\u00a0<\/span><\/p>\n<h2><b>Points d&#8217;int\u00e9r\u00eat\u00a0<\/b><\/h2>\n<p><span style=\"font-weight: 400;\">L&#8217;histoire, l&#8217;art, la magie et beaucoup de culture, voil\u00e0 ce que vous d\u00e9couvrirez lors de notre visite \u00e0 pied des villes des chevaliers : Vittoriosa et Valletta.\u00a0<\/span><\/p>\n<h3><span style=\"color: #d3af37;\"><b>Vittoriosa<\/b><\/span><\/h3>\n<p><span style=\"font-weight: 400;\">La visite commence par un rendez-vous \u00e0 un point central pour commencer la visite \u00e0 pied de la magnifique Vittoriosa.\u00a0<\/span><\/p>\n<p><span style=\"font-weight: 400;\">Le guide priv\u00e9 sera charg\u00e9 de vous donner tous les faits et informations sur la ville qui a servi de forteresse aux Chevaliers de Saint-Jean depuis 1530, et o\u00f9 ils ont endur\u00e9 le &#8220;grand si\u00e8ge&#8221; des Ottomans.\u00a0<\/span><\/p>\n<p><span style=\"font-weight: 400;\">Aucun point d&#8217;int\u00e9r\u00eat ne sera laiss\u00e9 de c\u00f4t\u00e9. En effet, nous vous emm\u00e8nerons \u00e0 l&#8217;\u00e9glise de Santa Teresa de Jesus, qui est une construction majestueuse situ\u00e9e dans l&#8217;enceinte ext\u00e9rieure.\u00a0<\/span><\/p>\n<p><span style=\"font-weight: 400;\">Vous verrez \u00e9galement le Fort St Angelo. Cet \u00e9difice fut un point cl\u00e9 de la r\u00e9sistance de l&#8217;ordre des chevaliers contre les Ottomans, et auquel ils doivent une partie de leur victoire.\u00a0<\/span><\/p>\n<p><span style=\"font-weight: 400;\">Outre ces sites saisissants, vous explorerez le Palais de l&#8217;Inquisiteur ou le Palais Sacr\u00e9, dont nous savons qu&#8217;il vous \u00e9tonnera par l&#8217;histoire de la torture et des inquisitions qui se cache derri\u00e8re ses murs. En outre, il s&#8217;agit de l&#8217;un des rares palais de l&#8217;Inquisition encore debout en Europe.\u00a0<\/span><\/p>\n<p><span style=\"font-weight: 400;\">Vous visiterez \u00e9galement le mus\u00e9e maritime de Malte, la marina de Birgu, le mus\u00e9e de Malte en guerre, parmi de nombreux autres points d&#8217;int\u00e9r\u00eat.<\/span><\/p>\n<h3><span style=\"color: #d3af37;\"><b>La Valette<\/b><\/span><\/h3>\n<p><span style=\"font-weight: 400;\">L&#8217;actuelle capitale de Malte vous fera tomber amoureux d&#8217;elle d\u00e8s votre arriv\u00e9e. Bien qu&#8217;il s&#8217;agisse d&#8217;une ville relativement petite, elle reste tr\u00e8s attrayante.\u00a0<\/span><\/p>\n<p><span style=\"font-weight: 400;\">Son histoire est fascinante, puisqu&#8217;il a \u00e9t\u00e9 construit sur ordre des Chevaliers de Saint-Jean en l&#8217;honneur de leur Grand Ma\u00eetre Pean Parisot de la Valletta.\u00a0<\/span><\/p>\n<p><span style=\"font-weight: 400;\">Ses rues et ses vieux b\u00e2timents sont dignes des photos de cartes postales.\u00a0<\/span><\/p>\n<p><span style=\"font-weight: 400;\">Avec votre guide priv\u00e9, vous vous prom\u00e8nerez pr\u00e8s du nouveau Parlement, de l&#8217;auberge Castille e Italia, de la place Saint-Georges, du palais Ferreira, du palais du Grand Ma\u00eetre, de la porte de la ville et de nombreux autres points d&#8217;int\u00e9r\u00eat historiques et culturels.\u00a0<\/span><\/p>\n<p><span style=\"font-weight: 400;\">Vous partirez toujours avec un guide expert en art et en histoire afin de ne manquer aucun d\u00e9tail de la visite de cette belle ville portuaire. Ainsi, vous comprendrez la raison pour laquelle la ville est d\u00e9crite par l&#8217;UNESCO comme un grand mus\u00e9e sur les quatre c\u00f4t\u00e9s.\u00a0<\/span><\/p>\n<p><span style=\"font-weight: 400;\">Tout ce que vous avez \u00e0 faire est de vous d\u00e9tendre et de laisser la magie de Vittoriosa et de La Valette vous envelopper compl\u00e8tement.\u00a0<\/span><\/p>\n<p><span style=\"font-weight: 400;\">Si vous souhaitez une visite plus approfondie de l&#8217;histoire de Malte, vous pouvez compl\u00e9ter votre circuit par notre <\/span><b>visite de la Seconde Guerre mondiale en visitant les salles de guerre et le mus\u00e9e de la guerre (4 heures) depuis n&#8217;importe quelle ville<\/b><span style=\"font-weight: 400;\">. De cette fa\u00e7on, vous apprendrez le r\u00f4le de Malte dans ce moment historique de l&#8217;humanit\u00e9.\u00a0<\/span><\/p>\n","protected":false},"excerpt":{"rendered":"<p><span style=\"font-weight: 400;\">Apprenez \u00e0 conna\u00eetre toute l&#8217;histoire des villes des chevaliers. Lors de cette <\/span><b>visite \u00e0 pied personnalis\u00e9e de Vittoriosa et de La Valette, vous <\/b><span style=\"font-weight: 400;\">pourrez admirer ses rues historiques, ainsi que ses murs et ses incroyables b\u00e2timents tels que les Forti Rikazoli, le Fort St Angelo et bien d&#8217;autres lieux d&#8217;int\u00e9r\u00eat. Pendant la visite, vous serez accompagn\u00e9 d&#8217;un guide priv\u00e9 afin de ne manquer aucun d\u00e9tail \u00e0 d\u00e9couvrir.<\/span><\/p>\n","protected":false},"featured_media":115665,"comment_status":"open","ping_status":"closed","template":"","meta":{"_acf_changed":false},"product_brand":[],"product_cat":[3728,3807,4034,4035,4039],"product_tag":[],"class_list":{"0":"post-115650","1":"product","2":"type-product","3":"status-publish","4":"has-post-thumbnail","6":"product_cat-malta-fr","7":"product_cat-valleta-mdina-fr","8":"product_cat-all-private-tours-activities-fr-6","9":"product_cat-private-sightseeing-tours-fr-6","10":"product_cat-private-walking-tours-fr-3","12":"first","13":"instock","14":"shipping-taxable","15":"purchasable","16":"product-type-simple"},"acf":[],"yoast_head":"<!-- This site is optimized with the Yoast SEO Premium plugin v25.3.1 (Yoast SEO v25.3.1) - https:\/\/yoast.com\/wordpress\/plugins\/seo\/ -->\n<title>Visite \u00e0 pied de Vittoriosa et de La Valette avec un guide priv\u00e9<\/title>\n<meta name=\"description\" content=\"Avez-vous d\u00e9j\u00e0 visit\u00e9 les villes des chevaliers \u00e0 Malte ? Prenez 4 heures pour une splendide visite \u00e0 pied de Vittoriosa et de La Valette avec un guide priv\u00e9 inclus.\" \/>\n<meta name=\"robots\" content=\"index, follow, max-snippet:-1, max-image-preview:large, max-video-preview:-1\" \/>\n<link rel=\"canonical\" href=\"https:\/\/tourtravelandmore.com\/fr\/tours\/malta-fr\/valleta-mdina-fr\/all-private-tours-activities-fr-6\/vittoriosa-et-la-valette-visite-a-pied\/\" \/>\n<meta property=\"og:locale\" content=\"fr_FR\" \/>\n<meta property=\"og:type\" content=\"article\" \/>\n<meta property=\"og:title\" content=\"Priv\u00e9e Visite \u00e0 pied Vittoriosa et La Valette (Un voyage \u00e0 travers l&#039;histoire des chevaliers)\" \/>\n<meta property=\"og:description\" content=\"Avez-vous d\u00e9j\u00e0 visit\u00e9 les villes des chevaliers \u00e0 Malte ? Prenez 4 heures pour une splendide visite \u00e0 pied de Vittoriosa et de La Valette avec un guide priv\u00e9 inclus.\" \/>\n<meta property=\"og:url\" content=\"https:\/\/tourtravelandmore.com\/fr\/tours\/malta-fr\/valleta-mdina-fr\/all-private-tours-activities-fr-6\/vittoriosa-et-la-valette-visite-a-pied\/\" \/>\n<meta property=\"og:site_name\" content=\"Tour Travel And More\" \/>\n<meta property=\"article:publisher\" content=\"https:\/\/www.facebook.com\/tourtravelandmore\/\" \/>\n<meta property=\"article:modified_time\" content=\"2022-01-14T10:09:05+00:00\" \/>\n<meta property=\"og:image\" content=\"https:\/\/tourtravelandmore.com\/wp-content\/uploads\/2021\/12\/image3-6.jpg\" \/>\n\t<meta property=\"og:image:width\" content=\"910\" \/>\n\t<meta property=\"og:image:height\" content=\"607\" \/>\n\t<meta property=\"og:image:type\" content=\"image\/jpeg\" \/>\n<meta name=\"twitter:card\" content=\"summary_large_image\" \/>\n<meta name=\"twitter:site\" content=\"@TourTravel_More\" \/>\n<meta name=\"twitter:label1\" content=\"Dur\u00e9e de lecture estim\u00e9e\" \/>\n\t<meta name=\"twitter:data1\" content=\"4 minutes\" \/>\n<script type=\"application\/ld+json\" class=\"yoast-schema-graph\">{\"@context\":\"https:\/\/schema.org\",\"@graph\":[{\"@type\":\"WebPage\",\"@id\":\"https:\/\/tourtravelandmore.com\/fr\/tours\/malta-fr\/valleta-mdina-fr\/all-private-tours-activities-fr-6\/vittoriosa-et-la-valette-visite-a-pied\/\",\"url\":\"https:\/\/tourtravelandmore.com\/fr\/tours\/malta-fr\/valleta-mdina-fr\/all-private-tours-activities-fr-6\/vittoriosa-et-la-valette-visite-a-pied\/\",\"name\":\"Visite \u00e0 pied de Vittoriosa et de La Valette avec un guide priv\u00e9\",\"isPartOf\":{\"@id\":\"https:\/\/tourtravelandmore.com\/fr\/#website\"},\"primaryImageOfPage\":{\"@id\":\"https:\/\/tourtravelandmore.com\/fr\/tours\/malta-fr\/valleta-mdina-fr\/all-private-tours-activities-fr-6\/vittoriosa-et-la-valette-visite-a-pied\/#primaryimage\"},\"image\":{\"@id\":\"https:\/\/tourtravelandmore.com\/fr\/tours\/malta-fr\/valleta-mdina-fr\/all-private-tours-activities-fr-6\/vittoriosa-et-la-valette-visite-a-pied\/#primaryimage\"},\"thumbnailUrl\":\"https:\/\/tourtravelandmore.com\/wp-content\/uploads\/2021\/12\/image3-6.jpg\",\"datePublished\":\"2021-12-17T14:48:39+00:00\",\"dateModified\":\"2022-01-14T10:09:05+00:00\",\"description\":\"Avez-vous d\u00e9j\u00e0 visit\u00e9 les villes des chevaliers \u00e0 Malte ? Prenez 4 heures pour une splendide visite \u00e0 pied de Vittoriosa et de La Valette avec un guide priv\u00e9 inclus.\",\"breadcrumb\":{\"@id\":\"https:\/\/tourtravelandmore.com\/fr\/tours\/malta-fr\/valleta-mdina-fr\/all-private-tours-activities-fr-6\/vittoriosa-et-la-valette-visite-a-pied\/#breadcrumb\"},\"inLanguage\":\"fr-FR\",\"potentialAction\":[{\"@type\":\"ReadAction\",\"target\":[\"https:\/\/tourtravelandmore.com\/fr\/tours\/malta-fr\/valleta-mdina-fr\/all-private-tours-activities-fr-6\/vittoriosa-et-la-valette-visite-a-pied\/\"]}]},{\"@type\":\"ImageObject\",\"inLanguage\":\"fr-FR\",\"@id\":\"https:\/\/tourtravelandmore.com\/fr\/tours\/malta-fr\/valleta-mdina-fr\/all-private-tours-activities-fr-6\/vittoriosa-et-la-valette-visite-a-pied\/#primaryimage\",\"url\":\"https:\/\/tourtravelandmore.com\/wp-content\/uploads\/2021\/12\/image3-6.jpg\",\"contentUrl\":\"https:\/\/tourtravelandmore.com\/wp-content\/uploads\/2021\/12\/image3-6.jpg\",\"width\":910,\"height\":607},{\"@type\":\"BreadcrumbList\",\"@id\":\"https:\/\/tourtravelandmore.com\/fr\/tours\/malta-fr\/valleta-mdina-fr\/all-private-tours-activities-fr-6\/vittoriosa-et-la-valette-visite-a-pied\/#breadcrumb\",\"itemListElement\":[{\"@type\":\"ListItem\",\"position\":1,\"name\":\"Home\",\"item\":\"https:\/\/tourtravelandmore.com\/fr\/\"},{\"@type\":\"ListItem\",\"position\":2,\"name\":\"Tours\",\"item\":\"https:\/\/tourtravelandmore.com\/fr\/tours\/\"},{\"@type\":\"ListItem\",\"position\":3,\"name\":\"Priv\u00e9e Visite \u00e0 pied Vittoriosa et La Valette (Un voyage \u00e0 travers l&rsquo;histoire des chevaliers)\"}]},{\"@type\":\"WebSite\",\"@id\":\"https:\/\/tourtravelandmore.com\/fr\/#website\",\"url\":\"https:\/\/tourtravelandmore.com\/fr\/\",\"name\":\"Tour Travel And More\",\"description\":\"Private sightseeing tours and luxury transfers in Spain\",\"publisher\":{\"@id\":\"https:\/\/tourtravelandmore.com\/fr\/#organization\"},\"potentialAction\":[{\"@type\":\"SearchAction\",\"target\":{\"@type\":\"EntryPoint\",\"urlTemplate\":\"https:\/\/tourtravelandmore.com\/fr\/?s={search_term_string}\"},\"query-input\":{\"@type\":\"PropertyValueSpecification\",\"valueRequired\":true,\"valueName\":\"search_term_string\"}}],\"inLanguage\":\"fr-FR\"},{\"@type\":\"Organization\",\"@id\":\"https:\/\/tourtravelandmore.com\/fr\/#organization\",\"name\":\"Tour Travel And More\",\"url\":\"https:\/\/tourtravelandmore.com\/fr\/\",\"logo\":{\"@type\":\"ImageObject\",\"inLanguage\":\"fr-FR\",\"@id\":\"https:\/\/tourtravelandmore.com\/fr\/#\/schema\/logo\/image\/\",\"url\":\"https:\/\/tourtravelandmore.com\/wp-content\/uploads\/2022\/12\/cropped-logo-cabecera-new.png\",\"contentUrl\":\"https:\/\/tourtravelandmore.com\/wp-content\/uploads\/2022\/12\/cropped-logo-cabecera-new.png\",\"width\":430,\"height\":61,\"caption\":\"Tour Travel And More\"},\"image\":{\"@id\":\"https:\/\/tourtravelandmore.com\/fr\/#\/schema\/logo\/image\/\"},\"sameAs\":[\"https:\/\/www.facebook.com\/tourtravelandmore\/\",\"https:\/\/x.com\/TourTravel_More\"]}]}<\/script>\n<!-- \/ Yoast SEO Premium plugin. -->","yoast_head_json":{"title":"Visite \u00e0 pied de Vittoriosa et de La Valette avec un guide priv\u00e9","description":"Avez-vous d\u00e9j\u00e0 visit\u00e9 les villes des chevaliers \u00e0 Malte ? Prenez 4 heures pour une splendide visite \u00e0 pied de Vittoriosa et de La Valette avec un guide priv\u00e9 inclus.","robots":{"index":"index","follow":"follow","max-snippet":"max-snippet:-1","max-image-preview":"max-image-preview:large","max-video-preview":"max-video-preview:-1"},"canonical":"https:\/\/tourtravelandmore.com\/fr\/tours\/malta-fr\/valleta-mdina-fr\/all-private-tours-activities-fr-6\/vittoriosa-et-la-valette-visite-a-pied\/","og_locale":"fr_FR","og_type":"article","og_title":"Priv\u00e9e Visite \u00e0 pied Vittoriosa et La Valette (Un voyage \u00e0 travers l'histoire des chevaliers)","og_description":"Avez-vous d\u00e9j\u00e0 visit\u00e9 les villes des chevaliers \u00e0 Malte ? Prenez 4 heures pour une splendide visite \u00e0 pied de Vittoriosa et de La Valette avec un guide priv\u00e9 inclus.","og_url":"https:\/\/tourtravelandmore.com\/fr\/tours\/malta-fr\/valleta-mdina-fr\/all-private-tours-activities-fr-6\/vittoriosa-et-la-valette-visite-a-pied\/","og_site_name":"Tour Travel And More","article_publisher":"https:\/\/www.facebook.com\/tourtravelandmore\/","article_modified_time":"2022-01-14T10:09:05+00:00","og_image":[{"width":910,"height":607,"url":"https:\/\/tourtravelandmore.com\/wp-content\/uploads\/2021\/12\/image3-6.jpg","type":"image\/jpeg"}],"twitter_card":"summary_large_image","twitter_site":"@TourTravel_More","twitter_misc":{"Dur\u00e9e de lecture estim\u00e9e":"4 minutes"},"schema":{"@context":"https:\/\/schema.org","@graph":[{"@type":"WebPage","@id":"https:\/\/tourtravelandmore.com\/fr\/tours\/malta-fr\/valleta-mdina-fr\/all-private-tours-activities-fr-6\/vittoriosa-et-la-valette-visite-a-pied\/","url":"https:\/\/tourtravelandmore.com\/fr\/tours\/malta-fr\/valleta-mdina-fr\/all-private-tours-activities-fr-6\/vittoriosa-et-la-valette-visite-a-pied\/","name":"Visite \u00e0 pied de Vittoriosa et de La Valette avec un guide priv\u00e9","isPartOf":{"@id":"https:\/\/tourtravelandmore.com\/fr\/#website"},"primaryImageOfPage":{"@id":"https:\/\/tourtravelandmore.com\/fr\/tours\/malta-fr\/valleta-mdina-fr\/all-private-tours-activities-fr-6\/vittoriosa-et-la-valette-visite-a-pied\/#primaryimage"},"image":{"@id":"https:\/\/tourtravelandmore.com\/fr\/tours\/malta-fr\/valleta-mdina-fr\/all-private-tours-activities-fr-6\/vittoriosa-et-la-valette-visite-a-pied\/#primaryimage"},"thumbnailUrl":"https:\/\/tourtravelandmore.com\/wp-content\/uploads\/2021\/12\/image3-6.jpg","datePublished":"2021-12-17T14:48:39+00:00","dateModified":"2022-01-14T10:09:05+00:00","description":"Avez-vous d\u00e9j\u00e0 visit\u00e9 les villes des chevaliers \u00e0 Malte ? Prenez 4 heures pour une splendide visite \u00e0 pied de Vittoriosa et de La Valette avec un guide priv\u00e9 inclus.","breadcrumb":{"@id":"https:\/\/tourtravelandmore.com\/fr\/tours\/malta-fr\/valleta-mdina-fr\/all-private-tours-activities-fr-6\/vittoriosa-et-la-valette-visite-a-pied\/#breadcrumb"},"inLanguage":"fr-FR","potentialAction":[{"@type":"ReadAction","target":["https:\/\/tourtravelandmore.com\/fr\/tours\/malta-fr\/valleta-mdina-fr\/all-private-tours-activities-fr-6\/vittoriosa-et-la-valette-visite-a-pied\/"]}]},{"@type":"ImageObject","inLanguage":"fr-FR","@id":"https:\/\/tourtravelandmore.com\/fr\/tours\/malta-fr\/valleta-mdina-fr\/all-private-tours-activities-fr-6\/vittoriosa-et-la-valette-visite-a-pied\/#primaryimage","url":"https:\/\/tourtravelandmore.com\/wp-content\/uploads\/2021\/12\/image3-6.jpg","contentUrl":"https:\/\/tourtravelandmore.com\/wp-content\/uploads\/2021\/12\/image3-6.jpg","width":910,"height":607},{"@type":"BreadcrumbList","@id":"https:\/\/tourtravelandmore.com\/fr\/tours\/malta-fr\/valleta-mdina-fr\/all-private-tours-activities-fr-6\/vittoriosa-et-la-valette-visite-a-pied\/#breadcrumb","itemListElement":[{"@type":"ListItem","position":1,"name":"Home","item":"https:\/\/tourtravelandmore.com\/fr\/"},{"@type":"ListItem","position":2,"name":"Tours","item":"https:\/\/tourtravelandmore.com\/fr\/tours\/"},{"@type":"ListItem","position":3,"name":"Priv\u00e9e Visite \u00e0 pied Vittoriosa et La Valette (Un voyage \u00e0 travers l&rsquo;histoire des chevaliers)"}]},{"@type":"WebSite","@id":"https:\/\/tourtravelandmore.com\/fr\/#website","url":"https:\/\/tourtravelandmore.com\/fr\/","name":"Tour Travel And More","description":"Private sightseeing tours and luxury transfers in Spain","publisher":{"@id":"https:\/\/tourtravelandmore.com\/fr\/#organization"},"potentialAction":[{"@type":"SearchAction","target":{"@type":"EntryPoint","urlTemplate":"https:\/\/tourtravelandmore.com\/fr\/?s={search_term_string}"},"query-input":{"@type":"PropertyValueSpecification","valueRequired":true,"valueName":"search_term_string"}}],"inLanguage":"fr-FR"},{"@type":"Organization","@id":"https:\/\/tourtravelandmore.com\/fr\/#organization","name":"Tour Travel And More","url":"https:\/\/tourtravelandmore.com\/fr\/","logo":{"@type":"ImageObject","inLanguage":"fr-FR","@id":"https:\/\/tourtravelandmore.com\/fr\/#\/schema\/logo\/image\/","url":"https:\/\/tourtravelandmore.com\/wp-content\/uploads\/2022\/12\/cropped-logo-cabecera-new.png","contentUrl":"https:\/\/tourtravelandmore.com\/wp-content\/uploads\/2022\/12\/cropped-logo-cabecera-new.png","width":430,"height":61,"caption":"Tour Travel And More"},"image":{"@id":"https:\/\/tourtravelandmore.com\/fr\/#\/schema\/logo\/image\/"},"sameAs":["https:\/\/www.facebook.com\/tourtravelandmore\/","https:\/\/x.com\/TourTravel_More"]}]}},"_links":{"self":[{"href":"https:\/\/tourtravelandmore.com\/fr\/wp-json\/wp\/v2\/product\/115650","targetHints":{"allow":["GET"]}}],"collection":[{"href":"https:\/\/tourtravelandmore.com\/fr\/wp-json\/wp\/v2\/product"}],"about":[{"href":"https:\/\/tourtravelandmore.com\/fr\/wp-json\/wp\/v2\/types\/product"}],"replies":[{"embeddable":true,"href":"https:\/\/tourtravelandmore.com\/fr\/wp-json\/wp\/v2\/comments?post=115650"}],"wp:featuredmedia":[{"embeddable":true,"href":"https:\/\/tourtravelandmore.com\/fr\/wp-json\/wp\/v2\/media\/115665"}],"wp:attachment":[{"href":"https:\/\/tourtravelandmore.com\/fr\/wp-json\/wp\/v2\/media?parent=115650"}],"wp:term":[{"taxonomy":"product_brand","embeddable":true,"href":"https:\/\/tourtravelandmore.com\/fr\/wp-json\/wp\/v2\/product_brand?post=115650"},{"taxonomy":"product_cat","embeddable":true,"href":"https:\/\/tourtravelandmore.com\/fr\/wp-json\/wp\/v2\/product_cat?post=115650"},{"taxonomy":"product_tag","embeddable":true,"href":"https:\/\/tourtravelandmore.com\/fr\/wp-json\/wp\/v2\/product_tag?post=115650"}],"curies":[{"name":"wp","href":"https:\/\/api.w.org\/{rel}","templated":true}]}}