{"id":115569,"date":"2021-12-17T10:36:33","date_gmt":"2021-12-17T09:36:44","guid":{"rendered":"https:\/\/tourtravelandmore.com\/?post_type=product&#038;p=115569"},"modified":"2022-01-14T11:10:59","modified_gmt":"2022-01-14T10:10:59","slug":"visite-privee-de-la-seconde-guerre-mondiale-des-salles-de-guerre-et-du-musee-de-la-guerre-4-heures-au-depart-de-nimporte-quelle-ville","status":"publish","type":"product","link":"https:\/\/tourtravelandmore.com\/fr\/tours\/malta-fr\/valleta-mdina-fr\/all-private-tours-activities-fr-6\/visite-privee-de-la-seconde-guerre-mondiale-des-salles-de-guerre-et-du-musee-de-la-guerre-4-heures-au-depart-de-nimporte-quelle-ville\/","title":{"rendered":"Visite Priv\u00e9e de la Seconde Guerre mondiale, des Salles de Guerre et du Mus\u00e9e de la Guerre au D\u00e9part de n&#8217;importe Quelle Ville"},"content":{"rendered":"<h2><b>Description de Visite de la Seconde Guerre mondiale, des Salles de Guerre et du Mus\u00e9e de la Guerre au D\u00e9part de n&#8217;importe Quelle Ville<\/b><\/h2>\n<p><span style=\"font-weight: 400;\">Si vous voulez conna\u00eetre le r\u00f4le de Malte pendant la Seconde Guerre mondiale, cette visite est id\u00e9ale pour d\u00e9couvrir tous les secrets de l&#8217;\u00eele. L&#8217;\u00eele a fait l&#8217;objet de plus de 3 000 raids <\/span><span style=\"font-weight: 400;\">pendant le &#8220;si\u00e8ge de Malte&#8221; qui a eu lieu entre 1940 et 1943.\u00a0<\/span><\/p>\n<p><span style=\"font-weight: 400;\">Notre circuit de la Seconde Guerre mondiale est con\u00e7u pour vous permettre de visiter les salles de guerre et le Mus\u00e9e de la guerre dans le cadre d&#8217;une <\/span><b>excursion guid\u00e9e de 4 heures<\/b><span style=\"font-weight: 400;\">, au d\u00e9part du lieu de votre choix afin que tout soit conforme \u00e0 votre confort.<\/span><\/p>\n<p><span style=\"font-weight: 400;\">L&#8217;objectif est de vous faire d\u00e9couvrir les <\/span><b>points les plus embl\u00e9matiques et les plus repr\u00e9sentatifs <\/b><span style=\"font-weight: 400;\">qui \u00e9voquent le r\u00f4le historique de Malte (en raison de son emplacement strat\u00e9gique) pendant la Seconde Guerre mondiale.<\/span><\/p>\n<p><span style=\"font-weight: 400;\">Pendant la visite, vous serez accompagn\u00e9 d&#8217;un guide priv\u00e9, expert en art et en histoire, afin que vous puissiez obtenir tous les faits et informations importants sur les points d&#8217;int\u00e9r\u00eat que vous visiterez.\u00a0<\/span><\/p>\n<p><span style=\"font-weight: 400;\">Nous nous rendrons au mus\u00e9e de la guerre situ\u00e9 dans la forteresse de Saint Telmo, un lieu o\u00f9 ont \u00e9t\u00e9 rassembl\u00e9s des centaines d&#8217;objets et de reliques de la Premi\u00e8re et de la Seconde Guerre mondiale, ainsi que quelques objets des Chevaliers de Saint-Jean, puisque ce fort a \u00e9galement servi de bastion de r\u00e9sistance \u00e0 l&#8217;\u00e9poque m\u00e9di\u00e9vale contre l&#8217;invasion des Ottomans.\u00a0\u00a0<\/span><\/p>\n<p><span style=\"font-weight: 400;\">Vous y verrez un torpilleur italien, un avion de chasse, diff\u00e9rents uniformes militaires et une infinit\u00e9 d&#8217;objets qui vous transporteront dans le pass\u00e9 historique et guerrier du pays.\u00a0<\/span><\/p>\n<p><span style=\"font-weight: 400;\">Lors de cette visite de la Seconde Guerre mondiale, nous nous rendrons \u00e9galement dans les <\/span><b>salles de guerre. <\/b><span style=\"font-weight: 400;\">Ces <\/span><b>tunnels creus\u00e9s sous la civilisation servaient <\/b><span style=\"font-weight: 400;\">de salle de travail pour la planification des strat\u00e9gies militaires et pour le traitement de certains bless\u00e9s de guerre. Jusqu&#8217;\u00e0 1 000 personnes y travaillaient, y compris des soldats et du personnel m\u00e9dical.\u00a0\u00a0<\/span><\/p>\n<p><span style=\"font-weight: 400;\">Ces salles de guerre ont servi de base de d\u00e9fense militaire \u00e0 Malte et ont ensuite fait office de bureau des op\u00e9rations de l&#8217;OTAN.\u00a0<\/span><\/p>\n<p><span style=\"font-weight: 400;\">Nous savons que tout ce que vous verrez au cours de cette visite vous surprendra. Ce sera l&#8217;une de ces randonn\u00e9es difficiles \u00e0 oublier.\u00a0<\/span><\/p>\n<h2><b>Points d&#8217;int\u00e9r\u00eat<\/b><\/h2>\n<p><span style=\"font-weight: 400;\">Malte \u00e9tait consid\u00e9r\u00e9e comme <\/span><i><span style=\"font-weight: 400;\">&#8220;la cl\u00e9 de la M\u00e9diterran\u00e9e&#8221; <\/span><\/i><span style=\"font-weight: 400;\">pendant la Seconde Guerre mondiale en raison de son emplacement strat\u00e9gique important.<\/span><\/p>\n<p><span style=\"font-weight: 400;\">Cela a fait d&#8217;elle la cible de milliers de raids et d&#8217;innombrables bombardements pour tenter de prendre ce territoire.\u00a0<\/span><\/p>\n<p><span style=\"font-weight: 400;\">Lors de cette visite de la Seconde Guerre mondiale dans les salles de guerre et le mus\u00e9e de la guerre, vous aurez l&#8217;occasion de voir l&#8217;une des collections les plus impressionnantes d&#8217;objets, d&#8217;armes, de moyens de transport et de documents utilis\u00e9s au cours de cette p\u00e9riode historique, tandis que nous vous emm\u00e8nerons dans les diff\u00e9rents lieux d&#8217;int\u00e9r\u00eat :\u00a0<\/span><\/p>\n<h3><span style=\"color: #d3af37;\"><b>Salles de guerre<\/b><\/span><\/h3>\n<p><span style=\"font-weight: 400;\">Cet ensemble de bunkers repr\u00e9sente une entr\u00e9e imposante. Il s&#8217;agit de constructions souterraines r\u00e9alis\u00e9es par les Britanniques pour op\u00e9rer sous terre afin d&#8217;\u00e9viter les bombardements nazis.\u00a0<\/span><\/p>\n<p><span style=\"font-weight: 400;\">Les salles de guerre sont situ\u00e9es \u00e0 environ 40 m\u00e8tres sous la surface et comprennent un immense r\u00e9seau de tunnels dans lesquels sont encore conserv\u00e9s des lampes, des cartes et de nombreux objets utilis\u00e9s pour planifier les strat\u00e9gies militaires.\u00a0<\/span><\/p>\n<p><span style=\"font-weight: 400;\">Plus tard, entre 1967 et 1977, ces tunnels ont servi de base aux n\u00e9gociations de l&#8217;OTAN.\u00a0<\/span><\/p>\n<h3><span style=\"color: #d3af37;\"><b>Le Mus\u00e9e de la guerre\u00a0<\/b><\/span><\/h3>\n<p><span style=\"font-weight: 400;\">Un autre de nos arr\u00eats sera le mus\u00e9e de la guerre \u00e0 La Valette. Chacune de ses galeries vous surprendra par tout ce qu&#8217;elle offre \u00e0 admirer.\u00a0<\/span><\/p>\n<p><span style=\"font-weight: 400;\">\u00c0 l&#8217;int\u00e9rieur sont conserv\u00e9s divers uniformes, des projecteurs anti-a\u00e9riens et plusieurs armes \u00e0 feu. Sont \u00e9galement expos\u00e9s : des torpilles, des instruments m\u00e9dicaux utilis\u00e9s en cas d&#8217;urgence, des articles de toilette des soldats et bien d&#8217;autres objets de grande valeur historique.\u00a0<\/span><\/p>\n<p><span style=\"font-weight: 400;\">Sans aucun doute, l&#8217;ensemble de la collection du mus\u00e9e est un joyau du d\u00e9but \u00e0 la fin.\u00a0<\/span><\/p>\n<p><span style=\"font-weight: 400;\">Apr\u00e8s cette promenade dans l&#8217;histoire de la guerre \u00e0 Malte, vous pourrez vous d\u00e9tendre un peu avec l&#8217;<\/span><a href=\"https:\/\/tourtravelandmore.com\/fr\/tours\/malta-fr\/valleta-mdina-fr\/all-private-tours-activities-fr-6\/visite-privee-de-gozo-depuis-malte\/\"><b>excursion \u00e0 Gozo depuis Malte<\/b><\/a><span style=\"font-weight: 400;\">, afin de vous immerger dans la beaut\u00e9 naturelle et le paradis de l&#8217;\u00eele. <\/span><\/p>\n","protected":false},"excerpt":{"rendered":"<p><span style=\"font-weight: 400;\">Saviez-vous que Malte \u00e9tait l&#8217;un des pays qui, pendant la Seconde Guerre mondiale, a subi le plus de bombardements ? Profitez de votre voyage dans l&#8217;archipel maltais pour visiter les salles de guerre et le mus\u00e9e de la guerre lors d&#8217;une visite de 4 heures, qui aura lieu en voiture priv\u00e9e et sera accompagn\u00e9e d&#8217;un guide expert en histoire.\u00a0<\/span><\/p>\n","protected":false},"featured_media":115581,"comment_status":"open","ping_status":"closed","template":"","meta":{"_acf_changed":false},"product_brand":[],"product_cat":[3728,3807,4034,4035],"product_tag":[],"class_list":{"0":"post-115569","1":"product","2":"type-product","3":"status-publish","4":"has-post-thumbnail","6":"product_cat-malta-fr","7":"product_cat-valleta-mdina-fr","8":"product_cat-all-private-tours-activities-fr-6","9":"product_cat-private-sightseeing-tours-fr-6","11":"first","12":"instock","13":"shipping-taxable","14":"purchasable","15":"product-type-simple"},"acf":[],"yoast_head":"<!-- This site is optimized with the Yoast SEO Premium plugin v25.3.1 (Yoast SEO v25.3.1) - https:\/\/yoast.com\/wordpress\/plugins\/seo\/ -->\n<title>Visite de la Seconde Guerre mondiale pour d\u00e9couvrir les salles de guerre et le mus\u00e9e de la guerre \u00e0 Malte.<\/title>\n<meta name=\"description\" content=\"Vous voulez explorer de pr\u00e8s l&#039;histoire de la Seconde Guerre mondiale \u00e0 Malte ? R\u00e9servez 4 heures de votre itin\u00e9raire pour d\u00e9couvrir dans une voiture priv\u00e9e confortable les \u00e9tonnantes salles de guerre et le mus\u00e9e de la guerre d&#039;une mani\u00e8re exclusive et d\u00e9taill\u00e9e avec un guide priv\u00e9 inclus.\" \/>\n<meta name=\"robots\" content=\"index, follow, max-snippet:-1, max-image-preview:large, max-video-preview:-1\" \/>\n<link rel=\"canonical\" href=\"https:\/\/tourtravelandmore.com\/fr\/tours\/malta-fr\/valleta-mdina-fr\/all-private-tours-activities-fr-6\/visite-privee-de-la-seconde-guerre-mondiale-des-salles-de-guerre-et-du-musee-de-la-guerre-4-heures-au-depart-de-nimporte-quelle-ville\/\" \/>\n<meta property=\"og:locale\" content=\"fr_FR\" \/>\n<meta property=\"og:type\" content=\"article\" \/>\n<meta property=\"og:title\" content=\"Visite Priv\u00e9e de la Seconde Guerre mondiale, des Salles de Guerre et du Mus\u00e9e de la Guerre au D\u00e9part de n&#039;importe Quelle Ville\" \/>\n<meta property=\"og:description\" content=\"Vous voulez explorer de pr\u00e8s l&#039;histoire de la Seconde Guerre mondiale \u00e0 Malte ? R\u00e9servez 4 heures de votre itin\u00e9raire pour d\u00e9couvrir dans une voiture priv\u00e9e confortable les \u00e9tonnantes salles de guerre et le mus\u00e9e de la guerre d&#039;une mani\u00e8re exclusive et d\u00e9taill\u00e9e avec un guide priv\u00e9 inclus.\" \/>\n<meta property=\"og:url\" content=\"https:\/\/tourtravelandmore.com\/fr\/tours\/malta-fr\/valleta-mdina-fr\/all-private-tours-activities-fr-6\/visite-privee-de-la-seconde-guerre-mondiale-des-salles-de-guerre-et-du-musee-de-la-guerre-4-heures-au-depart-de-nimporte-quelle-ville\/\" \/>\n<meta property=\"og:site_name\" content=\"Tour Travel And More\" \/>\n<meta property=\"article:publisher\" content=\"https:\/\/www.facebook.com\/tourtravelandmore\/\" \/>\n<meta property=\"article:modified_time\" content=\"2022-01-14T10:10:59+00:00\" \/>\n<meta property=\"og:image\" content=\"https:\/\/tourtravelandmore.com\/wp-content\/uploads\/2021\/12\/image1-5.jpg\" \/>\n\t<meta property=\"og:image:width\" content=\"1280\" \/>\n\t<meta property=\"og:image:height\" content=\"960\" \/>\n\t<meta property=\"og:image:type\" content=\"image\/jpeg\" \/>\n<meta name=\"twitter:card\" content=\"summary_large_image\" \/>\n<meta name=\"twitter:site\" content=\"@TourTravel_More\" \/>\n<meta name=\"twitter:label1\" content=\"Dur\u00e9e de lecture estim\u00e9e\" \/>\n\t<meta name=\"twitter:data1\" content=\"4 minutes\" \/>\n<script type=\"application\/ld+json\" class=\"yoast-schema-graph\">{\"@context\":\"https:\/\/schema.org\",\"@graph\":[{\"@type\":\"WebPage\",\"@id\":\"https:\/\/tourtravelandmore.com\/fr\/tours\/malta-fr\/valleta-mdina-fr\/all-private-tours-activities-fr-6\/visite-privee-de-la-seconde-guerre-mondiale-des-salles-de-guerre-et-du-musee-de-la-guerre-4-heures-au-depart-de-nimporte-quelle-ville\/\",\"url\":\"https:\/\/tourtravelandmore.com\/fr\/tours\/malta-fr\/valleta-mdina-fr\/all-private-tours-activities-fr-6\/visite-privee-de-la-seconde-guerre-mondiale-des-salles-de-guerre-et-du-musee-de-la-guerre-4-heures-au-depart-de-nimporte-quelle-ville\/\",\"name\":\"Visite de la Seconde Guerre mondiale pour d\u00e9couvrir les salles de guerre et le mus\u00e9e de la guerre \u00e0 Malte.\",\"isPartOf\":{\"@id\":\"https:\/\/tourtravelandmore.com\/fr\/#website\"},\"primaryImageOfPage\":{\"@id\":\"https:\/\/tourtravelandmore.com\/fr\/tours\/malta-fr\/valleta-mdina-fr\/all-private-tours-activities-fr-6\/visite-privee-de-la-seconde-guerre-mondiale-des-salles-de-guerre-et-du-musee-de-la-guerre-4-heures-au-depart-de-nimporte-quelle-ville\/#primaryimage\"},\"image\":{\"@id\":\"https:\/\/tourtravelandmore.com\/fr\/tours\/malta-fr\/valleta-mdina-fr\/all-private-tours-activities-fr-6\/visite-privee-de-la-seconde-guerre-mondiale-des-salles-de-guerre-et-du-musee-de-la-guerre-4-heures-au-depart-de-nimporte-quelle-ville\/#primaryimage\"},\"thumbnailUrl\":\"https:\/\/tourtravelandmore.com\/wp-content\/uploads\/2021\/12\/image1-5.jpg\",\"datePublished\":\"2021-12-17T09:36:44+00:00\",\"dateModified\":\"2022-01-14T10:10:59+00:00\",\"description\":\"Vous voulez explorer de pr\u00e8s l'histoire de la Seconde Guerre mondiale \u00e0 Malte ? R\u00e9servez 4 heures de votre itin\u00e9raire pour d\u00e9couvrir dans une voiture priv\u00e9e confortable les \u00e9tonnantes salles de guerre et le mus\u00e9e de la guerre d'une mani\u00e8re exclusive et d\u00e9taill\u00e9e avec un guide priv\u00e9 inclus.\",\"breadcrumb\":{\"@id\":\"https:\/\/tourtravelandmore.com\/fr\/tours\/malta-fr\/valleta-mdina-fr\/all-private-tours-activities-fr-6\/visite-privee-de-la-seconde-guerre-mondiale-des-salles-de-guerre-et-du-musee-de-la-guerre-4-heures-au-depart-de-nimporte-quelle-ville\/#breadcrumb\"},\"inLanguage\":\"fr-FR\",\"potentialAction\":[{\"@type\":\"ReadAction\",\"target\":[\"https:\/\/tourtravelandmore.com\/fr\/tours\/malta-fr\/valleta-mdina-fr\/all-private-tours-activities-fr-6\/visite-privee-de-la-seconde-guerre-mondiale-des-salles-de-guerre-et-du-musee-de-la-guerre-4-heures-au-depart-de-nimporte-quelle-ville\/\"]}]},{\"@type\":\"ImageObject\",\"inLanguage\":\"fr-FR\",\"@id\":\"https:\/\/tourtravelandmore.com\/fr\/tours\/malta-fr\/valleta-mdina-fr\/all-private-tours-activities-fr-6\/visite-privee-de-la-seconde-guerre-mondiale-des-salles-de-guerre-et-du-musee-de-la-guerre-4-heures-au-depart-de-nimporte-quelle-ville\/#primaryimage\",\"url\":\"https:\/\/tourtravelandmore.com\/wp-content\/uploads\/2021\/12\/image1-5.jpg\",\"contentUrl\":\"https:\/\/tourtravelandmore.com\/wp-content\/uploads\/2021\/12\/image1-5.jpg\",\"width\":1280,\"height\":960},{\"@type\":\"BreadcrumbList\",\"@id\":\"https:\/\/tourtravelandmore.com\/fr\/tours\/malta-fr\/valleta-mdina-fr\/all-private-tours-activities-fr-6\/visite-privee-de-la-seconde-guerre-mondiale-des-salles-de-guerre-et-du-musee-de-la-guerre-4-heures-au-depart-de-nimporte-quelle-ville\/#breadcrumb\",\"itemListElement\":[{\"@type\":\"ListItem\",\"position\":1,\"name\":\"Home\",\"item\":\"https:\/\/tourtravelandmore.com\/fr\/\"},{\"@type\":\"ListItem\",\"position\":2,\"name\":\"Tours\",\"item\":\"https:\/\/tourtravelandmore.com\/fr\/tours\/\"},{\"@type\":\"ListItem\",\"position\":3,\"name\":\"Visite Priv\u00e9e de la Seconde Guerre mondiale, des Salles de Guerre et du Mus\u00e9e de la Guerre au D\u00e9part de n&rsquo;importe Quelle Ville\"}]},{\"@type\":\"WebSite\",\"@id\":\"https:\/\/tourtravelandmore.com\/fr\/#website\",\"url\":\"https:\/\/tourtravelandmore.com\/fr\/\",\"name\":\"Tour Travel And More\",\"description\":\"Private sightseeing tours and luxury transfers in Spain\",\"publisher\":{\"@id\":\"https:\/\/tourtravelandmore.com\/fr\/#organization\"},\"potentialAction\":[{\"@type\":\"SearchAction\",\"target\":{\"@type\":\"EntryPoint\",\"urlTemplate\":\"https:\/\/tourtravelandmore.com\/fr\/?s={search_term_string}\"},\"query-input\":{\"@type\":\"PropertyValueSpecification\",\"valueRequired\":true,\"valueName\":\"search_term_string\"}}],\"inLanguage\":\"fr-FR\"},{\"@type\":\"Organization\",\"@id\":\"https:\/\/tourtravelandmore.com\/fr\/#organization\",\"name\":\"Tour Travel And More\",\"url\":\"https:\/\/tourtravelandmore.com\/fr\/\",\"logo\":{\"@type\":\"ImageObject\",\"inLanguage\":\"fr-FR\",\"@id\":\"https:\/\/tourtravelandmore.com\/fr\/#\/schema\/logo\/image\/\",\"url\":\"https:\/\/tourtravelandmore.com\/wp-content\/uploads\/2022\/12\/cropped-logo-cabecera-new.png\",\"contentUrl\":\"https:\/\/tourtravelandmore.com\/wp-content\/uploads\/2022\/12\/cropped-logo-cabecera-new.png\",\"width\":430,\"height\":61,\"caption\":\"Tour Travel And More\"},\"image\":{\"@id\":\"https:\/\/tourtravelandmore.com\/fr\/#\/schema\/logo\/image\/\"},\"sameAs\":[\"https:\/\/www.facebook.com\/tourtravelandmore\/\",\"https:\/\/x.com\/TourTravel_More\"]}]}<\/script>\n<!-- \/ Yoast SEO Premium plugin. -->","yoast_head_json":{"title":"Visite de la Seconde Guerre mondiale pour d\u00e9couvrir les salles de guerre et le mus\u00e9e de la guerre \u00e0 Malte.","description":"Vous voulez explorer de pr\u00e8s l'histoire de la Seconde Guerre mondiale \u00e0 Malte ? R\u00e9servez 4 heures de votre itin\u00e9raire pour d\u00e9couvrir dans une voiture priv\u00e9e confortable les \u00e9tonnantes salles de guerre et le mus\u00e9e de la guerre d'une mani\u00e8re exclusive et d\u00e9taill\u00e9e avec un guide priv\u00e9 inclus.","robots":{"index":"index","follow":"follow","max-snippet":"max-snippet:-1","max-image-preview":"max-image-preview:large","max-video-preview":"max-video-preview:-1"},"canonical":"https:\/\/tourtravelandmore.com\/fr\/tours\/malta-fr\/valleta-mdina-fr\/all-private-tours-activities-fr-6\/visite-privee-de-la-seconde-guerre-mondiale-des-salles-de-guerre-et-du-musee-de-la-guerre-4-heures-au-depart-de-nimporte-quelle-ville\/","og_locale":"fr_FR","og_type":"article","og_title":"Visite Priv\u00e9e de la Seconde Guerre mondiale, des Salles de Guerre et du Mus\u00e9e de la Guerre au D\u00e9part de n'importe Quelle Ville","og_description":"Vous voulez explorer de pr\u00e8s l'histoire de la Seconde Guerre mondiale \u00e0 Malte ? R\u00e9servez 4 heures de votre itin\u00e9raire pour d\u00e9couvrir dans une voiture priv\u00e9e confortable les \u00e9tonnantes salles de guerre et le mus\u00e9e de la guerre d'une mani\u00e8re exclusive et d\u00e9taill\u00e9e avec un guide priv\u00e9 inclus.","og_url":"https:\/\/tourtravelandmore.com\/fr\/tours\/malta-fr\/valleta-mdina-fr\/all-private-tours-activities-fr-6\/visite-privee-de-la-seconde-guerre-mondiale-des-salles-de-guerre-et-du-musee-de-la-guerre-4-heures-au-depart-de-nimporte-quelle-ville\/","og_site_name":"Tour Travel And More","article_publisher":"https:\/\/www.facebook.com\/tourtravelandmore\/","article_modified_time":"2022-01-14T10:10:59+00:00","og_image":[{"width":1280,"height":960,"url":"https:\/\/tourtravelandmore.com\/wp-content\/uploads\/2021\/12\/image1-5.jpg","type":"image\/jpeg"}],"twitter_card":"summary_large_image","twitter_site":"@TourTravel_More","twitter_misc":{"Dur\u00e9e de lecture estim\u00e9e":"4 minutes"},"schema":{"@context":"https:\/\/schema.org","@graph":[{"@type":"WebPage","@id":"https:\/\/tourtravelandmore.com\/fr\/tours\/malta-fr\/valleta-mdina-fr\/all-private-tours-activities-fr-6\/visite-privee-de-la-seconde-guerre-mondiale-des-salles-de-guerre-et-du-musee-de-la-guerre-4-heures-au-depart-de-nimporte-quelle-ville\/","url":"https:\/\/tourtravelandmore.com\/fr\/tours\/malta-fr\/valleta-mdina-fr\/all-private-tours-activities-fr-6\/visite-privee-de-la-seconde-guerre-mondiale-des-salles-de-guerre-et-du-musee-de-la-guerre-4-heures-au-depart-de-nimporte-quelle-ville\/","name":"Visite de la Seconde Guerre mondiale pour d\u00e9couvrir les salles de guerre et le mus\u00e9e de la guerre \u00e0 Malte.","isPartOf":{"@id":"https:\/\/tourtravelandmore.com\/fr\/#website"},"primaryImageOfPage":{"@id":"https:\/\/tourtravelandmore.com\/fr\/tours\/malta-fr\/valleta-mdina-fr\/all-private-tours-activities-fr-6\/visite-privee-de-la-seconde-guerre-mondiale-des-salles-de-guerre-et-du-musee-de-la-guerre-4-heures-au-depart-de-nimporte-quelle-ville\/#primaryimage"},"image":{"@id":"https:\/\/tourtravelandmore.com\/fr\/tours\/malta-fr\/valleta-mdina-fr\/all-private-tours-activities-fr-6\/visite-privee-de-la-seconde-guerre-mondiale-des-salles-de-guerre-et-du-musee-de-la-guerre-4-heures-au-depart-de-nimporte-quelle-ville\/#primaryimage"},"thumbnailUrl":"https:\/\/tourtravelandmore.com\/wp-content\/uploads\/2021\/12\/image1-5.jpg","datePublished":"2021-12-17T09:36:44+00:00","dateModified":"2022-01-14T10:10:59+00:00","description":"Vous voulez explorer de pr\u00e8s l'histoire de la Seconde Guerre mondiale \u00e0 Malte ? R\u00e9servez 4 heures de votre itin\u00e9raire pour d\u00e9couvrir dans une voiture priv\u00e9e confortable les \u00e9tonnantes salles de guerre et le mus\u00e9e de la guerre d'une mani\u00e8re exclusive et d\u00e9taill\u00e9e avec un guide priv\u00e9 inclus.","breadcrumb":{"@id":"https:\/\/tourtravelandmore.com\/fr\/tours\/malta-fr\/valleta-mdina-fr\/all-private-tours-activities-fr-6\/visite-privee-de-la-seconde-guerre-mondiale-des-salles-de-guerre-et-du-musee-de-la-guerre-4-heures-au-depart-de-nimporte-quelle-ville\/#breadcrumb"},"inLanguage":"fr-FR","potentialAction":[{"@type":"ReadAction","target":["https:\/\/tourtravelandmore.com\/fr\/tours\/malta-fr\/valleta-mdina-fr\/all-private-tours-activities-fr-6\/visite-privee-de-la-seconde-guerre-mondiale-des-salles-de-guerre-et-du-musee-de-la-guerre-4-heures-au-depart-de-nimporte-quelle-ville\/"]}]},{"@type":"ImageObject","inLanguage":"fr-FR","@id":"https:\/\/tourtravelandmore.com\/fr\/tours\/malta-fr\/valleta-mdina-fr\/all-private-tours-activities-fr-6\/visite-privee-de-la-seconde-guerre-mondiale-des-salles-de-guerre-et-du-musee-de-la-guerre-4-heures-au-depart-de-nimporte-quelle-ville\/#primaryimage","url":"https:\/\/tourtravelandmore.com\/wp-content\/uploads\/2021\/12\/image1-5.jpg","contentUrl":"https:\/\/tourtravelandmore.com\/wp-content\/uploads\/2021\/12\/image1-5.jpg","width":1280,"height":960},{"@type":"BreadcrumbList","@id":"https:\/\/tourtravelandmore.com\/fr\/tours\/malta-fr\/valleta-mdina-fr\/all-private-tours-activities-fr-6\/visite-privee-de-la-seconde-guerre-mondiale-des-salles-de-guerre-et-du-musee-de-la-guerre-4-heures-au-depart-de-nimporte-quelle-ville\/#breadcrumb","itemListElement":[{"@type":"ListItem","position":1,"name":"Home","item":"https:\/\/tourtravelandmore.com\/fr\/"},{"@type":"ListItem","position":2,"name":"Tours","item":"https:\/\/tourtravelandmore.com\/fr\/tours\/"},{"@type":"ListItem","position":3,"name":"Visite Priv\u00e9e de la Seconde Guerre mondiale, des Salles de Guerre et du Mus\u00e9e de la Guerre au D\u00e9part de n&rsquo;importe Quelle Ville"}]},{"@type":"WebSite","@id":"https:\/\/tourtravelandmore.com\/fr\/#website","url":"https:\/\/tourtravelandmore.com\/fr\/","name":"Tour Travel And More","description":"Private sightseeing tours and luxury transfers in Spain","publisher":{"@id":"https:\/\/tourtravelandmore.com\/fr\/#organization"},"potentialAction":[{"@type":"SearchAction","target":{"@type":"EntryPoint","urlTemplate":"https:\/\/tourtravelandmore.com\/fr\/?s={search_term_string}"},"query-input":{"@type":"PropertyValueSpecification","valueRequired":true,"valueName":"search_term_string"}}],"inLanguage":"fr-FR"},{"@type":"Organization","@id":"https:\/\/tourtravelandmore.com\/fr\/#organization","name":"Tour Travel And More","url":"https:\/\/tourtravelandmore.com\/fr\/","logo":{"@type":"ImageObject","inLanguage":"fr-FR","@id":"https:\/\/tourtravelandmore.com\/fr\/#\/schema\/logo\/image\/","url":"https:\/\/tourtravelandmore.com\/wp-content\/uploads\/2022\/12\/cropped-logo-cabecera-new.png","contentUrl":"https:\/\/tourtravelandmore.com\/wp-content\/uploads\/2022\/12\/cropped-logo-cabecera-new.png","width":430,"height":61,"caption":"Tour Travel And More"},"image":{"@id":"https:\/\/tourtravelandmore.com\/fr\/#\/schema\/logo\/image\/"},"sameAs":["https:\/\/www.facebook.com\/tourtravelandmore\/","https:\/\/x.com\/TourTravel_More"]}]}},"_links":{"self":[{"href":"https:\/\/tourtravelandmore.com\/fr\/wp-json\/wp\/v2\/product\/115569","targetHints":{"allow":["GET"]}}],"collection":[{"href":"https:\/\/tourtravelandmore.com\/fr\/wp-json\/wp\/v2\/product"}],"about":[{"href":"https:\/\/tourtravelandmore.com\/fr\/wp-json\/wp\/v2\/types\/product"}],"replies":[{"embeddable":true,"href":"https:\/\/tourtravelandmore.com\/fr\/wp-json\/wp\/v2\/comments?post=115569"}],"wp:featuredmedia":[{"embeddable":true,"href":"https:\/\/tourtravelandmore.com\/fr\/wp-json\/wp\/v2\/media\/115581"}],"wp:attachment":[{"href":"https:\/\/tourtravelandmore.com\/fr\/wp-json\/wp\/v2\/media?parent=115569"}],"wp:term":[{"taxonomy":"product_brand","embeddable":true,"href":"https:\/\/tourtravelandmore.com\/fr\/wp-json\/wp\/v2\/product_brand?post=115569"},{"taxonomy":"product_cat","embeddable":true,"href":"https:\/\/tourtravelandmore.com\/fr\/wp-json\/wp\/v2\/product_cat?post=115569"},{"taxonomy":"product_tag","embeddable":true,"href":"https:\/\/tourtravelandmore.com\/fr\/wp-json\/wp\/v2\/product_tag?post=115569"}],"curies":[{"name":"wp","href":"https:\/\/api.w.org\/{rel}","templated":true}]}}