{"id":115526,"date":"2021-12-17T10:04:43","date_gmt":"2021-12-17T09:05:00","guid":{"rendered":"https:\/\/tourtravelandmore.com\/?post_type=product&#038;p=115526"},"modified":"2022-01-14T11:01:12","modified_gmt":"2022-01-14T10:01:12","slug":"visite-privee-dune-journee-complete-a-la-valette-marsaxlokk-et-mdina","status":"publish","type":"product","link":"https:\/\/tourtravelandmore.com\/fr\/tours\/malta-fr\/valleta-mdina-fr\/all-private-tours-activities-fr-6\/visite-privee-dune-journee-complete-a-la-valette-marsaxlokk-et-mdina\/","title":{"rendered":"Visite Priv\u00e9e d&#8217;une journ\u00e9e compl\u00e8te \u00e0 La Valette, Marsaxlokk et Mdina"},"content":{"rendered":"<h2><b>Description excursion d&#8217;une journ\u00e9e compl\u00e8te \u00e0 La Valette, Marsaxlokk et Mdina\u00a0<\/b><\/h2>\n<p><span style=\"font-weight: 400;\">Malte est consid\u00e9r\u00e9e comme un joyau de la M\u00e9diterran\u00e9e pour la grande richesse historique, naturelle et culturelle qu&#8217;elle poss\u00e8de. En outre, elle b\u00e9n\u00e9ficie d&#8217;un climat splendide tout au long de l&#8217;ann\u00e9e et d&#8217;une situation g\u00e9ographique privil\u00e9gi\u00e9e.\u00a0<\/span><\/p>\n<p><span style=\"font-weight: 400;\">Si vous souhaitez d\u00e9couvrir les villes les plus attrayantes et les plus embl\u00e9matiques de cette \u00eele, cette <\/span><b>visite priv\u00e9e d&#8217;une journ\u00e9e compl\u00e8te de La Valette, Marsaxlokk et Mdina <\/b><span style=\"font-weight: 400;\">vous permettra d&#8217;explorer les deux capitales maltaises ainsi qu&#8217;un village de p\u00eacheurs inoubliable.\u00a0<\/span><\/p>\n<p><span style=\"font-weight: 400;\">Nous commencerons la visite lorsque nous viendrons vous chercher au point convenu. De l\u00e0, nous vous transf\u00e9rerons dans une <\/span><b>voiture priv\u00e9e confortable <\/b><span style=\"font-weight: 400;\">vers la capitale actuelle de Malte : La Valette.\u00a0<\/span><\/p>\n<p><span style=\"font-weight: 400;\">La Valette est tr\u00e8s embl\u00e9matique, car c&#8217;est une ville construite par les Chevaliers de Saint-Jean &#8211; connus aujourd&#8217;hui sous le nom de Chevaliers de l&#8217;Ordre de Malte &#8211; au cours de l&#8217;ann\u00e9e 1566.<\/span><\/p>\n<p><span style=\"font-weight: 400;\">Ce sera le moment id\u00e9al pour profiter d&#8217;une vue panoramique spectaculaire de cette ville, lorsque vous vous prom\u00e8nerez dans ses rues anciennes et que vous vous impr\u00e9gnerez de l&#8217;histoire que la ville transmet.\u00a0<\/span><\/p>\n<p><span style=\"font-weight: 400;\">Vous verrez l&#8217;\u00e9glise de l&#8217;Ordre, la place Saint-Georges, le palais Ferreira, entre autres points forts.\u00a0<\/span><\/p>\n<p><span style=\"font-weight: 400;\">La visite se poursuit dans le magnifique village de p\u00eacheurs de Marsaxlokk , o\u00f9 vous serez en contact avec les traditions de ses habitants et sa d\u00e9licieuse gastronomie. En outre, vous pourrez prendre de nombreuses photos de ses <\/span><i><span style=\"font-weight: 400;\">luzzus <\/span><\/i><span style=\"font-weight: 400;\">ou gondoles color\u00e9es.\u00a0<\/span><\/p>\n<p><span style=\"font-weight: 400;\">Ensuite, nous nous arr\u00eaterons \u00e0 Mdina, qui \u00e9tait l&#8217;ancienne capitale de Malte et qui est bien connue pour ses b\u00e2timents baroques, ses murs m\u00e9di\u00e9vaux et son imposante cath\u00e9drale.<\/span><\/p>\n<p><span style=\"font-weight: 400;\">En outre, tout au long de la visite, un guide priv\u00e9 vous donnera toutes les informations les plus pertinentes sur chacun des sites d&#8217;int\u00e9r\u00eat, afin que vous puissiez profiter de cette excursion priv\u00e9e de 8 heures avec un guide et une voiture confortable inclus.\u00a0<\/span><\/p>\n<h2><b>Points d&#8217;int\u00e9r\u00eat<\/b><\/h2>\n<p><span style=\"font-weight: 400;\">D\u00e9couvrez le pass\u00e9 historique de La Valette, Marsaxlokk et Mdina, ainsi que tous ses coins cach\u00e9s.\u00a0<\/span><\/p>\n<p><span style=\"font-weight: 400;\">Parcourez les rues de ces villes embl\u00e9matiques et vivez une exp\u00e9rience unique et personnalis\u00e9e lors de cette visite priv\u00e9e d&#8217;une journ\u00e9e compl\u00e8te, au cours de laquelle vous visiterez les points d&#8217;int\u00e9r\u00eat suivants :\u00a0<\/span><\/p>\n<h3><span style=\"color: #d3af37;\"><b>La Valette<\/b><\/span><\/h3>\n<p><span style=\"font-weight: 400;\">Se rendre \u00e0 La Valette, c&#8217;est comme remonter dans une machine \u00e0 remonter le temps. Ses rues pav\u00e9es, ses murs, ses forts et sa porte blind\u00e9e sont des \u00e9l\u00e9ments qui m\u00e9ritent d&#8217;\u00eatre visit\u00e9s encore et encore.\u00a0<\/span><\/p>\n<p><span style=\"font-weight: 400;\">Dans cette ville baroque, vous aurez la possibilit\u00e9 d&#8217;explorer de nombreux lieux de grande attraction touristique et historique. Parmi eux, citons :\u00a0<\/span><\/p>\n<ul>\n<li><b>La place St. Telmo, o\u00f9 se trouve le fort St. Telmo.\u00a0<\/b><\/li>\n<li><b>La cath\u00e9drale Saint-Jean, qui abrite de nombreuses \u0153uvres du peintre italien Caravaggio.\u00a0<\/b><\/li>\n<li><b>La cath\u00e9drale anglicane de St. Paul.\u00a0<\/b><\/li>\n<li><b>Parmi d&#8217;autres b\u00e2timents et monuments.\u00a0<\/b><\/li>\n<\/ul>\n<h3><span style=\"color: #d3af37;\"><b>Marsaxlokk\u00a0\u00a0<\/b><\/span><\/h3>\n<p><span style=\"font-weight: 400;\">Notre visite priv\u00e9e de 8 heures vous conduira \u00e0 Marsaxlokk . L&#8217;arr\u00eat dans ce port de p\u00eache magique sera parfait pour vous permettre d&#8217;observer de pr\u00e8s ses c\u00e9l\u00e8bres <\/span><i><span style=\"font-weight: 400;\">luzzus. <\/span><\/i><span style=\"font-weight: 400;\">Ce sont des bateaux typiques et tr\u00e8s pittoresques, orn\u00e9s de nombreuses couleurs vives, et nous savons qu&#8217;ils seront le point focal de nombre de vos photos.\u00a0<\/span><\/p>\n<p><span style=\"font-weight: 400;\">De m\u00eame, Marsaxlokk est un village de p\u00eacheurs, o\u00f9 vous pourrez go\u00fbter \u00e0 la merveilleuse cuisine de Malte, comme son fameux &#8220;lampuki&#8221;.\u00a0<\/span><\/p>\n<p><span style=\"font-weight: 400;\">Une fois sur place, vous pourrez admirer l&#8217;\u00e9glise de Notre-Dame de Pomp\u00e9i et le fort San Lucjan, embl\u00e9matique car il servait de fortification pour mettre \u00e0 l&#8217;abri les approvisionnements lors de l&#8217;invasion des Ottomans.\u00a0<\/span><\/p>\n<h3><span style=\"color: #d3af37;\"><b>Mdina<\/b><\/span><\/h3>\n<p><span style=\"font-weight: 400;\">La visite priv\u00e9e se poursuit \u00e0 Mdina, \u00e9galement connue sous le nom de &#8220;la ville du silence&#8221;. Cette imposante ville m\u00e9di\u00e9vale vous captivera par son architecture ancienne, qui semble sortir d&#8217;un vieux conte de f\u00e9es typique.\u00a0<\/span><\/p>\n<p><span style=\"font-weight: 400;\">Il s&#8217;agit sans aucun doute d&#8217;un site essentiel que vous ne devez pas manquer \u00e0 Malte.\u00a0<\/span><\/p>\n<p><span style=\"font-weight: 400;\">Dans ses rues de couleur cr\u00e8me, vous verrez de nombreux magasins d&#8217;artisanat typiques, ainsi que certains des sites qui ont servi de d\u00e9cors \u00e0 la c\u00e9l\u00e8bre s\u00e9rie t\u00e9l\u00e9vis\u00e9e &#8220;Game of Thrones&#8221;.\u00a0<\/span><\/p>\n<p><span style=\"font-weight: 400;\">Notre visite vous m\u00e8nera \u00e0 la cath\u00e9drale de Mdina, au Palazzo Falson de Mdina, \u00e0 la place St. Publius, au mus\u00e9e d&#8217;histoire naturelle de Malte, au couvent des Carm\u00e9lites, ainsi qu&#8217;\u00e0 d&#8217;autres lieux d&#8217;int\u00e9r\u00eat historique.\u00a0<\/span><\/p>\n<p><span style=\"font-weight: 400;\">Comme vous pouvez le constater, il y a beaucoup de choses \u00e0 voir et \u00e0 faire \u00e0 La Valette, Marsaxlokk et Mdina.\u00a0<\/span><\/p>\n<p><span style=\"font-weight: 400;\">\u00c0 la fin de la visite, nous vous ram\u00e8nerons au point de rencontre pour vous reposer et r\u00e9cup\u00e9rer votre \u00e9nergie.\u00a0<\/span><\/p>\n<p><span style=\"font-weight: 400;\">En outre, si vous souhaitez d\u00e9couvrir Malte sous un autre angle, vous pouvez opter pour l<a href=\"https:\/\/tourtravelandmore.com\/fr\/tours\/malta-fr\/valleta-mdina-fr\/all-private-tours-activities-fr-6\/arrangement-prive-pour-se-rendre-a-popeye-village-et-golden-bay-depuis-nimporte-quelle-ville\/\">&#8216;<\/a><\/span><b>arrangement priv\u00e9 pour vous rendre \u00e0 Popeye Village et Golden Bay depuis n&#8217;importe quelle ville<\/b><span style=\"font-weight: 400;\">. Vous constaterez que la beaut\u00e9 in\u00e9gal\u00e9e de ces plages vous captivera compl\u00e8tement. \u00a0 <\/span><\/p>\n","protected":false},"excerpt":{"rendered":"<p><span style=\"font-weight: 400;\">D\u00e9couvrez dans cette <\/span><b>excursion d&#8217;une journ\u00e9e compl\u00e8te \u00e0 La Valette, Marsaxlokk et Mdina <\/b><span style=\"font-weight: 400;\">les villes les plus embl\u00e9matiques de Malte<\/span><b>.<\/b><span style=\"font-weight: 400;\"> Ce sera une visite priv\u00e9e de 8 heures (avec voiture et guide) pour vous permettre d&#8217;explorer les villes des chevaliers, leurs murs m\u00e9di\u00e9vaux et leurs b\u00e2timents d&#8217;architecture baroque. <\/span><\/p>\n","protected":false},"featured_media":115541,"comment_status":"open","ping_status":"closed","template":"","meta":{"_acf_changed":false},"product_brand":[],"product_cat":[3728,3807,4034,4035],"product_tag":[],"class_list":{"0":"post-115526","1":"product","2":"type-product","3":"status-publish","4":"has-post-thumbnail","6":"product_cat-malta-fr","7":"product_cat-valleta-mdina-fr","8":"product_cat-all-private-tours-activities-fr-6","9":"product_cat-private-sightseeing-tours-fr-6","11":"first","12":"instock","13":"shipping-taxable","14":"purchasable","15":"product-type-simple"},"acf":[],"yoast_head":"<!-- This site is optimized with the Yoast SEO Premium plugin v25.3.1 (Yoast SEO v25.3.1) - https:\/\/yoast.com\/wordpress\/plugins\/seo\/ -->\n<title>Journ\u00e9e compl\u00e8te de visite priv\u00e9e de La Valette, Marsaxlokk et Mdina avec guide et voiture priv\u00e9e inclus.<\/title>\n<meta name=\"description\" content=\"Explorez quelques-unes des villes les plus remarquables de Malte : La Valette, Marsaxlokk et Mdina, lors d&#039;une excursion d&#039;une journ\u00e9e compl\u00e8te en voiture priv\u00e9e et en compagnie d&#039;un guide priv\u00e9, expert en histoire.\" \/>\n<meta name=\"robots\" content=\"index, follow, max-snippet:-1, max-image-preview:large, max-video-preview:-1\" \/>\n<link rel=\"canonical\" href=\"https:\/\/tourtravelandmore.com\/fr\/tours\/malta-fr\/valleta-mdina-fr\/all-private-tours-activities-fr-6\/visite-privee-dune-journee-complete-a-la-valette-marsaxlokk-et-mdina\/\" \/>\n<meta property=\"og:locale\" content=\"fr_FR\" \/>\n<meta property=\"og:type\" content=\"article\" \/>\n<meta property=\"og:title\" content=\"Visite Priv\u00e9e d&#039;une journ\u00e9e compl\u00e8te \u00e0 La Valette, Marsaxlokk et Mdina\" \/>\n<meta property=\"og:description\" content=\"Explorez quelques-unes des villes les plus remarquables de Malte : La Valette, Marsaxlokk et Mdina, lors d&#039;une excursion d&#039;une journ\u00e9e compl\u00e8te en voiture priv\u00e9e et en compagnie d&#039;un guide priv\u00e9, expert en histoire.\" \/>\n<meta property=\"og:url\" content=\"https:\/\/tourtravelandmore.com\/fr\/tours\/malta-fr\/valleta-mdina-fr\/all-private-tours-activities-fr-6\/visite-privee-dune-journee-complete-a-la-valette-marsaxlokk-et-mdina\/\" \/>\n<meta property=\"og:site_name\" content=\"Tour Travel And More\" \/>\n<meta property=\"article:publisher\" content=\"https:\/\/www.facebook.com\/tourtravelandmore\/\" \/>\n<meta property=\"article:modified_time\" content=\"2022-01-14T10:01:12+00:00\" \/>\n<meta property=\"og:image\" content=\"https:\/\/tourtravelandmore.com\/wp-content\/uploads\/2021\/12\/image2-4.jpg\" \/>\n\t<meta property=\"og:image:width\" content=\"762\" \/>\n\t<meta property=\"og:image:height\" content=\"548\" \/>\n\t<meta property=\"og:image:type\" content=\"image\/jpeg\" \/>\n<meta name=\"twitter:card\" content=\"summary_large_image\" \/>\n<meta name=\"twitter:site\" content=\"@TourTravel_More\" \/>\n<meta name=\"twitter:label1\" content=\"Dur\u00e9e de lecture estim\u00e9e\" \/>\n\t<meta name=\"twitter:data1\" content=\"4 minutes\" \/>\n<script type=\"application\/ld+json\" class=\"yoast-schema-graph\">{\"@context\":\"https:\/\/schema.org\",\"@graph\":[{\"@type\":\"WebPage\",\"@id\":\"https:\/\/tourtravelandmore.com\/fr\/tours\/malta-fr\/valleta-mdina-fr\/all-private-tours-activities-fr-6\/visite-privee-dune-journee-complete-a-la-valette-marsaxlokk-et-mdina\/\",\"url\":\"https:\/\/tourtravelandmore.com\/fr\/tours\/malta-fr\/valleta-mdina-fr\/all-private-tours-activities-fr-6\/visite-privee-dune-journee-complete-a-la-valette-marsaxlokk-et-mdina\/\",\"name\":\"Journ\u00e9e compl\u00e8te de visite priv\u00e9e de La Valette, Marsaxlokk et Mdina avec guide et voiture priv\u00e9e inclus.\",\"isPartOf\":{\"@id\":\"https:\/\/tourtravelandmore.com\/fr\/#website\"},\"primaryImageOfPage\":{\"@id\":\"https:\/\/tourtravelandmore.com\/fr\/tours\/malta-fr\/valleta-mdina-fr\/all-private-tours-activities-fr-6\/visite-privee-dune-journee-complete-a-la-valette-marsaxlokk-et-mdina\/#primaryimage\"},\"image\":{\"@id\":\"https:\/\/tourtravelandmore.com\/fr\/tours\/malta-fr\/valleta-mdina-fr\/all-private-tours-activities-fr-6\/visite-privee-dune-journee-complete-a-la-valette-marsaxlokk-et-mdina\/#primaryimage\"},\"thumbnailUrl\":\"https:\/\/tourtravelandmore.com\/wp-content\/uploads\/2021\/12\/image2-4.jpg\",\"datePublished\":\"2021-12-17T09:05:00+00:00\",\"dateModified\":\"2022-01-14T10:01:12+00:00\",\"description\":\"Explorez quelques-unes des villes les plus remarquables de Malte : La Valette, Marsaxlokk et Mdina, lors d'une excursion d'une journ\u00e9e compl\u00e8te en voiture priv\u00e9e et en compagnie d'un guide priv\u00e9, expert en histoire.\",\"breadcrumb\":{\"@id\":\"https:\/\/tourtravelandmore.com\/fr\/tours\/malta-fr\/valleta-mdina-fr\/all-private-tours-activities-fr-6\/visite-privee-dune-journee-complete-a-la-valette-marsaxlokk-et-mdina\/#breadcrumb\"},\"inLanguage\":\"fr-FR\",\"potentialAction\":[{\"@type\":\"ReadAction\",\"target\":[\"https:\/\/tourtravelandmore.com\/fr\/tours\/malta-fr\/valleta-mdina-fr\/all-private-tours-activities-fr-6\/visite-privee-dune-journee-complete-a-la-valette-marsaxlokk-et-mdina\/\"]}]},{\"@type\":\"ImageObject\",\"inLanguage\":\"fr-FR\",\"@id\":\"https:\/\/tourtravelandmore.com\/fr\/tours\/malta-fr\/valleta-mdina-fr\/all-private-tours-activities-fr-6\/visite-privee-dune-journee-complete-a-la-valette-marsaxlokk-et-mdina\/#primaryimage\",\"url\":\"https:\/\/tourtravelandmore.com\/wp-content\/uploads\/2021\/12\/image2-4.jpg\",\"contentUrl\":\"https:\/\/tourtravelandmore.com\/wp-content\/uploads\/2021\/12\/image2-4.jpg\",\"width\":762,\"height\":548},{\"@type\":\"BreadcrumbList\",\"@id\":\"https:\/\/tourtravelandmore.com\/fr\/tours\/malta-fr\/valleta-mdina-fr\/all-private-tours-activities-fr-6\/visite-privee-dune-journee-complete-a-la-valette-marsaxlokk-et-mdina\/#breadcrumb\",\"itemListElement\":[{\"@type\":\"ListItem\",\"position\":1,\"name\":\"Home\",\"item\":\"https:\/\/tourtravelandmore.com\/fr\/\"},{\"@type\":\"ListItem\",\"position\":2,\"name\":\"Tours\",\"item\":\"https:\/\/tourtravelandmore.com\/fr\/tours\/\"},{\"@type\":\"ListItem\",\"position\":3,\"name\":\"Visite Priv\u00e9e d&#8217;une journ\u00e9e compl\u00e8te \u00e0 La Valette, Marsaxlokk et Mdina\"}]},{\"@type\":\"WebSite\",\"@id\":\"https:\/\/tourtravelandmore.com\/fr\/#website\",\"url\":\"https:\/\/tourtravelandmore.com\/fr\/\",\"name\":\"Tour Travel And More\",\"description\":\"Private sightseeing tours and luxury transfers in Spain\",\"publisher\":{\"@id\":\"https:\/\/tourtravelandmore.com\/fr\/#organization\"},\"potentialAction\":[{\"@type\":\"SearchAction\",\"target\":{\"@type\":\"EntryPoint\",\"urlTemplate\":\"https:\/\/tourtravelandmore.com\/fr\/?s={search_term_string}\"},\"query-input\":{\"@type\":\"PropertyValueSpecification\",\"valueRequired\":true,\"valueName\":\"search_term_string\"}}],\"inLanguage\":\"fr-FR\"},{\"@type\":\"Organization\",\"@id\":\"https:\/\/tourtravelandmore.com\/fr\/#organization\",\"name\":\"Tour Travel And More\",\"url\":\"https:\/\/tourtravelandmore.com\/fr\/\",\"logo\":{\"@type\":\"ImageObject\",\"inLanguage\":\"fr-FR\",\"@id\":\"https:\/\/tourtravelandmore.com\/fr\/#\/schema\/logo\/image\/\",\"url\":\"https:\/\/tourtravelandmore.com\/wp-content\/uploads\/2022\/12\/cropped-logo-cabecera-new.png\",\"contentUrl\":\"https:\/\/tourtravelandmore.com\/wp-content\/uploads\/2022\/12\/cropped-logo-cabecera-new.png\",\"width\":430,\"height\":61,\"caption\":\"Tour Travel And More\"},\"image\":{\"@id\":\"https:\/\/tourtravelandmore.com\/fr\/#\/schema\/logo\/image\/\"},\"sameAs\":[\"https:\/\/www.facebook.com\/tourtravelandmore\/\",\"https:\/\/x.com\/TourTravel_More\"]}]}<\/script>\n<!-- \/ Yoast SEO Premium plugin. -->","yoast_head_json":{"title":"Journ\u00e9e compl\u00e8te de visite priv\u00e9e de La Valette, Marsaxlokk et Mdina avec guide et voiture priv\u00e9e inclus.","description":"Explorez quelques-unes des villes les plus remarquables de Malte : La Valette, Marsaxlokk et Mdina, lors d'une excursion d'une journ\u00e9e compl\u00e8te en voiture priv\u00e9e et en compagnie d'un guide priv\u00e9, expert en histoire.","robots":{"index":"index","follow":"follow","max-snippet":"max-snippet:-1","max-image-preview":"max-image-preview:large","max-video-preview":"max-video-preview:-1"},"canonical":"https:\/\/tourtravelandmore.com\/fr\/tours\/malta-fr\/valleta-mdina-fr\/all-private-tours-activities-fr-6\/visite-privee-dune-journee-complete-a-la-valette-marsaxlokk-et-mdina\/","og_locale":"fr_FR","og_type":"article","og_title":"Visite Priv\u00e9e d'une journ\u00e9e compl\u00e8te \u00e0 La Valette, Marsaxlokk et Mdina","og_description":"Explorez quelques-unes des villes les plus remarquables de Malte : La Valette, Marsaxlokk et Mdina, lors d'une excursion d'une journ\u00e9e compl\u00e8te en voiture priv\u00e9e et en compagnie d'un guide priv\u00e9, expert en histoire.","og_url":"https:\/\/tourtravelandmore.com\/fr\/tours\/malta-fr\/valleta-mdina-fr\/all-private-tours-activities-fr-6\/visite-privee-dune-journee-complete-a-la-valette-marsaxlokk-et-mdina\/","og_site_name":"Tour Travel And More","article_publisher":"https:\/\/www.facebook.com\/tourtravelandmore\/","article_modified_time":"2022-01-14T10:01:12+00:00","og_image":[{"width":762,"height":548,"url":"https:\/\/tourtravelandmore.com\/wp-content\/uploads\/2021\/12\/image2-4.jpg","type":"image\/jpeg"}],"twitter_card":"summary_large_image","twitter_site":"@TourTravel_More","twitter_misc":{"Dur\u00e9e de lecture estim\u00e9e":"4 minutes"},"schema":{"@context":"https:\/\/schema.org","@graph":[{"@type":"WebPage","@id":"https:\/\/tourtravelandmore.com\/fr\/tours\/malta-fr\/valleta-mdina-fr\/all-private-tours-activities-fr-6\/visite-privee-dune-journee-complete-a-la-valette-marsaxlokk-et-mdina\/","url":"https:\/\/tourtravelandmore.com\/fr\/tours\/malta-fr\/valleta-mdina-fr\/all-private-tours-activities-fr-6\/visite-privee-dune-journee-complete-a-la-valette-marsaxlokk-et-mdina\/","name":"Journ\u00e9e compl\u00e8te de visite priv\u00e9e de La Valette, Marsaxlokk et Mdina avec guide et voiture priv\u00e9e inclus.","isPartOf":{"@id":"https:\/\/tourtravelandmore.com\/fr\/#website"},"primaryImageOfPage":{"@id":"https:\/\/tourtravelandmore.com\/fr\/tours\/malta-fr\/valleta-mdina-fr\/all-private-tours-activities-fr-6\/visite-privee-dune-journee-complete-a-la-valette-marsaxlokk-et-mdina\/#primaryimage"},"image":{"@id":"https:\/\/tourtravelandmore.com\/fr\/tours\/malta-fr\/valleta-mdina-fr\/all-private-tours-activities-fr-6\/visite-privee-dune-journee-complete-a-la-valette-marsaxlokk-et-mdina\/#primaryimage"},"thumbnailUrl":"https:\/\/tourtravelandmore.com\/wp-content\/uploads\/2021\/12\/image2-4.jpg","datePublished":"2021-12-17T09:05:00+00:00","dateModified":"2022-01-14T10:01:12+00:00","description":"Explorez quelques-unes des villes les plus remarquables de Malte : La Valette, Marsaxlokk et Mdina, lors d'une excursion d'une journ\u00e9e compl\u00e8te en voiture priv\u00e9e et en compagnie d'un guide priv\u00e9, expert en histoire.","breadcrumb":{"@id":"https:\/\/tourtravelandmore.com\/fr\/tours\/malta-fr\/valleta-mdina-fr\/all-private-tours-activities-fr-6\/visite-privee-dune-journee-complete-a-la-valette-marsaxlokk-et-mdina\/#breadcrumb"},"inLanguage":"fr-FR","potentialAction":[{"@type":"ReadAction","target":["https:\/\/tourtravelandmore.com\/fr\/tours\/malta-fr\/valleta-mdina-fr\/all-private-tours-activities-fr-6\/visite-privee-dune-journee-complete-a-la-valette-marsaxlokk-et-mdina\/"]}]},{"@type":"ImageObject","inLanguage":"fr-FR","@id":"https:\/\/tourtravelandmore.com\/fr\/tours\/malta-fr\/valleta-mdina-fr\/all-private-tours-activities-fr-6\/visite-privee-dune-journee-complete-a-la-valette-marsaxlokk-et-mdina\/#primaryimage","url":"https:\/\/tourtravelandmore.com\/wp-content\/uploads\/2021\/12\/image2-4.jpg","contentUrl":"https:\/\/tourtravelandmore.com\/wp-content\/uploads\/2021\/12\/image2-4.jpg","width":762,"height":548},{"@type":"BreadcrumbList","@id":"https:\/\/tourtravelandmore.com\/fr\/tours\/malta-fr\/valleta-mdina-fr\/all-private-tours-activities-fr-6\/visite-privee-dune-journee-complete-a-la-valette-marsaxlokk-et-mdina\/#breadcrumb","itemListElement":[{"@type":"ListItem","position":1,"name":"Home","item":"https:\/\/tourtravelandmore.com\/fr\/"},{"@type":"ListItem","position":2,"name":"Tours","item":"https:\/\/tourtravelandmore.com\/fr\/tours\/"},{"@type":"ListItem","position":3,"name":"Visite Priv\u00e9e d&#8217;une journ\u00e9e compl\u00e8te \u00e0 La Valette, Marsaxlokk et Mdina"}]},{"@type":"WebSite","@id":"https:\/\/tourtravelandmore.com\/fr\/#website","url":"https:\/\/tourtravelandmore.com\/fr\/","name":"Tour Travel And More","description":"Private sightseeing tours and luxury transfers in Spain","publisher":{"@id":"https:\/\/tourtravelandmore.com\/fr\/#organization"},"potentialAction":[{"@type":"SearchAction","target":{"@type":"EntryPoint","urlTemplate":"https:\/\/tourtravelandmore.com\/fr\/?s={search_term_string}"},"query-input":{"@type":"PropertyValueSpecification","valueRequired":true,"valueName":"search_term_string"}}],"inLanguage":"fr-FR"},{"@type":"Organization","@id":"https:\/\/tourtravelandmore.com\/fr\/#organization","name":"Tour Travel And More","url":"https:\/\/tourtravelandmore.com\/fr\/","logo":{"@type":"ImageObject","inLanguage":"fr-FR","@id":"https:\/\/tourtravelandmore.com\/fr\/#\/schema\/logo\/image\/","url":"https:\/\/tourtravelandmore.com\/wp-content\/uploads\/2022\/12\/cropped-logo-cabecera-new.png","contentUrl":"https:\/\/tourtravelandmore.com\/wp-content\/uploads\/2022\/12\/cropped-logo-cabecera-new.png","width":430,"height":61,"caption":"Tour Travel And More"},"image":{"@id":"https:\/\/tourtravelandmore.com\/fr\/#\/schema\/logo\/image\/"},"sameAs":["https:\/\/www.facebook.com\/tourtravelandmore\/","https:\/\/x.com\/TourTravel_More"]}]}},"_links":{"self":[{"href":"https:\/\/tourtravelandmore.com\/fr\/wp-json\/wp\/v2\/product\/115526","targetHints":{"allow":["GET"]}}],"collection":[{"href":"https:\/\/tourtravelandmore.com\/fr\/wp-json\/wp\/v2\/product"}],"about":[{"href":"https:\/\/tourtravelandmore.com\/fr\/wp-json\/wp\/v2\/types\/product"}],"replies":[{"embeddable":true,"href":"https:\/\/tourtravelandmore.com\/fr\/wp-json\/wp\/v2\/comments?post=115526"}],"wp:featuredmedia":[{"embeddable":true,"href":"https:\/\/tourtravelandmore.com\/fr\/wp-json\/wp\/v2\/media\/115541"}],"wp:attachment":[{"href":"https:\/\/tourtravelandmore.com\/fr\/wp-json\/wp\/v2\/media?parent=115526"}],"wp:term":[{"taxonomy":"product_brand","embeddable":true,"href":"https:\/\/tourtravelandmore.com\/fr\/wp-json\/wp\/v2\/product_brand?post=115526"},{"taxonomy":"product_cat","embeddable":true,"href":"https:\/\/tourtravelandmore.com\/fr\/wp-json\/wp\/v2\/product_cat?post=115526"},{"taxonomy":"product_tag","embeddable":true,"href":"https:\/\/tourtravelandmore.com\/fr\/wp-json\/wp\/v2\/product_tag?post=115526"}],"curies":[{"name":"wp","href":"https:\/\/api.w.org\/{rel}","templated":true}]}}