{"id":115387,"date":"2021-12-13T13:16:09","date_gmt":"2021-12-13T12:16:09","guid":{"rendered":"https:\/\/tourtravelandmore.com\/tours\/non%20class\u00e9\/visite-dune-journee-complete-des-vignobles-de-tolede-depuis-madrid\/"},"modified":"2024-09-12T17:17:10","modified_gmt":"2024-09-12T15:17:10","slug":"visite-dune-journee-complete-des-vignobles-de-tolede-depuis-madrid","status":"publish","type":"product","link":"https:\/\/tourtravelandmore.com\/fr\/tours\/espagne-fr\/madrid-fr\/tous-les-circuits-et-activites-prives\/visite-dune-journee-complete-des-vignobles-de-tolede-depuis-madrid\/","title":{"rendered":"Excursion priv\u00e9e d&#8217;une journ\u00e9e \u00e0 Tol\u00e8de + visite d&#8217;un vignoble et d\u00e9gustation"},"content":{"rendered":"<h2><b><strong>Description : Excursion priv\u00e9e d&#8217;une journ\u00e9e \u00e0 Tol\u00e8de + visite d&#8217;un vignoble et d\u00e9gustation<\/strong><\/b><\/h2>\n<p>Explorez les tr\u00e9sors historiques de Tol\u00e8de et savourez les saveurs de l&#8217;Espagne lors de cette excursion priv\u00e9e exclusive d&#8217;une journ\u00e9e. Con\u00e7ue pour ceux qui souhaitent approfondir leur connaissance du riche patrimoine espagnol et des vins exceptionnels, cette excursion combine un voyage culturel \u00e0 Tol\u00e8de et une visite inoubliable d&#8217;un vignoble local.<\/p>\n<p>Voyagez dans le confort et le style avec un v\u00e9hicule priv\u00e9 et un chauffeur professionnel \u00e0 votre disposition pour toute la journ\u00e9e, garantissant une exp\u00e9rience fluide et luxueuse.<\/p>\n<p>Ce circuit offre un m\u00e9lange parfait de culture, d&#8217;histoire et de gastronomie, ce qui en fait le choix id\u00e9al pour ceux qui recherchent une exp\u00e9rience intime et compl\u00e8te de Tol\u00e8de et de ses environs.<\/p>\n<p>R\u00e9servez d\u00e8s maintenant et laissez-nous cr\u00e9er une journ\u00e9e m\u00e9morable rien que pour vous avec Tour Travel &amp; More !<\/p>\n<h2>Points d&#8217;int\u00e9r\u00eat<\/h2>\n<p>Plongez dans le charme de Tol\u00e8de, site class\u00e9 au patrimoine mondial de l&#8217;UNESCO, gr\u00e2ce \u00e0 une visite guid\u00e9e de 2 heures men\u00e9e par un expert local. D\u00e9couvrez l&#8217;histoire vari\u00e9e de la ville, de son architecture m\u00e9di\u00e9vale \u00e0 son h\u00e9ritage culturel vibrant. Visitez des sites embl\u00e9matiques tels que la cath\u00e9drale de Tol\u00e8de, l&#8217;Alcazar et le quartier juif.<\/p>\n<p>Apr\u00e8s votre exploration de Tol\u00e8de, poursuivez votre voyage jusqu&#8217;\u00e0 un vignoble local renomm\u00e9. Profitez d&#8217;une visite guid\u00e9e des vignobles et des caves, o\u00f9 vous d\u00e9couvrirez le processus de fabrication du vin. La visite se termine par une s\u00e9ance de d\u00e9gustation, qui vous permet de savourer une s\u00e9lection des meilleurs vins de la r\u00e9gion.<\/p>\n<p>Notre visite priv\u00e9e est enti\u00e8rement personnalisable pour s&#8217;adapter \u00e0 vos int\u00e9r\u00eats et \u00e0 votre rythme. Que vous souhaitiez passer plus de temps \u00e0 explorer les sites historiques de Tol\u00e8de ou vous adonner \u00e0 une d\u00e9gustation de vin prolong\u00e9e, nous adaptons l&#8217;exp\u00e9rience \u00e0 vos pr\u00e9f\u00e9rences.<\/p>\n<p>\u00c0 la fin de vos visites, votre chauffeur vous ram\u00e8nera \u00e0 votre lieu d&#8217;origine \u00e0 Madrid pour vous reposer.<\/p>\n<p>Comme alternative \u00e0 notre <a href=\"https:\/\/tourtravelandmore.com\/tours\/spain\/madrid-en\/full-day-visit-to-the-wineries-of-toledo-from-madrid\/\"><b>journ\u00e9e compl\u00e8te de visite des caves de Tol\u00e8de au d\u00e9part de<\/b><\/a> <a href=\"\/?p=115393\"><b>Madrid<\/b><\/a>, vous pouvez faire notre <a href=\"\/?p=115393\"><b>journ\u00e9e compl\u00e8te de visite des caves de Ribera del Duero au d\u00e9part de Madrid<\/b><\/a> pendant 12 heures, ou notre <a href=\"\/?p=115312\"><b>journ\u00e9e compl\u00e8te de visite des caves de La Rioja au d\u00e9part de Madrid<\/b><\/a> \u00e9galement, mais pendant 13 heures.<\/p>\n","protected":false},"excerpt":{"rendered":"<p>Profitez de cette journ\u00e9e compl\u00e8te de visite de deux vignobles de Tol\u00e8de au d\u00e9part de Madrid. V\u00e9hicule de luxe priv\u00e9 avec chauffeur et entr\u00e9e aux vignobles. Dur\u00e9e totale de 8 heures. Prise en charge \u00e0 l&#8217;h\u00f4tel \u00e0 Madrid incluse.<\/p>\n","protected":false},"featured_media":115353,"comment_status":"open","ping_status":"closed","template":"","meta":{"_acf_changed":false},"product_brand":[],"product_cat":[5375,5374,5376,3543,4033,4028,4029],"product_tag":[],"class_list":{"0":"post-115387","1":"product","2":"type-product","3":"status-publish","4":"has-post-thumbnail","6":"product_cat-all-private-tours-activities-fr-28","7":"product_cat-private-day-trips-fr-17","8":"product_cat-private-sightseeing-tours-fr-39","9":"product_cat-madrid-fr","10":"product_cat-visites-de-vignobles","11":"product_cat-tous-les-circuits-et-activites-prives","12":"product_cat-excursions-privees-dune-journee","14":"first","15":"instock","16":"shipping-taxable","17":"purchasable","18":"product-type-simple"},"acf":[],"yoast_head":"<!-- This site is optimized with the Yoast SEO Premium plugin v25.3.1 (Yoast SEO v25.3.1) - https:\/\/yoast.com\/wordpress\/plugins\/seo\/ -->\n<title>Les vignobles de Tol\u00e8de depuis Madrid - v\u00e9hicule priv\u00e9 avec chauffeur<\/title>\n<meta name=\"description\" content=\"Visite priv\u00e9e des vignobles de Tol\u00e8de depuis l&#039;h\u00f4tel \u00e0 Madrid. V\u00e9hicule de luxe priv\u00e9 avec chauffeur. Dur\u00e9e totale 8 heures.\" \/>\n<meta name=\"robots\" content=\"index, follow, max-snippet:-1, max-image-preview:large, max-video-preview:-1\" \/>\n<link rel=\"canonical\" href=\"https:\/\/tourtravelandmore.com\/fr\/tours\/espagne-fr\/madrid-fr\/tous-les-circuits-et-activites-prives\/visite-dune-journee-complete-des-vignobles-de-tolede-depuis-madrid\/\" \/>\n<meta property=\"og:locale\" content=\"fr_FR\" \/>\n<meta property=\"og:type\" content=\"article\" \/>\n<meta property=\"og:title\" content=\"Excursion priv\u00e9e d&#039;une journ\u00e9e \u00e0 Tol\u00e8de + visite d&#039;un vignoble et d\u00e9gustation\" \/>\n<meta property=\"og:description\" content=\"Visite priv\u00e9e des vignobles de Tol\u00e8de depuis l&#039;h\u00f4tel \u00e0 Madrid. V\u00e9hicule de luxe priv\u00e9 avec chauffeur. Dur\u00e9e totale 8 heures.\" \/>\n<meta property=\"og:url\" content=\"https:\/\/tourtravelandmore.com\/fr\/tours\/espagne-fr\/madrid-fr\/tous-les-circuits-et-activites-prives\/visite-dune-journee-complete-des-vignobles-de-tolede-depuis-madrid\/\" \/>\n<meta property=\"og:site_name\" content=\"Tour Travel And More\" \/>\n<meta property=\"article:publisher\" content=\"https:\/\/www.facebook.com\/tourtravelandmore\/\" \/>\n<meta property=\"article:modified_time\" content=\"2024-09-12T15:17:10+00:00\" \/>\n<meta property=\"og:image\" content=\"https:\/\/tourtravelandmore.com\/wp-content\/uploads\/2021\/12\/copa1-1.jpg\" \/>\n\t<meta property=\"og:image:width\" content=\"673\" \/>\n\t<meta property=\"og:image:height\" content=\"1010\" \/>\n\t<meta property=\"og:image:type\" content=\"image\/jpeg\" \/>\n<meta name=\"twitter:card\" content=\"summary_large_image\" \/>\n<meta name=\"twitter:site\" content=\"@TourTravel_More\" \/>\n<meta name=\"twitter:label1\" content=\"Dur\u00e9e de lecture estim\u00e9e\" \/>\n\t<meta name=\"twitter:data1\" content=\"2 minutes\" \/>\n<script type=\"application\/ld+json\" class=\"yoast-schema-graph\">{\"@context\":\"https:\/\/schema.org\",\"@graph\":[{\"@type\":\"WebPage\",\"@id\":\"https:\/\/tourtravelandmore.com\/fr\/tours\/espagne-fr\/madrid-fr\/tous-les-circuits-et-activites-prives\/visite-dune-journee-complete-des-vignobles-de-tolede-depuis-madrid\/\",\"url\":\"https:\/\/tourtravelandmore.com\/fr\/tours\/espagne-fr\/madrid-fr\/tous-les-circuits-et-activites-prives\/visite-dune-journee-complete-des-vignobles-de-tolede-depuis-madrid\/\",\"name\":\"Les vignobles de Tol\u00e8de depuis Madrid - v\u00e9hicule priv\u00e9 avec chauffeur\",\"isPartOf\":{\"@id\":\"https:\/\/tourtravelandmore.com\/fr\/#website\"},\"primaryImageOfPage\":{\"@id\":\"https:\/\/tourtravelandmore.com\/fr\/tours\/espagne-fr\/madrid-fr\/tous-les-circuits-et-activites-prives\/visite-dune-journee-complete-des-vignobles-de-tolede-depuis-madrid\/#primaryimage\"},\"image\":{\"@id\":\"https:\/\/tourtravelandmore.com\/fr\/tours\/espagne-fr\/madrid-fr\/tous-les-circuits-et-activites-prives\/visite-dune-journee-complete-des-vignobles-de-tolede-depuis-madrid\/#primaryimage\"},\"thumbnailUrl\":\"https:\/\/tourtravelandmore.com\/wp-content\/uploads\/2021\/12\/copa1-1.jpg\",\"datePublished\":\"2021-12-13T12:16:09+00:00\",\"dateModified\":\"2024-09-12T15:17:10+00:00\",\"description\":\"Visite priv\u00e9e des vignobles de Tol\u00e8de depuis l'h\u00f4tel \u00e0 Madrid. V\u00e9hicule de luxe priv\u00e9 avec chauffeur. Dur\u00e9e totale 8 heures.\",\"breadcrumb\":{\"@id\":\"https:\/\/tourtravelandmore.com\/fr\/tours\/espagne-fr\/madrid-fr\/tous-les-circuits-et-activites-prives\/visite-dune-journee-complete-des-vignobles-de-tolede-depuis-madrid\/#breadcrumb\"},\"inLanguage\":\"fr-FR\",\"potentialAction\":[{\"@type\":\"ReadAction\",\"target\":[\"https:\/\/tourtravelandmore.com\/fr\/tours\/espagne-fr\/madrid-fr\/tous-les-circuits-et-activites-prives\/visite-dune-journee-complete-des-vignobles-de-tolede-depuis-madrid\/\"]}]},{\"@type\":\"ImageObject\",\"inLanguage\":\"fr-FR\",\"@id\":\"https:\/\/tourtravelandmore.com\/fr\/tours\/espagne-fr\/madrid-fr\/tous-les-circuits-et-activites-prives\/visite-dune-journee-complete-des-vignobles-de-tolede-depuis-madrid\/#primaryimage\",\"url\":\"https:\/\/tourtravelandmore.com\/wp-content\/uploads\/2021\/12\/copa1-1.jpg\",\"contentUrl\":\"https:\/\/tourtravelandmore.com\/wp-content\/uploads\/2021\/12\/copa1-1.jpg\",\"width\":673,\"height\":1010},{\"@type\":\"BreadcrumbList\",\"@id\":\"https:\/\/tourtravelandmore.com\/fr\/tours\/espagne-fr\/madrid-fr\/tous-les-circuits-et-activites-prives\/visite-dune-journee-complete-des-vignobles-de-tolede-depuis-madrid\/#breadcrumb\",\"itemListElement\":[{\"@type\":\"ListItem\",\"position\":1,\"name\":\"Home\",\"item\":\"https:\/\/tourtravelandmore.com\/fr\/\"},{\"@type\":\"ListItem\",\"position\":2,\"name\":\"Tours\",\"item\":\"https:\/\/tourtravelandmore.com\/fr\/tours\/\"},{\"@type\":\"ListItem\",\"position\":3,\"name\":\"Excursion priv\u00e9e d&#8217;une journ\u00e9e \u00e0 Tol\u00e8de + visite d&#8217;un vignoble et d\u00e9gustation\"}]},{\"@type\":\"WebSite\",\"@id\":\"https:\/\/tourtravelandmore.com\/fr\/#website\",\"url\":\"https:\/\/tourtravelandmore.com\/fr\/\",\"name\":\"Tour Travel And More\",\"description\":\"Private sightseeing tours and luxury transfers in Spain\",\"publisher\":{\"@id\":\"https:\/\/tourtravelandmore.com\/fr\/#organization\"},\"potentialAction\":[{\"@type\":\"SearchAction\",\"target\":{\"@type\":\"EntryPoint\",\"urlTemplate\":\"https:\/\/tourtravelandmore.com\/fr\/?s={search_term_string}\"},\"query-input\":{\"@type\":\"PropertyValueSpecification\",\"valueRequired\":true,\"valueName\":\"search_term_string\"}}],\"inLanguage\":\"fr-FR\"},{\"@type\":\"Organization\",\"@id\":\"https:\/\/tourtravelandmore.com\/fr\/#organization\",\"name\":\"Tour Travel And More\",\"url\":\"https:\/\/tourtravelandmore.com\/fr\/\",\"logo\":{\"@type\":\"ImageObject\",\"inLanguage\":\"fr-FR\",\"@id\":\"https:\/\/tourtravelandmore.com\/fr\/#\/schema\/logo\/image\/\",\"url\":\"https:\/\/tourtravelandmore.com\/wp-content\/uploads\/2022\/12\/cropped-logo-cabecera-new.png\",\"contentUrl\":\"https:\/\/tourtravelandmore.com\/wp-content\/uploads\/2022\/12\/cropped-logo-cabecera-new.png\",\"width\":430,\"height\":61,\"caption\":\"Tour Travel And More\"},\"image\":{\"@id\":\"https:\/\/tourtravelandmore.com\/fr\/#\/schema\/logo\/image\/\"},\"sameAs\":[\"https:\/\/www.facebook.com\/tourtravelandmore\/\",\"https:\/\/x.com\/TourTravel_More\"]}]}<\/script>\n<!-- \/ Yoast SEO Premium plugin. -->","yoast_head_json":{"title":"Les vignobles de Tol\u00e8de depuis Madrid - v\u00e9hicule priv\u00e9 avec chauffeur","description":"Visite priv\u00e9e des vignobles de Tol\u00e8de depuis l'h\u00f4tel \u00e0 Madrid. V\u00e9hicule de luxe priv\u00e9 avec chauffeur. Dur\u00e9e totale 8 heures.","robots":{"index":"index","follow":"follow","max-snippet":"max-snippet:-1","max-image-preview":"max-image-preview:large","max-video-preview":"max-video-preview:-1"},"canonical":"https:\/\/tourtravelandmore.com\/fr\/tours\/espagne-fr\/madrid-fr\/tous-les-circuits-et-activites-prives\/visite-dune-journee-complete-des-vignobles-de-tolede-depuis-madrid\/","og_locale":"fr_FR","og_type":"article","og_title":"Excursion priv\u00e9e d'une journ\u00e9e \u00e0 Tol\u00e8de + visite d'un vignoble et d\u00e9gustation","og_description":"Visite priv\u00e9e des vignobles de Tol\u00e8de depuis l'h\u00f4tel \u00e0 Madrid. V\u00e9hicule de luxe priv\u00e9 avec chauffeur. Dur\u00e9e totale 8 heures.","og_url":"https:\/\/tourtravelandmore.com\/fr\/tours\/espagne-fr\/madrid-fr\/tous-les-circuits-et-activites-prives\/visite-dune-journee-complete-des-vignobles-de-tolede-depuis-madrid\/","og_site_name":"Tour Travel And More","article_publisher":"https:\/\/www.facebook.com\/tourtravelandmore\/","article_modified_time":"2024-09-12T15:17:10+00:00","og_image":[{"width":673,"height":1010,"url":"https:\/\/tourtravelandmore.com\/wp-content\/uploads\/2021\/12\/copa1-1.jpg","type":"image\/jpeg"}],"twitter_card":"summary_large_image","twitter_site":"@TourTravel_More","twitter_misc":{"Dur\u00e9e de lecture estim\u00e9e":"2 minutes"},"schema":{"@context":"https:\/\/schema.org","@graph":[{"@type":"WebPage","@id":"https:\/\/tourtravelandmore.com\/fr\/tours\/espagne-fr\/madrid-fr\/tous-les-circuits-et-activites-prives\/visite-dune-journee-complete-des-vignobles-de-tolede-depuis-madrid\/","url":"https:\/\/tourtravelandmore.com\/fr\/tours\/espagne-fr\/madrid-fr\/tous-les-circuits-et-activites-prives\/visite-dune-journee-complete-des-vignobles-de-tolede-depuis-madrid\/","name":"Les vignobles de Tol\u00e8de depuis Madrid - v\u00e9hicule priv\u00e9 avec chauffeur","isPartOf":{"@id":"https:\/\/tourtravelandmore.com\/fr\/#website"},"primaryImageOfPage":{"@id":"https:\/\/tourtravelandmore.com\/fr\/tours\/espagne-fr\/madrid-fr\/tous-les-circuits-et-activites-prives\/visite-dune-journee-complete-des-vignobles-de-tolede-depuis-madrid\/#primaryimage"},"image":{"@id":"https:\/\/tourtravelandmore.com\/fr\/tours\/espagne-fr\/madrid-fr\/tous-les-circuits-et-activites-prives\/visite-dune-journee-complete-des-vignobles-de-tolede-depuis-madrid\/#primaryimage"},"thumbnailUrl":"https:\/\/tourtravelandmore.com\/wp-content\/uploads\/2021\/12\/copa1-1.jpg","datePublished":"2021-12-13T12:16:09+00:00","dateModified":"2024-09-12T15:17:10+00:00","description":"Visite priv\u00e9e des vignobles de Tol\u00e8de depuis l'h\u00f4tel \u00e0 Madrid. V\u00e9hicule de luxe priv\u00e9 avec chauffeur. Dur\u00e9e totale 8 heures.","breadcrumb":{"@id":"https:\/\/tourtravelandmore.com\/fr\/tours\/espagne-fr\/madrid-fr\/tous-les-circuits-et-activites-prives\/visite-dune-journee-complete-des-vignobles-de-tolede-depuis-madrid\/#breadcrumb"},"inLanguage":"fr-FR","potentialAction":[{"@type":"ReadAction","target":["https:\/\/tourtravelandmore.com\/fr\/tours\/espagne-fr\/madrid-fr\/tous-les-circuits-et-activites-prives\/visite-dune-journee-complete-des-vignobles-de-tolede-depuis-madrid\/"]}]},{"@type":"ImageObject","inLanguage":"fr-FR","@id":"https:\/\/tourtravelandmore.com\/fr\/tours\/espagne-fr\/madrid-fr\/tous-les-circuits-et-activites-prives\/visite-dune-journee-complete-des-vignobles-de-tolede-depuis-madrid\/#primaryimage","url":"https:\/\/tourtravelandmore.com\/wp-content\/uploads\/2021\/12\/copa1-1.jpg","contentUrl":"https:\/\/tourtravelandmore.com\/wp-content\/uploads\/2021\/12\/copa1-1.jpg","width":673,"height":1010},{"@type":"BreadcrumbList","@id":"https:\/\/tourtravelandmore.com\/fr\/tours\/espagne-fr\/madrid-fr\/tous-les-circuits-et-activites-prives\/visite-dune-journee-complete-des-vignobles-de-tolede-depuis-madrid\/#breadcrumb","itemListElement":[{"@type":"ListItem","position":1,"name":"Home","item":"https:\/\/tourtravelandmore.com\/fr\/"},{"@type":"ListItem","position":2,"name":"Tours","item":"https:\/\/tourtravelandmore.com\/fr\/tours\/"},{"@type":"ListItem","position":3,"name":"Excursion priv\u00e9e d&#8217;une journ\u00e9e \u00e0 Tol\u00e8de + visite d&#8217;un vignoble et d\u00e9gustation"}]},{"@type":"WebSite","@id":"https:\/\/tourtravelandmore.com\/fr\/#website","url":"https:\/\/tourtravelandmore.com\/fr\/","name":"Tour Travel And More","description":"Private sightseeing tours and luxury transfers in Spain","publisher":{"@id":"https:\/\/tourtravelandmore.com\/fr\/#organization"},"potentialAction":[{"@type":"SearchAction","target":{"@type":"EntryPoint","urlTemplate":"https:\/\/tourtravelandmore.com\/fr\/?s={search_term_string}"},"query-input":{"@type":"PropertyValueSpecification","valueRequired":true,"valueName":"search_term_string"}}],"inLanguage":"fr-FR"},{"@type":"Organization","@id":"https:\/\/tourtravelandmore.com\/fr\/#organization","name":"Tour Travel And More","url":"https:\/\/tourtravelandmore.com\/fr\/","logo":{"@type":"ImageObject","inLanguage":"fr-FR","@id":"https:\/\/tourtravelandmore.com\/fr\/#\/schema\/logo\/image\/","url":"https:\/\/tourtravelandmore.com\/wp-content\/uploads\/2022\/12\/cropped-logo-cabecera-new.png","contentUrl":"https:\/\/tourtravelandmore.com\/wp-content\/uploads\/2022\/12\/cropped-logo-cabecera-new.png","width":430,"height":61,"caption":"Tour Travel And More"},"image":{"@id":"https:\/\/tourtravelandmore.com\/fr\/#\/schema\/logo\/image\/"},"sameAs":["https:\/\/www.facebook.com\/tourtravelandmore\/","https:\/\/x.com\/TourTravel_More"]}]}},"_links":{"self":[{"href":"https:\/\/tourtravelandmore.com\/fr\/wp-json\/wp\/v2\/product\/115387","targetHints":{"allow":["GET"]}}],"collection":[{"href":"https:\/\/tourtravelandmore.com\/fr\/wp-json\/wp\/v2\/product"}],"about":[{"href":"https:\/\/tourtravelandmore.com\/fr\/wp-json\/wp\/v2\/types\/product"}],"replies":[{"embeddable":true,"href":"https:\/\/tourtravelandmore.com\/fr\/wp-json\/wp\/v2\/comments?post=115387"}],"wp:featuredmedia":[{"embeddable":true,"href":"https:\/\/tourtravelandmore.com\/fr\/wp-json\/wp\/v2\/media\/115353"}],"wp:attachment":[{"href":"https:\/\/tourtravelandmore.com\/fr\/wp-json\/wp\/v2\/media?parent=115387"}],"wp:term":[{"taxonomy":"product_brand","embeddable":true,"href":"https:\/\/tourtravelandmore.com\/fr\/wp-json\/wp\/v2\/product_brand?post=115387"},{"taxonomy":"product_cat","embeddable":true,"href":"https:\/\/tourtravelandmore.com\/fr\/wp-json\/wp\/v2\/product_cat?post=115387"},{"taxonomy":"product_tag","embeddable":true,"href":"https:\/\/tourtravelandmore.com\/fr\/wp-json\/wp\/v2\/product_tag?post=115387"}],"curies":[{"name":"wp","href":"https:\/\/api.w.org\/{rel}","templated":true}]}}