{"id":114811,"date":"2021-12-03T11:50:20","date_gmt":"2021-12-03T10:50:31","guid":{"rendered":"https:\/\/tourtravelandmore.com\/?post_type=product&#038;p=114811"},"modified":"2021-12-06T17:21:45","modified_gmt":"2021-12-06T16:21:45","slug":"visite-privee-de-zaanse-schans-edam-volendam-et-marken","status":"publish","type":"product","link":"https:\/\/tourtravelandmore.com\/fr\/tours\/les-pays-bas-fr\/amsterdam-fr\/visite-privee-de-zaanse-schans-edam-volendam-et-marken\/","title":{"rendered":"Visite priv\u00e9e de Zaanse Schans, Edam, Volendam et Marken"},"content":{"rendered":"<h2><b>Description Visite priv\u00e9e de Zaanse Schans, Edam, Volendam et Marken<\/b><\/h2>\n<p><span style=\"font-weight: 400;\">Si vous visitez la Hollande, il y a une excursion que vous ne pouvez manquer pour rien au monde : la visite des embl\u00e9matiques moulins \u00e0 vent. Vous ne devez pas non plus partir sans avoir go\u00fbt\u00e9 au d\u00e9licieux fromage d&#8217;Edam et sans avoir v\u00e9cu la magie d&#8217;un village n\u00e9erlandais.<\/span><\/p>\n<p><span style=\"font-weight: 400;\">Vous pourrez profiter de tout cela et de bien d&#8217;autres choses encore lors de notre <\/span><b>visite priv\u00e9e \u00e0 Zaanse Schans, Edam, Volendam et Marken.<\/b><\/p>\n<p><span style=\"font-weight: 400;\">Plongez dans les vraies beaut\u00e9s de la Hollande rurale, lors d&#8217;une visite priv\u00e9e <\/span><b>comprenant une voiture et un guide personnalis\u00e9.<\/b><\/p>\n<p><span style=\"font-weight: 400;\">Notre visite priv\u00e9e <\/span><b>dure 8 heures<\/b><span style=\"font-weight: 400;\">. Pendant ce temps, vous disposerez d&#8217;une voiture priv\u00e9e confortable, ainsi que d&#8217;un guide expert qui vous surprendra avec des <\/span><b>faits sur l&#8217;histoire locale.<\/b><\/p>\n<p><span style=\"font-weight: 400;\">D\u00e9connectez-vous de la ville et laissez-vous emporter par la magie, les couleurs et les saveurs de la merveilleuse campagne n\u00e9erlandaise.<\/span><\/p>\n<p><span style=\"font-weight: 400;\">Notre visite commence \u00e0 Zaanse Schans, o\u00f9 vous aurez l&#8217;occasion de photographier les impressionnants moulins \u00e0 vent : <\/span><i><span style=\"font-weight: 400;\">ils fonctionnent encore !<\/span><\/i><\/p>\n<p><span style=\"font-weight: 400;\">Ensuite, nous nous dirigerons vers Waterland, o\u00f9 vous pourrez profiter de la beaut\u00e9 naturelle des beaux villages d&#8217;Edam, Volendam et Marken.<\/span><\/p>\n<p><span style=\"font-weight: 400;\">Une fois \u00e0 la campagne, vous pourrez visiter la place centrale, les ports de p\u00eache, les fromageries et m\u00eame une fabrique de sabots.<\/span><\/p>\n<p><span style=\"font-weight: 400;\">Vous verrez \u00e9galement de pr\u00e8s les c\u00e9l\u00e8bres \u00e9glises protestantes et les maisons \u00e0 colombages, qui vous ram\u00e8neront au XVIIe si\u00e8cle. C&#8217;est une exp\u00e9rience \u00e0 ne pas manquer.\u00a0<\/span><\/p>\n<h2><span style=\"color: #d3af37;\"><b>Points d&#8217;int\u00e9r\u00eat<\/b><\/span><\/h2>\n<p><span style=\"font-weight: 400;\">La visite priv\u00e9e de Zaanse Schans, Edam, Volendam et Marken commence au moment o\u00f9 vous convenez avec le guide qu&#8217;un chauffeur priv\u00e9 viendra vous chercher.<\/span><\/p>\n<p><span style=\"font-weight: 400;\">Ensuite, commencez votre voyage dans une voiture qui vous emm\u00e8nera \u00e0 travers les prairies et les champs n\u00e9erlandais jusqu&#8217;\u00e0 Zaanse Schans.<\/span><\/p>\n<p><span style=\"font-weight: 400;\">\u00a0<\/span><\/p>\n<h3><span style=\"color: #d3af37;\"><b>Zaanse Schans<\/b><\/span><\/h3>\n<p><span style=\"font-weight: 400;\">Le village pittoresque de Zaanse Schans est situ\u00e9 \u00e0 seulement 20 km d&#8217;Amsterdam. Lorsque vous le visiterez, vous vous rendrez compte que l&#8217;endroit semble \u00eatre fig\u00e9 dans le temps.<\/span><\/p>\n<p><span style=\"font-weight: 400;\">Le village a l&#8217;apparence d&#8217;un mus\u00e9e en plein air. D\u00e8s votre arriv\u00e9e, vous verrez des maisons construites au 15e si\u00e8cle et plusieurs moulins datant de l&#8217;\u00e2ge d&#8217;or n\u00e9erlandais.<\/span><\/p>\n<p><span style=\"font-weight: 400;\">Lors de votre passage, vous aurez l&#8217;occasion de visiter le parc de Zaanse Schans et de prendre une photo de pr\u00e8s de ses imposants moulins \u00e0 vent.<\/span><\/p>\n<p><span style=\"font-weight: 400;\">Vous apprendrez \u00e9galement comment sont fabriqu\u00e9es les chaussures en bois traditionnelles su\u00e9doises.<\/span><\/p>\n<h3><span style=\"color: #d3af37;\"><b>Edam<\/b><\/span><\/h3>\n<p><span style=\"font-weight: 400;\">La visite priv\u00e9e se poursuit dans le splendide village d&#8217;Edam, un endroit id\u00e9al pour <\/span><b>se retirer du stress de la vie quotidienne.<\/b><\/p>\n<p><span style=\"font-weight: 400;\">\u00c0 l&#8217;int\u00e9rieur d&#8217;Edam, vous trouverez ses rues pav\u00e9es irr\u00e9elles, qui semblent sortir d&#8217;un conte de f\u00e9es n\u00e9erlandais classique.<\/span><\/p>\n<p><span style=\"font-weight: 400;\">Lorsque vous y \u00eates, vous ne pouvez pas partir sans visiter les c\u00e9l\u00e8bres fromageries. Ils produisent l&#8217;un des produits laitiers les plus c\u00e9l\u00e8bres au monde : le fromage en boule d&#8217;Edam.<\/span><\/p>\n<p><span style=\"font-weight: 400;\">Si vous vous y rendez entre juillet et ao\u00fbt, vous devez absolument visiter le c\u00e9l\u00e8bre march\u00e9 aux fromages de la ville. Ici, vous serez ravi par la diversit\u00e9 des saveurs propos\u00e9es et, en m\u00eame temps, ce sera le moment id\u00e9al pour profiter de sa beaut\u00e9 magique.<\/span><\/p>\n<h3><span style=\"color: #d3af37;\"><b>Fromagerie<\/b><\/span><\/h3>\n<p><span style=\"font-weight: 400;\">Si tout est question de saveurs d\u00e9licieuses, vous visiterez au cours de la visite quelques-unes des fromageries les plus historiques et les plus repr\u00e9sentatives de la r\u00e9gion.<\/span><\/p>\n<p><span style=\"font-weight: 400;\">Vous pourrez ainsi voir le processus de production et go\u00fbter une grande vari\u00e9t\u00e9 de produits de la r\u00e9gion.<\/span><\/p>\n<h3><span style=\"color: #d3af37;\"><b>Volendam<\/b><\/span><\/h3>\n<p><span style=\"font-weight: 400;\">Dans ce surprenant village n\u00e9erlandais, vous serez captiv\u00e9 par la beaut\u00e9 fascinante de ses maisons vertes.<\/span><\/p>\n<p><span style=\"font-weight: 400;\">Vous y trouverez un d\u00e9licieux poisson, qui est aussi l&#8217;un des plus c\u00e9l\u00e8bres de Hollande.<\/span><\/p>\n<p><span style=\"font-weight: 400;\">De plus, lorsque vous \u00eates \u00e0 Volendam, profitez-en pour vous promener sur les quais et observer les p\u00eacheurs au travail.<\/span><\/p>\n<h3><span style=\"color: #d3af37;\"><b>Marken<\/b><\/span><\/h3>\n<p><span style=\"font-weight: 400;\">La visite priv\u00e9e de Zaanse Schans, Edam, Volendam et Marken se termine en beaut\u00e9 avec la visite de Marken, une \u00eele charg\u00e9e d&#8217;histoire et habit\u00e9e par des p\u00eacheurs.<\/span><\/p>\n<p><span style=\"font-weight: 400;\">Le guide vous racontera toutes les complications que l&#8217;eau a caus\u00e9es aux habitants au cours de l&#8217;histoire et comment le village a surv\u00e9cu \u00e0 diverses trag\u00e9dies.<\/span><\/p>\n<p><span style=\"font-weight: 400;\">Vous pourrez profiter du temps libre pour faire une promenade en bateau autour du village.<\/span><\/p>\n<p><span style=\"font-weight: 400;\">\u00c0 la fin de la visite, la voiture vous ram\u00e8nera \u00e0 l&#8217;endroit de votre choix pour vous reposer et recharger vos batteries.<\/span><\/p>\n<p><span style=\"font-weight: 400;\">Apr\u00e8s avoir r\u00e9cup\u00e9r\u00e9 votre \u00e9nergie, nous vous recommandons de faire le <\/span><a href=\"https:\/\/amsterdamguias.com\/tours-privados-amsterdam\/\"><span style=\"font-weight: 400;\">tour priv\u00e9 en v\u00e9lo d&#8217;Amsterdam<\/span><\/a><span style=\"font-weight: 400;\">, pour d\u00e9couvrir la belle capitale n\u00e9erlandaise de mani\u00e8re amusante.<\/span><\/p>\n","protected":false},"excerpt":{"rendered":"<p><span style=\"font-weight: 400;\">D\u00e9couvrez la magnifique campagne fran\u00e7aise lors de notre visite priv\u00e9e des moulins \u00e0 vent de Volendam et Zaanse Schans au d\u00e9part d&#8217;Amsterdam. Profitez de votre s\u00e9jour \u00e0 Amsterdam pour voir les c\u00e9l\u00e8bres moulins \u00e0 vent de Zaanse Schans, les maisons vertes embl\u00e9matiques de Volendam, et bien d&#8217;autres lieux d&#8217;une incroyable beaut\u00e9. Il s&#8217;agit d&#8217;une visite exclusive et personnalis\u00e9e au cours de laquelle vous serez accompagn\u00e9 par un guide priv\u00e9 tout en \u00e9tant transport\u00e9 dans une voiture de luxe confortable.<\/span><\/p>\n","protected":false},"featured_media":114824,"comment_status":"open","ping_status":"closed","template":"","meta":{"_acf_changed":false},"product_brand":[],"product_cat":[3668,3633,4003,4004],"product_tag":[],"class_list":{"0":"post-114811","1":"product","2":"type-product","3":"status-publish","4":"has-post-thumbnail","6":"product_cat-les-pays-bas-fr","7":"product_cat-amsterdam-fr","8":"product_cat-all-private-tours-activities-fr-2","9":"product_cat-private-sightseeing-tours-fr-2","11":"first","12":"instock","13":"shipping-taxable","14":"purchasable","15":"product-type-simple"},"acf":[],"yoast_head":"<!-- This site is optimized with the Yoast SEO Premium plugin v25.3.1 (Yoast SEO v25.3.1) - https:\/\/yoast.com\/wordpress\/plugins\/seo\/ -->\n<title>Visite priv\u00e9e en voiture de Zaanse Schans, Edam, Volendam et Marken avec guide priv\u00e9 inclus.<\/title>\n<meta name=\"description\" content=\"Traversez la campagne n\u00e9erlandaise et apprenez \u00e0 conna\u00eetre Zaanse Schans, Edam, Volendam et Marken lors d&#039;une visite priv\u00e9e avec un guide personnel.\" \/>\n<meta name=\"robots\" content=\"index, follow, max-snippet:-1, max-image-preview:large, max-video-preview:-1\" \/>\n<link rel=\"canonical\" href=\"https:\/\/tourtravelandmore.com\/fr\/tours\/les-pays-bas-fr\/amsterdam-fr\/visite-privee-de-zaanse-schans-edam-volendam-et-marken\/\" \/>\n<meta property=\"og:locale\" content=\"fr_FR\" \/>\n<meta property=\"og:type\" content=\"article\" \/>\n<meta property=\"og:title\" content=\"Visite priv\u00e9e de Zaanse Schans, Edam, Volendam et Marken\" \/>\n<meta property=\"og:description\" content=\"Traversez la campagne n\u00e9erlandaise et apprenez \u00e0 conna\u00eetre Zaanse Schans, Edam, Volendam et Marken lors d&#039;une visite priv\u00e9e avec un guide personnel.\" \/>\n<meta property=\"og:url\" content=\"https:\/\/tourtravelandmore.com\/fr\/tours\/les-pays-bas-fr\/amsterdam-fr\/visite-privee-de-zaanse-schans-edam-volendam-et-marken\/\" \/>\n<meta property=\"og:site_name\" content=\"Tour Travel And More\" \/>\n<meta property=\"article:publisher\" content=\"https:\/\/www.facebook.com\/tourtravelandmore\/\" \/>\n<meta property=\"article:modified_time\" content=\"2021-12-06T16:21:45+00:00\" \/>\n<meta property=\"og:image\" content=\"https:\/\/tourtravelandmore.com\/wp-content\/uploads\/2021\/12\/image2-3.jpg\" \/>\n\t<meta property=\"og:image:width\" content=\"910\" \/>\n\t<meta property=\"og:image:height\" content=\"607\" \/>\n\t<meta property=\"og:image:type\" content=\"image\/jpeg\" \/>\n<meta name=\"twitter:card\" content=\"summary_large_image\" \/>\n<meta name=\"twitter:site\" content=\"@TourTravel_More\" \/>\n<meta name=\"twitter:label1\" content=\"Dur\u00e9e de lecture estim\u00e9e\" \/>\n\t<meta name=\"twitter:data1\" content=\"4 minutes\" \/>\n<script type=\"application\/ld+json\" class=\"yoast-schema-graph\">{\"@context\":\"https:\/\/schema.org\",\"@graph\":[{\"@type\":\"WebPage\",\"@id\":\"https:\/\/tourtravelandmore.com\/fr\/tours\/les-pays-bas-fr\/amsterdam-fr\/visite-privee-de-zaanse-schans-edam-volendam-et-marken\/\",\"url\":\"https:\/\/tourtravelandmore.com\/fr\/tours\/les-pays-bas-fr\/amsterdam-fr\/visite-privee-de-zaanse-schans-edam-volendam-et-marken\/\",\"name\":\"Visite priv\u00e9e en voiture de Zaanse Schans, Edam, Volendam et Marken avec guide priv\u00e9 inclus.\",\"isPartOf\":{\"@id\":\"https:\/\/tourtravelandmore.com\/fr\/#website\"},\"primaryImageOfPage\":{\"@id\":\"https:\/\/tourtravelandmore.com\/fr\/tours\/les-pays-bas-fr\/amsterdam-fr\/visite-privee-de-zaanse-schans-edam-volendam-et-marken\/#primaryimage\"},\"image\":{\"@id\":\"https:\/\/tourtravelandmore.com\/fr\/tours\/les-pays-bas-fr\/amsterdam-fr\/visite-privee-de-zaanse-schans-edam-volendam-et-marken\/#primaryimage\"},\"thumbnailUrl\":\"https:\/\/tourtravelandmore.com\/wp-content\/uploads\/2021\/12\/image2-3.jpg\",\"datePublished\":\"2021-12-03T10:50:31+00:00\",\"dateModified\":\"2021-12-06T16:21:45+00:00\",\"description\":\"Traversez la campagne n\u00e9erlandaise et apprenez \u00e0 conna\u00eetre Zaanse Schans, Edam, Volendam et Marken lors d'une visite priv\u00e9e avec un guide personnel.\",\"breadcrumb\":{\"@id\":\"https:\/\/tourtravelandmore.com\/fr\/tours\/les-pays-bas-fr\/amsterdam-fr\/visite-privee-de-zaanse-schans-edam-volendam-et-marken\/#breadcrumb\"},\"inLanguage\":\"fr-FR\",\"potentialAction\":[{\"@type\":\"ReadAction\",\"target\":[\"https:\/\/tourtravelandmore.com\/fr\/tours\/les-pays-bas-fr\/amsterdam-fr\/visite-privee-de-zaanse-schans-edam-volendam-et-marken\/\"]}]},{\"@type\":\"ImageObject\",\"inLanguage\":\"fr-FR\",\"@id\":\"https:\/\/tourtravelandmore.com\/fr\/tours\/les-pays-bas-fr\/amsterdam-fr\/visite-privee-de-zaanse-schans-edam-volendam-et-marken\/#primaryimage\",\"url\":\"https:\/\/tourtravelandmore.com\/wp-content\/uploads\/2021\/12\/image2-3.jpg\",\"contentUrl\":\"https:\/\/tourtravelandmore.com\/wp-content\/uploads\/2021\/12\/image2-3.jpg\",\"width\":910,\"height\":607},{\"@type\":\"BreadcrumbList\",\"@id\":\"https:\/\/tourtravelandmore.com\/fr\/tours\/les-pays-bas-fr\/amsterdam-fr\/visite-privee-de-zaanse-schans-edam-volendam-et-marken\/#breadcrumb\",\"itemListElement\":[{\"@type\":\"ListItem\",\"position\":1,\"name\":\"Home\",\"item\":\"https:\/\/tourtravelandmore.com\/fr\/\"},{\"@type\":\"ListItem\",\"position\":2,\"name\":\"Tours\",\"item\":\"https:\/\/tourtravelandmore.com\/fr\/tours\/\"},{\"@type\":\"ListItem\",\"position\":3,\"name\":\"Visite priv\u00e9e de Zaanse Schans, Edam, Volendam et Marken\"}]},{\"@type\":\"WebSite\",\"@id\":\"https:\/\/tourtravelandmore.com\/fr\/#website\",\"url\":\"https:\/\/tourtravelandmore.com\/fr\/\",\"name\":\"Tour Travel And More\",\"description\":\"Private sightseeing tours and luxury transfers in Spain\",\"publisher\":{\"@id\":\"https:\/\/tourtravelandmore.com\/fr\/#organization\"},\"potentialAction\":[{\"@type\":\"SearchAction\",\"target\":{\"@type\":\"EntryPoint\",\"urlTemplate\":\"https:\/\/tourtravelandmore.com\/fr\/?s={search_term_string}\"},\"query-input\":{\"@type\":\"PropertyValueSpecification\",\"valueRequired\":true,\"valueName\":\"search_term_string\"}}],\"inLanguage\":\"fr-FR\"},{\"@type\":\"Organization\",\"@id\":\"https:\/\/tourtravelandmore.com\/fr\/#organization\",\"name\":\"Tour Travel And More\",\"url\":\"https:\/\/tourtravelandmore.com\/fr\/\",\"logo\":{\"@type\":\"ImageObject\",\"inLanguage\":\"fr-FR\",\"@id\":\"https:\/\/tourtravelandmore.com\/fr\/#\/schema\/logo\/image\/\",\"url\":\"https:\/\/tourtravelandmore.com\/wp-content\/uploads\/2022\/12\/cropped-logo-cabecera-new.png\",\"contentUrl\":\"https:\/\/tourtravelandmore.com\/wp-content\/uploads\/2022\/12\/cropped-logo-cabecera-new.png\",\"width\":430,\"height\":61,\"caption\":\"Tour Travel And More\"},\"image\":{\"@id\":\"https:\/\/tourtravelandmore.com\/fr\/#\/schema\/logo\/image\/\"},\"sameAs\":[\"https:\/\/www.facebook.com\/tourtravelandmore\/\",\"https:\/\/x.com\/TourTravel_More\"]}]}<\/script>\n<!-- \/ Yoast SEO Premium plugin. -->","yoast_head_json":{"title":"Visite priv\u00e9e en voiture de Zaanse Schans, Edam, Volendam et Marken avec guide priv\u00e9 inclus.","description":"Traversez la campagne n\u00e9erlandaise et apprenez \u00e0 conna\u00eetre Zaanse Schans, Edam, Volendam et Marken lors d'une visite priv\u00e9e avec un guide personnel.","robots":{"index":"index","follow":"follow","max-snippet":"max-snippet:-1","max-image-preview":"max-image-preview:large","max-video-preview":"max-video-preview:-1"},"canonical":"https:\/\/tourtravelandmore.com\/fr\/tours\/les-pays-bas-fr\/amsterdam-fr\/visite-privee-de-zaanse-schans-edam-volendam-et-marken\/","og_locale":"fr_FR","og_type":"article","og_title":"Visite priv\u00e9e de Zaanse Schans, Edam, Volendam et Marken","og_description":"Traversez la campagne n\u00e9erlandaise et apprenez \u00e0 conna\u00eetre Zaanse Schans, Edam, Volendam et Marken lors d'une visite priv\u00e9e avec un guide personnel.","og_url":"https:\/\/tourtravelandmore.com\/fr\/tours\/les-pays-bas-fr\/amsterdam-fr\/visite-privee-de-zaanse-schans-edam-volendam-et-marken\/","og_site_name":"Tour Travel And More","article_publisher":"https:\/\/www.facebook.com\/tourtravelandmore\/","article_modified_time":"2021-12-06T16:21:45+00:00","og_image":[{"width":910,"height":607,"url":"https:\/\/tourtravelandmore.com\/wp-content\/uploads\/2021\/12\/image2-3.jpg","type":"image\/jpeg"}],"twitter_card":"summary_large_image","twitter_site":"@TourTravel_More","twitter_misc":{"Dur\u00e9e de lecture estim\u00e9e":"4 minutes"},"schema":{"@context":"https:\/\/schema.org","@graph":[{"@type":"WebPage","@id":"https:\/\/tourtravelandmore.com\/fr\/tours\/les-pays-bas-fr\/amsterdam-fr\/visite-privee-de-zaanse-schans-edam-volendam-et-marken\/","url":"https:\/\/tourtravelandmore.com\/fr\/tours\/les-pays-bas-fr\/amsterdam-fr\/visite-privee-de-zaanse-schans-edam-volendam-et-marken\/","name":"Visite priv\u00e9e en voiture de Zaanse Schans, Edam, Volendam et Marken avec guide priv\u00e9 inclus.","isPartOf":{"@id":"https:\/\/tourtravelandmore.com\/fr\/#website"},"primaryImageOfPage":{"@id":"https:\/\/tourtravelandmore.com\/fr\/tours\/les-pays-bas-fr\/amsterdam-fr\/visite-privee-de-zaanse-schans-edam-volendam-et-marken\/#primaryimage"},"image":{"@id":"https:\/\/tourtravelandmore.com\/fr\/tours\/les-pays-bas-fr\/amsterdam-fr\/visite-privee-de-zaanse-schans-edam-volendam-et-marken\/#primaryimage"},"thumbnailUrl":"https:\/\/tourtravelandmore.com\/wp-content\/uploads\/2021\/12\/image2-3.jpg","datePublished":"2021-12-03T10:50:31+00:00","dateModified":"2021-12-06T16:21:45+00:00","description":"Traversez la campagne n\u00e9erlandaise et apprenez \u00e0 conna\u00eetre Zaanse Schans, Edam, Volendam et Marken lors d'une visite priv\u00e9e avec un guide personnel.","breadcrumb":{"@id":"https:\/\/tourtravelandmore.com\/fr\/tours\/les-pays-bas-fr\/amsterdam-fr\/visite-privee-de-zaanse-schans-edam-volendam-et-marken\/#breadcrumb"},"inLanguage":"fr-FR","potentialAction":[{"@type":"ReadAction","target":["https:\/\/tourtravelandmore.com\/fr\/tours\/les-pays-bas-fr\/amsterdam-fr\/visite-privee-de-zaanse-schans-edam-volendam-et-marken\/"]}]},{"@type":"ImageObject","inLanguage":"fr-FR","@id":"https:\/\/tourtravelandmore.com\/fr\/tours\/les-pays-bas-fr\/amsterdam-fr\/visite-privee-de-zaanse-schans-edam-volendam-et-marken\/#primaryimage","url":"https:\/\/tourtravelandmore.com\/wp-content\/uploads\/2021\/12\/image2-3.jpg","contentUrl":"https:\/\/tourtravelandmore.com\/wp-content\/uploads\/2021\/12\/image2-3.jpg","width":910,"height":607},{"@type":"BreadcrumbList","@id":"https:\/\/tourtravelandmore.com\/fr\/tours\/les-pays-bas-fr\/amsterdam-fr\/visite-privee-de-zaanse-schans-edam-volendam-et-marken\/#breadcrumb","itemListElement":[{"@type":"ListItem","position":1,"name":"Home","item":"https:\/\/tourtravelandmore.com\/fr\/"},{"@type":"ListItem","position":2,"name":"Tours","item":"https:\/\/tourtravelandmore.com\/fr\/tours\/"},{"@type":"ListItem","position":3,"name":"Visite priv\u00e9e de Zaanse Schans, Edam, Volendam et Marken"}]},{"@type":"WebSite","@id":"https:\/\/tourtravelandmore.com\/fr\/#website","url":"https:\/\/tourtravelandmore.com\/fr\/","name":"Tour Travel And More","description":"Private sightseeing tours and luxury transfers in Spain","publisher":{"@id":"https:\/\/tourtravelandmore.com\/fr\/#organization"},"potentialAction":[{"@type":"SearchAction","target":{"@type":"EntryPoint","urlTemplate":"https:\/\/tourtravelandmore.com\/fr\/?s={search_term_string}"},"query-input":{"@type":"PropertyValueSpecification","valueRequired":true,"valueName":"search_term_string"}}],"inLanguage":"fr-FR"},{"@type":"Organization","@id":"https:\/\/tourtravelandmore.com\/fr\/#organization","name":"Tour Travel And More","url":"https:\/\/tourtravelandmore.com\/fr\/","logo":{"@type":"ImageObject","inLanguage":"fr-FR","@id":"https:\/\/tourtravelandmore.com\/fr\/#\/schema\/logo\/image\/","url":"https:\/\/tourtravelandmore.com\/wp-content\/uploads\/2022\/12\/cropped-logo-cabecera-new.png","contentUrl":"https:\/\/tourtravelandmore.com\/wp-content\/uploads\/2022\/12\/cropped-logo-cabecera-new.png","width":430,"height":61,"caption":"Tour Travel And More"},"image":{"@id":"https:\/\/tourtravelandmore.com\/fr\/#\/schema\/logo\/image\/"},"sameAs":["https:\/\/www.facebook.com\/tourtravelandmore\/","https:\/\/x.com\/TourTravel_More"]}]}},"_links":{"self":[{"href":"https:\/\/tourtravelandmore.com\/fr\/wp-json\/wp\/v2\/product\/114811","targetHints":{"allow":["GET"]}}],"collection":[{"href":"https:\/\/tourtravelandmore.com\/fr\/wp-json\/wp\/v2\/product"}],"about":[{"href":"https:\/\/tourtravelandmore.com\/fr\/wp-json\/wp\/v2\/types\/product"}],"replies":[{"embeddable":true,"href":"https:\/\/tourtravelandmore.com\/fr\/wp-json\/wp\/v2\/comments?post=114811"}],"wp:featuredmedia":[{"embeddable":true,"href":"https:\/\/tourtravelandmore.com\/fr\/wp-json\/wp\/v2\/media\/114824"}],"wp:attachment":[{"href":"https:\/\/tourtravelandmore.com\/fr\/wp-json\/wp\/v2\/media?parent=114811"}],"wp:term":[{"taxonomy":"product_brand","embeddable":true,"href":"https:\/\/tourtravelandmore.com\/fr\/wp-json\/wp\/v2\/product_brand?post=114811"},{"taxonomy":"product_cat","embeddable":true,"href":"https:\/\/tourtravelandmore.com\/fr\/wp-json\/wp\/v2\/product_cat?post=114811"},{"taxonomy":"product_tag","embeddable":true,"href":"https:\/\/tourtravelandmore.com\/fr\/wp-json\/wp\/v2\/product_tag?post=114811"}],"curies":[{"name":"wp","href":"https:\/\/api.w.org\/{rel}","templated":true}]}}