{"id":114657,"date":"2021-12-02T17:16:19","date_gmt":"2021-12-02T16:16:31","guid":{"rendered":"https:\/\/tourtravelandmore.com\/?post_type=product&#038;p=114657"},"modified":"2023-08-21T14:39:15","modified_gmt":"2023-08-21T12:39:15","slug":"escale-a-amsterdam-visite-privee-depuis-laeroport","status":"publish","type":"product","link":"https:\/\/tourtravelandmore.com\/fr\/tours\/les-pays-bas-fr\/amsterdam-fr\/escale-a-amsterdam-visite-privee-depuis-laeroport\/","title":{"rendered":"Escale \u00e0 Amsterdam ? Visite priv\u00e9e depuis l&#8217;a\u00e9roport"},"content":{"rendered":"<h2><strong>Description Visite de la ville d&#8217;Amsterdam &#8211; Visite priv\u00e9e depuis l&#8217;a\u00e9roport<\/strong><\/h2>\n<p><span style=\"font-weight: 400;\">Si vous avez une escale \u00e0 Amsterdam, vous pouvez profiter de votre temps pour faire une visite guid\u00e9e de la ville.\u00a0<\/span><\/p>\n<p><span style=\"font-weight: 400;\">Avec notre <\/span><b>visite priv\u00e9e depuis l&#8217;a\u00e9roport, <\/b><span style=\"font-weight: 400;\">vous vivrez une exp\u00e9rience totalement personnalis\u00e9e, au cours de laquelle une voiture priv\u00e9e avec guide vous fera d\u00e9couvrir les points les plus embl\u00e9matiques de cette ville imposante.\u00a0 <\/span><span style=\"font-weight: 400;\">Vous n&#8217;aurez \u00e0 vous soucier de rien, juste \u00e0 profiter de l&#8217;excursion. La voiture viendra vous chercher \u00e0 l&#8217;a\u00e9roport, et \u00e0 la fin de l&#8217;excursion, elle vous ram\u00e8nera pour que vous ne manquiez pas votre vol.\u00a0<\/span><\/p>\n<p><span style=\"font-weight: 400;\">Pour votre confort et votre tranquillit\u00e9 d&#8217;esprit, <\/span><b>nous vous attendrons au terminal des arriv\u00e9es <\/b><span style=\"font-weight: 400;\">avec un panneau portant votre nom. Ainsi, vous saurez o\u00f9 nous trouver et vous ne manquerez pas une minute de l&#8217;excursion.\u00a0<\/span><\/p>\n<p><span style=\"font-weight: 400;\">La meilleure chose est que nous avons 2 options de transport disponibles pour que vous puissiez choisir celle qui vous convient le mieux, en fonction de votre temps d&#8217;attente \u00e0 l&#8217;a\u00e9roport.\u00a0 <\/span><span style=\"font-weight: 400;\">Dans chacune des visites que nous proposons, vous serez transport\u00e9 dans une voiture priv\u00e9e confortable. Le guide sera avec vous pendant la visite, pour vous raconter les faits les plus importants sur chaque site d&#8217;int\u00e9r\u00eat.\u00a0<\/span><\/p>\n<p><span style=\"font-weight: 400;\">Vous pouvez choisir l&#8217;<\/span><b>excursion de 4 heures<\/b><span style=\"font-weight: 400;\">, qui vous donnera l&#8217;occasion de <\/span><b>visiter Amsterdam <\/b><span style=\"font-weight: 400;\">et certains des plus beaux villages de la campagne n\u00e9erlandaise, comme Zaanse Schans et ses embl\u00e9matiques moulins \u00e0 vent. Ou si vous pr\u00e9f\u00e9rez, vous pouvez vous rendre \u00e0 Voledam, pour admirer ses magnifiques quais de p\u00eacheurs.\u00a0<\/span><\/p>\n<p><span style=\"font-weight: 400;\">Si vous optez pour le <\/span><b>circuit de 8 heures<\/b><span style=\"font-weight: 400;\">, vous verrez plus en d\u00e9tail la belle ville n\u00e9erlandaise d&#8217;Amsterdam et, en m\u00eame temps, vous pourrez visiter ces beaux villages : Marken, Voledam, Edam ou Zaanse Schans.\u00a0<\/span><\/p>\n<p><span style=\"font-weight: 400;\">Nous savons que vous passerez des heures inoubliables et charmantes, au cours desquelles vous recueillerez de beaux souvenirs de votre s\u00e9jour aux Pays-Bas.\u00a0<\/span><\/p>\n<p>&nbsp;<\/p>\n<h2><strong>Points d&#8217;int\u00e9r\u00eat de la Visite Priv\u00e9e<\/strong><\/h2>\n<p><span style=\"font-weight: 400;\">Notre <\/span><b>visite priv\u00e9e depuis l&#8217;a\u00e9roport <\/b><span style=\"font-weight: 400;\">commence par un transfert priv\u00e9 en voiture vers le centre d&#8217;Amsterdam.\u00a0 <\/span><span style=\"font-weight: 400;\">Il s&#8217;agit d&#8217;une visite exclusive dans une voiture tr\u00e8s confortable avec un guide priv\u00e9 qui vous racontera l&#8217;histoire des monuments et b\u00e2timents les plus importants de la ville.\u00a0<\/span><\/p>\n<p><span style=\"font-weight: 400;\">Selon le circuit que vous avez choisi, nous visiterons les points les plus importants de cette ville majestueuse.<\/span><\/p>\n<h3><strong><span style=\"color: #d3af37;\">Visite de 4 heures<\/span><\/strong><\/h3>\n<p><span style=\"font-weight: 400;\">Nous conduirons de l&#8217;a\u00e9roport international aux quartiers les plus historiques du centre d&#8217;Amsterdam, notamment :\u00a0<\/span><\/p>\n<ul>\n<li style=\"font-weight: 400;\" aria-level=\"1\"><strong>La place du mus\u00e9e.<\/strong><\/li>\n<li style=\"font-weight: 400;\" aria-level=\"1\"><strong>Dam Square.<\/strong><\/li>\n<li style=\"font-weight: 400;\" aria-level=\"1\"><strong>La maison d&#8217;Anna Frank.<\/strong><\/li>\n<li style=\"font-weight: 400;\" aria-level=\"1\"><strong>Le palais royal.\u00a0<\/strong><\/li>\n<li style=\"font-weight: 400;\" aria-level=\"1\"><strong>Parmi beaucoup d&#8217;autres.\u00a0<\/strong><\/li>\n<\/ul>\n<p><span style=\"font-weight: 400;\">Ensuite, nous ferons une belle excursion dans la campagne n\u00e9erlandaise, au cours de laquelle vous recr\u00e9erez votre vue avec ces <\/span><b>magnifiques paysages naturels <\/b><span style=\"font-weight: 400;\">qui semblent sortir d&#8217;un conte de f\u00e9es n\u00e9erlandais.\u00a0 <\/span><span style=\"font-weight: 400;\">Vous avez le choix entre les villages de Zaanse Schans ou de Voledam.\u00a0<\/span><\/p>\n<p><span style=\"font-weight: 400;\">Si vous d\u00e9cidez de visiter Zaanse Schans, vous serez \u00e9merveill\u00e9 par ses imposants moulins \u00e0 vent. Ils ont \u00e9t\u00e9 construits au cours des XVIIe et XVIIIe si\u00e8cles et sont toujours en activit\u00e9. En outre, ses maisons construites \u00e0 l&#8217;\u00e2ge d&#8217;or n\u00e9erlandais vous transporteront dans le pass\u00e9, tant elles sont majestueuses et fascinantes.\u00a0<\/span><\/p>\n<p><span style=\"font-weight: 400;\">Si vous vous rendez \u00e0 Voledam, vous serez \u00e9merveill\u00e9 par cet ancien village de p\u00eacheurs. C&#8217;est une tr\u00e8s belle r\u00e9gion o\u00f9 vous verrez les habitants typiquement hollandais, de nombreuses maisons traditionnelles et une vari\u00e9t\u00e9 de magasins pittoresques qui sont id\u00e9aux pour vous permettre de prendre un beau souvenir de votre promenade.\u00a0\u00a0<\/span><\/p>\n<h3><strong><span style=\"color: #d3af37;\">Circuit de 8 heures<\/span><\/strong><\/h3>\n<p><span style=\"font-weight: 400;\">Notre visite priv\u00e9e de 8 heures commence par un transfert de l&#8217;a\u00e9roport au centre historique d&#8217;Amsterdam, o\u00f9 le guide vous emm\u00e8nera sur les sites les plus renomm\u00e9s.\u00a0 <\/span><\/p>\n<p><span style=\"font-weight: 400;\">Ensuite, vous pourrez choisir de visiter les magnifiques villages qui composent la campagne n\u00e9erlandaise, en choisissant parmi les alternatives suivantes : Marken, Voledam, Edam ou Zaanse Schans.\u00a0<\/span><\/p>\n<p><span style=\"font-weight: 400;\">Admirez les moulins \u00e0 vent de Zaanse Schans, ou d\u00e9couvrez un authentique port de p\u00eache n\u00e9erlandais en vous rendant \u00e0 Voledam.\u00a0<\/span><span style=\"font-weight: 400;\">\u00c0 Marken, vous aurez une vue rapproch\u00e9e d&#8217;une p\u00e9ninsule idyllique et majestueuse. Et en visitant Edam, vous ferez connaissance avec les c\u00e9l\u00e8bres fromageries et ses rues pittoresques. <\/span><span style=\"font-weight: 400;\">Si vous voyagez entre mars et mai, vous pouvez choisir une <\/span><a href=\"https:\/\/tourtravelandmore.com\/fr\/tours\/les-pays-bas-fr\/amsterdam-fr\/visite-privee-de-keukenhof-au-depart-damsterdam\/\"><i><span style=\"font-weight: 400;\">visite priv\u00e9e de Keukenhof depuis Amsterdam<\/span><\/i><\/a><span style=\"font-weight: 400;\">, qui est le plus grand jardin d&#8217;Europe.\u00a0<\/span><\/p>\n<p><span style=\"font-weight: 400;\">Veuillez noter que, bien qu&#8217;il s&#8217;agisse d&#8217;un circuit priv\u00e9 et tr\u00e8s flexible, afin d&#8217;\u00e9viter les probl\u00e8mes d&#8217;escale, les visites sont effectu\u00e9es entre certains horaires \u00e9tablis.\u00a0<\/span><\/p>\n<p><span style=\"font-weight: 400;\">De m\u00eame, vous devez disposer de 4 heures suppl\u00e9mentaires pour couvrir le temps d&#8217;aller et de retour de l&#8217;excursion, et les 2 heures avant le d\u00e9part de votre vol. En d&#8217;autres termes, si vous souhaitez par exemple faire l&#8217;excursion priv\u00e9e de 4 heures, vous devez disposer d&#8217;au moins 8 heures d&#8217;escale.<\/span><\/p>\n","protected":false},"excerpt":{"rendered":"<p><span style=\"font-weight: 400;\">Si vous avez une escale \u00e0 Amsterdam, ne perdez pas de temps pour apprendre \u00e0 conna\u00eetre la ville. Profitez de tout ce qu&#8217;Amsterdam a \u00e0 offrir lors d&#8217;une visite priv\u00e9e depuis l&#8217;a\u00e9roport vers les sites les plus impressionnants et int\u00e9ressants de la &#8220;Venise du Nord&#8221;. Il s&#8217;agit d&#8217;une visite priv\u00e9e dans une voiture priv\u00e9e, avec un guide qui vous conduira aux monuments, rues et b\u00e2timents les plus int\u00e9ressants du point de vue historique et touristique. <\/span><\/p>\n","protected":false},"featured_media":114640,"comment_status":"open","ping_status":"closed","template":"","meta":{"_acf_changed":false},"product_brand":[],"product_cat":[3668,3633,4003,4004],"product_tag":[],"class_list":{"0":"post-114657","1":"product","2":"type-product","3":"status-publish","4":"has-post-thumbnail","6":"product_cat-les-pays-bas-fr","7":"product_cat-amsterdam-fr","8":"product_cat-all-private-tours-activities-fr-2","9":"product_cat-private-sightseeing-tours-fr-2","11":"first","12":"instock","13":"shipping-taxable","14":"purchasable","15":"product-type-simple"},"acf":[],"yoast_head":"<!-- This site is optimized with the Yoast SEO Premium plugin v25.3.1 (Yoast SEO v25.3.1) - https:\/\/yoast.com\/wordpress\/plugins\/seo\/ -->\n<title>Visite priv\u00e9e de l&#039;a\u00e9roport \u00e0 Amsterdam et aux villages de la campagne n\u00e9erlandaise.<\/title>\n<meta name=\"description\" content=\"Profitez de votre escale \u00e0 l&#039;a\u00e9roport d&#039;Amsterdam pour d\u00e9couvrir la ville avec une visite personnalis\u00e9e avec un guide priv\u00e9. Et si vous avez plus de 8 heures d&#039;escale, vous pouvez visiter Volendam, Marken, Zaanse Schans ou Edam.\" \/>\n<meta name=\"robots\" content=\"index, follow, max-snippet:-1, max-image-preview:large, max-video-preview:-1\" \/>\n<link rel=\"canonical\" href=\"https:\/\/tourtravelandmore.com\/fr\/tours\/les-pays-bas-fr\/amsterdam-fr\/escale-a-amsterdam-visite-privee-depuis-laeroport\/\" \/>\n<meta property=\"og:locale\" content=\"fr_FR\" \/>\n<meta property=\"og:type\" content=\"article\" \/>\n<meta property=\"og:title\" content=\"Escale \u00e0 Amsterdam ? Visite priv\u00e9e depuis l&#039;a\u00e9roport\" \/>\n<meta property=\"og:description\" content=\"Profitez de votre escale \u00e0 l&#039;a\u00e9roport d&#039;Amsterdam pour d\u00e9couvrir la ville avec une visite personnalis\u00e9e avec un guide priv\u00e9. Et si vous avez plus de 8 heures d&#039;escale, vous pouvez visiter Volendam, Marken, Zaanse Schans ou Edam.\" \/>\n<meta property=\"og:url\" content=\"https:\/\/tourtravelandmore.com\/fr\/tours\/les-pays-bas-fr\/amsterdam-fr\/escale-a-amsterdam-visite-privee-depuis-laeroport\/\" \/>\n<meta property=\"og:site_name\" content=\"Tour Travel And More\" \/>\n<meta property=\"article:publisher\" content=\"https:\/\/www.facebook.com\/tourtravelandmore\/\" \/>\n<meta property=\"article:modified_time\" content=\"2023-08-21T12:39:15+00:00\" \/>\n<meta property=\"og:image\" content=\"https:\/\/tourtravelandmore.com\/wp-content\/uploads\/2018\/10\/image10-1.jpg\" \/>\n\t<meta property=\"og:image:width\" content=\"910\" \/>\n\t<meta property=\"og:image:height\" content=\"606\" \/>\n\t<meta property=\"og:image:type\" content=\"image\/jpeg\" \/>\n<meta name=\"twitter:card\" content=\"summary_large_image\" \/>\n<meta name=\"twitter:site\" content=\"@TourTravel_More\" \/>\n<meta name=\"twitter:label1\" content=\"Dur\u00e9e de lecture estim\u00e9e\" \/>\n\t<meta name=\"twitter:data1\" content=\"4 minutes\" \/>\n<script type=\"application\/ld+json\" class=\"yoast-schema-graph\">{\"@context\":\"https:\/\/schema.org\",\"@graph\":[{\"@type\":\"WebPage\",\"@id\":\"https:\/\/tourtravelandmore.com\/fr\/tours\/les-pays-bas-fr\/amsterdam-fr\/escale-a-amsterdam-visite-privee-depuis-laeroport\/\",\"url\":\"https:\/\/tourtravelandmore.com\/fr\/tours\/les-pays-bas-fr\/amsterdam-fr\/escale-a-amsterdam-visite-privee-depuis-laeroport\/\",\"name\":\"Visite priv\u00e9e de l'a\u00e9roport \u00e0 Amsterdam et aux villages de la campagne n\u00e9erlandaise.\",\"isPartOf\":{\"@id\":\"https:\/\/tourtravelandmore.com\/fr\/#website\"},\"primaryImageOfPage\":{\"@id\":\"https:\/\/tourtravelandmore.com\/fr\/tours\/les-pays-bas-fr\/amsterdam-fr\/escale-a-amsterdam-visite-privee-depuis-laeroport\/#primaryimage\"},\"image\":{\"@id\":\"https:\/\/tourtravelandmore.com\/fr\/tours\/les-pays-bas-fr\/amsterdam-fr\/escale-a-amsterdam-visite-privee-depuis-laeroport\/#primaryimage\"},\"thumbnailUrl\":\"https:\/\/tourtravelandmore.com\/wp-content\/uploads\/2018\/10\/image10-1.jpg\",\"datePublished\":\"2021-12-02T16:16:31+00:00\",\"dateModified\":\"2023-08-21T12:39:15+00:00\",\"description\":\"Profitez de votre escale \u00e0 l'a\u00e9roport d'Amsterdam pour d\u00e9couvrir la ville avec une visite personnalis\u00e9e avec un guide priv\u00e9. Et si vous avez plus de 8 heures d'escale, vous pouvez visiter Volendam, Marken, Zaanse Schans ou Edam.\",\"breadcrumb\":{\"@id\":\"https:\/\/tourtravelandmore.com\/fr\/tours\/les-pays-bas-fr\/amsterdam-fr\/escale-a-amsterdam-visite-privee-depuis-laeroport\/#breadcrumb\"},\"inLanguage\":\"fr-FR\",\"potentialAction\":[{\"@type\":\"ReadAction\",\"target\":[\"https:\/\/tourtravelandmore.com\/fr\/tours\/les-pays-bas-fr\/amsterdam-fr\/escale-a-amsterdam-visite-privee-depuis-laeroport\/\"]}]},{\"@type\":\"ImageObject\",\"inLanguage\":\"fr-FR\",\"@id\":\"https:\/\/tourtravelandmore.com\/fr\/tours\/les-pays-bas-fr\/amsterdam-fr\/escale-a-amsterdam-visite-privee-depuis-laeroport\/#primaryimage\",\"url\":\"https:\/\/tourtravelandmore.com\/wp-content\/uploads\/2018\/10\/image10-1.jpg\",\"contentUrl\":\"https:\/\/tourtravelandmore.com\/wp-content\/uploads\/2018\/10\/image10-1.jpg\",\"width\":910,\"height\":606},{\"@type\":\"BreadcrumbList\",\"@id\":\"https:\/\/tourtravelandmore.com\/fr\/tours\/les-pays-bas-fr\/amsterdam-fr\/escale-a-amsterdam-visite-privee-depuis-laeroport\/#breadcrumb\",\"itemListElement\":[{\"@type\":\"ListItem\",\"position\":1,\"name\":\"Home\",\"item\":\"https:\/\/tourtravelandmore.com\/fr\/\"},{\"@type\":\"ListItem\",\"position\":2,\"name\":\"Tours\",\"item\":\"https:\/\/tourtravelandmore.com\/fr\/tours\/\"},{\"@type\":\"ListItem\",\"position\":3,\"name\":\"Escale \u00e0 Amsterdam ? Visite priv\u00e9e depuis l&rsquo;a\u00e9roport\"}]},{\"@type\":\"WebSite\",\"@id\":\"https:\/\/tourtravelandmore.com\/fr\/#website\",\"url\":\"https:\/\/tourtravelandmore.com\/fr\/\",\"name\":\"Tour Travel And More\",\"description\":\"Private sightseeing tours and luxury transfers in Spain\",\"publisher\":{\"@id\":\"https:\/\/tourtravelandmore.com\/fr\/#organization\"},\"potentialAction\":[{\"@type\":\"SearchAction\",\"target\":{\"@type\":\"EntryPoint\",\"urlTemplate\":\"https:\/\/tourtravelandmore.com\/fr\/?s={search_term_string}\"},\"query-input\":{\"@type\":\"PropertyValueSpecification\",\"valueRequired\":true,\"valueName\":\"search_term_string\"}}],\"inLanguage\":\"fr-FR\"},{\"@type\":\"Organization\",\"@id\":\"https:\/\/tourtravelandmore.com\/fr\/#organization\",\"name\":\"Tour Travel And More\",\"url\":\"https:\/\/tourtravelandmore.com\/fr\/\",\"logo\":{\"@type\":\"ImageObject\",\"inLanguage\":\"fr-FR\",\"@id\":\"https:\/\/tourtravelandmore.com\/fr\/#\/schema\/logo\/image\/\",\"url\":\"https:\/\/tourtravelandmore.com\/wp-content\/uploads\/2022\/12\/cropped-logo-cabecera-new.png\",\"contentUrl\":\"https:\/\/tourtravelandmore.com\/wp-content\/uploads\/2022\/12\/cropped-logo-cabecera-new.png\",\"width\":430,\"height\":61,\"caption\":\"Tour Travel And More\"},\"image\":{\"@id\":\"https:\/\/tourtravelandmore.com\/fr\/#\/schema\/logo\/image\/\"},\"sameAs\":[\"https:\/\/www.facebook.com\/tourtravelandmore\/\",\"https:\/\/x.com\/TourTravel_More\"]}]}<\/script>\n<!-- \/ Yoast SEO Premium plugin. -->","yoast_head_json":{"title":"Visite priv\u00e9e de l'a\u00e9roport \u00e0 Amsterdam et aux villages de la campagne n\u00e9erlandaise.","description":"Profitez de votre escale \u00e0 l'a\u00e9roport d'Amsterdam pour d\u00e9couvrir la ville avec une visite personnalis\u00e9e avec un guide priv\u00e9. Et si vous avez plus de 8 heures d'escale, vous pouvez visiter Volendam, Marken, Zaanse Schans ou Edam.","robots":{"index":"index","follow":"follow","max-snippet":"max-snippet:-1","max-image-preview":"max-image-preview:large","max-video-preview":"max-video-preview:-1"},"canonical":"https:\/\/tourtravelandmore.com\/fr\/tours\/les-pays-bas-fr\/amsterdam-fr\/escale-a-amsterdam-visite-privee-depuis-laeroport\/","og_locale":"fr_FR","og_type":"article","og_title":"Escale \u00e0 Amsterdam ? Visite priv\u00e9e depuis l'a\u00e9roport","og_description":"Profitez de votre escale \u00e0 l'a\u00e9roport d'Amsterdam pour d\u00e9couvrir la ville avec une visite personnalis\u00e9e avec un guide priv\u00e9. Et si vous avez plus de 8 heures d'escale, vous pouvez visiter Volendam, Marken, Zaanse Schans ou Edam.","og_url":"https:\/\/tourtravelandmore.com\/fr\/tours\/les-pays-bas-fr\/amsterdam-fr\/escale-a-amsterdam-visite-privee-depuis-laeroport\/","og_site_name":"Tour Travel And More","article_publisher":"https:\/\/www.facebook.com\/tourtravelandmore\/","article_modified_time":"2023-08-21T12:39:15+00:00","og_image":[{"width":910,"height":606,"url":"https:\/\/tourtravelandmore.com\/wp-content\/uploads\/2018\/10\/image10-1.jpg","type":"image\/jpeg"}],"twitter_card":"summary_large_image","twitter_site":"@TourTravel_More","twitter_misc":{"Dur\u00e9e de lecture estim\u00e9e":"4 minutes"},"schema":{"@context":"https:\/\/schema.org","@graph":[{"@type":"WebPage","@id":"https:\/\/tourtravelandmore.com\/fr\/tours\/les-pays-bas-fr\/amsterdam-fr\/escale-a-amsterdam-visite-privee-depuis-laeroport\/","url":"https:\/\/tourtravelandmore.com\/fr\/tours\/les-pays-bas-fr\/amsterdam-fr\/escale-a-amsterdam-visite-privee-depuis-laeroport\/","name":"Visite priv\u00e9e de l'a\u00e9roport \u00e0 Amsterdam et aux villages de la campagne n\u00e9erlandaise.","isPartOf":{"@id":"https:\/\/tourtravelandmore.com\/fr\/#website"},"primaryImageOfPage":{"@id":"https:\/\/tourtravelandmore.com\/fr\/tours\/les-pays-bas-fr\/amsterdam-fr\/escale-a-amsterdam-visite-privee-depuis-laeroport\/#primaryimage"},"image":{"@id":"https:\/\/tourtravelandmore.com\/fr\/tours\/les-pays-bas-fr\/amsterdam-fr\/escale-a-amsterdam-visite-privee-depuis-laeroport\/#primaryimage"},"thumbnailUrl":"https:\/\/tourtravelandmore.com\/wp-content\/uploads\/2018\/10\/image10-1.jpg","datePublished":"2021-12-02T16:16:31+00:00","dateModified":"2023-08-21T12:39:15+00:00","description":"Profitez de votre escale \u00e0 l'a\u00e9roport d'Amsterdam pour d\u00e9couvrir la ville avec une visite personnalis\u00e9e avec un guide priv\u00e9. Et si vous avez plus de 8 heures d'escale, vous pouvez visiter Volendam, Marken, Zaanse Schans ou Edam.","breadcrumb":{"@id":"https:\/\/tourtravelandmore.com\/fr\/tours\/les-pays-bas-fr\/amsterdam-fr\/escale-a-amsterdam-visite-privee-depuis-laeroport\/#breadcrumb"},"inLanguage":"fr-FR","potentialAction":[{"@type":"ReadAction","target":["https:\/\/tourtravelandmore.com\/fr\/tours\/les-pays-bas-fr\/amsterdam-fr\/escale-a-amsterdam-visite-privee-depuis-laeroport\/"]}]},{"@type":"ImageObject","inLanguage":"fr-FR","@id":"https:\/\/tourtravelandmore.com\/fr\/tours\/les-pays-bas-fr\/amsterdam-fr\/escale-a-amsterdam-visite-privee-depuis-laeroport\/#primaryimage","url":"https:\/\/tourtravelandmore.com\/wp-content\/uploads\/2018\/10\/image10-1.jpg","contentUrl":"https:\/\/tourtravelandmore.com\/wp-content\/uploads\/2018\/10\/image10-1.jpg","width":910,"height":606},{"@type":"BreadcrumbList","@id":"https:\/\/tourtravelandmore.com\/fr\/tours\/les-pays-bas-fr\/amsterdam-fr\/escale-a-amsterdam-visite-privee-depuis-laeroport\/#breadcrumb","itemListElement":[{"@type":"ListItem","position":1,"name":"Home","item":"https:\/\/tourtravelandmore.com\/fr\/"},{"@type":"ListItem","position":2,"name":"Tours","item":"https:\/\/tourtravelandmore.com\/fr\/tours\/"},{"@type":"ListItem","position":3,"name":"Escale \u00e0 Amsterdam ? Visite priv\u00e9e depuis l&rsquo;a\u00e9roport"}]},{"@type":"WebSite","@id":"https:\/\/tourtravelandmore.com\/fr\/#website","url":"https:\/\/tourtravelandmore.com\/fr\/","name":"Tour Travel And More","description":"Private sightseeing tours and luxury transfers in Spain","publisher":{"@id":"https:\/\/tourtravelandmore.com\/fr\/#organization"},"potentialAction":[{"@type":"SearchAction","target":{"@type":"EntryPoint","urlTemplate":"https:\/\/tourtravelandmore.com\/fr\/?s={search_term_string}"},"query-input":{"@type":"PropertyValueSpecification","valueRequired":true,"valueName":"search_term_string"}}],"inLanguage":"fr-FR"},{"@type":"Organization","@id":"https:\/\/tourtravelandmore.com\/fr\/#organization","name":"Tour Travel And More","url":"https:\/\/tourtravelandmore.com\/fr\/","logo":{"@type":"ImageObject","inLanguage":"fr-FR","@id":"https:\/\/tourtravelandmore.com\/fr\/#\/schema\/logo\/image\/","url":"https:\/\/tourtravelandmore.com\/wp-content\/uploads\/2022\/12\/cropped-logo-cabecera-new.png","contentUrl":"https:\/\/tourtravelandmore.com\/wp-content\/uploads\/2022\/12\/cropped-logo-cabecera-new.png","width":430,"height":61,"caption":"Tour Travel And More"},"image":{"@id":"https:\/\/tourtravelandmore.com\/fr\/#\/schema\/logo\/image\/"},"sameAs":["https:\/\/www.facebook.com\/tourtravelandmore\/","https:\/\/x.com\/TourTravel_More"]}]}},"_links":{"self":[{"href":"https:\/\/tourtravelandmore.com\/fr\/wp-json\/wp\/v2\/product\/114657","targetHints":{"allow":["GET"]}}],"collection":[{"href":"https:\/\/tourtravelandmore.com\/fr\/wp-json\/wp\/v2\/product"}],"about":[{"href":"https:\/\/tourtravelandmore.com\/fr\/wp-json\/wp\/v2\/types\/product"}],"replies":[{"embeddable":true,"href":"https:\/\/tourtravelandmore.com\/fr\/wp-json\/wp\/v2\/comments?post=114657"}],"wp:featuredmedia":[{"embeddable":true,"href":"https:\/\/tourtravelandmore.com\/fr\/wp-json\/wp\/v2\/media\/114640"}],"wp:attachment":[{"href":"https:\/\/tourtravelandmore.com\/fr\/wp-json\/wp\/v2\/media?parent=114657"}],"wp:term":[{"taxonomy":"product_brand","embeddable":true,"href":"https:\/\/tourtravelandmore.com\/fr\/wp-json\/wp\/v2\/product_brand?post=114657"},{"taxonomy":"product_cat","embeddable":true,"href":"https:\/\/tourtravelandmore.com\/fr\/wp-json\/wp\/v2\/product_cat?post=114657"},{"taxonomy":"product_tag","embeddable":true,"href":"https:\/\/tourtravelandmore.com\/fr\/wp-json\/wp\/v2\/product_tag?post=114657"}],"curies":[{"name":"wp","href":"https:\/\/api.w.org\/{rel}","templated":true}]}}