{"id":114528,"date":"2021-12-01T14:47:21","date_gmt":"2021-12-01T13:47:30","guid":{"rendered":"https:\/\/tourtravelandmore.com\/?post_type=product&#038;p=114528"},"modified":"2021-12-06T15:08:15","modified_gmt":"2021-12-06T14:08:15","slug":"visite-privee-damsterdam-a-velo","status":"publish","type":"product","link":"https:\/\/tourtravelandmore.com\/fr\/tours\/les-pays-bas-fr\/amsterdam-fr\/visite-privee-damsterdam-a-velo\/","title":{"rendered":"Visite priv\u00e9e d&#8217;Amsterdam \u00e0 v\u00e9lo"},"content":{"rendered":"<h2><strong>Description de la visite priv\u00e9e \u00e0 v\u00e9lo d&#8217;Amsterdam<\/strong><\/h2>\n<p><span style=\"font-weight: 400;\">Amsterdam est connue dans le monde entier pour sa grande beaut\u00e9 architecturale, ses merveilleux canaux et parce que tout le monde sait que les Hollandais aiment faire du v\u00e9lo.\u00a0<\/span><\/p>\n<p><span style=\"font-weight: 400;\">Alors pour vous donner un avant-go\u00fbt de cette ville, tout en p\u00e9dalant un peu, notre <\/span><b>tour \u00e0 v\u00e9lo d&#8217;Amsterdam <\/b><span style=\"font-weight: 400;\">vous plongera dans le mode de vie n\u00e9erlandais et, en m\u00eame temps, vous pourrez voir de pr\u00e8s les principaux sites de la ville.\u00a0<\/span><\/p>\n<p><span style=\"font-weight: 400;\">Cette visite priv\u00e9e vous propose une <\/span><b>visite exclusive des quartiers les plus embl\u00e9matiques de la capitale<\/b><span style=\"font-weight: 400;\">.<\/span><\/p>\n<p><span style=\"font-weight: 400;\">Un guide priv\u00e9 vous fera d\u00e9couvrir les sites les plus remarquables d&#8217;Amsterdam sur des pistes cyclables pendant 2,5 heures.\u00a0 <\/span><span style=\"font-weight: 400;\">Vous pouvez \u00e9galement convenir d&#8217;une heure de rendez-vous avec notre guide expert afin de pouvoir commencer la visite \u00e0 l&#8217;heure qui vous convient le mieux.\u00a0<\/span><\/p>\n<p><span style=\"font-weight: 400;\">Ne vous inqui\u00e9tez pas de la fa\u00e7on dont vous allez vous d\u00e9placer dans la ville, car <\/span><b>nous vous fournirons les v\u00e9los les plus confortables et les plus exclusifs de la r\u00e9gion<\/b><span style=\"font-weight: 400;\">. Vous disposerez \u00e9galement d&#8217;une bouteille d&#8217;eau pour vous hydrater. De cette fa\u00e7on, vous pourrez facilement atteindre les zones de la ville qui sont plus difficiles \u00e0 atteindre \u00e0 pied ou en voiture.\u00a0<\/span><\/p>\n<p><b>Le trajet sera s\u00fbr<\/b><span style=\"font-weight: 400;\">. Puisqu&#8217;\u00e0 tout moment, <\/span><b>vous serez loin des grandes agglom\u00e9rations de <\/b><span style=\"font-weight: 400;\">personnes.\u00a0<\/span><\/p>\n<p><span style=\"font-weight: 400;\">Parcs, mus\u00e9es, monuments, canaux, tout cela et plus encore, vous le verrez au cours de ces 2 heures et demie que vous passerez avec nous sur deux roues.\u00a0<\/span><\/p>\n<p><span style=\"font-weight: 400;\">En outre, le guide communiquera avec vous \u00e0 tout moment afin que vous connaissiez les informations d&#8217;int\u00e9r\u00eat sur tous les sites que vous visiterez.\u00a0<\/span><\/p>\n<h2><\/h2>\n<h2><strong>Points d&#8217;int\u00e9r\u00eat de la Visite Priv\u00e9e<\/strong><\/h2>\n<h2><\/h2>\n<p><span style=\"font-weight: 400;\">Devenez un vrai Hollandais avec notre circuit \u00e0 v\u00e9lo \u00e0 Amsterdam et traversez la ville \u00e0 votre propre rythme.\u00a0<\/span><\/p>\n<p><span style=\"font-weight: 400;\">La visite commence \u00e0 l&#8217;heure de votre choix pour vous permettre de d\u00e9couvrir les plus beaux sites d&#8217;Amsterdam :\u00a0<\/span><\/p>\n<h2><\/h2>\n<h3><span style=\"font-weight: 400; color: #d3af37;\">Jordaan<\/span><\/h3>\n<p><span style=\"font-weight: 400;\">La visite commence dans le <\/span><b>quartier exclusif de Jordaan<\/b><span style=\"font-weight: 400;\">, qui \u00e9tait autrefois l&#8217;une des zones les plus pauvres d&#8217;Amsterdam, mais qui est aujourd&#8217;hui un quartier \u00e0 la mode d&#8217;une beaut\u00e9 saisissante.\u00a0<\/span><\/p>\n<p><span style=\"font-weight: 400;\">\u00c0 l&#8217;int\u00e9rieur du Jordaan, vous respirerez un air qui allie art, musique et tourisme.\u00a0<\/span><\/p>\n<p><span style=\"font-weight: 400;\">Vous pourrez \u00e9galement profiter de ses magnifiques canaux, voir de pr\u00e8s la c\u00e9l\u00e8bre maison d&#8217;Anna Frank et faire connaissance avec l&#8217;\u00e9glise Westerkerk, mentionn\u00e9e par la jeune fille dans son c\u00e9l\u00e8bre journal.\u00a0<\/span><\/p>\n<h3><span style=\"font-weight: 400; color: #d3af37;\">Vondelpark<\/span><\/h3>\n<p><span style=\"font-weight: 400;\">Nous continuons cette amusante visite \u00e0 v\u00e9lo d&#8217;Amsterdam en visitant le magnifique Vondelpark, qui est <\/span><b>le plus grand parc de toute la ville.\u00a0<\/b><\/p>\n<p><span style=\"font-weight: 400;\">Ce monument national offre plus de 470 000 m\u00e8tres carr\u00e9s de verdure naturelle pure pour que vous puissiez admirer les diff\u00e9rentes esp\u00e8ces d&#8217;animaux et de plantes qui s&#8217;y trouvent.\u00a0<\/span><\/p>\n<h3><span style=\"font-weight: 400; color: #d3af37;\">Rijksmuseum et Mus\u00e9e Van Gogh<\/span><\/h3>\n<p><span style=\"font-weight: 400;\">Notre visite \u00e0 v\u00e9lo de la ville est une excellente occasion de voir de pr\u00e8s le c\u00e9l\u00e8bre <\/span><b>Rijksmuseum et le mus\u00e9e Van Gogh<\/b><span style=\"font-weight: 400;\">.\u00a0<\/span><\/p>\n<p><span style=\"font-weight: 400;\">Ces \u0153uvres architecturales pleines d&#8217;art surprennent par leur richesse artistique et l&#8217;anciennet\u00e9 qu&#8217;elles transmettent \u00e0 leurs visiteurs.\u00a0<\/span><\/p>\n<p><span style=\"font-weight: 400;\">En outre, s&#8217;il vous reste un peu de temps, vous pouvez louer la <\/span><i><span style=\"font-weight: 400;\"><a href=\"https:\/\/tourtravelandmore.com\/fr\/tours\/les-pays-bas-fr\/amsterdam-fr\/visite-privee-de-keukenhof-au-depart-damsterdam-copy-2\/\">visite des mus\u00e9es Van Gogh et Rijksmuseum<\/a>, au cours de <\/span><\/i><span style=\"font-weight: 400;\">laquelle vous d\u00e9couvrirez leurs \u0153uvres d&#8217;art exquises, accompagn\u00e9 \u00e0 tout moment par un guide priv\u00e9 expert en art.\u00a0<\/span><\/p>\n<h3><span style=\"font-weight: 400; color: #d3af37;\">De Pijp<\/span><\/h3>\n<p><span style=\"font-weight: 400;\">Le quartier De Pijp est l&#8217;un des endroits o\u00f9 l&#8217;on trouve le plus de caf\u00e9s et de restaurants dans tout Amsterdam. Il abrite \u00e9galement l&#8217;Albert Cuyp, qui est le plus grand march\u00e9 en plein air d&#8217;Europe, <\/span><i><span style=\"font-weight: 400;\"><a href=\"https:\/\/tourtravelandmore.com\/fr\/tours\/les-pays-bas-fr\/amsterdam-fr\/visite-privee-damsterdam-a-velo\/\">et vous pouvez le traverser \u00e0 v\u00e9lo<\/a> !<\/span><\/i><\/p>\n<p><span style=\"font-weight: 400;\">L&#8217;une des choses que vous n&#8217;oublierez jamais de cette balade \u00e0 v\u00e9lo le long de De Pijp sera ses majestueux canaux reli\u00e9s par 16 ponts d&#8217;une beaut\u00e9 \u00e0 couper le souffle.\u00a0\u00a0<\/span><\/p>\n<h3><span style=\"font-weight: 400; color: #d3af37;\">Magere Brug<\/span><\/h3>\n<p><span style=\"font-weight: 400;\">Le Magere Brug est l&#8217;un des ponts les plus c\u00e9l\u00e8bres d&#8217;Amsterdam et vous apprendrez \u00e0 le conna\u00eetre au cours de cette excursion \u00e0 v\u00e9lo.\u00a0<\/span><\/p>\n<p><span style=\"font-weight: 400;\">Ce pont \u00e9troit et symbolique a \u00e9t\u00e9 ouvert en 1934, et est \u00e9galement connu sous le nom de &#8220;pont mince&#8221;. Il est tr\u00e8s c\u00e9l\u00e8bre car il relie les deux rives de la rivi\u00e8re Amstel.\u00a0<\/span><\/p>\n<p><span style=\"font-weight: 400;\">La travers\u00e9e sera un bon moment pour vous de prendre plusieurs photos, qui seront un bon souvenir de votre voyage.\u00a0<\/span><\/p>\n<p><span style=\"font-weight: 400;\">Outre ces endroits int\u00e9ressants, lors de notre tour d&#8217;Amsterdam \u00e0 v\u00e9lo, vous passerez par le Zoo Artis, l&#8217;Hortus Botanicus, le moulin \u00e0 vent de Gooyer, le mus\u00e9e NEMO, entre autres.\u00a0<\/span><\/p>\n<p><span style=\"font-weight: 400;\">Il n&#8217;est pas superflu de compl\u00e9ter la journ\u00e9e par une <\/span><i><span style=\"font-weight: 400;\"><a href=\"https:\/\/tourtravelandmore.com\/tours\/the-netherlands\/amsterdam-en\/private-boat-tour-on-amsterdam-canals\/\">visite priv\u00e9e en bateau sur les canaux d&#8217;Amsterdam<\/a>, afin de <\/span><\/i><span style=\"font-weight: 400;\">se d\u00e9tendre et de se laisser porter par toute la r\u00eaverie de la &#8220;Venise du Nord&#8221;.\u00a0<\/span><\/p>\n","protected":false},"excerpt":{"rendered":"<p><span style=\"font-weight: 400;\">Explorez les points forts de la ville d&#8217;une mani\u00e8re tr\u00e8s n\u00e9erlandaise avec notre visite priv\u00e9e d&#8217;Amsterdam \u00e0 v\u00e9lo. Vous passerez plus de deux heures \u00e0 parcourir les diff\u00e9rents points d&#8217;int\u00e9r\u00eat en compagnie d&#8217;un guide priv\u00e9, qui vous fera d\u00e9couvrir \u00e0 v\u00e9lo le quartier du Jordaan, les mus\u00e9es Rijksmuseum et Van Gogh, le pont Magere Brug, entre autres attractions d&#8217;Amsterdam.<\/span><\/p>\n","protected":false},"featured_media":114547,"comment_status":"open","ping_status":"closed","template":"","meta":{"_acf_changed":false},"product_brand":[],"product_cat":[3668,3633,4003],"product_tag":[],"class_list":{"0":"post-114528","1":"product","2":"type-product","3":"status-publish","4":"has-post-thumbnail","6":"product_cat-les-pays-bas-fr","7":"product_cat-amsterdam-fr","8":"product_cat-all-private-tours-activities-fr-2","10":"first","11":"instock","12":"shipping-taxable","13":"purchasable","14":"product-type-simple"},"acf":[],"yoast_head":"<!-- This site is optimized with the Yoast SEO Premium plugin v25.3.1 (Yoast SEO v25.3.1) - https:\/\/yoast.com\/wordpress\/plugins\/seo\/ -->\n<title>Visite priv\u00e9e d&#039;Amsterdam \u00e0 v\u00e9lo avec guide priv\u00e9 inclus<\/title>\n<meta name=\"description\" content=\"Faire le tour d&#039;Amsterdam \u00e0 v\u00e9lo est le moyen id\u00e9al pour l&#039;explorer. Avec notre visite guid\u00e9e priv\u00e9e, vous d\u00e9couvrirez les sites les plus importants de cette belle ville.\" \/>\n<meta name=\"robots\" content=\"index, follow, max-snippet:-1, max-image-preview:large, max-video-preview:-1\" \/>\n<link rel=\"canonical\" href=\"https:\/\/tourtravelandmore.com\/fr\/tours\/les-pays-bas-fr\/amsterdam-fr\/visite-privee-damsterdam-a-velo\/\" \/>\n<meta property=\"og:locale\" content=\"fr_FR\" \/>\n<meta property=\"og:type\" content=\"article\" \/>\n<meta property=\"og:title\" content=\"Visite priv\u00e9e d&#039;Amsterdam \u00e0 v\u00e9lo\" \/>\n<meta property=\"og:description\" content=\"Faire le tour d&#039;Amsterdam \u00e0 v\u00e9lo est le moyen id\u00e9al pour l&#039;explorer. Avec notre visite guid\u00e9e priv\u00e9e, vous d\u00e9couvrirez les sites les plus importants de cette belle ville.\" \/>\n<meta property=\"og:url\" content=\"https:\/\/tourtravelandmore.com\/fr\/tours\/les-pays-bas-fr\/amsterdam-fr\/visite-privee-damsterdam-a-velo\/\" \/>\n<meta property=\"og:site_name\" content=\"Tour Travel And More\" \/>\n<meta property=\"article:publisher\" content=\"https:\/\/www.facebook.com\/tourtravelandmore\/\" \/>\n<meta property=\"article:modified_time\" content=\"2021-12-06T14:08:15+00:00\" \/>\n<meta property=\"og:image\" content=\"https:\/\/tourtravelandmore.com\/wp-content\/uploads\/2021\/12\/image9.jpg\" \/>\n\t<meta property=\"og:image:width\" content=\"910\" \/>\n\t<meta property=\"og:image:height\" content=\"512\" \/>\n\t<meta property=\"og:image:type\" content=\"image\/jpeg\" \/>\n<meta name=\"twitter:card\" content=\"summary_large_image\" \/>\n<meta name=\"twitter:site\" content=\"@TourTravel_More\" \/>\n<meta name=\"twitter:label1\" content=\"Dur\u00e9e de lecture estim\u00e9e\" \/>\n\t<meta name=\"twitter:data1\" content=\"4 minutes\" \/>\n<script type=\"application\/ld+json\" class=\"yoast-schema-graph\">{\"@context\":\"https:\/\/schema.org\",\"@graph\":[{\"@type\":\"WebPage\",\"@id\":\"https:\/\/tourtravelandmore.com\/fr\/tours\/les-pays-bas-fr\/amsterdam-fr\/visite-privee-damsterdam-a-velo\/\",\"url\":\"https:\/\/tourtravelandmore.com\/fr\/tours\/les-pays-bas-fr\/amsterdam-fr\/visite-privee-damsterdam-a-velo\/\",\"name\":\"Visite priv\u00e9e d'Amsterdam \u00e0 v\u00e9lo avec guide priv\u00e9 inclus\",\"isPartOf\":{\"@id\":\"https:\/\/tourtravelandmore.com\/fr\/#website\"},\"primaryImageOfPage\":{\"@id\":\"https:\/\/tourtravelandmore.com\/fr\/tours\/les-pays-bas-fr\/amsterdam-fr\/visite-privee-damsterdam-a-velo\/#primaryimage\"},\"image\":{\"@id\":\"https:\/\/tourtravelandmore.com\/fr\/tours\/les-pays-bas-fr\/amsterdam-fr\/visite-privee-damsterdam-a-velo\/#primaryimage\"},\"thumbnailUrl\":\"https:\/\/tourtravelandmore.com\/wp-content\/uploads\/2021\/12\/image9.jpg\",\"datePublished\":\"2021-12-01T13:47:30+00:00\",\"dateModified\":\"2021-12-06T14:08:15+00:00\",\"description\":\"Faire le tour d'Amsterdam \u00e0 v\u00e9lo est le moyen id\u00e9al pour l'explorer. Avec notre visite guid\u00e9e priv\u00e9e, vous d\u00e9couvrirez les sites les plus importants de cette belle ville.\",\"breadcrumb\":{\"@id\":\"https:\/\/tourtravelandmore.com\/fr\/tours\/les-pays-bas-fr\/amsterdam-fr\/visite-privee-damsterdam-a-velo\/#breadcrumb\"},\"inLanguage\":\"fr-FR\",\"potentialAction\":[{\"@type\":\"ReadAction\",\"target\":[\"https:\/\/tourtravelandmore.com\/fr\/tours\/les-pays-bas-fr\/amsterdam-fr\/visite-privee-damsterdam-a-velo\/\"]}]},{\"@type\":\"ImageObject\",\"inLanguage\":\"fr-FR\",\"@id\":\"https:\/\/tourtravelandmore.com\/fr\/tours\/les-pays-bas-fr\/amsterdam-fr\/visite-privee-damsterdam-a-velo\/#primaryimage\",\"url\":\"https:\/\/tourtravelandmore.com\/wp-content\/uploads\/2021\/12\/image9.jpg\",\"contentUrl\":\"https:\/\/tourtravelandmore.com\/wp-content\/uploads\/2021\/12\/image9.jpg\",\"width\":910,\"height\":512},{\"@type\":\"BreadcrumbList\",\"@id\":\"https:\/\/tourtravelandmore.com\/fr\/tours\/les-pays-bas-fr\/amsterdam-fr\/visite-privee-damsterdam-a-velo\/#breadcrumb\",\"itemListElement\":[{\"@type\":\"ListItem\",\"position\":1,\"name\":\"Home\",\"item\":\"https:\/\/tourtravelandmore.com\/fr\/\"},{\"@type\":\"ListItem\",\"position\":2,\"name\":\"Tours\",\"item\":\"https:\/\/tourtravelandmore.com\/fr\/tours\/\"},{\"@type\":\"ListItem\",\"position\":3,\"name\":\"Visite priv\u00e9e d&#8217;Amsterdam \u00e0 v\u00e9lo\"}]},{\"@type\":\"WebSite\",\"@id\":\"https:\/\/tourtravelandmore.com\/fr\/#website\",\"url\":\"https:\/\/tourtravelandmore.com\/fr\/\",\"name\":\"Tour Travel And More\",\"description\":\"Private sightseeing tours and luxury transfers in Spain\",\"publisher\":{\"@id\":\"https:\/\/tourtravelandmore.com\/fr\/#organization\"},\"potentialAction\":[{\"@type\":\"SearchAction\",\"target\":{\"@type\":\"EntryPoint\",\"urlTemplate\":\"https:\/\/tourtravelandmore.com\/fr\/?s={search_term_string}\"},\"query-input\":{\"@type\":\"PropertyValueSpecification\",\"valueRequired\":true,\"valueName\":\"search_term_string\"}}],\"inLanguage\":\"fr-FR\"},{\"@type\":\"Organization\",\"@id\":\"https:\/\/tourtravelandmore.com\/fr\/#organization\",\"name\":\"Tour Travel And More\",\"url\":\"https:\/\/tourtravelandmore.com\/fr\/\",\"logo\":{\"@type\":\"ImageObject\",\"inLanguage\":\"fr-FR\",\"@id\":\"https:\/\/tourtravelandmore.com\/fr\/#\/schema\/logo\/image\/\",\"url\":\"https:\/\/tourtravelandmore.com\/wp-content\/uploads\/2022\/12\/cropped-logo-cabecera-new.png\",\"contentUrl\":\"https:\/\/tourtravelandmore.com\/wp-content\/uploads\/2022\/12\/cropped-logo-cabecera-new.png\",\"width\":430,\"height\":61,\"caption\":\"Tour Travel And More\"},\"image\":{\"@id\":\"https:\/\/tourtravelandmore.com\/fr\/#\/schema\/logo\/image\/\"},\"sameAs\":[\"https:\/\/www.facebook.com\/tourtravelandmore\/\",\"https:\/\/x.com\/TourTravel_More\"]}]}<\/script>\n<!-- \/ Yoast SEO Premium plugin. -->","yoast_head_json":{"title":"Visite priv\u00e9e d'Amsterdam \u00e0 v\u00e9lo avec guide priv\u00e9 inclus","description":"Faire le tour d'Amsterdam \u00e0 v\u00e9lo est le moyen id\u00e9al pour l'explorer. Avec notre visite guid\u00e9e priv\u00e9e, vous d\u00e9couvrirez les sites les plus importants de cette belle ville.","robots":{"index":"index","follow":"follow","max-snippet":"max-snippet:-1","max-image-preview":"max-image-preview:large","max-video-preview":"max-video-preview:-1"},"canonical":"https:\/\/tourtravelandmore.com\/fr\/tours\/les-pays-bas-fr\/amsterdam-fr\/visite-privee-damsterdam-a-velo\/","og_locale":"fr_FR","og_type":"article","og_title":"Visite priv\u00e9e d'Amsterdam \u00e0 v\u00e9lo","og_description":"Faire le tour d'Amsterdam \u00e0 v\u00e9lo est le moyen id\u00e9al pour l'explorer. Avec notre visite guid\u00e9e priv\u00e9e, vous d\u00e9couvrirez les sites les plus importants de cette belle ville.","og_url":"https:\/\/tourtravelandmore.com\/fr\/tours\/les-pays-bas-fr\/amsterdam-fr\/visite-privee-damsterdam-a-velo\/","og_site_name":"Tour Travel And More","article_publisher":"https:\/\/www.facebook.com\/tourtravelandmore\/","article_modified_time":"2021-12-06T14:08:15+00:00","og_image":[{"width":910,"height":512,"url":"https:\/\/tourtravelandmore.com\/wp-content\/uploads\/2021\/12\/image9.jpg","type":"image\/jpeg"}],"twitter_card":"summary_large_image","twitter_site":"@TourTravel_More","twitter_misc":{"Dur\u00e9e de lecture estim\u00e9e":"4 minutes"},"schema":{"@context":"https:\/\/schema.org","@graph":[{"@type":"WebPage","@id":"https:\/\/tourtravelandmore.com\/fr\/tours\/les-pays-bas-fr\/amsterdam-fr\/visite-privee-damsterdam-a-velo\/","url":"https:\/\/tourtravelandmore.com\/fr\/tours\/les-pays-bas-fr\/amsterdam-fr\/visite-privee-damsterdam-a-velo\/","name":"Visite priv\u00e9e d'Amsterdam \u00e0 v\u00e9lo avec guide priv\u00e9 inclus","isPartOf":{"@id":"https:\/\/tourtravelandmore.com\/fr\/#website"},"primaryImageOfPage":{"@id":"https:\/\/tourtravelandmore.com\/fr\/tours\/les-pays-bas-fr\/amsterdam-fr\/visite-privee-damsterdam-a-velo\/#primaryimage"},"image":{"@id":"https:\/\/tourtravelandmore.com\/fr\/tours\/les-pays-bas-fr\/amsterdam-fr\/visite-privee-damsterdam-a-velo\/#primaryimage"},"thumbnailUrl":"https:\/\/tourtravelandmore.com\/wp-content\/uploads\/2021\/12\/image9.jpg","datePublished":"2021-12-01T13:47:30+00:00","dateModified":"2021-12-06T14:08:15+00:00","description":"Faire le tour d'Amsterdam \u00e0 v\u00e9lo est le moyen id\u00e9al pour l'explorer. Avec notre visite guid\u00e9e priv\u00e9e, vous d\u00e9couvrirez les sites les plus importants de cette belle ville.","breadcrumb":{"@id":"https:\/\/tourtravelandmore.com\/fr\/tours\/les-pays-bas-fr\/amsterdam-fr\/visite-privee-damsterdam-a-velo\/#breadcrumb"},"inLanguage":"fr-FR","potentialAction":[{"@type":"ReadAction","target":["https:\/\/tourtravelandmore.com\/fr\/tours\/les-pays-bas-fr\/amsterdam-fr\/visite-privee-damsterdam-a-velo\/"]}]},{"@type":"ImageObject","inLanguage":"fr-FR","@id":"https:\/\/tourtravelandmore.com\/fr\/tours\/les-pays-bas-fr\/amsterdam-fr\/visite-privee-damsterdam-a-velo\/#primaryimage","url":"https:\/\/tourtravelandmore.com\/wp-content\/uploads\/2021\/12\/image9.jpg","contentUrl":"https:\/\/tourtravelandmore.com\/wp-content\/uploads\/2021\/12\/image9.jpg","width":910,"height":512},{"@type":"BreadcrumbList","@id":"https:\/\/tourtravelandmore.com\/fr\/tours\/les-pays-bas-fr\/amsterdam-fr\/visite-privee-damsterdam-a-velo\/#breadcrumb","itemListElement":[{"@type":"ListItem","position":1,"name":"Home","item":"https:\/\/tourtravelandmore.com\/fr\/"},{"@type":"ListItem","position":2,"name":"Tours","item":"https:\/\/tourtravelandmore.com\/fr\/tours\/"},{"@type":"ListItem","position":3,"name":"Visite priv\u00e9e d&#8217;Amsterdam \u00e0 v\u00e9lo"}]},{"@type":"WebSite","@id":"https:\/\/tourtravelandmore.com\/fr\/#website","url":"https:\/\/tourtravelandmore.com\/fr\/","name":"Tour Travel And More","description":"Private sightseeing tours and luxury transfers in Spain","publisher":{"@id":"https:\/\/tourtravelandmore.com\/fr\/#organization"},"potentialAction":[{"@type":"SearchAction","target":{"@type":"EntryPoint","urlTemplate":"https:\/\/tourtravelandmore.com\/fr\/?s={search_term_string}"},"query-input":{"@type":"PropertyValueSpecification","valueRequired":true,"valueName":"search_term_string"}}],"inLanguage":"fr-FR"},{"@type":"Organization","@id":"https:\/\/tourtravelandmore.com\/fr\/#organization","name":"Tour Travel And More","url":"https:\/\/tourtravelandmore.com\/fr\/","logo":{"@type":"ImageObject","inLanguage":"fr-FR","@id":"https:\/\/tourtravelandmore.com\/fr\/#\/schema\/logo\/image\/","url":"https:\/\/tourtravelandmore.com\/wp-content\/uploads\/2022\/12\/cropped-logo-cabecera-new.png","contentUrl":"https:\/\/tourtravelandmore.com\/wp-content\/uploads\/2022\/12\/cropped-logo-cabecera-new.png","width":430,"height":61,"caption":"Tour Travel And More"},"image":{"@id":"https:\/\/tourtravelandmore.com\/fr\/#\/schema\/logo\/image\/"},"sameAs":["https:\/\/www.facebook.com\/tourtravelandmore\/","https:\/\/x.com\/TourTravel_More"]}]}},"_links":{"self":[{"href":"https:\/\/tourtravelandmore.com\/fr\/wp-json\/wp\/v2\/product\/114528","targetHints":{"allow":["GET"]}}],"collection":[{"href":"https:\/\/tourtravelandmore.com\/fr\/wp-json\/wp\/v2\/product"}],"about":[{"href":"https:\/\/tourtravelandmore.com\/fr\/wp-json\/wp\/v2\/types\/product"}],"replies":[{"embeddable":true,"href":"https:\/\/tourtravelandmore.com\/fr\/wp-json\/wp\/v2\/comments?post=114528"}],"wp:featuredmedia":[{"embeddable":true,"href":"https:\/\/tourtravelandmore.com\/fr\/wp-json\/wp\/v2\/media\/114547"}],"wp:attachment":[{"href":"https:\/\/tourtravelandmore.com\/fr\/wp-json\/wp\/v2\/media?parent=114528"}],"wp:term":[{"taxonomy":"product_brand","embeddable":true,"href":"https:\/\/tourtravelandmore.com\/fr\/wp-json\/wp\/v2\/product_brand?post=114528"},{"taxonomy":"product_cat","embeddable":true,"href":"https:\/\/tourtravelandmore.com\/fr\/wp-json\/wp\/v2\/product_cat?post=114528"},{"taxonomy":"product_tag","embeddable":true,"href":"https:\/\/tourtravelandmore.com\/fr\/wp-json\/wp\/v2\/product_tag?post=114528"}],"curies":[{"name":"wp","href":"https:\/\/api.w.org\/{rel}","templated":true}]}}