{"id":114487,"date":"2021-12-01T14:16:20","date_gmt":"2021-12-01T13:16:30","guid":{"rendered":"https:\/\/tourtravelandmore.com\/?post_type=product&#038;p=114487"},"modified":"2021-12-06T15:16:56","modified_gmt":"2021-12-06T14:16:56","slug":"visite-privee-en-bateau-sur-les-canaux-damsterdam","status":"publish","type":"product","link":"https:\/\/tourtravelandmore.com\/fr\/tours\/les-pays-bas-fr\/amsterdam-fr\/visite-privee-en-bateau-sur-les-canaux-damsterdam\/","title":{"rendered":"Visite priv\u00e9e en bateau sur les canaux d&#8217;Amsterdam"},"content":{"rendered":"<h2><strong>Description de l&#8217;excursion priv\u00e9e en bateau sur le canal d&#8217;Amsterdam<\/strong><\/h2>\n<p><span style=\"font-weight: 400;\">Amsterdam est une ville que vous devez appr\u00e9cier \u00e0 la fois \u00e0 pied et en bateau \u00e0 travers ses majestueux canaux.\u00a0 <\/span><span style=\"font-weight: 400;\">Cette ville s&#8217;est d\u00e9velopp\u00e9e autour d&#8217;un barrage sur la rivi\u00e8re Amstel. Et pendant l&#8217;\u00e2ge d&#8217;or n\u00e9erlandais, ses canaux ont \u00e9t\u00e9 construits pour \u00e9tendre la ville.\u00a0<\/span><\/p>\n<p><span style=\"font-weight: 400;\">C&#8217;est pourquoi Amsterdam a plus de ponts que Paris et aussi plus de canaux que Venise elle-m\u00eame.\u00a0<\/span><\/p>\n<p><span style=\"font-weight: 400;\">Avec cette <\/span><b>visite priv\u00e9e en bateau sur le canal d&#8217;Amsterdam, vous <\/b><span style=\"font-weight: 400;\">verrez les sites les plus importants de la ville sous un angle diff\u00e9rent.\u00a0<\/span><\/p>\n<p><span style=\"font-weight: 400;\">Notre excursion priv\u00e9e est pr\u00e9vue pour vous faire d\u00e9couvrir les endroits les plus fascinants de cette ville imposante. <\/span><span style=\"font-weight: 400;\">Vous pourrez ainsi vous d\u00e9tendre en naviguant sur un bateau confortable et exclusif qui vous fera traverser plus de 100 km de canaux et de ponts qui caract\u00e9risent cette ville majestueuse.\u00a0<\/span><\/p>\n<p><span style=\"font-weight: 400;\">Chacun des ponts d&#8217;Amsterdam sert \u00e0 s\u00e9parer la ville en petites \u00eeles, qui sont pleines de magie et de charme.\u00a0<\/span><\/p>\n<h2><strong>Points d&#8217;int\u00e9r\u00eat de la Visite Priv\u00e9e<\/strong><\/h2>\n<p><span style=\"font-weight: 400;\">Cette visite priv\u00e9e en bateau vous emm\u00e8nera autour du Golden Curve, o\u00f9 se trouve l&#8217;un des ponts les plus romantiques d&#8217;Amsterdam.\u00a0<\/span><\/p>\n<p><span style=\"font-weight: 400;\">Vous devez avoir votre appareil photo pr\u00eat \u00e0 l&#8217;emploi, car vous rencontrerez en chemin des monuments importants tels que le c\u00e9l\u00e8bre &#8220;pont du po\u00e8me&#8221; ou le canal des 7 ponts.\u00a0<\/span><\/p>\n<p><span style=\"font-weight: 400;\">Vous ferez \u00e9galement connaissance avec les embl\u00e9matiques p\u00e9niches de la ville. Nous savons que vous serez surpris de voir toute leur gr\u00e2ce et leur beaut\u00e9, ainsi que la fa\u00e7on dont les familles vivent ensemble au quotidien sur les eaux de l&#8217;Amstel.\u00a0<\/span><\/p>\n<p><span style=\"font-weight: 400;\">Vous apprendrez \u00e9galement \u00e0 conna\u00eetre les merveilleuses histoires que la ville vous r\u00e9serve. Ce sera une visite pleine de divertissement et d&#8217;amusement.\u00a0<\/span><\/p>\n<p><span style=\"font-weight: 400;\">Parmi les principaux sites que cette visite en bateau \u00e0 Amsterdam vous fera d\u00e9couvrir, citons les suivants :\u00a0<\/span><\/p>\n<ul>\n<li style=\"font-weight: 400;\" aria-level=\"1\"><strong>Les canaux Herengracht et Keizersgracht.\u00a0<\/strong><\/li>\n<li style=\"font-weight: 400;\" aria-level=\"1\"><strong>Le Prinsengracht.<\/strong><\/li>\n<li style=\"font-weight: 400;\" aria-level=\"1\"><strong>Singel.<\/strong><\/li>\n<li style=\"font-weight: 400;\" aria-level=\"1\"><strong>Le Canal District, qui est un site class\u00e9 au patrimoine mondial de l&#8217;UNESCO.\u00a0<\/strong><\/li>\n<li style=\"font-weight: 400;\" aria-level=\"1\"><strong>Diff\u00e9rentes \u00e9glises situ\u00e9es le long des canaux.\u00a0<\/strong><\/li>\n<li style=\"font-weight: 400;\" aria-level=\"1\"><strong>Vous passerez sur le Magere Brug ou &#8220;pont \u00e9troit&#8221;.\u00a0<\/strong><\/li>\n<li style=\"font-weight: 400;\" aria-level=\"1\"><strong>Parmi de nombreux autres lieux d&#8217;int\u00e9r\u00eat.\u00a0<\/strong><\/li>\n<\/ul>\n<p><span style=\"font-weight: 400;\">Au cours de la visite, vous serez surpris par de nombreux b\u00e2timents et manoirs datant du XVIe et XVIIe si\u00e8cle, une p\u00e9riode consid\u00e9r\u00e9e comme le si\u00e8cle d&#8217;or de la Hollande.\u00a0<\/span><\/p>\n<p><span style=\"font-weight: 400;\">Aucune visite n&#8217;est compl\u00e8te sans admirer Amsterdam depuis l&#8217;eau.\u00a0<\/span><\/p>\n<p><span style=\"font-weight: 400;\">C&#8217;est pour cette raison que notre visite vous fera faire un tour de plus d&#8217;une heure afin que vous ne manquiez aucun point de la ville.\u00a0<\/span><\/p>\n<p><span style=\"font-weight: 400;\">D\u00e9tendez-vous pour profiter de cette excursion unique offerte par notre bateau \u00e0 travers les canaux d&#8217;Amsterdam. Si vous le souhaitez, il est bon de faire une <\/span><a href=\"https:\/\/tourtravelandmore.com\/fr\/tours\/les-pays-bas-fr\/amsterdam-fr\/visite-guidee-du-quartier-juif-par-anna-frank\/\"><span style=\"font-weight: 400;\">visite \u00e0 pied de la maison d&#8217;Anna Frank <\/span><\/a><span style=\"font-weight: 400;\">\u00e0 la fin de l&#8217;excursion pour vous connecter avec l&#8217;histoire de la ville.\u00a0<\/span><\/p>\n","protected":false},"excerpt":{"rendered":"<p><span style=\"font-weight: 400;\">Apprenez \u00e0 conna\u00eetre <strong>Amsterdam<\/strong> \u00e0 votre propre rythme gr\u00e2ce \u00e0 une visite priv\u00e9e des diff\u00e9rentes attractions de la ville. Lors de cette visite, vous serez accompagn\u00e9 d&#8217;un guide priv\u00e9 pour d\u00e9couvrir les sites les plus uniques de la ville, comme le quartier juif, le couvent Begijnhof, la maison d&#8217;Anne Frank et bien d&#8217;autres lieux importants. Il s&#8217;agit d&#8217;une visite enti\u00e8rement personnalis\u00e9e pour que vous ne manquiez rien.<\/span><\/p>\n","protected":false},"featured_media":114497,"comment_status":"open","ping_status":"closed","template":"","meta":{"_acf_changed":false},"product_brand":[],"product_cat":[3668,3633,4003],"product_tag":[],"class_list":{"0":"post-114487","1":"product","2":"type-product","3":"status-publish","4":"has-post-thumbnail","6":"product_cat-les-pays-bas-fr","7":"product_cat-amsterdam-fr","8":"product_cat-all-private-tours-activities-fr-2","10":"first","11":"instock","12":"shipping-taxable","13":"purchasable","14":"product-type-simple"},"acf":[],"yoast_head":"<!-- This site is optimized with the Yoast SEO Premium plugin v25.3.1 (Yoast SEO v25.3.1) - https:\/\/yoast.com\/wordpress\/plugins\/seo\/ -->\n<title>Visite priv\u00e9e de plus d&#039;une heure en bateau sur les canaux d&#039;Amsterdam<\/title>\n<meta name=\"description\" content=\"Visitez et apprenez \u00e0 conna\u00eetre la &quot;Venise du Nord&quot; d&#039;une mani\u00e8re incroyable lors d&#039;une visite priv\u00e9e en bateau \u00e0 travers les canaux d&#039;Amsterdam.\" \/>\n<meta name=\"robots\" content=\"index, follow, max-snippet:-1, max-image-preview:large, max-video-preview:-1\" \/>\n<link rel=\"canonical\" href=\"https:\/\/tourtravelandmore.com\/fr\/tours\/les-pays-bas-fr\/amsterdam-fr\/visite-privee-en-bateau-sur-les-canaux-damsterdam\/\" \/>\n<meta property=\"og:locale\" content=\"fr_FR\" \/>\n<meta property=\"og:type\" content=\"article\" \/>\n<meta property=\"og:title\" content=\"Visite priv\u00e9e en bateau sur les canaux d&#039;Amsterdam\" \/>\n<meta property=\"og:description\" content=\"Visitez et apprenez \u00e0 conna\u00eetre la &quot;Venise du Nord&quot; d&#039;une mani\u00e8re incroyable lors d&#039;une visite priv\u00e9e en bateau \u00e0 travers les canaux d&#039;Amsterdam.\" \/>\n<meta property=\"og:url\" content=\"https:\/\/tourtravelandmore.com\/fr\/tours\/les-pays-bas-fr\/amsterdam-fr\/visite-privee-en-bateau-sur-les-canaux-damsterdam\/\" \/>\n<meta property=\"og:site_name\" content=\"Tour Travel And More\" \/>\n<meta property=\"article:publisher\" content=\"https:\/\/www.facebook.com\/tourtravelandmore\/\" \/>\n<meta property=\"article:modified_time\" content=\"2021-12-06T14:16:56+00:00\" \/>\n<meta property=\"og:image\" content=\"https:\/\/tourtravelandmore.com\/wp-content\/uploads\/2021\/12\/image5.jpg\" \/>\n\t<meta property=\"og:image:width\" content=\"910\" \/>\n\t<meta property=\"og:image:height\" content=\"593\" \/>\n\t<meta property=\"og:image:type\" content=\"image\/jpeg\" \/>\n<meta name=\"twitter:card\" content=\"summary_large_image\" \/>\n<meta name=\"twitter:site\" content=\"@TourTravel_More\" \/>\n<meta name=\"twitter:label1\" content=\"Dur\u00e9e de lecture estim\u00e9e\" \/>\n\t<meta name=\"twitter:data1\" content=\"2 minutes\" \/>\n<script type=\"application\/ld+json\" class=\"yoast-schema-graph\">{\"@context\":\"https:\/\/schema.org\",\"@graph\":[{\"@type\":\"WebPage\",\"@id\":\"https:\/\/tourtravelandmore.com\/fr\/tours\/les-pays-bas-fr\/amsterdam-fr\/visite-privee-en-bateau-sur-les-canaux-damsterdam\/\",\"url\":\"https:\/\/tourtravelandmore.com\/fr\/tours\/les-pays-bas-fr\/amsterdam-fr\/visite-privee-en-bateau-sur-les-canaux-damsterdam\/\",\"name\":\"Visite priv\u00e9e de plus d'une heure en bateau sur les canaux d'Amsterdam\",\"isPartOf\":{\"@id\":\"https:\/\/tourtravelandmore.com\/fr\/#website\"},\"primaryImageOfPage\":{\"@id\":\"https:\/\/tourtravelandmore.com\/fr\/tours\/les-pays-bas-fr\/amsterdam-fr\/visite-privee-en-bateau-sur-les-canaux-damsterdam\/#primaryimage\"},\"image\":{\"@id\":\"https:\/\/tourtravelandmore.com\/fr\/tours\/les-pays-bas-fr\/amsterdam-fr\/visite-privee-en-bateau-sur-les-canaux-damsterdam\/#primaryimage\"},\"thumbnailUrl\":\"https:\/\/tourtravelandmore.com\/wp-content\/uploads\/2021\/12\/image5.jpg\",\"datePublished\":\"2021-12-01T13:16:30+00:00\",\"dateModified\":\"2021-12-06T14:16:56+00:00\",\"description\":\"Visitez et apprenez \u00e0 conna\u00eetre la \\\"Venise du Nord\\\" d'une mani\u00e8re incroyable lors d'une visite priv\u00e9e en bateau \u00e0 travers les canaux d'Amsterdam.\",\"breadcrumb\":{\"@id\":\"https:\/\/tourtravelandmore.com\/fr\/tours\/les-pays-bas-fr\/amsterdam-fr\/visite-privee-en-bateau-sur-les-canaux-damsterdam\/#breadcrumb\"},\"inLanguage\":\"fr-FR\",\"potentialAction\":[{\"@type\":\"ReadAction\",\"target\":[\"https:\/\/tourtravelandmore.com\/fr\/tours\/les-pays-bas-fr\/amsterdam-fr\/visite-privee-en-bateau-sur-les-canaux-damsterdam\/\"]}]},{\"@type\":\"ImageObject\",\"inLanguage\":\"fr-FR\",\"@id\":\"https:\/\/tourtravelandmore.com\/fr\/tours\/les-pays-bas-fr\/amsterdam-fr\/visite-privee-en-bateau-sur-les-canaux-damsterdam\/#primaryimage\",\"url\":\"https:\/\/tourtravelandmore.com\/wp-content\/uploads\/2021\/12\/image5.jpg\",\"contentUrl\":\"https:\/\/tourtravelandmore.com\/wp-content\/uploads\/2021\/12\/image5.jpg\",\"width\":910,\"height\":593},{\"@type\":\"BreadcrumbList\",\"@id\":\"https:\/\/tourtravelandmore.com\/fr\/tours\/les-pays-bas-fr\/amsterdam-fr\/visite-privee-en-bateau-sur-les-canaux-damsterdam\/#breadcrumb\",\"itemListElement\":[{\"@type\":\"ListItem\",\"position\":1,\"name\":\"Home\",\"item\":\"https:\/\/tourtravelandmore.com\/fr\/\"},{\"@type\":\"ListItem\",\"position\":2,\"name\":\"Tours\",\"item\":\"https:\/\/tourtravelandmore.com\/fr\/tours\/\"},{\"@type\":\"ListItem\",\"position\":3,\"name\":\"Visite priv\u00e9e en bateau sur les canaux d&#8217;Amsterdam\"}]},{\"@type\":\"WebSite\",\"@id\":\"https:\/\/tourtravelandmore.com\/fr\/#website\",\"url\":\"https:\/\/tourtravelandmore.com\/fr\/\",\"name\":\"Tour Travel And More\",\"description\":\"Private sightseeing tours and luxury transfers in Spain\",\"publisher\":{\"@id\":\"https:\/\/tourtravelandmore.com\/fr\/#organization\"},\"potentialAction\":[{\"@type\":\"SearchAction\",\"target\":{\"@type\":\"EntryPoint\",\"urlTemplate\":\"https:\/\/tourtravelandmore.com\/fr\/?s={search_term_string}\"},\"query-input\":{\"@type\":\"PropertyValueSpecification\",\"valueRequired\":true,\"valueName\":\"search_term_string\"}}],\"inLanguage\":\"fr-FR\"},{\"@type\":\"Organization\",\"@id\":\"https:\/\/tourtravelandmore.com\/fr\/#organization\",\"name\":\"Tour Travel And More\",\"url\":\"https:\/\/tourtravelandmore.com\/fr\/\",\"logo\":{\"@type\":\"ImageObject\",\"inLanguage\":\"fr-FR\",\"@id\":\"https:\/\/tourtravelandmore.com\/fr\/#\/schema\/logo\/image\/\",\"url\":\"https:\/\/tourtravelandmore.com\/wp-content\/uploads\/2022\/12\/cropped-logo-cabecera-new.png\",\"contentUrl\":\"https:\/\/tourtravelandmore.com\/wp-content\/uploads\/2022\/12\/cropped-logo-cabecera-new.png\",\"width\":430,\"height\":61,\"caption\":\"Tour Travel And More\"},\"image\":{\"@id\":\"https:\/\/tourtravelandmore.com\/fr\/#\/schema\/logo\/image\/\"},\"sameAs\":[\"https:\/\/www.facebook.com\/tourtravelandmore\/\",\"https:\/\/x.com\/TourTravel_More\"]}]}<\/script>\n<!-- \/ Yoast SEO Premium plugin. -->","yoast_head_json":{"title":"Visite priv\u00e9e de plus d'une heure en bateau sur les canaux d'Amsterdam","description":"Visitez et apprenez \u00e0 conna\u00eetre la \"Venise du Nord\" d'une mani\u00e8re incroyable lors d'une visite priv\u00e9e en bateau \u00e0 travers les canaux d'Amsterdam.","robots":{"index":"index","follow":"follow","max-snippet":"max-snippet:-1","max-image-preview":"max-image-preview:large","max-video-preview":"max-video-preview:-1"},"canonical":"https:\/\/tourtravelandmore.com\/fr\/tours\/les-pays-bas-fr\/amsterdam-fr\/visite-privee-en-bateau-sur-les-canaux-damsterdam\/","og_locale":"fr_FR","og_type":"article","og_title":"Visite priv\u00e9e en bateau sur les canaux d'Amsterdam","og_description":"Visitez et apprenez \u00e0 conna\u00eetre la \"Venise du Nord\" d'une mani\u00e8re incroyable lors d'une visite priv\u00e9e en bateau \u00e0 travers les canaux d'Amsterdam.","og_url":"https:\/\/tourtravelandmore.com\/fr\/tours\/les-pays-bas-fr\/amsterdam-fr\/visite-privee-en-bateau-sur-les-canaux-damsterdam\/","og_site_name":"Tour Travel And More","article_publisher":"https:\/\/www.facebook.com\/tourtravelandmore\/","article_modified_time":"2021-12-06T14:16:56+00:00","og_image":[{"width":910,"height":593,"url":"https:\/\/tourtravelandmore.com\/wp-content\/uploads\/2021\/12\/image5.jpg","type":"image\/jpeg"}],"twitter_card":"summary_large_image","twitter_site":"@TourTravel_More","twitter_misc":{"Dur\u00e9e de lecture estim\u00e9e":"2 minutes"},"schema":{"@context":"https:\/\/schema.org","@graph":[{"@type":"WebPage","@id":"https:\/\/tourtravelandmore.com\/fr\/tours\/les-pays-bas-fr\/amsterdam-fr\/visite-privee-en-bateau-sur-les-canaux-damsterdam\/","url":"https:\/\/tourtravelandmore.com\/fr\/tours\/les-pays-bas-fr\/amsterdam-fr\/visite-privee-en-bateau-sur-les-canaux-damsterdam\/","name":"Visite priv\u00e9e de plus d'une heure en bateau sur les canaux d'Amsterdam","isPartOf":{"@id":"https:\/\/tourtravelandmore.com\/fr\/#website"},"primaryImageOfPage":{"@id":"https:\/\/tourtravelandmore.com\/fr\/tours\/les-pays-bas-fr\/amsterdam-fr\/visite-privee-en-bateau-sur-les-canaux-damsterdam\/#primaryimage"},"image":{"@id":"https:\/\/tourtravelandmore.com\/fr\/tours\/les-pays-bas-fr\/amsterdam-fr\/visite-privee-en-bateau-sur-les-canaux-damsterdam\/#primaryimage"},"thumbnailUrl":"https:\/\/tourtravelandmore.com\/wp-content\/uploads\/2021\/12\/image5.jpg","datePublished":"2021-12-01T13:16:30+00:00","dateModified":"2021-12-06T14:16:56+00:00","description":"Visitez et apprenez \u00e0 conna\u00eetre la \"Venise du Nord\" d'une mani\u00e8re incroyable lors d'une visite priv\u00e9e en bateau \u00e0 travers les canaux d'Amsterdam.","breadcrumb":{"@id":"https:\/\/tourtravelandmore.com\/fr\/tours\/les-pays-bas-fr\/amsterdam-fr\/visite-privee-en-bateau-sur-les-canaux-damsterdam\/#breadcrumb"},"inLanguage":"fr-FR","potentialAction":[{"@type":"ReadAction","target":["https:\/\/tourtravelandmore.com\/fr\/tours\/les-pays-bas-fr\/amsterdam-fr\/visite-privee-en-bateau-sur-les-canaux-damsterdam\/"]}]},{"@type":"ImageObject","inLanguage":"fr-FR","@id":"https:\/\/tourtravelandmore.com\/fr\/tours\/les-pays-bas-fr\/amsterdam-fr\/visite-privee-en-bateau-sur-les-canaux-damsterdam\/#primaryimage","url":"https:\/\/tourtravelandmore.com\/wp-content\/uploads\/2021\/12\/image5.jpg","contentUrl":"https:\/\/tourtravelandmore.com\/wp-content\/uploads\/2021\/12\/image5.jpg","width":910,"height":593},{"@type":"BreadcrumbList","@id":"https:\/\/tourtravelandmore.com\/fr\/tours\/les-pays-bas-fr\/amsterdam-fr\/visite-privee-en-bateau-sur-les-canaux-damsterdam\/#breadcrumb","itemListElement":[{"@type":"ListItem","position":1,"name":"Home","item":"https:\/\/tourtravelandmore.com\/fr\/"},{"@type":"ListItem","position":2,"name":"Tours","item":"https:\/\/tourtravelandmore.com\/fr\/tours\/"},{"@type":"ListItem","position":3,"name":"Visite priv\u00e9e en bateau sur les canaux d&#8217;Amsterdam"}]},{"@type":"WebSite","@id":"https:\/\/tourtravelandmore.com\/fr\/#website","url":"https:\/\/tourtravelandmore.com\/fr\/","name":"Tour Travel And More","description":"Private sightseeing tours and luxury transfers in Spain","publisher":{"@id":"https:\/\/tourtravelandmore.com\/fr\/#organization"},"potentialAction":[{"@type":"SearchAction","target":{"@type":"EntryPoint","urlTemplate":"https:\/\/tourtravelandmore.com\/fr\/?s={search_term_string}"},"query-input":{"@type":"PropertyValueSpecification","valueRequired":true,"valueName":"search_term_string"}}],"inLanguage":"fr-FR"},{"@type":"Organization","@id":"https:\/\/tourtravelandmore.com\/fr\/#organization","name":"Tour Travel And More","url":"https:\/\/tourtravelandmore.com\/fr\/","logo":{"@type":"ImageObject","inLanguage":"fr-FR","@id":"https:\/\/tourtravelandmore.com\/fr\/#\/schema\/logo\/image\/","url":"https:\/\/tourtravelandmore.com\/wp-content\/uploads\/2022\/12\/cropped-logo-cabecera-new.png","contentUrl":"https:\/\/tourtravelandmore.com\/wp-content\/uploads\/2022\/12\/cropped-logo-cabecera-new.png","width":430,"height":61,"caption":"Tour Travel And More"},"image":{"@id":"https:\/\/tourtravelandmore.com\/fr\/#\/schema\/logo\/image\/"},"sameAs":["https:\/\/www.facebook.com\/tourtravelandmore\/","https:\/\/x.com\/TourTravel_More"]}]}},"_links":{"self":[{"href":"https:\/\/tourtravelandmore.com\/fr\/wp-json\/wp\/v2\/product\/114487","targetHints":{"allow":["GET"]}}],"collection":[{"href":"https:\/\/tourtravelandmore.com\/fr\/wp-json\/wp\/v2\/product"}],"about":[{"href":"https:\/\/tourtravelandmore.com\/fr\/wp-json\/wp\/v2\/types\/product"}],"replies":[{"embeddable":true,"href":"https:\/\/tourtravelandmore.com\/fr\/wp-json\/wp\/v2\/comments?post=114487"}],"wp:featuredmedia":[{"embeddable":true,"href":"https:\/\/tourtravelandmore.com\/fr\/wp-json\/wp\/v2\/media\/114497"}],"wp:attachment":[{"href":"https:\/\/tourtravelandmore.com\/fr\/wp-json\/wp\/v2\/media?parent=114487"}],"wp:term":[{"taxonomy":"product_brand","embeddable":true,"href":"https:\/\/tourtravelandmore.com\/fr\/wp-json\/wp\/v2\/product_brand?post=114487"},{"taxonomy":"product_cat","embeddable":true,"href":"https:\/\/tourtravelandmore.com\/fr\/wp-json\/wp\/v2\/product_cat?post=114487"},{"taxonomy":"product_tag","embeddable":true,"href":"https:\/\/tourtravelandmore.com\/fr\/wp-json\/wp\/v2\/product_tag?post=114487"}],"curies":[{"name":"wp","href":"https:\/\/api.w.org\/{rel}","templated":true}]}}