{"id":114448,"date":"2021-12-01T13:37:09","date_gmt":"2021-12-01T12:37:18","guid":{"rendered":"https:\/\/tourtravelandmore.com\/?post_type=product&#038;p=114448"},"modified":"2021-12-06T16:33:19","modified_gmt":"2021-12-06T15:33:19","slug":"visite-privee-de-la-haye-delft-et-madurodam-depuis-amsterdam","status":"publish","type":"product","link":"https:\/\/tourtravelandmore.com\/fr\/tours\/les-pays-bas-fr\/amsterdam-fr\/visite-privee-de-la-haye-delft-et-madurodam-depuis-amsterdam\/","title":{"rendered":"Visite priv\u00e9e de La Haye, Delft et Madurodam depuis Amsterdam"},"content":{"rendered":"<h2><strong>Description de la visite priv\u00e9e de La Haye, Delft et Madurodam<\/strong><\/h2>\n<p><span style=\"font-weight: 400;\">Notre visite priv\u00e9e de La Haye, Delft et Madurodam au d\u00e9part d&#8217;Amsterdam est con\u00e7ue pour vous offrir <\/span><b>une aventure pleine de souvenirs <\/b><span style=\"font-weight: 400;\">\u00e0 travers certaines des <\/span><b>villes les plus frappantes <\/b><span style=\"font-weight: 400;\">et embl\u00e9matiques des Pays-Bas.\u00a0<\/span><\/p>\n<p><span style=\"font-weight: 400;\">L&#8217;ensemble de la visite se fera dans une <\/span><b>voiture confortable<\/b><span style=\"font-weight: 400;\">. Pendant le voyage, vous serez <\/span><b>accompagn\u00e9 d&#8217;un guide qui <\/b><span style=\"font-weight: 400;\">vous fournira les informations les plus importantes sur chaque point que vous visiterez.\u00a0<\/span><\/p>\n<p><span style=\"font-weight: 400;\">Vous pourrez visiter la fabrique de poterie Delftse Pauw, l&#8217;une des rares encore debout dans la ville.\u00a0<\/span><\/p>\n<p><span style=\"font-weight: 400;\">Le guide vous expliquera l&#8217;histoire de la c\u00e9ramique de Delft. Cette poterie est connue depuis le 17e si\u00e8cle, car ses belles couleurs bleu et blanc, ainsi que ses \u00e9l\u00e9gantes d\u00e9corations, en ont fait un concurrent puissant de la c\u00e9l\u00e8bre porcelaine chinoise.\u00a0<\/span><\/p>\n<p><span style=\"font-weight: 400;\">Nous poursuivons notre voyage \u00e0 travers des <\/span><b>paysages naturels majestueux <\/b><span style=\"font-weight: 400;\">pour atteindre La Haye, une ville imposante qui abrite le Palais international de la paix, le Parlement et de nombreux b\u00e2timents de grande importance aux Pays-Bas.\u00a0<\/span><\/p>\n<p><span style=\"font-weight: 400;\">En m\u00eame temps, vous d\u00e9couvrirez les d\u00e9tails qui entourent cette ville \u00e9l\u00e9gante, toujours gr\u00e2ce \u00e0 la narration de notre guide priv\u00e9.\u00a0<\/span><\/p>\n<p><span style=\"font-weight: 400;\">En outre, vous aurez un aper\u00e7u de la belle <\/span><b>Scheveningen<\/b><span style=\"font-weight: 400;\">, un quartier touristique qui a \u00e9t\u00e9 immortalis\u00e9 par <\/span><b>Vincent Van Gogh <\/b><span style=\"font-weight: 400;\">dans l&#8217;une de ses plus grandes \u0153uvres.\u00a0<\/span><\/p>\n<p><span style=\"font-weight: 400;\">La visite guid\u00e9e s&#8217;ach\u00e8ve par un arr\u00eat dans la curieuse et \u00e9tonnante <\/span><b>Madurodam<\/b><span style=\"font-weight: 400;\">, connue comme la <\/span><b>plus petite ville du monde.\u00a0<\/b><\/p>\n<p><span style=\"font-weight: 400;\">Sans aucun doute, ce seront 8 heures inoubliables lors de notre visite priv\u00e9e de La Haye, Delft et Madurodam au d\u00e9part d&#8217;Amsterdam, avec un guide priv\u00e9 inclus pour que vous ne manquiez aucun d\u00e9tail de cette magnifique visite.\u00a0<\/span><\/p>\n<h2><span style=\"color: #d3af37;\"><strong>Points d&#8217;int\u00e9r\u00eat de la Visite Priv\u00e9e<\/strong><\/span><\/h2>\n<p><span style=\"font-weight: 400;\">Nous laisserons Amsterdam derri\u00e8re nous pour nous rendre dans certaines des plus belles villes de Hollande. Le transfert commence au point convenu pour partir dans cette grande aventure et visiter de nombreux lieux d&#8217;int\u00e9r\u00eat :\u00a0<\/span><\/p>\n<h3><span style=\"font-weight: 400; color: #d3af37;\">Delft\u00a0<\/span><\/h3>\n<p><span style=\"font-weight: 400;\">\u00c0 votre arriv\u00e9e \u00e0 Delft, le guide vous emm\u00e8nera \u00e0 Delftse Pauw, l&#8217;une des principales usines de c\u00e9ramique de la r\u00e9gion, toujours en activit\u00e9.\u00a0<\/span><\/p>\n<p><span style=\"font-weight: 400;\">Vous pourrez voir le processus d&#8217;\u00e9laboration des pi\u00e8ces en c\u00e9ramique, qui sont reconnues dans le monde entier pour leur grande \u00e9l\u00e9gance et leur bonne finition.\u00a0<\/span><\/p>\n<p><span style=\"font-weight: 400;\">Ensuite, vous rejoindrez le centre historique de la ville pour en conna\u00eetre les recoins et vous \u00e9merveiller devant la beaut\u00e9 hollandaise.\u00a0<\/span><\/p>\n<h3><span style=\"font-weight: 400; color: #d3af37;\">La Haye<\/span><\/h3>\n<p><span style=\"font-weight: 400;\">Un autre arr\u00eat sera la ville de La Haye. Vous y verrez le b\u00e2timent Binnenhof, qui abrite le plus ancien parlement actif du monde.\u00a0<\/span><\/p>\n<p><span style=\"font-weight: 400;\">Vous visiterez \u00e9galement le palais Noordeinde, qui sert de bureau \u00e0 la famille royale.\u00a0<\/span><\/p>\n<p><span style=\"font-weight: 400;\">Un arr\u00eat recommand\u00e9 pour prendre quelques photos devant le Palais de la Paix, qui est le b\u00e2timent o\u00f9 se trouve la Cour internationale de justice, est un incontournable de ce voyage.\u00a0<\/span><\/p>\n<h3><span style=\"font-weight: 400; color: #d3af37;\">Madurodam\u00a0<\/span><\/h3>\n<p><span style=\"font-weight: 400;\">Au cours de cette visite priv\u00e9e, vous visiterez \u00e9galement le mus\u00e9e Maduroman, situ\u00e9 \u00e0 Scheveninge. Vous aurez le plaisir d&#8217;y voir de pr\u00e8s les monuments miniatures de sa curieuse exposition.\u00a0<\/span><\/p>\n<p><span style=\"font-weight: 400;\">Il s&#8217;agit d&#8217;une attraction unique au monde, o\u00f9 sont expos\u00e9es des versions \u00e0 l&#8217;\u00e9chelle des b\u00e2timents et monuments les plus embl\u00e9matiques du pays.\u00a0<\/span><\/p>\n<p><span style=\"font-weight: 400;\">Vous serez \u00e9tonn\u00e9 par le r\u00e9alisme des d\u00e9tails de chacune des repr\u00e9sentations que vous verrez dans cet incroyable parc \u00e0 th\u00e8me.\u00a0<\/span><\/p>\n<p><span style=\"font-weight: 400;\">Ensuite, nous vous ram\u00e8nerons en voiture priv\u00e9e \u00e0 Amsterdam, et vous d\u00e9poserons \u00e0 l&#8217;endroit le plus confortable pour vous.\u00a0<\/span><\/p>\n<p><span style=\"font-weight: 400;\">Apr\u00e8s avoir repris des forces, vous pourrez prendre le temps de profiter d&#8217;une <\/span><a href=\"https:\/\/tourtravelandmore.com\/fr\/tours\/les-pays-bas-fr\/amsterdam-fr\/visite-privee-du-musee-van-gogh\/\"><i><span style=\"font-weight: 400;\">visite priv\u00e9e du mus\u00e9e Van Gogh<\/span><\/i><\/a><span style=\"font-weight: 400;\">. Vous d\u00e9couvrirez ainsi la vie et l&#8217;\u0153uvre de ce grand artiste.\u00a0<\/span><\/p>\n","protected":false},"excerpt":{"rendered":"<p><span style=\"font-weight: 400;\">Explorez les villes les plus importantes de Hollande lors de cette visite priv\u00e9e de La Haye, Delft et Madurodam au d\u00e9part d&#8217;Amsterdam. Il s&#8217;agira d&#8217;un trajet exclusif en voiture priv\u00e9e guid\u00e9e d&#8217;Amsterdam \u00e0 l&#8217;imposante ville de La Haye, pour voir son parlement et le palais Noordeinde. \u00c0 Delft, vous visiterez une fabrique de poterie, et vous aurez \u00e9galement le plaisir de visiter la ville qui est consid\u00e9r\u00e9e comme la plus petite ville du monde : Maduromam.<\/span><\/p>\n","protected":false},"featured_media":115019,"comment_status":"open","ping_status":"closed","template":"","meta":{"_acf_changed":false},"product_brand":[],"product_cat":[3668,3633,4003],"product_tag":[],"class_list":{"0":"post-114448","1":"product","2":"type-product","3":"status-publish","4":"has-post-thumbnail","6":"product_cat-les-pays-bas-fr","7":"product_cat-amsterdam-fr","8":"product_cat-all-private-tours-activities-fr-2","10":"first","11":"instock","12":"shipping-taxable","13":"purchasable","14":"product-type-simple"},"acf":[],"yoast_head":"<!-- This site is optimized with the Yoast SEO Premium plugin v25.3.1 (Yoast SEO v25.3.1) - https:\/\/yoast.com\/wordpress\/plugins\/seo\/ -->\n<title>Visite priv\u00e9e de Delft, La Haye et Madurodam au d\u00e9part d&#039;Amsterdam avec guide et voiture priv\u00e9e.<\/title>\n<meta name=\"description\" content=\"Prenez 8 heures pour une incroyable visite qui vous permettra d&#039;admirer les c\u00e9ramiques de Delft, les b\u00e2timents parlementaires de La Haye et Madurodam : consid\u00e9r\u00e9e comme la ville miniature de la Hollande.\" \/>\n<meta name=\"robots\" content=\"index, follow, max-snippet:-1, max-image-preview:large, max-video-preview:-1\" \/>\n<link rel=\"canonical\" href=\"https:\/\/tourtravelandmore.com\/fr\/tours\/les-pays-bas-fr\/amsterdam-fr\/visite-privee-de-la-haye-delft-et-madurodam-depuis-amsterdam\/\" \/>\n<meta property=\"og:locale\" content=\"fr_FR\" \/>\n<meta property=\"og:type\" content=\"article\" \/>\n<meta property=\"og:title\" content=\"Visite priv\u00e9e de La Haye, Delft et Madurodam depuis Amsterdam\" \/>\n<meta property=\"og:description\" content=\"Prenez 8 heures pour une incroyable visite qui vous permettra d&#039;admirer les c\u00e9ramiques de Delft, les b\u00e2timents parlementaires de La Haye et Madurodam : consid\u00e9r\u00e9e comme la ville miniature de la Hollande.\" \/>\n<meta property=\"og:url\" content=\"https:\/\/tourtravelandmore.com\/fr\/tours\/les-pays-bas-fr\/amsterdam-fr\/visite-privee-de-la-haye-delft-et-madurodam-depuis-amsterdam\/\" \/>\n<meta property=\"og:site_name\" content=\"Tour Travel And More\" \/>\n<meta property=\"article:publisher\" content=\"https:\/\/www.facebook.com\/tourtravelandmore\/\" \/>\n<meta property=\"article:modified_time\" content=\"2021-12-06T15:33:19+00:00\" \/>\n<meta property=\"og:image\" content=\"https:\/\/tourtravelandmore.com\/wp-content\/uploads\/2021\/12\/Madurodam-La-Haya-2.jpeg\" \/>\n\t<meta property=\"og:image:width\" content=\"950\" \/>\n\t<meta property=\"og:image:height\" content=\"742\" \/>\n\t<meta property=\"og:image:type\" content=\"image\/jpeg\" \/>\n<meta name=\"twitter:card\" content=\"summary_large_image\" \/>\n<meta name=\"twitter:site\" content=\"@TourTravel_More\" \/>\n<meta name=\"twitter:label1\" content=\"Dur\u00e9e de lecture estim\u00e9e\" \/>\n\t<meta name=\"twitter:data1\" content=\"3 minutes\" \/>\n<script type=\"application\/ld+json\" class=\"yoast-schema-graph\">{\"@context\":\"https:\/\/schema.org\",\"@graph\":[{\"@type\":\"WebPage\",\"@id\":\"https:\/\/tourtravelandmore.com\/fr\/tours\/les-pays-bas-fr\/amsterdam-fr\/visite-privee-de-la-haye-delft-et-madurodam-depuis-amsterdam\/\",\"url\":\"https:\/\/tourtravelandmore.com\/fr\/tours\/les-pays-bas-fr\/amsterdam-fr\/visite-privee-de-la-haye-delft-et-madurodam-depuis-amsterdam\/\",\"name\":\"Visite priv\u00e9e de Delft, La Haye et Madurodam au d\u00e9part d'Amsterdam avec guide et voiture priv\u00e9e.\",\"isPartOf\":{\"@id\":\"https:\/\/tourtravelandmore.com\/fr\/#website\"},\"primaryImageOfPage\":{\"@id\":\"https:\/\/tourtravelandmore.com\/fr\/tours\/les-pays-bas-fr\/amsterdam-fr\/visite-privee-de-la-haye-delft-et-madurodam-depuis-amsterdam\/#primaryimage\"},\"image\":{\"@id\":\"https:\/\/tourtravelandmore.com\/fr\/tours\/les-pays-bas-fr\/amsterdam-fr\/visite-privee-de-la-haye-delft-et-madurodam-depuis-amsterdam\/#primaryimage\"},\"thumbnailUrl\":\"https:\/\/tourtravelandmore.com\/wp-content\/uploads\/2021\/12\/Madurodam-La-Haya-2.jpeg\",\"datePublished\":\"2021-12-01T12:37:18+00:00\",\"dateModified\":\"2021-12-06T15:33:19+00:00\",\"description\":\"Prenez 8 heures pour une incroyable visite qui vous permettra d'admirer les c\u00e9ramiques de Delft, les b\u00e2timents parlementaires de La Haye et Madurodam : consid\u00e9r\u00e9e comme la ville miniature de la Hollande.\",\"breadcrumb\":{\"@id\":\"https:\/\/tourtravelandmore.com\/fr\/tours\/les-pays-bas-fr\/amsterdam-fr\/visite-privee-de-la-haye-delft-et-madurodam-depuis-amsterdam\/#breadcrumb\"},\"inLanguage\":\"fr-FR\",\"potentialAction\":[{\"@type\":\"ReadAction\",\"target\":[\"https:\/\/tourtravelandmore.com\/fr\/tours\/les-pays-bas-fr\/amsterdam-fr\/visite-privee-de-la-haye-delft-et-madurodam-depuis-amsterdam\/\"]}]},{\"@type\":\"ImageObject\",\"inLanguage\":\"fr-FR\",\"@id\":\"https:\/\/tourtravelandmore.com\/fr\/tours\/les-pays-bas-fr\/amsterdam-fr\/visite-privee-de-la-haye-delft-et-madurodam-depuis-amsterdam\/#primaryimage\",\"url\":\"https:\/\/tourtravelandmore.com\/wp-content\/uploads\/2021\/12\/Madurodam-La-Haya-2.jpeg\",\"contentUrl\":\"https:\/\/tourtravelandmore.com\/wp-content\/uploads\/2021\/12\/Madurodam-La-Haya-2.jpeg\",\"width\":950,\"height\":742},{\"@type\":\"BreadcrumbList\",\"@id\":\"https:\/\/tourtravelandmore.com\/fr\/tours\/les-pays-bas-fr\/amsterdam-fr\/visite-privee-de-la-haye-delft-et-madurodam-depuis-amsterdam\/#breadcrumb\",\"itemListElement\":[{\"@type\":\"ListItem\",\"position\":1,\"name\":\"Home\",\"item\":\"https:\/\/tourtravelandmore.com\/fr\/\"},{\"@type\":\"ListItem\",\"position\":2,\"name\":\"Tours\",\"item\":\"https:\/\/tourtravelandmore.com\/fr\/tours\/\"},{\"@type\":\"ListItem\",\"position\":3,\"name\":\"Visite priv\u00e9e de La Haye, Delft et Madurodam depuis Amsterdam\"}]},{\"@type\":\"WebSite\",\"@id\":\"https:\/\/tourtravelandmore.com\/fr\/#website\",\"url\":\"https:\/\/tourtravelandmore.com\/fr\/\",\"name\":\"Tour Travel And More\",\"description\":\"Private sightseeing tours and luxury transfers in Spain\",\"publisher\":{\"@id\":\"https:\/\/tourtravelandmore.com\/fr\/#organization\"},\"potentialAction\":[{\"@type\":\"SearchAction\",\"target\":{\"@type\":\"EntryPoint\",\"urlTemplate\":\"https:\/\/tourtravelandmore.com\/fr\/?s={search_term_string}\"},\"query-input\":{\"@type\":\"PropertyValueSpecification\",\"valueRequired\":true,\"valueName\":\"search_term_string\"}}],\"inLanguage\":\"fr-FR\"},{\"@type\":\"Organization\",\"@id\":\"https:\/\/tourtravelandmore.com\/fr\/#organization\",\"name\":\"Tour Travel And More\",\"url\":\"https:\/\/tourtravelandmore.com\/fr\/\",\"logo\":{\"@type\":\"ImageObject\",\"inLanguage\":\"fr-FR\",\"@id\":\"https:\/\/tourtravelandmore.com\/fr\/#\/schema\/logo\/image\/\",\"url\":\"https:\/\/tourtravelandmore.com\/wp-content\/uploads\/2022\/12\/cropped-logo-cabecera-new.png\",\"contentUrl\":\"https:\/\/tourtravelandmore.com\/wp-content\/uploads\/2022\/12\/cropped-logo-cabecera-new.png\",\"width\":430,\"height\":61,\"caption\":\"Tour Travel And More\"},\"image\":{\"@id\":\"https:\/\/tourtravelandmore.com\/fr\/#\/schema\/logo\/image\/\"},\"sameAs\":[\"https:\/\/www.facebook.com\/tourtravelandmore\/\",\"https:\/\/x.com\/TourTravel_More\"]}]}<\/script>\n<!-- \/ Yoast SEO Premium plugin. -->","yoast_head_json":{"title":"Visite priv\u00e9e de Delft, La Haye et Madurodam au d\u00e9part d'Amsterdam avec guide et voiture priv\u00e9e.","description":"Prenez 8 heures pour une incroyable visite qui vous permettra d'admirer les c\u00e9ramiques de Delft, les b\u00e2timents parlementaires de La Haye et Madurodam : consid\u00e9r\u00e9e comme la ville miniature de la Hollande.","robots":{"index":"index","follow":"follow","max-snippet":"max-snippet:-1","max-image-preview":"max-image-preview:large","max-video-preview":"max-video-preview:-1"},"canonical":"https:\/\/tourtravelandmore.com\/fr\/tours\/les-pays-bas-fr\/amsterdam-fr\/visite-privee-de-la-haye-delft-et-madurodam-depuis-amsterdam\/","og_locale":"fr_FR","og_type":"article","og_title":"Visite priv\u00e9e de La Haye, Delft et Madurodam depuis Amsterdam","og_description":"Prenez 8 heures pour une incroyable visite qui vous permettra d'admirer les c\u00e9ramiques de Delft, les b\u00e2timents parlementaires de La Haye et Madurodam : consid\u00e9r\u00e9e comme la ville miniature de la Hollande.","og_url":"https:\/\/tourtravelandmore.com\/fr\/tours\/les-pays-bas-fr\/amsterdam-fr\/visite-privee-de-la-haye-delft-et-madurodam-depuis-amsterdam\/","og_site_name":"Tour Travel And More","article_publisher":"https:\/\/www.facebook.com\/tourtravelandmore\/","article_modified_time":"2021-12-06T15:33:19+00:00","og_image":[{"width":950,"height":742,"url":"https:\/\/tourtravelandmore.com\/wp-content\/uploads\/2021\/12\/Madurodam-La-Haya-2.jpeg","type":"image\/jpeg"}],"twitter_card":"summary_large_image","twitter_site":"@TourTravel_More","twitter_misc":{"Dur\u00e9e de lecture estim\u00e9e":"3 minutes"},"schema":{"@context":"https:\/\/schema.org","@graph":[{"@type":"WebPage","@id":"https:\/\/tourtravelandmore.com\/fr\/tours\/les-pays-bas-fr\/amsterdam-fr\/visite-privee-de-la-haye-delft-et-madurodam-depuis-amsterdam\/","url":"https:\/\/tourtravelandmore.com\/fr\/tours\/les-pays-bas-fr\/amsterdam-fr\/visite-privee-de-la-haye-delft-et-madurodam-depuis-amsterdam\/","name":"Visite priv\u00e9e de Delft, La Haye et Madurodam au d\u00e9part d'Amsterdam avec guide et voiture priv\u00e9e.","isPartOf":{"@id":"https:\/\/tourtravelandmore.com\/fr\/#website"},"primaryImageOfPage":{"@id":"https:\/\/tourtravelandmore.com\/fr\/tours\/les-pays-bas-fr\/amsterdam-fr\/visite-privee-de-la-haye-delft-et-madurodam-depuis-amsterdam\/#primaryimage"},"image":{"@id":"https:\/\/tourtravelandmore.com\/fr\/tours\/les-pays-bas-fr\/amsterdam-fr\/visite-privee-de-la-haye-delft-et-madurodam-depuis-amsterdam\/#primaryimage"},"thumbnailUrl":"https:\/\/tourtravelandmore.com\/wp-content\/uploads\/2021\/12\/Madurodam-La-Haya-2.jpeg","datePublished":"2021-12-01T12:37:18+00:00","dateModified":"2021-12-06T15:33:19+00:00","description":"Prenez 8 heures pour une incroyable visite qui vous permettra d'admirer les c\u00e9ramiques de Delft, les b\u00e2timents parlementaires de La Haye et Madurodam : consid\u00e9r\u00e9e comme la ville miniature de la Hollande.","breadcrumb":{"@id":"https:\/\/tourtravelandmore.com\/fr\/tours\/les-pays-bas-fr\/amsterdam-fr\/visite-privee-de-la-haye-delft-et-madurodam-depuis-amsterdam\/#breadcrumb"},"inLanguage":"fr-FR","potentialAction":[{"@type":"ReadAction","target":["https:\/\/tourtravelandmore.com\/fr\/tours\/les-pays-bas-fr\/amsterdam-fr\/visite-privee-de-la-haye-delft-et-madurodam-depuis-amsterdam\/"]}]},{"@type":"ImageObject","inLanguage":"fr-FR","@id":"https:\/\/tourtravelandmore.com\/fr\/tours\/les-pays-bas-fr\/amsterdam-fr\/visite-privee-de-la-haye-delft-et-madurodam-depuis-amsterdam\/#primaryimage","url":"https:\/\/tourtravelandmore.com\/wp-content\/uploads\/2021\/12\/Madurodam-La-Haya-2.jpeg","contentUrl":"https:\/\/tourtravelandmore.com\/wp-content\/uploads\/2021\/12\/Madurodam-La-Haya-2.jpeg","width":950,"height":742},{"@type":"BreadcrumbList","@id":"https:\/\/tourtravelandmore.com\/fr\/tours\/les-pays-bas-fr\/amsterdam-fr\/visite-privee-de-la-haye-delft-et-madurodam-depuis-amsterdam\/#breadcrumb","itemListElement":[{"@type":"ListItem","position":1,"name":"Home","item":"https:\/\/tourtravelandmore.com\/fr\/"},{"@type":"ListItem","position":2,"name":"Tours","item":"https:\/\/tourtravelandmore.com\/fr\/tours\/"},{"@type":"ListItem","position":3,"name":"Visite priv\u00e9e de La Haye, Delft et Madurodam depuis Amsterdam"}]},{"@type":"WebSite","@id":"https:\/\/tourtravelandmore.com\/fr\/#website","url":"https:\/\/tourtravelandmore.com\/fr\/","name":"Tour Travel And More","description":"Private sightseeing tours and luxury transfers in Spain","publisher":{"@id":"https:\/\/tourtravelandmore.com\/fr\/#organization"},"potentialAction":[{"@type":"SearchAction","target":{"@type":"EntryPoint","urlTemplate":"https:\/\/tourtravelandmore.com\/fr\/?s={search_term_string}"},"query-input":{"@type":"PropertyValueSpecification","valueRequired":true,"valueName":"search_term_string"}}],"inLanguage":"fr-FR"},{"@type":"Organization","@id":"https:\/\/tourtravelandmore.com\/fr\/#organization","name":"Tour Travel And More","url":"https:\/\/tourtravelandmore.com\/fr\/","logo":{"@type":"ImageObject","inLanguage":"fr-FR","@id":"https:\/\/tourtravelandmore.com\/fr\/#\/schema\/logo\/image\/","url":"https:\/\/tourtravelandmore.com\/wp-content\/uploads\/2022\/12\/cropped-logo-cabecera-new.png","contentUrl":"https:\/\/tourtravelandmore.com\/wp-content\/uploads\/2022\/12\/cropped-logo-cabecera-new.png","width":430,"height":61,"caption":"Tour Travel And More"},"image":{"@id":"https:\/\/tourtravelandmore.com\/fr\/#\/schema\/logo\/image\/"},"sameAs":["https:\/\/www.facebook.com\/tourtravelandmore\/","https:\/\/x.com\/TourTravel_More"]}]}},"_links":{"self":[{"href":"https:\/\/tourtravelandmore.com\/fr\/wp-json\/wp\/v2\/product\/114448","targetHints":{"allow":["GET"]}}],"collection":[{"href":"https:\/\/tourtravelandmore.com\/fr\/wp-json\/wp\/v2\/product"}],"about":[{"href":"https:\/\/tourtravelandmore.com\/fr\/wp-json\/wp\/v2\/types\/product"}],"replies":[{"embeddable":true,"href":"https:\/\/tourtravelandmore.com\/fr\/wp-json\/wp\/v2\/comments?post=114448"}],"wp:featuredmedia":[{"embeddable":true,"href":"https:\/\/tourtravelandmore.com\/fr\/wp-json\/wp\/v2\/media\/115019"}],"wp:attachment":[{"href":"https:\/\/tourtravelandmore.com\/fr\/wp-json\/wp\/v2\/media?parent=114448"}],"wp:term":[{"taxonomy":"product_brand","embeddable":true,"href":"https:\/\/tourtravelandmore.com\/fr\/wp-json\/wp\/v2\/product_brand?post=114448"},{"taxonomy":"product_cat","embeddable":true,"href":"https:\/\/tourtravelandmore.com\/fr\/wp-json\/wp\/v2\/product_cat?post=114448"},{"taxonomy":"product_tag","embeddable":true,"href":"https:\/\/tourtravelandmore.com\/fr\/wp-json\/wp\/v2\/product_tag?post=114448"}],"curies":[{"name":"wp","href":"https:\/\/api.w.org\/{rel}","templated":true}]}}